{"id":8886,"date":"2024-09-13T08:44:36","date_gmt":"2024-09-13T00:44:36","guid":{"rendered":"https:\/\/www.ronboplastic.com\/index.php\/product\/plastic-bonsai-round-planter-pot\/"},"modified":"2025-09-08T14:16:25","modified_gmt":"2025-09-08T06:16:25","slug":"pot-rond-en-plastique-pour-bonsais","status":"publish","type":"product","link":"https:\/\/www.ronboplastic.com\/fr\/produit\/pot-rond-en-plastique-pour-bonsais\/","title":{"rendered":"Pot rond en plastique pour bonsa\u00efs"},"content":{"rendered":"<p>Description du produit :<\/p>\n<p>Le pot Big Bonsai Round Planter est un pot circulaire magnifiquement con\u00e7u. Fabriqu\u00e9 en c\u00e9ramique de haute qualit\u00e9, il pr\u00e9sente une texture lisse et d\u00e9licate, tout en poss\u00e9dant des caract\u00e9ristiques de durabilit\u00e9. Cette jardini\u00e8re convient \u00e0 la plantation de diverses plantes en pot, telles que les petits bonsa\u00efs, les plantes succulentes, les fleurs et les plantes. Sa conception de grande taille offre un large espace de croissance, ce qui est propice \u00e0 la croissance saine des plantes.<\/p>\n<p>Arguments de vente du produit :<\/p>\n<p>1. Design exquis : Le pot Big Bonsai Round Planter adopte un design circulaire \u00e9l\u00e9gant, donnant aux espaces int\u00e9rieurs et ext\u00e9rieurs une esth\u00e9tique \u00e0 la mode. Il s'agit non seulement d'une jardini\u00e8re pratique, mais aussi d'une d\u00e9coration d\u00e9licate qui peut ajouter une atmosph\u00e8re naturelle et artistique \u00e0 votre maison ou \u00e0 votre bureau.<\/p>\n<p>2. Mat\u00e9riaux de haute qualit\u00e9 : L'implant est fabriqu\u00e9 \u00e0 partir de mat\u00e9riaux c\u00e9ramiques de haute qualit\u00e9 et a subi un traitement exquis pour garantir sa durabilit\u00e9 et sa stabilit\u00e9. Il est \u00e9galement dot\u00e9 d'une fonction d'\u00e9tanch\u00e9it\u00e9, ce qui permet de prot\u00e9ger efficacement les racines des plantes et de maintenir une croissance saine.<\/p>\n<p>3. Excellent espace : Le pot Big Bonsai Round Planter dispose d'un espace int\u00e9rieur spacieux, offrant un espace de croissance suffisant pour vos plantes en pot. Il convient \u00e0 la plantation de divers types de plantes et peut accueillir plusieurs esp\u00e8ces de plantes, ce qui vous permet de cr\u00e9er des combinaisons de plantes uniques.<\/p>\n<p>4. Utilisations multiples : En plus d'\u00eatre utilis\u00e9 comme une jardini\u00e8re en pot, le pot Big Bonsai Round Planter peut \u00e9galement \u00eatre utilis\u00e9 comme hydroponique ou vase. Vous pouvez le placer dans n'importe quel endroit comme le salon, le balcon, le bureau, etc. selon vos propres besoins et pr\u00e9f\u00e9rences, en ajoutant une touche de nature et de vitalit\u00e9 \u00e0 l'espace.<\/p>\n<p>5. Expression \u00e9motionnelle : Offrir le pot Big Bonsai Round Planter \u00e0 des amis, \u00e0 la famille ou \u00e0 des coll\u00e8gues, c'est non seulement leur t\u00e9moigner de l'amour, mais c'est aussi leur apporter une beaut\u00e9 unique.<\/p>\n<p>Qu'il s'agisse d'un anniversaire, d'une f\u00eate ou d'une c\u00e9l\u00e9bration, cette jardini\u00e8re peut devenir un cadeau significatif, mettant en valeur votre s\u00e9lection minutieuse et votre perspective unique. En bref, le pot Big Bonsai Round Planter est \u00e0 la fois pratique et esth\u00e9tique, vous apportant une exp\u00e9rience de plantation agr\u00e9able et un effet d\u00e9coratif, que ce soit pour un usage personnel ou comme cadeau \u00e0 d'autres.<\/p>\n<p><img loading=\"lazy\" decoding=\"async\" title=\"01\" src=\"https:\/\/www.ronboplastic.com\/wp-content\/uploads\/2025\/09\/20230808112832d53e37ae22d84c448086ab93b73ad0ab.jpg\" alt=\"01\" width=\"800\" height=\"4874\" \/><\/p>\n<p><img loading=\"lazy\" decoding=\"async\" title=\"02\" src=\"https:\/\/www.ronboplastic.com\/wp-content\/uploads\/2025\/09\/202308081128313a04a2660231476aac138e3e8ab89218.jpg\" alt=\"02\" width=\"800\" height=\"3044\" \/><\/p>\n<p>&nbsp;<\/p>\n<p><img loading=\"lazy\" decoding=\"async\" title=\"produit-800-207\" src=\"https:\/\/www.ronboplastic.com\/wp-content\/uploads\/2025\/09\/202205131612159a16ace32ec04133ae6f48e4dcaa3c85.jpg\" alt=\"Jardini\u00e8re en tonneau\" width=\"800\" height=\"207\" \/><\/p>\n<p class=\"productsTags\">Hot Tags : gros pot rond pour bonsa\u00ef, fournisseurs, fabricants, usine, grossiste, pour la vente<\/p>","protected":false},"excerpt":{"rendered":"<p>Il faut bien l'avouer, qui a envie de transporter un lourd pot en pierre ou en c\u00e9ramique ? C'est pourquoi nous avons la plus grande s\u00e9lection de pots en plastique durables et de haute qualit\u00e9, des grands pots en plastique pour les arbres aux petits pots de fleurs en plastique. Ces pots l\u00e9gers sont un r\u00eave devenu r\u00e9alit\u00e9 pour tout amateur de plantes. Nous proposons m\u00eame des conteneurs en plastique qui ont la belle finition de pierre, de ciment ou d'argile que vous souhaitez (vos amis ne verront jamais la diff\u00e9rence et votre dos vous remerciera !)<\/p>","protected":false},"featured_media":8890,"comment_status":"open","ping_status":"open","template":"","meta":[],"product_brand":[],"product_cat":[80],"product_tag":[79],"class_list":{"0":"post-8886","1":"product","2":"type-product","3":"status-publish","4":"has-post-thumbnail","6":"product_cat-decorative-potsampplanters","7":"product_tag-decorative-plant-pots","9":"first","10":"instock","11":"shipping-taxable","12":"product-type-simple"},"yoast_head":"<!-- This site is optimized with the Yoast SEO plugin v26.1.1 - https:\/\/yoast.com\/wordpress\/plugins\/seo\/ -->\n<title>Plastic Bonsai Round Planter Pot - Ronbo Sunrise Pots &amp; Planters<\/title>\n<meta name=\"robots\" content=\"index, follow, max-snippet:-1, max-image-preview:large, max-video-preview:-1\" \/>\n<link rel=\"canonical\" href=\"http:\/\/www.ronboplastic.com\/fr\/produit\/pot-rond-en-plastique-pour-bonsais\/\" \/>\n<meta property=\"og:locale\" content=\"fr_FR\" \/>\n<meta property=\"og:type\" content=\"article\" \/>\n<meta property=\"og:title\" content=\"Plastic Bonsai Round Planter Pot - Ronbo Sunrise Pots &amp; Planters\" \/>\n<meta property=\"og:description\" content=\"Let&#039;s face it, who wants to haul around a heavy stone or ceramic pot? That&#039;s why we have the largest selection of durable, high-quality plastic plant containers around, from large plastic pots fit for trees to small plastic flower pots. These lightweight pots are a dream come true for any plant enthusiast. We even carry plastic containers that have that beautiful stone, cement, or clay-style finish you desire (your friends will never know the difference and your back will thank you!).\" \/>\n<meta property=\"og:url\" content=\"http:\/\/www.ronboplastic.com\/fr\/produit\/pot-rond-en-plastique-pour-bonsais\/\" \/>\n<meta property=\"og:site_name\" content=\"Ronbo Sunrise Pots &amp; Planters\" \/>\n<meta property=\"article:modified_time\" content=\"2025-09-08T06:16:25+00:00\" \/>\n<meta property=\"og:image\" content=\"https:\/\/www.ronboplastic.com\/wp-content\/uploads\/2025\/09\/1-6.jpg\" \/>\n\t<meta property=\"og:image:width\" content=\"800\" \/>\n\t<meta property=\"og:image:height\" content=\"800\" \/>\n\t<meta property=\"og:image:type\" content=\"image\/jpeg\" \/>\n<meta name=\"twitter:card\" content=\"summary_large_image\" \/>\n<meta name=\"twitter:label1\" content=\"Dur\u00e9e de lecture estim\u00e9e\" \/>\n\t<meta name=\"twitter:data1\" content=\"2 minutes\" \/>\n<script type=\"application\/ld+json\" class=\"yoast-schema-graph\">{\"@context\":\"https:\/\/schema.org\",\"@graph\":[{\"@type\":\"WebPage\",\"@id\":\"http:\/\/www.ronboplastic.com\/ru\/%d0%bf%d1%80%d0%be%d0%b4%d1%83%d0%ba%d1%82\/plastic-bonsai-round-planter-pot\/\",\"url\":\"http:\/\/www.ronboplastic.com\/ru\/%d0%bf%d1%80%d0%be%d0%b4%d1%83%d0%ba%d1%82\/plastic-bonsai-round-planter-pot\/\",\"name\":\"Plastic Bonsai Round Planter Pot - Ronbo Sunrise Pots &amp; Planters\",\"isPartOf\":{\"@id\":\"https:\/\/www.ronboplastic.com\/#website\"},\"primaryImageOfPage\":{\"@id\":\"http:\/\/www.ronboplastic.com\/ru\/%d0%bf%d1%80%d0%be%d0%b4%d1%83%d0%ba%d1%82\/plastic-bonsai-round-planter-pot\/#primaryimage\"},\"image\":{\"@id\":\"http:\/\/www.ronboplastic.com\/ru\/%d0%bf%d1%80%d0%be%d0%b4%d1%83%d0%ba%d1%82\/plastic-bonsai-round-planter-pot\/#primaryimage\"},\"thumbnailUrl\":\"https:\/\/www.ronboplastic.com\/wp-content\/uploads\/2025\/09\/1-6.jpg\",\"datePublished\":\"2024-09-13T00:44:36+00:00\",\"dateModified\":\"2025-09-08T06:16:25+00:00\",\"breadcrumb\":{\"@id\":\"http:\/\/www.ronboplastic.com\/ru\/%d0%bf%d1%80%d0%be%d0%b4%d1%83%d0%ba%d1%82\/plastic-bonsai-round-planter-pot\/#breadcrumb\"},\"inLanguage\":\"fr-FR\",\"potentialAction\":[{\"@type\":\"ReadAction\",\"target\":[\"http:\/\/www.ronboplastic.com\/ru\/%d0%bf%d1%80%d0%be%d0%b4%d1%83%d0%ba%d1%82\/plastic-bonsai-round-planter-pot\/\"]}]},{\"@type\":\"ImageObject\",\"inLanguage\":\"fr-FR\",\"@id\":\"http:\/\/www.ronboplastic.com\/ru\/%d0%bf%d1%80%d0%be%d0%b4%d1%83%d0%ba%d1%82\/plastic-bonsai-round-planter-pot\/#primaryimage\",\"url\":\"https:\/\/www.ronboplastic.com\/wp-content\/uploads\/2025\/09\/1-6.jpg\",\"contentUrl\":\"https:\/\/www.ronboplastic.com\/wp-content\/uploads\/2025\/09\/1-6.jpg\",\"width\":800,\"height\":800,\"caption\":\"plastic material decorative planters\"},{\"@type\":\"BreadcrumbList\",\"@id\":\"http:\/\/www.ronboplastic.com\/ru\/%d0%bf%d1%80%d0%be%d0%b4%d1%83%d0%ba%d1%82\/plastic-bonsai-round-planter-pot\/#breadcrumb\",\"itemListElement\":[{\"@type\":\"ListItem\",\"position\":1,\"name\":\"\u9996\u9875\",\"item\":\"https:\/\/www.ronboplastic.com\/\"},{\"@type\":\"ListItem\",\"position\":2,\"name\":\"Products\",\"item\":\"http:\/\/www.ronboplastic.com\/products\/\"},{\"@type\":\"ListItem\",\"position\":3,\"name\":\"Plastic Bonsai Round Planter Pot\"}]},{\"@type\":\"WebSite\",\"@id\":\"https:\/\/www.ronboplastic.com\/#website\",\"url\":\"https:\/\/www.ronboplastic.com\/\",\"name\":\"Ronbo Sunrise Pots &amp; Planters\",\"description\":\"Flower Pots &amp; Planters\",\"potentialAction\":[{\"@type\":\"SearchAction\",\"target\":{\"@type\":\"EntryPoint\",\"urlTemplate\":\"https:\/\/www.ronboplastic.com\/?s={search_term_string}\"},\"query-input\":{\"@type\":\"PropertyValueSpecification\",\"valueRequired\":true,\"valueName\":\"search_term_string\"}}],\"inLanguage\":\"fr-FR\"}]}<\/script>\n<!-- \/ Yoast SEO plugin. -->","yoast_head_json":{"title":"Plastic Bonsai Round Planter Pot - Ronbo Sunrise Pots &amp; Planters","robots":{"index":"index","follow":"follow","max-snippet":"max-snippet:-1","max-image-preview":"max-image-preview:large","max-video-preview":"max-video-preview:-1"},"canonical":"http:\/\/www.ronboplastic.com\/fr\/produit\/pot-rond-en-plastique-pour-bonsais\/","og_locale":"fr_FR","og_type":"article","og_title":"Plastic Bonsai Round Planter Pot - Ronbo Sunrise Pots &amp; Planters","og_description":"Let's face it, who wants to haul around a heavy stone or ceramic pot? That's why we have the largest selection of durable, high-quality plastic plant containers around, from large plastic pots fit for trees to small plastic flower pots. These lightweight pots are a dream come true for any plant enthusiast. We even carry plastic containers that have that beautiful stone, cement, or clay-style finish you desire (your friends will never know the difference and your back will thank you!).","og_url":"http:\/\/www.ronboplastic.com\/fr\/produit\/pot-rond-en-plastique-pour-bonsais\/","og_site_name":"Ronbo Sunrise Pots &amp; Planters","article_modified_time":"2025-09-08T06:16:25+00:00","og_image":[{"width":800,"height":800,"url":"https:\/\/www.ronboplastic.com\/wp-content\/uploads\/2025\/09\/1-6.jpg","type":"image\/jpeg"}],"twitter_card":"summary_large_image","twitter_misc":{"Dur\u00e9e de lecture estim\u00e9e":"2 minutes"},"schema":{"@context":"https:\/\/schema.org","@graph":[{"@type":"WebPage","@id":"http:\/\/www.ronboplastic.com\/ru\/%d0%bf%d1%80%d0%be%d0%b4%d1%83%d0%ba%d1%82\/plastic-bonsai-round-planter-pot\/","url":"http:\/\/www.ronboplastic.com\/ru\/%d0%bf%d1%80%d0%be%d0%b4%d1%83%d0%ba%d1%82\/plastic-bonsai-round-planter-pot\/","name":"Plastic Bonsai Round Planter Pot - Ronbo Sunrise Pots &amp; Planters","isPartOf":{"@id":"https:\/\/www.ronboplastic.com\/#website"},"primaryImageOfPage":{"@id":"http:\/\/www.ronboplastic.com\/ru\/%d0%bf%d1%80%d0%be%d0%b4%d1%83%d0%ba%d1%82\/plastic-bonsai-round-planter-pot\/#primaryimage"},"image":{"@id":"http:\/\/www.ronboplastic.com\/ru\/%d0%bf%d1%80%d0%be%d0%b4%d1%83%d0%ba%d1%82\/plastic-bonsai-round-planter-pot\/#primaryimage"},"thumbnailUrl":"https:\/\/www.ronboplastic.com\/wp-content\/uploads\/2025\/09\/1-6.jpg","datePublished":"2024-09-13T00:44:36+00:00","dateModified":"2025-09-08T06:16:25+00:00","breadcrumb":{"@id":"http:\/\/www.ronboplastic.com\/ru\/%d0%bf%d1%80%d0%be%d0%b4%d1%83%d0%ba%d1%82\/plastic-bonsai-round-planter-pot\/#breadcrumb"},"inLanguage":"fr-FR","potentialAction":[{"@type":"ReadAction","target":["http:\/\/www.ronboplastic.com\/ru\/%d0%bf%d1%80%d0%be%d0%b4%d1%83%d0%ba%d1%82\/plastic-bonsai-round-planter-pot\/"]}]},{"@type":"ImageObject","inLanguage":"fr-FR","@id":"http:\/\/www.ronboplastic.com\/ru\/%d0%bf%d1%80%d0%be%d0%b4%d1%83%d0%ba%d1%82\/plastic-bonsai-round-planter-pot\/#primaryimage","url":"https:\/\/www.ronboplastic.com\/wp-content\/uploads\/2025\/09\/1-6.jpg","contentUrl":"https:\/\/www.ronboplastic.com\/wp-content\/uploads\/2025\/09\/1-6.jpg","width":800,"height":800,"caption":"plastic material decorative planters"},{"@type":"BreadcrumbList","@id":"http:\/\/www.ronboplastic.com\/ru\/%d0%bf%d1%80%d0%be%d0%b4%d1%83%d0%ba%d1%82\/plastic-bonsai-round-planter-pot\/#breadcrumb","itemListElement":[{"@type":"ListItem","position":1,"name":"\u9996\u9875","item":"https:\/\/www.ronboplastic.com\/"},{"@type":"ListItem","position":2,"name":"Products","item":"http:\/\/www.ronboplastic.com\/products\/"},{"@type":"ListItem","position":3,"name":"Plastic Bonsai Round Planter Pot"}]},{"@type":"WebSite","@id":"https:\/\/www.ronboplastic.com\/#website","url":"https:\/\/www.ronboplastic.com\/","name":"Ronbo Sunrise Pots &amp; Planters","description":"Pots de fleurs et jardini\u00e8res","potentialAction":[{"@type":"SearchAction","target":{"@type":"EntryPoint","urlTemplate":"https:\/\/www.ronboplastic.com\/?s={search_term_string}"},"query-input":{"@type":"PropertyValueSpecification","valueRequired":true,"valueName":"search_term_string"}}],"inLanguage":"fr-FR"}]}},"_links":{"self":[{"href":"https:\/\/www.ronboplastic.com\/fr\/wp-json\/wp\/v2\/product\/8886","targetHints":{"allow":["GET"]}}],"collection":[{"href":"https:\/\/www.ronboplastic.com\/fr\/wp-json\/wp\/v2\/product"}],"about":[{"href":"https:\/\/www.ronboplastic.com\/fr\/wp-json\/wp\/v2\/types\/product"}],"replies":[{"embeddable":true,"href":"https:\/\/www.ronboplastic.com\/fr\/wp-json\/wp\/v2\/comments?post=8886"}],"wp:featuredmedia":[{"embeddable":true,"href":"https:\/\/www.ronboplastic.com\/fr\/wp-json\/wp\/v2\/media\/8890"}],"wp:attachment":[{"href":"https:\/\/www.ronboplastic.com\/fr\/wp-json\/wp\/v2\/media?parent=8886"}],"wp:term":[{"taxonomy":"product_brand","embeddable":true,"href":"https:\/\/www.ronboplastic.com\/fr\/wp-json\/wp\/v2\/product_brand?post=8886"},{"taxonomy":"product_cat","embeddable":true,"href":"https:\/\/www.ronboplastic.com\/fr\/wp-json\/wp\/v2\/product_cat?post=8886"},{"taxonomy":"product_tag","embeddable":true,"href":"https:\/\/www.ronboplastic.com\/fr\/wp-json\/wp\/v2\/product_tag?post=8886"}],"curies":[{"name":"wp","href":"https:\/\/api.w.org\/{rel}","templated":true}]}}