{"id":8872,"date":"2024-09-13T07:55:17","date_gmt":"2024-09-12T23:55:17","guid":{"rendered":"https:\/\/www.ronboplastic.com\/index.php\/product\/imitation-stone-plastic-planters\/"},"modified":"2025-09-08T14:16:19","modified_gmt":"2025-09-08T06:16:19","slug":"plantes-en-plastique-imitant-la-pierre","status":"publish","type":"product","link":"https:\/\/www.ronboplastic.com\/fr\/produit\/plantes-en-plastique-imitant-la-pierre\/","title":{"rendered":"Jardini\u00e8res en plastique imitation pierre"},"content":{"rendered":"<p>Description du produit :<br \/>\nNotre grand pot de fleurs en imitation cuivre est con\u00e7u pour r\u00e9pondre aux besoins des amateurs de jardinage qui souhaitent ajouter une atmosph\u00e8re d\u00e9licate et classique \u00e0 leur espace ext\u00e9rieur. Ces pots de fleurs sont fabriqu\u00e9s en imitation cuivre avec une excellente qualit\u00e9 de fabrication et de d\u00e9tails, ce qui leur donne un aspect similaire aux vrais pots de fleurs en cuivre, mais \u00e0 un prix plus abordable. Le design spacieux du pot de fleurs peut accueillir diverses fleurs, plantes, arbustes et arbres, ajoutant une atmosph\u00e8re naturelle et verte \u00e0 votre jardin ou balcon.<br \/>\nArguments de vente du produit :<br \/>\n1. Mat\u00e9riau d'imitation de cuivre de haute qualit\u00e9 : Nos grands pots de fleurs sont fabriqu\u00e9s \u00e0 partir de mat\u00e9riaux d'imitation du cuivre soigneusement s\u00e9lectionn\u00e9s, et leur apparence est presque impossible \u00e0 distinguer des vrais pots de fleurs en cuivre, ce qui donne aux gens un sentiment de luxe et de noblesse.<br \/>\n2. Un savoir-faire exquis : Chaque pot de fleurs est m\u00e9ticuleusement fabriqu\u00e9, avec un savoir-faire exquis et des d\u00e9tails minutieusement travaill\u00e9s. De la texture \u00e0 la couleur, nous nous effor\u00e7ons de rendre le pot de fleurs aussi proche que possible d'un vrai pot de fleurs en cuivre.<br \/>\n3. Design spacieux : Notre pot de fleurs dispose d'un espace int\u00e9rieur spacieux qui peut accueillir de grandes plantes et m\u00eame de petits arbres. Vous pouvez y planter diverses fleurs et plantes pour cr\u00e9er un jardin ou un paysage de balcon \u00e9tonnant.<br \/>\n4. Durabilit\u00e9 : Bien que nos pots de fleurs ressemblent \u00e0 de vrais pots en cuivre, ils sont fabriqu\u00e9s \u00e0 partir de mat\u00e9riaux durables, qui ne rouillent pas et ne se corrodent pas, et qui peuvent durer m\u00eame dans des environnements ext\u00e9rieurs.<br \/>\n5. Prix abordable : Par rapport aux pots de fleurs en cuivre v\u00e9ritable, nos grands pots de fleurs en imitation cuivre sont plus abordables, vous offrant un choix \u00e9conomique tout en conservant une haute qualit\u00e9 et une apparence exquise.<br \/>\nQue vous souhaitiez ajouter une d\u00e9coration luxueuse \u00e0 votre jardin ou cr\u00e9er un espace vert \u00e9tonnant pour la terrasse ou le balcon de votre famille, notre grand pot de fleurs en imitation cuivre sera le choix id\u00e9al. Ils vous apporteront beaut\u00e9 et appr\u00e9ciation tout au long de votre vie.<\/p>\n<p>&nbsp;<\/p>\n<p><img loading=\"lazy\" decoding=\"async\" title=\"01\" src=\"https:\/\/www.ronboplastic.com\/wp-content\/uploads\/2025\/09\/202308080918178ed60b64f91b4d2aba132d6a09ca6fd6.jpg\" alt=\"01\" width=\"800\" height=\"3977\" \/><\/p>\n<p><img loading=\"lazy\" decoding=\"async\" title=\"02\" src=\"https:\/\/www.ronboplastic.com\/wp-content\/uploads\/2025\/09\/20230808091817525bb61d4cdf4fab8376b077e03aff2a.jpg\" alt=\"02\" width=\"800\" height=\"3507\" \/><\/p>\n<p><img loading=\"lazy\" decoding=\"async\" title=\"produit-800-207\" src=\"https:\/\/www.ronboplastic.com\/wp-content\/uploads\/2025\/09\/202205131612159a16ace32ec04133ae6f48e4dcaa3c85.jpg\" alt=\"Jardini\u00e8re en tonneau\" width=\"800\" height=\"207\" \/><\/p>\n<p>&nbsp;<\/p>\n<p>&nbsp;<\/p>\n<p class=\"productsTags\">Hot Tags : imitation cuivre grandes jardini\u00e8res, fournisseurs, fabricants, usine, grossiste, \u00e0 vendre<\/p>","protected":false},"excerpt":{"rendered":"<p>Pots de fleurs modernes pour plantes et arbres - Pots de fleurs en forme de ventre circulaire est un pot de fleurs moderne pour plantes et arbres con\u00e7u avec une forme de ventre circulaire. Ce pot de fleurs convient \u00e0 la plantation de diverses plantes et arbres, ce qui peut ajouter des effets d\u00e9coratifs uniques \u00e0 votre espace int\u00e9rieur et ext\u00e9rieur tout en permettant aux plantes de pousser sainement.<\/p>","protected":false},"featured_media":8876,"comment_status":"open","ping_status":"open","template":"","meta":[],"product_brand":[],"product_cat":[80],"product_tag":[],"class_list":{"0":"post-8872","1":"product","2":"type-product","3":"status-publish","4":"has-post-thumbnail","6":"product_cat-decorative-potsampplanters","8":"first","9":"instock","10":"shipping-taxable","11":"product-type-simple"},"yoast_head":"<!-- This site is optimized with the Yoast SEO plugin v26.1.1 - https:\/\/yoast.com\/wordpress\/plugins\/seo\/ -->\n<title>Imitation Stone Plastic Planters - Ronbo Sunrise Pots &amp; Planters<\/title>\n<meta name=\"robots\" content=\"index, follow, max-snippet:-1, max-image-preview:large, max-video-preview:-1\" \/>\n<link rel=\"canonical\" href=\"http:\/\/www.ronboplastic.com\/fr\/produit\/plantes-en-plastique-imitant-la-pierre\/\" \/>\n<meta property=\"og:locale\" content=\"fr_FR\" \/>\n<meta property=\"og:type\" content=\"article\" \/>\n<meta property=\"og:title\" content=\"Imitation Stone Plastic Planters - Ronbo Sunrise Pots &amp; Planters\" \/>\n<meta property=\"og:description\" content=\"Modern Plant and Tree Flower Pots - Circular Belly shaped Flower Pots is a modern plant and tree flower pot designed with a circular belly shape. This flowerpot is suitable for planting various plants and trees, which can add unique decorative effects to your indoor and outdoor space while also allowing plants to grow healthily.\" \/>\n<meta property=\"og:url\" content=\"http:\/\/www.ronboplastic.com\/fr\/produit\/plantes-en-plastique-imitant-la-pierre\/\" \/>\n<meta property=\"og:site_name\" content=\"Ronbo Sunrise Pots &amp; Planters\" \/>\n<meta property=\"article:modified_time\" content=\"2025-09-08T06:16:19+00:00\" \/>\n<meta property=\"og:image\" content=\"https:\/\/www.ronboplastic.com\/wp-content\/uploads\/2025\/09\/1-5.jpg\" \/>\n\t<meta property=\"og:image:width\" content=\"800\" \/>\n\t<meta property=\"og:image:height\" content=\"800\" \/>\n\t<meta property=\"og:image:type\" content=\"image\/jpeg\" \/>\n<meta name=\"twitter:card\" content=\"summary_large_image\" \/>\n<meta name=\"twitter:label1\" content=\"Dur\u00e9e de lecture estim\u00e9e\" \/>\n\t<meta name=\"twitter:data1\" content=\"2 minutes\" \/>\n<script type=\"application\/ld+json\" class=\"yoast-schema-graph\">{\"@context\":\"https:\/\/schema.org\",\"@graph\":[{\"@type\":\"WebPage\",\"@id\":\"http:\/\/www.ronboplastic.com\/pt\/produto\/plantadores-de-plastico-com-imitacao-de-pedra\/\",\"url\":\"http:\/\/www.ronboplastic.com\/pt\/produto\/plantadores-de-plastico-com-imitacao-de-pedra\/\",\"name\":\"Imitation Stone Plastic Planters - Ronbo Sunrise Pots &amp; Planters\",\"isPartOf\":{\"@id\":\"https:\/\/www.ronboplastic.com\/#website\"},\"primaryImageOfPage\":{\"@id\":\"http:\/\/www.ronboplastic.com\/pt\/produto\/plantadores-de-plastico-com-imitacao-de-pedra\/#primaryimage\"},\"image\":{\"@id\":\"http:\/\/www.ronboplastic.com\/pt\/produto\/plantadores-de-plastico-com-imitacao-de-pedra\/#primaryimage\"},\"thumbnailUrl\":\"https:\/\/www.ronboplastic.com\/wp-content\/uploads\/2025\/09\/1-5.jpg\",\"datePublished\":\"2024-09-12T23:55:17+00:00\",\"dateModified\":\"2025-09-08T06:16:19+00:00\",\"breadcrumb\":{\"@id\":\"http:\/\/www.ronboplastic.com\/pt\/produto\/plantadores-de-plastico-com-imitacao-de-pedra\/#breadcrumb\"},\"inLanguage\":\"fr-FR\",\"potentialAction\":[{\"@type\":\"ReadAction\",\"target\":[\"http:\/\/www.ronboplastic.com\/pt\/produto\/plantadores-de-plastico-com-imitacao-de-pedra\/\"]}]},{\"@type\":\"ImageObject\",\"inLanguage\":\"fr-FR\",\"@id\":\"http:\/\/www.ronboplastic.com\/pt\/produto\/plantadores-de-plastico-com-imitacao-de-pedra\/#primaryimage\",\"url\":\"https:\/\/www.ronboplastic.com\/wp-content\/uploads\/2025\/09\/1-5.jpg\",\"contentUrl\":\"https:\/\/www.ronboplastic.com\/wp-content\/uploads\/2025\/09\/1-5.jpg\",\"width\":800,\"height\":800,\"caption\":\"wholesale price plant pot\"},{\"@type\":\"BreadcrumbList\",\"@id\":\"http:\/\/www.ronboplastic.com\/pt\/produto\/plantadores-de-plastico-com-imitacao-de-pedra\/#breadcrumb\",\"itemListElement\":[{\"@type\":\"ListItem\",\"position\":1,\"name\":\"\u9996\u9875\",\"item\":\"https:\/\/www.ronboplastic.com\/\"},{\"@type\":\"ListItem\",\"position\":2,\"name\":\"Products\",\"item\":\"http:\/\/www.ronboplastic.com\/products\/\"},{\"@type\":\"ListItem\",\"position\":3,\"name\":\"Imitation Stone Plastic Planters\"}]},{\"@type\":\"WebSite\",\"@id\":\"https:\/\/www.ronboplastic.com\/#website\",\"url\":\"https:\/\/www.ronboplastic.com\/\",\"name\":\"Ronbo Sunrise Pots &amp; Planters\",\"description\":\"Flower Pots &amp; Planters\",\"potentialAction\":[{\"@type\":\"SearchAction\",\"target\":{\"@type\":\"EntryPoint\",\"urlTemplate\":\"https:\/\/www.ronboplastic.com\/?s={search_term_string}\"},\"query-input\":{\"@type\":\"PropertyValueSpecification\",\"valueRequired\":true,\"valueName\":\"search_term_string\"}}],\"inLanguage\":\"fr-FR\"}]}<\/script>\n<!-- \/ Yoast SEO plugin. -->","yoast_head_json":{"title":"Imitation Stone Plastic Planters - Ronbo Sunrise Pots &amp; Planters","robots":{"index":"index","follow":"follow","max-snippet":"max-snippet:-1","max-image-preview":"max-image-preview:large","max-video-preview":"max-video-preview:-1"},"canonical":"http:\/\/www.ronboplastic.com\/fr\/produit\/plantes-en-plastique-imitant-la-pierre\/","og_locale":"fr_FR","og_type":"article","og_title":"Imitation Stone Plastic Planters - Ronbo Sunrise Pots &amp; Planters","og_description":"Modern Plant and Tree Flower Pots - Circular Belly shaped Flower Pots is a modern plant and tree flower pot designed with a circular belly shape. This flowerpot is suitable for planting various plants and trees, which can add unique decorative effects to your indoor and outdoor space while also allowing plants to grow healthily.","og_url":"http:\/\/www.ronboplastic.com\/fr\/produit\/plantes-en-plastique-imitant-la-pierre\/","og_site_name":"Ronbo Sunrise Pots &amp; Planters","article_modified_time":"2025-09-08T06:16:19+00:00","og_image":[{"width":800,"height":800,"url":"https:\/\/www.ronboplastic.com\/wp-content\/uploads\/2025\/09\/1-5.jpg","type":"image\/jpeg"}],"twitter_card":"summary_large_image","twitter_misc":{"Dur\u00e9e de lecture estim\u00e9e":"2 minutes"},"schema":{"@context":"https:\/\/schema.org","@graph":[{"@type":"WebPage","@id":"http:\/\/www.ronboplastic.com\/pt\/produto\/plantadores-de-plastico-com-imitacao-de-pedra\/","url":"http:\/\/www.ronboplastic.com\/pt\/produto\/plantadores-de-plastico-com-imitacao-de-pedra\/","name":"Imitation Stone Plastic Planters - Ronbo Sunrise Pots &amp; Planters","isPartOf":{"@id":"https:\/\/www.ronboplastic.com\/#website"},"primaryImageOfPage":{"@id":"http:\/\/www.ronboplastic.com\/pt\/produto\/plantadores-de-plastico-com-imitacao-de-pedra\/#primaryimage"},"image":{"@id":"http:\/\/www.ronboplastic.com\/pt\/produto\/plantadores-de-plastico-com-imitacao-de-pedra\/#primaryimage"},"thumbnailUrl":"https:\/\/www.ronboplastic.com\/wp-content\/uploads\/2025\/09\/1-5.jpg","datePublished":"2024-09-12T23:55:17+00:00","dateModified":"2025-09-08T06:16:19+00:00","breadcrumb":{"@id":"http:\/\/www.ronboplastic.com\/pt\/produto\/plantadores-de-plastico-com-imitacao-de-pedra\/#breadcrumb"},"inLanguage":"fr-FR","potentialAction":[{"@type":"ReadAction","target":["http:\/\/www.ronboplastic.com\/pt\/produto\/plantadores-de-plastico-com-imitacao-de-pedra\/"]}]},{"@type":"ImageObject","inLanguage":"fr-FR","@id":"http:\/\/www.ronboplastic.com\/pt\/produto\/plantadores-de-plastico-com-imitacao-de-pedra\/#primaryimage","url":"https:\/\/www.ronboplastic.com\/wp-content\/uploads\/2025\/09\/1-5.jpg","contentUrl":"https:\/\/www.ronboplastic.com\/wp-content\/uploads\/2025\/09\/1-5.jpg","width":800,"height":800,"caption":"wholesale price plant pot"},{"@type":"BreadcrumbList","@id":"http:\/\/www.ronboplastic.com\/pt\/produto\/plantadores-de-plastico-com-imitacao-de-pedra\/#breadcrumb","itemListElement":[{"@type":"ListItem","position":1,"name":"\u9996\u9875","item":"https:\/\/www.ronboplastic.com\/"},{"@type":"ListItem","position":2,"name":"Products","item":"http:\/\/www.ronboplastic.com\/products\/"},{"@type":"ListItem","position":3,"name":"Imitation Stone Plastic Planters"}]},{"@type":"WebSite","@id":"https:\/\/www.ronboplastic.com\/#website","url":"https:\/\/www.ronboplastic.com\/","name":"Ronbo Sunrise Pots &amp; Planters","description":"Pots de fleurs et jardini\u00e8res","potentialAction":[{"@type":"SearchAction","target":{"@type":"EntryPoint","urlTemplate":"https:\/\/www.ronboplastic.com\/?s={search_term_string}"},"query-input":{"@type":"PropertyValueSpecification","valueRequired":true,"valueName":"search_term_string"}}],"inLanguage":"fr-FR"}]}},"_links":{"self":[{"href":"https:\/\/www.ronboplastic.com\/fr\/wp-json\/wp\/v2\/product\/8872","targetHints":{"allow":["GET"]}}],"collection":[{"href":"https:\/\/www.ronboplastic.com\/fr\/wp-json\/wp\/v2\/product"}],"about":[{"href":"https:\/\/www.ronboplastic.com\/fr\/wp-json\/wp\/v2\/types\/product"}],"replies":[{"embeddable":true,"href":"https:\/\/www.ronboplastic.com\/fr\/wp-json\/wp\/v2\/comments?post=8872"}],"wp:featuredmedia":[{"embeddable":true,"href":"https:\/\/www.ronboplastic.com\/fr\/wp-json\/wp\/v2\/media\/8876"}],"wp:attachment":[{"href":"https:\/\/www.ronboplastic.com\/fr\/wp-json\/wp\/v2\/media?parent=8872"}],"wp:term":[{"taxonomy":"product_brand","embeddable":true,"href":"https:\/\/www.ronboplastic.com\/fr\/wp-json\/wp\/v2\/product_brand?post=8872"},{"taxonomy":"product_cat","embeddable":true,"href":"https:\/\/www.ronboplastic.com\/fr\/wp-json\/wp\/v2\/product_cat?post=8872"},{"taxonomy":"product_tag","embeddable":true,"href":"https:\/\/www.ronboplastic.com\/fr\/wp-json\/wp\/v2\/product_tag?post=8872"}],"curies":[{"name":"wp","href":"https:\/\/api.w.org\/{rel}","templated":true}]}}