{"id":8860,"date":"2024-09-13T07:04:00","date_gmt":"2024-09-12T23:04:00","guid":{"rendered":"https:\/\/www.ronboplastic.com\/index.php\/product\/outdoor-plastic-planters\/"},"modified":"2026-05-09T02:09:14","modified_gmt":"2026-05-09T09:09:14","slug":"jardinieres-en-plastique-pour-lexterieur","status":"publish","type":"product","link":"https:\/\/www.ronboplastic.com\/fr\/produit\/jardinieres-en-plastique-pour-lexterieur\/","title":{"rendered":"Jardini\u00e8res en plastique pour l'ext\u00e9rieur"},"content":{"rendered":"<p>Notre pot de fleurs ext\u00e9rieur en forme de boule ronde est un pot de fleurs ext\u00e9rieur en forme de boule qui convient \u00e0 la plantation de diverses plantes, offrant une belle d\u00e9coration \u00e0 votre jardin et \u00e0 votre espace ext\u00e9rieur. Ce pot de fleurs est fabriqu\u00e9 \u00e0 partir de mat\u00e9riaux de haute qualit\u00e9 et pr\u00e9sente une r\u00e9sistance aux intemp\u00e9ries et une durabilit\u00e9 qui lui permettent de supporter diverses conditions climatiques et environnements ext\u00e9rieurs.<\/p>\n<p>Arguments de vente du produit :<\/p>\n<p>1. Design sph\u00e9rique unique : Ce pot de fleurs pr\u00e9sente un design sph\u00e9rique unique, ce qui en fait un point de mire pour les jardins et les espaces ext\u00e9rieurs. Son apparence a\u00e9rodynamique donne une impression de modernit\u00e9 et de mode, ajoutant un effet d\u00e9coratif unique \u00e0 votre espace ext\u00e9rieur.<\/p>\n<p>2. Multifonctionnalit\u00e9 : Ce pot de fleurs convient \u00e0 la plantation de diverses plantes, y compris les fleurs, les arbustes et les petits arbres. Sa capacit\u00e9 est suffisante pour accueillir une grande quantit\u00e9 de terre et de racines, offrant ainsi un espace de croissance suffisant aux plantes.<\/p>\n<p>3. Mat\u00e9riaux de haute qualit\u00e9 : Le pot de fleurs est fabriqu\u00e9 avec des mat\u00e9riaux de haute qualit\u00e9, qui r\u00e9sistent aux intemp\u00e9ries et sont durables. Il peut r\u00e9sister aux effets des environnements naturels tels que le soleil, la pluie et le vent, et conserver une longue dur\u00e9e de vie.<\/p>\n<p>4. Beau et pratique : ce pot de fleurs est simple et beau, et s'adapte \u00e0 diff\u00e9rents styles de d\u00e9coration de jardin et d'ext\u00e9rieur. Sa forme sph\u00e9rique facilite la mise en place des plantes et assure un bon drainage, ce qui favorise la croissance saine des racines des plantes.<\/p>\n<p>5. Facile \u00e0 d\u00e9placer et \u00e0 nettoyer : Le pot de fleurs est fabriqu\u00e9 \u00e0 partir de mat\u00e9riaux l\u00e9gers, ce qui le rend facile \u00e0 d\u00e9placer et \u00e0 transporter. En outre, il est tr\u00e8s facile \u00e0 nettoyer, il suffit de l'essuyer doucement avec de l'eau et du savon.<\/p>\n<p>Que vous souhaitiez d\u00e9corer un jardin, une terrasse ext\u00e9rieure ou une cour, les pots de fleurs d'ext\u00e9rieur en forme de boule ronde sont votre choix id\u00e9al. Son design unique, sa polyvalence et ses mat\u00e9riaux de haute qualit\u00e9 vous apporteront une exp\u00e9rience de d\u00e9coration de jardin belle et durable.<\/p>\n<p><img loading=\"lazy\" decoding=\"async\" title=\"01\" src=\"https:\/\/www.ronboplastic.com\/wp-content\/uploads\/2025\/09\/202308081043385f3c7ee356184b848699e23fbe3ac2e1.jpg\" alt=\"01\" width=\"800\" height=\"4329\" \/><\/p>\n<p><img loading=\"lazy\" decoding=\"async\" title=\"02\" src=\"https:\/\/www.ronboplastic.com\/wp-content\/uploads\/2025\/09\/20230808104339e9a4a7e306ce47ebb5a80b4794ab6e64.jpg\" alt=\"02\" width=\"800\" height=\"3572\" \/><\/p>\n<p><img loading=\"lazy\" decoding=\"async\" title=\"produit-800-207\" src=\"https:\/\/www.ronboplastic.com\/wp-content\/uploads\/2025\/09\/202205131612159a16ace32ec04133ae6f48e4dcaa3c85.jpg\" alt=\"Jardini\u00e8re en tonneau\" width=\"800\" height=\"207\" \/><\/p>\n<p>&nbsp;<\/p>\n<p>&nbsp;<\/p>\n<p class=\"productsTags\">Hot Tags : jardini\u00e8re ext\u00e9rieure en forme de boule, fournisseurs, fabricants, usine, grossiste, \u00e0 vendre<\/p>","protected":false},"excerpt":{"rendered":"<p>Il faut bien l'avouer, qui a envie de transporter un lourd pot en pierre ou en c\u00e9ramique ? C'est pourquoi nous avons la plus grande s\u00e9lection de pots en plastique durables et de haute qualit\u00e9, des grands pots en plastique pour les arbres aux petits pots de fleurs en plastique. Ces pots l\u00e9gers sont un r\u00eave devenu r\u00e9alit\u00e9 pour tout amateur de plantes. Nous proposons m\u00eame des conteneurs en plastique qui ont la belle finition de pierre, de ciment ou d'argile que vous souhaitez (vos amis ne verront jamais la diff\u00e9rence et votre dos vous remerciera !)<\/p>","protected":false},"featured_media":8864,"comment_status":"open","ping_status":"closed","template":"","meta":[],"product_brand":[],"product_cat":[133],"product_tag":[],"class_list":{"0":"post-8860","1":"product","2":"type-product","3":"status-publish","4":"has-post-thumbnail","6":"product_cat-deco-pots-planters","8":"first","9":"instock","10":"shipping-taxable","11":"product-type-simple"},"yoast_head":"<!-- This site is optimized with the Yoast SEO plugin v26.1.1 - https:\/\/yoast.com\/wordpress\/plugins\/seo\/ -->\n<title>Outdoor Plastic Planters - Ronbo Sunrise Pots &amp; Planters<\/title>\n<meta name=\"robots\" content=\"index, follow, max-snippet:-1, max-image-preview:large, max-video-preview:-1\" \/>\n<link rel=\"canonical\" href=\"https:\/\/www.ronboplastic.com\/fr\/produit\/jardinieres-en-plastique-pour-lexterieur\/\" \/>\n<meta property=\"og:locale\" content=\"fr_FR\" \/>\n<meta property=\"og:type\" content=\"article\" \/>\n<meta property=\"og:title\" content=\"Outdoor Plastic Planters - Ronbo Sunrise Pots &amp; Planters\" \/>\n<meta property=\"og:description\" content=\"Let&#039;s face it, who wants to haul around a heavy stone or ceramic pot? That&#039;s why we have the largest selection of durable, high-quality plastic plant containers around, from large plastic pots fit for trees to small plastic flower pots. These lightweight pots are a dream come true for any plant enthusiast. We even carry plastic containers that have that beautiful stone, cement, or clay-style finish you desire (your friends will never know the difference and your back will thank you!).\" \/>\n<meta property=\"og:url\" content=\"https:\/\/www.ronboplastic.com\/fr\/produit\/jardinieres-en-plastique-pour-lexterieur\/\" \/>\n<meta property=\"og:site_name\" content=\"Ronbo Sunrise Pots &amp; Planters\" \/>\n<meta property=\"article:modified_time\" content=\"2026-05-09T09:09:14+00:00\" \/>\n<meta property=\"og:image\" content=\"https:\/\/www.ronboplastic.com\/wp-content\/uploads\/2025\/09\/1-4.jpg\" \/>\n\t<meta property=\"og:image:width\" content=\"800\" \/>\n\t<meta property=\"og:image:height\" content=\"800\" \/>\n\t<meta property=\"og:image:type\" content=\"image\/jpeg\" \/>\n<meta name=\"twitter:card\" content=\"summary_large_image\" \/>\n<meta name=\"twitter:label1\" content=\"Dur\u00e9e de lecture estim\u00e9e\" \/>\n\t<meta name=\"twitter:data1\" content=\"2 minutes\" \/>\n<script type=\"application\/ld+json\" class=\"yoast-schema-graph\">{\"@context\":\"https:\/\/schema.org\",\"@graph\":[{\"@type\":\"WebPage\",\"@id\":\"https:\/\/www.ronboplastic.com\/product\/outdoor-plastic-planters\/\",\"url\":\"https:\/\/www.ronboplastic.com\/product\/outdoor-plastic-planters\/\",\"name\":\"Outdoor Plastic Planters - Ronbo Sunrise Pots &amp; Planters\",\"isPartOf\":{\"@id\":\"https:\/\/www.ronboplastic.com\/#website\"},\"primaryImageOfPage\":{\"@id\":\"https:\/\/www.ronboplastic.com\/product\/outdoor-plastic-planters\/#primaryimage\"},\"image\":{\"@id\":\"https:\/\/www.ronboplastic.com\/product\/outdoor-plastic-planters\/#primaryimage\"},\"thumbnailUrl\":\"https:\/\/www.ronboplastic.com\/wp-content\/uploads\/2025\/09\/1-4.jpg\",\"datePublished\":\"2024-09-12T23:04:00+00:00\",\"dateModified\":\"2026-05-09T09:09:14+00:00\",\"breadcrumb\":{\"@id\":\"https:\/\/www.ronboplastic.com\/product\/outdoor-plastic-planters\/#breadcrumb\"},\"inLanguage\":\"fr-FR\",\"potentialAction\":[{\"@type\":\"ReadAction\",\"target\":[\"https:\/\/www.ronboplastic.com\/product\/outdoor-plastic-planters\/\"]}]},{\"@type\":\"ImageObject\",\"inLanguage\":\"fr-FR\",\"@id\":\"https:\/\/www.ronboplastic.com\/product\/outdoor-plastic-planters\/#primaryimage\",\"url\":\"https:\/\/www.ronboplastic.com\/wp-content\/uploads\/2025\/09\/1-4.jpg\",\"contentUrl\":\"https:\/\/www.ronboplastic.com\/wp-content\/uploads\/2025\/09\/1-4.jpg\",\"width\":800,\"height\":800,\"caption\":\"factory directly sell\"},{\"@type\":\"BreadcrumbList\",\"@id\":\"https:\/\/www.ronboplastic.com\/product\/outdoor-plastic-planters\/#breadcrumb\",\"itemListElement\":[{\"@type\":\"ListItem\",\"position\":1,\"name\":\"\u9996\u9875\",\"item\":\"https:\/\/www.ronboplastic.com\/\"},{\"@type\":\"ListItem\",\"position\":2,\"name\":\"Products\",\"item\":\"http:\/\/www.ronboplastic.com\/products\/\"},{\"@type\":\"ListItem\",\"position\":3,\"name\":\"Outdoor Plastic Planters\"}]},{\"@type\":\"WebSite\",\"@id\":\"https:\/\/www.ronboplastic.com\/#website\",\"url\":\"https:\/\/www.ronboplastic.com\/\",\"name\":\"Ronbo Sunrise Pots &amp; Planters\",\"description\":\"Flower Pots &amp; Planters\",\"potentialAction\":[{\"@type\":\"SearchAction\",\"target\":{\"@type\":\"EntryPoint\",\"urlTemplate\":\"https:\/\/www.ronboplastic.com\/?s={search_term_string}\"},\"query-input\":{\"@type\":\"PropertyValueSpecification\",\"valueRequired\":true,\"valueName\":\"search_term_string\"}}],\"inLanguage\":\"fr-FR\"}]}<\/script>\n<!-- \/ Yoast SEO plugin. -->","yoast_head_json":{"title":"Outdoor Plastic Planters - Ronbo Sunrise Pots &amp; Planters","robots":{"index":"index","follow":"follow","max-snippet":"max-snippet:-1","max-image-preview":"max-image-preview:large","max-video-preview":"max-video-preview:-1"},"canonical":"https:\/\/www.ronboplastic.com\/fr\/produit\/jardinieres-en-plastique-pour-lexterieur\/","og_locale":"fr_FR","og_type":"article","og_title":"Outdoor Plastic Planters - Ronbo Sunrise Pots &amp; Planters","og_description":"Let's face it, who wants to haul around a heavy stone or ceramic pot? That's why we have the largest selection of durable, high-quality plastic plant containers around, from large plastic pots fit for trees to small plastic flower pots. These lightweight pots are a dream come true for any plant enthusiast. We even carry plastic containers that have that beautiful stone, cement, or clay-style finish you desire (your friends will never know the difference and your back will thank you!).","og_url":"https:\/\/www.ronboplastic.com\/fr\/produit\/jardinieres-en-plastique-pour-lexterieur\/","og_site_name":"Ronbo Sunrise Pots &amp; Planters","article_modified_time":"2026-05-09T09:09:14+00:00","og_image":[{"width":800,"height":800,"url":"https:\/\/www.ronboplastic.com\/wp-content\/uploads\/2025\/09\/1-4.jpg","type":"image\/jpeg"}],"twitter_card":"summary_large_image","twitter_misc":{"Dur\u00e9e de lecture estim\u00e9e":"2 minutes"},"schema":{"@context":"https:\/\/schema.org","@graph":[{"@type":"WebPage","@id":"https:\/\/www.ronboplastic.com\/product\/outdoor-plastic-planters\/","url":"https:\/\/www.ronboplastic.com\/product\/outdoor-plastic-planters\/","name":"Outdoor Plastic Planters - Ronbo Sunrise Pots &amp; Planters","isPartOf":{"@id":"https:\/\/www.ronboplastic.com\/#website"},"primaryImageOfPage":{"@id":"https:\/\/www.ronboplastic.com\/product\/outdoor-plastic-planters\/#primaryimage"},"image":{"@id":"https:\/\/www.ronboplastic.com\/product\/outdoor-plastic-planters\/#primaryimage"},"thumbnailUrl":"https:\/\/www.ronboplastic.com\/wp-content\/uploads\/2025\/09\/1-4.jpg","datePublished":"2024-09-12T23:04:00+00:00","dateModified":"2026-05-09T09:09:14+00:00","breadcrumb":{"@id":"https:\/\/www.ronboplastic.com\/product\/outdoor-plastic-planters\/#breadcrumb"},"inLanguage":"fr-FR","potentialAction":[{"@type":"ReadAction","target":["https:\/\/www.ronboplastic.com\/product\/outdoor-plastic-planters\/"]}]},{"@type":"ImageObject","inLanguage":"fr-FR","@id":"https:\/\/www.ronboplastic.com\/product\/outdoor-plastic-planters\/#primaryimage","url":"https:\/\/www.ronboplastic.com\/wp-content\/uploads\/2025\/09\/1-4.jpg","contentUrl":"https:\/\/www.ronboplastic.com\/wp-content\/uploads\/2025\/09\/1-4.jpg","width":800,"height":800,"caption":"factory directly sell"},{"@type":"BreadcrumbList","@id":"https:\/\/www.ronboplastic.com\/product\/outdoor-plastic-planters\/#breadcrumb","itemListElement":[{"@type":"ListItem","position":1,"name":"\u9996\u9875","item":"https:\/\/www.ronboplastic.com\/"},{"@type":"ListItem","position":2,"name":"Products","item":"http:\/\/www.ronboplastic.com\/products\/"},{"@type":"ListItem","position":3,"name":"Outdoor Plastic Planters"}]},{"@type":"WebSite","@id":"https:\/\/www.ronboplastic.com\/#website","url":"https:\/\/www.ronboplastic.com\/","name":"Ronbo Sunrise Pots &amp; Planters","description":"Pots de fleurs et jardini\u00e8res","potentialAction":[{"@type":"SearchAction","target":{"@type":"EntryPoint","urlTemplate":"https:\/\/www.ronboplastic.com\/?s={search_term_string}"},"query-input":{"@type":"PropertyValueSpecification","valueRequired":true,"valueName":"search_term_string"}}],"inLanguage":"fr-FR"}]}},"_links":{"self":[{"href":"https:\/\/www.ronboplastic.com\/fr\/wp-json\/wp\/v2\/product\/8860","targetHints":{"allow":["GET"]}}],"collection":[{"href":"https:\/\/www.ronboplastic.com\/fr\/wp-json\/wp\/v2\/product"}],"about":[{"href":"https:\/\/www.ronboplastic.com\/fr\/wp-json\/wp\/v2\/types\/product"}],"replies":[{"embeddable":true,"href":"https:\/\/www.ronboplastic.com\/fr\/wp-json\/wp\/v2\/comments?post=8860"}],"wp:featuredmedia":[{"embeddable":true,"href":"https:\/\/www.ronboplastic.com\/fr\/wp-json\/wp\/v2\/media\/8864"}],"wp:attachment":[{"href":"https:\/\/www.ronboplastic.com\/fr\/wp-json\/wp\/v2\/media?parent=8860"}],"wp:term":[{"taxonomy":"product_brand","embeddable":true,"href":"https:\/\/www.ronboplastic.com\/fr\/wp-json\/wp\/v2\/product_brand?post=8860"},{"taxonomy":"product_cat","embeddable":true,"href":"https:\/\/www.ronboplastic.com\/fr\/wp-json\/wp\/v2\/product_cat?post=8860"},{"taxonomy":"product_tag","embeddable":true,"href":"https:\/\/www.ronboplastic.com\/fr\/wp-json\/wp\/v2\/product_tag?post=8860"}],"curies":[{"name":"wp","href":"https:\/\/api.w.org\/{rel}","templated":true}]}}