{"id":8776,"date":"2024-09-10T09:52:50","date_gmt":"2024-09-10T01:52:50","guid":{"rendered":"https:\/\/www.ronboplastic.com\/index.php\/product\/10-gallon-plant-pot\/"},"modified":"2026-05-09T01:58:51","modified_gmt":"2026-05-09T08:58:51","slug":"pot-a-plantes-de-10-gallons","status":"publish","type":"product","link":"https:\/\/www.ronboplastic.com\/fr\/produit\/pot-a-plantes-de-10-gallons\/","title":{"rendered":"Pot \u00e0 plantes de 10 gallons"},"content":{"rendered":"<p>Injection-mole nursery 10 GAL POT for tropical vegetable - Ils sont parfaits pour les plantes domestiques suppl\u00e9mentaires, les fleurs, les succulentes, les semis, les boutures et les jeunes plants. - Les pots de p\u00e9pini\u00e8re sont parfaits pour \u00eatre utilis\u00e9s dans n'importe quelle ferme, \u00e0 l'int\u00e9rieur ou \u00e0 l'ext\u00e9rieur ! Ils peuvent \u00eatre r\u00e9utilis\u00e9s \u00e0 l'infini.<\/p>\n<p><strong>Sp\u00e9cifications<\/strong><\/p>\n<section class=\"table-wrap\">\n<table class=\"table\" border=\"1\" width=\"NaN\" cellspacing=\"0\" cellpadding=\"0\">\n<tbody>\n<tr class=\"firstRow\">\n<td width=\"181\">Num\u00e9ro de mod\u00e8le<\/td>\n<td width=\"181\">RB-G010<\/td>\n<td colspan=\"1\" rowspan=\"1\" valign=\"null\" width=\"181\">RB-G010HI<\/td>\n<\/tr>\n<tr>\n<td width=\"181\">Type de plastique<\/td>\n<td width=\"181\">PP<\/td>\n<td colspan=\"1\" rowspan=\"1\" valign=\"null\" width=\"181\">PP<\/td>\n<\/tr>\n<tr>\n<td width=\"181\">Type<\/td>\n<td width=\"181\">Propagation<\/td>\n<td colspan=\"1\" rowspan=\"1\" valign=\"null\" width=\"181\">Propagation<\/td>\n<\/tr>\n<tr>\n<td width=\"181\">Diam\u00e8tre sup\u00e9rieur<\/td>\n<td width=\"181\">41.8cm\/16.46inch<\/td>\n<td colspan=\"1\" rowspan=\"1\" valign=\"null\" width=\"181\">40cm\/15.75inch<\/td>\n<\/tr>\n<tr>\n<td width=\"181\">Diam\u00e8tre du fond<\/td>\n<td width=\"181\">33.5cm\/13.19inch<\/td>\n<td colspan=\"1\" rowspan=\"1\" valign=\"null\" width=\"181\">32.5cm\/12.8inch<\/td>\n<\/tr>\n<tr>\n<td width=\"181\">Hauteur<\/td>\n<td width=\"181\">30cm\/11.81inch<\/td>\n<td colspan=\"1\" rowspan=\"1\" valign=\"null\" width=\"181\">37.5cm\/14.76inch<\/td>\n<\/tr>\n<tr>\n<td width=\"181\">Volume<\/td>\n<td width=\"181\">30.6L\/8.1Gal<\/td>\n<td colspan=\"1\" rowspan=\"1\" valign=\"null\" width=\"181\">35.1L\/9.3Gal<\/td>\n<\/tr>\n<\/tbody>\n<\/table>\n<\/section>\n<p><img loading=\"lazy\" decoding=\"async\" title=\"10_01\" src=\"https:\/\/www.ronboplastic.com\/wp-content\/uploads\/2025\/09\/2022090116532288d347a34c7042198e36b6d32bc29e0c.jpg\" alt=\"10_01\" width=\"800\" height=\"1714\" border=\"0\" vspace=\"0\" \/><\/p>\n<p><img loading=\"lazy\" decoding=\"async\" title=\"10_02\" src=\"https:\/\/www.ronboplastic.com\/wp-content\/uploads\/2025\/09\/202209011653263ec9ecfe74134e5a8eb0a84ab1556762.jpg\" width=\"800\" height=\"2022\" \/><\/p>\n<p class=\"productsTags\">Hot Tags : 10 gallon plant pot, fournisseurs, fabricants, usine, grossiste, \u00e0 vendre<\/p>","protected":false},"excerpt":{"rendered":"<p>Injection-mole nursery 10 GAL POT for tropical vegetable - Ils sont parfaits pour les plantes domestiques suppl\u00e9mentaires, les fleurs, les succulentes, les semis, les boutures et les jeunes plants. - Les pots de p\u00e9pini\u00e8re sont parfaits pour \u00eatre utilis\u00e9s dans n'importe quelle ferme, \u00e0 l'int\u00e9rieur ou \u00e0 l'ext\u00e9rieur ! Ils peuvent \u00eatre r\u00e9utilis\u00e9s \u00e0 l'infini.<\/p>","protected":false},"featured_media":8780,"comment_status":"open","ping_status":"open","template":"","meta":[],"product_brand":[],"product_cat":[143],"product_tag":[75],"class_list":{"0":"post-8776","1":"product","2":"type-product","3":"status-publish","4":"has-post-thumbnail","6":"product_cat-gallon-pots-nursery","7":"product_tag-10-gallon-pots","9":"first","10":"instock","11":"shipping-taxable","12":"product-type-simple"},"yoast_head":"<!-- This site is optimized with the Yoast SEO plugin v26.1.1 - https:\/\/yoast.com\/wordpress\/plugins\/seo\/ -->\n<title>10 Gallon Plant Pot - Ronbo Sunrise Pots &amp; Planters<\/title>\n<meta name=\"robots\" content=\"index, follow, max-snippet:-1, max-image-preview:large, max-video-preview:-1\" \/>\n<link rel=\"canonical\" href=\"https:\/\/www.ronboplastic.com\/fr\/produit\/pot-a-plantes-de-10-gallons\/\" \/>\n<meta property=\"og:locale\" content=\"fr_FR\" \/>\n<meta property=\"og:type\" content=\"article\" \/>\n<meta property=\"og:title\" content=\"10 Gallon Plant Pot - Ronbo Sunrise Pots &amp; Planters\" \/>\n<meta property=\"og:description\" content=\"Injection-mole nursery 10 GAL POT for tropical vegetable \u00b7 They are entire for domestic extra plants, bloom, succulents, seedlings, cuttings and seedlings. \u00b7 The pot is made of flowing moldable, which is recyclable and lightweight .Nursery Pots are GREAT for manner in any farm indoors or outdoor! Can be reused again and again.\" \/>\n<meta property=\"og:url\" content=\"https:\/\/www.ronboplastic.com\/fr\/produit\/pot-a-plantes-de-10-gallons\/\" \/>\n<meta property=\"og:site_name\" content=\"Ronbo Sunrise Pots &amp; Planters\" \/>\n<meta property=\"article:modified_time\" content=\"2026-05-09T08:58:51+00:00\" \/>\n<meta property=\"og:image\" content=\"https:\/\/www.ronboplastic.com\/wp-content\/uploads\/2025\/09\/RB-G010.jpg\" \/>\n\t<meta property=\"og:image:width\" content=\"800\" \/>\n\t<meta property=\"og:image:height\" content=\"800\" \/>\n\t<meta property=\"og:image:type\" content=\"image\/jpeg\" \/>\n<meta name=\"twitter:card\" content=\"summary_large_image\" \/>\n<script type=\"application\/ld+json\" class=\"yoast-schema-graph\">{\"@context\":\"https:\/\/schema.org\",\"@graph\":[{\"@type\":\"WebPage\",\"@id\":\"https:\/\/www.ronboplastic.com\/product\/10-gallon-plant-pot\/\",\"url\":\"https:\/\/www.ronboplastic.com\/product\/10-gallon-plant-pot\/\",\"name\":\"10 Gallon Plant Pot - Ronbo Sunrise Pots &amp; Planters\",\"isPartOf\":{\"@id\":\"https:\/\/www.ronboplastic.com\/#website\"},\"primaryImageOfPage\":{\"@id\":\"https:\/\/www.ronboplastic.com\/product\/10-gallon-plant-pot\/#primaryimage\"},\"image\":{\"@id\":\"https:\/\/www.ronboplastic.com\/product\/10-gallon-plant-pot\/#primaryimage\"},\"thumbnailUrl\":\"https:\/\/www.ronboplastic.com\/wp-content\/uploads\/2025\/09\/RB-G010.jpg\",\"datePublished\":\"2024-09-10T01:52:50+00:00\",\"dateModified\":\"2026-05-09T08:58:51+00:00\",\"breadcrumb\":{\"@id\":\"https:\/\/www.ronboplastic.com\/product\/10-gallon-plant-pot\/#breadcrumb\"},\"inLanguage\":\"fr-FR\",\"potentialAction\":[{\"@type\":\"ReadAction\",\"target\":[\"https:\/\/www.ronboplastic.com\/product\/10-gallon-plant-pot\/\"]}]},{\"@type\":\"ImageObject\",\"inLanguage\":\"fr-FR\",\"@id\":\"https:\/\/www.ronboplastic.com\/product\/10-gallon-plant-pot\/#primaryimage\",\"url\":\"https:\/\/www.ronboplastic.com\/wp-content\/uploads\/2025\/09\/RB-G010.jpg\",\"contentUrl\":\"https:\/\/www.ronboplastic.com\/wp-content\/uploads\/2025\/09\/RB-G010.jpg\",\"width\":800,\"height\":800,\"caption\":\"galon pots wholesale\"},{\"@type\":\"BreadcrumbList\",\"@id\":\"https:\/\/www.ronboplastic.com\/product\/10-gallon-plant-pot\/#breadcrumb\",\"itemListElement\":[{\"@type\":\"ListItem\",\"position\":1,\"name\":\"\u9996\u9875\",\"item\":\"https:\/\/www.ronboplastic.com\/\"},{\"@type\":\"ListItem\",\"position\":2,\"name\":\"Products\",\"item\":\"http:\/\/www.ronboplastic.com\/products\/\"},{\"@type\":\"ListItem\",\"position\":3,\"name\":\"10 Gallon Plant Pot\"}]},{\"@type\":\"WebSite\",\"@id\":\"https:\/\/www.ronboplastic.com\/#website\",\"url\":\"https:\/\/www.ronboplastic.com\/\",\"name\":\"Ronbo Sunrise Pots &amp; Planters\",\"description\":\"Flower Pots &amp; Planters\",\"potentialAction\":[{\"@type\":\"SearchAction\",\"target\":{\"@type\":\"EntryPoint\",\"urlTemplate\":\"https:\/\/www.ronboplastic.com\/?s={search_term_string}\"},\"query-input\":{\"@type\":\"PropertyValueSpecification\",\"valueRequired\":true,\"valueName\":\"search_term_string\"}}],\"inLanguage\":\"fr-FR\"}]}<\/script>\n<!-- \/ Yoast SEO plugin. -->","yoast_head_json":{"title":"10 Gallon Plant Pot - Ronbo Sunrise Pots &amp; Planters","robots":{"index":"index","follow":"follow","max-snippet":"max-snippet:-1","max-image-preview":"max-image-preview:large","max-video-preview":"max-video-preview:-1"},"canonical":"https:\/\/www.ronboplastic.com\/fr\/produit\/pot-a-plantes-de-10-gallons\/","og_locale":"fr_FR","og_type":"article","og_title":"10 Gallon Plant Pot - Ronbo Sunrise Pots &amp; Planters","og_description":"Injection-mole nursery 10 GAL POT for tropical vegetable \u00b7 They are entire for domestic extra plants, bloom, succulents, seedlings, cuttings and seedlings. \u00b7 The pot is made of flowing moldable, which is recyclable and lightweight .Nursery Pots are GREAT for manner in any farm indoors or outdoor! Can be reused again and again.","og_url":"https:\/\/www.ronboplastic.com\/fr\/produit\/pot-a-plantes-de-10-gallons\/","og_site_name":"Ronbo Sunrise Pots &amp; Planters","article_modified_time":"2026-05-09T08:58:51+00:00","og_image":[{"width":800,"height":800,"url":"https:\/\/www.ronboplastic.com\/wp-content\/uploads\/2025\/09\/RB-G010.jpg","type":"image\/jpeg"}],"twitter_card":"summary_large_image","schema":{"@context":"https:\/\/schema.org","@graph":[{"@type":"WebPage","@id":"https:\/\/www.ronboplastic.com\/product\/10-gallon-plant-pot\/","url":"https:\/\/www.ronboplastic.com\/product\/10-gallon-plant-pot\/","name":"10 Gallon Plant Pot - Ronbo Sunrise Pots &amp; Planters","isPartOf":{"@id":"https:\/\/www.ronboplastic.com\/#website"},"primaryImageOfPage":{"@id":"https:\/\/www.ronboplastic.com\/product\/10-gallon-plant-pot\/#primaryimage"},"image":{"@id":"https:\/\/www.ronboplastic.com\/product\/10-gallon-plant-pot\/#primaryimage"},"thumbnailUrl":"https:\/\/www.ronboplastic.com\/wp-content\/uploads\/2025\/09\/RB-G010.jpg","datePublished":"2024-09-10T01:52:50+00:00","dateModified":"2026-05-09T08:58:51+00:00","breadcrumb":{"@id":"https:\/\/www.ronboplastic.com\/product\/10-gallon-plant-pot\/#breadcrumb"},"inLanguage":"fr-FR","potentialAction":[{"@type":"ReadAction","target":["https:\/\/www.ronboplastic.com\/product\/10-gallon-plant-pot\/"]}]},{"@type":"ImageObject","inLanguage":"fr-FR","@id":"https:\/\/www.ronboplastic.com\/product\/10-gallon-plant-pot\/#primaryimage","url":"https:\/\/www.ronboplastic.com\/wp-content\/uploads\/2025\/09\/RB-G010.jpg","contentUrl":"https:\/\/www.ronboplastic.com\/wp-content\/uploads\/2025\/09\/RB-G010.jpg","width":800,"height":800,"caption":"galon pots wholesale"},{"@type":"BreadcrumbList","@id":"https:\/\/www.ronboplastic.com\/product\/10-gallon-plant-pot\/#breadcrumb","itemListElement":[{"@type":"ListItem","position":1,"name":"\u9996\u9875","item":"https:\/\/www.ronboplastic.com\/"},{"@type":"ListItem","position":2,"name":"Products","item":"http:\/\/www.ronboplastic.com\/products\/"},{"@type":"ListItem","position":3,"name":"10 Gallon Plant Pot"}]},{"@type":"WebSite","@id":"https:\/\/www.ronboplastic.com\/#website","url":"https:\/\/www.ronboplastic.com\/","name":"Ronbo Sunrise Pots &amp; Planters","description":"Pots de fleurs et jardini\u00e8res","potentialAction":[{"@type":"SearchAction","target":{"@type":"EntryPoint","urlTemplate":"https:\/\/www.ronboplastic.com\/?s={search_term_string}"},"query-input":{"@type":"PropertyValueSpecification","valueRequired":true,"valueName":"search_term_string"}}],"inLanguage":"fr-FR"}]}},"_links":{"self":[{"href":"https:\/\/www.ronboplastic.com\/fr\/wp-json\/wp\/v2\/product\/8776","targetHints":{"allow":["GET"]}}],"collection":[{"href":"https:\/\/www.ronboplastic.com\/fr\/wp-json\/wp\/v2\/product"}],"about":[{"href":"https:\/\/www.ronboplastic.com\/fr\/wp-json\/wp\/v2\/types\/product"}],"replies":[{"embeddable":true,"href":"https:\/\/www.ronboplastic.com\/fr\/wp-json\/wp\/v2\/comments?post=8776"}],"wp:featuredmedia":[{"embeddable":true,"href":"https:\/\/www.ronboplastic.com\/fr\/wp-json\/wp\/v2\/media\/8780"}],"wp:attachment":[{"href":"https:\/\/www.ronboplastic.com\/fr\/wp-json\/wp\/v2\/media?parent=8776"}],"wp:term":[{"taxonomy":"product_brand","embeddable":true,"href":"https:\/\/www.ronboplastic.com\/fr\/wp-json\/wp\/v2\/product_brand?post=8776"},{"taxonomy":"product_cat","embeddable":true,"href":"https:\/\/www.ronboplastic.com\/fr\/wp-json\/wp\/v2\/product_cat?post=8776"},{"taxonomy":"product_tag","embeddable":true,"href":"https:\/\/www.ronboplastic.com\/fr\/wp-json\/wp\/v2\/product_tag?post=8776"}],"curies":[{"name":"wp","href":"https:\/\/api.w.org\/{rel}","templated":true}]}}