{"id":8762,"date":"2024-09-10T09:45:34","date_gmt":"2024-09-10T01:45:34","guid":{"rendered":"https:\/\/www.ronboplastic.com\/index.php\/product\/7-gallon-pot\/"},"modified":"2025-09-08T14:15:30","modified_gmt":"2025-09-08T06:15:30","slug":"pot-de-7-gallons","status":"publish","type":"product","link":"https:\/\/www.ronboplastic.com\/fr\/produit\/pot-de-7-gallons\/","title":{"rendered":"Pot de 7 gallons"},"content":{"rendered":"<p>Le pot de p\u00e9pini\u00e8re de 7 gallons moul\u00e9 par soufflage est fabriqu\u00e9 en r\u00e9sine de poly\u00e9thyl\u00e8ne flexible, durable et sans BPA. Une large base assure la stabilit\u00e9 lors de la croissance de plantes hautes. Le drainage lat\u00e9ral am\u00e9liore l'a\u00e9ration des racines des plantes pour un bon \u00e9quilibre entre l'air et l'eau. Prot\u00e9g\u00e9 contre les UV. Drainage par le bas en plus des trous de drainage lat\u00e9raux Moul\u00e9 par soufflage comme alternative \u00e9conomique aux conteneurs plus lourds moul\u00e9s par injection Rebord solide et poign\u00e9es pour faciliter la man\u0153uvre Prot\u00e9g\u00e9 contre les UV, il ne se d\u00e9colorera pas au soleil.<\/p>\n<p><strong>Sp\u00e9cifications<\/strong><\/p>\n<section class=\"table-wrap\">\n<table class=\"table\" border=\"1\" width=\"NaN\" cellspacing=\"0\" cellpadding=\"0\">\n<tbody>\n<tr class=\"firstRow\">\n<td width=\"140\">Num\u00e9ro de mod\u00e8le<\/td>\n<td width=\"140\">RB-G007<\/td>\n<td colspan=\"1\" rowspan=\"1\" valign=\"null\" width=\"140\">RB-G007T<\/td>\n<td colspan=\"1\" rowspan=\"1\" valign=\"null\" width=\"140\">RB-G007M<\/td>\n<\/tr>\n<tr>\n<td width=\"140\">Type de plastique<\/td>\n<td width=\"140\">PP<\/td>\n<td colspan=\"1\" rowspan=\"1\" valign=\"null\" width=\"140\">PP<\/td>\n<td colspan=\"1\" rowspan=\"1\" valign=\"null\" width=\"140\">PP<\/td>\n<\/tr>\n<tr>\n<td width=\"140\">Type<\/td>\n<td width=\"140\">Propagation<\/td>\n<td colspan=\"1\" rowspan=\"1\" valign=\"null\" width=\"140\">Propagation<\/td>\n<td colspan=\"1\" rowspan=\"1\" valign=\"null\" width=\"140\">Propagation<\/td>\n<\/tr>\n<tr>\n<td width=\"140\">Diam\u00e8tre sup\u00e9rieur<\/td>\n<td width=\"140\">36cm\/14.17inch<\/td>\n<td colspan=\"1\" rowspan=\"1\" valign=\"null\" width=\"140\">32cm\/12.6inch<\/td>\n<td colspan=\"1\" rowspan=\"1\" valign=\"null\" width=\"140\">32.5cm\/13inch<\/td>\n<\/tr>\n<tr>\n<td width=\"140\">Diam\u00e8tre du fond<\/td>\n<td width=\"140\">29cm\/11.46inch<\/td>\n<td colspan=\"1\" rowspan=\"1\" valign=\"null\" width=\"140\">26cm\/10.24inch<\/td>\n<td colspan=\"1\" rowspan=\"1\" valign=\"null\" width=\"140\">25cm\/9.9inch<\/td>\n<\/tr>\n<tr>\n<td width=\"140\">Hauteur<\/td>\n<td width=\"140\">28.6cm\/11.26inch<\/td>\n<td colspan=\"1\" rowspan=\"1\" valign=\"null\" width=\"140\">35cm\/13.78inch<\/td>\n<td colspan=\"1\" rowspan=\"1\" valign=\"null\" width=\"140\">27cm\/10.6inch<\/td>\n<\/tr>\n<tr>\n<td width=\"140\">Volume<\/td>\n<td width=\"140\">21.8L\/5.8Gal<\/td>\n<td colspan=\"1\" rowspan=\"1\" valign=\"null\" width=\"140\">21.2L\/5.6Gal<\/td>\n<td colspan=\"1\" rowspan=\"1\" valign=\"null\" width=\"140\">15.5L\/4.1Gal<\/td>\n<\/tr>\n<\/tbody>\n<\/table>\n<\/section>\n<p><img loading=\"lazy\" decoding=\"async\" src=\"https:\/\/www.ronboplastic.com\/wp-content\/uploads\/2025\/09\/20220507094239da5904a90e2844cbb44d0b71f3bb9d49.jpg\" alt=\"Pot de 7 gallons\" width=\"750\" height=\"750\" \/><\/p>\n<p><img loading=\"lazy\" decoding=\"async\" src=\"https:\/\/www.ronboplastic.com\/wp-content\/uploads\/2025\/09\/2022050709423913b41842caf64648bdcd7b9c6b8c93b2.jpg\" alt=\"Pot de 7 gallons\" width=\"750\" height=\"750\" \/><\/p>\n<p><img loading=\"lazy\" decoding=\"async\" src=\"https:\/\/www.ronboplastic.com\/wp-content\/uploads\/2025\/09\/202205070942390224bc6a5517414d8cf42a785c3b4bbe.jpg\" alt=\"Pot de 7 gallons\" width=\"750\" height=\"750\" \/><\/p>\n<p><img loading=\"lazy\" decoding=\"async\" src=\"https:\/\/www.ronboplastic.com\/wp-content\/uploads\/2025\/09\/202205070942407251491c31e04242a4494a6da9d4b379.jpg\" alt=\"Pot Gallon\" width=\"750\" height=\"750\" \/><\/p>\n<p class=\"productsTags\">Hot Tags : 7 gallon pot, fournisseurs, fabricants, usine, grossiste, \u00e0 vendre<\/p>","protected":false},"excerpt":{"rendered":"<p>Le pot de p\u00e9pini\u00e8re de 7 gallons moul\u00e9 par soufflage est fabriqu\u00e9 en r\u00e9sine de poly\u00e9thyl\u00e8ne flexible, durable et sans BPA. Une large base assure la stabilit\u00e9 lors de la croissance de plantes hautes. Le drainage lat\u00e9ral am\u00e9liore l'a\u00e9ration des racines des plantes pour un bon \u00e9quilibre entre l'air et l'eau. Prot\u00e9g\u00e9 contre les UV. Drainage par le bas en plus des trous de drainage lat\u00e9raux Moul\u00e9 par soufflage comme alternative \u00e9conomique aux conteneurs plus lourds moul\u00e9s par injection Rebord solide et poign\u00e9es pour faciliter la man\u0153uvre Prot\u00e9g\u00e9 contre les UV, il ne se d\u00e9colorera pas au soleil.<\/p>","protected":false},"featured_media":8768,"comment_status":"open","ping_status":"open","template":"","meta":[],"product_brand":[],"product_cat":[72],"product_tag":[],"class_list":{"0":"post-8762","1":"product","2":"type-product","3":"status-publish","4":"has-post-thumbnail","6":"product_cat-gallon-pots","8":"first","9":"instock","10":"shipping-taxable","11":"product-type-simple"},"yoast_head":"<!-- This site is optimized with the Yoast SEO plugin v26.1.1 - https:\/\/yoast.com\/wordpress\/plugins\/seo\/ -->\n<title>7 Gallon Pot - Ronbo Sunrise Pots &amp; Planters<\/title>\n<meta name=\"robots\" content=\"index, follow, max-snippet:-1, max-image-preview:large, max-video-preview:-1\" \/>\n<link rel=\"canonical\" href=\"https:\/\/www.ronboplastic.com\/fr\/produit\/pot-de-7-gallons\/\" \/>\n<meta property=\"og:locale\" content=\"fr_FR\" \/>\n<meta property=\"og:type\" content=\"article\" \/>\n<meta property=\"og:title\" content=\"7 Gallon Pot - Ronbo Sunrise Pots &amp; Planters\" \/>\n<meta property=\"og:description\" content=\"7 gallons blow-molded nursery pot is manufactured in flexible, durable, BPA free polyethylene resin. A wide base offers stability when tall plants are growing. Side drainage improves plant root aeration for a good balance of air and water. UV-protected. Bottom drainage in addition to side drainage holes Blow-Molded as an economical alternative to heavier injection molded containers Strong rim and handles for easy maneuvering UV-protected so it won&#039;t fade in the sun.\" \/>\n<meta property=\"og:url\" content=\"https:\/\/www.ronboplastic.com\/fr\/produit\/pot-de-7-gallons\/\" \/>\n<meta property=\"og:site_name\" content=\"Ronbo Sunrise Pots &amp; Planters\" \/>\n<meta property=\"article:modified_time\" content=\"2025-09-08T06:15:30+00:00\" \/>\n<meta property=\"og:image\" content=\"https:\/\/www.ronboplastic.com\/wp-content\/uploads\/2025\/09\/RB-G007front.jpg\" \/>\n\t<meta property=\"og:image:width\" content=\"750\" \/>\n\t<meta property=\"og:image:height\" content=\"750\" \/>\n\t<meta property=\"og:image:type\" content=\"image\/jpeg\" \/>\n<meta name=\"twitter:card\" content=\"summary_large_image\" \/>\n<meta name=\"twitter:label1\" content=\"Dur\u00e9e de lecture estim\u00e9e\" \/>\n\t<meta name=\"twitter:data1\" content=\"1 minute\" \/>\n<script type=\"application\/ld+json\" class=\"yoast-schema-graph\">{\"@context\":\"https:\/\/schema.org\",\"@graph\":[{\"@type\":\"WebPage\",\"@id\":\"https:\/\/www.ronboplastic.com\/ru\/%d0%bf%d1%80%d0%be%d0%b4%d1%83%d0%ba%d1%82\/7-2\/\",\"url\":\"https:\/\/www.ronboplastic.com\/ru\/%d0%bf%d1%80%d0%be%d0%b4%d1%83%d0%ba%d1%82\/7-2\/\",\"name\":\"7 Gallon Pot - Ronbo Sunrise Pots &amp; Planters\",\"isPartOf\":{\"@id\":\"https:\/\/www.ronboplastic.com\/#website\"},\"primaryImageOfPage\":{\"@id\":\"https:\/\/www.ronboplastic.com\/ru\/%d0%bf%d1%80%d0%be%d0%b4%d1%83%d0%ba%d1%82\/7-2\/#primaryimage\"},\"image\":{\"@id\":\"https:\/\/www.ronboplastic.com\/ru\/%d0%bf%d1%80%d0%be%d0%b4%d1%83%d0%ba%d1%82\/7-2\/#primaryimage\"},\"thumbnailUrl\":\"https:\/\/www.ronboplastic.com\/wp-content\/uploads\/2025\/09\/RB-G007front.jpg\",\"datePublished\":\"2024-09-10T01:45:34+00:00\",\"dateModified\":\"2025-09-08T06:15:30+00:00\",\"breadcrumb\":{\"@id\":\"https:\/\/www.ronboplastic.com\/ru\/%d0%bf%d1%80%d0%be%d0%b4%d1%83%d0%ba%d1%82\/7-2\/#breadcrumb\"},\"inLanguage\":\"fr-FR\",\"potentialAction\":[{\"@type\":\"ReadAction\",\"target\":[\"https:\/\/www.ronboplastic.com\/ru\/%d0%bf%d1%80%d0%be%d0%b4%d1%83%d0%ba%d1%82\/7-2\/\"]}]},{\"@type\":\"ImageObject\",\"inLanguage\":\"fr-FR\",\"@id\":\"https:\/\/www.ronboplastic.com\/ru\/%d0%bf%d1%80%d0%be%d0%b4%d1%83%d0%ba%d1%82\/7-2\/#primaryimage\",\"url\":\"https:\/\/www.ronboplastic.com\/wp-content\/uploads\/2025\/09\/RB-G007front.jpg\",\"contentUrl\":\"https:\/\/www.ronboplastic.com\/wp-content\/uploads\/2025\/09\/RB-G007front.jpg\",\"width\":750,\"height\":750,\"caption\":\"galon pots wholesale\"},{\"@type\":\"BreadcrumbList\",\"@id\":\"https:\/\/www.ronboplastic.com\/ru\/%d0%bf%d1%80%d0%be%d0%b4%d1%83%d0%ba%d1%82\/7-2\/#breadcrumb\",\"itemListElement\":[{\"@type\":\"ListItem\",\"position\":1,\"name\":\"\u9996\u9875\",\"item\":\"https:\/\/www.ronboplastic.com\/\"},{\"@type\":\"ListItem\",\"position\":2,\"name\":\"Products\",\"item\":\"http:\/\/www.ronboplastic.com\/products\/\"},{\"@type\":\"ListItem\",\"position\":3,\"name\":\"7 Gallon Pot\"}]},{\"@type\":\"WebSite\",\"@id\":\"https:\/\/www.ronboplastic.com\/#website\",\"url\":\"https:\/\/www.ronboplastic.com\/\",\"name\":\"Ronbo Sunrise Pots &amp; Planters\",\"description\":\"Flower Pots &amp; Planters\",\"potentialAction\":[{\"@type\":\"SearchAction\",\"target\":{\"@type\":\"EntryPoint\",\"urlTemplate\":\"https:\/\/www.ronboplastic.com\/?s={search_term_string}\"},\"query-input\":{\"@type\":\"PropertyValueSpecification\",\"valueRequired\":true,\"valueName\":\"search_term_string\"}}],\"inLanguage\":\"fr-FR\"}]}<\/script>\n<!-- \/ Yoast SEO plugin. -->","yoast_head_json":{"title":"7 Gallon Pot - Ronbo Sunrise Pots &amp; Planters","robots":{"index":"index","follow":"follow","max-snippet":"max-snippet:-1","max-image-preview":"max-image-preview:large","max-video-preview":"max-video-preview:-1"},"canonical":"https:\/\/www.ronboplastic.com\/fr\/produit\/pot-de-7-gallons\/","og_locale":"fr_FR","og_type":"article","og_title":"7 Gallon Pot - Ronbo Sunrise Pots &amp; Planters","og_description":"7 gallons blow-molded nursery pot is manufactured in flexible, durable, BPA free polyethylene resin. A wide base offers stability when tall plants are growing. Side drainage improves plant root aeration for a good balance of air and water. UV-protected. Bottom drainage in addition to side drainage holes Blow-Molded as an economical alternative to heavier injection molded containers Strong rim and handles for easy maneuvering UV-protected so it won't fade in the sun.","og_url":"https:\/\/www.ronboplastic.com\/fr\/produit\/pot-de-7-gallons\/","og_site_name":"Ronbo Sunrise Pots &amp; Planters","article_modified_time":"2025-09-08T06:15:30+00:00","og_image":[{"width":750,"height":750,"url":"https:\/\/www.ronboplastic.com\/wp-content\/uploads\/2025\/09\/RB-G007front.jpg","type":"image\/jpeg"}],"twitter_card":"summary_large_image","twitter_misc":{"Dur\u00e9e de lecture estim\u00e9e":"1 minute"},"schema":{"@context":"https:\/\/schema.org","@graph":[{"@type":"WebPage","@id":"https:\/\/www.ronboplastic.com\/ru\/%d0%bf%d1%80%d0%be%d0%b4%d1%83%d0%ba%d1%82\/7-2\/","url":"https:\/\/www.ronboplastic.com\/ru\/%d0%bf%d1%80%d0%be%d0%b4%d1%83%d0%ba%d1%82\/7-2\/","name":"7 Gallon Pot - Ronbo Sunrise Pots &amp; Planters","isPartOf":{"@id":"https:\/\/www.ronboplastic.com\/#website"},"primaryImageOfPage":{"@id":"https:\/\/www.ronboplastic.com\/ru\/%d0%bf%d1%80%d0%be%d0%b4%d1%83%d0%ba%d1%82\/7-2\/#primaryimage"},"image":{"@id":"https:\/\/www.ronboplastic.com\/ru\/%d0%bf%d1%80%d0%be%d0%b4%d1%83%d0%ba%d1%82\/7-2\/#primaryimage"},"thumbnailUrl":"https:\/\/www.ronboplastic.com\/wp-content\/uploads\/2025\/09\/RB-G007front.jpg","datePublished":"2024-09-10T01:45:34+00:00","dateModified":"2025-09-08T06:15:30+00:00","breadcrumb":{"@id":"https:\/\/www.ronboplastic.com\/ru\/%d0%bf%d1%80%d0%be%d0%b4%d1%83%d0%ba%d1%82\/7-2\/#breadcrumb"},"inLanguage":"fr-FR","potentialAction":[{"@type":"ReadAction","target":["https:\/\/www.ronboplastic.com\/ru\/%d0%bf%d1%80%d0%be%d0%b4%d1%83%d0%ba%d1%82\/7-2\/"]}]},{"@type":"ImageObject","inLanguage":"fr-FR","@id":"https:\/\/www.ronboplastic.com\/ru\/%d0%bf%d1%80%d0%be%d0%b4%d1%83%d0%ba%d1%82\/7-2\/#primaryimage","url":"https:\/\/www.ronboplastic.com\/wp-content\/uploads\/2025\/09\/RB-G007front.jpg","contentUrl":"https:\/\/www.ronboplastic.com\/wp-content\/uploads\/2025\/09\/RB-G007front.jpg","width":750,"height":750,"caption":"galon pots wholesale"},{"@type":"BreadcrumbList","@id":"https:\/\/www.ronboplastic.com\/ru\/%d0%bf%d1%80%d0%be%d0%b4%d1%83%d0%ba%d1%82\/7-2\/#breadcrumb","itemListElement":[{"@type":"ListItem","position":1,"name":"\u9996\u9875","item":"https:\/\/www.ronboplastic.com\/"},{"@type":"ListItem","position":2,"name":"Products","item":"http:\/\/www.ronboplastic.com\/products\/"},{"@type":"ListItem","position":3,"name":"7 Gallon Pot"}]},{"@type":"WebSite","@id":"https:\/\/www.ronboplastic.com\/#website","url":"https:\/\/www.ronboplastic.com\/","name":"Ronbo Sunrise Pots &amp; Planters","description":"Pots de fleurs et jardini\u00e8res","potentialAction":[{"@type":"SearchAction","target":{"@type":"EntryPoint","urlTemplate":"https:\/\/www.ronboplastic.com\/?s={search_term_string}"},"query-input":{"@type":"PropertyValueSpecification","valueRequired":true,"valueName":"search_term_string"}}],"inLanguage":"fr-FR"}]}},"_links":{"self":[{"href":"https:\/\/www.ronboplastic.com\/fr\/wp-json\/wp\/v2\/product\/8762","targetHints":{"allow":["GET"]}}],"collection":[{"href":"https:\/\/www.ronboplastic.com\/fr\/wp-json\/wp\/v2\/product"}],"about":[{"href":"https:\/\/www.ronboplastic.com\/fr\/wp-json\/wp\/v2\/types\/product"}],"replies":[{"embeddable":true,"href":"https:\/\/www.ronboplastic.com\/fr\/wp-json\/wp\/v2\/comments?post=8762"}],"wp:featuredmedia":[{"embeddable":true,"href":"https:\/\/www.ronboplastic.com\/fr\/wp-json\/wp\/v2\/media\/8768"}],"wp:attachment":[{"href":"https:\/\/www.ronboplastic.com\/fr\/wp-json\/wp\/v2\/media?parent=8762"}],"wp:term":[{"taxonomy":"product_brand","embeddable":true,"href":"https:\/\/www.ronboplastic.com\/fr\/wp-json\/wp\/v2\/product_brand?post=8762"},{"taxonomy":"product_cat","embeddable":true,"href":"https:\/\/www.ronboplastic.com\/fr\/wp-json\/wp\/v2\/product_cat?post=8762"},{"taxonomy":"product_tag","embeddable":true,"href":"https:\/\/www.ronboplastic.com\/fr\/wp-json\/wp\/v2\/product_tag?post=8762"}],"curies":[{"name":"wp","href":"https:\/\/api.w.org\/{rel}","templated":true}]}}