{"id":8747,"date":"2024-09-10T09:41:24","date_gmt":"2024-09-10T01:41:24","guid":{"rendered":"https:\/\/www.ronboplastic.com\/index.php\/product\/5-gallon-nursery-pots\/"},"modified":"2025-09-08T14:15:25","modified_gmt":"2025-09-08T06:15:25","slug":"pots-de-pepiniere-de-5-gallons","status":"publish","type":"product","link":"https:\/\/www.ronboplastic.com\/fr\/produit\/pots-de-pepiniere-de-5-gallons\/","title":{"rendered":"Pots de p\u00e9pini\u00e8re de 5 gallons"},"content":{"rendered":"<p>Notre pot de 5 gallons est la solution id\u00e9ale pour les grossistes, les supermarch\u00e9s, les p\u00e9pini\u00e8res et les fermes qui souhaitent d\u00e9velopper leur activit\u00e9 de jardinage. Fabriqu\u00e9 \u00e0 partir d'un mat\u00e9riau plastique durable et de haute qualit\u00e9, ce pot de fleurs sp\u00e9cialis\u00e9 est sp\u00e9cialement con\u00e7u pour la culture d'une vari\u00e9t\u00e9 de plantes, y compris les l\u00e9gumes, les herbes et les diff\u00e9rentes vari\u00e9t\u00e9s de cannabis.<\/p>\n<p>Pouvant contenir jusqu'\u00e0 cinq gallons de terre ou de compost, ce pot offre un espace suffisant pour la croissance des racines et est \u00e9quip\u00e9 d'un syst\u00e8me efficace de drainage de l'eau qui favorise une croissance saine des plantes. Notre pot n'est pas un pot de fleurs ordinaire, c'est un conteneur sp\u00e9cialis\u00e9 qui est construit pour durer et r\u00e9pondre aux besoins sp\u00e9cifiques des jardins de vos clients.<\/p>\n<p>\u00c0 un prix abordable, l'achat en vrac permet de r\u00e9aliser de bonnes affaires et garantit que les jardins de vos clients prosp\u00e9reront saison apr\u00e8s saison. Nos produits fiables sont con\u00e7us pour durer, ce qui en fait un excellent investissement pour tous ceux qui souhaitent d\u00e9velopper leur activit\u00e9 de jardinage.<\/p>\n<p>Ne laissez donc rien entraver votre succ\u00e8s. Investissez d\u00e8s aujourd'hui dans nos pots de 5 gallons et voyez votre entreprise prosp\u00e9rer !<\/p>\n<p>Points de valeur du produit :<br \/>\n<span class=\"nbr\">1.<\/span>\u00a0Fabrication en plastique de haute qualit\u00e9 - L\u00e9ger, facile \u00e0 d\u00e9placer et \u00e0 placer.<br \/>\n<span class=\"nbr\">2.<\/span>\u00a0Conception \u00e0 large ouverture - Pratique pour la plantation et la gestion.<br \/>\n<span class=\"nbr\">3.<\/span>\u00a0Une bonne ventilation et un bon drainage - Pr\u00e9vient l'exc\u00e8s d'eau et le pourrissement des racines, garantissant ainsi la sant\u00e9 des plantes.<br \/>\n<span class=\"nbr\">4.<\/span>\u00a0Plusieurs couleurs disponibles - S'harmonise avec diff\u00e9rents styles de d\u00e9coration de jardin et d'int\u00e9rieur.<br \/>\n<span class=\"nbr\">5.<\/span>\u00a0Forte durabilit\u00e9 - R\u00e9sistant aux UV et au climat, il peut \u00eatre utilis\u00e9 \u00e0 l'ext\u00e9rieur en toute saison.<\/p>\n<p><strong>Sp\u00e9cifications<\/strong><\/p>\n<section class=\"table-wrap\">\n<table class=\"table\" border=\"1\" width=\"NaN\" cellspacing=\"0\" cellpadding=\"0\">\n<tbody>\n<tr class=\"firstRow\">\n<td width=\"92\">Num\u00e9ro de mod\u00e8le<\/td>\n<td width=\"92\">RB-G005T<\/td>\n<td colspan=\"1\" rowspan=\"1\" valign=\"null\" width=\"92\">RB-G005A<\/td>\n<td colspan=\"1\" rowspan=\"1\" valign=\"null\" width=\"92\">RB-G005M<\/td>\n<td colspan=\"1\" rowspan=\"1\" valign=\"null\" width=\"92\">RB-G005HI<\/td>\n<td colspan=\"1\" rowspan=\"1\" valign=\"null\" width=\"92\">RB-G006<\/td>\n<\/tr>\n<tr>\n<td width=\"92\">Type de plastique<\/td>\n<td width=\"92\">PP<\/td>\n<td colspan=\"1\" rowspan=\"1\" valign=\"null\" width=\"92\">PP<\/td>\n<td colspan=\"1\" rowspan=\"1\" valign=\"null\" width=\"92\">PP<\/td>\n<td colspan=\"1\" rowspan=\"1\" valign=\"null\" width=\"92\">PP<\/td>\n<td colspan=\"1\" rowspan=\"1\" valign=\"null\" width=\"92\">PP<\/td>\n<\/tr>\n<tr>\n<td width=\"92\">Type<\/td>\n<td width=\"92\">Propagation<\/td>\n<td colspan=\"1\" rowspan=\"1\" valign=\"null\" width=\"92\">Propagation<\/td>\n<td colspan=\"1\" rowspan=\"1\" valign=\"null\" width=\"92\">Propagation<\/td>\n<td colspan=\"1\" rowspan=\"1\" valign=\"null\" width=\"92\">Propagation<\/td>\n<td colspan=\"1\" rowspan=\"1\" valign=\"null\" width=\"92\">Propagation<\/td>\n<\/tr>\n<tr>\n<td width=\"92\">Diam\u00e8tre sup\u00e9rieur<\/td>\n<td width=\"92\">28.1cm\/11.06inch<\/td>\n<td colspan=\"1\" rowspan=\"1\" valign=\"null\" width=\"92\">27cm\/10.63inch<\/td>\n<td colspan=\"1\" rowspan=\"1\" valign=\"null\" width=\"92\">28cm\/11.02inch<\/td>\n<td colspan=\"1\" rowspan=\"1\" valign=\"null\" width=\"92\">29.2cm\/11.5inch<\/td>\n<td colspan=\"1\" rowspan=\"1\" valign=\"null\" width=\"92\">32.2cm\/12.68inch<\/td>\n<\/tr>\n<tr>\n<td width=\"92\">Diam\u00e8tre du fond<\/td>\n<td width=\"92\">20.5cm\/8.07inch<\/td>\n<td colspan=\"1\" rowspan=\"1\" valign=\"null\" width=\"92\">20.3cm\/7.99inch<\/td>\n<td colspan=\"1\" rowspan=\"1\" valign=\"null\" width=\"92\">21cm\/8.27inch<\/td>\n<td colspan=\"1\" rowspan=\"1\" valign=\"null\" width=\"92\">23.3cm\/9.17inch<\/td>\n<td colspan=\"1\" rowspan=\"1\" valign=\"null\" width=\"92\">26.8cm\/10.55inch<\/td>\n<\/tr>\n<tr>\n<td width=\"92\">Hauteur<\/td>\n<td width=\"92\">29.5cm\/11.61inch<\/td>\n<td colspan=\"1\" rowspan=\"1\" valign=\"null\" width=\"92\">29.5cm\/11.61inch<\/td>\n<td colspan=\"1\" rowspan=\"1\" valign=\"null\" width=\"92\">29.5cm\/11.61inch<\/td>\n<td colspan=\"1\" rowspan=\"1\" valign=\"null\" width=\"92\">27cm\/10.63inch<\/td>\n<td colspan=\"1\" rowspan=\"1\" valign=\"null\" width=\"92\">22cm\/8.66inch<\/td>\n<\/tr>\n<tr>\n<td width=\"92\">Volume<\/td>\n<td width=\"92\">12.6L\/3.3Gal<\/td>\n<td colspan=\"1\" rowspan=\"1\" valign=\"null\" width=\"92\">11.9L\/3.1Gal<\/td>\n<td colspan=\"1\" rowspan=\"1\" valign=\"null\" width=\"92\">12.6L\/3.3Gal<\/td>\n<td colspan=\"1\" rowspan=\"1\" valign=\"null\" width=\"92\">13.6L\/3.6Gal<\/td>\n<td colspan=\"1\" rowspan=\"1\" valign=\"null\" width=\"92\">13.9L\/3.7Gal<\/td>\n<\/tr>\n<\/tbody>\n<\/table>\n<\/section>\n<p><img loading=\"lazy\" decoding=\"async\" src=\"https:\/\/www.ronboplastic.com\/wp-content\/uploads\/2025\/09\/202205070923257c1107ec546c40199ab56b19b02fbb7b.jpg\" alt=\"Pots de p\u00e9pini\u00e8re de 5 gallons\" width=\"750\" height=\"750\" \/><\/p>\n<p><img loading=\"lazy\" decoding=\"async\" src=\"https:\/\/www.ronboplastic.com\/wp-content\/uploads\/2025\/09\/202205070923264a61fb92a8d84c47ad0bc66e2c305dc8.jpg\" alt=\"Pots de p\u00e9pini\u00e8re de 5 gallons\" width=\"800\" height=\"800\" \/><\/p>\n<p><img loading=\"lazy\" decoding=\"async\" src=\"https:\/\/www.ronboplastic.com\/wp-content\/uploads\/2025\/09\/20220507092326c7fdeb2f6e5e47c19296b7be12d3a714.jpg\" alt=\"Pots de p\u00e9pini\u00e8re de 5 gallons\" width=\"800\" height=\"800\" \/><\/p>\n<p><img loading=\"lazy\" decoding=\"async\" src=\"https:\/\/www.ronboplastic.com\/wp-content\/uploads\/2025\/09\/202205070923268480b2c6a37545839f66cd6fd314641c.jpg\" alt=\"Pots de p\u00e9pini\u00e8re de 5 gallons\" width=\"800\" height=\"800\" \/><\/p>\n<p><img loading=\"lazy\" decoding=\"async\" src=\"https:\/\/www.ronboplastic.com\/wp-content\/uploads\/2025\/09\/20220507092327e234ff8939a448c498de8954153ccca8.jpg\" alt=\"Pots de p\u00e9pini\u00e8re de 5 gallons\" width=\"750\" height=\"750\" \/><\/p>\n<p class=\"productsTags\">Hot Tags : Ronbo Sunrise, pots de fleurs en plastique de 5 gallons, fournisseur de pots en plastique, fournitures de jardinage, pots de fleurs de haute qualit\u00e9<\/p>","protected":false},"excerpt":{"rendered":"<p>Ronbo Sunrise est un fournisseur de premier plan de pots de fleurs en plastique de 5 gallons. Nos produits sont fabriqu\u00e9s en plastique de haute qualit\u00e9, garantissant une excellente durabilit\u00e9 et un attrait esth\u00e9tique pour la croissance de diverses fleurs et plantes. Nos pots sont dot\u00e9s d'une excellente ventilation et d'un bon drainage qui emp\u00eachent l'arrosage excessif et le pourrissement des racines, garantissant ainsi une sant\u00e9 optimale des plantes. En tant que fournisseur de confiance de mat\u00e9riel de jardinage, Ronbo Sunrise propose une large gamme de couleurs de pots pour s'adapter \u00e0 tous les styles de d\u00e9coration.<\/p>","protected":false},"featured_media":8754,"comment_status":"open","ping_status":"open","template":"","meta":[],"product_brand":[],"product_cat":[72],"product_tag":[],"class_list":{"0":"post-8747","1":"product","2":"type-product","3":"status-publish","4":"has-post-thumbnail","6":"product_cat-gallon-pots","8":"first","9":"instock","10":"shipping-taxable","11":"product-type-simple"},"yoast_head":"<!-- This site is optimized with the Yoast SEO plugin v26.1.1 - https:\/\/yoast.com\/wordpress\/plugins\/seo\/ -->\n<title>5 Gallon Nursery Pots - Ronbo Sunrise Pots &amp; Planters<\/title>\n<meta name=\"robots\" content=\"index, follow, max-snippet:-1, max-image-preview:large, max-video-preview:-1\" \/>\n<link rel=\"canonical\" href=\"http:\/\/www.ronboplastic.com\/fr\/produit\/pots-de-pepiniere-de-5-gallons\/\" \/>\n<meta property=\"og:locale\" content=\"fr_FR\" \/>\n<meta property=\"og:type\" content=\"article\" \/>\n<meta property=\"og:title\" content=\"5 Gallon Nursery Pots - Ronbo Sunrise Pots &amp; Planters\" \/>\n<meta property=\"og:description\" content=\"Ronbo Sunrise is a leading supplier of 5 gallon plastic flower pots. Our products are made of high-quality plastic, ensuring excellent durability and aesthetic appeal for the growth of various flowers and plants. Our pots have great ventilation and drainage that prevent overwatering and root rot, thus ensuring optimal plant health. As a trusted supplier of gardening supplies, Ronbo Sunrise offers a wide range of pot colors to match any decor style.\" \/>\n<meta property=\"og:url\" content=\"http:\/\/www.ronboplastic.com\/fr\/produit\/pots-de-pepiniere-de-5-gallons\/\" \/>\n<meta property=\"og:site_name\" content=\"Ronbo Sunrise Pots &amp; Planters\" \/>\n<meta property=\"article:modified_time\" content=\"2025-09-08T06:15:25+00:00\" \/>\n<meta property=\"og:image\" content=\"https:\/\/www.ronboplastic.com\/wp-content\/uploads\/2025\/09\/aa.jpg\" \/>\n\t<meta property=\"og:image:width\" content=\"750\" \/>\n\t<meta property=\"og:image:height\" content=\"750\" \/>\n\t<meta property=\"og:image:type\" content=\"image\/jpeg\" \/>\n<meta name=\"twitter:card\" content=\"summary_large_image\" \/>\n<meta name=\"twitter:label1\" content=\"Dur\u00e9e de lecture estim\u00e9e\" \/>\n\t<meta name=\"twitter:data1\" content=\"2 minutes\" \/>\n<script type=\"application\/ld+json\" class=\"yoast-schema-graph\">{\"@context\":\"https:\/\/schema.org\",\"@graph\":[{\"@type\":\"WebPage\",\"@id\":\"http:\/\/www.ronboplastic.com\/ru\/%d0%bf%d1%80%d0%be%d0%b4%d1%83%d0%ba%d1%82\/5\/\",\"url\":\"http:\/\/www.ronboplastic.com\/ru\/%d0%bf%d1%80%d0%be%d0%b4%d1%83%d0%ba%d1%82\/5\/\",\"name\":\"5 Gallon Nursery Pots - Ronbo Sunrise Pots &amp; Planters\",\"isPartOf\":{\"@id\":\"https:\/\/www.ronboplastic.com\/#website\"},\"primaryImageOfPage\":{\"@id\":\"http:\/\/www.ronboplastic.com\/ru\/%d0%bf%d1%80%d0%be%d0%b4%d1%83%d0%ba%d1%82\/5\/#primaryimage\"},\"image\":{\"@id\":\"http:\/\/www.ronboplastic.com\/ru\/%d0%bf%d1%80%d0%be%d0%b4%d1%83%d0%ba%d1%82\/5\/#primaryimage\"},\"thumbnailUrl\":\"https:\/\/www.ronboplastic.com\/wp-content\/uploads\/2025\/09\/aa.jpg\",\"datePublished\":\"2024-09-10T01:41:24+00:00\",\"dateModified\":\"2025-09-08T06:15:25+00:00\",\"breadcrumb\":{\"@id\":\"http:\/\/www.ronboplastic.com\/ru\/%d0%bf%d1%80%d0%be%d0%b4%d1%83%d0%ba%d1%82\/5\/#breadcrumb\"},\"inLanguage\":\"fr-FR\",\"potentialAction\":[{\"@type\":\"ReadAction\",\"target\":[\"http:\/\/www.ronboplastic.com\/ru\/%d0%bf%d1%80%d0%be%d0%b4%d1%83%d0%ba%d1%82\/5\/\"]}]},{\"@type\":\"ImageObject\",\"inLanguage\":\"fr-FR\",\"@id\":\"http:\/\/www.ronboplastic.com\/ru\/%d0%bf%d1%80%d0%be%d0%b4%d1%83%d0%ba%d1%82\/5\/#primaryimage\",\"url\":\"https:\/\/www.ronboplastic.com\/wp-content\/uploads\/2025\/09\/aa.jpg\",\"contentUrl\":\"https:\/\/www.ronboplastic.com\/wp-content\/uploads\/2025\/09\/aa.jpg\",\"width\":750,\"height\":750,\"caption\":\"galon pots wholesale\"},{\"@type\":\"BreadcrumbList\",\"@id\":\"http:\/\/www.ronboplastic.com\/ru\/%d0%bf%d1%80%d0%be%d0%b4%d1%83%d0%ba%d1%82\/5\/#breadcrumb\",\"itemListElement\":[{\"@type\":\"ListItem\",\"position\":1,\"name\":\"\u9996\u9875\",\"item\":\"https:\/\/www.ronboplastic.com\/\"},{\"@type\":\"ListItem\",\"position\":2,\"name\":\"Products\",\"item\":\"http:\/\/www.ronboplastic.com\/products\/\"},{\"@type\":\"ListItem\",\"position\":3,\"name\":\"5 Gallon Nursery Pots\"}]},{\"@type\":\"WebSite\",\"@id\":\"https:\/\/www.ronboplastic.com\/#website\",\"url\":\"https:\/\/www.ronboplastic.com\/\",\"name\":\"Ronbo Sunrise Pots &amp; Planters\",\"description\":\"Flower Pots &amp; Planters\",\"potentialAction\":[{\"@type\":\"SearchAction\",\"target\":{\"@type\":\"EntryPoint\",\"urlTemplate\":\"https:\/\/www.ronboplastic.com\/?s={search_term_string}\"},\"query-input\":{\"@type\":\"PropertyValueSpecification\",\"valueRequired\":true,\"valueName\":\"search_term_string\"}}],\"inLanguage\":\"fr-FR\"}]}<\/script>\n<!-- \/ Yoast SEO plugin. -->","yoast_head_json":{"title":"5 Gallon Nursery Pots - Ronbo Sunrise Pots &amp; Planters","robots":{"index":"index","follow":"follow","max-snippet":"max-snippet:-1","max-image-preview":"max-image-preview:large","max-video-preview":"max-video-preview:-1"},"canonical":"http:\/\/www.ronboplastic.com\/fr\/produit\/pots-de-pepiniere-de-5-gallons\/","og_locale":"fr_FR","og_type":"article","og_title":"5 Gallon Nursery Pots - Ronbo Sunrise Pots &amp; Planters","og_description":"Ronbo Sunrise is a leading supplier of 5 gallon plastic flower pots. Our products are made of high-quality plastic, ensuring excellent durability and aesthetic appeal for the growth of various flowers and plants. Our pots have great ventilation and drainage that prevent overwatering and root rot, thus ensuring optimal plant health. As a trusted supplier of gardening supplies, Ronbo Sunrise offers a wide range of pot colors to match any decor style.","og_url":"http:\/\/www.ronboplastic.com\/fr\/produit\/pots-de-pepiniere-de-5-gallons\/","og_site_name":"Ronbo Sunrise Pots &amp; Planters","article_modified_time":"2025-09-08T06:15:25+00:00","og_image":[{"width":750,"height":750,"url":"https:\/\/www.ronboplastic.com\/wp-content\/uploads\/2025\/09\/aa.jpg","type":"image\/jpeg"}],"twitter_card":"summary_large_image","twitter_misc":{"Dur\u00e9e de lecture estim\u00e9e":"2 minutes"},"schema":{"@context":"https:\/\/schema.org","@graph":[{"@type":"WebPage","@id":"http:\/\/www.ronboplastic.com\/ru\/%d0%bf%d1%80%d0%be%d0%b4%d1%83%d0%ba%d1%82\/5\/","url":"http:\/\/www.ronboplastic.com\/ru\/%d0%bf%d1%80%d0%be%d0%b4%d1%83%d0%ba%d1%82\/5\/","name":"5 Gallon Nursery Pots - Ronbo Sunrise Pots &amp; Planters","isPartOf":{"@id":"https:\/\/www.ronboplastic.com\/#website"},"primaryImageOfPage":{"@id":"http:\/\/www.ronboplastic.com\/ru\/%d0%bf%d1%80%d0%be%d0%b4%d1%83%d0%ba%d1%82\/5\/#primaryimage"},"image":{"@id":"http:\/\/www.ronboplastic.com\/ru\/%d0%bf%d1%80%d0%be%d0%b4%d1%83%d0%ba%d1%82\/5\/#primaryimage"},"thumbnailUrl":"https:\/\/www.ronboplastic.com\/wp-content\/uploads\/2025\/09\/aa.jpg","datePublished":"2024-09-10T01:41:24+00:00","dateModified":"2025-09-08T06:15:25+00:00","breadcrumb":{"@id":"http:\/\/www.ronboplastic.com\/ru\/%d0%bf%d1%80%d0%be%d0%b4%d1%83%d0%ba%d1%82\/5\/#breadcrumb"},"inLanguage":"fr-FR","potentialAction":[{"@type":"ReadAction","target":["http:\/\/www.ronboplastic.com\/ru\/%d0%bf%d1%80%d0%be%d0%b4%d1%83%d0%ba%d1%82\/5\/"]}]},{"@type":"ImageObject","inLanguage":"fr-FR","@id":"http:\/\/www.ronboplastic.com\/ru\/%d0%bf%d1%80%d0%be%d0%b4%d1%83%d0%ba%d1%82\/5\/#primaryimage","url":"https:\/\/www.ronboplastic.com\/wp-content\/uploads\/2025\/09\/aa.jpg","contentUrl":"https:\/\/www.ronboplastic.com\/wp-content\/uploads\/2025\/09\/aa.jpg","width":750,"height":750,"caption":"galon pots wholesale"},{"@type":"BreadcrumbList","@id":"http:\/\/www.ronboplastic.com\/ru\/%d0%bf%d1%80%d0%be%d0%b4%d1%83%d0%ba%d1%82\/5\/#breadcrumb","itemListElement":[{"@type":"ListItem","position":1,"name":"\u9996\u9875","item":"https:\/\/www.ronboplastic.com\/"},{"@type":"ListItem","position":2,"name":"Products","item":"http:\/\/www.ronboplastic.com\/products\/"},{"@type":"ListItem","position":3,"name":"5 Gallon Nursery Pots"}]},{"@type":"WebSite","@id":"https:\/\/www.ronboplastic.com\/#website","url":"https:\/\/www.ronboplastic.com\/","name":"Ronbo Sunrise Pots &amp; Planters","description":"Pots de fleurs et jardini\u00e8res","potentialAction":[{"@type":"SearchAction","target":{"@type":"EntryPoint","urlTemplate":"https:\/\/www.ronboplastic.com\/?s={search_term_string}"},"query-input":{"@type":"PropertyValueSpecification","valueRequired":true,"valueName":"search_term_string"}}],"inLanguage":"fr-FR"}]}},"_links":{"self":[{"href":"https:\/\/www.ronboplastic.com\/fr\/wp-json\/wp\/v2\/product\/8747","targetHints":{"allow":["GET"]}}],"collection":[{"href":"https:\/\/www.ronboplastic.com\/fr\/wp-json\/wp\/v2\/product"}],"about":[{"href":"https:\/\/www.ronboplastic.com\/fr\/wp-json\/wp\/v2\/types\/product"}],"replies":[{"embeddable":true,"href":"https:\/\/www.ronboplastic.com\/fr\/wp-json\/wp\/v2\/comments?post=8747"}],"wp:featuredmedia":[{"embeddable":true,"href":"https:\/\/www.ronboplastic.com\/fr\/wp-json\/wp\/v2\/media\/8754"}],"wp:attachment":[{"href":"https:\/\/www.ronboplastic.com\/fr\/wp-json\/wp\/v2\/media?parent=8747"}],"wp:term":[{"taxonomy":"product_brand","embeddable":true,"href":"https:\/\/www.ronboplastic.com\/fr\/wp-json\/wp\/v2\/product_brand?post=8747"},{"taxonomy":"product_cat","embeddable":true,"href":"https:\/\/www.ronboplastic.com\/fr\/wp-json\/wp\/v2\/product_cat?post=8747"},{"taxonomy":"product_tag","embeddable":true,"href":"https:\/\/www.ronboplastic.com\/fr\/wp-json\/wp\/v2\/product_tag?post=8747"}],"curies":[{"name":"wp","href":"https:\/\/api.w.org\/{rel}","templated":true}]}}