{"id":8731,"date":"2024-09-09T08:10:40","date_gmt":"2024-09-09T00:10:40","guid":{"rendered":"https:\/\/www.ronboplastic.com\/index.php\/product\/3-gallon-plant-pots\/"},"modified":"2026-05-09T01:58:51","modified_gmt":"2026-05-09T08:58:51","slug":"pots-de-plantes-de-3-gallons","status":"publish","type":"product","link":"https:\/\/www.ronboplastic.com\/fr\/produit\/pots-de-plantes-de-3-gallons\/","title":{"rendered":"Pots de plantes de 3 gallons"},"content":{"rendered":"<p>Ce sont les pots ronds en plastique que l'on voit partout dans les p\u00e9pini\u00e8res. Ces pots standard, difficiles \u00e0 battre, sont r\u00e9utilisables. Ils conviennent bien aux plantes qui seront souvent d\u00e9plac\u00e9es ou transport\u00e9es. Nos plantes de 3 gallons sont abondamment am\u00e9lior\u00e9es et exp\u00e9ditives pour la culture des l\u00e9gumes.<\/p>\n<p><strong>Sp\u00e9cifications<\/strong><\/p>\n<section class=\"table-wrap\">\n<table class=\"table\" border=\"1\" width=\"100%\" cellspacing=\"0\" cellpadding=\"0\">\n<tbody>\n<tr class=\"firstRow\">\n<td>Num\u00e9ro de mod\u00e8le<\/td>\n<td>RB-G003<\/td>\n<\/tr>\n<tr>\n<td>Type de plastique<\/td>\n<td>PP<\/td>\n<\/tr>\n<tr>\n<td>Type<\/td>\n<td>Propagation<\/td>\n<\/tr>\n<tr>\n<td>Diam\u00e8tre sup\u00e9rieur<\/td>\n<td>28.5cm\/11.22inch<\/td>\n<\/tr>\n<tr>\n<td>Diam\u00e8tre du fond<\/td>\n<td>22.5cm\/8.86inch<\/td>\n<\/tr>\n<tr>\n<td>Hauteur<\/td>\n<td>24.2cm\/9.53inch<\/td>\n<\/tr>\n<tr>\n<td>Volume<\/td>\n<td>12.4L\/3.3Gal<\/td>\n<\/tr>\n<\/tbody>\n<\/table>\n<\/section>\n<p>&nbsp;<\/p>\n<p>&nbsp;<\/p>\n<p><img loading=\"lazy\" decoding=\"async\" src=\"https:\/\/www.ronboplastic.com\/wp-content\/uploads\/2025\/09\/20220505140532b9472e42a74249c58fb3ec88ce7d7d6a.jpg\" alt=\"Pots de plantes de 3 gallons\" width=\"750\" height=\"750\" \/><\/p>\n<p><img loading=\"lazy\" decoding=\"async\" src=\"https:\/\/www.ronboplastic.com\/wp-content\/uploads\/2025\/09\/20220505140533518d756658b34fbf9a5562a274349e24.jpg\" alt=\"Pots de plantes en gallon\" width=\"800\" height=\"800\" \/><\/p>\n<p><img loading=\"lazy\" decoding=\"async\" src=\"https:\/\/www.ronboplastic.com\/wp-content\/uploads\/2025\/09\/202205051405335dad881413cc43fc9801e44d2f9ddb89.jpg\" alt=\" Pots en gallon\" width=\"800\" height=\"800\" \/><\/p>\n<p><img loading=\"lazy\" decoding=\"async\" src=\"https:\/\/www.ronboplastic.com\/wp-content\/uploads\/2025\/09\/2022050514053335f8e38398cf4680a64a0fba44c41f89.jpg\" alt=\"Pots de plantes de 3 gallons\" width=\"800\" height=\"800\" \/><\/p>\n<p><img loading=\"lazy\" decoding=\"async\" src=\"https:\/\/www.ronboplastic.com\/wp-content\/uploads\/2025\/09\/202205051405348c3aa66bd4e543f3b4af4234d89a01c3.jpg\" alt=\"Pots de plantes en gallon\" width=\"750\" height=\"750\" \/><\/p>\n<p><img loading=\"lazy\" decoding=\"async\" src=\"https:\/\/www.ronboplastic.com\/wp-content\/uploads\/2025\/09\/20220505140534652b4cceeb3d4c2b899b6ca1e7cb0c3c.jpg\" alt=\"Pots de plantes de 3 gallons\" width=\"750\" height=\"750\" \/><\/p>\n<p class=\"productsTags\">Hot Tags : 3 gallon pots de plantes, fournisseurs, fabricants, usine, grossiste, pour la vente<\/p>","protected":false},"excerpt":{"rendered":"<p>Ce sont les pots ronds en plastique que l'on voit partout dans les p\u00e9pini\u00e8res. Ces pots standard, difficiles \u00e0 battre, sont r\u00e9utilisables. Ils conviennent bien aux plantes qui seront souvent d\u00e9plac\u00e9es ou transport\u00e9es. Nos plantes de 3 gallons sont abondamment am\u00e9lior\u00e9es et exp\u00e9ditives pour la culture des l\u00e9gumes.<\/p>","protected":false},"featured_media":8739,"comment_status":"open","ping_status":"open","template":"","meta":[],"product_brand":[],"product_cat":[143],"product_tag":[74],"class_list":{"0":"post-8731","1":"product","2":"type-product","3":"status-publish","4":"has-post-thumbnail","6":"product_cat-gallon-pots-nursery","7":"product_tag-3-gallon-pots","9":"first","10":"instock","11":"shipping-taxable","12":"product-type-simple"},"yoast_head":"<!-- This site is optimized with the Yoast SEO plugin v26.1.1 - https:\/\/yoast.com\/wordpress\/plugins\/seo\/ -->\n<title>3 Gallon Plant Pots - Ronbo Sunrise Pots &amp; Planters<\/title>\n<meta name=\"robots\" content=\"index, follow, max-snippet:-1, max-image-preview:large, max-video-preview:-1\" \/>\n<link rel=\"canonical\" href=\"https:\/\/www.ronboplastic.com\/fr\/produit\/pots-de-plantes-de-3-gallons\/\" \/>\n<meta property=\"og:locale\" content=\"fr_FR\" \/>\n<meta property=\"og:type\" content=\"article\" \/>\n<meta property=\"og:title\" content=\"3 Gallon Plant Pots - Ronbo Sunrise Pots &amp; Planters\" \/>\n<meta property=\"og:description\" content=\"These are the round, plastic nursery pots seen at nurseries everywhere. These standard, hard-to-beat pots are re-usable. Good for plants that will be moved often or transported. Include holes for proper drainage Our 3 gallon plants are plentifully improved and expeditious to vegetable\" \/>\n<meta property=\"og:url\" content=\"https:\/\/www.ronboplastic.com\/fr\/produit\/pots-de-plantes-de-3-gallons\/\" \/>\n<meta property=\"og:site_name\" content=\"Ronbo Sunrise Pots &amp; Planters\" \/>\n<meta property=\"article:modified_time\" content=\"2026-05-09T08:58:51+00:00\" \/>\n<meta property=\"og:image\" content=\"https:\/\/www.ronboplastic.com\/wp-content\/uploads\/2025\/09\/aaaa.jpg\" \/>\n\t<meta property=\"og:image:width\" content=\"750\" \/>\n\t<meta property=\"og:image:height\" content=\"750\" \/>\n\t<meta property=\"og:image:type\" content=\"image\/jpeg\" \/>\n<meta name=\"twitter:card\" content=\"summary_large_image\" \/>\n<script type=\"application\/ld+json\" class=\"yoast-schema-graph\">{\"@context\":\"https:\/\/schema.org\",\"@graph\":[{\"@type\":\"WebPage\",\"@id\":\"https:\/\/www.ronboplastic.com\/product\/3-gallon-plant-pots\/\",\"url\":\"https:\/\/www.ronboplastic.com\/product\/3-gallon-plant-pots\/\",\"name\":\"3 Gallon Plant Pots - Ronbo Sunrise Pots &amp; Planters\",\"isPartOf\":{\"@id\":\"https:\/\/www.ronboplastic.com\/#website\"},\"primaryImageOfPage\":{\"@id\":\"https:\/\/www.ronboplastic.com\/product\/3-gallon-plant-pots\/#primaryimage\"},\"image\":{\"@id\":\"https:\/\/www.ronboplastic.com\/product\/3-gallon-plant-pots\/#primaryimage\"},\"thumbnailUrl\":\"https:\/\/www.ronboplastic.com\/wp-content\/uploads\/2025\/09\/aaaa.jpg\",\"datePublished\":\"2024-09-09T00:10:40+00:00\",\"dateModified\":\"2026-05-09T08:58:51+00:00\",\"breadcrumb\":{\"@id\":\"https:\/\/www.ronboplastic.com\/product\/3-gallon-plant-pots\/#breadcrumb\"},\"inLanguage\":\"fr-FR\",\"potentialAction\":[{\"@type\":\"ReadAction\",\"target\":[\"https:\/\/www.ronboplastic.com\/product\/3-gallon-plant-pots\/\"]}]},{\"@type\":\"ImageObject\",\"inLanguage\":\"fr-FR\",\"@id\":\"https:\/\/www.ronboplastic.com\/product\/3-gallon-plant-pots\/#primaryimage\",\"url\":\"https:\/\/www.ronboplastic.com\/wp-content\/uploads\/2025\/09\/aaaa.jpg\",\"contentUrl\":\"https:\/\/www.ronboplastic.com\/wp-content\/uploads\/2025\/09\/aaaa.jpg\",\"width\":750,\"height\":750,\"caption\":\"gallon pots wholesale\"},{\"@type\":\"BreadcrumbList\",\"@id\":\"https:\/\/www.ronboplastic.com\/product\/3-gallon-plant-pots\/#breadcrumb\",\"itemListElement\":[{\"@type\":\"ListItem\",\"position\":1,\"name\":\"\u9996\u9875\",\"item\":\"https:\/\/www.ronboplastic.com\/\"},{\"@type\":\"ListItem\",\"position\":2,\"name\":\"Products\",\"item\":\"http:\/\/www.ronboplastic.com\/products\/\"},{\"@type\":\"ListItem\",\"position\":3,\"name\":\"3 Gallon Plant Pots\"}]},{\"@type\":\"WebSite\",\"@id\":\"https:\/\/www.ronboplastic.com\/#website\",\"url\":\"https:\/\/www.ronboplastic.com\/\",\"name\":\"Ronbo Sunrise Pots &amp; Planters\",\"description\":\"Flower Pots &amp; Planters\",\"potentialAction\":[{\"@type\":\"SearchAction\",\"target\":{\"@type\":\"EntryPoint\",\"urlTemplate\":\"https:\/\/www.ronboplastic.com\/?s={search_term_string}\"},\"query-input\":{\"@type\":\"PropertyValueSpecification\",\"valueRequired\":true,\"valueName\":\"search_term_string\"}}],\"inLanguage\":\"fr-FR\"}]}<\/script>\n<!-- \/ Yoast SEO plugin. -->","yoast_head_json":{"title":"3 Gallon Plant Pots - Ronbo Sunrise Pots &amp; Planters","robots":{"index":"index","follow":"follow","max-snippet":"max-snippet:-1","max-image-preview":"max-image-preview:large","max-video-preview":"max-video-preview:-1"},"canonical":"https:\/\/www.ronboplastic.com\/fr\/produit\/pots-de-plantes-de-3-gallons\/","og_locale":"fr_FR","og_type":"article","og_title":"3 Gallon Plant Pots - Ronbo Sunrise Pots &amp; Planters","og_description":"These are the round, plastic nursery pots seen at nurseries everywhere. These standard, hard-to-beat pots are re-usable. Good for plants that will be moved often or transported. Include holes for proper drainage Our 3 gallon plants are plentifully improved and expeditious to vegetable","og_url":"https:\/\/www.ronboplastic.com\/fr\/produit\/pots-de-plantes-de-3-gallons\/","og_site_name":"Ronbo Sunrise Pots &amp; Planters","article_modified_time":"2026-05-09T08:58:51+00:00","og_image":[{"width":750,"height":750,"url":"https:\/\/www.ronboplastic.com\/wp-content\/uploads\/2025\/09\/aaaa.jpg","type":"image\/jpeg"}],"twitter_card":"summary_large_image","schema":{"@context":"https:\/\/schema.org","@graph":[{"@type":"WebPage","@id":"https:\/\/www.ronboplastic.com\/product\/3-gallon-plant-pots\/","url":"https:\/\/www.ronboplastic.com\/product\/3-gallon-plant-pots\/","name":"3 Gallon Plant Pots - Ronbo Sunrise Pots &amp; Planters","isPartOf":{"@id":"https:\/\/www.ronboplastic.com\/#website"},"primaryImageOfPage":{"@id":"https:\/\/www.ronboplastic.com\/product\/3-gallon-plant-pots\/#primaryimage"},"image":{"@id":"https:\/\/www.ronboplastic.com\/product\/3-gallon-plant-pots\/#primaryimage"},"thumbnailUrl":"https:\/\/www.ronboplastic.com\/wp-content\/uploads\/2025\/09\/aaaa.jpg","datePublished":"2024-09-09T00:10:40+00:00","dateModified":"2026-05-09T08:58:51+00:00","breadcrumb":{"@id":"https:\/\/www.ronboplastic.com\/product\/3-gallon-plant-pots\/#breadcrumb"},"inLanguage":"fr-FR","potentialAction":[{"@type":"ReadAction","target":["https:\/\/www.ronboplastic.com\/product\/3-gallon-plant-pots\/"]}]},{"@type":"ImageObject","inLanguage":"fr-FR","@id":"https:\/\/www.ronboplastic.com\/product\/3-gallon-plant-pots\/#primaryimage","url":"https:\/\/www.ronboplastic.com\/wp-content\/uploads\/2025\/09\/aaaa.jpg","contentUrl":"https:\/\/www.ronboplastic.com\/wp-content\/uploads\/2025\/09\/aaaa.jpg","width":750,"height":750,"caption":"gallon pots wholesale"},{"@type":"BreadcrumbList","@id":"https:\/\/www.ronboplastic.com\/product\/3-gallon-plant-pots\/#breadcrumb","itemListElement":[{"@type":"ListItem","position":1,"name":"\u9996\u9875","item":"https:\/\/www.ronboplastic.com\/"},{"@type":"ListItem","position":2,"name":"Products","item":"http:\/\/www.ronboplastic.com\/products\/"},{"@type":"ListItem","position":3,"name":"3 Gallon Plant Pots"}]},{"@type":"WebSite","@id":"https:\/\/www.ronboplastic.com\/#website","url":"https:\/\/www.ronboplastic.com\/","name":"Ronbo Sunrise Pots &amp; Planters","description":"Pots de fleurs et jardini\u00e8res","potentialAction":[{"@type":"SearchAction","target":{"@type":"EntryPoint","urlTemplate":"https:\/\/www.ronboplastic.com\/?s={search_term_string}"},"query-input":{"@type":"PropertyValueSpecification","valueRequired":true,"valueName":"search_term_string"}}],"inLanguage":"fr-FR"}]}},"_links":{"self":[{"href":"https:\/\/www.ronboplastic.com\/fr\/wp-json\/wp\/v2\/product\/8731","targetHints":{"allow":["GET"]}}],"collection":[{"href":"https:\/\/www.ronboplastic.com\/fr\/wp-json\/wp\/v2\/product"}],"about":[{"href":"https:\/\/www.ronboplastic.com\/fr\/wp-json\/wp\/v2\/types\/product"}],"replies":[{"embeddable":true,"href":"https:\/\/www.ronboplastic.com\/fr\/wp-json\/wp\/v2\/comments?post=8731"}],"wp:featuredmedia":[{"embeddable":true,"href":"https:\/\/www.ronboplastic.com\/fr\/wp-json\/wp\/v2\/media\/8739"}],"wp:attachment":[{"href":"https:\/\/www.ronboplastic.com\/fr\/wp-json\/wp\/v2\/media?parent=8731"}],"wp:term":[{"taxonomy":"product_brand","embeddable":true,"href":"https:\/\/www.ronboplastic.com\/fr\/wp-json\/wp\/v2\/product_brand?post=8731"},{"taxonomy":"product_cat","embeddable":true,"href":"https:\/\/www.ronboplastic.com\/fr\/wp-json\/wp\/v2\/product_cat?post=8731"},{"taxonomy":"product_tag","embeddable":true,"href":"https:\/\/www.ronboplastic.com\/fr\/wp-json\/wp\/v2\/product_tag?post=8731"}],"curies":[{"name":"wp","href":"https:\/\/api.w.org\/{rel}","templated":true}]}}