{"id":8687,"date":"2024-09-06T03:49:48","date_gmt":"2024-09-05T19:49:48","guid":{"rendered":"https:\/\/www.ronboplastic.com\/index.php\/product\/5-gallon-square-nursery-pots\/"},"modified":"2026-05-09T01:58:52","modified_gmt":"2026-05-09T08:58:52","slug":"pots-de-pepiniere-carres-de-5-gallons","status":"publish","type":"product","link":"https:\/\/www.ronboplastic.com\/fr\/produit\/pots-de-pepiniere-carres-de-5-gallons\/","title":{"rendered":"Pots de p\u00e9pini\u00e8re carr\u00e9s de 5 gallons"},"content":{"rendered":"<p>Pot \u00e0 plantes carr\u00e9 de 5 gallons (19 litres) avec poign\u00e9es int\u00e9gr\u00e9es sur le c\u00f4t\u00e9 du seau et poign\u00e9e de transport, ce qui facilite le transport et l'empilage.<\/p>\n<p>Ce conteneur carr\u00e9 de 5 gallons s'empile et se stocke plus efficacement que les conteneurs ronds... il occupe moins d'espace de stockage et s'empile en toute s\u00e9curit\u00e9.  Il est dot\u00e9 d'une poign\u00e9e de transport amovible avec une prise en main facile.<\/p>\n<p><strong>Sp\u00e9cifications<\/strong><\/p>\n<section class=\"table-wrap\">\n<table class=\"table\" border=\"1\" width=\"100%\" cellspacing=\"0\" cellpadding=\"0\">\n<tbody>\n<tr class=\"firstRow\">\n<td>Num\u00e9ro de mod\u00e8le<\/td>\n<td>RB-G005S<\/td>\n<\/tr>\n<tr>\n<td>Type de plastique<\/td>\n<td>PP<\/td>\n<\/tr>\n<tr>\n<td>Type<\/td>\n<td>Propagation<\/td>\n<\/tr>\n<tr>\n<td>Diam\u00e8tre sup\u00e9rieur<\/td>\n<td>30.5cm\/12.01inch<\/td>\n<\/tr>\n<tr>\n<td>Diam\u00e8tre du fond<\/td>\n<td>21.8cm\/8.58inch<\/td>\n<\/tr>\n<tr>\n<td>Hauteur<\/td>\n<td>31cm\/12.2inch<\/td>\n<\/tr>\n<tr>\n<td>Volume<\/td>\n<td>21L\/5.5Gal<\/td>\n<\/tr>\n<\/tbody>\n<\/table>\n<\/section>\n<p><img loading=\"lazy\" decoding=\"async\" title=\"Pots de p\u00e9pini\u00e8re carr\u00e9s de 5 gallons\" src=\"https:\/\/www.ronboplastic.com\/wp-content\/uploads\/2025\/09\/20220509110431bb831442111b4ceaab9d2fcce61ca5a4.jpg\" alt=\"Pots de p\u00e9pini\u00e8re carr\u00e9s de 5 gallons\" width=\"800\" height=\"800\" border=\"0\" vspace=\"0\" \/><\/p>\n<p><img loading=\"lazy\" decoding=\"async\" title=\"Pots de p\u00e9pini\u00e8re carr\u00e9s de 5 gallons\" src=\"https:\/\/www.ronboplastic.com\/wp-content\/uploads\/2025\/09\/202205091104321a6492a550224d6fb547edc3acc4fa58.jpg\" alt=\"Pots de p\u00e9pini\u00e8re carr\u00e9s de 5 gallons\" width=\"800\" height=\"800\" border=\"0\" vspace=\"0\" \/><\/p>\n<p><img loading=\"lazy\" decoding=\"async\" title=\"Pots de p\u00e9pini\u00e8re carr\u00e9s de 5 gallons\" src=\"https:\/\/www.ronboplastic.com\/wp-content\/uploads\/2025\/09\/2022050911043273416b0d8686482bae79a87cef752595.jpg\" alt=\"Pots de p\u00e9pini\u00e8re carr\u00e9s de 5 gallons\" width=\"800\" height=\"800\" border=\"0\" vspace=\"0\" \/><\/p>\n<p><img loading=\"lazy\" decoding=\"async\" title=\"Pots de p\u00e9pini\u00e8re carr\u00e9s de 5 gallons\" src=\"https:\/\/www.ronboplastic.com\/wp-content\/uploads\/2025\/09\/202205091104336cd3c73c138744c7921411025de2a579.jpg\" alt=\"Pots de p\u00e9pini\u00e8re carr\u00e9s de 5 gallons\" width=\"800\" height=\"800\" border=\"0\" vspace=\"0\" \/><\/p>\n<p><img loading=\"lazy\" decoding=\"async\" title=\"Pots de p\u00e9pini\u00e8re carr\u00e9s de 5 gallons\" src=\"https:\/\/www.ronboplastic.com\/wp-content\/uploads\/2025\/09\/202205091104330a3262c4a64741a09f642c56ba6924f3.jpg\" alt=\"Pots de p\u00e9pini\u00e8re carr\u00e9s de 5 gallons\" width=\"800\" height=\"800\" border=\"0\" vspace=\"0\" \/><\/p>\n<p><img loading=\"lazy\" decoding=\"async\" title=\"Pots de p\u00e9pini\u00e8re carr\u00e9s de 5 gallons\" src=\"https:\/\/www.ronboplastic.com\/wp-content\/uploads\/2025\/09\/202205091104339e226fe3c9f6406a89ef95c4084e57e0.jpg\" alt=\"Pots de p\u00e9pini\u00e8re carr\u00e9s de 5 gallons\" width=\"800\" height=\"800\" border=\"0\" vspace=\"0\" \/><\/p>\n<p class=\"productsTags\">Hot Tags : pots de p\u00e9pini\u00e8re carr\u00e9s de 5 gallons, fournisseurs, fabricants, usine, grossiste, \u00e0 vendre<\/p>","protected":false},"excerpt":{"rendered":"<p>Pot \u00e0 plantes carr\u00e9 de 5 gallons (19 litres) avec poign\u00e9es int\u00e9gr\u00e9es sur le c\u00f4t\u00e9 du seau et poign\u00e9e de transport, ce qui facilite le transport et l'empilage. Ce conteneur carr\u00e9 de 5 gallons s'empile et se stocke plus efficacement que les conteneurs ronds... il occupe moins d'espace de stockage et s'empile en toute s\u00e9curit\u00e9. Il est dot\u00e9 d'une poign\u00e9e de transport amovible avec une prise en main facile.<\/p>","protected":false},"featured_media":8695,"comment_status":"open","ping_status":"open","template":"","meta":[],"product_brand":[],"product_cat":[143],"product_tag":[],"class_list":{"0":"post-8687","1":"product","2":"type-product","3":"status-publish","4":"has-post-thumbnail","6":"product_cat-gallon-pots-nursery","8":"first","9":"instock","10":"shipping-taxable","11":"product-type-simple"},"yoast_head":"<!-- This site is optimized with the Yoast SEO plugin v26.1.1 - https:\/\/yoast.com\/wordpress\/plugins\/seo\/ -->\n<title>5 Gallon Square Nursery Pots - Ronbo Sunrise Pots &amp; Planters<\/title>\n<meta name=\"robots\" content=\"index, follow, max-snippet:-1, max-image-preview:large, max-video-preview:-1\" \/>\n<link rel=\"canonical\" href=\"https:\/\/www.ronboplastic.com\/fr\/produit\/pots-de-pepiniere-carres-de-5-gallons\/\" \/>\n<meta property=\"og:locale\" content=\"fr_FR\" \/>\n<meta property=\"og:type\" content=\"article\" \/>\n<meta property=\"og:title\" content=\"5 Gallon Square Nursery Pots - Ronbo Sunrise Pots &amp; Planters\" \/>\n<meta property=\"og:description\" content=\"5 Gallon (19 liter) square plant pot with built-in hand-grips on the side of Pail and a carry handle, allowing for easy transport and stacking. This five gallon square container stacks and stores more efficiently than round ones do\u2026 takes up less storage space, and stacks securely. It has a removable carry handle with an easy carry grip.\" \/>\n<meta property=\"og:url\" content=\"https:\/\/www.ronboplastic.com\/fr\/produit\/pots-de-pepiniere-carres-de-5-gallons\/\" \/>\n<meta property=\"og:site_name\" content=\"Ronbo Sunrise Pots &amp; Planters\" \/>\n<meta property=\"article:modified_time\" content=\"2026-05-09T08:58:52+00:00\" \/>\n<meta property=\"og:image\" content=\"https:\/\/www.ronboplastic.com\/wp-content\/uploads\/2025\/09\/1645606644025-ckt-\u62a0\u56fe.png\" \/>\n\t<meta property=\"og:image:width\" content=\"600\" \/>\n\t<meta property=\"og:image:height\" content=\"800\" \/>\n\t<meta property=\"og:image:type\" content=\"image\/png\" \/>\n<meta name=\"twitter:card\" content=\"summary_large_image\" \/>\n<script type=\"application\/ld+json\" class=\"yoast-schema-graph\">{\"@context\":\"https:\/\/schema.org\",\"@graph\":[{\"@type\":\"WebPage\",\"@id\":\"https:\/\/www.ronboplastic.com\/product\/5-gallon-square-nursery-pots\/\",\"url\":\"https:\/\/www.ronboplastic.com\/product\/5-gallon-square-nursery-pots\/\",\"name\":\"5 Gallon Square Nursery Pots - Ronbo Sunrise Pots &amp; Planters\",\"isPartOf\":{\"@id\":\"https:\/\/www.ronboplastic.com\/#website\"},\"primaryImageOfPage\":{\"@id\":\"https:\/\/www.ronboplastic.com\/product\/5-gallon-square-nursery-pots\/#primaryimage\"},\"image\":{\"@id\":\"https:\/\/www.ronboplastic.com\/product\/5-gallon-square-nursery-pots\/#primaryimage\"},\"thumbnailUrl\":\"https:\/\/www.ronboplastic.com\/wp-content\/uploads\/2025\/09\/1645606644025-ckt-\u62a0\u56fe.png\",\"datePublished\":\"2024-09-05T19:49:48+00:00\",\"dateModified\":\"2026-05-09T08:58:52+00:00\",\"breadcrumb\":{\"@id\":\"https:\/\/www.ronboplastic.com\/product\/5-gallon-square-nursery-pots\/#breadcrumb\"},\"inLanguage\":\"fr-FR\",\"potentialAction\":[{\"@type\":\"ReadAction\",\"target\":[\"https:\/\/www.ronboplastic.com\/product\/5-gallon-square-nursery-pots\/\"]}]},{\"@type\":\"ImageObject\",\"inLanguage\":\"fr-FR\",\"@id\":\"https:\/\/www.ronboplastic.com\/product\/5-gallon-square-nursery-pots\/#primaryimage\",\"url\":\"https:\/\/www.ronboplastic.com\/wp-content\/uploads\/2025\/09\/1645606644025-ckt-\u62a0\u56fe.png\",\"contentUrl\":\"https:\/\/www.ronboplastic.com\/wp-content\/uploads\/2025\/09\/1645606644025-ckt-\u62a0\u56fe.png\",\"width\":3024,\"height\":4032,\"caption\":\"Ronbo Sunrise G005s Square Gallon Pots\"},{\"@type\":\"BreadcrumbList\",\"@id\":\"https:\/\/www.ronboplastic.com\/product\/5-gallon-square-nursery-pots\/#breadcrumb\",\"itemListElement\":[{\"@type\":\"ListItem\",\"position\":1,\"name\":\"\u9996\u9875\",\"item\":\"https:\/\/www.ronboplastic.com\/\"},{\"@type\":\"ListItem\",\"position\":2,\"name\":\"Products\",\"item\":\"http:\/\/www.ronboplastic.com\/products\/\"},{\"@type\":\"ListItem\",\"position\":3,\"name\":\"5 Gallon Square Nursery Pots\"}]},{\"@type\":\"WebSite\",\"@id\":\"https:\/\/www.ronboplastic.com\/#website\",\"url\":\"https:\/\/www.ronboplastic.com\/\",\"name\":\"Ronbo Sunrise Pots &amp; Planters\",\"description\":\"Flower Pots &amp; Planters\",\"potentialAction\":[{\"@type\":\"SearchAction\",\"target\":{\"@type\":\"EntryPoint\",\"urlTemplate\":\"https:\/\/www.ronboplastic.com\/?s={search_term_string}\"},\"query-input\":{\"@type\":\"PropertyValueSpecification\",\"valueRequired\":true,\"valueName\":\"search_term_string\"}}],\"inLanguage\":\"fr-FR\"}]}<\/script>\n<!-- \/ Yoast SEO plugin. -->","yoast_head_json":{"title":"5 Gallon Square Nursery Pots - Ronbo Sunrise Pots &amp; Planters","robots":{"index":"index","follow":"follow","max-snippet":"max-snippet:-1","max-image-preview":"max-image-preview:large","max-video-preview":"max-video-preview:-1"},"canonical":"https:\/\/www.ronboplastic.com\/fr\/produit\/pots-de-pepiniere-carres-de-5-gallons\/","og_locale":"fr_FR","og_type":"article","og_title":"5 Gallon Square Nursery Pots - Ronbo Sunrise Pots &amp; Planters","og_description":"5 Gallon (19 liter) square plant pot with built-in hand-grips on the side of Pail and a carry handle, allowing for easy transport and stacking. This five gallon square container stacks and stores more efficiently than round ones do\u2026 takes up less storage space, and stacks securely. It has a removable carry handle with an easy carry grip.","og_url":"https:\/\/www.ronboplastic.com\/fr\/produit\/pots-de-pepiniere-carres-de-5-gallons\/","og_site_name":"Ronbo Sunrise Pots &amp; Planters","article_modified_time":"2026-05-09T08:58:52+00:00","og_image":[{"url":"https:\/\/www.ronboplastic.com\/wp-content\/uploads\/2025\/09\/1645606644025-ckt-\u62a0\u56fe.png","width":600,"height":800,"type":"image\/png"}],"twitter_card":"summary_large_image","schema":{"@context":"https:\/\/schema.org","@graph":[{"@type":"WebPage","@id":"https:\/\/www.ronboplastic.com\/product\/5-gallon-square-nursery-pots\/","url":"https:\/\/www.ronboplastic.com\/product\/5-gallon-square-nursery-pots\/","name":"5 Gallon Square Nursery Pots - Ronbo Sunrise Pots &amp; Planters","isPartOf":{"@id":"https:\/\/www.ronboplastic.com\/#website"},"primaryImageOfPage":{"@id":"https:\/\/www.ronboplastic.com\/product\/5-gallon-square-nursery-pots\/#primaryimage"},"image":{"@id":"https:\/\/www.ronboplastic.com\/product\/5-gallon-square-nursery-pots\/#primaryimage"},"thumbnailUrl":"https:\/\/www.ronboplastic.com\/wp-content\/uploads\/2025\/09\/1645606644025-ckt-\u62a0\u56fe.png","datePublished":"2024-09-05T19:49:48+00:00","dateModified":"2026-05-09T08:58:52+00:00","breadcrumb":{"@id":"https:\/\/www.ronboplastic.com\/product\/5-gallon-square-nursery-pots\/#breadcrumb"},"inLanguage":"fr-FR","potentialAction":[{"@type":"ReadAction","target":["https:\/\/www.ronboplastic.com\/product\/5-gallon-square-nursery-pots\/"]}]},{"@type":"ImageObject","inLanguage":"fr-FR","@id":"https:\/\/www.ronboplastic.com\/product\/5-gallon-square-nursery-pots\/#primaryimage","url":"https:\/\/www.ronboplastic.com\/wp-content\/uploads\/2025\/09\/1645606644025-ckt-\u62a0\u56fe.png","contentUrl":"https:\/\/www.ronboplastic.com\/wp-content\/uploads\/2025\/09\/1645606644025-ckt-\u62a0\u56fe.png","width":3024,"height":4032,"caption":"Ronbo Sunrise G005s Square Gallon Pots"},{"@type":"BreadcrumbList","@id":"https:\/\/www.ronboplastic.com\/product\/5-gallon-square-nursery-pots\/#breadcrumb","itemListElement":[{"@type":"ListItem","position":1,"name":"\u9996\u9875","item":"https:\/\/www.ronboplastic.com\/"},{"@type":"ListItem","position":2,"name":"Products","item":"http:\/\/www.ronboplastic.com\/products\/"},{"@type":"ListItem","position":3,"name":"5 Gallon Square Nursery Pots"}]},{"@type":"WebSite","@id":"https:\/\/www.ronboplastic.com\/#website","url":"https:\/\/www.ronboplastic.com\/","name":"Ronbo Sunrise Pots &amp; Planters","description":"Pots de fleurs et jardini\u00e8res","potentialAction":[{"@type":"SearchAction","target":{"@type":"EntryPoint","urlTemplate":"https:\/\/www.ronboplastic.com\/?s={search_term_string}"},"query-input":{"@type":"PropertyValueSpecification","valueRequired":true,"valueName":"search_term_string"}}],"inLanguage":"fr-FR"}]}},"_links":{"self":[{"href":"https:\/\/www.ronboplastic.com\/fr\/wp-json\/wp\/v2\/product\/8687","targetHints":{"allow":["GET"]}}],"collection":[{"href":"https:\/\/www.ronboplastic.com\/fr\/wp-json\/wp\/v2\/product"}],"about":[{"href":"https:\/\/www.ronboplastic.com\/fr\/wp-json\/wp\/v2\/types\/product"}],"replies":[{"embeddable":true,"href":"https:\/\/www.ronboplastic.com\/fr\/wp-json\/wp\/v2\/comments?post=8687"}],"wp:featuredmedia":[{"embeddable":true,"href":"https:\/\/www.ronboplastic.com\/fr\/wp-json\/wp\/v2\/media\/8695"}],"wp:attachment":[{"href":"https:\/\/www.ronboplastic.com\/fr\/wp-json\/wp\/v2\/media?parent=8687"}],"wp:term":[{"taxonomy":"product_brand","embeddable":true,"href":"https:\/\/www.ronboplastic.com\/fr\/wp-json\/wp\/v2\/product_brand?post=8687"},{"taxonomy":"product_cat","embeddable":true,"href":"https:\/\/www.ronboplastic.com\/fr\/wp-json\/wp\/v2\/product_cat?post=8687"},{"taxonomy":"product_tag","embeddable":true,"href":"https:\/\/www.ronboplastic.com\/fr\/wp-json\/wp\/v2\/product_tag?post=8687"}],"curies":[{"name":"wp","href":"https:\/\/api.w.org\/{rel}","templated":true}]}}