{"id":8621,"date":"2025-09-06T10:25:43","date_gmt":"2025-09-06T02:25:43","guid":{"rendered":"http:\/\/13998496.test11.xinyijiapin.com\/?post_type=product&#038;p=8621"},"modified":"2025-09-08T14:39:09","modified_gmt":"2025-09-08T06:39:09","slug":"pots-carres-de-1-gallon-prix-de-gros","status":"publish","type":"product","link":"https:\/\/www.ronboplastic.com\/fr\/produit\/pots-carres-de-1-gallon-prix-de-gros\/","title":{"rendered":"Pots carr\u00e9s de 1 gallon Prix de gros"},"content":{"rendered":"<p><strong>Description :<\/strong><\/p>\n<p>- Pots d'un gallon OEM ou ODM disponibles. Si la quantit\u00e9 command\u00e9e est importante, nous rembourserons le co\u00fbt du moule.<\/p>\n<p>-\u00a0<strong>Mat\u00e9riau : Pots en plastique <\/strong>peut \u00eatre utilis\u00e9 en serre, \u00e0 l'int\u00e9rieur et \u00e0 l'ext\u00e9rieur.<\/p>\n<p>- Prot\u00e9g\u00e9s contre les UV pour garantir une qualit\u00e9 durable. Vous pouvez utiliser plusieurs fois les pots en gallon de premi\u00e8re qualit\u00e9.<\/p>\n<p>- Ces pots en plastique noir de 1 gallon sont \u00e9cologiques. Des emballages en vrac efficaces sont disponibles pour les utilisateurs de gros volumes.<\/p>\n<p>- Rebords de pots robustes con\u00e7us pour faciliter le d\u00e9senchev\u00eatrement des pots et leur manipulation dans les syst\u00e8mes d'empotage automatis\u00e9s et manuels.<\/p>\n<p><strong>-\u00a0<\/strong>Les pots d'un gallon contiennent des trous de drainage au fond, ce qui permet de drainer et d'a\u00e9rer le sol.<\/p>\n<p>- Les pots en gallon ont une taille de 1, 2, 3, 4, 5, 6, 7, 8, 10, 15, 20, 25 gal.<\/p>\n<p><img loading=\"lazy\" decoding=\"async\" class=\"alignnone size-full wp-image-9516\" src=\"https:\/\/www.ronboplastic.com\/wp-content\/uploads\/2024\/09\/11.webp\" alt=\"\" width=\"390\" height=\"302\" srcset=\"https:\/\/www.ronboplastic.com\/wp-content\/uploads\/2024\/09\/11.webp 390w, https:\/\/www.ronboplastic.com\/wp-content\/uploads\/2024\/09\/11-387x300.webp 387w\" sizes=\"auto, (max-width: 390px) 100vw, 390px\" \/>*Les pots de fleurs conviennent \u00e0 toutes sortes de sols et de milieux de culture, tels que les fleurs, les citronniers, etc.<\/p>\n<p><strong>FAQ<\/strong><\/p>\n<p>Q:Comment puis-je obtenir un \u00e9chantillon ?<br \/>\nR : Vous pouvez obtenir des \u00e9chantillons en communiquant avec notre service des ventes \u00e0 l'exportation.<\/p>\n<p>Q:Quel est le d\u00e9lai de livraison ?<br \/>\nR : Le d\u00e9lai de livraison est de 7 \u00e0 25 jours en fonction de la quantit\u00e9 command\u00e9e.<\/p>\n<p>Q:Quelle est la quantit\u00e9 minimale de pi\u00e8ces (MOQ) ?<br \/>\nR : Notre MOQ est de 1*20FT par conteneur, ce qui permet de m\u00e9langer plusieurs articles.<\/p>\n<p>Q:Quelles sont nos conditions normales de paiement ?<br \/>\nR : Nos conditions de paiement normales sont actuellement T\/T, L\/C ou Western Union, Papal.<\/p>\n<p>Q:Comment puis-je commander vos produits ?<br \/>\nR:Vous pouvez consulter notre site Internet pour tous les articles qui vous int\u00e9ressent et vous pouvez \u00e9galement communiquer avec notre service des ventes \u00e0 l'exportation et passer votre commande en cons\u00e9quence.<\/p>\n<p>Q:Quels types de mat\u00e9riaux utilisons-nous dans nos produits ?<br \/>\nR : Nos pots de fleurs en plastique utilisent des mat\u00e9riaux tels que le polym\u00e8re PP ou le polym\u00e8re PE.<\/p>\n<p class=\"productsTags\">Hot Tags : pot de fleurs en gallon carr\u00e9, fournisseurs, fabricants, usine, grossiste, pour la vente<\/p>","protected":false},"excerpt":{"rendered":"<p>China Supplier Durable Plastic Planters for Wholesale &amp; Farm Use (1 to 25 Gallons) \"<\/p>\n<p><img loading=\"lazy\" decoding=\"async\" class=\"alignnone size-full wp-image-9517\" src=\"https:\/\/www.ronboplastic.com\/wp-content\/uploads\/2025\/09\/RB-G001S.webp\" alt=\"\" width=\"300\" height=\"208\" \/><\/p>","protected":false},"featured_media":9515,"comment_status":"open","ping_status":"closed","template":"","meta":[],"product_brand":[],"product_cat":[20],"product_tag":[71],"class_list":{"0":"post-8621","1":"product","2":"type-product","3":"status-publish","4":"has-post-thumbnail","6":"product_cat-uncategorized","7":"product_tag-1-gallon-pots","9":"first","10":"instock","11":"shipping-taxable","12":"product-type-simple"},"yoast_head":"<!-- This site is optimized with the Yoast SEO plugin v26.1.1 - https:\/\/yoast.com\/wordpress\/plugins\/seo\/ -->\n<title>Square 1 Gallon Pots Wholesale Price - Ronbo Sunrise Pots &amp; Planters<\/title>\n<meta name=\"robots\" content=\"index, follow, max-snippet:-1, max-image-preview:large, max-video-preview:-1\" \/>\n<link rel=\"canonical\" href=\"http:\/\/www.ronboplastic.com\/fr\/produit\/pots-carres-de-1-gallon-prix-de-gros\/\" \/>\n<meta property=\"og:locale\" content=\"fr_FR\" \/>\n<meta property=\"og:type\" content=\"article\" \/>\n<meta property=\"og:title\" content=\"Square 1 Gallon Pots Wholesale Price - Ronbo Sunrise Pots &amp; Planters\" \/>\n<meta property=\"og:description\" content=\"China Supplier Durable Plastic Planters for Wholesale &amp; Farm Use (1 to 25 Gallons)&quot;\" \/>\n<meta property=\"og:url\" content=\"http:\/\/www.ronboplastic.com\/fr\/produit\/pots-carres-de-1-gallon-prix-de-gros\/\" \/>\n<meta property=\"og:site_name\" content=\"Ronbo Sunrise Pots &amp; Planters\" \/>\n<meta property=\"article:modified_time\" content=\"2025-09-08T06:39:09+00:00\" \/>\n<meta property=\"og:image\" content=\"https:\/\/www.ronboplastic.com\/wp-content\/uploads\/2024\/09\/RB-G001sCom.webp\" \/>\n\t<meta property=\"og:image:width\" content=\"385\" \/>\n\t<meta property=\"og:image:height\" content=\"385\" \/>\n\t<meta property=\"og:image:type\" content=\"image\/webp\" \/>\n<meta name=\"twitter:card\" content=\"summary_large_image\" \/>\n<meta name=\"twitter:label1\" content=\"Dur\u00e9e de lecture estim\u00e9e\" \/>\n\t<meta name=\"twitter:data1\" content=\"1 minute\" \/>\n<script type=\"application\/ld+json\" class=\"yoast-schema-graph\">{\"@context\":\"https:\/\/schema.org\",\"@graph\":[{\"@type\":\"WebPage\",\"@id\":\"http:\/\/www.ronboplastic.com\/ru\/%d0%bf%d1%80%d0%be%d0%b4%d1%83%d0%ba%d1%82\/1\/\",\"url\":\"http:\/\/www.ronboplastic.com\/ru\/%d0%bf%d1%80%d0%be%d0%b4%d1%83%d0%ba%d1%82\/1\/\",\"name\":\"Square 1 Gallon Pots Wholesale Price - Ronbo Sunrise Pots &amp; Planters\",\"isPartOf\":{\"@id\":\"https:\/\/www.ronboplastic.com\/#website\"},\"primaryImageOfPage\":{\"@id\":\"http:\/\/www.ronboplastic.com\/ru\/%d0%bf%d1%80%d0%be%d0%b4%d1%83%d0%ba%d1%82\/1\/#primaryimage\"},\"image\":{\"@id\":\"http:\/\/www.ronboplastic.com\/ru\/%d0%bf%d1%80%d0%be%d0%b4%d1%83%d0%ba%d1%82\/1\/#primaryimage\"},\"thumbnailUrl\":\"https:\/\/www.ronboplastic.com\/wp-content\/uploads\/2024\/09\/RB-G001sCom.webp\",\"datePublished\":\"2025-09-06T02:25:43+00:00\",\"dateModified\":\"2025-09-08T06:39:09+00:00\",\"breadcrumb\":{\"@id\":\"http:\/\/www.ronboplastic.com\/ru\/%d0%bf%d1%80%d0%be%d0%b4%d1%83%d0%ba%d1%82\/1\/#breadcrumb\"},\"inLanguage\":\"fr-FR\",\"potentialAction\":[{\"@type\":\"ReadAction\",\"target\":[\"http:\/\/www.ronboplastic.com\/ru\/%d0%bf%d1%80%d0%be%d0%b4%d1%83%d0%ba%d1%82\/1\/\"]}]},{\"@type\":\"ImageObject\",\"inLanguage\":\"fr-FR\",\"@id\":\"http:\/\/www.ronboplastic.com\/ru\/%d0%bf%d1%80%d0%be%d0%b4%d1%83%d0%ba%d1%82\/1\/#primaryimage\",\"url\":\"https:\/\/www.ronboplastic.com\/wp-content\/uploads\/2024\/09\/RB-G001sCom.webp\",\"contentUrl\":\"https:\/\/www.ronboplastic.com\/wp-content\/uploads\/2024\/09\/RB-G001sCom.webp\",\"width\":385,\"height\":385},{\"@type\":\"BreadcrumbList\",\"@id\":\"http:\/\/www.ronboplastic.com\/ru\/%d0%bf%d1%80%d0%be%d0%b4%d1%83%d0%ba%d1%82\/1\/#breadcrumb\",\"itemListElement\":[{\"@type\":\"ListItem\",\"position\":1,\"name\":\"\u9996\u9875\",\"item\":\"https:\/\/www.ronboplastic.com\/\"},{\"@type\":\"ListItem\",\"position\":2,\"name\":\"Products\",\"item\":\"http:\/\/www.ronboplastic.com\/products\/\"},{\"@type\":\"ListItem\",\"position\":3,\"name\":\"Square 1 Gallon Pots Wholesale Price\"}]},{\"@type\":\"WebSite\",\"@id\":\"https:\/\/www.ronboplastic.com\/#website\",\"url\":\"https:\/\/www.ronboplastic.com\/\",\"name\":\"Ronbo Sunrise Pots &amp; Planters\",\"description\":\"Flower Pots &amp; Planters\",\"potentialAction\":[{\"@type\":\"SearchAction\",\"target\":{\"@type\":\"EntryPoint\",\"urlTemplate\":\"https:\/\/www.ronboplastic.com\/?s={search_term_string}\"},\"query-input\":{\"@type\":\"PropertyValueSpecification\",\"valueRequired\":true,\"valueName\":\"search_term_string\"}}],\"inLanguage\":\"fr-FR\"}]}<\/script>\n<!-- \/ Yoast SEO plugin. -->","yoast_head_json":{"title":"Square 1 Gallon Pots Wholesale Price - Ronbo Sunrise Pots &amp; Planters","robots":{"index":"index","follow":"follow","max-snippet":"max-snippet:-1","max-image-preview":"max-image-preview:large","max-video-preview":"max-video-preview:-1"},"canonical":"http:\/\/www.ronboplastic.com\/fr\/produit\/pots-carres-de-1-gallon-prix-de-gros\/","og_locale":"fr_FR","og_type":"article","og_title":"Square 1 Gallon Pots Wholesale Price - Ronbo Sunrise Pots &amp; Planters","og_description":"China Supplier Durable Plastic Planters for Wholesale &amp; Farm Use (1 to 25 Gallons)\"","og_url":"http:\/\/www.ronboplastic.com\/fr\/produit\/pots-carres-de-1-gallon-prix-de-gros\/","og_site_name":"Ronbo Sunrise Pots &amp; Planters","article_modified_time":"2025-09-08T06:39:09+00:00","og_image":[{"width":385,"height":385,"url":"https:\/\/www.ronboplastic.com\/wp-content\/uploads\/2024\/09\/RB-G001sCom.webp","type":"image\/webp"}],"twitter_card":"summary_large_image","twitter_misc":{"Dur\u00e9e de lecture estim\u00e9e":"1 minute"},"schema":{"@context":"https:\/\/schema.org","@graph":[{"@type":"WebPage","@id":"http:\/\/www.ronboplastic.com\/ru\/%d0%bf%d1%80%d0%be%d0%b4%d1%83%d0%ba%d1%82\/1\/","url":"http:\/\/www.ronboplastic.com\/ru\/%d0%bf%d1%80%d0%be%d0%b4%d1%83%d0%ba%d1%82\/1\/","name":"Square 1 Gallon Pots Wholesale Price - Ronbo Sunrise Pots &amp; Planters","isPartOf":{"@id":"https:\/\/www.ronboplastic.com\/#website"},"primaryImageOfPage":{"@id":"http:\/\/www.ronboplastic.com\/ru\/%d0%bf%d1%80%d0%be%d0%b4%d1%83%d0%ba%d1%82\/1\/#primaryimage"},"image":{"@id":"http:\/\/www.ronboplastic.com\/ru\/%d0%bf%d1%80%d0%be%d0%b4%d1%83%d0%ba%d1%82\/1\/#primaryimage"},"thumbnailUrl":"https:\/\/www.ronboplastic.com\/wp-content\/uploads\/2024\/09\/RB-G001sCom.webp","datePublished":"2025-09-06T02:25:43+00:00","dateModified":"2025-09-08T06:39:09+00:00","breadcrumb":{"@id":"http:\/\/www.ronboplastic.com\/ru\/%d0%bf%d1%80%d0%be%d0%b4%d1%83%d0%ba%d1%82\/1\/#breadcrumb"},"inLanguage":"fr-FR","potentialAction":[{"@type":"ReadAction","target":["http:\/\/www.ronboplastic.com\/ru\/%d0%bf%d1%80%d0%be%d0%b4%d1%83%d0%ba%d1%82\/1\/"]}]},{"@type":"ImageObject","inLanguage":"fr-FR","@id":"http:\/\/www.ronboplastic.com\/ru\/%d0%bf%d1%80%d0%be%d0%b4%d1%83%d0%ba%d1%82\/1\/#primaryimage","url":"https:\/\/www.ronboplastic.com\/wp-content\/uploads\/2024\/09\/RB-G001sCom.webp","contentUrl":"https:\/\/www.ronboplastic.com\/wp-content\/uploads\/2024\/09\/RB-G001sCom.webp","width":385,"height":385},{"@type":"BreadcrumbList","@id":"http:\/\/www.ronboplastic.com\/ru\/%d0%bf%d1%80%d0%be%d0%b4%d1%83%d0%ba%d1%82\/1\/#breadcrumb","itemListElement":[{"@type":"ListItem","position":1,"name":"\u9996\u9875","item":"https:\/\/www.ronboplastic.com\/"},{"@type":"ListItem","position":2,"name":"Products","item":"http:\/\/www.ronboplastic.com\/products\/"},{"@type":"ListItem","position":3,"name":"Square 1 Gallon Pots Wholesale Price"}]},{"@type":"WebSite","@id":"https:\/\/www.ronboplastic.com\/#website","url":"https:\/\/www.ronboplastic.com\/","name":"Ronbo Sunrise Pots &amp; Planters","description":"Pots de fleurs et jardini\u00e8res","potentialAction":[{"@type":"SearchAction","target":{"@type":"EntryPoint","urlTemplate":"https:\/\/www.ronboplastic.com\/?s={search_term_string}"},"query-input":{"@type":"PropertyValueSpecification","valueRequired":true,"valueName":"search_term_string"}}],"inLanguage":"fr-FR"}]}},"_links":{"self":[{"href":"https:\/\/www.ronboplastic.com\/fr\/wp-json\/wp\/v2\/product\/8621","targetHints":{"allow":["GET"]}}],"collection":[{"href":"https:\/\/www.ronboplastic.com\/fr\/wp-json\/wp\/v2\/product"}],"about":[{"href":"https:\/\/www.ronboplastic.com\/fr\/wp-json\/wp\/v2\/types\/product"}],"replies":[{"embeddable":true,"href":"https:\/\/www.ronboplastic.com\/fr\/wp-json\/wp\/v2\/comments?post=8621"}],"wp:featuredmedia":[{"embeddable":true,"href":"https:\/\/www.ronboplastic.com\/fr\/wp-json\/wp\/v2\/media\/9515"}],"wp:attachment":[{"href":"https:\/\/www.ronboplastic.com\/fr\/wp-json\/wp\/v2\/media?parent=8621"}],"wp:term":[{"taxonomy":"product_brand","embeddable":true,"href":"https:\/\/www.ronboplastic.com\/fr\/wp-json\/wp\/v2\/product_brand?post=8621"},{"taxonomy":"product_cat","embeddable":true,"href":"https:\/\/www.ronboplastic.com\/fr\/wp-json\/wp\/v2\/product_cat?post=8621"},{"taxonomy":"product_tag","embeddable":true,"href":"https:\/\/www.ronboplastic.com\/fr\/wp-json\/wp\/v2\/product_tag?post=8621"}],"curies":[{"name":"wp","href":"https:\/\/api.w.org\/{rel}","templated":true}]}}