{"id":8585,"date":"2024-09-06T03:29:58","date_gmt":"2024-09-05T19:29:58","guid":{"rendered":"http:\/\/13998496.test11.xinyijiapin.com\/index.php\/product\/3-gallon-square-pots\/"},"modified":"2025-09-08T14:48:47","modified_gmt":"2025-09-08T06:48:47","slug":"pots-carres-de-3-gallons","status":"publish","type":"product","link":"https:\/\/www.ronboplastic.com\/fr\/produit\/pots-carres-de-3-gallons\/","title":{"rendered":"Pots carr\u00e9s de 3 gallons"},"content":{"rendered":"<p>Les pots carr\u00e9s de 3 gallons offrent une plus grande capacit\u00e9 pour le syst\u00e8me de culture. Le pot \u00e0 plantes est fabriqu\u00e9 en r\u00e9sine PP recycl\u00e9e 100%, ce qui rend les mat\u00e9riaux recyclables et r\u00e9duit la pollution de l'environnement.<\/p>\n<p>Le bord est un point de pr\u00e9hension pratique lorsque vous transportez vos pots de plantes \u00e0 la main ou \u00e0 la machine. De nombreux trous de drainage sont pr\u00e9vus \u00e0 la base du pot pour aider les racines des plantes \u00e0 s'\u00e9goutter et \u00e0 respirer l'air.<\/p>\n<p><strong>Sp\u00e9cifications<\/strong><\/p>\n<section class=\"table-wrap\">\n<table class=\"table\" border=\"1\" width=\"100%\" cellspacing=\"0\" cellpadding=\"0\">\n<tbody>\n<tr class=\"firstRow\">\n<td>Num\u00e9ro de mod\u00e8le<\/td>\n<td>RB-G003S<\/td>\n<\/tr>\n<tr>\n<td>Type de plastique<\/td>\n<td>PP<\/td>\n<\/tr>\n<tr>\n<td>Type<\/td>\n<td>Propagation<\/td>\n<\/tr>\n<tr>\n<td>Diam\u00e8tre sup\u00e9rieur<\/td>\n<td>25cm\/9.84inch<\/td>\n<\/tr>\n<tr>\n<td>Diam\u00e8tre du fond<\/td>\n<td>17.8cm\/7.01inch<\/td>\n<\/tr>\n<tr>\n<td>Hauteur<\/td>\n<td>25.5cm\/10.04inch<\/td>\n<\/tr>\n<tr>\n<td>Volume<\/td>\n<td>11.8L\/3.1Gal<\/td>\n<\/tr>\n<\/tbody>\n<\/table>\n<\/section>\n<p><img loading=\"lazy\" decoding=\"async\" class=\"alignnone size-full wp-image-9506\" src=\"https:\/\/www.ronboplastic.com\/wp-content\/uploads\/2024\/09\/1645605896042-ckt-.webp\" alt=\"\" width=\"600\" height=\"800\" \/> <img loading=\"lazy\" decoding=\"async\" class=\"alignnone size-full wp-image-9507\" src=\"https:\/\/www.ronboplastic.com\/wp-content\/uploads\/2024\/09\/1645605933033-ckt-.webp\" alt=\"\" width=\"600\" height=\"800\" srcset=\"https:\/\/www.ronboplastic.com\/wp-content\/uploads\/2024\/09\/1645605933033-ckt-.webp 600w, https:\/\/www.ronboplastic.com\/wp-content\/uploads\/2024\/09\/1645605933033-ckt--225x300.webp 225w\" sizes=\"auto, (max-width: 600px) 100vw, 600px\" \/> <img loading=\"lazy\" decoding=\"async\" class=\"alignnone size-full wp-image-9508\" src=\"https:\/\/www.ronboplastic.com\/wp-content\/uploads\/2024\/09\/1645605951036-ckt-.webp\" alt=\"\" width=\"600\" height=\"800\" srcset=\"https:\/\/www.ronboplastic.com\/wp-content\/uploads\/2024\/09\/1645605951036-ckt-.webp 600w, https:\/\/www.ronboplastic.com\/wp-content\/uploads\/2024\/09\/1645605951036-ckt--225x300.webp 225w\" sizes=\"auto, (max-width: 600px) 100vw, 600px\" \/> <img loading=\"lazy\" decoding=\"async\" class=\"alignnone size-full wp-image-9509\" src=\"https:\/\/www.ronboplastic.com\/wp-content\/uploads\/2024\/09\/1645605959319-ckt-.webp\" alt=\"\" width=\"600\" height=\"800\" srcset=\"https:\/\/www.ronboplastic.com\/wp-content\/uploads\/2024\/09\/1645605959319-ckt-.webp 600w, https:\/\/www.ronboplastic.com\/wp-content\/uploads\/2024\/09\/1645605959319-ckt--225x300.webp 225w\" sizes=\"auto, (max-width: 600px) 100vw, 600px\" \/><\/p>\n<p class=\"productsTags\">Hot Tags : pots carr\u00e9s de 3 gallons, fournisseurs, fabricants, usine, grossiste, \u00e0 vendre<\/p>","protected":false},"excerpt":{"rendered":"<p>Les pots de plantes carr\u00e9s de 3 gallons offrent une plus grande capacit\u00e9 pour le syst\u00e8me de culture. Le pot est fabriqu\u00e9 en r\u00e9sine PP recycl\u00e9e 100%, ce qui rend les mat\u00e9riaux recyclables et r\u00e9duit la pollution de l'environnement. Le bord est un point de pr\u00e9hension pratique lorsque vous transportez vos pots de plantes \u00e0 la main ou \u00e0 la machine. De nombreux trous de drainage sont pr\u00e9vus \u00e0 la base du pot, ce qui permet aux racines des plantes de se drainer et de respirer de l'air.<\/p>","protected":false},"featured_media":9547,"comment_status":"open","ping_status":"closed","template":"","meta":[],"product_brand":[],"product_cat":[20],"product_tag":[],"class_list":{"0":"post-8585","1":"product","2":"type-product","3":"status-publish","4":"has-post-thumbnail","6":"product_cat-uncategorized","8":"first","9":"instock","10":"shipping-taxable","11":"product-type-simple"},"yoast_head":"<!-- This site is optimized with the Yoast SEO plugin v26.1.1 - https:\/\/yoast.com\/wordpress\/plugins\/seo\/ -->\n<title>3 Gallon Square Pots - Ronbo Sunrise Pots &amp; Planters<\/title>\n<meta name=\"robots\" content=\"index, follow, max-snippet:-1, max-image-preview:large, max-video-preview:-1\" \/>\n<link rel=\"canonical\" href=\"http:\/\/www.ronboplastic.com\/fr\/produit\/pots-carres-de-3-gallons\/\" \/>\n<meta property=\"og:locale\" content=\"fr_FR\" \/>\n<meta property=\"og:type\" content=\"article\" \/>\n<meta property=\"og:title\" content=\"3 Gallon Square Pots - Ronbo Sunrise Pots &amp; Planters\" \/>\n<meta property=\"og:description\" content=\"Square 3 gallon plant pots provide more greater capacity for growing system. The plant pot made of 100% recycled PP resin that make materials recyclable and reduce environmental pollution The rim is a convenient grip spot when transporting your plant pots with hand or machine. Many drainage hole is provided for at the base of the pot that help the roots of plants to drain and breathe air.\" \/>\n<meta property=\"og:url\" content=\"http:\/\/www.ronboplastic.com\/fr\/produit\/pots-carres-de-3-gallons\/\" \/>\n<meta property=\"og:site_name\" content=\"Ronbo Sunrise Pots &amp; Planters\" \/>\n<meta property=\"article:modified_time\" content=\"2025-09-08T06:48:47+00:00\" \/>\n<meta property=\"og:image\" content=\"https:\/\/www.ronboplastic.com\/wp-content\/uploads\/2024\/09\/1645605889779-ckt-.webp\" \/>\n\t<meta property=\"og:image:width\" content=\"1440\" \/>\n\t<meta property=\"og:image:height\" content=\"1920\" \/>\n\t<meta property=\"og:image:type\" content=\"image\/webp\" \/>\n<meta name=\"twitter:card\" content=\"summary_large_image\" \/>\n<meta name=\"twitter:label1\" content=\"Dur\u00e9e de lecture estim\u00e9e\" \/>\n\t<meta name=\"twitter:data1\" content=\"1 minute\" \/>\n<script type=\"application\/ld+json\" class=\"yoast-schema-graph\">{\"@context\":\"https:\/\/schema.org\",\"@graph\":[{\"@type\":\"WebPage\",\"@id\":\"http:\/\/www.ronboplastic.com\/ru\/%d0%bf%d1%80%d0%be%d0%b4%d1%83%d0%ba%d1%82\/3\/\",\"url\":\"http:\/\/www.ronboplastic.com\/ru\/%d0%bf%d1%80%d0%be%d0%b4%d1%83%d0%ba%d1%82\/3\/\",\"name\":\"3 Gallon Square Pots - Ronbo Sunrise Pots &amp; Planters\",\"isPartOf\":{\"@id\":\"https:\/\/www.ronboplastic.com\/#website\"},\"primaryImageOfPage\":{\"@id\":\"http:\/\/www.ronboplastic.com\/ru\/%d0%bf%d1%80%d0%be%d0%b4%d1%83%d0%ba%d1%82\/3\/#primaryimage\"},\"image\":{\"@id\":\"http:\/\/www.ronboplastic.com\/ru\/%d0%bf%d1%80%d0%be%d0%b4%d1%83%d0%ba%d1%82\/3\/#primaryimage\"},\"thumbnailUrl\":\"https:\/\/www.ronboplastic.com\/wp-content\/uploads\/2024\/09\/1645605889779-ckt-.webp\",\"datePublished\":\"2024-09-05T19:29:58+00:00\",\"dateModified\":\"2025-09-08T06:48:47+00:00\",\"breadcrumb\":{\"@id\":\"http:\/\/www.ronboplastic.com\/ru\/%d0%bf%d1%80%d0%be%d0%b4%d1%83%d0%ba%d1%82\/3\/#breadcrumb\"},\"inLanguage\":\"fr-FR\",\"potentialAction\":[{\"@type\":\"ReadAction\",\"target\":[\"http:\/\/www.ronboplastic.com\/ru\/%d0%bf%d1%80%d0%be%d0%b4%d1%83%d0%ba%d1%82\/3\/\"]}]},{\"@type\":\"ImageObject\",\"inLanguage\":\"fr-FR\",\"@id\":\"http:\/\/www.ronboplastic.com\/ru\/%d0%bf%d1%80%d0%be%d0%b4%d1%83%d0%ba%d1%82\/3\/#primaryimage\",\"url\":\"https:\/\/www.ronboplastic.com\/wp-content\/uploads\/2024\/09\/1645605889779-ckt-.webp\",\"contentUrl\":\"https:\/\/www.ronboplastic.com\/wp-content\/uploads\/2024\/09\/1645605889779-ckt-.webp\",\"width\":1440,\"height\":1920},{\"@type\":\"BreadcrumbList\",\"@id\":\"http:\/\/www.ronboplastic.com\/ru\/%d0%bf%d1%80%d0%be%d0%b4%d1%83%d0%ba%d1%82\/3\/#breadcrumb\",\"itemListElement\":[{\"@type\":\"ListItem\",\"position\":1,\"name\":\"\u9996\u9875\",\"item\":\"https:\/\/www.ronboplastic.com\/\"},{\"@type\":\"ListItem\",\"position\":2,\"name\":\"Products\",\"item\":\"http:\/\/www.ronboplastic.com\/products\/\"},{\"@type\":\"ListItem\",\"position\":3,\"name\":\"3 Gallon Square Pots\"}]},{\"@type\":\"WebSite\",\"@id\":\"https:\/\/www.ronboplastic.com\/#website\",\"url\":\"https:\/\/www.ronboplastic.com\/\",\"name\":\"Ronbo Sunrise Pots &amp; Planters\",\"description\":\"Flower Pots &amp; Planters\",\"potentialAction\":[{\"@type\":\"SearchAction\",\"target\":{\"@type\":\"EntryPoint\",\"urlTemplate\":\"https:\/\/www.ronboplastic.com\/?s={search_term_string}\"},\"query-input\":{\"@type\":\"PropertyValueSpecification\",\"valueRequired\":true,\"valueName\":\"search_term_string\"}}],\"inLanguage\":\"fr-FR\"}]}<\/script>\n<!-- \/ Yoast SEO plugin. -->","yoast_head_json":{"title":"3 Gallon Square Pots - Ronbo Sunrise Pots &amp; Planters","robots":{"index":"index","follow":"follow","max-snippet":"max-snippet:-1","max-image-preview":"max-image-preview:large","max-video-preview":"max-video-preview:-1"},"canonical":"http:\/\/www.ronboplastic.com\/fr\/produit\/pots-carres-de-3-gallons\/","og_locale":"fr_FR","og_type":"article","og_title":"3 Gallon Square Pots - Ronbo Sunrise Pots &amp; Planters","og_description":"Square 3 gallon plant pots provide more greater capacity for growing system. The plant pot made of 100% recycled PP resin that make materials recyclable and reduce environmental pollution The rim is a convenient grip spot when transporting your plant pots with hand or machine. Many drainage hole is provided for at the base of the pot that help the roots of plants to drain and breathe air.","og_url":"http:\/\/www.ronboplastic.com\/fr\/produit\/pots-carres-de-3-gallons\/","og_site_name":"Ronbo Sunrise Pots &amp; Planters","article_modified_time":"2025-09-08T06:48:47+00:00","og_image":[{"width":1440,"height":1920,"url":"https:\/\/www.ronboplastic.com\/wp-content\/uploads\/2024\/09\/1645605889779-ckt-.webp","type":"image\/webp"}],"twitter_card":"summary_large_image","twitter_misc":{"Dur\u00e9e de lecture estim\u00e9e":"1 minute"},"schema":{"@context":"https:\/\/schema.org","@graph":[{"@type":"WebPage","@id":"http:\/\/www.ronboplastic.com\/ru\/%d0%bf%d1%80%d0%be%d0%b4%d1%83%d0%ba%d1%82\/3\/","url":"http:\/\/www.ronboplastic.com\/ru\/%d0%bf%d1%80%d0%be%d0%b4%d1%83%d0%ba%d1%82\/3\/","name":"3 Gallon Square Pots - Ronbo Sunrise Pots &amp; Planters","isPartOf":{"@id":"https:\/\/www.ronboplastic.com\/#website"},"primaryImageOfPage":{"@id":"http:\/\/www.ronboplastic.com\/ru\/%d0%bf%d1%80%d0%be%d0%b4%d1%83%d0%ba%d1%82\/3\/#primaryimage"},"image":{"@id":"http:\/\/www.ronboplastic.com\/ru\/%d0%bf%d1%80%d0%be%d0%b4%d1%83%d0%ba%d1%82\/3\/#primaryimage"},"thumbnailUrl":"https:\/\/www.ronboplastic.com\/wp-content\/uploads\/2024\/09\/1645605889779-ckt-.webp","datePublished":"2024-09-05T19:29:58+00:00","dateModified":"2025-09-08T06:48:47+00:00","breadcrumb":{"@id":"http:\/\/www.ronboplastic.com\/ru\/%d0%bf%d1%80%d0%be%d0%b4%d1%83%d0%ba%d1%82\/3\/#breadcrumb"},"inLanguage":"fr-FR","potentialAction":[{"@type":"ReadAction","target":["http:\/\/www.ronboplastic.com\/ru\/%d0%bf%d1%80%d0%be%d0%b4%d1%83%d0%ba%d1%82\/3\/"]}]},{"@type":"ImageObject","inLanguage":"fr-FR","@id":"http:\/\/www.ronboplastic.com\/ru\/%d0%bf%d1%80%d0%be%d0%b4%d1%83%d0%ba%d1%82\/3\/#primaryimage","url":"https:\/\/www.ronboplastic.com\/wp-content\/uploads\/2024\/09\/1645605889779-ckt-.webp","contentUrl":"https:\/\/www.ronboplastic.com\/wp-content\/uploads\/2024\/09\/1645605889779-ckt-.webp","width":1440,"height":1920},{"@type":"BreadcrumbList","@id":"http:\/\/www.ronboplastic.com\/ru\/%d0%bf%d1%80%d0%be%d0%b4%d1%83%d0%ba%d1%82\/3\/#breadcrumb","itemListElement":[{"@type":"ListItem","position":1,"name":"\u9996\u9875","item":"https:\/\/www.ronboplastic.com\/"},{"@type":"ListItem","position":2,"name":"Products","item":"http:\/\/www.ronboplastic.com\/products\/"},{"@type":"ListItem","position":3,"name":"3 Gallon Square Pots"}]},{"@type":"WebSite","@id":"https:\/\/www.ronboplastic.com\/#website","url":"https:\/\/www.ronboplastic.com\/","name":"Ronbo Sunrise Pots &amp; Planters","description":"Pots de fleurs et jardini\u00e8res","potentialAction":[{"@type":"SearchAction","target":{"@type":"EntryPoint","urlTemplate":"https:\/\/www.ronboplastic.com\/?s={search_term_string}"},"query-input":{"@type":"PropertyValueSpecification","valueRequired":true,"valueName":"search_term_string"}}],"inLanguage":"fr-FR"}]}},"_links":{"self":[{"href":"https:\/\/www.ronboplastic.com\/fr\/wp-json\/wp\/v2\/product\/8585","targetHints":{"allow":["GET"]}}],"collection":[{"href":"https:\/\/www.ronboplastic.com\/fr\/wp-json\/wp\/v2\/product"}],"about":[{"href":"https:\/\/www.ronboplastic.com\/fr\/wp-json\/wp\/v2\/types\/product"}],"replies":[{"embeddable":true,"href":"https:\/\/www.ronboplastic.com\/fr\/wp-json\/wp\/v2\/comments?post=8585"}],"wp:featuredmedia":[{"embeddable":true,"href":"https:\/\/www.ronboplastic.com\/fr\/wp-json\/wp\/v2\/media\/9547"}],"wp:attachment":[{"href":"https:\/\/www.ronboplastic.com\/fr\/wp-json\/wp\/v2\/media?parent=8585"}],"wp:term":[{"taxonomy":"product_brand","embeddable":true,"href":"https:\/\/www.ronboplastic.com\/fr\/wp-json\/wp\/v2\/product_brand?post=8585"},{"taxonomy":"product_cat","embeddable":true,"href":"https:\/\/www.ronboplastic.com\/fr\/wp-json\/wp\/v2\/product_cat?post=8585"},{"taxonomy":"product_tag","embeddable":true,"href":"https:\/\/www.ronboplastic.com\/fr\/wp-json\/wp\/v2\/product_tag?post=8585"}],"curies":[{"name":"wp","href":"https:\/\/api.w.org\/{rel}","templated":true}]}}