{"id":8545,"date":"2024-09-05T09:17:02","date_gmt":"2024-09-05T01:17:02","guid":{"rendered":"http:\/\/13998496.test11.xinyijiapin.com\/index.php\/product\/square-2-gallon-pots\/"},"modified":"2026-05-09T01:58:52","modified_gmt":"2026-05-09T08:58:52","slug":"pots-carres-de-2-gallons","status":"publish","type":"product","link":"https:\/\/www.ronboplastic.com\/fr\/produit\/pots-carres-de-2-gallons\/","title":{"rendered":"Pots carr\u00e9s de 2 gallons"},"content":{"rendered":"<p>Ce pot carr\u00e9 noir moul\u00e9 par injection de 2 gallons, qui a une grande r\u00e9sistance et des propri\u00e9t\u00e9s anti-vieillissement, est stabilis\u00e9 pour r\u00e9sister aux rayons UV. Il maximise l'espace dans votre ferme ou votre jardin.<\/p>\n<p>La longueur de la partie sup\u00e9rieure est de 7,36 pouces et la hauteur de 7,68 pouces.<\/p>\n<p>Sp\u00e9cifications :<\/p>\n<p><strong>Num\u00e9ro de mod\u00e8le<\/strong>: <strong>RB-G002S<\/strong><\/p>\n<p><strong>Type de plastique : PP<\/strong><\/p>\n<p><strong>Type<\/strong>: <strong>Propagation<\/strong><\/p>\n<p><strong>Diam\u00e8tre sup\u00e9rieur : 18,7cm\/7,36inch<\/strong><\/p>\n<p><strong>Diam\u00e8tre du fond : 13.5cm\/5.31inch<\/strong><\/p>\n<p><strong>Hauteur : 19.5cm\/7.68inch<\/strong><\/p>\n<p><strong>Volume : 5.1L\/1.3Gal<\/strong><\/p>\n<p><img loading=\"lazy\" decoding=\"async\" class=\"alignnone size-full wp-image-9515\" src=\"https:\/\/www.ronboplastic.com\/wp-content\/uploads\/2024\/09\/RB-G001sCom.webp\" alt=\"\" width=\"385\" height=\"385\" srcset=\"https:\/\/www.ronboplastic.com\/wp-content\/uploads\/2024\/09\/RB-G001sCom.webp 385w, https:\/\/www.ronboplastic.com\/wp-content\/uploads\/2024\/09\/RB-G001sCom-300x300.webp 300w\" sizes=\"auto, (max-width: 385px) 100vw, 385px\" \/> <img loading=\"lazy\" decoding=\"async\" class=\"alignnone size-full wp-image-9512\" src=\"https:\/\/www.ronboplastic.com\/wp-content\/uploads\/2024\/09\/1645605386869-ckt-.webp\" alt=\"\" width=\"600\" height=\"800\" \/> <img loading=\"lazy\" decoding=\"async\" class=\"alignnone size-full wp-image-9513\" src=\"https:\/\/www.ronboplastic.com\/wp-content\/uploads\/2024\/09\/RB-G002Sright.webp\" alt=\"\" width=\"800\" height=\"800\" srcset=\"https:\/\/www.ronboplastic.com\/wp-content\/uploads\/2024\/09\/RB-G002Sright.webp 800w, https:\/\/www.ronboplastic.com\/wp-content\/uploads\/2024\/09\/RB-G002Sright-300x300.webp 300w\" sizes=\"auto, (max-width: 800px) 100vw, 800px\" \/><img loading=\"lazy\" decoding=\"async\" class=\"alignnone size-full wp-image-9516\" src=\"https:\/\/www.ronboplastic.com\/wp-content\/uploads\/2024\/09\/11.webp\" alt=\"\" width=\"390\" height=\"302\" srcset=\"https:\/\/www.ronboplastic.com\/wp-content\/uploads\/2024\/09\/11.webp 390w, https:\/\/www.ronboplastic.com\/wp-content\/uploads\/2024\/09\/11-387x300.webp 387w\" sizes=\"auto, (max-width: 390px) 100vw, 390px\" \/><\/p>\n<p>&nbsp;<\/p>","protected":false},"excerpt":{"rendered":"<p>Ce pot carr\u00e9 noir moul\u00e9 par injection de 2 gallons, qui a une grande r\u00e9sistance et des propri\u00e9t\u00e9s anti-vieillissement, est stabilis\u00e9 pour r\u00e9sister aux rayons UV. Il maximise l'espace dans votre ferme ou votre jardin. La longueur de la partie sup\u00e9rieure est de 7,36 pouces et la hauteur de 7,68 pouces.<\/p>","protected":false},"featured_media":9510,"comment_status":"open","ping_status":"closed","template":"","meta":[],"product_brand":[],"product_cat":[143],"product_tag":[73],"class_list":{"0":"post-8545","1":"product","2":"type-product","3":"status-publish","4":"has-post-thumbnail","6":"product_cat-gallon-pots-nursery","7":"product_tag-2-gallon-pots","9":"first","10":"instock","11":"shipping-taxable","12":"product-type-simple"},"yoast_head":"<!-- This site is optimized with the Yoast SEO plugin v26.1.1 - https:\/\/yoast.com\/wordpress\/plugins\/seo\/ -->\n<title>Square 2 Gallon Pots - Ronbo Sunrise Pots &amp; Planters<\/title>\n<meta name=\"robots\" content=\"index, follow, max-snippet:-1, max-image-preview:large, max-video-preview:-1\" \/>\n<link rel=\"canonical\" href=\"https:\/\/www.ronboplastic.com\/fr\/produit\/pots-carres-de-2-gallons\/\" \/>\n<meta property=\"og:locale\" content=\"fr_FR\" \/>\n<meta property=\"og:type\" content=\"article\" \/>\n<meta property=\"og:title\" content=\"Square 2 Gallon Pots - Ronbo Sunrise Pots &amp; Planters\" \/>\n<meta property=\"og:description\" content=\"This injection molded black square pot 2 gallon, which has high strength and anti-aging properties that is stabilized to handle the UV rays, maximize space in your farm or garden. The top length is 7.36 inches and height of 7.68 inches.Works great with the DS002 Square Saucers.\" \/>\n<meta property=\"og:url\" content=\"https:\/\/www.ronboplastic.com\/fr\/produit\/pots-carres-de-2-gallons\/\" \/>\n<meta property=\"og:site_name\" content=\"Ronbo Sunrise Pots &amp; Planters\" \/>\n<meta property=\"article:modified_time\" content=\"2026-05-09T08:58:52+00:00\" \/>\n<meta property=\"og:image\" content=\"https:\/\/www.ronboplastic.com\/wp-content\/uploads\/2024\/09\/1645605348839-ckt-.webp\" \/>\n\t<meta property=\"og:image:width\" content=\"1440\" \/>\n\t<meta property=\"og:image:height\" content=\"1920\" \/>\n\t<meta property=\"og:image:type\" content=\"image\/webp\" \/>\n<meta name=\"twitter:card\" content=\"summary_large_image\" \/>\n<script type=\"application\/ld+json\" class=\"yoast-schema-graph\">{\"@context\":\"https:\/\/schema.org\",\"@graph\":[{\"@type\":\"WebPage\",\"@id\":\"https:\/\/www.ronboplastic.com\/product\/square-2-gallon-pots\/\",\"url\":\"https:\/\/www.ronboplastic.com\/product\/square-2-gallon-pots\/\",\"name\":\"Square 2 Gallon Pots - Ronbo Sunrise Pots &amp; Planters\",\"isPartOf\":{\"@id\":\"https:\/\/www.ronboplastic.com\/#website\"},\"primaryImageOfPage\":{\"@id\":\"https:\/\/www.ronboplastic.com\/product\/square-2-gallon-pots\/#primaryimage\"},\"image\":{\"@id\":\"https:\/\/www.ronboplastic.com\/product\/square-2-gallon-pots\/#primaryimage\"},\"thumbnailUrl\":\"https:\/\/www.ronboplastic.com\/wp-content\/uploads\/2024\/09\/1645605348839-ckt-.webp\",\"datePublished\":\"2024-09-05T01:17:02+00:00\",\"dateModified\":\"2026-05-09T08:58:52+00:00\",\"breadcrumb\":{\"@id\":\"https:\/\/www.ronboplastic.com\/product\/square-2-gallon-pots\/#breadcrumb\"},\"inLanguage\":\"fr-FR\",\"potentialAction\":[{\"@type\":\"ReadAction\",\"target\":[\"https:\/\/www.ronboplastic.com\/product\/square-2-gallon-pots\/\"]}]},{\"@type\":\"ImageObject\",\"inLanguage\":\"fr-FR\",\"@id\":\"https:\/\/www.ronboplastic.com\/product\/square-2-gallon-pots\/#primaryimage\",\"url\":\"https:\/\/www.ronboplastic.com\/wp-content\/uploads\/2024\/09\/1645605348839-ckt-.webp\",\"contentUrl\":\"https:\/\/www.ronboplastic.com\/wp-content\/uploads\/2024\/09\/1645605348839-ckt-.webp\",\"width\":1440,\"height\":1920},{\"@type\":\"BreadcrumbList\",\"@id\":\"https:\/\/www.ronboplastic.com\/product\/square-2-gallon-pots\/#breadcrumb\",\"itemListElement\":[{\"@type\":\"ListItem\",\"position\":1,\"name\":\"\u9996\u9875\",\"item\":\"https:\/\/www.ronboplastic.com\/\"},{\"@type\":\"ListItem\",\"position\":2,\"name\":\"Products\",\"item\":\"http:\/\/www.ronboplastic.com\/products\/\"},{\"@type\":\"ListItem\",\"position\":3,\"name\":\"Square 2 Gallon Pots\"}]},{\"@type\":\"WebSite\",\"@id\":\"https:\/\/www.ronboplastic.com\/#website\",\"url\":\"https:\/\/www.ronboplastic.com\/\",\"name\":\"Ronbo Sunrise Pots &amp; Planters\",\"description\":\"Flower Pots &amp; Planters\",\"potentialAction\":[{\"@type\":\"SearchAction\",\"target\":{\"@type\":\"EntryPoint\",\"urlTemplate\":\"https:\/\/www.ronboplastic.com\/?s={search_term_string}\"},\"query-input\":{\"@type\":\"PropertyValueSpecification\",\"valueRequired\":true,\"valueName\":\"search_term_string\"}}],\"inLanguage\":\"fr-FR\"}]}<\/script>\n<!-- \/ Yoast SEO plugin. -->","yoast_head_json":{"title":"Square 2 Gallon Pots - Ronbo Sunrise Pots &amp; Planters","robots":{"index":"index","follow":"follow","max-snippet":"max-snippet:-1","max-image-preview":"max-image-preview:large","max-video-preview":"max-video-preview:-1"},"canonical":"https:\/\/www.ronboplastic.com\/fr\/produit\/pots-carres-de-2-gallons\/","og_locale":"fr_FR","og_type":"article","og_title":"Square 2 Gallon Pots - Ronbo Sunrise Pots &amp; Planters","og_description":"This injection molded black square pot 2 gallon, which has high strength and anti-aging properties that is stabilized to handle the UV rays, maximize space in your farm or garden. The top length is 7.36 inches and height of 7.68 inches.Works great with the DS002 Square Saucers.","og_url":"https:\/\/www.ronboplastic.com\/fr\/produit\/pots-carres-de-2-gallons\/","og_site_name":"Ronbo Sunrise Pots &amp; Planters","article_modified_time":"2026-05-09T08:58:52+00:00","og_image":[{"width":1440,"height":1920,"url":"https:\/\/www.ronboplastic.com\/wp-content\/uploads\/2024\/09\/1645605348839-ckt-.webp","type":"image\/webp"}],"twitter_card":"summary_large_image","schema":{"@context":"https:\/\/schema.org","@graph":[{"@type":"WebPage","@id":"https:\/\/www.ronboplastic.com\/product\/square-2-gallon-pots\/","url":"https:\/\/www.ronboplastic.com\/product\/square-2-gallon-pots\/","name":"Square 2 Gallon Pots - Ronbo Sunrise Pots &amp; Planters","isPartOf":{"@id":"https:\/\/www.ronboplastic.com\/#website"},"primaryImageOfPage":{"@id":"https:\/\/www.ronboplastic.com\/product\/square-2-gallon-pots\/#primaryimage"},"image":{"@id":"https:\/\/www.ronboplastic.com\/product\/square-2-gallon-pots\/#primaryimage"},"thumbnailUrl":"https:\/\/www.ronboplastic.com\/wp-content\/uploads\/2024\/09\/1645605348839-ckt-.webp","datePublished":"2024-09-05T01:17:02+00:00","dateModified":"2026-05-09T08:58:52+00:00","breadcrumb":{"@id":"https:\/\/www.ronboplastic.com\/product\/square-2-gallon-pots\/#breadcrumb"},"inLanguage":"fr-FR","potentialAction":[{"@type":"ReadAction","target":["https:\/\/www.ronboplastic.com\/product\/square-2-gallon-pots\/"]}]},{"@type":"ImageObject","inLanguage":"fr-FR","@id":"https:\/\/www.ronboplastic.com\/product\/square-2-gallon-pots\/#primaryimage","url":"https:\/\/www.ronboplastic.com\/wp-content\/uploads\/2024\/09\/1645605348839-ckt-.webp","contentUrl":"https:\/\/www.ronboplastic.com\/wp-content\/uploads\/2024\/09\/1645605348839-ckt-.webp","width":1440,"height":1920},{"@type":"BreadcrumbList","@id":"https:\/\/www.ronboplastic.com\/product\/square-2-gallon-pots\/#breadcrumb","itemListElement":[{"@type":"ListItem","position":1,"name":"\u9996\u9875","item":"https:\/\/www.ronboplastic.com\/"},{"@type":"ListItem","position":2,"name":"Products","item":"http:\/\/www.ronboplastic.com\/products\/"},{"@type":"ListItem","position":3,"name":"Square 2 Gallon Pots"}]},{"@type":"WebSite","@id":"https:\/\/www.ronboplastic.com\/#website","url":"https:\/\/www.ronboplastic.com\/","name":"Ronbo Sunrise Pots &amp; Planters","description":"Pots de fleurs et jardini\u00e8res","potentialAction":[{"@type":"SearchAction","target":{"@type":"EntryPoint","urlTemplate":"https:\/\/www.ronboplastic.com\/?s={search_term_string}"},"query-input":{"@type":"PropertyValueSpecification","valueRequired":true,"valueName":"search_term_string"}}],"inLanguage":"fr-FR"}]}},"_links":{"self":[{"href":"https:\/\/www.ronboplastic.com\/fr\/wp-json\/wp\/v2\/product\/8545","targetHints":{"allow":["GET"]}}],"collection":[{"href":"https:\/\/www.ronboplastic.com\/fr\/wp-json\/wp\/v2\/product"}],"about":[{"href":"https:\/\/www.ronboplastic.com\/fr\/wp-json\/wp\/v2\/types\/product"}],"replies":[{"embeddable":true,"href":"https:\/\/www.ronboplastic.com\/fr\/wp-json\/wp\/v2\/comments?post=8545"}],"wp:featuredmedia":[{"embeddable":true,"href":"https:\/\/www.ronboplastic.com\/fr\/wp-json\/wp\/v2\/media\/9510"}],"wp:attachment":[{"href":"https:\/\/www.ronboplastic.com\/fr\/wp-json\/wp\/v2\/media?parent=8545"}],"wp:term":[{"taxonomy":"product_brand","embeddable":true,"href":"https:\/\/www.ronboplastic.com\/fr\/wp-json\/wp\/v2\/product_brand?post=8545"},{"taxonomy":"product_cat","embeddable":true,"href":"https:\/\/www.ronboplastic.com\/fr\/wp-json\/wp\/v2\/product_cat?post=8545"},{"taxonomy":"product_tag","embeddable":true,"href":"https:\/\/www.ronboplastic.com\/fr\/wp-json\/wp\/v2\/product_tag?post=8545"}],"curies":[{"name":"wp","href":"https:\/\/api.w.org\/{rel}","templated":true}]}}