{"id":9567,"date":"2025-09-20T16:07:25","date_gmt":"2025-09-20T08:07:25","guid":{"rendered":"https:\/\/www.ronboplastic.com\/?page_id=9567"},"modified":"2025-09-20T16:07:25","modified_gmt":"2025-09-20T08:07:25","slug":"2024-foire-de-canton","status":"publish","type":"page","link":"https:\/\/www.ronboplastic.com\/fr\/2024-foire-de-canton\/","title":{"rendered":"2024 Foire de Canton"},"content":{"rendered":"<p><img loading=\"lazy\" decoding=\"async\" class=\"alignnone size-full wp-image-9568\" src=\"https:\/\/www.ronboplastic.com\/wp-content\/uploads\/2025\/09\/111-4.webp\" alt=\"\" width=\"1024\" height=\"768\" srcset=\"https:\/\/www.ronboplastic.com\/wp-content\/uploads\/2025\/09\/111-4.webp 1024w, https:\/\/www.ronboplastic.com\/wp-content\/uploads\/2025\/09\/111-4-400x300.webp 400w\" sizes=\"auto, (max-width: 1024px) 100vw, 1024px\" \/><\/p>\n<p>Nous sommes l'un des principaux fabricants de jardini\u00e8res en plastique de haute qualit\u00e9, con\u00e7ues pour r\u00e9pondre aux besoins des march\u00e9s mondiaux, en particulier aux \u00c9tats-Unis et en Europe. Gr\u00e2ce \u00e0 nos propres installations de production et \u00e0 une \u00e9quipe de recherche et d\u00e9veloppement sp\u00e9cialis\u00e9e, nous garantissons des conceptions innovantes et une qualit\u00e9 de produit exceptionnelle pour r\u00e9pondre aux exigences uniques de nos clients.<\/p>\n<p>R\u00e9cemment, nous avons eu l'honneur de participer \u00e0 la Foire de Canton 2024, o\u00f9 nous avons pr\u00e9sent\u00e9 nos derniers produits. Notre \u00e9quipe est ravie de la r\u00e9action positive des participants et ravie d'avoir gagn\u00e9 la confiance de nombreux nouveaux clients. Cette exposition r\u00e9ussie a renforc\u00e9 notre pr\u00e9sence sur le march\u00e9 et s'est traduite par de nombreuses nouvelles commandes, renfor\u00e7ant ainsi notre engagement \u00e0 offrir une valeur exceptionnelle.<\/p>\n<p>**<\/p>\n<p><img loading=\"lazy\" decoding=\"async\" class=\"alignnone size-full wp-image-9569\" src=\"https:\/\/www.ronboplastic.com\/wp-content\/uploads\/2025\/09\/WechatIMG2661-1.webp\" alt=\"\" width=\"377\" height=\"283\" \/> \u00a0<img loading=\"lazy\" decoding=\"async\" class=\"alignnone size-full wp-image-9570\" src=\"https:\/\/www.ronboplastic.com\/wp-content\/uploads\/2025\/09\/WechatIMG2691.webp\" alt=\"\" width=\"377\" height=\"283\" \/><\/p>\n<figure class=\"wp-block-gallery has-nested-images columns-default is-cropped wp-block-gallery-1 is-layout-flex wp-block-gallery-is-layout-flex\">\n<figure class=\"wp-block-image size-large\"><\/figure>\n<\/figure>\n<p>Nous avons \u00e9galement eu le plaisir d'immortaliser des moments m\u00e9morables avec nos clients internationaux par des photos de groupe, qui symbolisent non seulement nos partenariats solides, mais aussi notre engagement commun en faveur de la croissance et de l'innovation. Ces photos t\u00e9moignent de la confiance et des relations que nous avons \u00e9tablies avec des clients de diff\u00e9rents march\u00e9s, refl\u00e9tant ainsi la force de notre r\u00e9seau mondial. En nous engageant directement aupr\u00e8s de nos clients, nous avons pu mieux comprendre leurs pr\u00e9f\u00e9rences et leurs exigences particuli\u00e8res, ce qui a favoris\u00e9 l'\u00e9tablissement de liens plus \u00e9troits et un enthousiasme partag\u00e9 pour nos produits. Ces interactions significatives nous incitent \u00e0 am\u00e9liorer continuellement nos conceptions et \u00e0 d\u00e9velopper des solutions qui r\u00e9sonnent au-del\u00e0 des fronti\u00e8res culturelles et g\u00e9ographiques, soulignant ainsi notre engagement \u00e0 fournir des produits qui r\u00e9pondent r\u00e9ellement aux besoins de notre public mondial.<\/p>","protected":false},"excerpt":{"rendered":"<p>Nous sommes l'un des principaux fabricants de jardini\u00e8res en plastique de haute qualit\u00e9, con\u00e7ues pour r\u00e9pondre aux besoins des march\u00e9s mondiaux, en particulier dans les domaines suivants<\/p>","protected":false},"author":1,"featured_media":0,"parent":0,"menu_order":0,"comment_status":"closed","ping_status":"closed","template":"","meta":{"footnotes":""},"class_list":["post-9567","page","type-page","status-publish","hentry"],"yoast_head":"<!-- This site is optimized with the Yoast SEO plugin v26.1.1 - https:\/\/yoast.com\/wordpress\/plugins\/seo\/ -->\n<title>2024 Canton Fair - Ronbo Sunrise Pots &amp; Planters<\/title>\n<meta name=\"robots\" content=\"index, follow, max-snippet:-1, max-image-preview:large, max-video-preview:-1\" \/>\n<link rel=\"canonical\" href=\"https:\/\/www.ronboplastic.com\/fr\/2024-foire-de-canton\/\" \/>\n<meta property=\"og:locale\" content=\"fr_FR\" \/>\n<meta property=\"og:type\" content=\"article\" \/>\n<meta property=\"og:title\" content=\"2024 Canton Fair - Ronbo Sunrise Pots &amp; Planters\" \/>\n<meta property=\"og:description\" content=\"We are a leading manufacturer of high-quality plastic planters, designed to cater to the needs of global markets, especially in\" \/>\n<meta property=\"og:url\" content=\"https:\/\/www.ronboplastic.com\/fr\/2024-foire-de-canton\/\" \/>\n<meta property=\"og:site_name\" content=\"Ronbo Sunrise Pots &amp; Planters\" \/>\n<meta property=\"og:image\" content=\"https:\/\/www.ronboplastic.com\/wp-content\/uploads\/2025\/09\/111-4.webp\" \/>\n<meta name=\"twitter:card\" content=\"summary_large_image\" \/>\n<meta name=\"twitter:label1\" content=\"Dur\u00e9e de lecture estim\u00e9e\" \/>\n\t<meta name=\"twitter:data1\" content=\"1 minute\" \/>\n<script type=\"application\/ld+json\" class=\"yoast-schema-graph\">{\"@context\":\"https:\/\/schema.org\",\"@graph\":[{\"@type\":\"WebPage\",\"@id\":\"https:\/\/www.ronboplastic.com\/2024-canton-fair\/\",\"url\":\"https:\/\/www.ronboplastic.com\/2024-canton-fair\/\",\"name\":\"2024 Canton Fair - Ronbo Sunrise Pots &amp; Planters\",\"isPartOf\":{\"@id\":\"https:\/\/www.ronboplastic.com\/#website\"},\"primaryImageOfPage\":{\"@id\":\"https:\/\/www.ronboplastic.com\/2024-canton-fair\/#primaryimage\"},\"image\":{\"@id\":\"https:\/\/www.ronboplastic.com\/2024-canton-fair\/#primaryimage\"},\"thumbnailUrl\":\"https:\/\/www.ronboplastic.com\/wp-content\/uploads\/2025\/09\/111-4.webp\",\"datePublished\":\"2025-09-20T08:07:25+00:00\",\"breadcrumb\":{\"@id\":\"https:\/\/www.ronboplastic.com\/2024-canton-fair\/#breadcrumb\"},\"inLanguage\":\"fr-FR\",\"potentialAction\":[{\"@type\":\"ReadAction\",\"target\":[\"https:\/\/www.ronboplastic.com\/2024-canton-fair\/\"]}]},{\"@type\":\"ImageObject\",\"inLanguage\":\"fr-FR\",\"@id\":\"https:\/\/www.ronboplastic.com\/2024-canton-fair\/#primaryimage\",\"url\":\"https:\/\/www.ronboplastic.com\/wp-content\/uploads\/2025\/09\/111-4.webp\",\"contentUrl\":\"https:\/\/www.ronboplastic.com\/wp-content\/uploads\/2025\/09\/111-4.webp\"},{\"@type\":\"BreadcrumbList\",\"@id\":\"https:\/\/www.ronboplastic.com\/2024-canton-fair\/#breadcrumb\",\"itemListElement\":[{\"@type\":\"ListItem\",\"position\":1,\"name\":\"\u9996\u9875\",\"item\":\"https:\/\/www.ronboplastic.com\/\"},{\"@type\":\"ListItem\",\"position\":2,\"name\":\"2024 Canton Fair\"}]},{\"@type\":\"WebSite\",\"@id\":\"https:\/\/www.ronboplastic.com\/#website\",\"url\":\"https:\/\/www.ronboplastic.com\/\",\"name\":\"Ronbo Sunrise Pots &amp; Planters\",\"description\":\"Flower Pots &amp; Planters\",\"potentialAction\":[{\"@type\":\"SearchAction\",\"target\":{\"@type\":\"EntryPoint\",\"urlTemplate\":\"https:\/\/www.ronboplastic.com\/?s={search_term_string}\"},\"query-input\":{\"@type\":\"PropertyValueSpecification\",\"valueRequired\":true,\"valueName\":\"search_term_string\"}}],\"inLanguage\":\"fr-FR\"}]}<\/script>\n<!-- \/ Yoast SEO plugin. -->","yoast_head_json":{"title":"2024 Canton Fair - Ronbo Sunrise Pots &amp; Planters","robots":{"index":"index","follow":"follow","max-snippet":"max-snippet:-1","max-image-preview":"max-image-preview:large","max-video-preview":"max-video-preview:-1"},"canonical":"https:\/\/www.ronboplastic.com\/fr\/2024-foire-de-canton\/","og_locale":"fr_FR","og_type":"article","og_title":"2024 Canton Fair - Ronbo Sunrise Pots &amp; Planters","og_description":"We are a leading manufacturer of high-quality plastic planters, designed to cater to the needs of global markets, especially in","og_url":"https:\/\/www.ronboplastic.com\/fr\/2024-foire-de-canton\/","og_site_name":"Ronbo Sunrise Pots &amp; Planters","og_image":[{"url":"https:\/\/www.ronboplastic.com\/wp-content\/uploads\/2025\/09\/111-4.webp","type":"","width":"","height":""}],"twitter_card":"summary_large_image","twitter_misc":{"Dur\u00e9e de lecture estim\u00e9e":"1 minute"},"schema":{"@context":"https:\/\/schema.org","@graph":[{"@type":"WebPage","@id":"https:\/\/www.ronboplastic.com\/2024-canton-fair\/","url":"https:\/\/www.ronboplastic.com\/2024-canton-fair\/","name":"2024 Canton Fair - Ronbo Sunrise Pots &amp; Planters","isPartOf":{"@id":"https:\/\/www.ronboplastic.com\/#website"},"primaryImageOfPage":{"@id":"https:\/\/www.ronboplastic.com\/2024-canton-fair\/#primaryimage"},"image":{"@id":"https:\/\/www.ronboplastic.com\/2024-canton-fair\/#primaryimage"},"thumbnailUrl":"https:\/\/www.ronboplastic.com\/wp-content\/uploads\/2025\/09\/111-4.webp","datePublished":"2025-09-20T08:07:25+00:00","breadcrumb":{"@id":"https:\/\/www.ronboplastic.com\/2024-canton-fair\/#breadcrumb"},"inLanguage":"fr-FR","potentialAction":[{"@type":"ReadAction","target":["https:\/\/www.ronboplastic.com\/2024-canton-fair\/"]}]},{"@type":"ImageObject","inLanguage":"fr-FR","@id":"https:\/\/www.ronboplastic.com\/2024-canton-fair\/#primaryimage","url":"https:\/\/www.ronboplastic.com\/wp-content\/uploads\/2025\/09\/111-4.webp","contentUrl":"https:\/\/www.ronboplastic.com\/wp-content\/uploads\/2025\/09\/111-4.webp"},{"@type":"BreadcrumbList","@id":"https:\/\/www.ronboplastic.com\/2024-canton-fair\/#breadcrumb","itemListElement":[{"@type":"ListItem","position":1,"name":"\u9996\u9875","item":"https:\/\/www.ronboplastic.com\/"},{"@type":"ListItem","position":2,"name":"2024 Canton Fair"}]},{"@type":"WebSite","@id":"https:\/\/www.ronboplastic.com\/#website","url":"https:\/\/www.ronboplastic.com\/","name":"Ronbo Sunrise Pots &amp; Planters","description":"Pots de fleurs et jardini\u00e8res","potentialAction":[{"@type":"SearchAction","target":{"@type":"EntryPoint","urlTemplate":"https:\/\/www.ronboplastic.com\/?s={search_term_string}"},"query-input":{"@type":"PropertyValueSpecification","valueRequired":true,"valueName":"search_term_string"}}],"inLanguage":"fr-FR"}]}},"_links":{"self":[{"href":"https:\/\/www.ronboplastic.com\/fr\/wp-json\/wp\/v2\/pages\/9567","targetHints":{"allow":["GET"]}}],"collection":[{"href":"https:\/\/www.ronboplastic.com\/fr\/wp-json\/wp\/v2\/pages"}],"about":[{"href":"https:\/\/www.ronboplastic.com\/fr\/wp-json\/wp\/v2\/types\/page"}],"author":[{"embeddable":true,"href":"https:\/\/www.ronboplastic.com\/fr\/wp-json\/wp\/v2\/users\/1"}],"replies":[{"embeddable":true,"href":"https:\/\/www.ronboplastic.com\/fr\/wp-json\/wp\/v2\/comments?post=9567"}],"version-history":[{"count":1,"href":"https:\/\/www.ronboplastic.com\/fr\/wp-json\/wp\/v2\/pages\/9567\/revisions"}],"predecessor-version":[{"id":9571,"href":"https:\/\/www.ronboplastic.com\/fr\/wp-json\/wp\/v2\/pages\/9567\/revisions\/9571"}],"wp:attachment":[{"href":"https:\/\/www.ronboplastic.com\/fr\/wp-json\/wp\/v2\/media?parent=9567"}],"curies":[{"name":"wp","href":"https:\/\/api.w.org\/{rel}","templated":true}]}}