{"id":9465,"date":"2024-11-05T07:07:30","date_gmt":"2024-11-04T23:07:30","guid":{"rendered":"https:\/\/www.ronboplastic.com\/index.php\/product\/durable-plastic-flower-pots\/"},"modified":"2025-09-08T14:21:41","modified_gmt":"2025-09-08T06:21:41","slug":"macetas-de-plastico-resistente","status":"publish","type":"product","link":"https:\/\/www.ronboplastic.com\/es\/producto\/macetas-de-plastico-resistente\/","title":{"rendered":"Macetas de pl\u00e1stico resistentes"},"content":{"rendered":"<h3><strong>Descripci\u00f3n:<\/strong><\/h3>\n<p><strong><img loading=\"lazy\" decoding=\"async\" class=\"alignnone wp-image-928\" src=\"https:\/\/www.ronboplastic.com\/wp-content\/uploads\/2025\/09\/7-1-3-300x300.jpg\" alt=\"Macetas de pl\u00e1stico modernas - Macetas ecol\u00f3gicas para interior y exterior en 4 tama\u00f1os\" width=\"349\" height=\"349\" \/><\/strong><\/p>\n<p><strong>Texto<\/strong>:<br \/>\nNuestras modernas macetas de pl\u00e1stico est\u00e1n dise\u00f1adas para combinar funcionalidad y estilo, y son perfectas tanto para interiores como para exteriores. Disponibles en cuatro tama\u00f1os (15,2 cm, 20,3 cm, 25,4 cm y 30,5 cm), estas macetas se adaptan a varios tipos de plantas, desde suculentas hasta \u00e1rboles peque\u00f1os. Fabricadas con materiales ecol\u00f3gicos y resistentes a la intemperie, son ideales para cualquier aficionado a la jardiner\u00eda que desee mejorar su espacio verde.<\/p>\n<p>Elija el tama\u00f1o de maceta adecuado para sus plantas con nuestras claras opciones de tama\u00f1o. Cada maceta incluye un orificio de drenaje para una salud \u00f3ptima de las ra\u00edces, lo que facilita el manejo de las plantas de interior y exterior.c<\/p>\n<table>\n<thead>\n<tr>\n<th><strong>N\u00ba de art\u00edculo<\/strong><\/th>\n<th><strong>Di\u00e1metro x Altura (cm)<\/strong><\/th>\n<th><strong>Di\u00e1metro x Altura (pulgadas)<\/strong><\/th>\n<th><strong>Ideal para<\/strong><\/th>\n<\/tr>\n<\/thead>\n<tbody>\n<tr>\n<td>RB-NST06<\/td>\n<td>15.2 x 14.5<\/td>\n<td>6 x 5.70<\/td>\n<td>Peque\u00f1as suculentas o hierbas<\/td>\n<\/tr>\n<tr>\n<td>RB-NST08<\/td>\n<td>20.3 x 19<\/td>\n<td>8 x 7.85<\/td>\n<td>Plantas de interior medianas<\/td>\n<\/tr>\n<tr>\n<td>RB-NST10<\/td>\n<td>25.4 x 24.5<\/td>\n<td>10 x 9.65<\/td>\n<td>Plantas grandes de interior o helechos<\/td>\n<\/tr>\n<tr>\n<td>RB-NST12<\/td>\n<td>30.5 x 29.5<\/td>\n<td>12 x 11.6<\/td>\n<td>\u00c1rboles peque\u00f1os o plantas arbustivas<\/td>\n<\/tr>\n<\/tbody>\n<\/table>\n<hr \/>\n<h3>Diferentes colores (personalizaci\u00f3n aceptable)<\/h3>\n<p><strong>Disponible en una selecci\u00f3n de tonos suaves y terrosos para complementar cualquier decoraci\u00f3n, como beige, marr\u00f3n tierra, amarillo mostaza y azul cerceta. Nuestras opciones de color hacen que sea f\u00e1cil de mezclar y combinar, aportando vitalidad a cualquier espacio.<\/strong><\/p>\n<p><strong>Caracter\u00edsticas:<\/strong><\/p>\n<ul>\n<li><strong>Duradero y resistente a la intemperie<\/strong>: Fabricadas en pl\u00e1stico de alta calidad, estas macetas son resistentes a los rayos UV, por lo que mantienen su color y forma incluso bajo el sol.<\/li>\n<li><strong>Ecol\u00f3gico<\/strong>: Creadas a partir de materiales reciclables, nuestras macetas ofrecen una soluci\u00f3n de jardiner\u00eda sostenible.<\/li>\n<li><strong>Drenaje mejorado<\/strong>: Cada maceta incluye un orificio de drenaje integrado que evita la acumulaci\u00f3n de agua y favorece el crecimiento sano de las plantas.<\/li>\n<li><strong>Dise\u00f1o ligero<\/strong>: F\u00e1cil de mover y reorganizar, perfecto para cambiar su distribuci\u00f3n interior o exterior.<\/li>\n<\/ul>\n<h3><img loading=\"lazy\" decoding=\"async\" class=\"alignnone size-medium wp-image-929\" src=\"https:\/\/www.ronboplastic.com\/wp-content\/uploads\/2025\/09\/6-3-3-300x300.jpg\" alt=\"maceteros modernos de pl\u00e1stico\" width=\"300\" height=\"300\" \/><\/h3>\n<p>Nuestras vers\u00e1tiles macetas de pl\u00e1stico son adecuadas para diversos entornos, desde acogedores rincones interiores hasta vibrantes patios exteriores. Tanto si quieres a\u00f1adir vegetaci\u00f3n a tu sal\u00f3n, balc\u00f3n u oficina, estas macetas ofrecen una soluci\u00f3n elegante para cualquier decoraci\u00f3n.<\/p>\n<hr \/>\n<h3><strong>\u00a0PREGUNTAS FRECUENTES<\/strong><\/h3>\n<p>&nbsp;<\/p>\n<ul>\n<li><strong>\u00bfSon adecuadas estas macetas para el exterior?<\/strong><br \/>\nS\u00ed, nuestras macetas son de pl\u00e1stico resistente a los rayos UV y a la intemperie, perfectas para interiores y exteriores.<\/li>\n<li><strong>\u00bfC\u00f3mo s\u00e9 qu\u00e9 talla elegir?<\/strong><br \/>\nConsulte nuestra gu\u00eda de tama\u00f1os. Las macetas m\u00e1s peque\u00f1as son ideales para suculentas y hierbas, mientras que las macetas m\u00e1s grandes son adecuadas para plantas frondosas y \u00e1rboles peque\u00f1os.<\/li>\n<li><strong>\u00bfSon ecol\u00f3gicas las macetas?<\/strong><br \/>\nAbsolutamente. Nuestras macetas est\u00e1n fabricadas con materiales reciclables, lo que contribuye a reducir el impacto medioambiental.<\/li>\n<\/ul>","protected":false},"excerpt":{"rendered":"<p>Realza cualquier espacio con nuestras macetas de pl\u00e1stico ecol\u00f3gicas, dise\u00f1adas tanto para interior como para exterior. Disponibles en cuatro vers\u00e1tiles tama\u00f1os, estas macetas ligeras pero duraderas est\u00e1n disponibles en elegantes colores tierra que se adaptan a cualquier decoraci\u00f3n. Cada maceta incluye un orificio de drenaje para mantener las plantas sanas evitando la acumulaci\u00f3n de agua, por lo que son ideales para suculentas, hierbas e incluso \u00e1rboles peque\u00f1os. Perfectas para casas, oficinas, balcones y jardines.<\/p>","protected":false},"featured_media":9458,"comment_status":"open","ping_status":"open","template":"","meta":[],"product_brand":[],"product_cat":[80],"product_tag":[98,103,107,112,113],"class_list":{"0":"post-9465","1":"product","2":"type-product","3":"status-publish","4":"has-post-thumbnail","6":"product_cat-decorative-potsampplanters","7":"product_tag-plastic-flower-pots","8":"product_tag-decorative-planters","9":"product_tag-flower-pots","10":"product_tag-blue-flower-pots","11":"product_tag-yellow-flower-pots","13":"first","14":"instock","15":"shipping-taxable","16":"product-type-variable","17":"has-default-attributes"},"yoast_head":"<!-- This site is optimized with the Yoast SEO plugin v26.1.1 - https:\/\/yoast.com\/wordpress\/plugins\/seo\/ -->\n<title>Durable Plastic Flower Pots - Ronbo Sunrise Pots &amp; Planters<\/title>\n<meta name=\"robots\" content=\"index, follow, max-snippet:-1, max-image-preview:large, max-video-preview:-1\" \/>\n<link rel=\"canonical\" href=\"http:\/\/www.ronboplastic.com\/es\/producto\/macetas-de-plastico-resistente\/\" \/>\n<meta property=\"og:locale\" content=\"es_ES\" \/>\n<meta property=\"og:type\" content=\"article\" \/>\n<meta property=\"og:title\" content=\"Durable Plastic Flower Pots - Ronbo Sunrise Pots &amp; Planters\" \/>\n<meta property=\"og:description\" content=\"Enhance any space with our eco-friendly plastic flower pots, designed for both indoor and outdoor use. Available in four versatile sizes, these lightweight yet durable pots come in stylish, earthy colors to suit any decor. Each pot includes a drainage hole to keep plants healthy by preventing water buildup, making them ideal for succulents, herbs, and even small trees. Perfect for homes, offices, balconies, and gardens!\" \/>\n<meta property=\"og:url\" content=\"http:\/\/www.ronboplastic.com\/es\/producto\/macetas-de-plastico-resistente\/\" \/>\n<meta property=\"og:site_name\" content=\"Ronbo Sunrise Pots &amp; Planters\" \/>\n<meta property=\"article:modified_time\" content=\"2025-09-08T06:21:41+00:00\" \/>\n<meta property=\"og:image\" content=\"https:\/\/www.ronboplastic.com\/wp-content\/uploads\/2025\/09\/4-1-3.jpg\" \/>\n\t<meta property=\"og:image:width\" content=\"800\" \/>\n\t<meta property=\"og:image:height\" content=\"800\" \/>\n\t<meta property=\"og:image:type\" content=\"image\/jpeg\" \/>\n<meta name=\"twitter:card\" content=\"summary_large_image\" \/>\n<meta name=\"twitter:label1\" content=\"Tiempo de lectura\" \/>\n\t<meta name=\"twitter:data1\" content=\"2 minutos\" \/>\n<script type=\"application\/ld+json\" class=\"yoast-schema-graph\">{\"@context\":\"https:\/\/schema.org\",\"@graph\":[{\"@type\":\"WebPage\",\"@id\":\"http:\/\/www.ronboplastic.com\/ru\/%d0%bf%d1%80%d0%be%d0%b4%d1%83%d0%ba%d1%82\/durable-plastic-flower-pots\/\",\"url\":\"http:\/\/www.ronboplastic.com\/ru\/%d0%bf%d1%80%d0%be%d0%b4%d1%83%d0%ba%d1%82\/durable-plastic-flower-pots\/\",\"name\":\"Durable Plastic Flower Pots - Ronbo Sunrise Pots &amp; Planters\",\"isPartOf\":{\"@id\":\"https:\/\/www.ronboplastic.com\/#website\"},\"primaryImageOfPage\":{\"@id\":\"http:\/\/www.ronboplastic.com\/ru\/%d0%bf%d1%80%d0%be%d0%b4%d1%83%d0%ba%d1%82\/durable-plastic-flower-pots\/#primaryimage\"},\"image\":{\"@id\":\"http:\/\/www.ronboplastic.com\/ru\/%d0%bf%d1%80%d0%be%d0%b4%d1%83%d0%ba%d1%82\/durable-plastic-flower-pots\/#primaryimage\"},\"thumbnailUrl\":\"https:\/\/www.ronboplastic.com\/wp-content\/uploads\/2025\/09\/4-1-3.jpg\",\"datePublished\":\"2024-11-04T23:07:30+00:00\",\"dateModified\":\"2025-09-08T06:21:41+00:00\",\"breadcrumb\":{\"@id\":\"http:\/\/www.ronboplastic.com\/ru\/%d0%bf%d1%80%d0%be%d0%b4%d1%83%d0%ba%d1%82\/durable-plastic-flower-pots\/#breadcrumb\"},\"inLanguage\":\"es\",\"potentialAction\":[{\"@type\":\"ReadAction\",\"target\":[\"http:\/\/www.ronboplastic.com\/ru\/%d0%bf%d1%80%d0%be%d0%b4%d1%83%d0%ba%d1%82\/durable-plastic-flower-pots\/\"]}]},{\"@type\":\"ImageObject\",\"inLanguage\":\"es\",\"@id\":\"http:\/\/www.ronboplastic.com\/ru\/%d0%bf%d1%80%d0%be%d0%b4%d1%83%d0%ba%d1%82\/durable-plastic-flower-pots\/#primaryimage\",\"url\":\"https:\/\/www.ronboplastic.com\/wp-content\/uploads\/2025\/09\/4-1-3.jpg\",\"contentUrl\":\"https:\/\/www.ronboplastic.com\/wp-content\/uploads\/2025\/09\/4-1-3.jpg\",\"width\":800,\"height\":800,\"caption\":\"blue flower pots\"},{\"@type\":\"BreadcrumbList\",\"@id\":\"http:\/\/www.ronboplastic.com\/ru\/%d0%bf%d1%80%d0%be%d0%b4%d1%83%d0%ba%d1%82\/durable-plastic-flower-pots\/#breadcrumb\",\"itemListElement\":[{\"@type\":\"ListItem\",\"position\":1,\"name\":\"\u9996\u9875\",\"item\":\"https:\/\/www.ronboplastic.com\/\"},{\"@type\":\"ListItem\",\"position\":2,\"name\":\"Products\",\"item\":\"http:\/\/www.ronboplastic.com\/products\/\"},{\"@type\":\"ListItem\",\"position\":3,\"name\":\"Durable Plastic Flower Pots\"}]},{\"@type\":\"WebSite\",\"@id\":\"https:\/\/www.ronboplastic.com\/#website\",\"url\":\"https:\/\/www.ronboplastic.com\/\",\"name\":\"Ronbo Sunrise Pots &amp; Planters\",\"description\":\"Flower Pots &amp; Planters\",\"potentialAction\":[{\"@type\":\"SearchAction\",\"target\":{\"@type\":\"EntryPoint\",\"urlTemplate\":\"https:\/\/www.ronboplastic.com\/?s={search_term_string}\"},\"query-input\":{\"@type\":\"PropertyValueSpecification\",\"valueRequired\":true,\"valueName\":\"search_term_string\"}}],\"inLanguage\":\"es\"}]}<\/script>\n<!-- \/ Yoast SEO plugin. -->","yoast_head_json":{"title":"Durable Plastic Flower Pots - Ronbo Sunrise Pots &amp; Planters","robots":{"index":"index","follow":"follow","max-snippet":"max-snippet:-1","max-image-preview":"max-image-preview:large","max-video-preview":"max-video-preview:-1"},"canonical":"http:\/\/www.ronboplastic.com\/es\/producto\/macetas-de-plastico-resistente\/","og_locale":"es_ES","og_type":"article","og_title":"Durable Plastic Flower Pots - Ronbo Sunrise Pots &amp; Planters","og_description":"Enhance any space with our eco-friendly plastic flower pots, designed for both indoor and outdoor use. Available in four versatile sizes, these lightweight yet durable pots come in stylish, earthy colors to suit any decor. Each pot includes a drainage hole to keep plants healthy by preventing water buildup, making them ideal for succulents, herbs, and even small trees. Perfect for homes, offices, balconies, and gardens!","og_url":"http:\/\/www.ronboplastic.com\/es\/producto\/macetas-de-plastico-resistente\/","og_site_name":"Ronbo Sunrise Pots &amp; Planters","article_modified_time":"2025-09-08T06:21:41+00:00","og_image":[{"width":800,"height":800,"url":"https:\/\/www.ronboplastic.com\/wp-content\/uploads\/2025\/09\/4-1-3.jpg","type":"image\/jpeg"}],"twitter_card":"summary_large_image","twitter_misc":{"Tiempo de lectura":"2 minutos"},"schema":{"@context":"https:\/\/schema.org","@graph":[{"@type":"WebPage","@id":"http:\/\/www.ronboplastic.com\/ru\/%d0%bf%d1%80%d0%be%d0%b4%d1%83%d0%ba%d1%82\/durable-plastic-flower-pots\/","url":"http:\/\/www.ronboplastic.com\/ru\/%d0%bf%d1%80%d0%be%d0%b4%d1%83%d0%ba%d1%82\/durable-plastic-flower-pots\/","name":"Durable Plastic Flower Pots - Ronbo Sunrise Pots &amp; Planters","isPartOf":{"@id":"https:\/\/www.ronboplastic.com\/#website"},"primaryImageOfPage":{"@id":"http:\/\/www.ronboplastic.com\/ru\/%d0%bf%d1%80%d0%be%d0%b4%d1%83%d0%ba%d1%82\/durable-plastic-flower-pots\/#primaryimage"},"image":{"@id":"http:\/\/www.ronboplastic.com\/ru\/%d0%bf%d1%80%d0%be%d0%b4%d1%83%d0%ba%d1%82\/durable-plastic-flower-pots\/#primaryimage"},"thumbnailUrl":"https:\/\/www.ronboplastic.com\/wp-content\/uploads\/2025\/09\/4-1-3.jpg","datePublished":"2024-11-04T23:07:30+00:00","dateModified":"2025-09-08T06:21:41+00:00","breadcrumb":{"@id":"http:\/\/www.ronboplastic.com\/ru\/%d0%bf%d1%80%d0%be%d0%b4%d1%83%d0%ba%d1%82\/durable-plastic-flower-pots\/#breadcrumb"},"inLanguage":"es","potentialAction":[{"@type":"ReadAction","target":["http:\/\/www.ronboplastic.com\/ru\/%d0%bf%d1%80%d0%be%d0%b4%d1%83%d0%ba%d1%82\/durable-plastic-flower-pots\/"]}]},{"@type":"ImageObject","inLanguage":"es","@id":"http:\/\/www.ronboplastic.com\/ru\/%d0%bf%d1%80%d0%be%d0%b4%d1%83%d0%ba%d1%82\/durable-plastic-flower-pots\/#primaryimage","url":"https:\/\/www.ronboplastic.com\/wp-content\/uploads\/2025\/09\/4-1-3.jpg","contentUrl":"https:\/\/www.ronboplastic.com\/wp-content\/uploads\/2025\/09\/4-1-3.jpg","width":800,"height":800,"caption":"blue flower pots"},{"@type":"BreadcrumbList","@id":"http:\/\/www.ronboplastic.com\/ru\/%d0%bf%d1%80%d0%be%d0%b4%d1%83%d0%ba%d1%82\/durable-plastic-flower-pots\/#breadcrumb","itemListElement":[{"@type":"ListItem","position":1,"name":"\u9996\u9875","item":"https:\/\/www.ronboplastic.com\/"},{"@type":"ListItem","position":2,"name":"Products","item":"http:\/\/www.ronboplastic.com\/products\/"},{"@type":"ListItem","position":3,"name":"Durable Plastic Flower Pots"}]},{"@type":"WebSite","@id":"https:\/\/www.ronboplastic.com\/#website","url":"https:\/\/www.ronboplastic.com\/","name":"Ronbo Sunrise Pots &amp; Planters","description":"Macetas y jardineras","potentialAction":[{"@type":"SearchAction","target":{"@type":"EntryPoint","urlTemplate":"https:\/\/www.ronboplastic.com\/?s={search_term_string}"},"query-input":{"@type":"PropertyValueSpecification","valueRequired":true,"valueName":"search_term_string"}}],"inLanguage":"es"}]}},"_links":{"self":[{"href":"https:\/\/www.ronboplastic.com\/es\/wp-json\/wp\/v2\/product\/9465","targetHints":{"allow":["GET"]}}],"collection":[{"href":"https:\/\/www.ronboplastic.com\/es\/wp-json\/wp\/v2\/product"}],"about":[{"href":"https:\/\/www.ronboplastic.com\/es\/wp-json\/wp\/v2\/types\/product"}],"replies":[{"embeddable":true,"href":"https:\/\/www.ronboplastic.com\/es\/wp-json\/wp\/v2\/comments?post=9465"}],"wp:featuredmedia":[{"embeddable":true,"href":"https:\/\/www.ronboplastic.com\/es\/wp-json\/wp\/v2\/media\/9458"}],"wp:attachment":[{"href":"https:\/\/www.ronboplastic.com\/es\/wp-json\/wp\/v2\/media?parent=9465"}],"wp:term":[{"taxonomy":"product_brand","embeddable":true,"href":"https:\/\/www.ronboplastic.com\/es\/wp-json\/wp\/v2\/product_brand?post=9465"},{"taxonomy":"product_cat","embeddable":true,"href":"https:\/\/www.ronboplastic.com\/es\/wp-json\/wp\/v2\/product_cat?post=9465"},{"taxonomy":"product_tag","embeddable":true,"href":"https:\/\/www.ronboplastic.com\/es\/wp-json\/wp\/v2\/product_tag?post=9465"}],"curies":[{"name":"wp","href":"https:\/\/api.w.org\/{rel}","templated":true}]}}