{"id":9440,"date":"2024-11-04T06:59:34","date_gmt":"2024-11-03T22:59:34","guid":{"rendered":"https:\/\/www.ronboplastic.com\/index.php\/product\/920\/"},"modified":"2025-09-08T14:21:20","modified_gmt":"2025-09-08T06:21:20","slug":"920","status":"publish","type":"product","link":"https:\/\/www.ronboplastic.com\/es\/producto\/920\/","title":{"rendered":"Maceteros decorativos de pl\u00e1stico"},"content":{"rendered":"<h3>Detalle del producto 2: Maceta de pl\u00e1stico de dise\u00f1o moderno<\/h3>\n<p><strong>T\u00edtulo<\/strong>: Maceta de pl\u00e1stico de dise\u00f1o moderno - Ecol\u00f3gica y vers\u00e1til<\/p>\n<p><strong>Descripci\u00f3n<\/strong>: Revitalice su espacio vital con nuestras macetas de pl\u00e1stico de dise\u00f1o moderno. Combinando el respeto por el medio ambiente con un estilo contempor\u00e1neo, estas macetas est\u00e1n hechas de materiales reciclados 100%, ofreciendo una opci\u00f3n sostenible para los consumidores conscientes.<\/p>\n<p><img loading=\"lazy\" decoding=\"async\" class=\"alignnone size-medium wp-image-921\" src=\"https:\/\/www.ronboplastic.com\/wp-content\/uploads\/2025\/09\/RB-NCT08_02-300x300.jpg\" alt=\"\" width=\"300\" height=\"300\" \/><\/p>\n<p><strong>Caracter\u00edsticas del producto<\/strong>:<\/p>\n<ul>\n<li><strong>Materiales ecol\u00f3gicos<\/strong>: Contribuye a un planeta m\u00e1s sano con nuestras macetas fabricadas con pl\u00e1sticos reciclados, que reducen los residuos a la vez que sirven de escaparate a tus plantas.<\/li>\n<li><strong>Est\u00e9tica chic<\/strong>: El dise\u00f1o elegante y moderno realza cualquier decoraci\u00f3n, por lo que estas macetas son perfectas para hogares, oficinas o espacios comerciales.<\/li>\n<li><strong>Ligero y port\u00e1til<\/strong>: Dise\u00f1ado para un f\u00e1cil manejo, lo que le permite reorganizar f\u00e1cilmente sus plantas de acuerdo a su estado de \u00e1nimo o la temporada.<\/li>\n<li><strong>Excelente drenaje<\/strong>: Equipado con soluciones de drenaje \u00f3ptimas para garantizar que sus plantas reciban la cantidad de agua adecuada, evitando la pudrici\u00f3n de las ra\u00edces.<\/li>\n<li><strong>Diversa paleta de colores<\/strong>: Disponibles en una gama de colores de moda, puede mezclarlos y combinarlos para crear un arreglo llamativo que refleje su estilo personal.<\/li>\n<\/ul>\n<p><strong>Palabras clave<\/strong>maceta de pl\u00e1stico moderna, macetas ecol\u00f3gicas, jardiner\u00eda vers\u00e1til, macetas con estilo, macetas de interior\/exterior, soluciones de jardiner\u00eda sostenible, macetas elegantes, materiales reciclados<\/p>","protected":false},"excerpt":{"rendered":"<p><strong>Escenarios de uso<\/strong>: Ideales para exposiciones de interior, jardines de balc\u00f3n o como regalos \u00fanicos para entusiastas de las plantas, nuestras macetas de pl\u00e1stico de dise\u00f1o moderno ofrecen versatilidad y belleza para cualquier entorno.<\/p>","protected":false},"featured_media":9431,"comment_status":"open","ping_status":"open","template":"","meta":[],"product_brand":[],"product_cat":[80],"product_tag":[107,111],"class_list":{"0":"post-9440","1":"product","2":"type-product","3":"status-publish","4":"has-post-thumbnail","6":"product_cat-decorative-potsampplanters","7":"product_tag-flower-pots","8":"product_tag-plastic-plant-pots","10":"first","11":"instock","12":"shipping-taxable","13":"product-type-simple"},"yoast_head":"<!-- This site is optimized with the Yoast SEO plugin v26.1.1 - https:\/\/yoast.com\/wordpress\/plugins\/seo\/ -->\n<title>Plastic Decorative Planters - Ronbo Sunrise Pots &amp; Planters<\/title>\n<meta name=\"robots\" content=\"index, follow, max-snippet:-1, max-image-preview:large, max-video-preview:-1\" \/>\n<link rel=\"canonical\" href=\"http:\/\/www.ronboplastic.com\/es\/producto\/920\/\" \/>\n<meta property=\"og:locale\" content=\"es_ES\" \/>\n<meta property=\"og:type\" content=\"article\" \/>\n<meta property=\"og:title\" content=\"Plastic Decorative Planters - Ronbo Sunrise Pots &amp; Planters\" \/>\n<meta property=\"og:description\" content=\"Usage Scenarios: Ideal for indoor displays, balcony gardens, or as unique gifts for plant enthusiasts, our Modern Design Plastic Flower Pots offer versatility and beauty for any setting.\" \/>\n<meta property=\"og:url\" content=\"http:\/\/www.ronboplastic.com\/es\/producto\/920\/\" \/>\n<meta property=\"og:site_name\" content=\"Ronbo Sunrise Pots &amp; Planters\" \/>\n<meta property=\"article:modified_time\" content=\"2025-09-08T06:21:20+00:00\" \/>\n<meta property=\"og:image\" content=\"https:\/\/www.ronboplastic.com\/wp-content\/uploads\/2025\/09\/1-1-5.jpg\" \/>\n\t<meta property=\"og:image:width\" content=\"800\" \/>\n\t<meta property=\"og:image:height\" content=\"800\" \/>\n\t<meta property=\"og:image:type\" content=\"image\/jpeg\" \/>\n<meta name=\"twitter:card\" content=\"summary_large_image\" \/>\n<meta name=\"twitter:label1\" content=\"Tiempo de lectura\" \/>\n\t<meta name=\"twitter:data1\" content=\"1 minuto\" \/>\n<script type=\"application\/ld+json\" class=\"yoast-schema-graph\">{\"@context\":\"https:\/\/schema.org\",\"@graph\":[{\"@type\":\"WebPage\",\"@id\":\"http:\/\/www.ronboplastic.com\/pt\/produto\/920\/\",\"url\":\"http:\/\/www.ronboplastic.com\/pt\/produto\/920\/\",\"name\":\"Plastic Decorative Planters - Ronbo Sunrise Pots &amp; Planters\",\"isPartOf\":{\"@id\":\"https:\/\/www.ronboplastic.com\/#website\"},\"primaryImageOfPage\":{\"@id\":\"http:\/\/www.ronboplastic.com\/pt\/produto\/920\/#primaryimage\"},\"image\":{\"@id\":\"http:\/\/www.ronboplastic.com\/pt\/produto\/920\/#primaryimage\"},\"thumbnailUrl\":\"https:\/\/www.ronboplastic.com\/wp-content\/uploads\/2025\/09\/1-1-5.jpg\",\"datePublished\":\"2024-11-03T22:59:34+00:00\",\"dateModified\":\"2025-09-08T06:21:20+00:00\",\"breadcrumb\":{\"@id\":\"http:\/\/www.ronboplastic.com\/pt\/produto\/920\/#breadcrumb\"},\"inLanguage\":\"es\",\"potentialAction\":[{\"@type\":\"ReadAction\",\"target\":[\"http:\/\/www.ronboplastic.com\/pt\/produto\/920\/\"]}]},{\"@type\":\"ImageObject\",\"inLanguage\":\"es\",\"@id\":\"http:\/\/www.ronboplastic.com\/pt\/produto\/920\/#primaryimage\",\"url\":\"https:\/\/www.ronboplastic.com\/wp-content\/uploads\/2025\/09\/1-1-5.jpg\",\"contentUrl\":\"https:\/\/www.ronboplastic.com\/wp-content\/uploads\/2025\/09\/1-1-5.jpg\",\"width\":800,\"height\":800,\"caption\":\"flower pots\"},{\"@type\":\"BreadcrumbList\",\"@id\":\"http:\/\/www.ronboplastic.com\/pt\/produto\/920\/#breadcrumb\",\"itemListElement\":[{\"@type\":\"ListItem\",\"position\":1,\"name\":\"\u9996\u9875\",\"item\":\"https:\/\/www.ronboplastic.com\/\"},{\"@type\":\"ListItem\",\"position\":2,\"name\":\"Products\",\"item\":\"http:\/\/www.ronboplastic.com\/products\/\"},{\"@type\":\"ListItem\",\"position\":3,\"name\":\"Plastic Decorative Planters\"}]},{\"@type\":\"WebSite\",\"@id\":\"https:\/\/www.ronboplastic.com\/#website\",\"url\":\"https:\/\/www.ronboplastic.com\/\",\"name\":\"Ronbo Sunrise Pots &amp; Planters\",\"description\":\"Flower Pots &amp; Planters\",\"potentialAction\":[{\"@type\":\"SearchAction\",\"target\":{\"@type\":\"EntryPoint\",\"urlTemplate\":\"https:\/\/www.ronboplastic.com\/?s={search_term_string}\"},\"query-input\":{\"@type\":\"PropertyValueSpecification\",\"valueRequired\":true,\"valueName\":\"search_term_string\"}}],\"inLanguage\":\"es\"}]}<\/script>\n<!-- \/ Yoast SEO plugin. -->","yoast_head_json":{"title":"Plastic Decorative Planters - Ronbo Sunrise Pots &amp; Planters","robots":{"index":"index","follow":"follow","max-snippet":"max-snippet:-1","max-image-preview":"max-image-preview:large","max-video-preview":"max-video-preview:-1"},"canonical":"http:\/\/www.ronboplastic.com\/es\/producto\/920\/","og_locale":"es_ES","og_type":"article","og_title":"Plastic Decorative Planters - Ronbo Sunrise Pots &amp; Planters","og_description":"Usage Scenarios: Ideal for indoor displays, balcony gardens, or as unique gifts for plant enthusiasts, our Modern Design Plastic Flower Pots offer versatility and beauty for any setting.","og_url":"http:\/\/www.ronboplastic.com\/es\/producto\/920\/","og_site_name":"Ronbo Sunrise Pots &amp; Planters","article_modified_time":"2025-09-08T06:21:20+00:00","og_image":[{"width":800,"height":800,"url":"https:\/\/www.ronboplastic.com\/wp-content\/uploads\/2025\/09\/1-1-5.jpg","type":"image\/jpeg"}],"twitter_card":"summary_large_image","twitter_misc":{"Tiempo de lectura":"1 minuto"},"schema":{"@context":"https:\/\/schema.org","@graph":[{"@type":"WebPage","@id":"http:\/\/www.ronboplastic.com\/pt\/produto\/920\/","url":"http:\/\/www.ronboplastic.com\/pt\/produto\/920\/","name":"Plastic Decorative Planters - Ronbo Sunrise Pots &amp; Planters","isPartOf":{"@id":"https:\/\/www.ronboplastic.com\/#website"},"primaryImageOfPage":{"@id":"http:\/\/www.ronboplastic.com\/pt\/produto\/920\/#primaryimage"},"image":{"@id":"http:\/\/www.ronboplastic.com\/pt\/produto\/920\/#primaryimage"},"thumbnailUrl":"https:\/\/www.ronboplastic.com\/wp-content\/uploads\/2025\/09\/1-1-5.jpg","datePublished":"2024-11-03T22:59:34+00:00","dateModified":"2025-09-08T06:21:20+00:00","breadcrumb":{"@id":"http:\/\/www.ronboplastic.com\/pt\/produto\/920\/#breadcrumb"},"inLanguage":"es","potentialAction":[{"@type":"ReadAction","target":["http:\/\/www.ronboplastic.com\/pt\/produto\/920\/"]}]},{"@type":"ImageObject","inLanguage":"es","@id":"http:\/\/www.ronboplastic.com\/pt\/produto\/920\/#primaryimage","url":"https:\/\/www.ronboplastic.com\/wp-content\/uploads\/2025\/09\/1-1-5.jpg","contentUrl":"https:\/\/www.ronboplastic.com\/wp-content\/uploads\/2025\/09\/1-1-5.jpg","width":800,"height":800,"caption":"flower pots"},{"@type":"BreadcrumbList","@id":"http:\/\/www.ronboplastic.com\/pt\/produto\/920\/#breadcrumb","itemListElement":[{"@type":"ListItem","position":1,"name":"\u9996\u9875","item":"https:\/\/www.ronboplastic.com\/"},{"@type":"ListItem","position":2,"name":"Products","item":"http:\/\/www.ronboplastic.com\/products\/"},{"@type":"ListItem","position":3,"name":"Plastic Decorative Planters"}]},{"@type":"WebSite","@id":"https:\/\/www.ronboplastic.com\/#website","url":"https:\/\/www.ronboplastic.com\/","name":"Ronbo Sunrise Pots &amp; Planters","description":"Macetas y jardineras","potentialAction":[{"@type":"SearchAction","target":{"@type":"EntryPoint","urlTemplate":"https:\/\/www.ronboplastic.com\/?s={search_term_string}"},"query-input":{"@type":"PropertyValueSpecification","valueRequired":true,"valueName":"search_term_string"}}],"inLanguage":"es"}]}},"_links":{"self":[{"href":"https:\/\/www.ronboplastic.com\/es\/wp-json\/wp\/v2\/product\/9440","targetHints":{"allow":["GET"]}}],"collection":[{"href":"https:\/\/www.ronboplastic.com\/es\/wp-json\/wp\/v2\/product"}],"about":[{"href":"https:\/\/www.ronboplastic.com\/es\/wp-json\/wp\/v2\/types\/product"}],"replies":[{"embeddable":true,"href":"https:\/\/www.ronboplastic.com\/es\/wp-json\/wp\/v2\/comments?post=9440"}],"wp:featuredmedia":[{"embeddable":true,"href":"https:\/\/www.ronboplastic.com\/es\/wp-json\/wp\/v2\/media\/9431"}],"wp:attachment":[{"href":"https:\/\/www.ronboplastic.com\/es\/wp-json\/wp\/v2\/media?parent=9440"}],"wp:term":[{"taxonomy":"product_brand","embeddable":true,"href":"https:\/\/www.ronboplastic.com\/es\/wp-json\/wp\/v2\/product_brand?post=9440"},{"taxonomy":"product_cat","embeddable":true,"href":"https:\/\/www.ronboplastic.com\/es\/wp-json\/wp\/v2\/product_cat?post=9440"},{"taxonomy":"product_tag","embeddable":true,"href":"https:\/\/www.ronboplastic.com\/es\/wp-json\/wp\/v2\/product_tag?post=9440"}],"curies":[{"name":"wp","href":"https:\/\/api.w.org\/{rel}","templated":true}]}}