{"id":9400,"date":"2024-10-31T06:19:52","date_gmt":"2024-10-30T22:19:52","guid":{"rendered":"https:\/\/www.ronboplastic.com\/index.php\/product\/plastic-plant-pots-indoor-outdoor-gardening\/"},"modified":"2025-09-08T14:21:01","modified_gmt":"2025-09-08T06:21:01","slug":"macetas-de-plastico-jardineria-interior-exterior","status":"publish","type":"product","link":"https:\/\/www.ronboplastic.com\/es\/producto\/macetas-de-plastico-jardineria-interior-exterior\/","title":{"rendered":"Macetas de pl\u00e1stico para jardiner\u00eda de interior y exterior"},"content":{"rendered":"<p><strong>Meta Descripci\u00f3n:<\/strong><br \/>\nMacetas de pl\u00e1stico duraderas y de alta calidad dise\u00f1adas para todas las necesidades de jardiner\u00eda de interior y exterior. Ligeras, elegantes y resistentes a la intemperie.<\/p>\n<p><strong>Resumen del producto:<\/strong><br \/>\nNuestras macetas de pl\u00e1stico ofrecen una soluci\u00f3n duradera y elegante para la jardiner\u00eda de interior y exterior. Estas macetas est\u00e1n fabricadas con materiales resistentes a la intemperie, lo que garantiza que puedan soportar las condiciones exteriores a la vez que realzan la decoraci\u00f3n de su hogar. Perfectas para los amantes de las plantas que buscan un equilibrio entre estilo, sostenibilidad y funcionalidad en sus macetas de jard\u00edn.<\/p>\n<p><strong>Caracter\u00edsticas principales:<\/strong><\/p>\n<ul>\n<li><strong>Pl\u00e1stico resistente a la intemperie<\/strong>: Construido para soportar el sol, la lluvia y el fr\u00edo para un uso duradero.<\/li>\n<li><strong>Dise\u00f1o ligero<\/strong>: F\u00e1cil de reorganizar, ideal para espacios interiores y exteriores.<\/li>\n<li><strong>Elegante y pr\u00e1ctico<\/strong>: Complementa la decoraci\u00f3n del hogar y la est\u00e9tica del jard\u00edn.<\/li>\n<li><strong>Disponible en varios tama\u00f1os<\/strong>: Perfecto para plantas peque\u00f1as hasta arbustos m\u00e1s grandes.<\/li>\n<\/ul>\n<p><strong>Especificaciones:<\/strong><\/p>\n<ul>\n<li><strong>Material<\/strong>: Pl\u00e1stico resistente apto para todas las estaciones<\/li>\n<li><strong>Tallas<\/strong>: Peque\u00f1o, Mediano, Grande<\/li>\n<li><strong>Colores<\/strong>: Negro, blanco, verde y opciones personalizadas<\/li>\n<li><strong>Utilizaci\u00f3n<\/strong>: Para interiores y exteriores<\/li>\n<\/ul>\n<p><strong>Palabras clave SEO:<\/strong><br \/>\nmacetas duraderas, macetas de pl\u00e1stico para jard\u00edn, macetas para jardiner\u00eda de interior y exterior, macetas resistentes a la intemperie, macetas con estilo<\/p>","protected":false},"excerpt":{"rendered":"<p>Macetas de pl\u00e1stico duraderas para jardiner\u00eda de interior y exterior con estilo Jardineras Proveedor al por mayor<\/p>","protected":false},"featured_media":9401,"comment_status":"open","ping_status":"open","template":"","meta":[],"product_brand":[],"product_cat":[80],"product_tag":[98,99],"class_list":{"0":"post-9400","1":"product","2":"type-product","3":"status-publish","4":"has-post-thumbnail","6":"product_cat-decorative-potsampplanters","7":"product_tag-plastic-flower-pots","8":"product_tag-plant-pots","10":"first","11":"instock","12":"shipping-taxable","13":"product-type-simple"},"yoast_head":"<!-- This site is optimized with the Yoast SEO plugin v26.1.1 - https:\/\/yoast.com\/wordpress\/plugins\/seo\/ -->\n<title>Plastic Plant Pots Indoor Outdoor Gardening - Ronbo Sunrise Pots &amp; Planters<\/title>\n<meta name=\"robots\" content=\"index, follow, max-snippet:-1, max-image-preview:large, max-video-preview:-1\" \/>\n<link rel=\"canonical\" href=\"https:\/\/www.ronboplastic.com\/es\/producto\/macetas-de-plastico-jardineria-interior-exterior\/\" \/>\n<meta property=\"og:locale\" content=\"es_ES\" \/>\n<meta property=\"og:type\" content=\"article\" \/>\n<meta property=\"og:title\" content=\"Plastic Plant Pots Indoor Outdoor Gardening - Ronbo Sunrise Pots &amp; Planters\" \/>\n<meta property=\"og:description\" content=\"Durable Plastic Plant Pots for Stylish Indoor and Outdoor Gardening Pots Planters Wholesale Supplier\" \/>\n<meta property=\"og:url\" content=\"https:\/\/www.ronboplastic.com\/es\/producto\/macetas-de-plastico-jardineria-interior-exterior\/\" \/>\n<meta property=\"og:site_name\" content=\"Ronbo Sunrise Pots &amp; Planters\" \/>\n<meta property=\"article:modified_time\" content=\"2025-09-08T06:21:01+00:00\" \/>\n<meta property=\"og:image\" content=\"https:\/\/www.ronboplastic.com\/wp-content\/uploads\/2025\/09\/1-2-2.jpg\" \/>\n\t<meta property=\"og:image:width\" content=\"800\" \/>\n\t<meta property=\"og:image:height\" content=\"800\" \/>\n\t<meta property=\"og:image:type\" content=\"image\/jpeg\" \/>\n<meta name=\"twitter:card\" content=\"summary_large_image\" \/>\n<meta name=\"twitter:label1\" content=\"Tiempo de lectura\" \/>\n\t<meta name=\"twitter:data1\" content=\"1 minuto\" \/>\n<script type=\"application\/ld+json\" class=\"yoast-schema-graph\">{\"@context\":\"https:\/\/schema.org\",\"@graph\":[{\"@type\":\"WebPage\",\"@id\":\"https:\/\/www.ronboplastic.com\/ru\/%d0%bf%d1%80%d0%be%d0%b4%d1%83%d0%ba%d1%82\/plastic-plant-pots-indoor-outdoor-gardening\/\",\"url\":\"https:\/\/www.ronboplastic.com\/ru\/%d0%bf%d1%80%d0%be%d0%b4%d1%83%d0%ba%d1%82\/plastic-plant-pots-indoor-outdoor-gardening\/\",\"name\":\"Plastic Plant Pots Indoor Outdoor Gardening - Ronbo Sunrise Pots &amp; Planters\",\"isPartOf\":{\"@id\":\"https:\/\/www.ronboplastic.com\/#website\"},\"primaryImageOfPage\":{\"@id\":\"https:\/\/www.ronboplastic.com\/ru\/%d0%bf%d1%80%d0%be%d0%b4%d1%83%d0%ba%d1%82\/plastic-plant-pots-indoor-outdoor-gardening\/#primaryimage\"},\"image\":{\"@id\":\"https:\/\/www.ronboplastic.com\/ru\/%d0%bf%d1%80%d0%be%d0%b4%d1%83%d0%ba%d1%82\/plastic-plant-pots-indoor-outdoor-gardening\/#primaryimage\"},\"thumbnailUrl\":\"https:\/\/www.ronboplastic.com\/wp-content\/uploads\/2025\/09\/1-2-2.jpg\",\"datePublished\":\"2024-10-30T22:19:52+00:00\",\"dateModified\":\"2025-09-08T06:21:01+00:00\",\"breadcrumb\":{\"@id\":\"https:\/\/www.ronboplastic.com\/ru\/%d0%bf%d1%80%d0%be%d0%b4%d1%83%d0%ba%d1%82\/plastic-plant-pots-indoor-outdoor-gardening\/#breadcrumb\"},\"inLanguage\":\"es\",\"potentialAction\":[{\"@type\":\"ReadAction\",\"target\":[\"https:\/\/www.ronboplastic.com\/ru\/%d0%bf%d1%80%d0%be%d0%b4%d1%83%d0%ba%d1%82\/plastic-plant-pots-indoor-outdoor-gardening\/\"]}]},{\"@type\":\"ImageObject\",\"inLanguage\":\"es\",\"@id\":\"https:\/\/www.ronboplastic.com\/ru\/%d0%bf%d1%80%d0%be%d0%b4%d1%83%d0%ba%d1%82\/plastic-plant-pots-indoor-outdoor-gardening\/#primaryimage\",\"url\":\"https:\/\/www.ronboplastic.com\/wp-content\/uploads\/2025\/09\/1-2-2.jpg\",\"contentUrl\":\"https:\/\/www.ronboplastic.com\/wp-content\/uploads\/2025\/09\/1-2-2.jpg\",\"width\":800,\"height\":800,\"caption\":\"flower pots for garden\"},{\"@type\":\"BreadcrumbList\",\"@id\":\"https:\/\/www.ronboplastic.com\/ru\/%d0%bf%d1%80%d0%be%d0%b4%d1%83%d0%ba%d1%82\/plastic-plant-pots-indoor-outdoor-gardening\/#breadcrumb\",\"itemListElement\":[{\"@type\":\"ListItem\",\"position\":1,\"name\":\"\u9996\u9875\",\"item\":\"https:\/\/www.ronboplastic.com\/\"},{\"@type\":\"ListItem\",\"position\":2,\"name\":\"Products\",\"item\":\"http:\/\/www.ronboplastic.com\/products\/\"},{\"@type\":\"ListItem\",\"position\":3,\"name\":\"Plastic Plant Pots Indoor Outdoor Gardening\"}]},{\"@type\":\"WebSite\",\"@id\":\"https:\/\/www.ronboplastic.com\/#website\",\"url\":\"https:\/\/www.ronboplastic.com\/\",\"name\":\"Ronbo Sunrise Pots &amp; Planters\",\"description\":\"Flower Pots &amp; Planters\",\"potentialAction\":[{\"@type\":\"SearchAction\",\"target\":{\"@type\":\"EntryPoint\",\"urlTemplate\":\"https:\/\/www.ronboplastic.com\/?s={search_term_string}\"},\"query-input\":{\"@type\":\"PropertyValueSpecification\",\"valueRequired\":true,\"valueName\":\"search_term_string\"}}],\"inLanguage\":\"es\"}]}<\/script>\n<!-- \/ Yoast SEO plugin. -->","yoast_head_json":{"title":"Plastic Plant Pots Indoor Outdoor Gardening - Ronbo Sunrise Pots &amp; Planters","robots":{"index":"index","follow":"follow","max-snippet":"max-snippet:-1","max-image-preview":"max-image-preview:large","max-video-preview":"max-video-preview:-1"},"canonical":"https:\/\/www.ronboplastic.com\/es\/producto\/macetas-de-plastico-jardineria-interior-exterior\/","og_locale":"es_ES","og_type":"article","og_title":"Plastic Plant Pots Indoor Outdoor Gardening - Ronbo Sunrise Pots &amp; Planters","og_description":"Durable Plastic Plant Pots for Stylish Indoor and Outdoor Gardening Pots Planters Wholesale Supplier","og_url":"https:\/\/www.ronboplastic.com\/es\/producto\/macetas-de-plastico-jardineria-interior-exterior\/","og_site_name":"Ronbo Sunrise Pots &amp; Planters","article_modified_time":"2025-09-08T06:21:01+00:00","og_image":[{"width":800,"height":800,"url":"https:\/\/www.ronboplastic.com\/wp-content\/uploads\/2025\/09\/1-2-2.jpg","type":"image\/jpeg"}],"twitter_card":"summary_large_image","twitter_misc":{"Tiempo de lectura":"1 minuto"},"schema":{"@context":"https:\/\/schema.org","@graph":[{"@type":"WebPage","@id":"https:\/\/www.ronboplastic.com\/ru\/%d0%bf%d1%80%d0%be%d0%b4%d1%83%d0%ba%d1%82\/plastic-plant-pots-indoor-outdoor-gardening\/","url":"https:\/\/www.ronboplastic.com\/ru\/%d0%bf%d1%80%d0%be%d0%b4%d1%83%d0%ba%d1%82\/plastic-plant-pots-indoor-outdoor-gardening\/","name":"Plastic Plant Pots Indoor Outdoor Gardening - Ronbo Sunrise Pots &amp; Planters","isPartOf":{"@id":"https:\/\/www.ronboplastic.com\/#website"},"primaryImageOfPage":{"@id":"https:\/\/www.ronboplastic.com\/ru\/%d0%bf%d1%80%d0%be%d0%b4%d1%83%d0%ba%d1%82\/plastic-plant-pots-indoor-outdoor-gardening\/#primaryimage"},"image":{"@id":"https:\/\/www.ronboplastic.com\/ru\/%d0%bf%d1%80%d0%be%d0%b4%d1%83%d0%ba%d1%82\/plastic-plant-pots-indoor-outdoor-gardening\/#primaryimage"},"thumbnailUrl":"https:\/\/www.ronboplastic.com\/wp-content\/uploads\/2025\/09\/1-2-2.jpg","datePublished":"2024-10-30T22:19:52+00:00","dateModified":"2025-09-08T06:21:01+00:00","breadcrumb":{"@id":"https:\/\/www.ronboplastic.com\/ru\/%d0%bf%d1%80%d0%be%d0%b4%d1%83%d0%ba%d1%82\/plastic-plant-pots-indoor-outdoor-gardening\/#breadcrumb"},"inLanguage":"es","potentialAction":[{"@type":"ReadAction","target":["https:\/\/www.ronboplastic.com\/ru\/%d0%bf%d1%80%d0%be%d0%b4%d1%83%d0%ba%d1%82\/plastic-plant-pots-indoor-outdoor-gardening\/"]}]},{"@type":"ImageObject","inLanguage":"es","@id":"https:\/\/www.ronboplastic.com\/ru\/%d0%bf%d1%80%d0%be%d0%b4%d1%83%d0%ba%d1%82\/plastic-plant-pots-indoor-outdoor-gardening\/#primaryimage","url":"https:\/\/www.ronboplastic.com\/wp-content\/uploads\/2025\/09\/1-2-2.jpg","contentUrl":"https:\/\/www.ronboplastic.com\/wp-content\/uploads\/2025\/09\/1-2-2.jpg","width":800,"height":800,"caption":"flower pots for garden"},{"@type":"BreadcrumbList","@id":"https:\/\/www.ronboplastic.com\/ru\/%d0%bf%d1%80%d0%be%d0%b4%d1%83%d0%ba%d1%82\/plastic-plant-pots-indoor-outdoor-gardening\/#breadcrumb","itemListElement":[{"@type":"ListItem","position":1,"name":"\u9996\u9875","item":"https:\/\/www.ronboplastic.com\/"},{"@type":"ListItem","position":2,"name":"Products","item":"http:\/\/www.ronboplastic.com\/products\/"},{"@type":"ListItem","position":3,"name":"Plastic Plant Pots Indoor Outdoor Gardening"}]},{"@type":"WebSite","@id":"https:\/\/www.ronboplastic.com\/#website","url":"https:\/\/www.ronboplastic.com\/","name":"Ronbo Sunrise Pots &amp; Planters","description":"Macetas y jardineras","potentialAction":[{"@type":"SearchAction","target":{"@type":"EntryPoint","urlTemplate":"https:\/\/www.ronboplastic.com\/?s={search_term_string}"},"query-input":{"@type":"PropertyValueSpecification","valueRequired":true,"valueName":"search_term_string"}}],"inLanguage":"es"}]}},"_links":{"self":[{"href":"https:\/\/www.ronboplastic.com\/es\/wp-json\/wp\/v2\/product\/9400","targetHints":{"allow":["GET"]}}],"collection":[{"href":"https:\/\/www.ronboplastic.com\/es\/wp-json\/wp\/v2\/product"}],"about":[{"href":"https:\/\/www.ronboplastic.com\/es\/wp-json\/wp\/v2\/types\/product"}],"replies":[{"embeddable":true,"href":"https:\/\/www.ronboplastic.com\/es\/wp-json\/wp\/v2\/comments?post=9400"}],"wp:featuredmedia":[{"embeddable":true,"href":"https:\/\/www.ronboplastic.com\/es\/wp-json\/wp\/v2\/media\/9401"}],"wp:attachment":[{"href":"https:\/\/www.ronboplastic.com\/es\/wp-json\/wp\/v2\/media?parent=9400"}],"wp:term":[{"taxonomy":"product_brand","embeddable":true,"href":"https:\/\/www.ronboplastic.com\/es\/wp-json\/wp\/v2\/product_brand?post=9400"},{"taxonomy":"product_cat","embeddable":true,"href":"https:\/\/www.ronboplastic.com\/es\/wp-json\/wp\/v2\/product_cat?post=9400"},{"taxonomy":"product_tag","embeddable":true,"href":"https:\/\/www.ronboplastic.com\/es\/wp-json\/wp\/v2\/product_tag?post=9400"}],"curies":[{"name":"wp","href":"https:\/\/api.w.org\/{rel}","templated":true}]}}