{"id":9391,"date":"2024-10-29T07:38:53","date_gmt":"2024-10-28T23:38:53","guid":{"rendered":"https:\/\/www.ronboplastic.com\/index.php\/product\/plastic-flower-pots-for-indoor-outdoor-spaces\/"},"modified":"2025-09-08T14:20:52","modified_gmt":"2025-09-08T06:20:52","slug":"macetas-de-plastico-para-interiores-y-exteriores","status":"publish","type":"product","link":"https:\/\/www.ronboplastic.com\/es\/producto\/macetas-de-plastico-para-interiores-y-exteriores\/","title":{"rendered":"Macetas de pl\u00e1stico para interior y exterior"},"content":{"rendered":"<p>Nuestras macetas de pl\u00e1stico combinan durabilidad y estilo para todas sus necesidades de plantaci\u00f3n. Fabricadas con materiales reciclables de alta calidad, son ligeras, robustas y resistentes a la decoloraci\u00f3n y las grietas. Disponibles en varios tama\u00f1os y dise\u00f1os modernos, estas macetas son perfectas para a\u00f1adir un toque verde a hogares, oficinas y espacios exteriores. Mejore su experiencia de jardiner\u00eda con macetas f\u00e1ciles de mover, manejar y que complementan a la perfecci\u00f3n cualquier planta. Dise\u00f1adas para un rendimiento duradero, nuestras macetas de pl\u00e1stico ofrecen una pr\u00e1ctica elegancia para todos los aficionados a la jardiner\u00eda.<\/p>\n<p><strong>Palabras clave:<\/strong> macetas de pl\u00e1stico ecol\u00f3gicas, macetas de interior, macetas de pl\u00e1stico para exterior, macetas de jard\u00edn sostenibles, dise\u00f1o moderno<\/p>","protected":false},"excerpt":{"rendered":"<p>Nuestras macetas de pl\u00e1stico combinan durabilidad y estilo para todas sus necesidades de plantaci\u00f3n. Fabricadas con materiales reciclables de alta calidad, son ligeras,<\/p>","protected":false},"featured_media":9392,"comment_status":"open","ping_status":"open","template":"","meta":[],"product_brand":[],"product_cat":[80],"product_tag":[103,104],"class_list":{"0":"post-9391","1":"product","2":"type-product","3":"status-publish","4":"has-post-thumbnail","6":"product_cat-decorative-potsampplanters","7":"product_tag-decorative-planters","8":"product_tag-e","10":"first","11":"instock","12":"shipping-taxable","13":"product-type-simple"},"yoast_head":"<!-- This site is optimized with the Yoast SEO plugin v26.1.1 - https:\/\/yoast.com\/wordpress\/plugins\/seo\/ -->\n<title>Plastic Flower Pots for Indoor &amp; Outdoor Spaces - Ronbo Sunrise Pots &amp; Planters<\/title>\n<meta name=\"robots\" content=\"index, follow, max-snippet:-1, max-image-preview:large, max-video-preview:-1\" \/>\n<link rel=\"canonical\" href=\"http:\/\/www.ronboplastic.com\/es\/producto\/macetas-de-plastico-para-interiores-y-exteriores\/\" \/>\n<meta property=\"og:locale\" content=\"es_ES\" \/>\n<meta property=\"og:type\" content=\"article\" \/>\n<meta property=\"og:title\" content=\"Plastic Flower Pots for Indoor &amp; Outdoor Spaces - Ronbo Sunrise Pots &amp; Planters\" \/>\n<meta property=\"og:description\" content=\"Our plastic flower pots combine durability and style for all your planting needs. Made from high-quality, recyclable materials, they\u2019re lightweight,\" \/>\n<meta property=\"og:url\" content=\"http:\/\/www.ronboplastic.com\/es\/producto\/macetas-de-plastico-para-interiores-y-exteriores\/\" \/>\n<meta property=\"og:site_name\" content=\"Ronbo Sunrise Pots &amp; Planters\" \/>\n<meta property=\"article:modified_time\" content=\"2025-09-08T06:20:52+00:00\" \/>\n<meta property=\"og:image\" content=\"https:\/\/www.ronboplastic.com\/wp-content\/uploads\/2025\/09\/1-2-2.png\" \/>\n\t<meta property=\"og:image:width\" content=\"421\" \/>\n\t<meta property=\"og:image:height\" content=\"316\" \/>\n\t<meta property=\"og:image:type\" content=\"image\/png\" \/>\n<meta name=\"twitter:card\" content=\"summary_large_image\" \/>\n<script type=\"application\/ld+json\" class=\"yoast-schema-graph\">{\"@context\":\"https:\/\/schema.org\",\"@graph\":[{\"@type\":\"WebPage\",\"@id\":\"http:\/\/www.ronboplastic.com\/ru\/%d0%bf%d1%80%d0%be%d0%b4%d1%83%d0%ba%d1%82\/plastic-flower-pots-for-indoor-outdoor-spaces\/\",\"url\":\"http:\/\/www.ronboplastic.com\/ru\/%d0%bf%d1%80%d0%be%d0%b4%d1%83%d0%ba%d1%82\/plastic-flower-pots-for-indoor-outdoor-spaces\/\",\"name\":\"Plastic Flower Pots for Indoor & Outdoor Spaces - Ronbo Sunrise Pots &amp; Planters\",\"isPartOf\":{\"@id\":\"https:\/\/www.ronboplastic.com\/#website\"},\"primaryImageOfPage\":{\"@id\":\"http:\/\/www.ronboplastic.com\/ru\/%d0%bf%d1%80%d0%be%d0%b4%d1%83%d0%ba%d1%82\/plastic-flower-pots-for-indoor-outdoor-spaces\/#primaryimage\"},\"image\":{\"@id\":\"http:\/\/www.ronboplastic.com\/ru\/%d0%bf%d1%80%d0%be%d0%b4%d1%83%d0%ba%d1%82\/plastic-flower-pots-for-indoor-outdoor-spaces\/#primaryimage\"},\"thumbnailUrl\":\"https:\/\/www.ronboplastic.com\/wp-content\/uploads\/2025\/09\/1-2-2.png\",\"datePublished\":\"2024-10-28T23:38:53+00:00\",\"dateModified\":\"2025-09-08T06:20:52+00:00\",\"breadcrumb\":{\"@id\":\"http:\/\/www.ronboplastic.com\/ru\/%d0%bf%d1%80%d0%be%d0%b4%d1%83%d0%ba%d1%82\/plastic-flower-pots-for-indoor-outdoor-spaces\/#breadcrumb\"},\"inLanguage\":\"es\",\"potentialAction\":[{\"@type\":\"ReadAction\",\"target\":[\"http:\/\/www.ronboplastic.com\/ru\/%d0%bf%d1%80%d0%be%d0%b4%d1%83%d0%ba%d1%82\/plastic-flower-pots-for-indoor-outdoor-spaces\/\"]}]},{\"@type\":\"ImageObject\",\"inLanguage\":\"es\",\"@id\":\"http:\/\/www.ronboplastic.com\/ru\/%d0%bf%d1%80%d0%be%d0%b4%d1%83%d0%ba%d1%82\/plastic-flower-pots-for-indoor-outdoor-spaces\/#primaryimage\",\"url\":\"https:\/\/www.ronboplastic.com\/wp-content\/uploads\/2025\/09\/1-2-2.png\",\"contentUrl\":\"https:\/\/www.ronboplastic.com\/wp-content\/uploads\/2025\/09\/1-2-2.png\",\"width\":421,\"height\":316,\"caption\":\"plastic planters\"},{\"@type\":\"BreadcrumbList\",\"@id\":\"http:\/\/www.ronboplastic.com\/ru\/%d0%bf%d1%80%d0%be%d0%b4%d1%83%d0%ba%d1%82\/plastic-flower-pots-for-indoor-outdoor-spaces\/#breadcrumb\",\"itemListElement\":[{\"@type\":\"ListItem\",\"position\":1,\"name\":\"\u9996\u9875\",\"item\":\"https:\/\/www.ronboplastic.com\/\"},{\"@type\":\"ListItem\",\"position\":2,\"name\":\"Products\",\"item\":\"http:\/\/www.ronboplastic.com\/products\/\"},{\"@type\":\"ListItem\",\"position\":3,\"name\":\"Plastic Flower Pots for Indoor &#038; Outdoor Spaces\"}]},{\"@type\":\"WebSite\",\"@id\":\"https:\/\/www.ronboplastic.com\/#website\",\"url\":\"https:\/\/www.ronboplastic.com\/\",\"name\":\"Ronbo Sunrise Pots &amp; Planters\",\"description\":\"Flower Pots &amp; Planters\",\"potentialAction\":[{\"@type\":\"SearchAction\",\"target\":{\"@type\":\"EntryPoint\",\"urlTemplate\":\"https:\/\/www.ronboplastic.com\/?s={search_term_string}\"},\"query-input\":{\"@type\":\"PropertyValueSpecification\",\"valueRequired\":true,\"valueName\":\"search_term_string\"}}],\"inLanguage\":\"es\"}]}<\/script>\n<!-- \/ Yoast SEO plugin. -->","yoast_head_json":{"title":"Plastic Flower Pots for Indoor & Outdoor Spaces - Ronbo Sunrise Pots &amp; Planters","robots":{"index":"index","follow":"follow","max-snippet":"max-snippet:-1","max-image-preview":"max-image-preview:large","max-video-preview":"max-video-preview:-1"},"canonical":"http:\/\/www.ronboplastic.com\/es\/producto\/macetas-de-plastico-para-interiores-y-exteriores\/","og_locale":"es_ES","og_type":"article","og_title":"Plastic Flower Pots for Indoor & Outdoor Spaces - Ronbo Sunrise Pots &amp; Planters","og_description":"Our plastic flower pots combine durability and style for all your planting needs. Made from high-quality, recyclable materials, they\u2019re lightweight,","og_url":"http:\/\/www.ronboplastic.com\/es\/producto\/macetas-de-plastico-para-interiores-y-exteriores\/","og_site_name":"Ronbo Sunrise Pots &amp; Planters","article_modified_time":"2025-09-08T06:20:52+00:00","og_image":[{"width":421,"height":316,"url":"https:\/\/www.ronboplastic.com\/wp-content\/uploads\/2025\/09\/1-2-2.png","type":"image\/png"}],"twitter_card":"summary_large_image","schema":{"@context":"https:\/\/schema.org","@graph":[{"@type":"WebPage","@id":"http:\/\/www.ronboplastic.com\/ru\/%d0%bf%d1%80%d0%be%d0%b4%d1%83%d0%ba%d1%82\/plastic-flower-pots-for-indoor-outdoor-spaces\/","url":"http:\/\/www.ronboplastic.com\/ru\/%d0%bf%d1%80%d0%be%d0%b4%d1%83%d0%ba%d1%82\/plastic-flower-pots-for-indoor-outdoor-spaces\/","name":"Plastic Flower Pots for Indoor & Outdoor Spaces - Ronbo Sunrise Pots &amp; Planters","isPartOf":{"@id":"https:\/\/www.ronboplastic.com\/#website"},"primaryImageOfPage":{"@id":"http:\/\/www.ronboplastic.com\/ru\/%d0%bf%d1%80%d0%be%d0%b4%d1%83%d0%ba%d1%82\/plastic-flower-pots-for-indoor-outdoor-spaces\/#primaryimage"},"image":{"@id":"http:\/\/www.ronboplastic.com\/ru\/%d0%bf%d1%80%d0%be%d0%b4%d1%83%d0%ba%d1%82\/plastic-flower-pots-for-indoor-outdoor-spaces\/#primaryimage"},"thumbnailUrl":"https:\/\/www.ronboplastic.com\/wp-content\/uploads\/2025\/09\/1-2-2.png","datePublished":"2024-10-28T23:38:53+00:00","dateModified":"2025-09-08T06:20:52+00:00","breadcrumb":{"@id":"http:\/\/www.ronboplastic.com\/ru\/%d0%bf%d1%80%d0%be%d0%b4%d1%83%d0%ba%d1%82\/plastic-flower-pots-for-indoor-outdoor-spaces\/#breadcrumb"},"inLanguage":"es","potentialAction":[{"@type":"ReadAction","target":["http:\/\/www.ronboplastic.com\/ru\/%d0%bf%d1%80%d0%be%d0%b4%d1%83%d0%ba%d1%82\/plastic-flower-pots-for-indoor-outdoor-spaces\/"]}]},{"@type":"ImageObject","inLanguage":"es","@id":"http:\/\/www.ronboplastic.com\/ru\/%d0%bf%d1%80%d0%be%d0%b4%d1%83%d0%ba%d1%82\/plastic-flower-pots-for-indoor-outdoor-spaces\/#primaryimage","url":"https:\/\/www.ronboplastic.com\/wp-content\/uploads\/2025\/09\/1-2-2.png","contentUrl":"https:\/\/www.ronboplastic.com\/wp-content\/uploads\/2025\/09\/1-2-2.png","width":421,"height":316,"caption":"plastic planters"},{"@type":"BreadcrumbList","@id":"http:\/\/www.ronboplastic.com\/ru\/%d0%bf%d1%80%d0%be%d0%b4%d1%83%d0%ba%d1%82\/plastic-flower-pots-for-indoor-outdoor-spaces\/#breadcrumb","itemListElement":[{"@type":"ListItem","position":1,"name":"\u9996\u9875","item":"https:\/\/www.ronboplastic.com\/"},{"@type":"ListItem","position":2,"name":"Products","item":"http:\/\/www.ronboplastic.com\/products\/"},{"@type":"ListItem","position":3,"name":"Plastic Flower Pots for Indoor &#038; Outdoor Spaces"}]},{"@type":"WebSite","@id":"https:\/\/www.ronboplastic.com\/#website","url":"https:\/\/www.ronboplastic.com\/","name":"Ronbo Sunrise Pots &amp; Planters","description":"Macetas y jardineras","potentialAction":[{"@type":"SearchAction","target":{"@type":"EntryPoint","urlTemplate":"https:\/\/www.ronboplastic.com\/?s={search_term_string}"},"query-input":{"@type":"PropertyValueSpecification","valueRequired":true,"valueName":"search_term_string"}}],"inLanguage":"es"}]}},"_links":{"self":[{"href":"https:\/\/www.ronboplastic.com\/es\/wp-json\/wp\/v2\/product\/9391","targetHints":{"allow":["GET"]}}],"collection":[{"href":"https:\/\/www.ronboplastic.com\/es\/wp-json\/wp\/v2\/product"}],"about":[{"href":"https:\/\/www.ronboplastic.com\/es\/wp-json\/wp\/v2\/types\/product"}],"replies":[{"embeddable":true,"href":"https:\/\/www.ronboplastic.com\/es\/wp-json\/wp\/v2\/comments?post=9391"}],"wp:featuredmedia":[{"embeddable":true,"href":"https:\/\/www.ronboplastic.com\/es\/wp-json\/wp\/v2\/media\/9392"}],"wp:attachment":[{"href":"https:\/\/www.ronboplastic.com\/es\/wp-json\/wp\/v2\/media?parent=9391"}],"wp:term":[{"taxonomy":"product_brand","embeddable":true,"href":"https:\/\/www.ronboplastic.com\/es\/wp-json\/wp\/v2\/product_brand?post=9391"},{"taxonomy":"product_cat","embeddable":true,"href":"https:\/\/www.ronboplastic.com\/es\/wp-json\/wp\/v2\/product_cat?post=9391"},{"taxonomy":"product_tag","embeddable":true,"href":"https:\/\/www.ronboplastic.com\/es\/wp-json\/wp\/v2\/product_tag?post=9391"}],"curies":[{"name":"wp","href":"https:\/\/api.w.org\/{rel}","templated":true}]}}