{"id":9382,"date":"2024-10-28T09:36:29","date_gmt":"2024-10-28T01:36:29","guid":{"rendered":"https:\/\/www.ronboplastic.com\/index.php\/product\/high-quality-plastic-flower-pots\/"},"modified":"2025-09-08T14:20:45","modified_gmt":"2025-09-08T06:20:45","slug":"macetas-de-plastico-de-alta-calidad","status":"publish","type":"product","link":"https:\/\/www.ronboplastic.com\/es\/producto\/macetas-de-plastico-de-alta-calidad\/","title":{"rendered":"Macetas de pl\u00e1stico de alta calidad"},"content":{"rendered":"<p><strong>Descripci\u00f3n del producto:<\/strong><\/p>\n<p>Transforme su experiencia de jardiner\u00eda con nuestras macetas de pl\u00e1stico de primera calidad, dise\u00f1adas tanto para interior como para exterior. Fabricadas en pl\u00e1stico duradero y resistente a los rayos UV, estas macetas garantizan que sus plantas crezcan en cualquier entorno y mantengan un aspecto vibrante.<\/p>\n<p><strong>Caracter\u00edsticas principales:<\/strong><\/p>\n<ul>\n<li><strong>Durabilidad:<\/strong> Fabricado en pl\u00e1stico de alta calidad que resiste las inclemencias del tiempo, garantizando un uso duradero.<\/li>\n<li><strong>Ligero:<\/strong> F\u00e1cil de desplazar, lo que permite reorganizar c\u00f3modamente el jard\u00edn o el espacio interior.<\/li>\n<li><strong>Dise\u00f1o vers\u00e1til:<\/strong> Perfectos para una gran variedad de plantas, desde hierbas peque\u00f1as hasta flores m\u00e1s grandes. Disponible en varios tama\u00f1os y colores para adaptarse a sus preferencias est\u00e9ticas.<\/li>\n<li><strong>Sistema de drenaje:<\/strong> Cada maceta viene equipada con orificios de drenaje para favorecer el crecimiento sano de las ra\u00edces y evitar el riego excesivo.<\/li>\n<li><strong>Respetuoso con el medio ambiente:<\/strong> Fabricados con materiales reciclables, contribuyen a un medio ambiente sostenible.<\/li>\n<li><strong>Instrucciones de uso:<\/strong>\n<ol>\n<li>Rellene la maceta con tierra de calidad, dejando espacio en la parte superior para el agua.<\/li>\n<li>Planta las flores o hierbas que desees, asegur\u00e1ndote de que las ra\u00edces queden bien cubiertas.<\/li>\n<li>Regar abundantemente y colocar en un lugar adecuado, teniendo en cuenta las necesidades de luz solar y temperatura.<\/li>\n<\/ol>\n<\/li>\n<\/ul>","protected":false},"excerpt":{"rendered":"<p><strong>\u00bfPor qu\u00e9 elegirnos?<\/strong><\/p>\n<p>Nuestras macetas de pl\u00e1stico combinan funcionalidad y estilo, lo que las convierte en la elecci\u00f3n perfecta para cualquier aficionado a la jardiner\u00eda. Tanto si es un principiante como un jardinero experimentado, nuestras macetas le ayudar\u00e1n a crear un jard\u00edn hermoso y pr\u00f3spero.<\/p>\n<p><strong>Haz tu pedido<\/strong><\/p>\n<p>Mejora tu jard\u00edn con nuestras macetas de pl\u00e1stico de alta calidad. \u00a1A\u00f1\u00e1delas hoy a tu cesta y disfruta ma\u00f1ana de un jard\u00edn floreciente!<\/p>","protected":false},"featured_media":9383,"comment_status":"open","ping_status":"open","template":"","meta":[],"product_brand":[],"product_cat":[88],"product_tag":[95,100],"class_list":{"0":"post-9382","1":"product","2":"type-product","3":"status-publish","4":"has-post-thumbnail","6":"product_cat-hanging-planter","7":"product_tag-hanging-planter","8":"product_tag-hanging-basket-plant-pots","10":"first","11":"instock","12":"shipping-taxable","13":"product-type-simple"},"yoast_head":"<!-- This site is optimized with the Yoast SEO plugin v26.1.1 - https:\/\/yoast.com\/wordpress\/plugins\/seo\/ -->\n<title>High-Quality Plastic Flower Pots - Ronbo Sunrise Pots &amp; Planters<\/title>\n<meta name=\"robots\" content=\"index, follow, max-snippet:-1, max-image-preview:large, max-video-preview:-1\" \/>\n<link rel=\"canonical\" href=\"https:\/\/www.ronboplastic.com\/es\/producto\/macetas-de-plastico-de-alta-calidad\/\" \/>\n<meta property=\"og:locale\" content=\"es_ES\" \/>\n<meta property=\"og:type\" content=\"article\" \/>\n<meta property=\"og:title\" content=\"High-Quality Plastic Flower Pots - Ronbo Sunrise Pots &amp; Planters\" \/>\n<meta property=\"og:description\" content=\"Why Choose Us? Our plastic flower pots combine functionality with style, making them the perfect choice for any gardening enthusiast. Whether you\u2019re a beginner or a seasoned gardener, our pots will help you create a beautiful, thriving garden. Order Now! Elevate your gardening game with our high-quality plastic flower pots. Add them to your cart today and enjoy a flourishing garden tomorrow!\" \/>\n<meta property=\"og:url\" content=\"https:\/\/www.ronboplastic.com\/es\/producto\/macetas-de-plastico-de-alta-calidad\/\" \/>\n<meta property=\"og:site_name\" content=\"Ronbo Sunrise Pots &amp; Planters\" \/>\n<meta property=\"article:modified_time\" content=\"2025-09-08T06:20:45+00:00\" \/>\n<meta property=\"og:image\" content=\"https:\/\/www.ronboplastic.com\/wp-content\/uploads\/2025\/09\/1-1-3.jpg\" \/>\n\t<meta property=\"og:image:width\" content=\"800\" \/>\n\t<meta property=\"og:image:height\" content=\"800\" \/>\n\t<meta property=\"og:image:type\" content=\"image\/jpeg\" \/>\n<meta name=\"twitter:card\" content=\"summary_large_image\" \/>\n<meta name=\"twitter:label1\" content=\"Tiempo de lectura\" \/>\n\t<meta name=\"twitter:data1\" content=\"1 minuto\" \/>\n<script type=\"application\/ld+json\" class=\"yoast-schema-graph\">{\"@context\":\"https:\/\/schema.org\",\"@graph\":[{\"@type\":\"WebPage\",\"@id\":\"https:\/\/www.ronboplastic.com\/ru\/%d0%bf%d1%80%d0%be%d0%b4%d1%83%d0%ba%d1%82\/high-quality-plastic-flower-pots\/\",\"url\":\"https:\/\/www.ronboplastic.com\/ru\/%d0%bf%d1%80%d0%be%d0%b4%d1%83%d0%ba%d1%82\/high-quality-plastic-flower-pots\/\",\"name\":\"High-Quality Plastic Flower Pots - Ronbo Sunrise Pots &amp; Planters\",\"isPartOf\":{\"@id\":\"https:\/\/www.ronboplastic.com\/#website\"},\"primaryImageOfPage\":{\"@id\":\"https:\/\/www.ronboplastic.com\/ru\/%d0%bf%d1%80%d0%be%d0%b4%d1%83%d0%ba%d1%82\/high-quality-plastic-flower-pots\/#primaryimage\"},\"image\":{\"@id\":\"https:\/\/www.ronboplastic.com\/ru\/%d0%bf%d1%80%d0%be%d0%b4%d1%83%d0%ba%d1%82\/high-quality-plastic-flower-pots\/#primaryimage\"},\"thumbnailUrl\":\"https:\/\/www.ronboplastic.com\/wp-content\/uploads\/2025\/09\/1-1-3.jpg\",\"datePublished\":\"2024-10-28T01:36:29+00:00\",\"dateModified\":\"2025-09-08T06:20:45+00:00\",\"breadcrumb\":{\"@id\":\"https:\/\/www.ronboplastic.com\/ru\/%d0%bf%d1%80%d0%be%d0%b4%d1%83%d0%ba%d1%82\/high-quality-plastic-flower-pots\/#breadcrumb\"},\"inLanguage\":\"es\",\"potentialAction\":[{\"@type\":\"ReadAction\",\"target\":[\"https:\/\/www.ronboplastic.com\/ru\/%d0%bf%d1%80%d0%be%d0%b4%d1%83%d0%ba%d1%82\/high-quality-plastic-flower-pots\/\"]}]},{\"@type\":\"ImageObject\",\"inLanguage\":\"es\",\"@id\":\"https:\/\/www.ronboplastic.com\/ru\/%d0%bf%d1%80%d0%be%d0%b4%d1%83%d0%ba%d1%82\/high-quality-plastic-flower-pots\/#primaryimage\",\"url\":\"https:\/\/www.ronboplastic.com\/wp-content\/uploads\/2025\/09\/1-1-3.jpg\",\"contentUrl\":\"https:\/\/www.ronboplastic.com\/wp-content\/uploads\/2025\/09\/1-1-3.jpg\",\"width\":800,\"height\":800,\"caption\":\"Hanging Baskets\"},{\"@type\":\"BreadcrumbList\",\"@id\":\"https:\/\/www.ronboplastic.com\/ru\/%d0%bf%d1%80%d0%be%d0%b4%d1%83%d0%ba%d1%82\/high-quality-plastic-flower-pots\/#breadcrumb\",\"itemListElement\":[{\"@type\":\"ListItem\",\"position\":1,\"name\":\"\u9996\u9875\",\"item\":\"https:\/\/www.ronboplastic.com\/\"},{\"@type\":\"ListItem\",\"position\":2,\"name\":\"Products\",\"item\":\"http:\/\/www.ronboplastic.com\/products\/\"},{\"@type\":\"ListItem\",\"position\":3,\"name\":\"High-Quality Plastic Flower Pots\"}]},{\"@type\":\"WebSite\",\"@id\":\"https:\/\/www.ronboplastic.com\/#website\",\"url\":\"https:\/\/www.ronboplastic.com\/\",\"name\":\"Ronbo Sunrise Pots &amp; Planters\",\"description\":\"Flower Pots &amp; Planters\",\"potentialAction\":[{\"@type\":\"SearchAction\",\"target\":{\"@type\":\"EntryPoint\",\"urlTemplate\":\"https:\/\/www.ronboplastic.com\/?s={search_term_string}\"},\"query-input\":{\"@type\":\"PropertyValueSpecification\",\"valueRequired\":true,\"valueName\":\"search_term_string\"}}],\"inLanguage\":\"es\"}]}<\/script>\n<!-- \/ Yoast SEO plugin. -->","yoast_head_json":{"title":"High-Quality Plastic Flower Pots - Ronbo Sunrise Pots &amp; Planters","robots":{"index":"index","follow":"follow","max-snippet":"max-snippet:-1","max-image-preview":"max-image-preview:large","max-video-preview":"max-video-preview:-1"},"canonical":"https:\/\/www.ronboplastic.com\/es\/producto\/macetas-de-plastico-de-alta-calidad\/","og_locale":"es_ES","og_type":"article","og_title":"High-Quality Plastic Flower Pots - Ronbo Sunrise Pots &amp; Planters","og_description":"Why Choose Us? Our plastic flower pots combine functionality with style, making them the perfect choice for any gardening enthusiast. Whether you\u2019re a beginner or a seasoned gardener, our pots will help you create a beautiful, thriving garden. Order Now! Elevate your gardening game with our high-quality plastic flower pots. Add them to your cart today and enjoy a flourishing garden tomorrow!","og_url":"https:\/\/www.ronboplastic.com\/es\/producto\/macetas-de-plastico-de-alta-calidad\/","og_site_name":"Ronbo Sunrise Pots &amp; Planters","article_modified_time":"2025-09-08T06:20:45+00:00","og_image":[{"width":800,"height":800,"url":"https:\/\/www.ronboplastic.com\/wp-content\/uploads\/2025\/09\/1-1-3.jpg","type":"image\/jpeg"}],"twitter_card":"summary_large_image","twitter_misc":{"Tiempo de lectura":"1 minuto"},"schema":{"@context":"https:\/\/schema.org","@graph":[{"@type":"WebPage","@id":"https:\/\/www.ronboplastic.com\/ru\/%d0%bf%d1%80%d0%be%d0%b4%d1%83%d0%ba%d1%82\/high-quality-plastic-flower-pots\/","url":"https:\/\/www.ronboplastic.com\/ru\/%d0%bf%d1%80%d0%be%d0%b4%d1%83%d0%ba%d1%82\/high-quality-plastic-flower-pots\/","name":"High-Quality Plastic Flower Pots - Ronbo Sunrise Pots &amp; Planters","isPartOf":{"@id":"https:\/\/www.ronboplastic.com\/#website"},"primaryImageOfPage":{"@id":"https:\/\/www.ronboplastic.com\/ru\/%d0%bf%d1%80%d0%be%d0%b4%d1%83%d0%ba%d1%82\/high-quality-plastic-flower-pots\/#primaryimage"},"image":{"@id":"https:\/\/www.ronboplastic.com\/ru\/%d0%bf%d1%80%d0%be%d0%b4%d1%83%d0%ba%d1%82\/high-quality-plastic-flower-pots\/#primaryimage"},"thumbnailUrl":"https:\/\/www.ronboplastic.com\/wp-content\/uploads\/2025\/09\/1-1-3.jpg","datePublished":"2024-10-28T01:36:29+00:00","dateModified":"2025-09-08T06:20:45+00:00","breadcrumb":{"@id":"https:\/\/www.ronboplastic.com\/ru\/%d0%bf%d1%80%d0%be%d0%b4%d1%83%d0%ba%d1%82\/high-quality-plastic-flower-pots\/#breadcrumb"},"inLanguage":"es","potentialAction":[{"@type":"ReadAction","target":["https:\/\/www.ronboplastic.com\/ru\/%d0%bf%d1%80%d0%be%d0%b4%d1%83%d0%ba%d1%82\/high-quality-plastic-flower-pots\/"]}]},{"@type":"ImageObject","inLanguage":"es","@id":"https:\/\/www.ronboplastic.com\/ru\/%d0%bf%d1%80%d0%be%d0%b4%d1%83%d0%ba%d1%82\/high-quality-plastic-flower-pots\/#primaryimage","url":"https:\/\/www.ronboplastic.com\/wp-content\/uploads\/2025\/09\/1-1-3.jpg","contentUrl":"https:\/\/www.ronboplastic.com\/wp-content\/uploads\/2025\/09\/1-1-3.jpg","width":800,"height":800,"caption":"Hanging Baskets"},{"@type":"BreadcrumbList","@id":"https:\/\/www.ronboplastic.com\/ru\/%d0%bf%d1%80%d0%be%d0%b4%d1%83%d0%ba%d1%82\/high-quality-plastic-flower-pots\/#breadcrumb","itemListElement":[{"@type":"ListItem","position":1,"name":"\u9996\u9875","item":"https:\/\/www.ronboplastic.com\/"},{"@type":"ListItem","position":2,"name":"Products","item":"http:\/\/www.ronboplastic.com\/products\/"},{"@type":"ListItem","position":3,"name":"High-Quality Plastic Flower Pots"}]},{"@type":"WebSite","@id":"https:\/\/www.ronboplastic.com\/#website","url":"https:\/\/www.ronboplastic.com\/","name":"Ronbo Sunrise Pots &amp; Planters","description":"Macetas y jardineras","potentialAction":[{"@type":"SearchAction","target":{"@type":"EntryPoint","urlTemplate":"https:\/\/www.ronboplastic.com\/?s={search_term_string}"},"query-input":{"@type":"PropertyValueSpecification","valueRequired":true,"valueName":"search_term_string"}}],"inLanguage":"es"}]}},"_links":{"self":[{"href":"https:\/\/www.ronboplastic.com\/es\/wp-json\/wp\/v2\/product\/9382","targetHints":{"allow":["GET"]}}],"collection":[{"href":"https:\/\/www.ronboplastic.com\/es\/wp-json\/wp\/v2\/product"}],"about":[{"href":"https:\/\/www.ronboplastic.com\/es\/wp-json\/wp\/v2\/types\/product"}],"replies":[{"embeddable":true,"href":"https:\/\/www.ronboplastic.com\/es\/wp-json\/wp\/v2\/comments?post=9382"}],"wp:featuredmedia":[{"embeddable":true,"href":"https:\/\/www.ronboplastic.com\/es\/wp-json\/wp\/v2\/media\/9383"}],"wp:attachment":[{"href":"https:\/\/www.ronboplastic.com\/es\/wp-json\/wp\/v2\/media?parent=9382"}],"wp:term":[{"taxonomy":"product_brand","embeddable":true,"href":"https:\/\/www.ronboplastic.com\/es\/wp-json\/wp\/v2\/product_brand?post=9382"},{"taxonomy":"product_cat","embeddable":true,"href":"https:\/\/www.ronboplastic.com\/es\/wp-json\/wp\/v2\/product_cat?post=9382"},{"taxonomy":"product_tag","embeddable":true,"href":"https:\/\/www.ronboplastic.com\/es\/wp-json\/wp\/v2\/product_tag?post=9382"}],"curies":[{"name":"wp","href":"https:\/\/api.w.org\/{rel}","templated":true}]}}