{"id":9354,"date":"2024-10-24T07:48:48","date_gmt":"2024-10-23T23:48:48","guid":{"rendered":"https:\/\/www.ronboplastic.com\/index.php\/product\/plastic-flower-pots-for-indoor-and-outdoor-use\/"},"modified":"2025-09-08T14:20:32","modified_gmt":"2025-09-08T06:20:32","slug":"macetas-de-plastico-para-interior-y-exterior","status":"publish","type":"product","link":"https:\/\/www.ronboplastic.com\/es\/producto\/macetas-de-plastico-para-interior-y-exterior\/","title":{"rendered":"Macetas de pl\u00e1stico para interior y exterior"},"content":{"rendered":"<p>Meta Descripci\u00f3n: Explore nuestra amplia gama de macetas de pl\u00e1stico duradero, perfectas para plantas de interior y exterior. Disponibles en varios tama\u00f1os y dise\u00f1os para satisfacer todas sus necesidades de jardiner\u00eda. Compre ahora macetas de primera calidad, ligeras, duraderas y ecol\u00f3gicas.<\/p>\n<p><strong>Palabras clave SEO:<\/strong> macetas de pl\u00e1stico, macetas de interior, macetas de exterior, macetas duraderas, macetas ecol\u00f3gicas, macetas de jard\u00edn ligeras, macetas decorativas, macetas con estilo, jardineras de pl\u00e1stico, macetas de pl\u00e1stico para plantas.<\/p>\n<p><strong>Descripci\u00f3n del producto:<\/strong> Nuestras macetas de pl\u00e1stico de primera calidad est\u00e1n dise\u00f1adas para realzar la belleza de sus espacios interiores y exteriores. Fabricadas con materiales ecol\u00f3gicos de alta calidad, estas macetas son ligeras pero resistentes, lo que garantiza una larga duraci\u00f3n. Disponibles en varios tama\u00f1os y estilos, son perfectas para plantas suculentas peque\u00f1as o plantas de hoja grande. Estas vers\u00e1tiles macetas son ideales para la decoraci\u00f3n del hogar, oficinas, patios y jardines. Tanto si prefiere un aspecto moderno minimalista como un dise\u00f1o cl\u00e1sico, nuestras macetas de pl\u00e1stico ofrecen el equilibrio perfecto entre funcionalidad y estilo.<\/p>\n<p><strong>Caracter\u00edsticas:<\/strong><\/p>\n<ul>\n<li>Fabricado en pl\u00e1stico ecol\u00f3gico de alta calidad.<\/li>\n<li>Ligero, duradero y resistente al desgaste.<\/li>\n<li>Disponible en varios tama\u00f1os y dise\u00f1os.<\/li>\n<li>Perfecto para interiores y exteriores.<\/li>\n<li>Ideal para la decoraci\u00f3n del hogar, el jard\u00edn o la oficina.<\/li>\n<\/ul>\n<p><strong>Llamamiento a la acci\u00f3n:<\/strong> Transforme su espacio con nuestras elegantes y duraderas macetas de pl\u00e1stico. \u00a1Compra ahora para encontrar la perfecta para tus plantas!<\/p>","protected":false},"excerpt":{"rendered":"<p>Meta Descripci\u00f3n: Explore nuestra amplia gama de macetas de pl\u00e1stico duradero, perfectas para plantas de interior y exterior. Disponibles en<\/p>","protected":false},"featured_media":9355,"comment_status":"open","ping_status":"open","template":"","meta":[],"product_brand":[],"product_cat":[80],"product_tag":[79,98],"class_list":{"0":"post-9354","1":"product","2":"type-product","3":"status-publish","4":"has-post-thumbnail","6":"product_cat-decorative-potsampplanters","7":"product_tag-decorative-plant-pots","8":"product_tag-plastic-flower-pots","10":"first","11":"instock","12":"shipping-taxable","13":"product-type-simple"},"yoast_head":"<!-- This site is optimized with the Yoast SEO plugin v26.1.1 - https:\/\/yoast.com\/wordpress\/plugins\/seo\/ -->\n<title>Plastic Flower Pots for Indoor and Outdoor Use - Ronbo Sunrise Pots &amp; Planters<\/title>\n<meta name=\"robots\" content=\"index, follow, max-snippet:-1, max-image-preview:large, max-video-preview:-1\" \/>\n<link rel=\"canonical\" href=\"https:\/\/www.ronboplastic.com\/es\/producto\/macetas-de-plastico-para-interior-y-exterior\/\" \/>\n<meta property=\"og:locale\" content=\"es_ES\" \/>\n<meta property=\"og:type\" content=\"article\" \/>\n<meta property=\"og:title\" content=\"Plastic Flower Pots for Indoor and Outdoor Use - Ronbo Sunrise Pots &amp; Planters\" \/>\n<meta property=\"og:description\" content=\"Meta Description: Explore our wide range of durable plastic flower pots, perfect for both indoor and outdoor plants. Available in\" \/>\n<meta property=\"og:url\" content=\"https:\/\/www.ronboplastic.com\/es\/producto\/macetas-de-plastico-para-interior-y-exterior\/\" \/>\n<meta property=\"og:site_name\" content=\"Ronbo Sunrise Pots &amp; Planters\" \/>\n<meta property=\"article:modified_time\" content=\"2025-09-08T06:20:32+00:00\" \/>\n<meta property=\"og:image\" content=\"https:\/\/www.ronboplastic.com\/wp-content\/uploads\/2025\/09\/22-1.jpg\" \/>\n\t<meta property=\"og:image:width\" content=\"800\" \/>\n\t<meta property=\"og:image:height\" content=\"800\" \/>\n\t<meta property=\"og:image:type\" content=\"image\/jpeg\" \/>\n<meta name=\"twitter:card\" content=\"summary_large_image\" \/>\n<meta name=\"twitter:label1\" content=\"Tiempo de lectura\" \/>\n\t<meta name=\"twitter:data1\" content=\"1 minuto\" \/>\n<script type=\"application\/ld+json\" class=\"yoast-schema-graph\">{\"@context\":\"https:\/\/schema.org\",\"@graph\":[{\"@type\":\"WebPage\",\"@id\":\"https:\/\/www.ronboplastic.com\/product\/plastic-flower-pots-for-indoor-and-outdoor-use\/\",\"url\":\"https:\/\/www.ronboplastic.com\/product\/plastic-flower-pots-for-indoor-and-outdoor-use\/\",\"name\":\"Plastic Flower Pots for Indoor and Outdoor Use - Ronbo Sunrise Pots &amp; Planters\",\"isPartOf\":{\"@id\":\"https:\/\/www.ronboplastic.com\/#website\"},\"primaryImageOfPage\":{\"@id\":\"https:\/\/www.ronboplastic.com\/product\/plastic-flower-pots-for-indoor-and-outdoor-use\/#primaryimage\"},\"image\":{\"@id\":\"https:\/\/www.ronboplastic.com\/product\/plastic-flower-pots-for-indoor-and-outdoor-use\/#primaryimage\"},\"thumbnailUrl\":\"https:\/\/www.ronboplastic.com\/wp-content\/uploads\/2025\/09\/22-1.jpg\",\"datePublished\":\"2024-10-23T23:48:48+00:00\",\"dateModified\":\"2025-09-08T06:20:32+00:00\",\"breadcrumb\":{\"@id\":\"https:\/\/www.ronboplastic.com\/product\/plastic-flower-pots-for-indoor-and-outdoor-use\/#breadcrumb\"},\"inLanguage\":\"es\",\"potentialAction\":[{\"@type\":\"ReadAction\",\"target\":[\"https:\/\/www.ronboplastic.com\/product\/plastic-flower-pots-for-indoor-and-outdoor-use\/\"]}]},{\"@type\":\"ImageObject\",\"inLanguage\":\"es\",\"@id\":\"https:\/\/www.ronboplastic.com\/product\/plastic-flower-pots-for-indoor-and-outdoor-use\/#primaryimage\",\"url\":\"https:\/\/www.ronboplastic.com\/wp-content\/uploads\/2025\/09\/22-1.jpg\",\"contentUrl\":\"https:\/\/www.ronboplastic.com\/wp-content\/uploads\/2025\/09\/22-1.jpg\",\"width\":800,\"height\":800,\"caption\":\"wholesale plastic flower planter\"},{\"@type\":\"BreadcrumbList\",\"@id\":\"https:\/\/www.ronboplastic.com\/product\/plastic-flower-pots-for-indoor-and-outdoor-use\/#breadcrumb\",\"itemListElement\":[{\"@type\":\"ListItem\",\"position\":1,\"name\":\"\u9996\u9875\",\"item\":\"https:\/\/www.ronboplastic.com\/\"},{\"@type\":\"ListItem\",\"position\":2,\"name\":\"Products\",\"item\":\"http:\/\/www.ronboplastic.com\/products\/\"},{\"@type\":\"ListItem\",\"position\":3,\"name\":\"Plastic Flower Pots for Indoor and Outdoor Use\"}]},{\"@type\":\"WebSite\",\"@id\":\"https:\/\/www.ronboplastic.com\/#website\",\"url\":\"https:\/\/www.ronboplastic.com\/\",\"name\":\"Ronbo Sunrise Pots &amp; Planters\",\"description\":\"Flower Pots &amp; Planters\",\"potentialAction\":[{\"@type\":\"SearchAction\",\"target\":{\"@type\":\"EntryPoint\",\"urlTemplate\":\"https:\/\/www.ronboplastic.com\/?s={search_term_string}\"},\"query-input\":{\"@type\":\"PropertyValueSpecification\",\"valueRequired\":true,\"valueName\":\"search_term_string\"}}],\"inLanguage\":\"es\"}]}<\/script>\n<!-- \/ Yoast SEO plugin. -->","yoast_head_json":{"title":"Plastic Flower Pots for Indoor and Outdoor Use - Ronbo Sunrise Pots &amp; Planters","robots":{"index":"index","follow":"follow","max-snippet":"max-snippet:-1","max-image-preview":"max-image-preview:large","max-video-preview":"max-video-preview:-1"},"canonical":"https:\/\/www.ronboplastic.com\/es\/producto\/macetas-de-plastico-para-interior-y-exterior\/","og_locale":"es_ES","og_type":"article","og_title":"Plastic Flower Pots for Indoor and Outdoor Use - Ronbo Sunrise Pots &amp; Planters","og_description":"Meta Description: Explore our wide range of durable plastic flower pots, perfect for both indoor and outdoor plants. Available in","og_url":"https:\/\/www.ronboplastic.com\/es\/producto\/macetas-de-plastico-para-interior-y-exterior\/","og_site_name":"Ronbo Sunrise Pots &amp; Planters","article_modified_time":"2025-09-08T06:20:32+00:00","og_image":[{"width":800,"height":800,"url":"https:\/\/www.ronboplastic.com\/wp-content\/uploads\/2025\/09\/22-1.jpg","type":"image\/jpeg"}],"twitter_card":"summary_large_image","twitter_misc":{"Tiempo de lectura":"1 minuto"},"schema":{"@context":"https:\/\/schema.org","@graph":[{"@type":"WebPage","@id":"https:\/\/www.ronboplastic.com\/product\/plastic-flower-pots-for-indoor-and-outdoor-use\/","url":"https:\/\/www.ronboplastic.com\/product\/plastic-flower-pots-for-indoor-and-outdoor-use\/","name":"Plastic Flower Pots for Indoor and Outdoor Use - Ronbo Sunrise Pots &amp; Planters","isPartOf":{"@id":"https:\/\/www.ronboplastic.com\/#website"},"primaryImageOfPage":{"@id":"https:\/\/www.ronboplastic.com\/product\/plastic-flower-pots-for-indoor-and-outdoor-use\/#primaryimage"},"image":{"@id":"https:\/\/www.ronboplastic.com\/product\/plastic-flower-pots-for-indoor-and-outdoor-use\/#primaryimage"},"thumbnailUrl":"https:\/\/www.ronboplastic.com\/wp-content\/uploads\/2025\/09\/22-1.jpg","datePublished":"2024-10-23T23:48:48+00:00","dateModified":"2025-09-08T06:20:32+00:00","breadcrumb":{"@id":"https:\/\/www.ronboplastic.com\/product\/plastic-flower-pots-for-indoor-and-outdoor-use\/#breadcrumb"},"inLanguage":"es","potentialAction":[{"@type":"ReadAction","target":["https:\/\/www.ronboplastic.com\/product\/plastic-flower-pots-for-indoor-and-outdoor-use\/"]}]},{"@type":"ImageObject","inLanguage":"es","@id":"https:\/\/www.ronboplastic.com\/product\/plastic-flower-pots-for-indoor-and-outdoor-use\/#primaryimage","url":"https:\/\/www.ronboplastic.com\/wp-content\/uploads\/2025\/09\/22-1.jpg","contentUrl":"https:\/\/www.ronboplastic.com\/wp-content\/uploads\/2025\/09\/22-1.jpg","width":800,"height":800,"caption":"wholesale plastic flower planter"},{"@type":"BreadcrumbList","@id":"https:\/\/www.ronboplastic.com\/product\/plastic-flower-pots-for-indoor-and-outdoor-use\/#breadcrumb","itemListElement":[{"@type":"ListItem","position":1,"name":"\u9996\u9875","item":"https:\/\/www.ronboplastic.com\/"},{"@type":"ListItem","position":2,"name":"Products","item":"http:\/\/www.ronboplastic.com\/products\/"},{"@type":"ListItem","position":3,"name":"Plastic Flower Pots for Indoor and Outdoor Use"}]},{"@type":"WebSite","@id":"https:\/\/www.ronboplastic.com\/#website","url":"https:\/\/www.ronboplastic.com\/","name":"Ronbo Sunrise Pots &amp; Planters","description":"Macetas y jardineras","potentialAction":[{"@type":"SearchAction","target":{"@type":"EntryPoint","urlTemplate":"https:\/\/www.ronboplastic.com\/?s={search_term_string}"},"query-input":{"@type":"PropertyValueSpecification","valueRequired":true,"valueName":"search_term_string"}}],"inLanguage":"es"}]}},"_links":{"self":[{"href":"https:\/\/www.ronboplastic.com\/es\/wp-json\/wp\/v2\/product\/9354","targetHints":{"allow":["GET"]}}],"collection":[{"href":"https:\/\/www.ronboplastic.com\/es\/wp-json\/wp\/v2\/product"}],"about":[{"href":"https:\/\/www.ronboplastic.com\/es\/wp-json\/wp\/v2\/types\/product"}],"replies":[{"embeddable":true,"href":"https:\/\/www.ronboplastic.com\/es\/wp-json\/wp\/v2\/comments?post=9354"}],"wp:featuredmedia":[{"embeddable":true,"href":"https:\/\/www.ronboplastic.com\/es\/wp-json\/wp\/v2\/media\/9355"}],"wp:attachment":[{"href":"https:\/\/www.ronboplastic.com\/es\/wp-json\/wp\/v2\/media?parent=9354"}],"wp:term":[{"taxonomy":"product_brand","embeddable":true,"href":"https:\/\/www.ronboplastic.com\/es\/wp-json\/wp\/v2\/product_brand?post=9354"},{"taxonomy":"product_cat","embeddable":true,"href":"https:\/\/www.ronboplastic.com\/es\/wp-json\/wp\/v2\/product_cat?post=9354"},{"taxonomy":"product_tag","embeddable":true,"href":"https:\/\/www.ronboplastic.com\/es\/wp-json\/wp\/v2\/product_tag?post=9354"}],"curies":[{"name":"wp","href":"https:\/\/api.w.org\/{rel}","templated":true}]}}