{"id":9305,"date":"2024-10-16T07:40:02","date_gmt":"2024-10-15T23:40:02","guid":{"rendered":"https:\/\/www.ronboplastic.com\/index.php\/product\/rattan-wall-planter\/"},"modified":"2025-09-08T14:20:05","modified_gmt":"2025-09-08T06:20:05","slug":"macetero-de-pared-de-ratan","status":"publish","type":"product","link":"https:\/\/www.ronboplastic.com\/es\/producto\/macetero-de-pared-de-ratan\/","title":{"rendered":"Jardinera de pared de rat\u00e1n"},"content":{"rendered":"<p>El dise\u00f1o de la pila colgante de imitaci\u00f3n de rat\u00e1n montada en la pared se despide del concepto tradicional de enverdecimiento del suelo y crea un espacio verde tridimensional y diversificado. Fabricado con material pp respetuoso con el medio ambiente, es resistente a las ca\u00eddas y duradero. El dise\u00f1o de doble orificio y doble gancho no es f\u00e1cil de sacudir y mejora la estabilidad. Se puede colgar en cualquier lugar, ahorrando espacio. Te aportar\u00e1 una vida llena de color.<\/p>\n<p><img loading=\"lazy\" decoding=\"async\" title=\"Jardinera de pared de rat\u00e1n\" src=\"https:\/\/www.ronboplastic.com\/wp-content\/uploads\/2025\/09\/2022053010031758cce6e7c1c2400b99a1f1982d9360b9.jpg\" alt=\"Jardinera de pared de rat\u00e1n\" width=\"800\" height=\"939\" border=\"0\" vspace=\"0\" \/><\/p>\n<p><img loading=\"lazy\" decoding=\"async\" title=\"Jardinera de pared de rat\u00e1n\" src=\"https:\/\/www.ronboplastic.com\/wp-content\/uploads\/2025\/09\/20220530100321f4153897d812432db133ea0e269d6a0a.jpg\" alt=\"Jardinera de pared de rat\u00e1n\" width=\"800\" height=\"822\" border=\"0\" vspace=\"0\" \/><\/p>\n<p><strong>Especificaciones<\/strong><\/p>\n<section class=\"table-wrap\">\n<table class=\"table\" border=\"1\" width=\"100%\" cellspacing=\"0\" cellpadding=\"0\">\n<tbody>\n<tr class=\"firstRow\">\n<td>N\u00famero de modelo<\/td>\n<td>RB-WM026<\/td>\n<\/tr>\n<tr>\n<td>Tipo de pl\u00e1stico<\/td>\n<td>PP<\/td>\n<\/tr>\n<tr>\n<td>Tipo<\/td>\n<td>Propagaci\u00f3n<\/td>\n<\/tr>\n<tr>\n<td>Di\u00e1metro superior<\/td>\n<td>26 cm<\/td>\n<\/tr>\n<tr>\n<td>Di\u00e1metro inferior<\/td>\n<td>20,5 cm<\/td>\n<\/tr>\n<tr>\n<td>Altura<\/td>\n<td>14 cm<\/td>\n<\/tr>\n<\/tbody>\n<\/table>\n<\/section>\n<p><strong>nuestro servicio<\/strong><\/p>\n<p><img loading=\"lazy\" decoding=\"async\" src=\"https:\/\/www.ronboplastic.com\/wp-content\/uploads\/2025\/09\/202205131612159a16ace32ec04133ae6f48e4dcaa3c85.jpg\" alt=\"2.0_07\" width=\"800\" height=\"207\" \/><\/p>\n<p><img loading=\"lazy\" decoding=\"async\" title=\"Jardinera de pared de rat\u00e1n\" src=\"https:\/\/www.ronboplastic.com\/wp-content\/uploads\/2025\/09\/2022053010040143c9857245ba428abe7a9ba648e4dfc7.jpg\" alt=\"Jardinera de pared de rat\u00e1n\" width=\"800\" height=\"832\" border=\"0\" vspace=\"0\" \/><\/p>\n<p><strong>Q.  \u00bfCu\u00e1l es el paquete?<\/strong><\/p>\n<p>A.  Tenemos 2 paquetes, uno es Cart\u00f3n, otro es Palet.<\/p>\n<p><strong>Q. \u00bfCu\u00e1l es su MOQ?<\/strong><\/p>\n<p>A.  Por lo general, nuestro MOQ es de 3 paletas o 10 cajas de cada tama\u00f1o de cada color.<\/p>\n<p><strong>Q.  \u00bfAceptan OEM? \u00bfPuede poner nuestro Logo.<\/strong><\/p>\n<p>A.  S\u00ed, podemos hacer el servicio de OEM, y podemos poner el nombre de su empresa, LOGO, c\u00f3digo de barras en el bote.  Y tambi\u00e9n podemos poner su informaci\u00f3n en el cart\u00f3n.<\/p>\n<p><strong>Q. \u00bfPueden hacer macetas personalizadas?<\/strong><\/p>\n<p>A. S\u00ed, podemos hacer potes personalizados. Con la orden a granel, podemos abrir nuevo molde como libre.<\/p>\n<p><strong>Q. \u00bfCu\u00e1les son sus condiciones de pago?\u00a0<\/strong><\/p>\n<p>A. Al principio, las condiciones de pago ser\u00e1n 100% T\/T o 50% dep\u00f3sito por adelantado, 50% saldo contra la copia de B\/L.<\/p>\n<p><strong>Q. \u00bfC\u00f3mo puedo comprar su marihuana?<\/strong><\/p>\n<p>A. Usted puede comprar nuestra olla por Alibaba directamente, o tambi\u00e9n puede ponerse en contacto con nuestro personal de ventas para comprar.<\/p>\n<p class=\"productsTags\">Hot Tags: jardinera de pared de rat\u00e1n, proveedores, fabricantes, f\u00e1brica, venta al por mayor, para la venta<\/p>","protected":false},"excerpt":{"rendered":"<p>El dise\u00f1o de la pila colgante de imitaci\u00f3n de rat\u00e1n montada en la pared se despide del concepto tradicional de enverdecimiento del suelo y crea un espacio verde tridimensional y diversificado. Fabricado con material pp respetuoso con el medio ambiente, es resistente a las ca\u00eddas y duradero. El dise\u00f1o de doble orificio y doble gancho no es f\u00e1cil de sacudir y mejora la estabilidad. Se puede colgar en cualquier lugar, ahorrando espacio. Te aportar\u00e1 una vida llena de color.<\/p>","protected":false},"featured_media":9307,"comment_status":"open","ping_status":"open","template":"","meta":[],"product_brand":[],"product_cat":[88],"product_tag":[95],"class_list":{"0":"post-9305","1":"product","2":"type-product","3":"status-publish","4":"has-post-thumbnail","6":"product_cat-hanging-planter","7":"product_tag-hanging-planter","9":"first","10":"instock","11":"shipping-taxable","12":"product-type-simple"},"yoast_head":"<!-- This site is optimized with the Yoast SEO plugin v26.1.1 - https:\/\/yoast.com\/wordpress\/plugins\/seo\/ -->\n<title>Rattan Wall Planter - Ronbo Sunrise Pots &amp; Planters<\/title>\n<meta name=\"robots\" content=\"index, follow, max-snippet:-1, max-image-preview:large, max-video-preview:-1\" \/>\n<link rel=\"canonical\" href=\"https:\/\/www.ronboplastic.com\/es\/producto\/macetero-de-pared-de-ratan\/\" \/>\n<meta property=\"og:locale\" content=\"es_ES\" \/>\n<meta property=\"og:type\" content=\"article\" \/>\n<meta property=\"og:title\" content=\"Rattan Wall Planter - Ronbo Sunrise Pots &amp; Planters\" \/>\n<meta property=\"og:description\" content=\"The imitation rattan hanging basin wall-mounted design bids farewell to the traditional ground greening concept and creates a three-dimensional and diversified green space. Made of environmentally friendly pp material, it is resistant to falling and durable. The double-hole double-hook design is not easy to shake and enhances stability. It can be hung anywhere, saving space. Bring you colorful life.\" \/>\n<meta property=\"og:url\" content=\"https:\/\/www.ronboplastic.com\/es\/producto\/macetero-de-pared-de-ratan\/\" \/>\n<meta property=\"og:site_name\" content=\"Ronbo Sunrise Pots &amp; Planters\" \/>\n<meta property=\"article:modified_time\" content=\"2025-09-08T06:20:05+00:00\" \/>\n<meta property=\"og:image\" content=\"https:\/\/www.ronboplastic.com\/wp-content\/uploads\/2025\/09\/41.png\" \/>\n\t<meta property=\"og:image:width\" content=\"730\" \/>\n\t<meta property=\"og:image:height\" content=\"730\" \/>\n\t<meta property=\"og:image:type\" content=\"image\/png\" \/>\n<meta name=\"twitter:card\" content=\"summary_large_image\" \/>\n<meta name=\"twitter:label1\" content=\"Tiempo de lectura\" \/>\n\t<meta name=\"twitter:data1\" content=\"1 minuto\" \/>\n<script type=\"application\/ld+json\" class=\"yoast-schema-graph\">{\"@context\":\"https:\/\/schema.org\",\"@graph\":[{\"@type\":\"WebPage\",\"@id\":\"https:\/\/www.ronboplastic.com\/ru\/%d0%bf%d1%80%d0%be%d0%b4%d1%83%d0%ba%d1%82\/rattan-wall-planter\/\",\"url\":\"https:\/\/www.ronboplastic.com\/ru\/%d0%bf%d1%80%d0%be%d0%b4%d1%83%d0%ba%d1%82\/rattan-wall-planter\/\",\"name\":\"Rattan Wall Planter - Ronbo Sunrise Pots &amp; Planters\",\"isPartOf\":{\"@id\":\"https:\/\/www.ronboplastic.com\/#website\"},\"primaryImageOfPage\":{\"@id\":\"https:\/\/www.ronboplastic.com\/ru\/%d0%bf%d1%80%d0%be%d0%b4%d1%83%d0%ba%d1%82\/rattan-wall-planter\/#primaryimage\"},\"image\":{\"@id\":\"https:\/\/www.ronboplastic.com\/ru\/%d0%bf%d1%80%d0%be%d0%b4%d1%83%d0%ba%d1%82\/rattan-wall-planter\/#primaryimage\"},\"thumbnailUrl\":\"https:\/\/www.ronboplastic.com\/wp-content\/uploads\/2025\/09\/41.png\",\"datePublished\":\"2024-10-15T23:40:02+00:00\",\"dateModified\":\"2025-09-08T06:20:05+00:00\",\"breadcrumb\":{\"@id\":\"https:\/\/www.ronboplastic.com\/ru\/%d0%bf%d1%80%d0%be%d0%b4%d1%83%d0%ba%d1%82\/rattan-wall-planter\/#breadcrumb\"},\"inLanguage\":\"es\",\"potentialAction\":[{\"@type\":\"ReadAction\",\"target\":[\"https:\/\/www.ronboplastic.com\/ru\/%d0%bf%d1%80%d0%be%d0%b4%d1%83%d0%ba%d1%82\/rattan-wall-planter\/\"]}]},{\"@type\":\"ImageObject\",\"inLanguage\":\"es\",\"@id\":\"https:\/\/www.ronboplastic.com\/ru\/%d0%bf%d1%80%d0%be%d0%b4%d1%83%d0%ba%d1%82\/rattan-wall-planter\/#primaryimage\",\"url\":\"https:\/\/www.ronboplastic.com\/wp-content\/uploads\/2025\/09\/41.png\",\"contentUrl\":\"https:\/\/www.ronboplastic.com\/wp-content\/uploads\/2025\/09\/41.png\",\"width\":730,\"height\":730,\"caption\":\"hanging planter pot\"},{\"@type\":\"BreadcrumbList\",\"@id\":\"https:\/\/www.ronboplastic.com\/ru\/%d0%bf%d1%80%d0%be%d0%b4%d1%83%d0%ba%d1%82\/rattan-wall-planter\/#breadcrumb\",\"itemListElement\":[{\"@type\":\"ListItem\",\"position\":1,\"name\":\"\u9996\u9875\",\"item\":\"https:\/\/www.ronboplastic.com\/\"},{\"@type\":\"ListItem\",\"position\":2,\"name\":\"Products\",\"item\":\"http:\/\/www.ronboplastic.com\/products\/\"},{\"@type\":\"ListItem\",\"position\":3,\"name\":\"Rattan Wall Planter\"}]},{\"@type\":\"WebSite\",\"@id\":\"https:\/\/www.ronboplastic.com\/#website\",\"url\":\"https:\/\/www.ronboplastic.com\/\",\"name\":\"Ronbo Sunrise Pots &amp; Planters\",\"description\":\"Flower Pots &amp; Planters\",\"potentialAction\":[{\"@type\":\"SearchAction\",\"target\":{\"@type\":\"EntryPoint\",\"urlTemplate\":\"https:\/\/www.ronboplastic.com\/?s={search_term_string}\"},\"query-input\":{\"@type\":\"PropertyValueSpecification\",\"valueRequired\":true,\"valueName\":\"search_term_string\"}}],\"inLanguage\":\"es\"}]}<\/script>\n<!-- \/ Yoast SEO plugin. -->","yoast_head_json":{"title":"Rattan Wall Planter - Ronbo Sunrise Pots &amp; Planters","robots":{"index":"index","follow":"follow","max-snippet":"max-snippet:-1","max-image-preview":"max-image-preview:large","max-video-preview":"max-video-preview:-1"},"canonical":"https:\/\/www.ronboplastic.com\/es\/producto\/macetero-de-pared-de-ratan\/","og_locale":"es_ES","og_type":"article","og_title":"Rattan Wall Planter - Ronbo Sunrise Pots &amp; Planters","og_description":"The imitation rattan hanging basin wall-mounted design bids farewell to the traditional ground greening concept and creates a three-dimensional and diversified green space. Made of environmentally friendly pp material, it is resistant to falling and durable. The double-hole double-hook design is not easy to shake and enhances stability. It can be hung anywhere, saving space. Bring you colorful life.","og_url":"https:\/\/www.ronboplastic.com\/es\/producto\/macetero-de-pared-de-ratan\/","og_site_name":"Ronbo Sunrise Pots &amp; Planters","article_modified_time":"2025-09-08T06:20:05+00:00","og_image":[{"width":730,"height":730,"url":"https:\/\/www.ronboplastic.com\/wp-content\/uploads\/2025\/09\/41.png","type":"image\/png"}],"twitter_card":"summary_large_image","twitter_misc":{"Tiempo de lectura":"1 minuto"},"schema":{"@context":"https:\/\/schema.org","@graph":[{"@type":"WebPage","@id":"https:\/\/www.ronboplastic.com\/ru\/%d0%bf%d1%80%d0%be%d0%b4%d1%83%d0%ba%d1%82\/rattan-wall-planter\/","url":"https:\/\/www.ronboplastic.com\/ru\/%d0%bf%d1%80%d0%be%d0%b4%d1%83%d0%ba%d1%82\/rattan-wall-planter\/","name":"Rattan Wall Planter - Ronbo Sunrise Pots &amp; Planters","isPartOf":{"@id":"https:\/\/www.ronboplastic.com\/#website"},"primaryImageOfPage":{"@id":"https:\/\/www.ronboplastic.com\/ru\/%d0%bf%d1%80%d0%be%d0%b4%d1%83%d0%ba%d1%82\/rattan-wall-planter\/#primaryimage"},"image":{"@id":"https:\/\/www.ronboplastic.com\/ru\/%d0%bf%d1%80%d0%be%d0%b4%d1%83%d0%ba%d1%82\/rattan-wall-planter\/#primaryimage"},"thumbnailUrl":"https:\/\/www.ronboplastic.com\/wp-content\/uploads\/2025\/09\/41.png","datePublished":"2024-10-15T23:40:02+00:00","dateModified":"2025-09-08T06:20:05+00:00","breadcrumb":{"@id":"https:\/\/www.ronboplastic.com\/ru\/%d0%bf%d1%80%d0%be%d0%b4%d1%83%d0%ba%d1%82\/rattan-wall-planter\/#breadcrumb"},"inLanguage":"es","potentialAction":[{"@type":"ReadAction","target":["https:\/\/www.ronboplastic.com\/ru\/%d0%bf%d1%80%d0%be%d0%b4%d1%83%d0%ba%d1%82\/rattan-wall-planter\/"]}]},{"@type":"ImageObject","inLanguage":"es","@id":"https:\/\/www.ronboplastic.com\/ru\/%d0%bf%d1%80%d0%be%d0%b4%d1%83%d0%ba%d1%82\/rattan-wall-planter\/#primaryimage","url":"https:\/\/www.ronboplastic.com\/wp-content\/uploads\/2025\/09\/41.png","contentUrl":"https:\/\/www.ronboplastic.com\/wp-content\/uploads\/2025\/09\/41.png","width":730,"height":730,"caption":"hanging planter pot"},{"@type":"BreadcrumbList","@id":"https:\/\/www.ronboplastic.com\/ru\/%d0%bf%d1%80%d0%be%d0%b4%d1%83%d0%ba%d1%82\/rattan-wall-planter\/#breadcrumb","itemListElement":[{"@type":"ListItem","position":1,"name":"\u9996\u9875","item":"https:\/\/www.ronboplastic.com\/"},{"@type":"ListItem","position":2,"name":"Products","item":"http:\/\/www.ronboplastic.com\/products\/"},{"@type":"ListItem","position":3,"name":"Rattan Wall Planter"}]},{"@type":"WebSite","@id":"https:\/\/www.ronboplastic.com\/#website","url":"https:\/\/www.ronboplastic.com\/","name":"Ronbo Sunrise Pots &amp; Planters","description":"Macetas y jardineras","potentialAction":[{"@type":"SearchAction","target":{"@type":"EntryPoint","urlTemplate":"https:\/\/www.ronboplastic.com\/?s={search_term_string}"},"query-input":{"@type":"PropertyValueSpecification","valueRequired":true,"valueName":"search_term_string"}}],"inLanguage":"es"}]}},"_links":{"self":[{"href":"https:\/\/www.ronboplastic.com\/es\/wp-json\/wp\/v2\/product\/9305","targetHints":{"allow":["GET"]}}],"collection":[{"href":"https:\/\/www.ronboplastic.com\/es\/wp-json\/wp\/v2\/product"}],"about":[{"href":"https:\/\/www.ronboplastic.com\/es\/wp-json\/wp\/v2\/types\/product"}],"replies":[{"embeddable":true,"href":"https:\/\/www.ronboplastic.com\/es\/wp-json\/wp\/v2\/comments?post=9305"}],"wp:featuredmedia":[{"embeddable":true,"href":"https:\/\/www.ronboplastic.com\/es\/wp-json\/wp\/v2\/media\/9307"}],"wp:attachment":[{"href":"https:\/\/www.ronboplastic.com\/es\/wp-json\/wp\/v2\/media?parent=9305"}],"wp:term":[{"taxonomy":"product_brand","embeddable":true,"href":"https:\/\/www.ronboplastic.com\/es\/wp-json\/wp\/v2\/product_brand?post=9305"},{"taxonomy":"product_cat","embeddable":true,"href":"https:\/\/www.ronboplastic.com\/es\/wp-json\/wp\/v2\/product_cat?post=9305"},{"taxonomy":"product_tag","embeddable":true,"href":"https:\/\/www.ronboplastic.com\/es\/wp-json\/wp\/v2\/product_tag?post=9305"}],"curies":[{"name":"wp","href":"https:\/\/api.w.org\/{rel}","templated":true}]}}