{"id":9285,"date":"2024-10-16T07:19:29","date_gmt":"2024-10-15T23:19:29","guid":{"rendered":"https:\/\/www.ronboplastic.com\/index.php\/product\/13-inch-hanging-basket-2\/"},"modified":"2025-09-08T14:19:55","modified_gmt":"2025-09-08T06:19:55","slug":"cesta-colgante-de-13-pulgadas-2","status":"publish","type":"product","link":"https:\/\/www.ronboplastic.com\/es\/producto\/cesta-colgante-de-13-pulgadas-2\/","title":{"rendered":"Cestas colgantes efecto rat\u00e1n de 10 pulgadas"},"content":{"rendered":"<div class=\"woocommerce-tabs wc-tabs-wrapper\">\n<div id=\"tab-description\" class=\"woocommerce-Tabs-panel woocommerce-Tabs-panel--description panel entry-content wc-tab\" role=\"tabpanel\" aria-labelledby=\"tab-title-description\">\n<p>10-pulgadas de gran imitaci\u00f3n de rat\u00e1n perezoso auto-absorbente cuenca colgante, la superficie est\u00e1 tejida con imitaci\u00f3n de rat\u00e1n patr\u00f3n, simple y de alta calidad, un conjunto de sistema de drenaje compuesto de maceta, maceta de flores cuerpo y el agua de bloqueo tap\u00f3n, resistente al agua y anti-ra\u00edz de putrefacci\u00f3n, tri\u00e1ngulo de hierro cadena de dise\u00f1o estable , mantener el equilibrio, anti-corrosi\u00f3n y anti-herrumbre.<\/p>\n<p><img loading=\"lazy\" decoding=\"async\" title=\"Cestas colgantes efecto rat\u00e1n de 10 pulgadas\" src=\"https:\/\/www.ronboplastic.com\/wp-content\/uploads\/2025\/09\/2022053010031758cce6e7c1c2400b99a1f1982d9360b9.jpg\" alt=\"Cestas colgantes efecto rat\u00e1n de 10 pulgadas\" width=\"800\" height=\"939\" border=\"0\" vspace=\"0\" \/><\/p>\n<p><img loading=\"lazy\" decoding=\"async\" title=\"Cestas colgantes efecto rat\u00e1n de 10 pulgadas\" src=\"https:\/\/www.ronboplastic.com\/wp-content\/uploads\/2025\/09\/20220530100321f4153897d812432db133ea0e269d6a0a.jpg\" alt=\"Cestas colgantes efecto rat\u00e1n de 10 pulgadas\" width=\"800\" height=\"822\" border=\"0\" vspace=\"0\" \/><\/p>\n<p><strong>Especificaciones<\/strong><\/p>\n<section class=\"table-wrap\">\n<table class=\"table\" border=\"1\" width=\"100%\" cellspacing=\"0\" cellpadding=\"0\">\n<tbody>\n<tr class=\"firstRow\">\n<td>N\u00famero de modelo<\/td>\n<td>RB-TB6007<\/td>\n<\/tr>\n<tr>\n<td>Tipo de pl\u00e1stico<\/td>\n<td>PP<\/td>\n<\/tr>\n<tr>\n<td>Tipo<\/td>\n<td>Propagaci\u00f3n<\/td>\n<\/tr>\n<tr>\n<td>Di\u00e1metro superior<\/td>\n<td>25 cm\/9,9 pulgadas<\/td>\n<\/tr>\n<tr>\n<td>Altura<\/td>\n<td>16 cm<\/td>\n<\/tr>\n<tr>\n<td>Peso<\/td>\n<td>290g<\/td>\n<\/tr>\n<\/tbody>\n<\/table>\n<\/section>\n<p><strong>nuestro servicio<\/strong><\/p>\n<p><img loading=\"lazy\" decoding=\"async\" title=\"Cestas colgantes efecto rat\u00e1n de 10 pulgadas\" src=\"https:\/\/www.ronboplastic.com\/wp-content\/uploads\/2025\/09\/202205131612159a16ace32ec04133ae6f48e4dcaa3c85.jpg\" alt=\"Cestas colgantes efecto rat\u00e1n de 10 pulgadas\" width=\"800\" height=\"207\" border=\"0\" vspace=\"0\" \/><\/p>\n<p><img loading=\"lazy\" decoding=\"async\" title=\"Cestas colgantes efecto rat\u00e1n de 10 pulgadas\" src=\"https:\/\/www.ronboplastic.com\/wp-content\/uploads\/2025\/09\/2022053010040143c9857245ba428abe7a9ba648e4dfc7.jpg\" alt=\"Cestas colgantes efecto rat\u00e1n de 10 pulgadas\" width=\"800\" height=\"832\" border=\"0\" vspace=\"0\" \/><\/p>\n<p><strong>Q.   \u00bfCu\u00e1l es la calidad de los productos?<\/strong><\/p>\n<p>A.   Somos una f\u00e1brica con m\u00e1s de 20 a\u00f1os de experiencia exportando a pa\u00edses americanos y europeos. Tenemos el informe BSCI y el certificado REACH<\/p>\n<p><strong>Q.   Cu\u00e1l es el estilo \/ tema del producto\uff1f<\/strong><\/p>\n<p>A.   Maceta de pl\u00e1stico<\/p>\n<p><strong>Q.   \u00bfC\u00f3mo tratar las unidades defectuosas?<\/strong><\/p>\n<p>A.   Si hay alg\u00fan pote roto cuando usted consigui\u00f3, le enviaremos substituimos unos en la orden siguiente.<\/p>\n<p><strong>Q.   \u00bfPrueban todos sus productos antes de la entrega?<\/strong><\/p>\n<p>A.   S\u00ed, tenemos un departamento de inspecci\u00f3n de calidad<\/p>\n<p><strong>Q.   Cu\u00e1les son las ventajas de elegirnos como proveedor\uff1f.<\/strong><\/p>\n<p>A. M\u00e1s de 20 a\u00f1os de experiencia en exportaci\u00f3n. R\u00e1pido tiempo de producci\u00f3n, 7 d\u00edas para un contenedor de 40HQ.<\/p>\n<p><strong>Q. \u00bfCu\u00e1les son las situaciones de uso del producto?<\/strong><\/p>\n<p>A. Jard\u00edn, aseo y decoraci\u00f3n<\/p>\n<p><strong>Q.  \u00bfPodemos controlar el progreso del pedido?<\/strong><\/p>\n<p>A.  S\u00ed, somos una f\u00e1brica, podemos controlar todo el progreso del pedido.<\/p>\n<p><strong>Q.   \u00bfA cu\u00e1ntos pa\u00edses exporta\uff1f?<\/strong><\/p>\n<p>A.    Muchos pa\u00edses, como Estados Unidos, Canad\u00e1, Costa Rica, Filipinas, Reino Unido, Israel, etc.<\/p>\n<p><strong>Q.    \u00bfEs usted fabricante o empresa comercial?<\/strong><\/p>\n<p>A.    Somos una f\u00e1brica con m\u00e1s de 20 a\u00f1os de experiencia en exportaci\u00f3n.<\/p>\n<p class=\"productsTags\">Hot Tags: 10 pulgadas efecto rat\u00e1n cestas colgantes, proveedores, fabricantes, f\u00e1brica, venta al por mayor, para la venta<\/p>\n<\/div>\n<\/div>\n<section class=\"related products\">\n<ul class=\"products content-wrap product-archive grid-cols grid-ss-col-2 grid-sm-col-3 grid-lg-col-4 woo-archive-action-on-hover woo-archive-btn-text woo-archive-image-hover-none\">\n<li class=\"entry content-bg loop-entry product type-product post-337 status-publish first instock product_cat-hanging-planter has-post-thumbnail shipping-taxable product-type-simple\">\n<div class=\"product-details content-bg entry-content-wrap\"><\/div>\n<\/li>\n<\/ul>\n<\/section>","protected":false},"excerpt":{"rendered":"<p>Cesta colgante de 13 pulgadas, gran maceta colgante de r\u00e1bano verde es f\u00e1cil de limpiar y tocar sin dejar rastros. El fondo es de dise\u00f1o desmontable, que puede almacenar agua y fertilizante, de modo que el sistema radicular de la planta puede respirar y drenar m\u00e1s, y al mismo tiempo, puede evitar m\u00e1s agua. El gancho a juego no es f\u00e1cil de romper cuando se dobla, y es seguro y firme.<\/p>","protected":false},"featured_media":9287,"comment_status":"open","ping_status":"open","template":"","meta":[],"product_brand":[],"product_cat":[88],"product_tag":[94],"class_list":{"0":"post-9285","1":"product","2":"type-product","3":"status-publish","4":"has-post-thumbnail","6":"product_cat-hanging-planter","7":"product_tag-hanging-basket-planter","9":"first","10":"instock","11":"shipping-taxable","12":"product-type-simple"},"yoast_head":"<!-- This site is optimized with the Yoast SEO plugin v26.1.1 - https:\/\/yoast.com\/wordpress\/plugins\/seo\/ -->\n<title>10 Inch Rattan Effect Hanging Baskets - Ronbo Sunrise Pots &amp; Planters<\/title>\n<meta name=\"robots\" content=\"index, follow, max-snippet:-1, max-image-preview:large, max-video-preview:-1\" \/>\n<link rel=\"canonical\" href=\"https:\/\/www.ronboplastic.com\/es\/producto\/cesta-colgante-de-13-pulgadas-2\/\" \/>\n<meta property=\"og:locale\" content=\"es_ES\" \/>\n<meta property=\"og:type\" content=\"article\" \/>\n<meta property=\"og:title\" content=\"10 Inch Rattan Effect Hanging Baskets - Ronbo Sunrise Pots &amp; Planters\" \/>\n<meta property=\"og:description\" content=\"13 inch\u00a0hanging\u00a0basket, large green radish hanging pot is easy to clean and touch without leaving traces. The bottom is detachable design, which can store water and fertilizer, so that the root system of the plant can further breathe and drain, and at the same time, it can avoid more water. The matching hook is not easy to break when bent, and is safe and firm.\" \/>\n<meta property=\"og:url\" content=\"https:\/\/www.ronboplastic.com\/es\/producto\/cesta-colgante-de-13-pulgadas-2\/\" \/>\n<meta property=\"og:site_name\" content=\"Ronbo Sunrise Pots &amp; Planters\" \/>\n<meta property=\"article:modified_time\" content=\"2025-09-08T06:19:55+00:00\" \/>\n<meta property=\"og:image\" content=\"https:\/\/www.ronboplastic.com\/wp-content\/uploads\/2025\/09\/31.png\" \/>\n\t<meta property=\"og:image:width\" content=\"730\" \/>\n\t<meta property=\"og:image:height\" content=\"730\" \/>\n\t<meta property=\"og:image:type\" content=\"image\/png\" \/>\n<meta name=\"twitter:card\" content=\"summary_large_image\" \/>\n<meta name=\"twitter:label1\" content=\"Tiempo de lectura\" \/>\n\t<meta name=\"twitter:data1\" content=\"1 minuto\" \/>\n<script type=\"application\/ld+json\" class=\"yoast-schema-graph\">{\"@context\":\"https:\/\/schema.org\",\"@graph\":[{\"@type\":\"WebPage\",\"@id\":\"https:\/\/www.ronboplastic.com\/ru\/%d0%bf%d1%80%d0%be%d0%b4%d1%83%d0%ba%d1%82\/13-2\/\",\"url\":\"https:\/\/www.ronboplastic.com\/ru\/%d0%bf%d1%80%d0%be%d0%b4%d1%83%d0%ba%d1%82\/13-2\/\",\"name\":\"10 Inch Rattan Effect Hanging Baskets - Ronbo Sunrise Pots &amp; Planters\",\"isPartOf\":{\"@id\":\"https:\/\/www.ronboplastic.com\/#website\"},\"primaryImageOfPage\":{\"@id\":\"https:\/\/www.ronboplastic.com\/ru\/%d0%bf%d1%80%d0%be%d0%b4%d1%83%d0%ba%d1%82\/13-2\/#primaryimage\"},\"image\":{\"@id\":\"https:\/\/www.ronboplastic.com\/ru\/%d0%bf%d1%80%d0%be%d0%b4%d1%83%d0%ba%d1%82\/13-2\/#primaryimage\"},\"thumbnailUrl\":\"https:\/\/www.ronboplastic.com\/wp-content\/uploads\/2025\/09\/31.png\",\"datePublished\":\"2024-10-15T23:19:29+00:00\",\"dateModified\":\"2025-09-08T06:19:55+00:00\",\"breadcrumb\":{\"@id\":\"https:\/\/www.ronboplastic.com\/ru\/%d0%bf%d1%80%d0%be%d0%b4%d1%83%d0%ba%d1%82\/13-2\/#breadcrumb\"},\"inLanguage\":\"es\",\"potentialAction\":[{\"@type\":\"ReadAction\",\"target\":[\"https:\/\/www.ronboplastic.com\/ru\/%d0%bf%d1%80%d0%be%d0%b4%d1%83%d0%ba%d1%82\/13-2\/\"]}]},{\"@type\":\"ImageObject\",\"inLanguage\":\"es\",\"@id\":\"https:\/\/www.ronboplastic.com\/ru\/%d0%bf%d1%80%d0%be%d0%b4%d1%83%d0%ba%d1%82\/13-2\/#primaryimage\",\"url\":\"https:\/\/www.ronboplastic.com\/wp-content\/uploads\/2025\/09\/31.png\",\"contentUrl\":\"https:\/\/www.ronboplastic.com\/wp-content\/uploads\/2025\/09\/31.png\",\"width\":730,\"height\":730,\"caption\":\"hanging basket planter\"},{\"@type\":\"BreadcrumbList\",\"@id\":\"https:\/\/www.ronboplastic.com\/ru\/%d0%bf%d1%80%d0%be%d0%b4%d1%83%d0%ba%d1%82\/13-2\/#breadcrumb\",\"itemListElement\":[{\"@type\":\"ListItem\",\"position\":1,\"name\":\"\u9996\u9875\",\"item\":\"https:\/\/www.ronboplastic.com\/\"},{\"@type\":\"ListItem\",\"position\":2,\"name\":\"Products\",\"item\":\"http:\/\/www.ronboplastic.com\/products\/\"},{\"@type\":\"ListItem\",\"position\":3,\"name\":\"10 Inch Rattan Effect Hanging Baskets\"}]},{\"@type\":\"WebSite\",\"@id\":\"https:\/\/www.ronboplastic.com\/#website\",\"url\":\"https:\/\/www.ronboplastic.com\/\",\"name\":\"Ronbo Sunrise Pots &amp; Planters\",\"description\":\"Flower Pots &amp; Planters\",\"potentialAction\":[{\"@type\":\"SearchAction\",\"target\":{\"@type\":\"EntryPoint\",\"urlTemplate\":\"https:\/\/www.ronboplastic.com\/?s={search_term_string}\"},\"query-input\":{\"@type\":\"PropertyValueSpecification\",\"valueRequired\":true,\"valueName\":\"search_term_string\"}}],\"inLanguage\":\"es\"}]}<\/script>\n<!-- \/ Yoast SEO plugin. -->","yoast_head_json":{"title":"10 Inch Rattan Effect Hanging Baskets - Ronbo Sunrise Pots &amp; Planters","robots":{"index":"index","follow":"follow","max-snippet":"max-snippet:-1","max-image-preview":"max-image-preview:large","max-video-preview":"max-video-preview:-1"},"canonical":"https:\/\/www.ronboplastic.com\/es\/producto\/cesta-colgante-de-13-pulgadas-2\/","og_locale":"es_ES","og_type":"article","og_title":"10 Inch Rattan Effect Hanging Baskets - Ronbo Sunrise Pots &amp; Planters","og_description":"13 inch\u00a0hanging\u00a0basket, large green radish hanging pot is easy to clean and touch without leaving traces. The bottom is detachable design, which can store water and fertilizer, so that the root system of the plant can further breathe and drain, and at the same time, it can avoid more water. The matching hook is not easy to break when bent, and is safe and firm.","og_url":"https:\/\/www.ronboplastic.com\/es\/producto\/cesta-colgante-de-13-pulgadas-2\/","og_site_name":"Ronbo Sunrise Pots &amp; Planters","article_modified_time":"2025-09-08T06:19:55+00:00","og_image":[{"width":730,"height":730,"url":"https:\/\/www.ronboplastic.com\/wp-content\/uploads\/2025\/09\/31.png","type":"image\/png"}],"twitter_card":"summary_large_image","twitter_misc":{"Tiempo de lectura":"1 minuto"},"schema":{"@context":"https:\/\/schema.org","@graph":[{"@type":"WebPage","@id":"https:\/\/www.ronboplastic.com\/ru\/%d0%bf%d1%80%d0%be%d0%b4%d1%83%d0%ba%d1%82\/13-2\/","url":"https:\/\/www.ronboplastic.com\/ru\/%d0%bf%d1%80%d0%be%d0%b4%d1%83%d0%ba%d1%82\/13-2\/","name":"10 Inch Rattan Effect Hanging Baskets - Ronbo Sunrise Pots &amp; Planters","isPartOf":{"@id":"https:\/\/www.ronboplastic.com\/#website"},"primaryImageOfPage":{"@id":"https:\/\/www.ronboplastic.com\/ru\/%d0%bf%d1%80%d0%be%d0%b4%d1%83%d0%ba%d1%82\/13-2\/#primaryimage"},"image":{"@id":"https:\/\/www.ronboplastic.com\/ru\/%d0%bf%d1%80%d0%be%d0%b4%d1%83%d0%ba%d1%82\/13-2\/#primaryimage"},"thumbnailUrl":"https:\/\/www.ronboplastic.com\/wp-content\/uploads\/2025\/09\/31.png","datePublished":"2024-10-15T23:19:29+00:00","dateModified":"2025-09-08T06:19:55+00:00","breadcrumb":{"@id":"https:\/\/www.ronboplastic.com\/ru\/%d0%bf%d1%80%d0%be%d0%b4%d1%83%d0%ba%d1%82\/13-2\/#breadcrumb"},"inLanguage":"es","potentialAction":[{"@type":"ReadAction","target":["https:\/\/www.ronboplastic.com\/ru\/%d0%bf%d1%80%d0%be%d0%b4%d1%83%d0%ba%d1%82\/13-2\/"]}]},{"@type":"ImageObject","inLanguage":"es","@id":"https:\/\/www.ronboplastic.com\/ru\/%d0%bf%d1%80%d0%be%d0%b4%d1%83%d0%ba%d1%82\/13-2\/#primaryimage","url":"https:\/\/www.ronboplastic.com\/wp-content\/uploads\/2025\/09\/31.png","contentUrl":"https:\/\/www.ronboplastic.com\/wp-content\/uploads\/2025\/09\/31.png","width":730,"height":730,"caption":"hanging basket planter"},{"@type":"BreadcrumbList","@id":"https:\/\/www.ronboplastic.com\/ru\/%d0%bf%d1%80%d0%be%d0%b4%d1%83%d0%ba%d1%82\/13-2\/#breadcrumb","itemListElement":[{"@type":"ListItem","position":1,"name":"\u9996\u9875","item":"https:\/\/www.ronboplastic.com\/"},{"@type":"ListItem","position":2,"name":"Products","item":"http:\/\/www.ronboplastic.com\/products\/"},{"@type":"ListItem","position":3,"name":"10 Inch Rattan Effect Hanging Baskets"}]},{"@type":"WebSite","@id":"https:\/\/www.ronboplastic.com\/#website","url":"https:\/\/www.ronboplastic.com\/","name":"Ronbo Sunrise Pots &amp; Planters","description":"Macetas y jardineras","potentialAction":[{"@type":"SearchAction","target":{"@type":"EntryPoint","urlTemplate":"https:\/\/www.ronboplastic.com\/?s={search_term_string}"},"query-input":{"@type":"PropertyValueSpecification","valueRequired":true,"valueName":"search_term_string"}}],"inLanguage":"es"}]}},"_links":{"self":[{"href":"https:\/\/www.ronboplastic.com\/es\/wp-json\/wp\/v2\/product\/9285","targetHints":{"allow":["GET"]}}],"collection":[{"href":"https:\/\/www.ronboplastic.com\/es\/wp-json\/wp\/v2\/product"}],"about":[{"href":"https:\/\/www.ronboplastic.com\/es\/wp-json\/wp\/v2\/types\/product"}],"replies":[{"embeddable":true,"href":"https:\/\/www.ronboplastic.com\/es\/wp-json\/wp\/v2\/comments?post=9285"}],"wp:featuredmedia":[{"embeddable":true,"href":"https:\/\/www.ronboplastic.com\/es\/wp-json\/wp\/v2\/media\/9287"}],"wp:attachment":[{"href":"https:\/\/www.ronboplastic.com\/es\/wp-json\/wp\/v2\/media?parent=9285"}],"wp:term":[{"taxonomy":"product_brand","embeddable":true,"href":"https:\/\/www.ronboplastic.com\/es\/wp-json\/wp\/v2\/product_brand?post=9285"},{"taxonomy":"product_cat","embeddable":true,"href":"https:\/\/www.ronboplastic.com\/es\/wp-json\/wp\/v2\/product_cat?post=9285"},{"taxonomy":"product_tag","embeddable":true,"href":"https:\/\/www.ronboplastic.com\/es\/wp-json\/wp\/v2\/product_tag?post=9285"}],"curies":[{"name":"wp","href":"https:\/\/api.w.org\/{rel}","templated":true}]}}