{"id":9275,"date":"2024-10-15T08:17:29","date_gmt":"2024-10-15T00:17:29","guid":{"rendered":"https:\/\/www.ronboplastic.com\/index.php\/product\/watermelon-wedges-hanging-baskets\/"},"modified":"2025-09-08T14:19:49","modified_gmt":"2025-09-08T06:19:49","slug":"cunas-de-sandia-cestas-colgantes","status":"publish","type":"product","link":"https:\/\/www.ronboplastic.com\/es\/producto\/cunas-de-sandia-cestas-colgantes\/","title":{"rendered":"Cestas colgantes Cu\u00f1as de sand\u00eda"},"content":{"rendered":"<p>Gran maceta colgante para plantas creativas, nuevo material de pp, la f\u00e1brica dise\u00f1\u00f3 especialmente la forma de p\u00e9talos de sand\u00eda, a la moda y novedosa, y tambi\u00e9n se dise\u00f1aron m\u00faltiples orificios de drenaje en la parte inferior, que tiene buena ventilaci\u00f3n y es propicia para el crecimiento de flores y ra\u00edces de hierba. No es f\u00e1cil que se deforme y tiene una vida \u00fatil de m\u00e1s de 10 a\u00f1os. Las macetas son populares en los mercados europeo y estadounidense.<\/p>\n<p><img loading=\"lazy\" decoding=\"async\" src=\"https:\/\/www.ronboplastic.com\/wp-content\/uploads\/2025\/09\/2022053010031758cce6e7c1c2400b99a1f1982d9360b9.jpg\" alt=\"Cestas colgantes Cu\u00f1as de sand\u00eda\" width=\"800\" height=\"939\" \/><\/p>\n<p><img loading=\"lazy\" decoding=\"async\" src=\"https:\/\/www.ronboplastic.com\/wp-content\/uploads\/2025\/09\/20220530100321f4153897d812432db133ea0e269d6a0a.jpg\" alt=\"Cestas colgantes Cu\u00f1as de sand\u00eda\" width=\"800\" height=\"822\" \/><\/p>\n<p><strong>Especificaciones<\/strong><\/p>\n<p>&nbsp;<\/p>\n<p>&nbsp;<\/p>\n<section class=\"table-wrap\">\n<table class=\"table\" border=\"1\" width=\"100%\" cellspacing=\"0\" cellpadding=\"0\">\n<tbody>\n<tr class=\"firstRow\">\n<td>N\u00famero de modelo<\/td>\n<td>RB-HB140<\/td>\n<\/tr>\n<tr>\n<td>Tipo de pl\u00e1stico<\/td>\n<td>PP<\/td>\n<\/tr>\n<tr>\n<td>Tipo<\/td>\n<td>Propagaci\u00f3n<\/td>\n<\/tr>\n<tr>\n<td>Di\u00e1metro superior<\/td>\n<td>32 cm\/12,6 pulgadas<\/td>\n<\/tr>\n<tr>\n<td>Di\u00e1metro inferior<\/td>\n<td>18 cm<\/td>\n<\/tr>\n<tr>\n<td>Altura<\/td>\n<td>17 cm<\/td>\n<\/tr>\n<tr>\n<td>Peso<\/td>\n<td>260g<\/td>\n<\/tr>\n<\/tbody>\n<\/table>\n<\/section>\n<p><strong>nuestro servicio<\/strong><\/p>\n<p>&nbsp;<\/p>\n<p><img loading=\"lazy\" decoding=\"async\" src=\"https:\/\/www.ronboplastic.com\/wp-content\/uploads\/2025\/09\/202205131612159a16ace32ec04133ae6f48e4dcaa3c85.jpg\" alt=\"Cestas colgantes Cu\u00f1as de sand\u00eda\" width=\"800\" height=\"207\" \/><\/p>\n<p><img loading=\"lazy\" decoding=\"async\" src=\"https:\/\/www.ronboplastic.com\/wp-content\/uploads\/2025\/09\/2022053010040143c9857245ba428abe7a9ba648e4dfc7.jpg\" alt=\"Cestas colgantes Cu\u00f1as de sand\u00eda\" width=\"800\" height=\"832\" \/><\/p>\n<p><strong>PREGUNTAS FRECUENTES<\/strong><\/p>\n<p><strong>Q. \u00bfCu\u00e1l es la calidad de los productos?<\/strong><\/p>\n<p>A. Somos una f\u00e1brica con m\u00e1s de 20 a\u00f1os de experiencia exportando a pa\u00edses americanos y europeos. Tenemos el informe BSCI y el certificado REACH<\/p>\n<p><strong>Q. Cu\u00e1l es el estilo \/ tema del producto\uff1f<\/strong><\/p>\n<p>A. Maceta de pl\u00e1stico<\/p>\n<p><strong>Q. \u00bfC\u00f3mo tratar las unidades defectuosas?<\/strong><\/p>\n<p>A. Si hay alg\u00fan pote roto cuando usted consigui\u00f3, le enviaremos substituimos unos en la orden siguiente.<\/p>\n<p><strong>Q. \u00bfEs usted fabricante o empresa comercial?<\/strong><\/p>\n<p>A. Somos una f\u00e1brica con m\u00e1s de 20 a\u00f1os de experiencia en exportaci\u00f3n.<\/p>\n<p><strong>Q. \u00bfPueden ofrecer muestras?<\/strong><\/p>\n<p>A. Podemos ofrecerle muestras gratuitas para que compruebe nuestra calidad.<\/p>\n<p><strong>Q. \u00bfCu\u00e1nto tardan en responder a mis preguntas?<\/strong><\/p>\n<p>A. Le contestaremos a la primera, si es por la tarde, tendr\u00e1 10 horas de retraso.<\/p>\n<p><strong>Q. \u00bfCu\u00e1l es su material? y \u00bfQu\u00e9 tipo de tecnolog\u00eda?<\/strong><\/p>\n<p>A. El material de nuestras macetas es PP, y son de moldeo por inyecci\u00f3n.<\/p>\n<p><strong>Q. \u00bfCu\u00e1l es el paquete?<\/strong><\/p>\n<p>A. Tenemos 2 paquetes, uno es Cart\u00f3n, otro es Palet<\/p>\n<p><strong>Q. \u00bfCu\u00e1l es su MOQ?<\/strong><\/p>\n<p>A. Por lo general, nuestro MOQ es de 3 paletas o 10 cajas de cada tama\u00f1o de cada color<\/p>\n<p class=\"productsTags\">Hot Tags: sand\u00eda cu\u00f1as cestas colgantes, proveedores, fabricantes, f\u00e1brica, venta al por mayor, para la venta<\/p>","protected":false},"excerpt":{"rendered":"<p>Gran maceta colgante para plantas creativas, nuevo material de pp, la f\u00e1brica dise\u00f1\u00f3 especialmente la forma de p\u00e9talos de sand\u00eda, a la moda y novedosa, y tambi\u00e9n se dise\u00f1aron m\u00faltiples orificios de drenaje en la parte inferior, que tiene buena ventilaci\u00f3n y es propicia para el crecimiento de flores y ra\u00edces de hierba. No es f\u00e1cil que se deforme y tiene una vida \u00fatil de m\u00e1s de 10 a\u00f1os. Las macetas son populares en los mercados europeo y estadounidense.<\/p>","protected":false},"featured_media":9277,"comment_status":"open","ping_status":"open","template":"","meta":[],"product_brand":[],"product_cat":[88],"product_tag":[],"class_list":{"0":"post-9275","1":"product","2":"type-product","3":"status-publish","4":"has-post-thumbnail","6":"product_cat-hanging-planter","8":"first","9":"instock","10":"shipping-taxable","11":"product-type-simple"},"yoast_head":"<!-- This site is optimized with the Yoast SEO plugin v26.1.1 - https:\/\/yoast.com\/wordpress\/plugins\/seo\/ -->\n<title>Watermelon Wedges Hanging Baskets - Ronbo Sunrise Pots &amp; Planters<\/title>\n<meta name=\"robots\" content=\"index, follow, max-snippet:-1, max-image-preview:large, max-video-preview:-1\" \/>\n<link rel=\"canonical\" href=\"http:\/\/www.ronboplastic.com\/es\/producto\/cunas-de-sandia-cestas-colgantes\/\" \/>\n<meta property=\"og:locale\" content=\"es_ES\" \/>\n<meta property=\"og:type\" content=\"article\" \/>\n<meta property=\"og:title\" content=\"Watermelon Wedges Hanging Baskets - Ronbo Sunrise Pots &amp; Planters\" \/>\n<meta property=\"og:description\" content=\"Large hanging creative plant hanging pot, new pp material, the factory specially designed the shape of watermelon petals, fashionable and novel, and multiple drainage holes are also designed at the bottom, which has good ventilation and is conducive to the growth of flowers and grass roots. It is not easy to be deformed and has a service life of more than 10 years. Flower pots are popular in European and American markets.\" \/>\n<meta property=\"og:url\" content=\"http:\/\/www.ronboplastic.com\/es\/producto\/cunas-de-sandia-cestas-colgantes\/\" \/>\n<meta property=\"og:site_name\" content=\"Ronbo Sunrise Pots &amp; Planters\" \/>\n<meta property=\"article:modified_time\" content=\"2025-09-08T06:19:49+00:00\" \/>\n<meta property=\"og:image\" content=\"https:\/\/www.ronboplastic.com\/wp-content\/uploads\/2025\/09\/27.png\" \/>\n\t<meta property=\"og:image:width\" content=\"730\" \/>\n\t<meta property=\"og:image:height\" content=\"730\" \/>\n\t<meta property=\"og:image:type\" content=\"image\/png\" \/>\n<meta name=\"twitter:card\" content=\"summary_large_image\" \/>\n<meta name=\"twitter:label1\" content=\"Tiempo de lectura\" \/>\n\t<meta name=\"twitter:data1\" content=\"1 minuto\" \/>\n<script type=\"application\/ld+json\" class=\"yoast-schema-graph\">{\"@context\":\"https:\/\/schema.org\",\"@graph\":[{\"@type\":\"WebPage\",\"@id\":\"http:\/\/www.ronboplastic.com\/ru\/%d0%bf%d1%80%d0%be%d0%b4%d1%83%d0%ba%d1%82\/watermelon-wedges-hanging-baskets\/\",\"url\":\"http:\/\/www.ronboplastic.com\/ru\/%d0%bf%d1%80%d0%be%d0%b4%d1%83%d0%ba%d1%82\/watermelon-wedges-hanging-baskets\/\",\"name\":\"Watermelon Wedges Hanging Baskets - Ronbo Sunrise Pots &amp; Planters\",\"isPartOf\":{\"@id\":\"https:\/\/www.ronboplastic.com\/#website\"},\"primaryImageOfPage\":{\"@id\":\"http:\/\/www.ronboplastic.com\/ru\/%d0%bf%d1%80%d0%be%d0%b4%d1%83%d0%ba%d1%82\/watermelon-wedges-hanging-baskets\/#primaryimage\"},\"image\":{\"@id\":\"http:\/\/www.ronboplastic.com\/ru\/%d0%bf%d1%80%d0%be%d0%b4%d1%83%d0%ba%d1%82\/watermelon-wedges-hanging-baskets\/#primaryimage\"},\"thumbnailUrl\":\"https:\/\/www.ronboplastic.com\/wp-content\/uploads\/2025\/09\/27.png\",\"datePublished\":\"2024-10-15T00:17:29+00:00\",\"dateModified\":\"2025-09-08T06:19:49+00:00\",\"breadcrumb\":{\"@id\":\"http:\/\/www.ronboplastic.com\/ru\/%d0%bf%d1%80%d0%be%d0%b4%d1%83%d0%ba%d1%82\/watermelon-wedges-hanging-baskets\/#breadcrumb\"},\"inLanguage\":\"es\",\"potentialAction\":[{\"@type\":\"ReadAction\",\"target\":[\"http:\/\/www.ronboplastic.com\/ru\/%d0%bf%d1%80%d0%be%d0%b4%d1%83%d0%ba%d1%82\/watermelon-wedges-hanging-baskets\/\"]}]},{\"@type\":\"ImageObject\",\"inLanguage\":\"es\",\"@id\":\"http:\/\/www.ronboplastic.com\/ru\/%d0%bf%d1%80%d0%be%d0%b4%d1%83%d0%ba%d1%82\/watermelon-wedges-hanging-baskets\/#primaryimage\",\"url\":\"https:\/\/www.ronboplastic.com\/wp-content\/uploads\/2025\/09\/27.png\",\"contentUrl\":\"https:\/\/www.ronboplastic.com\/wp-content\/uploads\/2025\/09\/27.png\",\"width\":730,\"height\":730,\"caption\":\"hanging basket planter\"},{\"@type\":\"BreadcrumbList\",\"@id\":\"http:\/\/www.ronboplastic.com\/ru\/%d0%bf%d1%80%d0%be%d0%b4%d1%83%d0%ba%d1%82\/watermelon-wedges-hanging-baskets\/#breadcrumb\",\"itemListElement\":[{\"@type\":\"ListItem\",\"position\":1,\"name\":\"\u9996\u9875\",\"item\":\"https:\/\/www.ronboplastic.com\/\"},{\"@type\":\"ListItem\",\"position\":2,\"name\":\"Products\",\"item\":\"http:\/\/www.ronboplastic.com\/products\/\"},{\"@type\":\"ListItem\",\"position\":3,\"name\":\"Watermelon Wedges Hanging Baskets\"}]},{\"@type\":\"WebSite\",\"@id\":\"https:\/\/www.ronboplastic.com\/#website\",\"url\":\"https:\/\/www.ronboplastic.com\/\",\"name\":\"Ronbo Sunrise Pots &amp; Planters\",\"description\":\"Flower Pots &amp; Planters\",\"potentialAction\":[{\"@type\":\"SearchAction\",\"target\":{\"@type\":\"EntryPoint\",\"urlTemplate\":\"https:\/\/www.ronboplastic.com\/?s={search_term_string}\"},\"query-input\":{\"@type\":\"PropertyValueSpecification\",\"valueRequired\":true,\"valueName\":\"search_term_string\"}}],\"inLanguage\":\"es\"}]}<\/script>\n<!-- \/ Yoast SEO plugin. -->","yoast_head_json":{"title":"Watermelon Wedges Hanging Baskets - Ronbo Sunrise Pots &amp; Planters","robots":{"index":"index","follow":"follow","max-snippet":"max-snippet:-1","max-image-preview":"max-image-preview:large","max-video-preview":"max-video-preview:-1"},"canonical":"http:\/\/www.ronboplastic.com\/es\/producto\/cunas-de-sandia-cestas-colgantes\/","og_locale":"es_ES","og_type":"article","og_title":"Watermelon Wedges Hanging Baskets - Ronbo Sunrise Pots &amp; Planters","og_description":"Large hanging creative plant hanging pot, new pp material, the factory specially designed the shape of watermelon petals, fashionable and novel, and multiple drainage holes are also designed at the bottom, which has good ventilation and is conducive to the growth of flowers and grass roots. It is not easy to be deformed and has a service life of more than 10 years. Flower pots are popular in European and American markets.","og_url":"http:\/\/www.ronboplastic.com\/es\/producto\/cunas-de-sandia-cestas-colgantes\/","og_site_name":"Ronbo Sunrise Pots &amp; Planters","article_modified_time":"2025-09-08T06:19:49+00:00","og_image":[{"width":730,"height":730,"url":"https:\/\/www.ronboplastic.com\/wp-content\/uploads\/2025\/09\/27.png","type":"image\/png"}],"twitter_card":"summary_large_image","twitter_misc":{"Tiempo de lectura":"1 minuto"},"schema":{"@context":"https:\/\/schema.org","@graph":[{"@type":"WebPage","@id":"http:\/\/www.ronboplastic.com\/ru\/%d0%bf%d1%80%d0%be%d0%b4%d1%83%d0%ba%d1%82\/watermelon-wedges-hanging-baskets\/","url":"http:\/\/www.ronboplastic.com\/ru\/%d0%bf%d1%80%d0%be%d0%b4%d1%83%d0%ba%d1%82\/watermelon-wedges-hanging-baskets\/","name":"Watermelon Wedges Hanging Baskets - Ronbo Sunrise Pots &amp; Planters","isPartOf":{"@id":"https:\/\/www.ronboplastic.com\/#website"},"primaryImageOfPage":{"@id":"http:\/\/www.ronboplastic.com\/ru\/%d0%bf%d1%80%d0%be%d0%b4%d1%83%d0%ba%d1%82\/watermelon-wedges-hanging-baskets\/#primaryimage"},"image":{"@id":"http:\/\/www.ronboplastic.com\/ru\/%d0%bf%d1%80%d0%be%d0%b4%d1%83%d0%ba%d1%82\/watermelon-wedges-hanging-baskets\/#primaryimage"},"thumbnailUrl":"https:\/\/www.ronboplastic.com\/wp-content\/uploads\/2025\/09\/27.png","datePublished":"2024-10-15T00:17:29+00:00","dateModified":"2025-09-08T06:19:49+00:00","breadcrumb":{"@id":"http:\/\/www.ronboplastic.com\/ru\/%d0%bf%d1%80%d0%be%d0%b4%d1%83%d0%ba%d1%82\/watermelon-wedges-hanging-baskets\/#breadcrumb"},"inLanguage":"es","potentialAction":[{"@type":"ReadAction","target":["http:\/\/www.ronboplastic.com\/ru\/%d0%bf%d1%80%d0%be%d0%b4%d1%83%d0%ba%d1%82\/watermelon-wedges-hanging-baskets\/"]}]},{"@type":"ImageObject","inLanguage":"es","@id":"http:\/\/www.ronboplastic.com\/ru\/%d0%bf%d1%80%d0%be%d0%b4%d1%83%d0%ba%d1%82\/watermelon-wedges-hanging-baskets\/#primaryimage","url":"https:\/\/www.ronboplastic.com\/wp-content\/uploads\/2025\/09\/27.png","contentUrl":"https:\/\/www.ronboplastic.com\/wp-content\/uploads\/2025\/09\/27.png","width":730,"height":730,"caption":"hanging basket planter"},{"@type":"BreadcrumbList","@id":"http:\/\/www.ronboplastic.com\/ru\/%d0%bf%d1%80%d0%be%d0%b4%d1%83%d0%ba%d1%82\/watermelon-wedges-hanging-baskets\/#breadcrumb","itemListElement":[{"@type":"ListItem","position":1,"name":"\u9996\u9875","item":"https:\/\/www.ronboplastic.com\/"},{"@type":"ListItem","position":2,"name":"Products","item":"http:\/\/www.ronboplastic.com\/products\/"},{"@type":"ListItem","position":3,"name":"Watermelon Wedges Hanging Baskets"}]},{"@type":"WebSite","@id":"https:\/\/www.ronboplastic.com\/#website","url":"https:\/\/www.ronboplastic.com\/","name":"Ronbo Sunrise Pots &amp; Planters","description":"Macetas y jardineras","potentialAction":[{"@type":"SearchAction","target":{"@type":"EntryPoint","urlTemplate":"https:\/\/www.ronboplastic.com\/?s={search_term_string}"},"query-input":{"@type":"PropertyValueSpecification","valueRequired":true,"valueName":"search_term_string"}}],"inLanguage":"es"}]}},"_links":{"self":[{"href":"https:\/\/www.ronboplastic.com\/es\/wp-json\/wp\/v2\/product\/9275","targetHints":{"allow":["GET"]}}],"collection":[{"href":"https:\/\/www.ronboplastic.com\/es\/wp-json\/wp\/v2\/product"}],"about":[{"href":"https:\/\/www.ronboplastic.com\/es\/wp-json\/wp\/v2\/types\/product"}],"replies":[{"embeddable":true,"href":"https:\/\/www.ronboplastic.com\/es\/wp-json\/wp\/v2\/comments?post=9275"}],"wp:featuredmedia":[{"embeddable":true,"href":"https:\/\/www.ronboplastic.com\/es\/wp-json\/wp\/v2\/media\/9277"}],"wp:attachment":[{"href":"https:\/\/www.ronboplastic.com\/es\/wp-json\/wp\/v2\/media?parent=9275"}],"wp:term":[{"taxonomy":"product_brand","embeddable":true,"href":"https:\/\/www.ronboplastic.com\/es\/wp-json\/wp\/v2\/product_brand?post=9275"},{"taxonomy":"product_cat","embeddable":true,"href":"https:\/\/www.ronboplastic.com\/es\/wp-json\/wp\/v2\/product_cat?post=9275"},{"taxonomy":"product_tag","embeddable":true,"href":"https:\/\/www.ronboplastic.com\/es\/wp-json\/wp\/v2\/product_tag?post=9275"}],"curies":[{"name":"wp","href":"https:\/\/api.w.org\/{rel}","templated":true}]}}