{"id":9243,"date":"2024-10-14T07:33:48","date_gmt":"2024-10-13T23:33:48","guid":{"rendered":"https:\/\/www.ronboplastic.com\/index.php\/product\/stackable-four-petal-flower-pot\/"},"modified":"2026-05-09T02:09:37","modified_gmt":"2026-05-09T09:09:37","slug":"maceta-apilable-de-cuatro-petalos","status":"publish","type":"product","link":"https:\/\/www.ronboplastic.com\/es\/producto\/maceta-apilable-de-cuatro-petalos\/","title":{"rendered":"Maceta apilable de cuatro p\u00e9talos"},"content":{"rendered":"<p>\u00bfBusca una forma f\u00e1cil y que ocupe poco espacio de cultivar sus propias frutas, verduras y hierbas en casa? No busque m\u00e1s: \u00a1nuestra maceta apilable de cuatro p\u00e9talos! Perfecta para quienes viven en apartamentos peque\u00f1os o de alquiler, esta maceta le permite cultivar sus propios alimentos sin tener que agacharse ni ensuciarse en el jard\u00edn. Puede cultivar f\u00e1cilmente desde fresas, lechugas y verduras de hoja verde hasta hierbas arom\u00e1ticas, as\u00ed como verduras m\u00e1s grandes como apio y repollo, \u00a1para que pueda llevarse su peque\u00f1o huerto apilado con usted!<\/p>\n<p>Nuestra mezcla de nutrientes se ha desarrollado espec\u00edficamente para producir resultados asombrosos, y la hemos probado en nuestra propia explotaci\u00f3n comercial de fresas con gran \u00e9xito. Tanto si desea a\u00f1adir productos frescos a la mesa de su cocina como si desea alegrar su hogar con unas bonitas flores, nuestra maceta apilable de cuatro p\u00e9talos es la soluci\u00f3n perfecta. Adem\u00e1s, el exclusivo dise\u00f1o entrelazado permite que el agua fluya libremente a trav\u00e9s del sistema, lo que hace que sea muy f\u00e1cil mantener sus plantas sanas e hidratadas.<\/p>\n<p>S\u00f3lo tiene que a\u00f1adir el sustrato de plantaci\u00f3n, como fibra de coco o sustrato para macetas, y regar desde la parte superior. El agua fluye a trav\u00e9s de todas las plantas, asegurando que los niveles inferiores se rieguen autom\u00e1ticamente, mientras se drena en una bandeja de goteo para evitar el desorden. Este sistema de flujo asegura que el agua se distribuya uniformemente, evitando plantas empapadas. Adem\u00e1s, nuestra maceta est\u00e1 fabricada con materiales duraderos hechos para durar. Dale a tus plantas el hogar que se merecen con nuestra maceta apilable de cuatro p\u00e9talos.<\/p>\n<p><strong><span dir=\"LTR\">Especificaciones<\/span><\/strong><\/p>\n<p>&nbsp;<\/p>\n<section class=\"table-wrap\">\n<table class=\"table\" border=\"1\" width=\"281\" cellspacing=\"0\" cellpadding=\"0\">\n<tbody>\n<tr class=\"firstRow\">\n<td width=\"114\" height=\"0\">N\u00famero de modelo<\/td>\n<td width=\"161\" height=\"0\">RB-T002<\/td>\n<\/tr>\n<tr>\n<td width=\"114\">Tipo de pl\u00e1stico<\/td>\n<td width=\"161\">PP<\/td>\n<\/tr>\n<tr>\n<td width=\"114\">Tipo<\/td>\n<td width=\"161\">Propagaci\u00f3n<\/td>\n<\/tr>\n<tr>\n<td width=\"114\">Di\u00e1metro superior<\/td>\n<td width=\"161\">35 cm\/13,78 pulgadas<\/td>\n<\/tr>\n<tr>\n<td width=\"114\">Altura<\/td>\n<td width=\"161\">15 cm<\/td>\n<\/tr>\n<tr>\n<td width=\"114\">Peso<\/td>\n<td width=\"161\">300g<\/td>\n<\/tr>\n<\/tbody>\n<\/table>\n<\/section>\n<p><img loading=\"lazy\" decoding=\"async\" title=\"Maceta apilable de cuatro p\u00e9talos\" src=\"https:\/\/www.ronboplastic.com\/wp-content\/uploads\/2025\/09\/2022090714323160ec8f847b36463ba68eb98705c7c895.jpg\" alt=\"Maceta apilable de cuatro p\u00e9talos\" width=\"800\" height=\"2336\" border=\"0\" vspace=\"0\" \/><\/p>\n<p><img loading=\"lazy\" decoding=\"async\" title=\"Maceta apilable de cuatro p\u00e9talos\" src=\"https:\/\/www.ronboplastic.com\/wp-content\/uploads\/2025\/09\/20220907143237acb22c7a588d4498ab530c500e71a1ca.jpg\" alt=\"Maceta apilable de cuatro p\u00e9talos\" width=\"800\" height=\"1921\" \/><\/p>\n<p><img loading=\"lazy\" decoding=\"async\" title=\"Maceta apilable de cuatro p\u00e9talos\" src=\"https:\/\/www.ronboplastic.com\/wp-content\/uploads\/2025\/09\/202209071432411843f7ab67664e5394e9842b766989d3.jpg\" alt=\"Maceta apilable de cuatro p\u00e9talos\" width=\"800\" height=\"1410\" \/><\/p>\n<p class=\"productsTags\">Hot Tags: maceta apilable de cuatro p\u00e9talos, proveedores, fabricantes, f\u00e1brica, venta al por mayor, para la venta<\/p>","protected":false},"excerpt":{"rendered":"<p>Perfecta para quienes viven en apartamentos peque\u00f1os o de alquiler, esta jardinera le permite cultivar sus propios alimentos sin tener que agacharse ni ensuciarse en el jard\u00edn.<\/p>","protected":false},"featured_media":9248,"comment_status":"open","ping_status":"closed","template":"","meta":[],"product_brand":[],"product_cat":[135],"product_tag":[],"class_list":{"0":"post-9243","1":"product","2":"type-product","3":"status-publish","4":"has-post-thumbnail","6":"product_cat-classic-basic-planters","8":"first","9":"instock","10":"shipping-taxable","11":"product-type-simple"},"yoast_head":"<!-- This site is optimized with the Yoast SEO plugin v26.1.1 - https:\/\/yoast.com\/wordpress\/plugins\/seo\/ -->\n<title>Stackable Four-Petal Flower Pot - Ronbo Sunrise Pots &amp; Planters<\/title>\n<meta name=\"robots\" content=\"index, follow, max-snippet:-1, max-image-preview:large, max-video-preview:-1\" \/>\n<link rel=\"canonical\" href=\"https:\/\/www.ronboplastic.com\/es\/producto\/maceta-apilable-de-cuatro-petalos\/\" \/>\n<meta property=\"og:locale\" content=\"es_ES\" \/>\n<meta property=\"og:type\" content=\"article\" \/>\n<meta property=\"og:title\" content=\"Stackable Four-Petal Flower Pot - Ronbo Sunrise Pots &amp; Planters\" \/>\n<meta property=\"og:description\" content=\"Perfect for those living in smaller apartments or rentals, this planter enables you to grow your own food without bending or getting dirty in the garden.\" \/>\n<meta property=\"og:url\" content=\"https:\/\/www.ronboplastic.com\/es\/producto\/maceta-apilable-de-cuatro-petalos\/\" \/>\n<meta property=\"og:site_name\" content=\"Ronbo Sunrise Pots &amp; Planters\" \/>\n<meta property=\"article:modified_time\" content=\"2026-05-09T09:09:37+00:00\" \/>\n<meta property=\"og:image\" content=\"https:\/\/www.ronboplastic.com\/wp-content\/uploads\/2025\/09\/18.png\" \/>\n\t<meta property=\"og:image:width\" content=\"730\" \/>\n\t<meta property=\"og:image:height\" content=\"730\" \/>\n\t<meta property=\"og:image:type\" content=\"image\/png\" \/>\n<meta name=\"twitter:card\" content=\"summary_large_image\" \/>\n<meta name=\"twitter:label1\" content=\"Tiempo de lectura\" \/>\n\t<meta name=\"twitter:data1\" content=\"1 minuto\" \/>\n<script type=\"application\/ld+json\" class=\"yoast-schema-graph\">{\"@context\":\"https:\/\/schema.org\",\"@graph\":[{\"@type\":\"WebPage\",\"@id\":\"https:\/\/www.ronboplastic.com\/product\/stackable-four-petal-flower-pot\/\",\"url\":\"https:\/\/www.ronboplastic.com\/product\/stackable-four-petal-flower-pot\/\",\"name\":\"Stackable Four-Petal Flower Pot - Ronbo Sunrise Pots &amp; Planters\",\"isPartOf\":{\"@id\":\"https:\/\/www.ronboplastic.com\/#website\"},\"primaryImageOfPage\":{\"@id\":\"https:\/\/www.ronboplastic.com\/product\/stackable-four-petal-flower-pot\/#primaryimage\"},\"image\":{\"@id\":\"https:\/\/www.ronboplastic.com\/product\/stackable-four-petal-flower-pot\/#primaryimage\"},\"thumbnailUrl\":\"https:\/\/www.ronboplastic.com\/wp-content\/uploads\/2025\/09\/18.png\",\"datePublished\":\"2024-10-13T23:33:48+00:00\",\"dateModified\":\"2026-05-09T09:09:37+00:00\",\"breadcrumb\":{\"@id\":\"https:\/\/www.ronboplastic.com\/product\/stackable-four-petal-flower-pot\/#breadcrumb\"},\"inLanguage\":\"es\",\"potentialAction\":[{\"@type\":\"ReadAction\",\"target\":[\"https:\/\/www.ronboplastic.com\/product\/stackable-four-petal-flower-pot\/\"]}]},{\"@type\":\"ImageObject\",\"inLanguage\":\"es\",\"@id\":\"https:\/\/www.ronboplastic.com\/product\/stackable-four-petal-flower-pot\/#primaryimage\",\"url\":\"https:\/\/www.ronboplastic.com\/wp-content\/uploads\/2025\/09\/18.png\",\"contentUrl\":\"https:\/\/www.ronboplastic.com\/wp-content\/uploads\/2025\/09\/18.png\",\"width\":730,\"height\":730,\"caption\":\"Stackable Three-Petal Planter\"},{\"@type\":\"BreadcrumbList\",\"@id\":\"https:\/\/www.ronboplastic.com\/product\/stackable-four-petal-flower-pot\/#breadcrumb\",\"itemListElement\":[{\"@type\":\"ListItem\",\"position\":1,\"name\":\"\u9996\u9875\",\"item\":\"https:\/\/www.ronboplastic.com\/\"},{\"@type\":\"ListItem\",\"position\":2,\"name\":\"Products\",\"item\":\"http:\/\/www.ronboplastic.com\/products\/\"},{\"@type\":\"ListItem\",\"position\":3,\"name\":\"Stackable Four-Petal Flower Pot\"}]},{\"@type\":\"WebSite\",\"@id\":\"https:\/\/www.ronboplastic.com\/#website\",\"url\":\"https:\/\/www.ronboplastic.com\/\",\"name\":\"Ronbo Sunrise Pots &amp; Planters\",\"description\":\"Flower Pots &amp; Planters\",\"potentialAction\":[{\"@type\":\"SearchAction\",\"target\":{\"@type\":\"EntryPoint\",\"urlTemplate\":\"https:\/\/www.ronboplastic.com\/?s={search_term_string}\"},\"query-input\":{\"@type\":\"PropertyValueSpecification\",\"valueRequired\":true,\"valueName\":\"search_term_string\"}}],\"inLanguage\":\"es\"}]}<\/script>\n<!-- \/ Yoast SEO plugin. -->","yoast_head_json":{"title":"Stackable Four-Petal Flower Pot - Ronbo Sunrise Pots &amp; Planters","robots":{"index":"index","follow":"follow","max-snippet":"max-snippet:-1","max-image-preview":"max-image-preview:large","max-video-preview":"max-video-preview:-1"},"canonical":"https:\/\/www.ronboplastic.com\/es\/producto\/maceta-apilable-de-cuatro-petalos\/","og_locale":"es_ES","og_type":"article","og_title":"Stackable Four-Petal Flower Pot - Ronbo Sunrise Pots &amp; Planters","og_description":"Perfect for those living in smaller apartments or rentals, this planter enables you to grow your own food without bending or getting dirty in the garden.","og_url":"https:\/\/www.ronboplastic.com\/es\/producto\/maceta-apilable-de-cuatro-petalos\/","og_site_name":"Ronbo Sunrise Pots &amp; Planters","article_modified_time":"2026-05-09T09:09:37+00:00","og_image":[{"width":730,"height":730,"url":"https:\/\/www.ronboplastic.com\/wp-content\/uploads\/2025\/09\/18.png","type":"image\/png"}],"twitter_card":"summary_large_image","twitter_misc":{"Tiempo de lectura":"1 minuto"},"schema":{"@context":"https:\/\/schema.org","@graph":[{"@type":"WebPage","@id":"https:\/\/www.ronboplastic.com\/product\/stackable-four-petal-flower-pot\/","url":"https:\/\/www.ronboplastic.com\/product\/stackable-four-petal-flower-pot\/","name":"Stackable Four-Petal Flower Pot - Ronbo Sunrise Pots &amp; Planters","isPartOf":{"@id":"https:\/\/www.ronboplastic.com\/#website"},"primaryImageOfPage":{"@id":"https:\/\/www.ronboplastic.com\/product\/stackable-four-petal-flower-pot\/#primaryimage"},"image":{"@id":"https:\/\/www.ronboplastic.com\/product\/stackable-four-petal-flower-pot\/#primaryimage"},"thumbnailUrl":"https:\/\/www.ronboplastic.com\/wp-content\/uploads\/2025\/09\/18.png","datePublished":"2024-10-13T23:33:48+00:00","dateModified":"2026-05-09T09:09:37+00:00","breadcrumb":{"@id":"https:\/\/www.ronboplastic.com\/product\/stackable-four-petal-flower-pot\/#breadcrumb"},"inLanguage":"es","potentialAction":[{"@type":"ReadAction","target":["https:\/\/www.ronboplastic.com\/product\/stackable-four-petal-flower-pot\/"]}]},{"@type":"ImageObject","inLanguage":"es","@id":"https:\/\/www.ronboplastic.com\/product\/stackable-four-petal-flower-pot\/#primaryimage","url":"https:\/\/www.ronboplastic.com\/wp-content\/uploads\/2025\/09\/18.png","contentUrl":"https:\/\/www.ronboplastic.com\/wp-content\/uploads\/2025\/09\/18.png","width":730,"height":730,"caption":"Stackable Three-Petal Planter"},{"@type":"BreadcrumbList","@id":"https:\/\/www.ronboplastic.com\/product\/stackable-four-petal-flower-pot\/#breadcrumb","itemListElement":[{"@type":"ListItem","position":1,"name":"\u9996\u9875","item":"https:\/\/www.ronboplastic.com\/"},{"@type":"ListItem","position":2,"name":"Products","item":"http:\/\/www.ronboplastic.com\/products\/"},{"@type":"ListItem","position":3,"name":"Stackable Four-Petal Flower Pot"}]},{"@type":"WebSite","@id":"https:\/\/www.ronboplastic.com\/#website","url":"https:\/\/www.ronboplastic.com\/","name":"Ronbo Sunrise Pots &amp; Planters","description":"Macetas y jardineras","potentialAction":[{"@type":"SearchAction","target":{"@type":"EntryPoint","urlTemplate":"https:\/\/www.ronboplastic.com\/?s={search_term_string}"},"query-input":{"@type":"PropertyValueSpecification","valueRequired":true,"valueName":"search_term_string"}}],"inLanguage":"es"}]}},"_links":{"self":[{"href":"https:\/\/www.ronboplastic.com\/es\/wp-json\/wp\/v2\/product\/9243","targetHints":{"allow":["GET"]}}],"collection":[{"href":"https:\/\/www.ronboplastic.com\/es\/wp-json\/wp\/v2\/product"}],"about":[{"href":"https:\/\/www.ronboplastic.com\/es\/wp-json\/wp\/v2\/types\/product"}],"replies":[{"embeddable":true,"href":"https:\/\/www.ronboplastic.com\/es\/wp-json\/wp\/v2\/comments?post=9243"}],"wp:featuredmedia":[{"embeddable":true,"href":"https:\/\/www.ronboplastic.com\/es\/wp-json\/wp\/v2\/media\/9248"}],"wp:attachment":[{"href":"https:\/\/www.ronboplastic.com\/es\/wp-json\/wp\/v2\/media?parent=9243"}],"wp:term":[{"taxonomy":"product_brand","embeddable":true,"href":"https:\/\/www.ronboplastic.com\/es\/wp-json\/wp\/v2\/product_brand?post=9243"},{"taxonomy":"product_cat","embeddable":true,"href":"https:\/\/www.ronboplastic.com\/es\/wp-json\/wp\/v2\/product_cat?post=9243"},{"taxonomy":"product_tag","embeddable":true,"href":"https:\/\/www.ronboplastic.com\/es\/wp-json\/wp\/v2\/product_tag?post=9243"}],"curies":[{"name":"wp","href":"https:\/\/api.w.org\/{rel}","templated":true}]}}