{"id":9231,"date":"2024-10-14T07:25:36","date_gmt":"2024-10-13T23:25:36","guid":{"rendered":"https:\/\/www.ronboplastic.com\/index.php\/product\/stackable-three-petal-planter\/"},"modified":"2026-05-09T01:58:50","modified_gmt":"2026-05-09T08:58:50","slug":"maceta-apilable-de-tres-petalos","status":"publish","type":"product","link":"https:\/\/www.ronboplastic.com\/es\/producto\/maceta-apilable-de-tres-petalos\/","title":{"rendered":"Jardinera apilable de tres p\u00e9talos"},"content":{"rendered":"<p>\u00bfQuieres a\u00f1adir un poco de vegetaci\u00f3n a tu casa u oficina sin ocupar demasiado espacio? Esta maceta de tres p\u00e9talos es perfecta para el jard\u00edn del balc\u00f3n de tu casa. En ella podr\u00e1s cultivar tus plantas favoritas, como fresas o flores. Cuando se utiliza con la bandeja, se convierte en una peque\u00f1a sala de plantaci\u00f3n m\u00f3vil. El dise\u00f1o tridimensional de combinaci\u00f3n de m\u00faltiples capas puede ahorrar espacio y a\u00f1adir verde a la oficina en casa.<\/p>\n<p>Esta jardinera apilable de tres p\u00e9talos es perfecta para el jardinero dom\u00e9stico o el agricultor. Los orificios de drenaje cient\u00edficos y la cortina de agua de la parte inferior permiten que las ra\u00edces de las plantas respiren y penetren, aumentando as\u00ed la tasa de supervivencia de las plantas.La parte inferior est\u00e1 equipada con una pantalla de agua desmontable, que no s\u00f3lo puede transportar la bandeja de flores, sino tambi\u00e9n filtrar el exceso de agua y proteger las ra\u00edces de las plantas. El dise\u00f1o de ranuras superpuestas proporciona una gran estabilidad y evita que vuelque.<\/p>\n<p>Se puede combinar con bandejas universales, que se pueden mover f\u00e1cilmente con mucho peso.<\/p>\n<p><strong><span dir=\"LTR\">Especificaciones<\/span><\/strong><\/p>\n<p>&nbsp;<\/p>\n<section class=\"table-wrap\">\n<table class=\"table\" border=\"1\" width=\"281\" cellspacing=\"0\" cellpadding=\"0\">\n<tbody>\n<tr class=\"firstRow\">\n<td width=\"114\" height=\"0\">N\u00famero de modelo<\/td>\n<td width=\"161\" height=\"0\">RB-T001YS<\/td>\n<\/tr>\n<tr>\n<td width=\"114\">Tipo de pl\u00e1stico<\/td>\n<td width=\"161\">PP<\/td>\n<\/tr>\n<tr>\n<td width=\"114\">Tipo<\/td>\n<td width=\"161\">Propagaci\u00f3n<\/td>\n<\/tr>\n<tr>\n<td width=\"114\">Di\u00e1metro superior<\/td>\n<td width=\"161\">33 cm<\/td>\n<\/tr>\n<tr>\n<td width=\"114\">Altura<\/td>\n<td width=\"161\">3,5 cm\/10,98 pulgadas<\/td>\n<\/tr>\n<tr>\n<td width=\"114\">Peso<\/td>\n<td width=\"161\">375g<\/td>\n<\/tr>\n<\/tbody>\n<\/table>\n<\/section>\n<p><img loading=\"lazy\" decoding=\"async\" title=\"Jardinera apilable de tres p\u00e9talos\" src=\"https:\/\/www.ronboplastic.com\/wp-content\/uploads\/2025\/09\/20220906134847bf8c4d385c324343b92a8594435564e6.jpg\" alt=\"_01\" width=\"800\" height=\"1880\" border=\"0\" vspace=\"0\" \/><\/p>\n<p><img loading=\"lazy\" decoding=\"async\" title=\"Jardinera apilable de tres p\u00e9talos\" src=\"https:\/\/www.ronboplastic.com\/wp-content\/uploads\/2025\/09\/20220906134852367b01451e1143e58bc22e9a307aa1cc.jpg\" alt=\"_02\" width=\"800\" height=\"2123\" border=\"0\" vspace=\"0\" \/><\/p>\n<p class=\"productsTags\">Hot Tags: jardinera apilable de tres p\u00e9talos, proveedores, fabricantes, f\u00e1brica, venta al por mayor, para la venta<\/p>","protected":false},"excerpt":{"rendered":"<p>\u00bfQuieres a\u00f1adir un poco de vegetaci\u00f3n a tu casa u oficina sin ocupar demasiado espacio? Esta maceta de tres p\u00e9talos es perfecta para el jard\u00edn del balc\u00f3n de tu casa. Puedes cultivar en ella tus plantas favoritas, como fresas o flores.<\/p>","protected":false},"featured_media":9235,"comment_status":"open","ping_status":"open","template":"","meta":[],"product_brand":[],"product_cat":[143],"product_tag":[],"class_list":{"0":"post-9231","1":"product","2":"type-product","3":"status-publish","4":"has-post-thumbnail","6":"product_cat-gallon-pots-nursery","8":"first","9":"instock","10":"shipping-taxable","11":"product-type-simple"},"yoast_head":"<!-- This site is optimized with the Yoast SEO plugin v26.1.1 - https:\/\/yoast.com\/wordpress\/plugins\/seo\/ -->\n<title>Stackable Three-Petal Planter - Ronbo Sunrise Pots &amp; Planters<\/title>\n<meta name=\"robots\" content=\"index, follow, max-snippet:-1, max-image-preview:large, max-video-preview:-1\" \/>\n<link rel=\"canonical\" href=\"https:\/\/www.ronboplastic.com\/es\/producto\/maceta-apilable-de-tres-petalos\/\" \/>\n<meta property=\"og:locale\" content=\"es_ES\" \/>\n<meta property=\"og:type\" content=\"article\" \/>\n<meta property=\"og:title\" content=\"Stackable Three-Petal Planter - Ronbo Sunrise Pots &amp; Planters\" \/>\n<meta property=\"og:description\" content=\"Looking to add some greenery to your home or office without taking up too much space? Check out our stackable three-petal planter!This three-petal planter is perfect for your home balcony garden! You can grow your favorite plants, such as strawberries or flowers in it\" \/>\n<meta property=\"og:url\" content=\"https:\/\/www.ronboplastic.com\/es\/producto\/maceta-apilable-de-tres-petalos\/\" \/>\n<meta property=\"og:site_name\" content=\"Ronbo Sunrise Pots &amp; Planters\" \/>\n<meta property=\"article:modified_time\" content=\"2026-05-09T08:58:50+00:00\" \/>\n<meta property=\"og:image\" content=\"https:\/\/www.ronboplastic.com\/wp-content\/uploads\/2025\/09\/14.png\" \/>\n\t<meta property=\"og:image:width\" content=\"730\" \/>\n\t<meta property=\"og:image:height\" content=\"730\" \/>\n\t<meta property=\"og:image:type\" content=\"image\/png\" \/>\n<meta name=\"twitter:card\" content=\"summary_large_image\" \/>\n<meta name=\"twitter:label1\" content=\"Tiempo de lectura\" \/>\n\t<meta name=\"twitter:data1\" content=\"1 minuto\" \/>\n<script type=\"application\/ld+json\" class=\"yoast-schema-graph\">{\"@context\":\"https:\/\/schema.org\",\"@graph\":[{\"@type\":\"WebPage\",\"@id\":\"https:\/\/www.ronboplastic.com\/product\/stackable-three-petal-planter\/\",\"url\":\"https:\/\/www.ronboplastic.com\/product\/stackable-three-petal-planter\/\",\"name\":\"Stackable Three-Petal Planter - Ronbo Sunrise Pots &amp; Planters\",\"isPartOf\":{\"@id\":\"https:\/\/www.ronboplastic.com\/#website\"},\"primaryImageOfPage\":{\"@id\":\"https:\/\/www.ronboplastic.com\/product\/stackable-three-petal-planter\/#primaryimage\"},\"image\":{\"@id\":\"https:\/\/www.ronboplastic.com\/product\/stackable-three-petal-planter\/#primaryimage\"},\"thumbnailUrl\":\"https:\/\/www.ronboplastic.com\/wp-content\/uploads\/2025\/09\/14.png\",\"datePublished\":\"2024-10-13T23:25:36+00:00\",\"dateModified\":\"2026-05-09T08:58:50+00:00\",\"breadcrumb\":{\"@id\":\"https:\/\/www.ronboplastic.com\/product\/stackable-three-petal-planter\/#breadcrumb\"},\"inLanguage\":\"es\",\"potentialAction\":[{\"@type\":\"ReadAction\",\"target\":[\"https:\/\/www.ronboplastic.com\/product\/stackable-three-petal-planter\/\"]}]},{\"@type\":\"ImageObject\",\"inLanguage\":\"es\",\"@id\":\"https:\/\/www.ronboplastic.com\/product\/stackable-three-petal-planter\/#primaryimage\",\"url\":\"https:\/\/www.ronboplastic.com\/wp-content\/uploads\/2025\/09\/14.png\",\"contentUrl\":\"https:\/\/www.ronboplastic.com\/wp-content\/uploads\/2025\/09\/14.png\",\"width\":730,\"height\":730,\"caption\":\"Stackable Three-Petal Planter\"},{\"@type\":\"BreadcrumbList\",\"@id\":\"https:\/\/www.ronboplastic.com\/product\/stackable-three-petal-planter\/#breadcrumb\",\"itemListElement\":[{\"@type\":\"ListItem\",\"position\":1,\"name\":\"\u9996\u9875\",\"item\":\"https:\/\/www.ronboplastic.com\/\"},{\"@type\":\"ListItem\",\"position\":2,\"name\":\"Products\",\"item\":\"http:\/\/www.ronboplastic.com\/products\/\"},{\"@type\":\"ListItem\",\"position\":3,\"name\":\"Stackable Three-Petal Planter\"}]},{\"@type\":\"WebSite\",\"@id\":\"https:\/\/www.ronboplastic.com\/#website\",\"url\":\"https:\/\/www.ronboplastic.com\/\",\"name\":\"Ronbo Sunrise Pots &amp; Planters\",\"description\":\"Flower Pots &amp; Planters\",\"potentialAction\":[{\"@type\":\"SearchAction\",\"target\":{\"@type\":\"EntryPoint\",\"urlTemplate\":\"https:\/\/www.ronboplastic.com\/?s={search_term_string}\"},\"query-input\":{\"@type\":\"PropertyValueSpecification\",\"valueRequired\":true,\"valueName\":\"search_term_string\"}}],\"inLanguage\":\"es\"}]}<\/script>\n<!-- \/ Yoast SEO plugin. -->","yoast_head_json":{"title":"Stackable Three-Petal Planter - Ronbo Sunrise Pots &amp; Planters","robots":{"index":"index","follow":"follow","max-snippet":"max-snippet:-1","max-image-preview":"max-image-preview:large","max-video-preview":"max-video-preview:-1"},"canonical":"https:\/\/www.ronboplastic.com\/es\/producto\/maceta-apilable-de-tres-petalos\/","og_locale":"es_ES","og_type":"article","og_title":"Stackable Three-Petal Planter - Ronbo Sunrise Pots &amp; Planters","og_description":"Looking to add some greenery to your home or office without taking up too much space? Check out our stackable three-petal planter!This three-petal planter is perfect for your home balcony garden! You can grow your favorite plants, such as strawberries or flowers in it","og_url":"https:\/\/www.ronboplastic.com\/es\/producto\/maceta-apilable-de-tres-petalos\/","og_site_name":"Ronbo Sunrise Pots &amp; Planters","article_modified_time":"2026-05-09T08:58:50+00:00","og_image":[{"width":730,"height":730,"url":"https:\/\/www.ronboplastic.com\/wp-content\/uploads\/2025\/09\/14.png","type":"image\/png"}],"twitter_card":"summary_large_image","twitter_misc":{"Tiempo de lectura":"1 minuto"},"schema":{"@context":"https:\/\/schema.org","@graph":[{"@type":"WebPage","@id":"https:\/\/www.ronboplastic.com\/product\/stackable-three-petal-planter\/","url":"https:\/\/www.ronboplastic.com\/product\/stackable-three-petal-planter\/","name":"Stackable Three-Petal Planter - Ronbo Sunrise Pots &amp; Planters","isPartOf":{"@id":"https:\/\/www.ronboplastic.com\/#website"},"primaryImageOfPage":{"@id":"https:\/\/www.ronboplastic.com\/product\/stackable-three-petal-planter\/#primaryimage"},"image":{"@id":"https:\/\/www.ronboplastic.com\/product\/stackable-three-petal-planter\/#primaryimage"},"thumbnailUrl":"https:\/\/www.ronboplastic.com\/wp-content\/uploads\/2025\/09\/14.png","datePublished":"2024-10-13T23:25:36+00:00","dateModified":"2026-05-09T08:58:50+00:00","breadcrumb":{"@id":"https:\/\/www.ronboplastic.com\/product\/stackable-three-petal-planter\/#breadcrumb"},"inLanguage":"es","potentialAction":[{"@type":"ReadAction","target":["https:\/\/www.ronboplastic.com\/product\/stackable-three-petal-planter\/"]}]},{"@type":"ImageObject","inLanguage":"es","@id":"https:\/\/www.ronboplastic.com\/product\/stackable-three-petal-planter\/#primaryimage","url":"https:\/\/www.ronboplastic.com\/wp-content\/uploads\/2025\/09\/14.png","contentUrl":"https:\/\/www.ronboplastic.com\/wp-content\/uploads\/2025\/09\/14.png","width":730,"height":730,"caption":"Stackable Three-Petal Planter"},{"@type":"BreadcrumbList","@id":"https:\/\/www.ronboplastic.com\/product\/stackable-three-petal-planter\/#breadcrumb","itemListElement":[{"@type":"ListItem","position":1,"name":"\u9996\u9875","item":"https:\/\/www.ronboplastic.com\/"},{"@type":"ListItem","position":2,"name":"Products","item":"http:\/\/www.ronboplastic.com\/products\/"},{"@type":"ListItem","position":3,"name":"Stackable Three-Petal Planter"}]},{"@type":"WebSite","@id":"https:\/\/www.ronboplastic.com\/#website","url":"https:\/\/www.ronboplastic.com\/","name":"Ronbo Sunrise Pots &amp; Planters","description":"Macetas y jardineras","potentialAction":[{"@type":"SearchAction","target":{"@type":"EntryPoint","urlTemplate":"https:\/\/www.ronboplastic.com\/?s={search_term_string}"},"query-input":{"@type":"PropertyValueSpecification","valueRequired":true,"valueName":"search_term_string"}}],"inLanguage":"es"}]}},"_links":{"self":[{"href":"https:\/\/www.ronboplastic.com\/es\/wp-json\/wp\/v2\/product\/9231","targetHints":{"allow":["GET"]}}],"collection":[{"href":"https:\/\/www.ronboplastic.com\/es\/wp-json\/wp\/v2\/product"}],"about":[{"href":"https:\/\/www.ronboplastic.com\/es\/wp-json\/wp\/v2\/types\/product"}],"replies":[{"embeddable":true,"href":"https:\/\/www.ronboplastic.com\/es\/wp-json\/wp\/v2\/comments?post=9231"}],"wp:featuredmedia":[{"embeddable":true,"href":"https:\/\/www.ronboplastic.com\/es\/wp-json\/wp\/v2\/media\/9235"}],"wp:attachment":[{"href":"https:\/\/www.ronboplastic.com\/es\/wp-json\/wp\/v2\/media?parent=9231"}],"wp:term":[{"taxonomy":"product_brand","embeddable":true,"href":"https:\/\/www.ronboplastic.com\/es\/wp-json\/wp\/v2\/product_brand?post=9231"},{"taxonomy":"product_cat","embeddable":true,"href":"https:\/\/www.ronboplastic.com\/es\/wp-json\/wp\/v2\/product_cat?post=9231"},{"taxonomy":"product_tag","embeddable":true,"href":"https:\/\/www.ronboplastic.com\/es\/wp-json\/wp\/v2\/product_tag?post=9231"}],"curies":[{"name":"wp","href":"https:\/\/api.w.org\/{rel}","templated":true}]}}