{"id":9187,"date":"2024-09-30T07:27:43","date_gmt":"2024-09-29T23:27:43","guid":{"rendered":"https:\/\/www.ronboplastic.com\/index.php\/product\/303\/"},"modified":"2025-09-08T14:18:58","modified_gmt":"2025-09-08T06:18:58","slug":"303","status":"publish","type":"product","link":"https:\/\/www.ronboplastic.com\/es\/producto\/303\/","title":{"rendered":""},"content":{"rendered":"<p>* Descripci\u00f3n del producto:<\/p>\n<p>Macetas de pl\u00e1stico: dise\u00f1o moderno y sencillo, duraderas y respetuosas con el medio ambiente**.<\/p>\n<p>*Nuestras macetas de pl\u00e1stico est\u00e1n hechas de pl\u00e1stico ecol\u00f3gico de alta calidad, con durabilidad y protecci\u00f3n UV, que son muy adecuadas para uso en interiores y exteriores. El dise\u00f1o simple y elegante se puede integrar f\u00e1cilmente en cualquier estilo de hogar o entorno de jardiner\u00eda, y es la mejor opci\u00f3n para la decoraci\u00f3n de sus plantas verdes.<\/p>\n<p>*Caracter\u00edsticas del producto:*<\/p>\n<p>**Materiales respetuosos con el medio ambiente**: Fabricado en pl\u00e1stico ecol\u00f3gico de alta calidad, es impermeable, anticorrosi\u00f3n y resistente a la intemperie.<\/p>\n<p>- M\u00faltiples opciones de color**: Cuatro colores cl\u00e1sicos de negro, amarillo, blanco y gris est\u00e1n disponibles para satisfacer diferentes necesidades de decoraci\u00f3n.<\/p>\n<p>- Dise\u00f1o polivalente**: Adecuado para una variedad de escenas como el hogar, la oficina, el balc\u00f3n o el patio.<\/p>\n<p>- Ligeras y duraderas**: Las macetas son ligeras, f\u00e1ciles de mover y duraderas y se pueden utilizar durante mucho tiempo.<\/p>\n<p>- Dise\u00f1o de drenaje**: Hay agujeros de drenaje en la parte inferior para evitar la acumulaci\u00f3n de agua y promover el crecimiento saludable de las ra\u00edces de las plantas.<\/p>\n<p>&#8212;<br \/>\n# Especificaciones del producto:<\/p>\n<p>| **N\u00famero de modelo** | **Dimensi\u00f3n** (Largo x Ancho x Alto) | **Color disponible** |<br \/>\n|:&#8212;&#8212;&#8212;-:|:&#8212;&#8212;&#8212;&#8212;&#8212;&#8212;&#8212;&#8212;-:|:&#8212;&#8212;&#8212;&#8212;&#8211;:|<br \/>\n| RB-DCR150 15 * 6,5 * 12 cm Negro, amarillo, blanco, gris<br \/>\n| RB-DCR210 20,8 * 9 * 16,5 cm Negro, amarillo, blanco, gris<\/p>\n<p>&#8212;<\/p>\n<p>**Consejos c\u00e1lidos:**<br \/>\n- Los colores pueden variar ligeramente seg\u00fan el monitor.<br \/>\n- Elija el tama\u00f1o adecuado seg\u00fan el espacio que necesite.<\/p>\n<p>**Aviso de compra:**<br \/>\n- Ofrecemos un servicio de env\u00edo r\u00e1pido, y los pedidos se tramitar\u00e1n en un plazo de 1 a 2 d\u00edas laborables tras realizar el pedido.<br \/>\n- Si tiene alguna pregunta, no dude en ponerse en contacto con nuestro equipo de atenci\u00f3n al cliente.<\/p>\n<p>&#8212;<\/p>\n<p>Una descripci\u00f3n de p\u00e1gina de este tipo puede ayudar a los clientes a entender r\u00e1pidamente su producto y a ver claramente la informaci\u00f3n sobre colores y tallas disponibles. Puede ajustarla y personalizarla en funci\u00f3n de las condiciones reales.<\/p>\n<p><img decoding=\"async\" src=\"https:\/\/www.ronboplastic.com\/wp-content\/uploads\/2025\/09\/202205131612159a16ace32ec04133ae6f48e4dcaa3c85.jpg\" alt=\"Cestas colgantes de 10 pulgadas\" \/><\/p>","protected":false},"excerpt":{"rendered":"<p>* Product Description: Plastic Flower Pots &#8211; Modern Simple Design, Durable and Environmentally Friendly** *Our plastic flower pots are made<\/p>","protected":false},"featured_media":9189,"comment_status":"open","ping_status":"open","template":"","meta":[],"product_brand":[],"product_cat":[80],"product_tag":[],"class_list":{"0":"post-9187","1":"product","2":"type-product","3":"status-publish","4":"has-post-thumbnail","6":"product_cat-decorative-potsampplanters","8":"first","9":"instock","10":"shipping-taxable","11":"product-type-simple"},"yoast_head":"<!-- This site is optimized with the Yoast SEO plugin v26.1.1 - https:\/\/yoast.com\/wordpress\/plugins\/seo\/ -->\n<title>- Ronbo Sunrise Pots &amp; Planters<\/title>\n<meta name=\"robots\" content=\"index, follow, max-snippet:-1, max-image-preview:large, max-video-preview:-1\" \/>\n<link rel=\"canonical\" href=\"http:\/\/www.ronboplastic.com\/es\/producto\/303\/\" \/>\n<meta property=\"og:locale\" content=\"es_ES\" \/>\n<meta property=\"og:type\" content=\"article\" \/>\n<meta property=\"og:title\" content=\"- Ronbo Sunrise Pots &amp; Planters\" \/>\n<meta property=\"og:description\" content=\"* Product Description: Plastic Flower Pots &#8211; Modern Simple Design, Durable and Environmentally Friendly** *Our plastic flower pots are made\" \/>\n<meta property=\"og:url\" content=\"http:\/\/www.ronboplastic.com\/es\/producto\/303\/\" \/>\n<meta property=\"og:site_name\" content=\"Ronbo Sunrise Pots &amp; Planters\" \/>\n<meta property=\"article:modified_time\" content=\"2025-09-08T06:18:58+00:00\" \/>\n<meta property=\"og:image\" content=\"https:\/\/www.ronboplastic.com\/wp-content\/uploads\/2025\/09\/IMG_2630-\u62f7\u8d1d.png\" \/>\n\t<meta property=\"og:image:width\" content=\"800\" \/>\n\t<meta property=\"og:image:height\" content=\"800\" \/>\n\t<meta property=\"og:image:type\" content=\"image\/png\" \/>\n<meta name=\"twitter:card\" content=\"summary_large_image\" \/>\n<meta name=\"twitter:label1\" content=\"Tiempo de lectura\" \/>\n\t<meta name=\"twitter:data1\" content=\"1 minuto\" \/>\n<script type=\"application\/ld+json\" class=\"yoast-schema-graph\">{\"@context\":\"https:\/\/schema.org\",\"@graph\":[{\"@type\":\"WebPage\",\"@id\":\"http:\/\/www.ronboplastic.com\/product\/303\/\",\"url\":\"http:\/\/www.ronboplastic.com\/product\/303\/\",\"name\":\"- Ronbo Sunrise Pots &amp; Planters\",\"isPartOf\":{\"@id\":\"https:\/\/www.ronboplastic.com\/#website\"},\"primaryImageOfPage\":{\"@id\":\"http:\/\/www.ronboplastic.com\/product\/303\/#primaryimage\"},\"image\":{\"@id\":\"http:\/\/www.ronboplastic.com\/product\/303\/#primaryimage\"},\"thumbnailUrl\":\"https:\/\/www.ronboplastic.com\/wp-content\/uploads\/2025\/09\/IMG_2630-\u62f7\u8d1d.png\",\"datePublished\":\"2024-09-29T23:27:43+00:00\",\"dateModified\":\"2025-09-08T06:18:58+00:00\",\"breadcrumb\":{\"@id\":\"http:\/\/www.ronboplastic.com\/product\/303\/#breadcrumb\"},\"inLanguage\":\"es\",\"potentialAction\":[{\"@type\":\"ReadAction\",\"target\":[\"http:\/\/www.ronboplastic.com\/product\/303\/\"]}]},{\"@type\":\"ImageObject\",\"inLanguage\":\"es\",\"@id\":\"http:\/\/www.ronboplastic.com\/product\/303\/#primaryimage\",\"url\":\"https:\/\/www.ronboplastic.com\/wp-content\/uploads\/2025\/09\/IMG_2630-\u62f7\u8d1d.png\",\"contentUrl\":\"https:\/\/www.ronboplastic.com\/wp-content\/uploads\/2025\/09\/IMG_2630-\u62f7\u8d1d.png\",\"width\":800,\"height\":800,\"caption\":\"flower pot size chart\"},{\"@type\":\"BreadcrumbList\",\"@id\":\"http:\/\/www.ronboplastic.com\/product\/303\/#breadcrumb\",\"itemListElement\":[{\"@type\":\"ListItem\",\"position\":1,\"name\":\"\u9996\u9875\",\"item\":\"https:\/\/www.ronboplastic.com\/\"},{\"@type\":\"ListItem\",\"position\":2,\"name\":\"Products\",\"item\":\"http:\/\/www.ronboplastic.com\/products\/\"}]},{\"@type\":\"WebSite\",\"@id\":\"https:\/\/www.ronboplastic.com\/#website\",\"url\":\"https:\/\/www.ronboplastic.com\/\",\"name\":\"Ronbo Sunrise Pots &amp; Planters\",\"description\":\"Flower Pots &amp; Planters\",\"potentialAction\":[{\"@type\":\"SearchAction\",\"target\":{\"@type\":\"EntryPoint\",\"urlTemplate\":\"https:\/\/www.ronboplastic.com\/?s={search_term_string}\"},\"query-input\":{\"@type\":\"PropertyValueSpecification\",\"valueRequired\":true,\"valueName\":\"search_term_string\"}}],\"inLanguage\":\"es\"}]}<\/script>\n<!-- \/ Yoast SEO plugin. -->","yoast_head_json":{"title":"- Ronbo Sunrise Pots &amp; Planters","robots":{"index":"index","follow":"follow","max-snippet":"max-snippet:-1","max-image-preview":"max-image-preview:large","max-video-preview":"max-video-preview:-1"},"canonical":"http:\/\/www.ronboplastic.com\/es\/producto\/303\/","og_locale":"es_ES","og_type":"article","og_title":"- Ronbo Sunrise Pots &amp; Planters","og_description":"* Product Description: Plastic Flower Pots &#8211; Modern Simple Design, Durable and Environmentally Friendly** *Our plastic flower pots are made","og_url":"http:\/\/www.ronboplastic.com\/es\/producto\/303\/","og_site_name":"Ronbo Sunrise Pots &amp; Planters","article_modified_time":"2025-09-08T06:18:58+00:00","og_image":[{"width":800,"height":800,"url":"https:\/\/www.ronboplastic.com\/wp-content\/uploads\/2025\/09\/IMG_2630-\u62f7\u8d1d.png","type":"image\/png"}],"twitter_card":"summary_large_image","twitter_misc":{"Tiempo de lectura":"1 minuto"},"schema":{"@context":"https:\/\/schema.org","@graph":[{"@type":"WebPage","@id":"http:\/\/www.ronboplastic.com\/product\/303\/","url":"http:\/\/www.ronboplastic.com\/product\/303\/","name":"- Ronbo Sunrise Pots &amp; Planters","isPartOf":{"@id":"https:\/\/www.ronboplastic.com\/#website"},"primaryImageOfPage":{"@id":"http:\/\/www.ronboplastic.com\/product\/303\/#primaryimage"},"image":{"@id":"http:\/\/www.ronboplastic.com\/product\/303\/#primaryimage"},"thumbnailUrl":"https:\/\/www.ronboplastic.com\/wp-content\/uploads\/2025\/09\/IMG_2630-\u62f7\u8d1d.png","datePublished":"2024-09-29T23:27:43+00:00","dateModified":"2025-09-08T06:18:58+00:00","breadcrumb":{"@id":"http:\/\/www.ronboplastic.com\/product\/303\/#breadcrumb"},"inLanguage":"es","potentialAction":[{"@type":"ReadAction","target":["http:\/\/www.ronboplastic.com\/product\/303\/"]}]},{"@type":"ImageObject","inLanguage":"es","@id":"http:\/\/www.ronboplastic.com\/product\/303\/#primaryimage","url":"https:\/\/www.ronboplastic.com\/wp-content\/uploads\/2025\/09\/IMG_2630-\u62f7\u8d1d.png","contentUrl":"https:\/\/www.ronboplastic.com\/wp-content\/uploads\/2025\/09\/IMG_2630-\u62f7\u8d1d.png","width":800,"height":800,"caption":"flower pot size chart"},{"@type":"BreadcrumbList","@id":"http:\/\/www.ronboplastic.com\/product\/303\/#breadcrumb","itemListElement":[{"@type":"ListItem","position":1,"name":"\u9996\u9875","item":"https:\/\/www.ronboplastic.com\/"},{"@type":"ListItem","position":2,"name":"Products","item":"http:\/\/www.ronboplastic.com\/products\/"}]},{"@type":"WebSite","@id":"https:\/\/www.ronboplastic.com\/#website","url":"https:\/\/www.ronboplastic.com\/","name":"Ronbo Sunrise Pots &amp; Planters","description":"Macetas y jardineras","potentialAction":[{"@type":"SearchAction","target":{"@type":"EntryPoint","urlTemplate":"https:\/\/www.ronboplastic.com\/?s={search_term_string}"},"query-input":{"@type":"PropertyValueSpecification","valueRequired":true,"valueName":"search_term_string"}}],"inLanguage":"es"}]}},"_links":{"self":[{"href":"https:\/\/www.ronboplastic.com\/es\/wp-json\/wp\/v2\/product\/9187","targetHints":{"allow":["GET"]}}],"collection":[{"href":"https:\/\/www.ronboplastic.com\/es\/wp-json\/wp\/v2\/product"}],"about":[{"href":"https:\/\/www.ronboplastic.com\/es\/wp-json\/wp\/v2\/types\/product"}],"replies":[{"embeddable":true,"href":"https:\/\/www.ronboplastic.com\/es\/wp-json\/wp\/v2\/comments?post=9187"}],"wp:featuredmedia":[{"embeddable":true,"href":"https:\/\/www.ronboplastic.com\/es\/wp-json\/wp\/v2\/media\/9189"}],"wp:attachment":[{"href":"https:\/\/www.ronboplastic.com\/es\/wp-json\/wp\/v2\/media?parent=9187"}],"wp:term":[{"taxonomy":"product_brand","embeddable":true,"href":"https:\/\/www.ronboplastic.com\/es\/wp-json\/wp\/v2\/product_brand?post=9187"},{"taxonomy":"product_cat","embeddable":true,"href":"https:\/\/www.ronboplastic.com\/es\/wp-json\/wp\/v2\/product_cat?post=9187"},{"taxonomy":"product_tag","embeddable":true,"href":"https:\/\/www.ronboplastic.com\/es\/wp-json\/wp\/v2\/product_tag?post=9187"}],"curies":[{"name":"wp","href":"https:\/\/api.w.org\/{rel}","templated":true}]}}