{"id":9157,"date":"2024-09-27T07:00:22","date_gmt":"2024-09-26T23:00:22","guid":{"rendered":"https:\/\/www.ronboplastic.com\/index.php\/product\/5-inch-plant-saucer\/"},"modified":"2026-05-09T02:02:22","modified_gmt":"2026-05-09T09:02:22","slug":"plato-para-plantas-de-5-pulgadas","status":"publish","type":"product","link":"https:\/\/www.ronboplastic.com\/es\/producto\/plato-para-plantas-de-5-pulgadas\/","title":{"rendered":"Plato para plantas de 5 pulgadas"},"content":{"rendered":"<p>Somos una f\u00e1brica con casi 20 a\u00f1os de experiencia en la producci\u00f3n en China, nos hemos centrado en la producci\u00f3n de macetas de pl\u00e1stico, y somos el primer lote de f\u00e1bricas en China para empezar a hacer macetas de gal\u00f3n. platillos de plantas son tambi\u00e9n nuestros productos m\u00e1s vendidos, muchos mayoristas y clientes de comercio electr\u00f3nico de Amazon han estado comprando de nosotros.  No s\u00f3lo traer beneficios a ellos, sino tambi\u00e9n dejar que muchos clientes finales crecen m\u00e1s y m\u00e1s hermosas flores con nuestro chasis.  Nuestros modelos han sido de D13 a D52, con un total de 12 tama\u00f1os de productos, con di\u00e1metros inferiores que van desde 10 cm a 43 cm. El producto D13 puede utilizarse para macetas con un di\u00e1metro inferior a 10 en la parte inferior.<\/p>\n<p><img loading=\"lazy\" decoding=\"async\" title=\"Plato para plantas de 5 pulgadas\" src=\"https:\/\/www.ronboplastic.com\/wp-content\/uploads\/2025\/09\/20220704112448b990b636d2be4c5490cc70ad5d336ba6.jpg\" alt=\"Plato para plantas de 5 pulgadas\" width=\"800\" height=\"772\" \/><\/p>\n<p><strong>Especificaciones<\/strong><\/p>\n<section class=\"table-wrap\">\n<table class=\"table\" border=\"1\" width=\"100%\" cellspacing=\"0\" cellpadding=\"0\">\n<tbody>\n<tr class=\"firstRow\">\n<td>N\u00famero de modelo<\/td>\n<td>D13<\/td>\n<\/tr>\n<tr>\n<td>Tipo de pl\u00e1stico<\/td>\n<td>PP<\/td>\n<\/tr>\n<tr>\n<td>Tipo<\/td>\n<td>Propagaci\u00f3n<\/td>\n<\/tr>\n<tr>\n<td>Di\u00e1metro superior<\/td>\n<td>13 cm<\/td>\n<\/tr>\n<tr>\n<td>Di\u00e1metro inferior<\/td>\n<td>10 cm<\/td>\n<\/tr>\n<tr>\n<td>Altura<\/td>\n<td>1 cm<\/td>\n<\/tr>\n<tr>\n<td>Peso<\/td>\n<td>18g<\/td>\n<\/tr>\n<\/tbody>\n<\/table>\n<\/section>\n<p><strong>Nuestros servicios<\/strong><\/p>\n<p><img loading=\"lazy\" decoding=\"async\" src=\"https:\/\/www.ronboplastic.com\/wp-content\/uploads\/2025\/09\/202205131612159a16ace32ec04133ae6f48e4dcaa3c85.jpg\" alt=\"Plato para plantas de 5 pulgadas\" width=\"800\" height=\"207\" \/><\/p>\n<p><img loading=\"lazy\" decoding=\"async\" src=\"https:\/\/www.ronboplastic.com\/wp-content\/uploads\/2025\/09\/2022052411022769afc5a8ee884858a93ba5486be9d6b4.jpg\" alt=\"Plato para plantas de 5 pulgadas\" width=\"800\" height=\"840\" \/><\/p>\n<p class=\"productsTags\">Hot Tags: 5 pulgadas platillo planta, proveedores, fabricantes, f\u00e1brica, al por mayor, para la venta<\/p>","protected":false},"excerpt":{"rendered":"<p>Somos una f\u00e1brica con casi 20 a\u00f1os de experiencia en la producci\u00f3n en China, nos hemos centrado en la producci\u00f3n de macetas de pl\u00e1stico, y somos el primer lote de f\u00e1bricas en China para empezar a hacer macetas de gal\u00f3n. platillos de plantas son tambi\u00e9n nuestros productos m\u00e1s vendidos, muchos mayoristas y clientes de comercio electr\u00f3nico de Amazon han estado comprando de nosotros. No s\u00f3lo traer beneficios a ellos, sino tambi\u00e9n dejar que muchos clientes finales crecen m\u00e1s y m\u00e1s hermosas flores con nuestro chasis. Nuestros modelos han sido de D13 a D52, con un total de 12 tama\u00f1os de productos, con di\u00e1metros inferiores que van desde 10 cm a 43 cm. El producto D13 puede utilizarse para macetas con un di\u00e1metro inferior a 10 en la parte inferior.<\/p>","protected":false},"featured_media":9131,"comment_status":"open","ping_status":"open","template":"","meta":[],"product_brand":[],"product_cat":[146],"product_tag":[],"class_list":{"0":"post-9157","1":"product","2":"type-product","3":"status-publish","4":"has-post-thumbnail","6":"product_cat-saucers","8":"first","9":"instock","10":"shipping-taxable","11":"product-type-simple"},"yoast_head":"<!-- This site is optimized with the Yoast SEO plugin v26.1.1 - https:\/\/yoast.com\/wordpress\/plugins\/seo\/ -->\n<title>5 Inch Plant Saucer - Ronbo Sunrise Pots &amp; Planters<\/title>\n<meta name=\"robots\" content=\"index, follow, max-snippet:-1, max-image-preview:large, max-video-preview:-1\" \/>\n<link rel=\"canonical\" href=\"https:\/\/www.ronboplastic.com\/es\/producto\/plato-para-plantas-de-5-pulgadas\/\" \/>\n<meta property=\"og:locale\" content=\"es_ES\" \/>\n<meta property=\"og:type\" content=\"article\" \/>\n<meta property=\"og:title\" content=\"5 Inch Plant Saucer - Ronbo Sunrise Pots &amp; Planters\" \/>\n<meta property=\"og:description\" content=\"We are a factory with nearly 20 years of production experience in China, we have been focusing on the production of plastic flower pots, and we are the first batch of factories in China to start making gallon pots. plant saucers are also our best-selling products, many wholesalers and Amazon&#039;s e-commerce customers have been buying from us. Not only bring profits to them, but also let many end customers grow more and more beautiful flowers with our chassis. Our models have been from D13 to D52, with a total of 12 sizes of products, with lower diameters ranging from 10 cm to 43 cm. The product D13 can be used to match flowerpots with diameter less than 10 at the bottom.\" \/>\n<meta property=\"og:url\" content=\"https:\/\/www.ronboplastic.com\/es\/producto\/plato-para-plantas-de-5-pulgadas\/\" \/>\n<meta property=\"og:site_name\" content=\"Ronbo Sunrise Pots &amp; Planters\" \/>\n<meta property=\"article:modified_time\" content=\"2026-05-09T09:02:22+00:00\" \/>\n<meta property=\"og:image\" content=\"https:\/\/www.ronboplastic.com\/wp-content\/uploads\/2025\/09\/55.png\" \/>\n\t<meta property=\"og:image:width\" content=\"730\" \/>\n\t<meta property=\"og:image:height\" content=\"730\" \/>\n\t<meta property=\"og:image:type\" content=\"image\/png\" \/>\n<meta name=\"twitter:card\" content=\"summary_large_image\" \/>\n<meta name=\"twitter:label1\" content=\"Tiempo de lectura\" \/>\n\t<meta name=\"twitter:data1\" content=\"1 minuto\" \/>\n<script type=\"application\/ld+json\" class=\"yoast-schema-graph\">{\"@context\":\"https:\/\/schema.org\",\"@graph\":[{\"@type\":\"WebPage\",\"@id\":\"https:\/\/www.ronboplastic.com\/product\/5-inch-plant-saucer\/\",\"url\":\"https:\/\/www.ronboplastic.com\/product\/5-inch-plant-saucer\/\",\"name\":\"5 Inch Plant Saucer - Ronbo Sunrise Pots &amp; Planters\",\"isPartOf\":{\"@id\":\"https:\/\/www.ronboplastic.com\/#website\"},\"primaryImageOfPage\":{\"@id\":\"https:\/\/www.ronboplastic.com\/product\/5-inch-plant-saucer\/#primaryimage\"},\"image\":{\"@id\":\"https:\/\/www.ronboplastic.com\/product\/5-inch-plant-saucer\/#primaryimage\"},\"thumbnailUrl\":\"https:\/\/www.ronboplastic.com\/wp-content\/uploads\/2025\/09\/55.png\",\"datePublished\":\"2024-09-26T23:00:22+00:00\",\"dateModified\":\"2026-05-09T09:02:22+00:00\",\"breadcrumb\":{\"@id\":\"https:\/\/www.ronboplastic.com\/product\/5-inch-plant-saucer\/#breadcrumb\"},\"inLanguage\":\"es\",\"potentialAction\":[{\"@type\":\"ReadAction\",\"target\":[\"https:\/\/www.ronboplastic.com\/product\/5-inch-plant-saucer\/\"]}]},{\"@type\":\"ImageObject\",\"inLanguage\":\"es\",\"@id\":\"https:\/\/www.ronboplastic.com\/product\/5-inch-plant-saucer\/#primaryimage\",\"url\":\"https:\/\/www.ronboplastic.com\/wp-content\/uploads\/2025\/09\/55.png\",\"contentUrl\":\"https:\/\/www.ronboplastic.com\/wp-content\/uploads\/2025\/09\/55.png\",\"width\":730,\"height\":730,\"caption\":\"plant pots saucer\"},{\"@type\":\"BreadcrumbList\",\"@id\":\"https:\/\/www.ronboplastic.com\/product\/5-inch-plant-saucer\/#breadcrumb\",\"itemListElement\":[{\"@type\":\"ListItem\",\"position\":1,\"name\":\"\u9996\u9875\",\"item\":\"https:\/\/www.ronboplastic.com\/\"},{\"@type\":\"ListItem\",\"position\":2,\"name\":\"Products\",\"item\":\"http:\/\/www.ronboplastic.com\/products\/\"},{\"@type\":\"ListItem\",\"position\":3,\"name\":\"5 Inch Plant Saucer\"}]},{\"@type\":\"WebSite\",\"@id\":\"https:\/\/www.ronboplastic.com\/#website\",\"url\":\"https:\/\/www.ronboplastic.com\/\",\"name\":\"Ronbo Sunrise Pots &amp; Planters\",\"description\":\"Flower Pots &amp; Planters\",\"potentialAction\":[{\"@type\":\"SearchAction\",\"target\":{\"@type\":\"EntryPoint\",\"urlTemplate\":\"https:\/\/www.ronboplastic.com\/?s={search_term_string}\"},\"query-input\":{\"@type\":\"PropertyValueSpecification\",\"valueRequired\":true,\"valueName\":\"search_term_string\"}}],\"inLanguage\":\"es\"}]}<\/script>\n<!-- \/ Yoast SEO plugin. -->","yoast_head_json":{"title":"5 Inch Plant Saucer - Ronbo Sunrise Pots &amp; Planters","robots":{"index":"index","follow":"follow","max-snippet":"max-snippet:-1","max-image-preview":"max-image-preview:large","max-video-preview":"max-video-preview:-1"},"canonical":"https:\/\/www.ronboplastic.com\/es\/producto\/plato-para-plantas-de-5-pulgadas\/","og_locale":"es_ES","og_type":"article","og_title":"5 Inch Plant Saucer - Ronbo Sunrise Pots &amp; Planters","og_description":"We are a factory with nearly 20 years of production experience in China, we have been focusing on the production of plastic flower pots, and we are the first batch of factories in China to start making gallon pots. plant saucers are also our best-selling products, many wholesalers and Amazon's e-commerce customers have been buying from us. Not only bring profits to them, but also let many end customers grow more and more beautiful flowers with our chassis. Our models have been from D13 to D52, with a total of 12 sizes of products, with lower diameters ranging from 10 cm to 43 cm. The product D13 can be used to match flowerpots with diameter less than 10 at the bottom.","og_url":"https:\/\/www.ronboplastic.com\/es\/producto\/plato-para-plantas-de-5-pulgadas\/","og_site_name":"Ronbo Sunrise Pots &amp; Planters","article_modified_time":"2026-05-09T09:02:22+00:00","og_image":[{"width":730,"height":730,"url":"https:\/\/www.ronboplastic.com\/wp-content\/uploads\/2025\/09\/55.png","type":"image\/png"}],"twitter_card":"summary_large_image","twitter_misc":{"Tiempo de lectura":"1 minuto"},"schema":{"@context":"https:\/\/schema.org","@graph":[{"@type":"WebPage","@id":"https:\/\/www.ronboplastic.com\/product\/5-inch-plant-saucer\/","url":"https:\/\/www.ronboplastic.com\/product\/5-inch-plant-saucer\/","name":"5 Inch Plant Saucer - Ronbo Sunrise Pots &amp; Planters","isPartOf":{"@id":"https:\/\/www.ronboplastic.com\/#website"},"primaryImageOfPage":{"@id":"https:\/\/www.ronboplastic.com\/product\/5-inch-plant-saucer\/#primaryimage"},"image":{"@id":"https:\/\/www.ronboplastic.com\/product\/5-inch-plant-saucer\/#primaryimage"},"thumbnailUrl":"https:\/\/www.ronboplastic.com\/wp-content\/uploads\/2025\/09\/55.png","datePublished":"2024-09-26T23:00:22+00:00","dateModified":"2026-05-09T09:02:22+00:00","breadcrumb":{"@id":"https:\/\/www.ronboplastic.com\/product\/5-inch-plant-saucer\/#breadcrumb"},"inLanguage":"es","potentialAction":[{"@type":"ReadAction","target":["https:\/\/www.ronboplastic.com\/product\/5-inch-plant-saucer\/"]}]},{"@type":"ImageObject","inLanguage":"es","@id":"https:\/\/www.ronboplastic.com\/product\/5-inch-plant-saucer\/#primaryimage","url":"https:\/\/www.ronboplastic.com\/wp-content\/uploads\/2025\/09\/55.png","contentUrl":"https:\/\/www.ronboplastic.com\/wp-content\/uploads\/2025\/09\/55.png","width":730,"height":730,"caption":"plant pots saucer"},{"@type":"BreadcrumbList","@id":"https:\/\/www.ronboplastic.com\/product\/5-inch-plant-saucer\/#breadcrumb","itemListElement":[{"@type":"ListItem","position":1,"name":"\u9996\u9875","item":"https:\/\/www.ronboplastic.com\/"},{"@type":"ListItem","position":2,"name":"Products","item":"http:\/\/www.ronboplastic.com\/products\/"},{"@type":"ListItem","position":3,"name":"5 Inch Plant Saucer"}]},{"@type":"WebSite","@id":"https:\/\/www.ronboplastic.com\/#website","url":"https:\/\/www.ronboplastic.com\/","name":"Ronbo Sunrise Pots &amp; Planters","description":"Macetas y jardineras","potentialAction":[{"@type":"SearchAction","target":{"@type":"EntryPoint","urlTemplate":"https:\/\/www.ronboplastic.com\/?s={search_term_string}"},"query-input":{"@type":"PropertyValueSpecification","valueRequired":true,"valueName":"search_term_string"}}],"inLanguage":"es"}]}},"_links":{"self":[{"href":"https:\/\/www.ronboplastic.com\/es\/wp-json\/wp\/v2\/product\/9157","targetHints":{"allow":["GET"]}}],"collection":[{"href":"https:\/\/www.ronboplastic.com\/es\/wp-json\/wp\/v2\/product"}],"about":[{"href":"https:\/\/www.ronboplastic.com\/es\/wp-json\/wp\/v2\/types\/product"}],"replies":[{"embeddable":true,"href":"https:\/\/www.ronboplastic.com\/es\/wp-json\/wp\/v2\/comments?post=9157"}],"wp:featuredmedia":[{"embeddable":true,"href":"https:\/\/www.ronboplastic.com\/es\/wp-json\/wp\/v2\/media\/9131"}],"wp:attachment":[{"href":"https:\/\/www.ronboplastic.com\/es\/wp-json\/wp\/v2\/media?parent=9157"}],"wp:term":[{"taxonomy":"product_brand","embeddable":true,"href":"https:\/\/www.ronboplastic.com\/es\/wp-json\/wp\/v2\/product_brand?post=9157"},{"taxonomy":"product_cat","embeddable":true,"href":"https:\/\/www.ronboplastic.com\/es\/wp-json\/wp\/v2\/product_cat?post=9157"},{"taxonomy":"product_tag","embeddable":true,"href":"https:\/\/www.ronboplastic.com\/es\/wp-json\/wp\/v2\/product_tag?post=9157"}],"curies":[{"name":"wp","href":"https:\/\/api.w.org\/{rel}","templated":true}]}}