{"id":9142,"date":"2024-09-27T06:41:56","date_gmt":"2024-09-26T22:41:56","guid":{"rendered":"https:\/\/www.ronboplastic.com\/index.php\/product\/11-inch-plant-saucer\/"},"modified":"2025-09-08T14:18:30","modified_gmt":"2025-09-08T06:18:30","slug":"plato-para-plantas-de-11-pulgadas","status":"publish","type":"product","link":"https:\/\/www.ronboplastic.com\/es\/producto\/plato-para-plantas-de-11-pulgadas\/","title":{"rendered":"Platillo para plantas de 11 pulgadas"},"content":{"rendered":"<p>El platillo para plantas de 11 pulgadas mide 30 cm de di\u00e1metro y 25 cm (9,5 pulgadas) de di\u00e1metro en la parte inferior. Todas las macetas y jardineras de menos de 9,5 pulgadas pueden utilizar el platillo para plantas.  Nuestra maceta de 3 galones y nuestra maceta de 5 galones tambi\u00e9n se pueden combinar con este plato inferior.  El platillo para plantas est\u00e1 fabricado con material reciclado PP, que es resistente y duradero y puede utilizarse de 5 a 10 a\u00f1os en interiores y de 3 a 5 a\u00f1os en exteriores.<\/p>\n<p><img loading=\"lazy\" decoding=\"async\" title=\"Platillo para plantas de 11 pulgadas\" src=\"https:\/\/www.ronboplastic.com\/wp-content\/uploads\/2025\/09\/2022070411432255e466a32bd249b585b8a2e4f239eb02.jpg\" alt=\"Platillo para plantas de 11 pulgadas\" width=\"800\" height=\"772\" \/><\/p>\n<p><strong>Especificaciones<\/strong><\/p>\n<section class=\"table-wrap\">\n<table class=\"table\" border=\"1\" width=\"100%\" cellspacing=\"0\" cellpadding=\"0\">\n<tbody>\n<tr class=\"firstRow\">\n<td>N\u00famero de modelo<\/td>\n<td>D28<\/td>\n<\/tr>\n<tr>\n<td>Tipo de pl\u00e1stico<\/td>\n<td>PP<\/td>\n<\/tr>\n<tr>\n<td>Tipo<\/td>\n<td>Propagaci\u00f3n<\/td>\n<\/tr>\n<tr>\n<td>Di\u00e1metro superior<\/td>\n<td>28 cm<\/td>\n<\/tr>\n<tr>\n<td>Di\u00e1metro inferior<\/td>\n<td>23,8 cm\/9,4 pulgadas<\/td>\n<\/tr>\n<tr>\n<td>Altura<\/td>\n<td>3,5 cm<\/td>\n<\/tr>\n<tr>\n<td>Peso<\/td>\n<td>87g<\/td>\n<\/tr>\n<\/tbody>\n<\/table>\n<\/section>\n<p><strong>Nuestros servicios<\/strong><\/p>\n<p><img loading=\"lazy\" decoding=\"async\" src=\"https:\/\/www.ronboplastic.com\/wp-content\/uploads\/2025\/09\/202205131612159a16ace32ec04133ae6f48e4dcaa3c85.jpg\" alt=\"Platillo para plantas de 11 pulgadas\" width=\"800\" height=\"207\" \/><\/p>\n<p><img loading=\"lazy\" decoding=\"async\" src=\"https:\/\/www.ronboplastic.com\/wp-content\/uploads\/2025\/09\/2022052411022769afc5a8ee884858a93ba5486be9d6b4.jpg\" alt=\"Platillo para plantas de 11 pulgadas\" width=\"800\" height=\"840\" \/><\/p>\n<p class=\"productsTags\">Hot Tags: 11 inch plant saucer, proveedores, fabricantes, f\u00e1brica, al por mayor, para la venta<\/p>","protected":false},"excerpt":{"rendered":"<p>El platillo para plantas de 11 pulgadas mide 30 cm de di\u00e1metro y 25 cm (9,5 pulgadas) de di\u00e1metro en la parte inferior. Todas las macetas y jardineras de menos de 9,5 pulgadas pueden utilizar el platillo para plantas. Nuestra maceta de 3 galones y nuestra maceta de 5 galones tambi\u00e9n se pueden combinar con este plato inferior. El platillo para plantas est\u00e1 fabricado con material reciclado PP, que es resistente y duradero y puede utilizarse de 5 a 10 a\u00f1os en interiores y de 3 a 5 a\u00f1os en exteriores.<\/p>","protected":false},"featured_media":9113,"comment_status":"open","ping_status":"open","template":"","meta":[],"product_brand":[],"product_cat":[89],"product_tag":[91],"class_list":{"0":"post-9142","1":"product","2":"type-product","3":"status-publish","4":"has-post-thumbnail","6":"product_cat-plant-saucer","7":"product_tag-11-inch-plant-saucer","9":"first","10":"instock","11":"shipping-taxable","12":"product-type-simple"},"yoast_head":"<!-- This site is optimized with the Yoast SEO plugin v26.1.1 - https:\/\/yoast.com\/wordpress\/plugins\/seo\/ -->\n<title>11 Inch Plant Saucer - Ronbo Sunrise Pots &amp; Planters<\/title>\n<meta name=\"robots\" content=\"index, follow, max-snippet:-1, max-image-preview:large, max-video-preview:-1\" \/>\n<link rel=\"canonical\" href=\"https:\/\/www.ronboplastic.com\/es\/producto\/plato-para-plantas-de-11-pulgadas\/\" \/>\n<meta property=\"og:locale\" content=\"es_ES\" \/>\n<meta property=\"og:type\" content=\"article\" \/>\n<meta property=\"og:title\" content=\"11 Inch Plant Saucer - Ronbo Sunrise Pots &amp; Planters\" \/>\n<meta property=\"og:description\" content=\"The 11\u00a0inch\u00a0plant\u00a0saucer is 30cm in diameter and 25cm (9.5 inches) in diameter at the bottom. All Pots &amp; Planters smaller than 9.5 inches can use the Plant Saucer. Our 3 gallon pot and 5 gallon Pot can also be matched with this bottom plate. Plant Saucer is produced with PP recycled material, which is strong and durable and can be used for 5 to 10 years indoors and 3 to 5 years outdoors.Classic black works well with Cement Planter, Plastic Planter, Glazed Planter,plant planter.\" \/>\n<meta property=\"og:url\" content=\"https:\/\/www.ronboplastic.com\/es\/producto\/plato-para-plantas-de-11-pulgadas\/\" \/>\n<meta property=\"og:site_name\" content=\"Ronbo Sunrise Pots &amp; Planters\" \/>\n<meta property=\"article:modified_time\" content=\"2025-09-08T06:18:30+00:00\" \/>\n<meta property=\"og:image\" content=\"https:\/\/www.ronboplastic.com\/wp-content\/uploads\/2025\/09\/5.png\" \/>\n\t<meta property=\"og:image:width\" content=\"730\" \/>\n\t<meta property=\"og:image:height\" content=\"730\" \/>\n\t<meta property=\"og:image:type\" content=\"image\/png\" \/>\n<meta name=\"twitter:card\" content=\"summary_large_image\" \/>\n<meta name=\"twitter:label1\" content=\"Tiempo de lectura\" \/>\n\t<meta name=\"twitter:data1\" content=\"1 minuto\" \/>\n<script type=\"application\/ld+json\" class=\"yoast-schema-graph\">{\"@context\":\"https:\/\/schema.org\",\"@graph\":[{\"@type\":\"WebPage\",\"@id\":\"https:\/\/www.ronboplastic.com\/fr\/produit\/soucoupe-pour-plantes-de-11-pouces\/\",\"url\":\"https:\/\/www.ronboplastic.com\/fr\/produit\/soucoupe-pour-plantes-de-11-pouces\/\",\"name\":\"11 Inch Plant Saucer - Ronbo Sunrise Pots &amp; Planters\",\"isPartOf\":{\"@id\":\"https:\/\/www.ronboplastic.com\/#website\"},\"primaryImageOfPage\":{\"@id\":\"https:\/\/www.ronboplastic.com\/fr\/produit\/soucoupe-pour-plantes-de-11-pouces\/#primaryimage\"},\"image\":{\"@id\":\"https:\/\/www.ronboplastic.com\/fr\/produit\/soucoupe-pour-plantes-de-11-pouces\/#primaryimage\"},\"thumbnailUrl\":\"https:\/\/www.ronboplastic.com\/wp-content\/uploads\/2025\/09\/5.png\",\"datePublished\":\"2024-09-26T22:41:56+00:00\",\"dateModified\":\"2025-09-08T06:18:30+00:00\",\"breadcrumb\":{\"@id\":\"https:\/\/www.ronboplastic.com\/fr\/produit\/soucoupe-pour-plantes-de-11-pouces\/#breadcrumb\"},\"inLanguage\":\"es\",\"potentialAction\":[{\"@type\":\"ReadAction\",\"target\":[\"https:\/\/www.ronboplastic.com\/fr\/produit\/soucoupe-pour-plantes-de-11-pouces\/\"]}]},{\"@type\":\"ImageObject\",\"inLanguage\":\"es\",\"@id\":\"https:\/\/www.ronboplastic.com\/fr\/produit\/soucoupe-pour-plantes-de-11-pouces\/#primaryimage\",\"url\":\"https:\/\/www.ronboplastic.com\/wp-content\/uploads\/2025\/09\/5.png\",\"contentUrl\":\"https:\/\/www.ronboplastic.com\/wp-content\/uploads\/2025\/09\/5.png\",\"width\":730,\"height\":730,\"caption\":\"plant pots saucer\"},{\"@type\":\"BreadcrumbList\",\"@id\":\"https:\/\/www.ronboplastic.com\/fr\/produit\/soucoupe-pour-plantes-de-11-pouces\/#breadcrumb\",\"itemListElement\":[{\"@type\":\"ListItem\",\"position\":1,\"name\":\"\u9996\u9875\",\"item\":\"https:\/\/www.ronboplastic.com\/\"},{\"@type\":\"ListItem\",\"position\":2,\"name\":\"Products\",\"item\":\"http:\/\/www.ronboplastic.com\/products\/\"},{\"@type\":\"ListItem\",\"position\":3,\"name\":\"11 Inch Plant Saucer\"}]},{\"@type\":\"WebSite\",\"@id\":\"https:\/\/www.ronboplastic.com\/#website\",\"url\":\"https:\/\/www.ronboplastic.com\/\",\"name\":\"Ronbo Sunrise Pots &amp; Planters\",\"description\":\"Flower Pots &amp; Planters\",\"potentialAction\":[{\"@type\":\"SearchAction\",\"target\":{\"@type\":\"EntryPoint\",\"urlTemplate\":\"https:\/\/www.ronboplastic.com\/?s={search_term_string}\"},\"query-input\":{\"@type\":\"PropertyValueSpecification\",\"valueRequired\":true,\"valueName\":\"search_term_string\"}}],\"inLanguage\":\"es\"}]}<\/script>\n<!-- \/ Yoast SEO plugin. -->","yoast_head_json":{"title":"11 Inch Plant Saucer - Ronbo Sunrise Pots &amp; Planters","robots":{"index":"index","follow":"follow","max-snippet":"max-snippet:-1","max-image-preview":"max-image-preview:large","max-video-preview":"max-video-preview:-1"},"canonical":"https:\/\/www.ronboplastic.com\/es\/producto\/plato-para-plantas-de-11-pulgadas\/","og_locale":"es_ES","og_type":"article","og_title":"11 Inch Plant Saucer - Ronbo Sunrise Pots &amp; Planters","og_description":"The 11\u00a0inch\u00a0plant\u00a0saucer is 30cm in diameter and 25cm (9.5 inches) in diameter at the bottom. All Pots &amp; Planters smaller than 9.5 inches can use the Plant Saucer. Our 3 gallon pot and 5 gallon Pot can also be matched with this bottom plate. Plant Saucer is produced with PP recycled material, which is strong and durable and can be used for 5 to 10 years indoors and 3 to 5 years outdoors.Classic black works well with Cement Planter, Plastic Planter, Glazed Planter,plant planter.","og_url":"https:\/\/www.ronboplastic.com\/es\/producto\/plato-para-plantas-de-11-pulgadas\/","og_site_name":"Ronbo Sunrise Pots &amp; Planters","article_modified_time":"2025-09-08T06:18:30+00:00","og_image":[{"width":730,"height":730,"url":"https:\/\/www.ronboplastic.com\/wp-content\/uploads\/2025\/09\/5.png","type":"image\/png"}],"twitter_card":"summary_large_image","twitter_misc":{"Tiempo de lectura":"1 minuto"},"schema":{"@context":"https:\/\/schema.org","@graph":[{"@type":"WebPage","@id":"https:\/\/www.ronboplastic.com\/fr\/produit\/soucoupe-pour-plantes-de-11-pouces\/","url":"https:\/\/www.ronboplastic.com\/fr\/produit\/soucoupe-pour-plantes-de-11-pouces\/","name":"11 Inch Plant Saucer - Ronbo Sunrise Pots &amp; Planters","isPartOf":{"@id":"https:\/\/www.ronboplastic.com\/#website"},"primaryImageOfPage":{"@id":"https:\/\/www.ronboplastic.com\/fr\/produit\/soucoupe-pour-plantes-de-11-pouces\/#primaryimage"},"image":{"@id":"https:\/\/www.ronboplastic.com\/fr\/produit\/soucoupe-pour-plantes-de-11-pouces\/#primaryimage"},"thumbnailUrl":"https:\/\/www.ronboplastic.com\/wp-content\/uploads\/2025\/09\/5.png","datePublished":"2024-09-26T22:41:56+00:00","dateModified":"2025-09-08T06:18:30+00:00","breadcrumb":{"@id":"https:\/\/www.ronboplastic.com\/fr\/produit\/soucoupe-pour-plantes-de-11-pouces\/#breadcrumb"},"inLanguage":"es","potentialAction":[{"@type":"ReadAction","target":["https:\/\/www.ronboplastic.com\/fr\/produit\/soucoupe-pour-plantes-de-11-pouces\/"]}]},{"@type":"ImageObject","inLanguage":"es","@id":"https:\/\/www.ronboplastic.com\/fr\/produit\/soucoupe-pour-plantes-de-11-pouces\/#primaryimage","url":"https:\/\/www.ronboplastic.com\/wp-content\/uploads\/2025\/09\/5.png","contentUrl":"https:\/\/www.ronboplastic.com\/wp-content\/uploads\/2025\/09\/5.png","width":730,"height":730,"caption":"plant pots saucer"},{"@type":"BreadcrumbList","@id":"https:\/\/www.ronboplastic.com\/fr\/produit\/soucoupe-pour-plantes-de-11-pouces\/#breadcrumb","itemListElement":[{"@type":"ListItem","position":1,"name":"\u9996\u9875","item":"https:\/\/www.ronboplastic.com\/"},{"@type":"ListItem","position":2,"name":"Products","item":"http:\/\/www.ronboplastic.com\/products\/"},{"@type":"ListItem","position":3,"name":"11 Inch Plant Saucer"}]},{"@type":"WebSite","@id":"https:\/\/www.ronboplastic.com\/#website","url":"https:\/\/www.ronboplastic.com\/","name":"Ronbo Sunrise Pots &amp; Planters","description":"Macetas y jardineras","potentialAction":[{"@type":"SearchAction","target":{"@type":"EntryPoint","urlTemplate":"https:\/\/www.ronboplastic.com\/?s={search_term_string}"},"query-input":{"@type":"PropertyValueSpecification","valueRequired":true,"valueName":"search_term_string"}}],"inLanguage":"es"}]}},"_links":{"self":[{"href":"https:\/\/www.ronboplastic.com\/es\/wp-json\/wp\/v2\/product\/9142","targetHints":{"allow":["GET"]}}],"collection":[{"href":"https:\/\/www.ronboplastic.com\/es\/wp-json\/wp\/v2\/product"}],"about":[{"href":"https:\/\/www.ronboplastic.com\/es\/wp-json\/wp\/v2\/types\/product"}],"replies":[{"embeddable":true,"href":"https:\/\/www.ronboplastic.com\/es\/wp-json\/wp\/v2\/comments?post=9142"}],"wp:featuredmedia":[{"embeddable":true,"href":"https:\/\/www.ronboplastic.com\/es\/wp-json\/wp\/v2\/media\/9113"}],"wp:attachment":[{"href":"https:\/\/www.ronboplastic.com\/es\/wp-json\/wp\/v2\/media?parent=9142"}],"wp:term":[{"taxonomy":"product_brand","embeddable":true,"href":"https:\/\/www.ronboplastic.com\/es\/wp-json\/wp\/v2\/product_brand?post=9142"},{"taxonomy":"product_cat","embeddable":true,"href":"https:\/\/www.ronboplastic.com\/es\/wp-json\/wp\/v2\/product_cat?post=9142"},{"taxonomy":"product_tag","embeddable":true,"href":"https:\/\/www.ronboplastic.com\/es\/wp-json\/wp\/v2\/product_tag?post=9142"}],"curies":[{"name":"wp","href":"https:\/\/api.w.org\/{rel}","templated":true}]}}