{"id":9099,"date":"2024-09-25T10:21:01","date_gmt":"2024-09-25T02:21:01","guid":{"rendered":"https:\/\/www.ronboplastic.com\/index.php\/product\/21-inch-plastic-plant-saucer\/"},"modified":"2025-09-08T14:18:06","modified_gmt":"2025-09-08T06:18:06","slug":"plato-de-plastico-para-plantas-de-21-pulgadas","status":"publish","type":"product","link":"https:\/\/www.ronboplastic.com\/es\/producto\/plato-de-plastico-para-plantas-de-21-pulgadas\/","title":{"rendered":"Plato de pl\u00e1stico de 21 pulgadas"},"content":{"rendered":"<p>Plato de plastico de 21 pulgadas,su diametro superior es de 20.5 pulgadas, el diametro inferior es de 17 pulgadas, y la altura es de 2.4 pulgadas.se puede utilizar para plantas grandes o arboles en macetas de 15 galones y 20 galones. Los platillos de la planta se puede utilizar para todas las macetas y jardineras con un di\u00e1metro inferior a 17 pulgadas.  Tambi\u00e9n es muy grueso, fuerte y duradero. Hay un mont\u00f3n de colores negro y terracota en stock. Tambi\u00e9n podemos personalizar otros colores en grandes cantidades.<\/p>\n<p><img loading=\"lazy\" decoding=\"async\" title=\"Plato de pl\u00e1stico de 21 pulgadas\" src=\"https:\/\/www.ronboplastic.com\/wp-content\/uploads\/2025\/09\/20220704143911390ce700bfbc4dc1b434d0be035b1808.jpg\" alt=\"Plato de pl\u00e1stico de 21 pulgadas\" width=\"800\" height=\"772\" \/><\/p>\n<p><strong>Especificaciones<\/strong><\/p>\n<section class=\"table-wrap\">\n<table class=\"table\" border=\"1\" width=\"100%\" cellspacing=\"0\" cellpadding=\"0\">\n<tbody>\n<tr class=\"firstRow\">\n<td>N\u00famero de modelo<\/td>\n<td>D52<\/td>\n<\/tr>\n<tr>\n<td>Tipo de pl\u00e1stico<\/td>\n<td>PP<\/td>\n<\/tr>\n<tr>\n<td>Tipo<\/td>\n<td>Propagaci\u00f3n<\/td>\n<\/tr>\n<tr>\n<td>Di\u00e1metro superior<\/td>\n<td>52 cm\/20,5 pulgadas<\/td>\n<\/tr>\n<tr>\n<td>Di\u00e1metro inferior<\/td>\n<td>43 cm\/17 pulgadas<\/td>\n<\/tr>\n<tr>\n<td>Altura<\/td>\n<td>6 cm<\/td>\n<\/tr>\n<tr>\n<td>Peso<\/td>\n<td>550g<\/td>\n<\/tr>\n<\/tbody>\n<\/table>\n<\/section>\n<p><strong>Nuestros servicios<\/strong><\/p>\n<p><img loading=\"lazy\" decoding=\"async\" src=\"https:\/\/www.ronboplastic.com\/wp-content\/uploads\/2025\/09\/202205131612159a16ace32ec04133ae6f48e4dcaa3c85.jpg\" alt=\"Plato de pl\u00e1stico de 21 pulgadas\" width=\"800\" height=\"207\" \/><\/p>\n<p><img loading=\"lazy\" decoding=\"async\" src=\"https:\/\/www.ronboplastic.com\/wp-content\/uploads\/2025\/09\/2022052411022769afc5a8ee884858a93ba5486be9d6b4.jpg\" alt=\"Plato de pl\u00e1stico de 21 pulgadas\" width=\"800\" height=\"840\" \/><\/p>\n<p class=\"productsTags\">Hot Tags: 21 inch plastic plant saucer, proveedores, fabricantes, f\u00e1brica, al por mayor, para la venta<\/p>","protected":false},"excerpt":{"rendered":"<p>Plato de plastico de 21 pulgadas,su diametro superior es de 20.5 pulgadas, el diametro inferior es de 17 pulgadas, y la altura es de 2.4 pulgadas.se puede utilizar para plantas grandes o arboles en macetas de 15 galones y 20 galones. Los platillos de la planta se puede utilizar para todas las macetas y jardineras con un di\u00e1metro inferior a 17 pulgadas. Tambi\u00e9n es muy grueso, fuerte y duradero. Hay un mont\u00f3n de colores negro y terracota en stock. Tambi\u00e9n podemos personalizar otros colores en grandes cantidades.<\/p>","protected":false},"featured_media":9102,"comment_status":"open","ping_status":"open","template":"","meta":[],"product_brand":[],"product_cat":[89],"product_tag":[],"class_list":{"0":"post-9099","1":"product","2":"type-product","3":"status-publish","4":"has-post-thumbnail","6":"product_cat-plant-saucer","8":"first","9":"instock","10":"shipping-taxable","11":"product-type-simple"},"yoast_head":"<!-- This site is optimized with the Yoast SEO plugin v26.1.1 - https:\/\/yoast.com\/wordpress\/plugins\/seo\/ -->\n<title>21 Inch Plastic Plant Saucer - Ronbo Sunrise Pots &amp; Planters<\/title>\n<meta name=\"robots\" content=\"index, follow, max-snippet:-1, max-image-preview:large, max-video-preview:-1\" \/>\n<link rel=\"canonical\" href=\"http:\/\/www.ronboplastic.com\/es\/producto\/plato-de-plastico-para-plantas-de-21-pulgadas\/\" \/>\n<meta property=\"og:locale\" content=\"es_ES\" \/>\n<meta property=\"og:type\" content=\"article\" \/>\n<meta property=\"og:title\" content=\"21 Inch Plastic Plant Saucer - Ronbo Sunrise Pots &amp; Planters\" \/>\n<meta property=\"og:description\" content=\"21\u00a0inch\u00a0plastic\u00a0plant\u00a0saucer,its top diameter is 20.5 inches, bottom diameter is 17 inches, and height is 2.4 inches.It can be used for large plants or trees in 15-gallon and 20-gallon POTS. The Plant saucers can be used for all Pots &amp; Planters with a bottom diameter less than 17 inches. It is also very thick,strong and durable. There are plenty of black and terracotta colors in stock. We can also customize other colors in large quantities.\" \/>\n<meta property=\"og:url\" content=\"http:\/\/www.ronboplastic.com\/es\/producto\/plato-de-plastico-para-plantas-de-21-pulgadas\/\" \/>\n<meta property=\"og:site_name\" content=\"Ronbo Sunrise Pots &amp; Planters\" \/>\n<meta property=\"article:modified_time\" content=\"2025-09-08T06:18:06+00:00\" \/>\n<meta property=\"og:image\" content=\"https:\/\/www.ronboplastic.com\/wp-content\/uploads\/2025\/09\/4.png\" \/>\n\t<meta property=\"og:image:width\" content=\"730\" \/>\n\t<meta property=\"og:image:height\" content=\"730\" \/>\n\t<meta property=\"og:image:type\" content=\"image\/png\" \/>\n<meta name=\"twitter:card\" content=\"summary_large_image\" \/>\n<meta name=\"twitter:label1\" content=\"Tiempo de lectura\" \/>\n\t<meta name=\"twitter:data1\" content=\"1 minuto\" \/>\n<script type=\"application\/ld+json\" class=\"yoast-schema-graph\">{\"@context\":\"https:\/\/schema.org\",\"@graph\":[{\"@type\":\"WebPage\",\"@id\":\"http:\/\/www.ronboplastic.com\/pt\/produto\/pires-de-plastico-de-21-polegadas-para-plantas\/\",\"url\":\"http:\/\/www.ronboplastic.com\/pt\/produto\/pires-de-plastico-de-21-polegadas-para-plantas\/\",\"name\":\"21 Inch Plastic Plant Saucer - Ronbo Sunrise Pots &amp; Planters\",\"isPartOf\":{\"@id\":\"https:\/\/www.ronboplastic.com\/#website\"},\"primaryImageOfPage\":{\"@id\":\"http:\/\/www.ronboplastic.com\/pt\/produto\/pires-de-plastico-de-21-polegadas-para-plantas\/#primaryimage\"},\"image\":{\"@id\":\"http:\/\/www.ronboplastic.com\/pt\/produto\/pires-de-plastico-de-21-polegadas-para-plantas\/#primaryimage\"},\"thumbnailUrl\":\"https:\/\/www.ronboplastic.com\/wp-content\/uploads\/2025\/09\/4.png\",\"datePublished\":\"2024-09-25T02:21:01+00:00\",\"dateModified\":\"2025-09-08T06:18:06+00:00\",\"breadcrumb\":{\"@id\":\"http:\/\/www.ronboplastic.com\/pt\/produto\/pires-de-plastico-de-21-polegadas-para-plantas\/#breadcrumb\"},\"inLanguage\":\"es\",\"potentialAction\":[{\"@type\":\"ReadAction\",\"target\":[\"http:\/\/www.ronboplastic.com\/pt\/produto\/pires-de-plastico-de-21-polegadas-para-plantas\/\"]}]},{\"@type\":\"ImageObject\",\"inLanguage\":\"es\",\"@id\":\"http:\/\/www.ronboplastic.com\/pt\/produto\/pires-de-plastico-de-21-polegadas-para-plantas\/#primaryimage\",\"url\":\"https:\/\/www.ronboplastic.com\/wp-content\/uploads\/2025\/09\/4.png\",\"contentUrl\":\"https:\/\/www.ronboplastic.com\/wp-content\/uploads\/2025\/09\/4.png\",\"width\":730,\"height\":730,\"caption\":\"plant pots saucer\"},{\"@type\":\"BreadcrumbList\",\"@id\":\"http:\/\/www.ronboplastic.com\/pt\/produto\/pires-de-plastico-de-21-polegadas-para-plantas\/#breadcrumb\",\"itemListElement\":[{\"@type\":\"ListItem\",\"position\":1,\"name\":\"\u9996\u9875\",\"item\":\"https:\/\/www.ronboplastic.com\/\"},{\"@type\":\"ListItem\",\"position\":2,\"name\":\"Products\",\"item\":\"http:\/\/www.ronboplastic.com\/products\/\"},{\"@type\":\"ListItem\",\"position\":3,\"name\":\"21 Inch Plastic Plant Saucer\"}]},{\"@type\":\"WebSite\",\"@id\":\"https:\/\/www.ronboplastic.com\/#website\",\"url\":\"https:\/\/www.ronboplastic.com\/\",\"name\":\"Ronbo Sunrise Pots &amp; Planters\",\"description\":\"Flower Pots &amp; Planters\",\"potentialAction\":[{\"@type\":\"SearchAction\",\"target\":{\"@type\":\"EntryPoint\",\"urlTemplate\":\"https:\/\/www.ronboplastic.com\/?s={search_term_string}\"},\"query-input\":{\"@type\":\"PropertyValueSpecification\",\"valueRequired\":true,\"valueName\":\"search_term_string\"}}],\"inLanguage\":\"es\"}]}<\/script>\n<!-- \/ Yoast SEO plugin. -->","yoast_head_json":{"title":"21 Inch Plastic Plant Saucer - Ronbo Sunrise Pots &amp; Planters","robots":{"index":"index","follow":"follow","max-snippet":"max-snippet:-1","max-image-preview":"max-image-preview:large","max-video-preview":"max-video-preview:-1"},"canonical":"http:\/\/www.ronboplastic.com\/es\/producto\/plato-de-plastico-para-plantas-de-21-pulgadas\/","og_locale":"es_ES","og_type":"article","og_title":"21 Inch Plastic Plant Saucer - Ronbo Sunrise Pots &amp; Planters","og_description":"21\u00a0inch\u00a0plastic\u00a0plant\u00a0saucer,its top diameter is 20.5 inches, bottom diameter is 17 inches, and height is 2.4 inches.It can be used for large plants or trees in 15-gallon and 20-gallon POTS. The Plant saucers can be used for all Pots &amp; Planters with a bottom diameter less than 17 inches. It is also very thick,strong and durable. There are plenty of black and terracotta colors in stock. We can also customize other colors in large quantities.","og_url":"http:\/\/www.ronboplastic.com\/es\/producto\/plato-de-plastico-para-plantas-de-21-pulgadas\/","og_site_name":"Ronbo Sunrise Pots &amp; Planters","article_modified_time":"2025-09-08T06:18:06+00:00","og_image":[{"width":730,"height":730,"url":"https:\/\/www.ronboplastic.com\/wp-content\/uploads\/2025\/09\/4.png","type":"image\/png"}],"twitter_card":"summary_large_image","twitter_misc":{"Tiempo de lectura":"1 minuto"},"schema":{"@context":"https:\/\/schema.org","@graph":[{"@type":"WebPage","@id":"http:\/\/www.ronboplastic.com\/pt\/produto\/pires-de-plastico-de-21-polegadas-para-plantas\/","url":"http:\/\/www.ronboplastic.com\/pt\/produto\/pires-de-plastico-de-21-polegadas-para-plantas\/","name":"21 Inch Plastic Plant Saucer - Ronbo Sunrise Pots &amp; Planters","isPartOf":{"@id":"https:\/\/www.ronboplastic.com\/#website"},"primaryImageOfPage":{"@id":"http:\/\/www.ronboplastic.com\/pt\/produto\/pires-de-plastico-de-21-polegadas-para-plantas\/#primaryimage"},"image":{"@id":"http:\/\/www.ronboplastic.com\/pt\/produto\/pires-de-plastico-de-21-polegadas-para-plantas\/#primaryimage"},"thumbnailUrl":"https:\/\/www.ronboplastic.com\/wp-content\/uploads\/2025\/09\/4.png","datePublished":"2024-09-25T02:21:01+00:00","dateModified":"2025-09-08T06:18:06+00:00","breadcrumb":{"@id":"http:\/\/www.ronboplastic.com\/pt\/produto\/pires-de-plastico-de-21-polegadas-para-plantas\/#breadcrumb"},"inLanguage":"es","potentialAction":[{"@type":"ReadAction","target":["http:\/\/www.ronboplastic.com\/pt\/produto\/pires-de-plastico-de-21-polegadas-para-plantas\/"]}]},{"@type":"ImageObject","inLanguage":"es","@id":"http:\/\/www.ronboplastic.com\/pt\/produto\/pires-de-plastico-de-21-polegadas-para-plantas\/#primaryimage","url":"https:\/\/www.ronboplastic.com\/wp-content\/uploads\/2025\/09\/4.png","contentUrl":"https:\/\/www.ronboplastic.com\/wp-content\/uploads\/2025\/09\/4.png","width":730,"height":730,"caption":"plant pots saucer"},{"@type":"BreadcrumbList","@id":"http:\/\/www.ronboplastic.com\/pt\/produto\/pires-de-plastico-de-21-polegadas-para-plantas\/#breadcrumb","itemListElement":[{"@type":"ListItem","position":1,"name":"\u9996\u9875","item":"https:\/\/www.ronboplastic.com\/"},{"@type":"ListItem","position":2,"name":"Products","item":"http:\/\/www.ronboplastic.com\/products\/"},{"@type":"ListItem","position":3,"name":"21 Inch Plastic Plant Saucer"}]},{"@type":"WebSite","@id":"https:\/\/www.ronboplastic.com\/#website","url":"https:\/\/www.ronboplastic.com\/","name":"Ronbo Sunrise Pots &amp; Planters","description":"Macetas y jardineras","potentialAction":[{"@type":"SearchAction","target":{"@type":"EntryPoint","urlTemplate":"https:\/\/www.ronboplastic.com\/?s={search_term_string}"},"query-input":{"@type":"PropertyValueSpecification","valueRequired":true,"valueName":"search_term_string"}}],"inLanguage":"es"}]}},"_links":{"self":[{"href":"https:\/\/www.ronboplastic.com\/es\/wp-json\/wp\/v2\/product\/9099","targetHints":{"allow":["GET"]}}],"collection":[{"href":"https:\/\/www.ronboplastic.com\/es\/wp-json\/wp\/v2\/product"}],"about":[{"href":"https:\/\/www.ronboplastic.com\/es\/wp-json\/wp\/v2\/types\/product"}],"replies":[{"embeddable":true,"href":"https:\/\/www.ronboplastic.com\/es\/wp-json\/wp\/v2\/comments?post=9099"}],"wp:featuredmedia":[{"embeddable":true,"href":"https:\/\/www.ronboplastic.com\/es\/wp-json\/wp\/v2\/media\/9102"}],"wp:attachment":[{"href":"https:\/\/www.ronboplastic.com\/es\/wp-json\/wp\/v2\/media?parent=9099"}],"wp:term":[{"taxonomy":"product_brand","embeddable":true,"href":"https:\/\/www.ronboplastic.com\/es\/wp-json\/wp\/v2\/product_brand?post=9099"},{"taxonomy":"product_cat","embeddable":true,"href":"https:\/\/www.ronboplastic.com\/es\/wp-json\/wp\/v2\/product_cat?post=9099"},{"taxonomy":"product_tag","embeddable":true,"href":"https:\/\/www.ronboplastic.com\/es\/wp-json\/wp\/v2\/product_tag?post=9099"}],"curies":[{"name":"wp","href":"https:\/\/api.w.org\/{rel}","templated":true}]}}