{"id":9026,"date":"2024-09-23T06:59:06","date_gmt":"2024-09-22T22:59:06","guid":{"rendered":"https:\/\/www.ronboplastic.com\/index.php\/product\/colorful-hanging-planters\/"},"modified":"2025-09-08T14:17:32","modified_gmt":"2025-09-08T06:17:32","slug":"maceteros-colgantes-de-colores","status":"publish","type":"product","link":"https:\/\/www.ronboplastic.com\/es\/producto\/maceteros-colgantes-de-colores\/","title":{"rendered":"Macetas colgantes de colores"},"content":{"rendered":"<p>La colorida pila colgante de resina engrosada adopta el nuevo pl\u00e1stico de resina pp, el color es suave y hermoso, el cuerpo de la pila es fuerte y duradero, y hay una cadena colgante de metal a juego. Con una cuenca de almacenamiento de agua, hay una funci\u00f3n de almacenamiento autom\u00e1tico de agua, y la salida de agua es grande, lo que puede prevenir eficazmente el exceso de agua gotee al suelo. Hay una rejilla en el centro de la maceta, de modo que las ra\u00edces de la planta pueden extenderse en el chasis de almacenamiento de agua en la parte inferior para absorber el agua, y hay agujeros de inyecci\u00f3n de agua en el lado de la maceta, que es conveniente para la inyecci\u00f3n de agua.<\/p>\n<p><img loading=\"lazy\" decoding=\"async\" src=\"https:\/\/www.ronboplastic.com\/wp-content\/uploads\/2025\/09\/2022053010031758cce6e7c1c2400b99a1f1982d9360b9.jpg\" alt=\"2022053010031758cce6e7c1c2400b99a1f1982d9360b9\" width=\"800\" height=\"939\" \/><\/p>\n<p><img loading=\"lazy\" decoding=\"async\" src=\"https:\/\/www.ronboplastic.com\/wp-content\/uploads\/2025\/09\/20220530100321f4153897d812432db133ea0e269d6a0a.jpg\" alt=\"20220530100321f4153897d812432db133ea0e269d6a0a\" width=\"800\" height=\"822\" \/><\/p>\n<p><strong>Especificaciones<\/strong><\/p>\n<section class=\"table-wrap\"><\/section>\n<section class=\"table-wrap\">\n<table class=\"table\" border=\"1\" width=\"100%\" cellspacing=\"0\" cellpadding=\"0\">\n<tbody>\n<tr class=\"firstRow\">\n<td>N\u00famero de modelo<\/td>\n<td>RB-TB100<\/td>\n<\/tr>\n<tr>\n<td>Tipo de pl\u00e1stico<\/td>\n<td>PP<\/td>\n<\/tr>\n<tr>\n<td>Tipo<\/td>\n<td>Propagaci\u00f3n<\/td>\n<\/tr>\n<tr>\n<td>Di\u00e1metro superior<\/td>\n<td>21 cm<\/td>\n<\/tr>\n<tr>\n<td>Di\u00e1metro inferior<\/td>\n<td>8 cm\/3,2 pulgadas<\/td>\n<\/tr>\n<tr>\n<td>Altura<\/td>\n<td>12,5 cm<\/td>\n<\/tr>\n<tr>\n<td>Peso<\/td>\n<td>227g<\/td>\n<\/tr>\n<\/tbody>\n<\/table>\n<\/section>\n<p>&nbsp;<\/p>\n<section class=\"table-wrap\">\n<table class=\"table\" border=\"1\" width=\"100%\" cellspacing=\"0\" cellpadding=\"0\">\n<tbody>\n<tr class=\"firstRow\">\n<td>N\u00famero de modelo<\/td>\n<td>RB-TB200<\/td>\n<\/tr>\n<tr>\n<td>Tipo de pl\u00e1stico<\/td>\n<td>PP<\/td>\n<\/tr>\n<tr>\n<td>Tipo<\/td>\n<td>Propagaci\u00f3n<\/td>\n<\/tr>\n<tr>\n<td>Di\u00e1metro superior<\/td>\n<td>25 cm\/9,9 pulgadas<\/td>\n<\/tr>\n<tr>\n<td>Di\u00e1metro inferior<\/td>\n<td>9,5 cm\/3,8 pulgadas<\/td>\n<\/tr>\n<tr>\n<td>Altura<\/td>\n<td>15 cm<\/td>\n<\/tr>\n<tr>\n<td>Peso<\/td>\n<td>343g<\/td>\n<\/tr>\n<\/tbody>\n<\/table>\n<\/section>\n<p>&nbsp;<\/p>\n<section class=\"table-wrap\">\n<table class=\"table\" border=\"1\" width=\"100%\" cellspacing=\"0\" cellpadding=\"0\">\n<tbody>\n<tr class=\"firstRow\">\n<td>N\u00famero de modelo<\/td>\n<td>RB-TB300<\/td>\n<\/tr>\n<tr>\n<td>Tipo de pl\u00e1stico<\/td>\n<td>PP<\/td>\n<\/tr>\n<tr>\n<td>Tipo<\/td>\n<td>Propagaci\u00f3n<\/td>\n<\/tr>\n<tr>\n<td>Di\u00e1metro superior<\/td>\n<td>30 cm<\/td>\n<\/tr>\n<tr>\n<td>Di\u00e1metro inferior<\/td>\n<td>11 cm<\/td>\n<\/tr>\n<tr>\n<td>Altura<\/td>\n<td>17 cm<\/td>\n<\/tr>\n<tr>\n<td>Peso<\/td>\n<td>399g<\/td>\n<\/tr>\n<\/tbody>\n<\/table>\n<\/section>\n<p><strong>nuestro servicio<\/strong><\/p>\n<p><img loading=\"lazy\" decoding=\"async\" src=\"https:\/\/www.ronboplastic.com\/wp-content\/uploads\/2025\/09\/202205131612159a16ace32ec04133ae6f48e4dcaa3c85.jpg\" alt=\"2.0_07\" width=\"800\" height=\"207\" \/><\/p>\n<p><img loading=\"lazy\" decoding=\"async\" src=\"https:\/\/www.ronboplastic.com\/wp-content\/uploads\/2025\/09\/2022053010040143c9857245ba428abe7a9ba648e4dfc7.jpg\" alt=\"_03\" width=\"800\" height=\"832\" \/><\/p>\n<p><strong>Q. \u00bfCu\u00e1les son las situaciones de uso del producto?<\/strong><\/p>\n<p>A. Jard\u00edn, Nursey y Decoraci\u00f3n.<\/p>\n<p><strong>Q. \u00bfPodemos controlar el progreso del pedido?<\/strong><\/p>\n<p>A. S\u00ed, somos una f\u00e1brica, podemos controlar todo el progreso del pedido.<\/p>\n<p><strong>Q. \u00bfA cu\u00e1ntos pa\u00edses exporta\uff1f?<\/strong><\/p>\n<p>A. Muchos pa\u00edses, como Estados Unidos, Canad\u00e1, Costa Rica, Filipinas, Reino Unido, Israel, etc.<\/p>\n<p><strong>Q. \u00bfEs usted fabricante o empresa comercial?<\/strong><\/p>\n<p>A. Somos una f\u00e1brica con m\u00e1s de 20 a\u00f1os de experiencia en exportaci\u00f3n.<\/p>\n<p><strong>Q. \u00bfPueden ofrecer muestras?<\/strong><\/p>\n<p>A. Podemos ofrecerle muestras gratuitas para que compruebe nuestra calidad.<\/p>\n<p><strong>Q. \u00bfCu\u00e1nto tardan en responder a mis preguntas?<\/strong><\/p>\n<p>A. Le contestaremos a la primera, si es por la tarde, tendr\u00e1 10 horas de retraso.<\/p>\n<p><strong>Q. \u00bfCu\u00e1l es su material? y \u00bfQu\u00e9 tipo de tecnolog\u00eda?<\/strong><\/p>\n<p>A. El material de nuestras macetas es PP, y son de moldeo por inyecci\u00f3n.<\/p>\n<p class=\"productsTags\">Hot Tags: jardineras colgantes de colores, proveedores, fabricantes, f\u00e1brica, venta al por mayor, para la venta<\/p>","protected":false},"excerpt":{"rendered":"<p>La cuenca colgante espesada resina colorida adopta el nuevo pl\u00e1stico de la resina de los pp, el color es suave y hermoso, la cuenca<\/p>","protected":false},"featured_media":9031,"comment_status":"open","ping_status":"open","template":"","meta":[],"product_brand":[],"product_cat":[88],"product_tag":[],"class_list":{"0":"post-9026","1":"product","2":"type-product","3":"status-publish","4":"has-post-thumbnail","6":"product_cat-hanging-planter","8":"first","9":"instock","10":"shipping-taxable","11":"product-type-simple"},"yoast_head":"<!-- This site is optimized with the Yoast SEO plugin v26.1.1 - https:\/\/yoast.com\/wordpress\/plugins\/seo\/ -->\n<title>Colorful Hanging Planters - Ronbo Sunrise Pots &amp; Planters<\/title>\n<meta name=\"robots\" content=\"index, follow, max-snippet:-1, max-image-preview:large, max-video-preview:-1\" \/>\n<link rel=\"canonical\" href=\"https:\/\/www.ronboplastic.com\/es\/producto\/maceteros-colgantes-de-colores\/\" \/>\n<meta property=\"og:locale\" content=\"es_ES\" \/>\n<meta property=\"og:type\" content=\"article\" \/>\n<meta property=\"og:title\" content=\"Colorful Hanging Planters - Ronbo Sunrise Pots &amp; Planters\" \/>\n<meta property=\"og:description\" content=\"The colorful resin thickened hanging basin adopts the new pp resin plastic, the color is soft and beautiful, the basin\" \/>\n<meta property=\"og:url\" content=\"https:\/\/www.ronboplastic.com\/es\/producto\/maceteros-colgantes-de-colores\/\" \/>\n<meta property=\"og:site_name\" content=\"Ronbo Sunrise Pots &amp; Planters\" \/>\n<meta property=\"article:modified_time\" content=\"2025-09-08T06:17:32+00:00\" \/>\n<meta property=\"og:image\" content=\"https:\/\/www.ronboplastic.com\/wp-content\/uploads\/2025\/09\/\u5fae\u4fe1\u56fe\u7247_20240920164743.png\" \/>\n\t<meta property=\"og:image:width\" content=\"730\" \/>\n\t<meta property=\"og:image:height\" content=\"730\" \/>\n\t<meta property=\"og:image:type\" content=\"image\/png\" \/>\n<meta name=\"twitter:card\" content=\"summary_large_image\" \/>\n<meta name=\"twitter:label1\" content=\"Tiempo de lectura\" \/>\n\t<meta name=\"twitter:data1\" content=\"2 minutos\" \/>\n<script type=\"application\/ld+json\" class=\"yoast-schema-graph\">{\"@context\":\"https:\/\/schema.org\",\"@graph\":[{\"@type\":\"WebPage\",\"@id\":\"https:\/\/www.ronboplastic.com\/ru\/%d0%bf%d1%80%d0%be%d0%b4%d1%83%d0%ba%d1%82\/colorful-hanging-planters\/\",\"url\":\"https:\/\/www.ronboplastic.com\/ru\/%d0%bf%d1%80%d0%be%d0%b4%d1%83%d0%ba%d1%82\/colorful-hanging-planters\/\",\"name\":\"Colorful Hanging Planters - Ronbo Sunrise Pots &amp; Planters\",\"isPartOf\":{\"@id\":\"https:\/\/www.ronboplastic.com\/#website\"},\"primaryImageOfPage\":{\"@id\":\"https:\/\/www.ronboplastic.com\/ru\/%d0%bf%d1%80%d0%be%d0%b4%d1%83%d0%ba%d1%82\/colorful-hanging-planters\/#primaryimage\"},\"image\":{\"@id\":\"https:\/\/www.ronboplastic.com\/ru\/%d0%bf%d1%80%d0%be%d0%b4%d1%83%d0%ba%d1%82\/colorful-hanging-planters\/#primaryimage\"},\"thumbnailUrl\":\"https:\/\/www.ronboplastic.com\/wp-content\/uploads\/2025\/09\/\u5fae\u4fe1\u56fe\u7247_20240920164743.png\",\"datePublished\":\"2024-09-22T22:59:06+00:00\",\"dateModified\":\"2025-09-08T06:17:32+00:00\",\"breadcrumb\":{\"@id\":\"https:\/\/www.ronboplastic.com\/ru\/%d0%bf%d1%80%d0%be%d0%b4%d1%83%d0%ba%d1%82\/colorful-hanging-planters\/#breadcrumb\"},\"inLanguage\":\"es\",\"potentialAction\":[{\"@type\":\"ReadAction\",\"target\":[\"https:\/\/www.ronboplastic.com\/ru\/%d0%bf%d1%80%d0%be%d0%b4%d1%83%d0%ba%d1%82\/colorful-hanging-planters\/\"]}]},{\"@type\":\"ImageObject\",\"inLanguage\":\"es\",\"@id\":\"https:\/\/www.ronboplastic.com\/ru\/%d0%bf%d1%80%d0%be%d0%b4%d1%83%d0%ba%d1%82\/colorful-hanging-planters\/#primaryimage\",\"url\":\"https:\/\/www.ronboplastic.com\/wp-content\/uploads\/2025\/09\/\u5fae\u4fe1\u56fe\u7247_20240920164743.png\",\"contentUrl\":\"https:\/\/www.ronboplastic.com\/wp-content\/uploads\/2025\/09\/\u5fae\u4fe1\u56fe\u7247_20240920164743.png\",\"width\":730,\"height\":730,\"caption\":\"plastic hanging planter\"},{\"@type\":\"BreadcrumbList\",\"@id\":\"https:\/\/www.ronboplastic.com\/ru\/%d0%bf%d1%80%d0%be%d0%b4%d1%83%d0%ba%d1%82\/colorful-hanging-planters\/#breadcrumb\",\"itemListElement\":[{\"@type\":\"ListItem\",\"position\":1,\"name\":\"\u9996\u9875\",\"item\":\"https:\/\/www.ronboplastic.com\/\"},{\"@type\":\"ListItem\",\"position\":2,\"name\":\"Products\",\"item\":\"http:\/\/www.ronboplastic.com\/products\/\"},{\"@type\":\"ListItem\",\"position\":3,\"name\":\"Colorful Hanging Planters\"}]},{\"@type\":\"WebSite\",\"@id\":\"https:\/\/www.ronboplastic.com\/#website\",\"url\":\"https:\/\/www.ronboplastic.com\/\",\"name\":\"Ronbo Sunrise Pots &amp; Planters\",\"description\":\"Flower Pots &amp; Planters\",\"potentialAction\":[{\"@type\":\"SearchAction\",\"target\":{\"@type\":\"EntryPoint\",\"urlTemplate\":\"https:\/\/www.ronboplastic.com\/?s={search_term_string}\"},\"query-input\":{\"@type\":\"PropertyValueSpecification\",\"valueRequired\":true,\"valueName\":\"search_term_string\"}}],\"inLanguage\":\"es\"}]}<\/script>\n<!-- \/ Yoast SEO plugin. -->","yoast_head_json":{"title":"Colorful Hanging Planters - Ronbo Sunrise Pots &amp; Planters","robots":{"index":"index","follow":"follow","max-snippet":"max-snippet:-1","max-image-preview":"max-image-preview:large","max-video-preview":"max-video-preview:-1"},"canonical":"https:\/\/www.ronboplastic.com\/es\/producto\/maceteros-colgantes-de-colores\/","og_locale":"es_ES","og_type":"article","og_title":"Colorful Hanging Planters - Ronbo Sunrise Pots &amp; Planters","og_description":"The colorful resin thickened hanging basin adopts the new pp resin plastic, the color is soft and beautiful, the basin","og_url":"https:\/\/www.ronboplastic.com\/es\/producto\/maceteros-colgantes-de-colores\/","og_site_name":"Ronbo Sunrise Pots &amp; Planters","article_modified_time":"2025-09-08T06:17:32+00:00","og_image":[{"width":730,"height":730,"url":"https:\/\/www.ronboplastic.com\/wp-content\/uploads\/2025\/09\/\u5fae\u4fe1\u56fe\u7247_20240920164743.png","type":"image\/png"}],"twitter_card":"summary_large_image","twitter_misc":{"Tiempo de lectura":"2 minutos"},"schema":{"@context":"https:\/\/schema.org","@graph":[{"@type":"WebPage","@id":"https:\/\/www.ronboplastic.com\/ru\/%d0%bf%d1%80%d0%be%d0%b4%d1%83%d0%ba%d1%82\/colorful-hanging-planters\/","url":"https:\/\/www.ronboplastic.com\/ru\/%d0%bf%d1%80%d0%be%d0%b4%d1%83%d0%ba%d1%82\/colorful-hanging-planters\/","name":"Colorful Hanging Planters - Ronbo Sunrise Pots &amp; Planters","isPartOf":{"@id":"https:\/\/www.ronboplastic.com\/#website"},"primaryImageOfPage":{"@id":"https:\/\/www.ronboplastic.com\/ru\/%d0%bf%d1%80%d0%be%d0%b4%d1%83%d0%ba%d1%82\/colorful-hanging-planters\/#primaryimage"},"image":{"@id":"https:\/\/www.ronboplastic.com\/ru\/%d0%bf%d1%80%d0%be%d0%b4%d1%83%d0%ba%d1%82\/colorful-hanging-planters\/#primaryimage"},"thumbnailUrl":"https:\/\/www.ronboplastic.com\/wp-content\/uploads\/2025\/09\/\u5fae\u4fe1\u56fe\u7247_20240920164743.png","datePublished":"2024-09-22T22:59:06+00:00","dateModified":"2025-09-08T06:17:32+00:00","breadcrumb":{"@id":"https:\/\/www.ronboplastic.com\/ru\/%d0%bf%d1%80%d0%be%d0%b4%d1%83%d0%ba%d1%82\/colorful-hanging-planters\/#breadcrumb"},"inLanguage":"es","potentialAction":[{"@type":"ReadAction","target":["https:\/\/www.ronboplastic.com\/ru\/%d0%bf%d1%80%d0%be%d0%b4%d1%83%d0%ba%d1%82\/colorful-hanging-planters\/"]}]},{"@type":"ImageObject","inLanguage":"es","@id":"https:\/\/www.ronboplastic.com\/ru\/%d0%bf%d1%80%d0%be%d0%b4%d1%83%d0%ba%d1%82\/colorful-hanging-planters\/#primaryimage","url":"https:\/\/www.ronboplastic.com\/wp-content\/uploads\/2025\/09\/\u5fae\u4fe1\u56fe\u7247_20240920164743.png","contentUrl":"https:\/\/www.ronboplastic.com\/wp-content\/uploads\/2025\/09\/\u5fae\u4fe1\u56fe\u7247_20240920164743.png","width":730,"height":730,"caption":"plastic hanging planter"},{"@type":"BreadcrumbList","@id":"https:\/\/www.ronboplastic.com\/ru\/%d0%bf%d1%80%d0%be%d0%b4%d1%83%d0%ba%d1%82\/colorful-hanging-planters\/#breadcrumb","itemListElement":[{"@type":"ListItem","position":1,"name":"\u9996\u9875","item":"https:\/\/www.ronboplastic.com\/"},{"@type":"ListItem","position":2,"name":"Products","item":"http:\/\/www.ronboplastic.com\/products\/"},{"@type":"ListItem","position":3,"name":"Colorful Hanging Planters"}]},{"@type":"WebSite","@id":"https:\/\/www.ronboplastic.com\/#website","url":"https:\/\/www.ronboplastic.com\/","name":"Ronbo Sunrise Pots &amp; Planters","description":"Macetas y jardineras","potentialAction":[{"@type":"SearchAction","target":{"@type":"EntryPoint","urlTemplate":"https:\/\/www.ronboplastic.com\/?s={search_term_string}"},"query-input":{"@type":"PropertyValueSpecification","valueRequired":true,"valueName":"search_term_string"}}],"inLanguage":"es"}]}},"_links":{"self":[{"href":"https:\/\/www.ronboplastic.com\/es\/wp-json\/wp\/v2\/product\/9026","targetHints":{"allow":["GET"]}}],"collection":[{"href":"https:\/\/www.ronboplastic.com\/es\/wp-json\/wp\/v2\/product"}],"about":[{"href":"https:\/\/www.ronboplastic.com\/es\/wp-json\/wp\/v2\/types\/product"}],"replies":[{"embeddable":true,"href":"https:\/\/www.ronboplastic.com\/es\/wp-json\/wp\/v2\/comments?post=9026"}],"wp:featuredmedia":[{"embeddable":true,"href":"https:\/\/www.ronboplastic.com\/es\/wp-json\/wp\/v2\/media\/9031"}],"wp:attachment":[{"href":"https:\/\/www.ronboplastic.com\/es\/wp-json\/wp\/v2\/media?parent=9026"}],"wp:term":[{"taxonomy":"product_brand","embeddable":true,"href":"https:\/\/www.ronboplastic.com\/es\/wp-json\/wp\/v2\/product_brand?post=9026"},{"taxonomy":"product_cat","embeddable":true,"href":"https:\/\/www.ronboplastic.com\/es\/wp-json\/wp\/v2\/product_cat?post=9026"},{"taxonomy":"product_tag","embeddable":true,"href":"https:\/\/www.ronboplastic.com\/es\/wp-json\/wp\/v2\/product_tag?post=9026"}],"curies":[{"name":"wp","href":"https:\/\/api.w.org\/{rel}","templated":true}]}}