{"id":9004,"date":"2024-09-20T08:08:19","date_gmt":"2024-09-20T00:08:19","guid":{"rendered":"https:\/\/www.ronboplastic.com\/index.php\/product\/circular-imitation-copper-planter\/"},"modified":"2025-09-08T14:17:18","modified_gmt":"2025-09-08T06:17:18","slug":"jardinera-circular-imitacion-cobre","status":"publish","type":"product","link":"https:\/\/www.ronboplastic.com\/es\/producto\/jardinera-circular-imitacion-cobre\/","title":{"rendered":"Jardinera circular de imitaci\u00f3n de cobre"},"content":{"rendered":"<p>Balcony Garden Patio Large Imitate Copper Flowerpot es una maceta exquisita y pr\u00e1ctica que aporta un encanto \u00fanico a espacios exteriores como balcones, jardines y patios. Esta maceta est\u00e1 hecha de pl\u00e1stico de alta calidad con un efecto de superficie similar al cobre, que simula a la perfecci\u00f3n la textura del cobre, proporcionando un c\u00f3modo hogar para sus plantas.<\/p>\n<p>Puntos fuertes del producto:<\/p>\n<p>1. Dise\u00f1o exquisito: El dise\u00f1o de Balcony Garden Patio Large Imitate Copper Flowerpot es simple pero elegante, con un enfoque en los detalles, haciendo que su espacio sea m\u00e1s hermoso y elegante.<\/p>\n<p>2. Ligera y f\u00e1cil de mover: Debido al uso de materiales pl\u00e1sticos avanzados, esta maceta es bastante ligera, por lo que le resultar\u00e1 c\u00f3modo moverla y colocarla en diferentes posiciones.<\/p>\n<p>3. Duradera y resistente: En comparaci\u00f3n con una maceta de cobre real, esta maceta de cobre de imitaci\u00f3n es m\u00e1s duradera y no es f\u00e1cil de oxidar o desvanecer en ambientes al aire libre, y puede mantener su aspecto elegante durante mucho tiempo.<\/p>\n<p>4. Aplicable a todo tipo de plantas: ya sean flores o peque\u00f1os arbustos, esta maceta puede proporcionarles suficiente espacio de crecimiento. El dise\u00f1o espacioso permite que las ra\u00edces de las plantas crezcan y se desarrollen lo suficiente.<\/p>\n<p>5. Decoraci\u00f3n de exteriores: Esta maceta puede a\u00f1adir un ambiente natural y rom\u00e1ntico a su espacio exterior. Ya sea colocada en balcones, terrazas o patios, puede atraer la atenci\u00f3n y convertirse en un elemento destacado de su decoraci\u00f3n exterior.<\/p>\n<p>6. C\u00f3modo manejo: La maceta Balc\u00f3n Jard\u00edn Patio Grande Imitar Cobre est\u00e1 equipada con un dise\u00f1o impermeable, que no s\u00f3lo es f\u00e1cil de limpiar, sino que tambi\u00e9n evita que el agua penetre en el suelo y cause da\u00f1os.<\/p>\n<p>7. M\u00faltiples opciones de tama\u00f1o: De acuerdo con sus necesidades, proporcionamos macetas de varias especificaciones y tama\u00f1os para satisfacer los requisitos de plantaci\u00f3n y decoraci\u00f3n de diferentes plantas.<\/p>\n<p>En resumen, la maceta Balcony Garden Patio Large Imitate Copper es una maceta cuidadosamente dise\u00f1ada que aportar\u00e1 una belleza y comodidad \u00fanicas a su espacio exterior. Su efecto de imitaci\u00f3n de cobre es como una maceta de cobre real, pero es m\u00e1s econ\u00f3mica y pr\u00e1ctica. Ya sea como hogar para plantas o como decoraci\u00f3n de exteriores, esta maceta puede satisfacer sus diversas necesidades.<\/p>\n<p>&nbsp;<\/p>\n<p>&nbsp;<\/p>\n<p><img loading=\"lazy\" decoding=\"async\" title=\"01\" src=\"https:\/\/www.ronboplastic.com\/wp-content\/uploads\/2025\/09\/202308010922037c9af4baa69f4b00a1016d63a615d678.jpg\" alt=\"01\" width=\"800\" height=\"4107\" \/><\/p>\n<p><img loading=\"lazy\" decoding=\"async\" title=\"02\" src=\"https:\/\/www.ronboplastic.com\/wp-content\/uploads\/2025\/09\/2023080109220458f3d11c9b3e45bb96750cbfee0971a8.jpg\" alt=\"02\" width=\"800\" height=\"3372\" \/><\/p>\n<p>&nbsp;<\/p>\n<p><img loading=\"lazy\" decoding=\"async\" title=\"producto-800-207\" src=\"https:\/\/www.ronboplastic.com\/wp-content\/uploads\/2025\/09\/202205131612159a16ace32ec04133ae6f48e4dcaa3c85.jpg\" alt=\"Jardinera de barril\" width=\"800\" height=\"207\" \/><\/p>\n<p>&nbsp;<\/p>\n<p>&nbsp;<\/p>\n<p class=\"productsTags\">Hot Tags: Circular imitaci\u00f3n de cobre plantador, proveedores, fabricantes, f\u00e1brica, al por mayor, para la venta<\/p>","protected":false},"excerpt":{"rendered":"<p>Los maceteros de barril est\u00e1n disponibles en una gran variedad de tama\u00f1os, y algunos incluso se crean para personalizarlos con su propio dise\u00f1o.<\/p>","protected":false},"featured_media":9008,"comment_status":"open","ping_status":"open","template":"","meta":[],"product_brand":[],"product_cat":[80],"product_tag":[],"class_list":{"0":"post-9004","1":"product","2":"type-product","3":"status-publish","4":"has-post-thumbnail","6":"product_cat-decorative-potsampplanters","8":"first","9":"instock","10":"shipping-taxable","11":"product-type-simple"},"yoast_head":"<!-- This site is optimized with the Yoast SEO plugin v26.1.1 - https:\/\/yoast.com\/wordpress\/plugins\/seo\/ -->\n<title>Circular Imitation Copper Planter - Ronbo Sunrise Pots &amp; Planters<\/title>\n<meta name=\"robots\" content=\"index, follow, max-snippet:-1, max-image-preview:large, max-video-preview:-1\" \/>\n<link rel=\"canonical\" href=\"https:\/\/www.ronboplastic.com\/es\/producto\/jardinera-circular-imitacion-cobre\/\" \/>\n<meta property=\"og:locale\" content=\"es_ES\" \/>\n<meta property=\"og:type\" content=\"article\" \/>\n<meta property=\"og:title\" content=\"Circular Imitation Copper Planter - Ronbo Sunrise Pots &amp; Planters\" \/>\n<meta property=\"og:description\" content=\"Barrel planters are available in a variety of sizes, and some are even created to be customized with your own personal design.\" \/>\n<meta property=\"og:url\" content=\"https:\/\/www.ronboplastic.com\/es\/producto\/jardinera-circular-imitacion-cobre\/\" \/>\n<meta property=\"og:site_name\" content=\"Ronbo Sunrise Pots &amp; Planters\" \/>\n<meta property=\"article:modified_time\" content=\"2025-09-08T06:17:18+00:00\" \/>\n<meta property=\"og:image\" content=\"https:\/\/www.ronboplastic.com\/wp-content\/uploads\/2025\/09\/1-1.png\" \/>\n\t<meta property=\"og:image:width\" content=\"730\" \/>\n\t<meta property=\"og:image:height\" content=\"730\" \/>\n\t<meta property=\"og:image:type\" content=\"image\/png\" \/>\n<meta name=\"twitter:card\" content=\"summary_large_image\" \/>\n<meta name=\"twitter:label1\" content=\"Tiempo de lectura\" \/>\n\t<meta name=\"twitter:data1\" content=\"2 minutos\" \/>\n<script type=\"application\/ld+json\" class=\"yoast-schema-graph\">{\"@context\":\"https:\/\/schema.org\",\"@graph\":[{\"@type\":\"WebPage\",\"@id\":\"https:\/\/www.ronboplastic.com\/ru\/%d0%bf%d1%80%d0%be%d0%b4%d1%83%d0%ba%d1%82\/circular-imitation-copper-planter\/\",\"url\":\"https:\/\/www.ronboplastic.com\/ru\/%d0%bf%d1%80%d0%be%d0%b4%d1%83%d0%ba%d1%82\/circular-imitation-copper-planter\/\",\"name\":\"Circular Imitation Copper Planter - Ronbo Sunrise Pots &amp; Planters\",\"isPartOf\":{\"@id\":\"https:\/\/www.ronboplastic.com\/#website\"},\"primaryImageOfPage\":{\"@id\":\"https:\/\/www.ronboplastic.com\/ru\/%d0%bf%d1%80%d0%be%d0%b4%d1%83%d0%ba%d1%82\/circular-imitation-copper-planter\/#primaryimage\"},\"image\":{\"@id\":\"https:\/\/www.ronboplastic.com\/ru\/%d0%bf%d1%80%d0%be%d0%b4%d1%83%d0%ba%d1%82\/circular-imitation-copper-planter\/#primaryimage\"},\"thumbnailUrl\":\"https:\/\/www.ronboplastic.com\/wp-content\/uploads\/2025\/09\/1-1.png\",\"datePublished\":\"2024-09-20T00:08:19+00:00\",\"dateModified\":\"2025-09-08T06:17:18+00:00\",\"breadcrumb\":{\"@id\":\"https:\/\/www.ronboplastic.com\/ru\/%d0%bf%d1%80%d0%be%d0%b4%d1%83%d0%ba%d1%82\/circular-imitation-copper-planter\/#breadcrumb\"},\"inLanguage\":\"es\",\"potentialAction\":[{\"@type\":\"ReadAction\",\"target\":[\"https:\/\/www.ronboplastic.com\/ru\/%d0%bf%d1%80%d0%be%d0%b4%d1%83%d0%ba%d1%82\/circular-imitation-copper-planter\/\"]}]},{\"@type\":\"ImageObject\",\"inLanguage\":\"es\",\"@id\":\"https:\/\/www.ronboplastic.com\/ru\/%d0%bf%d1%80%d0%be%d0%b4%d1%83%d0%ba%d1%82\/circular-imitation-copper-planter\/#primaryimage\",\"url\":\"https:\/\/www.ronboplastic.com\/wp-content\/uploads\/2025\/09\/1-1.png\",\"contentUrl\":\"https:\/\/www.ronboplastic.com\/wp-content\/uploads\/2025\/09\/1-1.png\",\"width\":730,\"height\":730,\"caption\":\"garden pots\"},{\"@type\":\"BreadcrumbList\",\"@id\":\"https:\/\/www.ronboplastic.com\/ru\/%d0%bf%d1%80%d0%be%d0%b4%d1%83%d0%ba%d1%82\/circular-imitation-copper-planter\/#breadcrumb\",\"itemListElement\":[{\"@type\":\"ListItem\",\"position\":1,\"name\":\"\u9996\u9875\",\"item\":\"https:\/\/www.ronboplastic.com\/\"},{\"@type\":\"ListItem\",\"position\":2,\"name\":\"Products\",\"item\":\"http:\/\/www.ronboplastic.com\/products\/\"},{\"@type\":\"ListItem\",\"position\":3,\"name\":\"Circular Imitation Copper Planter\"}]},{\"@type\":\"WebSite\",\"@id\":\"https:\/\/www.ronboplastic.com\/#website\",\"url\":\"https:\/\/www.ronboplastic.com\/\",\"name\":\"Ronbo Sunrise Pots &amp; Planters\",\"description\":\"Flower Pots &amp; Planters\",\"potentialAction\":[{\"@type\":\"SearchAction\",\"target\":{\"@type\":\"EntryPoint\",\"urlTemplate\":\"https:\/\/www.ronboplastic.com\/?s={search_term_string}\"},\"query-input\":{\"@type\":\"PropertyValueSpecification\",\"valueRequired\":true,\"valueName\":\"search_term_string\"}}],\"inLanguage\":\"es\"}]}<\/script>\n<!-- \/ Yoast SEO plugin. -->","yoast_head_json":{"title":"Circular Imitation Copper Planter - Ronbo Sunrise Pots &amp; Planters","robots":{"index":"index","follow":"follow","max-snippet":"max-snippet:-1","max-image-preview":"max-image-preview:large","max-video-preview":"max-video-preview:-1"},"canonical":"https:\/\/www.ronboplastic.com\/es\/producto\/jardinera-circular-imitacion-cobre\/","og_locale":"es_ES","og_type":"article","og_title":"Circular Imitation Copper Planter - Ronbo Sunrise Pots &amp; Planters","og_description":"Barrel planters are available in a variety of sizes, and some are even created to be customized with your own personal design.","og_url":"https:\/\/www.ronboplastic.com\/es\/producto\/jardinera-circular-imitacion-cobre\/","og_site_name":"Ronbo Sunrise Pots &amp; Planters","article_modified_time":"2025-09-08T06:17:18+00:00","og_image":[{"width":730,"height":730,"url":"https:\/\/www.ronboplastic.com\/wp-content\/uploads\/2025\/09\/1-1.png","type":"image\/png"}],"twitter_card":"summary_large_image","twitter_misc":{"Tiempo de lectura":"2 minutos"},"schema":{"@context":"https:\/\/schema.org","@graph":[{"@type":"WebPage","@id":"https:\/\/www.ronboplastic.com\/ru\/%d0%bf%d1%80%d0%be%d0%b4%d1%83%d0%ba%d1%82\/circular-imitation-copper-planter\/","url":"https:\/\/www.ronboplastic.com\/ru\/%d0%bf%d1%80%d0%be%d0%b4%d1%83%d0%ba%d1%82\/circular-imitation-copper-planter\/","name":"Circular Imitation Copper Planter - Ronbo Sunrise Pots &amp; Planters","isPartOf":{"@id":"https:\/\/www.ronboplastic.com\/#website"},"primaryImageOfPage":{"@id":"https:\/\/www.ronboplastic.com\/ru\/%d0%bf%d1%80%d0%be%d0%b4%d1%83%d0%ba%d1%82\/circular-imitation-copper-planter\/#primaryimage"},"image":{"@id":"https:\/\/www.ronboplastic.com\/ru\/%d0%bf%d1%80%d0%be%d0%b4%d1%83%d0%ba%d1%82\/circular-imitation-copper-planter\/#primaryimage"},"thumbnailUrl":"https:\/\/www.ronboplastic.com\/wp-content\/uploads\/2025\/09\/1-1.png","datePublished":"2024-09-20T00:08:19+00:00","dateModified":"2025-09-08T06:17:18+00:00","breadcrumb":{"@id":"https:\/\/www.ronboplastic.com\/ru\/%d0%bf%d1%80%d0%be%d0%b4%d1%83%d0%ba%d1%82\/circular-imitation-copper-planter\/#breadcrumb"},"inLanguage":"es","potentialAction":[{"@type":"ReadAction","target":["https:\/\/www.ronboplastic.com\/ru\/%d0%bf%d1%80%d0%be%d0%b4%d1%83%d0%ba%d1%82\/circular-imitation-copper-planter\/"]}]},{"@type":"ImageObject","inLanguage":"es","@id":"https:\/\/www.ronboplastic.com\/ru\/%d0%bf%d1%80%d0%be%d0%b4%d1%83%d0%ba%d1%82\/circular-imitation-copper-planter\/#primaryimage","url":"https:\/\/www.ronboplastic.com\/wp-content\/uploads\/2025\/09\/1-1.png","contentUrl":"https:\/\/www.ronboplastic.com\/wp-content\/uploads\/2025\/09\/1-1.png","width":730,"height":730,"caption":"garden pots"},{"@type":"BreadcrumbList","@id":"https:\/\/www.ronboplastic.com\/ru\/%d0%bf%d1%80%d0%be%d0%b4%d1%83%d0%ba%d1%82\/circular-imitation-copper-planter\/#breadcrumb","itemListElement":[{"@type":"ListItem","position":1,"name":"\u9996\u9875","item":"https:\/\/www.ronboplastic.com\/"},{"@type":"ListItem","position":2,"name":"Products","item":"http:\/\/www.ronboplastic.com\/products\/"},{"@type":"ListItem","position":3,"name":"Circular Imitation Copper Planter"}]},{"@type":"WebSite","@id":"https:\/\/www.ronboplastic.com\/#website","url":"https:\/\/www.ronboplastic.com\/","name":"Ronbo Sunrise Pots &amp; Planters","description":"Macetas y jardineras","potentialAction":[{"@type":"SearchAction","target":{"@type":"EntryPoint","urlTemplate":"https:\/\/www.ronboplastic.com\/?s={search_term_string}"},"query-input":{"@type":"PropertyValueSpecification","valueRequired":true,"valueName":"search_term_string"}}],"inLanguage":"es"}]}},"_links":{"self":[{"href":"https:\/\/www.ronboplastic.com\/es\/wp-json\/wp\/v2\/product\/9004","targetHints":{"allow":["GET"]}}],"collection":[{"href":"https:\/\/www.ronboplastic.com\/es\/wp-json\/wp\/v2\/product"}],"about":[{"href":"https:\/\/www.ronboplastic.com\/es\/wp-json\/wp\/v2\/types\/product"}],"replies":[{"embeddable":true,"href":"https:\/\/www.ronboplastic.com\/es\/wp-json\/wp\/v2\/comments?post=9004"}],"wp:featuredmedia":[{"embeddable":true,"href":"https:\/\/www.ronboplastic.com\/es\/wp-json\/wp\/v2\/media\/9008"}],"wp:attachment":[{"href":"https:\/\/www.ronboplastic.com\/es\/wp-json\/wp\/v2\/media?parent=9004"}],"wp:term":[{"taxonomy":"product_brand","embeddable":true,"href":"https:\/\/www.ronboplastic.com\/es\/wp-json\/wp\/v2\/product_brand?post=9004"},{"taxonomy":"product_cat","embeddable":true,"href":"https:\/\/www.ronboplastic.com\/es\/wp-json\/wp\/v2\/product_cat?post=9004"},{"taxonomy":"product_tag","embeddable":true,"href":"https:\/\/www.ronboplastic.com\/es\/wp-json\/wp\/v2\/product_tag?post=9004"}],"curies":[{"name":"wp","href":"https:\/\/api.w.org\/{rel}","templated":true}]}}