{"id":8994,"date":"2024-09-19T06:28:59","date_gmt":"2024-09-18T22:28:59","guid":{"rendered":"https:\/\/www.ronboplastic.com\/index.php\/product\/resin-whiskey-barrel-for-12-inch\/"},"modified":"2025-09-08T14:17:14","modified_gmt":"2025-09-08T06:17:14","slug":"barril-de-whisky-de-resina-para-12-pulgadas","status":"publish","type":"product","link":"https:\/\/www.ronboplastic.com\/es\/producto\/barril-de-whisky-de-resina-para-12-pulgadas\/","title":{"rendered":"Barril de whisky de resina para 12 pulgadas"},"content":{"rendered":"<p>12 pulgadas barrlel efecto plantador ,Durable y ligero,este barril de whisky cl\u00e1sico se puede mover alrededor de su granja o jard\u00edn con facilidad.  Esta maceta de barril marr\u00f3n cl\u00e1sico y elegante es ideal para uso en interiores y al aire libre.esta gran jardinera tiene protectores UV que proporcionan grieta y resistencia a la decoloraci\u00f3n\u3002.<\/p>\n<p><img loading=\"lazy\" decoding=\"async\" title=\"Barril de whisky de resina para 12 pulgadas\" src=\"https:\/\/www.ronboplastic.com\/wp-content\/uploads\/2025\/09\/20220513155909800963e7a3f34a49997546588a30f057.jpg\" alt=\"Barril de whisky de resina para 12 pulgadas\" width=\"800\" height=\"801\" border=\"0\" vspace=\"0\" \/><\/p>\n<p><strong>Especificaciones<\/strong><\/p>\n<section class=\"table-wrap\">\n<table class=\"table\" border=\"1\" width=\"100%\" cellspacing=\"0\" cellpadding=\"0\">\n<tbody>\n<tr class=\"firstRow\">\n<td>N\u00famero de modelo<\/td>\n<td>RB-PJ1012<\/td>\n<\/tr>\n<tr>\n<td>Tipo de pl\u00e1stico<\/td>\n<td>PP<\/td>\n<\/tr>\n<tr>\n<td>Tipo<\/td>\n<td>Propagaci\u00f3n<\/td>\n<\/tr>\n<tr>\n<td>Di\u00e1metro superior<\/td>\n<td>30,2 cm\/11,9 pulgadas<\/td>\n<\/tr>\n<tr>\n<td>Di\u00e1metro inferior<\/td>\n<td>22,5 cm<\/td>\n<\/tr>\n<tr>\n<td>Altura<\/td>\n<td>20 cm<\/td>\n<\/tr>\n<tr>\n<td>Peso<\/td>\n<td>500g<\/td>\n<\/tr>\n<\/tbody>\n<\/table>\n<\/section>\n<p><strong>Nuestros servicios<\/strong><\/p>\n<p><img loading=\"lazy\" decoding=\"async\" title=\"Barril de whisky de resina para 12 pulgadas\" src=\"https:\/\/www.ronboplastic.com\/wp-content\/uploads\/2025\/09\/202205131612159a16ace32ec04133ae6f48e4dcaa3c85.jpg\" alt=\"Barril de whisky de resina para 12 pulgadas\" width=\"800\" height=\"207\" border=\"0\" vspace=\"0\" \/><\/p>\n<p><img loading=\"lazy\" decoding=\"async\" title=\"Barril de whisky de resina para 12 pulgadas\" src=\"https:\/\/www.ronboplastic.com\/wp-content\/uploads\/2025\/09\/202205131559577133d6fb559248fd83d8951903666d3c.jpg\" alt=\"Barril de whisky de resina para 12 pulgadas\" width=\"800\" height=\"865\" border=\"0\" vspace=\"0\" \/><\/p>\n<p class=\"productsTags\">Hot Tags: barril de whisky de resina para 12 pulgadas, proveedores, fabricantes, f\u00e1brica, al por mayor, para la venta<\/p>","protected":false},"excerpt":{"rendered":"<p>Jardinera efecto barril de 12 pulgadas, duradera y ligera, este barril de whisky cl\u00e1sico se puede mover f\u00e1cilmente por su granja o jard\u00edn. Esta maceta de barril marr\u00f3n cl\u00e1sico y elegante es ideal para uso en interiores y al aire libre.esta gran jardinera tiene protectores UV que proporcionan grieta y resistencia a la decoloraci\u00f3n.<\/p>","protected":false},"featured_media":8996,"comment_status":"open","ping_status":"open","template":"","meta":[],"product_brand":[],"product_cat":[85],"product_tag":[],"class_list":{"0":"post-8994","1":"product","2":"type-product","3":"status-publish","4":"has-post-thumbnail","6":"product_cat-whiskey-barrel-planter","8":"first","9":"instock","10":"shipping-taxable","11":"product-type-simple"},"yoast_head":"<!-- This site is optimized with the Yoast SEO plugin v26.1.1 - https:\/\/yoast.com\/wordpress\/plugins\/seo\/ -->\n<title>Resin Whiskey Barrel For 12 Inch - Ronbo Sunrise Pots &amp; Planters<\/title>\n<meta name=\"robots\" content=\"index, follow, max-snippet:-1, max-image-preview:large, max-video-preview:-1\" \/>\n<link rel=\"canonical\" href=\"http:\/\/www.ronboplastic.com\/es\/producto\/barril-de-whisky-de-resina-para-12-pulgadas\/\" \/>\n<meta property=\"og:locale\" content=\"es_ES\" \/>\n<meta property=\"og:type\" content=\"article\" \/>\n<meta property=\"og:title\" content=\"Resin Whiskey Barrel For 12 Inch - Ronbo Sunrise Pots &amp; Planters\" \/>\n<meta property=\"og:description\" content=\"12 inch barrlel effect planter ,Durable and lightweight,this classic whiskey barrel can be moved around your farm or garden easily. This classic and stylish brown barrel planter is great for indoor and outdoor use.This large planter has UV protectors that provide crack and fade resistance\" \/>\n<meta property=\"og:url\" content=\"http:\/\/www.ronboplastic.com\/es\/producto\/barril-de-whisky-de-resina-para-12-pulgadas\/\" \/>\n<meta property=\"og:site_name\" content=\"Ronbo Sunrise Pots &amp; Planters\" \/>\n<meta property=\"article:modified_time\" content=\"2025-09-08T06:17:14+00:00\" \/>\n<meta property=\"og:image\" content=\"https:\/\/www.ronboplastic.com\/wp-content\/uploads\/2025\/09\/12inch-whiskey-barrel-planter51230920513.jpg\" \/>\n\t<meta property=\"og:image:width\" content=\"730\" \/>\n\t<meta property=\"og:image:height\" content=\"730\" \/>\n\t<meta property=\"og:image:type\" content=\"image\/jpeg\" \/>\n<meta name=\"twitter:card\" content=\"summary_large_image\" \/>\n<script type=\"application\/ld+json\" class=\"yoast-schema-graph\">{\"@context\":\"https:\/\/schema.org\",\"@graph\":[{\"@type\":\"WebPage\",\"@id\":\"http:\/\/www.ronboplastic.com\/ru\/%d0%bf%d1%80%d0%be%d0%b4%d1%83%d0%ba%d1%82\/12-2\/\",\"url\":\"http:\/\/www.ronboplastic.com\/ru\/%d0%bf%d1%80%d0%be%d0%b4%d1%83%d0%ba%d1%82\/12-2\/\",\"name\":\"Resin Whiskey Barrel For 12 Inch - Ronbo Sunrise Pots &amp; Planters\",\"isPartOf\":{\"@id\":\"https:\/\/www.ronboplastic.com\/#website\"},\"primaryImageOfPage\":{\"@id\":\"http:\/\/www.ronboplastic.com\/ru\/%d0%bf%d1%80%d0%be%d0%b4%d1%83%d0%ba%d1%82\/12-2\/#primaryimage\"},\"image\":{\"@id\":\"http:\/\/www.ronboplastic.com\/ru\/%d0%bf%d1%80%d0%be%d0%b4%d1%83%d0%ba%d1%82\/12-2\/#primaryimage\"},\"thumbnailUrl\":\"https:\/\/www.ronboplastic.com\/wp-content\/uploads\/2025\/09\/12inch-whiskey-barrel-planter51230920513.jpg\",\"datePublished\":\"2024-09-18T22:28:59+00:00\",\"dateModified\":\"2025-09-08T06:17:14+00:00\",\"breadcrumb\":{\"@id\":\"http:\/\/www.ronboplastic.com\/ru\/%d0%bf%d1%80%d0%be%d0%b4%d1%83%d0%ba%d1%82\/12-2\/#breadcrumb\"},\"inLanguage\":\"es\",\"potentialAction\":[{\"@type\":\"ReadAction\",\"target\":[\"http:\/\/www.ronboplastic.com\/ru\/%d0%bf%d1%80%d0%be%d0%b4%d1%83%d0%ba%d1%82\/12-2\/\"]}]},{\"@type\":\"ImageObject\",\"inLanguage\":\"es\",\"@id\":\"http:\/\/www.ronboplastic.com\/ru\/%d0%bf%d1%80%d0%be%d0%b4%d1%83%d0%ba%d1%82\/12-2\/#primaryimage\",\"url\":\"https:\/\/www.ronboplastic.com\/wp-content\/uploads\/2025\/09\/12inch-whiskey-barrel-planter51230920513.jpg\",\"contentUrl\":\"https:\/\/www.ronboplastic.com\/wp-content\/uploads\/2025\/09\/12inch-whiskey-barrel-planter51230920513.jpg\",\"width\":730,\"height\":730,\"caption\":\"wholesale price Whiskey Barrel Planter\"},{\"@type\":\"BreadcrumbList\",\"@id\":\"http:\/\/www.ronboplastic.com\/ru\/%d0%bf%d1%80%d0%be%d0%b4%d1%83%d0%ba%d1%82\/12-2\/#breadcrumb\",\"itemListElement\":[{\"@type\":\"ListItem\",\"position\":1,\"name\":\"\u9996\u9875\",\"item\":\"https:\/\/www.ronboplastic.com\/\"},{\"@type\":\"ListItem\",\"position\":2,\"name\":\"Products\",\"item\":\"http:\/\/www.ronboplastic.com\/products\/\"},{\"@type\":\"ListItem\",\"position\":3,\"name\":\"Resin Whiskey Barrel For 12 Inch\"}]},{\"@type\":\"WebSite\",\"@id\":\"https:\/\/www.ronboplastic.com\/#website\",\"url\":\"https:\/\/www.ronboplastic.com\/\",\"name\":\"Ronbo Sunrise Pots &amp; Planters\",\"description\":\"Flower Pots &amp; Planters\",\"potentialAction\":[{\"@type\":\"SearchAction\",\"target\":{\"@type\":\"EntryPoint\",\"urlTemplate\":\"https:\/\/www.ronboplastic.com\/?s={search_term_string}\"},\"query-input\":{\"@type\":\"PropertyValueSpecification\",\"valueRequired\":true,\"valueName\":\"search_term_string\"}}],\"inLanguage\":\"es\"}]}<\/script>\n<!-- \/ Yoast SEO plugin. -->","yoast_head_json":{"title":"Resin Whiskey Barrel For 12 Inch - Ronbo Sunrise Pots &amp; Planters","robots":{"index":"index","follow":"follow","max-snippet":"max-snippet:-1","max-image-preview":"max-image-preview:large","max-video-preview":"max-video-preview:-1"},"canonical":"http:\/\/www.ronboplastic.com\/es\/producto\/barril-de-whisky-de-resina-para-12-pulgadas\/","og_locale":"es_ES","og_type":"article","og_title":"Resin Whiskey Barrel For 12 Inch - Ronbo Sunrise Pots &amp; Planters","og_description":"12 inch barrlel effect planter ,Durable and lightweight,this classic whiskey barrel can be moved around your farm or garden easily. This classic and stylish brown barrel planter is great for indoor and outdoor use.This large planter has UV protectors that provide crack and fade resistance","og_url":"http:\/\/www.ronboplastic.com\/es\/producto\/barril-de-whisky-de-resina-para-12-pulgadas\/","og_site_name":"Ronbo Sunrise Pots &amp; Planters","article_modified_time":"2025-09-08T06:17:14+00:00","og_image":[{"width":730,"height":730,"url":"https:\/\/www.ronboplastic.com\/wp-content\/uploads\/2025\/09\/12inch-whiskey-barrel-planter51230920513.jpg","type":"image\/jpeg"}],"twitter_card":"summary_large_image","schema":{"@context":"https:\/\/schema.org","@graph":[{"@type":"WebPage","@id":"http:\/\/www.ronboplastic.com\/ru\/%d0%bf%d1%80%d0%be%d0%b4%d1%83%d0%ba%d1%82\/12-2\/","url":"http:\/\/www.ronboplastic.com\/ru\/%d0%bf%d1%80%d0%be%d0%b4%d1%83%d0%ba%d1%82\/12-2\/","name":"Resin Whiskey Barrel For 12 Inch - Ronbo Sunrise Pots &amp; Planters","isPartOf":{"@id":"https:\/\/www.ronboplastic.com\/#website"},"primaryImageOfPage":{"@id":"http:\/\/www.ronboplastic.com\/ru\/%d0%bf%d1%80%d0%be%d0%b4%d1%83%d0%ba%d1%82\/12-2\/#primaryimage"},"image":{"@id":"http:\/\/www.ronboplastic.com\/ru\/%d0%bf%d1%80%d0%be%d0%b4%d1%83%d0%ba%d1%82\/12-2\/#primaryimage"},"thumbnailUrl":"https:\/\/www.ronboplastic.com\/wp-content\/uploads\/2025\/09\/12inch-whiskey-barrel-planter51230920513.jpg","datePublished":"2024-09-18T22:28:59+00:00","dateModified":"2025-09-08T06:17:14+00:00","breadcrumb":{"@id":"http:\/\/www.ronboplastic.com\/ru\/%d0%bf%d1%80%d0%be%d0%b4%d1%83%d0%ba%d1%82\/12-2\/#breadcrumb"},"inLanguage":"es","potentialAction":[{"@type":"ReadAction","target":["http:\/\/www.ronboplastic.com\/ru\/%d0%bf%d1%80%d0%be%d0%b4%d1%83%d0%ba%d1%82\/12-2\/"]}]},{"@type":"ImageObject","inLanguage":"es","@id":"http:\/\/www.ronboplastic.com\/ru\/%d0%bf%d1%80%d0%be%d0%b4%d1%83%d0%ba%d1%82\/12-2\/#primaryimage","url":"https:\/\/www.ronboplastic.com\/wp-content\/uploads\/2025\/09\/12inch-whiskey-barrel-planter51230920513.jpg","contentUrl":"https:\/\/www.ronboplastic.com\/wp-content\/uploads\/2025\/09\/12inch-whiskey-barrel-planter51230920513.jpg","width":730,"height":730,"caption":"wholesale price Whiskey Barrel Planter"},{"@type":"BreadcrumbList","@id":"http:\/\/www.ronboplastic.com\/ru\/%d0%bf%d1%80%d0%be%d0%b4%d1%83%d0%ba%d1%82\/12-2\/#breadcrumb","itemListElement":[{"@type":"ListItem","position":1,"name":"\u9996\u9875","item":"https:\/\/www.ronboplastic.com\/"},{"@type":"ListItem","position":2,"name":"Products","item":"http:\/\/www.ronboplastic.com\/products\/"},{"@type":"ListItem","position":3,"name":"Resin Whiskey Barrel For 12 Inch"}]},{"@type":"WebSite","@id":"https:\/\/www.ronboplastic.com\/#website","url":"https:\/\/www.ronboplastic.com\/","name":"Ronbo Sunrise Pots &amp; Planters","description":"Macetas y jardineras","potentialAction":[{"@type":"SearchAction","target":{"@type":"EntryPoint","urlTemplate":"https:\/\/www.ronboplastic.com\/?s={search_term_string}"},"query-input":{"@type":"PropertyValueSpecification","valueRequired":true,"valueName":"search_term_string"}}],"inLanguage":"es"}]}},"_links":{"self":[{"href":"https:\/\/www.ronboplastic.com\/es\/wp-json\/wp\/v2\/product\/8994","targetHints":{"allow":["GET"]}}],"collection":[{"href":"https:\/\/www.ronboplastic.com\/es\/wp-json\/wp\/v2\/product"}],"about":[{"href":"https:\/\/www.ronboplastic.com\/es\/wp-json\/wp\/v2\/types\/product"}],"replies":[{"embeddable":true,"href":"https:\/\/www.ronboplastic.com\/es\/wp-json\/wp\/v2\/comments?post=8994"}],"wp:featuredmedia":[{"embeddable":true,"href":"https:\/\/www.ronboplastic.com\/es\/wp-json\/wp\/v2\/media\/8996"}],"wp:attachment":[{"href":"https:\/\/www.ronboplastic.com\/es\/wp-json\/wp\/v2\/media?parent=8994"}],"wp:term":[{"taxonomy":"product_brand","embeddable":true,"href":"https:\/\/www.ronboplastic.com\/es\/wp-json\/wp\/v2\/product_brand?post=8994"},{"taxonomy":"product_cat","embeddable":true,"href":"https:\/\/www.ronboplastic.com\/es\/wp-json\/wp\/v2\/product_cat?post=8994"},{"taxonomy":"product_tag","embeddable":true,"href":"https:\/\/www.ronboplastic.com\/es\/wp-json\/wp\/v2\/product_tag?post=8994"}],"curies":[{"name":"wp","href":"https:\/\/api.w.org\/{rel}","templated":true}]}}