{"id":8898,"date":"2024-09-14T09:24:03","date_gmt":"2024-09-14T01:24:03","guid":{"rendered":"https:\/\/www.ronboplastic.com\/index.php\/product\/decorative-large-plastic-flower-pot-planter\/"},"modified":"2025-09-08T14:16:31","modified_gmt":"2025-09-08T06:16:31","slug":"macetero-decorativo-grande-de-plastico","status":"publish","type":"product","link":"https:\/\/www.ronboplastic.com\/es\/producto\/macetero-decorativo-grande-de-plastico\/","title":{"rendered":"Macetero decorativo grande de pl\u00e1stico"},"content":{"rendered":"<p>Maceta de pl\u00e1stico para plantar \u00e1rboles grandes y altos es una maceta de pl\u00e1stico dise\u00f1ada espec\u00edficamente para plantar \u00e1rboles grandes y altos en interiores y exteriores. Est\u00e1 hecha de material pl\u00e1stico de alta calidad, resistente y duradero, y puede soportar la influencia de diversas condiciones clim\u00e1ticas. Esta maceta profunda ofrece suficiente capacidad de tierra para proporcionar suficiente espacio de crecimiento para las ra\u00edces de los \u00e1rboles, lo que ayuda a promover el crecimiento saludable de las plantas.<\/p>\n<p>Puntos fuertes del producto:<\/p>\n<p>1. Dise\u00f1o de gran capacidad: En comparaci\u00f3n con las macetas tradicionales, la maceta de pl\u00e1stico Large Tall Tree Planting tiene una mayor capacidad. Esto significa que puede proporcionar m\u00e1s tierra y nutrientes para los \u00e1rboles, lo que ayuda al crecimiento y desarrollo de las ra\u00edces de las plantas.<\/p>\n<p>2. Durabilidad: La maceta est\u00e1 hecha de material pl\u00e1stico de alta calidad, que tiene una excelente durabilidad y resistencia a la intemperie. Puede soportar la prueba de la luz solar, la lluvia y otras condiciones clim\u00e1ticas adversas, manteniendo un buen aspecto y funcionamiento durante mucho tiempo.<\/p>\n<p>3. Aplicable en interiores y exteriores: Debido a sus materiales y dise\u00f1o de alta calidad, esta maceta es muy adecuada para su uso tanto en interiores como en exteriores. Se puede colocar en su balc\u00f3n, jard\u00edn, terraza o espacio interior, proporcionando un entorno de crecimiento seguro y c\u00f3modo para sus plantas.<\/p>\n<p>4. Adecuado para \u00e1rboles altos: Debido a la altura y profundidad de la maceta de pl\u00e1stico Large Tall Tree Planting, es muy adecuada para plantar \u00e1rboles altos. Puede acomodar suficiente tierra y ra\u00edces para soportar el crecimiento de los \u00e1rboles en un estado sin restricciones, creando un paisaje vegetal llamativo.<\/p>\n<p>5. F\u00e1cil de usar y limpiar: El dise\u00f1o de esta maceta hace que plantar, mover y limpiar las plantas sea muy sencillo. Tiene un pr\u00e1ctico orificio de drenaje que puede ayudar a controlar la humedad del suelo y es f\u00e1cil de limpiar y mantener.<\/p>\n<p>Tanto si desea crear un bonito jard\u00edn interior como un paisaje exterior con \u00e1rboles altos, la maceta de pl\u00e1stico para plantar \u00e1rboles grandes es una opci\u00f3n ideal. Su estabilidad, durabilidad y aplicabilidad la convierten en la soluci\u00f3n perfecta para plantar \u00e1rboles grandes.<\/p>\n<p><img loading=\"lazy\" decoding=\"async\" title=\"01\" src=\"https:\/\/www.ronboplastic.com\/wp-content\/uploads\/2025\/09\/20230808113534da65ea60a994470fa5f5932d0c26485a.jpg\" alt=\"01\" width=\"800\" height=\"4364\" \/><\/p>\n<p><img loading=\"lazy\" decoding=\"async\" title=\"02\" src=\"https:\/\/www.ronboplastic.com\/wp-content\/uploads\/2025\/09\/202308081135344cc99e4d847b4e0dae4b6d399f7ccd8c.jpg\" alt=\"02\" width=\"800\" height=\"3554\" \/><\/p>\n<p>&nbsp;<\/p>\n<p><img loading=\"lazy\" decoding=\"async\" title=\"producto-800-207\" src=\"https:\/\/www.ronboplastic.com\/wp-content\/uploads\/2025\/09\/202205131612159a16ace32ec04133ae6f48e4dcaa3c85.jpg\" alt=\"Jardinera de barril\" width=\"800\" height=\"207\" \/>Hot Tags: gran maceta de pl\u00e1stico de altura, proveedores, fabricantes, f\u00e1brica, venta al por mayor, para la venta<\/p>","protected":false},"excerpt":{"rendered":"<p>Maceta de pl\u00e1stico para plantar \u00e1rboles grandes y altos es una maceta de pl\u00e1stico dise\u00f1ada espec\u00edficamente para plantar \u00e1rboles grandes y altos en interiores y exteriores. Est\u00e1 hecha de material pl\u00e1stico de alta calidad, resistente y duradero, y puede soportar la influencia de diversas condiciones clim\u00e1ticas.<\/p>","protected":false},"featured_media":8902,"comment_status":"open","ping_status":"open","template":"","meta":[],"product_brand":[],"product_cat":[80],"product_tag":[79],"class_list":{"0":"post-8898","1":"product","2":"type-product","3":"status-publish","4":"has-post-thumbnail","6":"product_cat-decorative-potsampplanters","7":"product_tag-decorative-plant-pots","9":"first","10":"instock","11":"shipping-taxable","12":"product-type-simple"},"yoast_head":"<!-- This site is optimized with the Yoast SEO plugin v26.1.1 - https:\/\/yoast.com\/wordpress\/plugins\/seo\/ -->\n<title>Decorative Large Plastic Flower Pot Planter - Ronbo Sunrise Pots &amp; Planters<\/title>\n<meta name=\"robots\" content=\"index, follow, max-snippet:-1, max-image-preview:large, max-video-preview:-1\" \/>\n<link rel=\"canonical\" href=\"https:\/\/www.ronboplastic.com\/es\/producto\/macetero-decorativo-grande-de-plastico\/\" \/>\n<meta property=\"og:locale\" content=\"es_ES\" \/>\n<meta property=\"og:type\" content=\"article\" \/>\n<meta property=\"og:title\" content=\"Decorative Large Plastic Flower Pot Planter - Ronbo Sunrise Pots &amp; Planters\" \/>\n<meta property=\"og:description\" content=\"Large Tall Tree Planting Plastic flower pot is a plastic flower pot designed specifically for planting large and tall trees indoors and outdoors. It is made of high-quality plastic material, sturdy and durable, and can withstand the influence of various climatic conditions.\" \/>\n<meta property=\"og:url\" content=\"https:\/\/www.ronboplastic.com\/es\/producto\/macetero-decorativo-grande-de-plastico\/\" \/>\n<meta property=\"og:site_name\" content=\"Ronbo Sunrise Pots &amp; Planters\" \/>\n<meta property=\"article:modified_time\" content=\"2025-09-08T06:16:31+00:00\" \/>\n<meta property=\"og:image\" content=\"https:\/\/www.ronboplastic.com\/wp-content\/uploads\/2025\/09\/1-7.jpg\" \/>\n\t<meta property=\"og:image:width\" content=\"800\" \/>\n\t<meta property=\"og:image:height\" content=\"800\" \/>\n\t<meta property=\"og:image:type\" content=\"image\/jpeg\" \/>\n<meta name=\"twitter:card\" content=\"summary_large_image\" \/>\n<meta name=\"twitter:label1\" content=\"Tiempo de lectura\" \/>\n\t<meta name=\"twitter:data1\" content=\"2 minutos\" \/>\n<script type=\"application\/ld+json\" class=\"yoast-schema-graph\">{\"@context\":\"https:\/\/schema.org\",\"@graph\":[{\"@type\":\"WebPage\",\"@id\":\"https:\/\/www.ronboplastic.com\/ru\/%d0%bf%d1%80%d0%be%d0%b4%d1%83%d0%ba%d1%82\/decorative-large-plastic-flower-pot-planter\/\",\"url\":\"https:\/\/www.ronboplastic.com\/ru\/%d0%bf%d1%80%d0%be%d0%b4%d1%83%d0%ba%d1%82\/decorative-large-plastic-flower-pot-planter\/\",\"name\":\"Decorative Large Plastic Flower Pot Planter - Ronbo Sunrise Pots &amp; Planters\",\"isPartOf\":{\"@id\":\"https:\/\/www.ronboplastic.com\/#website\"},\"primaryImageOfPage\":{\"@id\":\"https:\/\/www.ronboplastic.com\/ru\/%d0%bf%d1%80%d0%be%d0%b4%d1%83%d0%ba%d1%82\/decorative-large-plastic-flower-pot-planter\/#primaryimage\"},\"image\":{\"@id\":\"https:\/\/www.ronboplastic.com\/ru\/%d0%bf%d1%80%d0%be%d0%b4%d1%83%d0%ba%d1%82\/decorative-large-plastic-flower-pot-planter\/#primaryimage\"},\"thumbnailUrl\":\"https:\/\/www.ronboplastic.com\/wp-content\/uploads\/2025\/09\/1-7.jpg\",\"datePublished\":\"2024-09-14T01:24:03+00:00\",\"dateModified\":\"2025-09-08T06:16:31+00:00\",\"breadcrumb\":{\"@id\":\"https:\/\/www.ronboplastic.com\/ru\/%d0%bf%d1%80%d0%be%d0%b4%d1%83%d0%ba%d1%82\/decorative-large-plastic-flower-pot-planter\/#breadcrumb\"},\"inLanguage\":\"es\",\"potentialAction\":[{\"@type\":\"ReadAction\",\"target\":[\"https:\/\/www.ronboplastic.com\/ru\/%d0%bf%d1%80%d0%be%d0%b4%d1%83%d0%ba%d1%82\/decorative-large-plastic-flower-pot-planter\/\"]}]},{\"@type\":\"ImageObject\",\"inLanguage\":\"es\",\"@id\":\"https:\/\/www.ronboplastic.com\/ru\/%d0%bf%d1%80%d0%be%d0%b4%d1%83%d0%ba%d1%82\/decorative-large-plastic-flower-pot-planter\/#primaryimage\",\"url\":\"https:\/\/www.ronboplastic.com\/wp-content\/uploads\/2025\/09\/1-7.jpg\",\"contentUrl\":\"https:\/\/www.ronboplastic.com\/wp-content\/uploads\/2025\/09\/1-7.jpg\",\"width\":800,\"height\":800,\"caption\":\"plastic material decorative planters\"},{\"@type\":\"BreadcrumbList\",\"@id\":\"https:\/\/www.ronboplastic.com\/ru\/%d0%bf%d1%80%d0%be%d0%b4%d1%83%d0%ba%d1%82\/decorative-large-plastic-flower-pot-planter\/#breadcrumb\",\"itemListElement\":[{\"@type\":\"ListItem\",\"position\":1,\"name\":\"\u9996\u9875\",\"item\":\"https:\/\/www.ronboplastic.com\/\"},{\"@type\":\"ListItem\",\"position\":2,\"name\":\"Products\",\"item\":\"http:\/\/www.ronboplastic.com\/products\/\"},{\"@type\":\"ListItem\",\"position\":3,\"name\":\"Decorative Large Plastic Flower Pot Planter\"}]},{\"@type\":\"WebSite\",\"@id\":\"https:\/\/www.ronboplastic.com\/#website\",\"url\":\"https:\/\/www.ronboplastic.com\/\",\"name\":\"Ronbo Sunrise Pots &amp; Planters\",\"description\":\"Flower Pots &amp; Planters\",\"potentialAction\":[{\"@type\":\"SearchAction\",\"target\":{\"@type\":\"EntryPoint\",\"urlTemplate\":\"https:\/\/www.ronboplastic.com\/?s={search_term_string}\"},\"query-input\":{\"@type\":\"PropertyValueSpecification\",\"valueRequired\":true,\"valueName\":\"search_term_string\"}}],\"inLanguage\":\"es\"}]}<\/script>\n<!-- \/ Yoast SEO plugin. -->","yoast_head_json":{"title":"Decorative Large Plastic Flower Pot Planter - Ronbo Sunrise Pots &amp; Planters","robots":{"index":"index","follow":"follow","max-snippet":"max-snippet:-1","max-image-preview":"max-image-preview:large","max-video-preview":"max-video-preview:-1"},"canonical":"https:\/\/www.ronboplastic.com\/es\/producto\/macetero-decorativo-grande-de-plastico\/","og_locale":"es_ES","og_type":"article","og_title":"Decorative Large Plastic Flower Pot Planter - Ronbo Sunrise Pots &amp; Planters","og_description":"Large Tall Tree Planting Plastic flower pot is a plastic flower pot designed specifically for planting large and tall trees indoors and outdoors. It is made of high-quality plastic material, sturdy and durable, and can withstand the influence of various climatic conditions.","og_url":"https:\/\/www.ronboplastic.com\/es\/producto\/macetero-decorativo-grande-de-plastico\/","og_site_name":"Ronbo Sunrise Pots &amp; Planters","article_modified_time":"2025-09-08T06:16:31+00:00","og_image":[{"width":800,"height":800,"url":"https:\/\/www.ronboplastic.com\/wp-content\/uploads\/2025\/09\/1-7.jpg","type":"image\/jpeg"}],"twitter_card":"summary_large_image","twitter_misc":{"Tiempo de lectura":"2 minutos"},"schema":{"@context":"https:\/\/schema.org","@graph":[{"@type":"WebPage","@id":"https:\/\/www.ronboplastic.com\/ru\/%d0%bf%d1%80%d0%be%d0%b4%d1%83%d0%ba%d1%82\/decorative-large-plastic-flower-pot-planter\/","url":"https:\/\/www.ronboplastic.com\/ru\/%d0%bf%d1%80%d0%be%d0%b4%d1%83%d0%ba%d1%82\/decorative-large-plastic-flower-pot-planter\/","name":"Decorative Large Plastic Flower Pot Planter - Ronbo Sunrise Pots &amp; Planters","isPartOf":{"@id":"https:\/\/www.ronboplastic.com\/#website"},"primaryImageOfPage":{"@id":"https:\/\/www.ronboplastic.com\/ru\/%d0%bf%d1%80%d0%be%d0%b4%d1%83%d0%ba%d1%82\/decorative-large-plastic-flower-pot-planter\/#primaryimage"},"image":{"@id":"https:\/\/www.ronboplastic.com\/ru\/%d0%bf%d1%80%d0%be%d0%b4%d1%83%d0%ba%d1%82\/decorative-large-plastic-flower-pot-planter\/#primaryimage"},"thumbnailUrl":"https:\/\/www.ronboplastic.com\/wp-content\/uploads\/2025\/09\/1-7.jpg","datePublished":"2024-09-14T01:24:03+00:00","dateModified":"2025-09-08T06:16:31+00:00","breadcrumb":{"@id":"https:\/\/www.ronboplastic.com\/ru\/%d0%bf%d1%80%d0%be%d0%b4%d1%83%d0%ba%d1%82\/decorative-large-plastic-flower-pot-planter\/#breadcrumb"},"inLanguage":"es","potentialAction":[{"@type":"ReadAction","target":["https:\/\/www.ronboplastic.com\/ru\/%d0%bf%d1%80%d0%be%d0%b4%d1%83%d0%ba%d1%82\/decorative-large-plastic-flower-pot-planter\/"]}]},{"@type":"ImageObject","inLanguage":"es","@id":"https:\/\/www.ronboplastic.com\/ru\/%d0%bf%d1%80%d0%be%d0%b4%d1%83%d0%ba%d1%82\/decorative-large-plastic-flower-pot-planter\/#primaryimage","url":"https:\/\/www.ronboplastic.com\/wp-content\/uploads\/2025\/09\/1-7.jpg","contentUrl":"https:\/\/www.ronboplastic.com\/wp-content\/uploads\/2025\/09\/1-7.jpg","width":800,"height":800,"caption":"plastic material decorative planters"},{"@type":"BreadcrumbList","@id":"https:\/\/www.ronboplastic.com\/ru\/%d0%bf%d1%80%d0%be%d0%b4%d1%83%d0%ba%d1%82\/decorative-large-plastic-flower-pot-planter\/#breadcrumb","itemListElement":[{"@type":"ListItem","position":1,"name":"\u9996\u9875","item":"https:\/\/www.ronboplastic.com\/"},{"@type":"ListItem","position":2,"name":"Products","item":"http:\/\/www.ronboplastic.com\/products\/"},{"@type":"ListItem","position":3,"name":"Decorative Large Plastic Flower Pot Planter"}]},{"@type":"WebSite","@id":"https:\/\/www.ronboplastic.com\/#website","url":"https:\/\/www.ronboplastic.com\/","name":"Ronbo Sunrise Pots &amp; Planters","description":"Macetas y jardineras","potentialAction":[{"@type":"SearchAction","target":{"@type":"EntryPoint","urlTemplate":"https:\/\/www.ronboplastic.com\/?s={search_term_string}"},"query-input":{"@type":"PropertyValueSpecification","valueRequired":true,"valueName":"search_term_string"}}],"inLanguage":"es"}]}},"_links":{"self":[{"href":"https:\/\/www.ronboplastic.com\/es\/wp-json\/wp\/v2\/product\/8898","targetHints":{"allow":["GET"]}}],"collection":[{"href":"https:\/\/www.ronboplastic.com\/es\/wp-json\/wp\/v2\/product"}],"about":[{"href":"https:\/\/www.ronboplastic.com\/es\/wp-json\/wp\/v2\/types\/product"}],"replies":[{"embeddable":true,"href":"https:\/\/www.ronboplastic.com\/es\/wp-json\/wp\/v2\/comments?post=8898"}],"wp:featuredmedia":[{"embeddable":true,"href":"https:\/\/www.ronboplastic.com\/es\/wp-json\/wp\/v2\/media\/8902"}],"wp:attachment":[{"href":"https:\/\/www.ronboplastic.com\/es\/wp-json\/wp\/v2\/media?parent=8898"}],"wp:term":[{"taxonomy":"product_brand","embeddable":true,"href":"https:\/\/www.ronboplastic.com\/es\/wp-json\/wp\/v2\/product_brand?post=8898"},{"taxonomy":"product_cat","embeddable":true,"href":"https:\/\/www.ronboplastic.com\/es\/wp-json\/wp\/v2\/product_cat?post=8898"},{"taxonomy":"product_tag","embeddable":true,"href":"https:\/\/www.ronboplastic.com\/es\/wp-json\/wp\/v2\/product_tag?post=8898"}],"curies":[{"name":"wp","href":"https:\/\/api.w.org\/{rel}","templated":true}]}}