{"id":8872,"date":"2024-09-13T07:55:17","date_gmt":"2024-09-12T23:55:17","guid":{"rendered":"https:\/\/www.ronboplastic.com\/index.php\/product\/imitation-stone-plastic-planters\/"},"modified":"2025-09-08T14:16:19","modified_gmt":"2025-09-08T06:16:19","slug":"jardineras-de-plastico-imitacion-piedra","status":"publish","type":"product","link":"https:\/\/www.ronboplastic.com\/es\/producto\/jardineras-de-plastico-imitacion-piedra\/","title":{"rendered":"Maceteros de pl\u00e1stico imitaci\u00f3n piedra"},"content":{"rendered":"<p>Descripci\u00f3n del producto:<br \/>\nNuestra maceta grande de imitaci\u00f3n de cobre est\u00e1 dise\u00f1ada para satisfacer las necesidades de los aficionados a la jardiner\u00eda que desean a\u00f1adir un ambiente delicado y cl\u00e1sico a la zona exterior. Estas macetas est\u00e1n hechas de material de imitaci\u00f3n de cobre con excelente artesan\u00eda y detalles, lo que les da un aspecto similar a las macetas de cobre reales, pero a un precio m\u00e1s asequible. El espacioso dise\u00f1o de la maceta puede albergar varias flores, plantas, arbustos y \u00e1rboles, a\u00f1adiendo un ambiente natural y verde a su jard\u00edn o balc\u00f3n.<br \/>\nPuntos fuertes del producto:<br \/>\n1. Material de imitaci\u00f3n de cobre de alta calidad: Nuestras macetas grandes est\u00e1n hechas de material de imitaci\u00f3n de cobre cuidadosamente seleccionado, y su apariencia es casi indistinguible de las macetas de cobre reales, dando a la gente una sensaci\u00f3n lujosa y noble.<br \/>\n2. Exquisita artesan\u00eda: Cada maceta est\u00e1 meticulosamente elaborada, con una artesan\u00eda exquisita y detalles meticulosamente elaborados. Desde la textura hasta el color, nos esforzamos para que la maceta sea lo m\u00e1s parecida posible a una maceta de cobre real.<br \/>\n3. Dise\u00f1o espacioso: Nuestra maceta tiene un amplio espacio interior en el que caben plantas grandes e incluso \u00e1rboles peque\u00f1os. Puedes plantar varias flores y plantas para crear un incre\u00edble jard\u00edn o paisaje de balc\u00f3n.<br \/>\n4. Durabilidad: Aunque nuestras macetas parecen de cobre aut\u00e9ntico, est\u00e1n fabricadas con materiales duraderos que no se oxidan ni corroen y pueden durar incluso en entornos exteriores.<br \/>\n5. Precio asequible: En comparaci\u00f3n con las macetas de cobre reales, nuestras macetas grandes de imitaci\u00f3n de cobre son m\u00e1s asequibles, lo que le proporciona una opci\u00f3n econ\u00f3mica sin dejar de mantener una alta calidad y un aspecto exquisito.<br \/>\nTanto si desea a\u00f1adir una lujosa decoraci\u00f3n a su jard\u00edn como crear un incre\u00edble espacio verde para la terraza o el balc\u00f3n de su familia, nuestras macetas grandes de imitaci\u00f3n de cobre ser\u00e1n la elecci\u00f3n ideal. Le aportar\u00e1n belleza y aprecio para toda la vida.<\/p>\n<p>&nbsp;<\/p>\n<p><img loading=\"lazy\" decoding=\"async\" title=\"01\" src=\"https:\/\/www.ronboplastic.com\/wp-content\/uploads\/2025\/09\/202308080918178ed60b64f91b4d2aba132d6a09ca6fd6.jpg\" alt=\"01\" width=\"800\" height=\"3977\" \/><\/p>\n<p><img loading=\"lazy\" decoding=\"async\" title=\"02\" src=\"https:\/\/www.ronboplastic.com\/wp-content\/uploads\/2025\/09\/20230808091817525bb61d4cdf4fab8376b077e03aff2a.jpg\" alt=\"02\" width=\"800\" height=\"3507\" \/><\/p>\n<p><img loading=\"lazy\" decoding=\"async\" title=\"producto-800-207\" src=\"https:\/\/www.ronboplastic.com\/wp-content\/uploads\/2025\/09\/202205131612159a16ace32ec04133ae6f48e4dcaa3c85.jpg\" alt=\"Jardinera de barril\" width=\"800\" height=\"207\" \/><\/p>\n<p>&nbsp;<\/p>\n<p>&nbsp;<\/p>\n<p class=\"productsTags\">Hot Tags: imitaci\u00f3n de cobre grandes macetas, proveedores, fabricantes, f\u00e1brica, venta al por mayor, para la venta<\/p>","protected":false},"excerpt":{"rendered":"<p>Macetero moderno para plantas y \u00e1rboles - El macetero circular con forma de barriga es un macetero moderno para plantas y \u00e1rboles dise\u00f1ado con forma de barriga circular. Esta maceta es adecuada para plantar diversas plantas y \u00e1rboles, que pueden a\u00f1adir efectos decorativos \u00fanicos a su espacio interior y exterior, mientras que tambi\u00e9n permite que las plantas crezcan sanas.<\/p>","protected":false},"featured_media":8876,"comment_status":"open","ping_status":"open","template":"","meta":[],"product_brand":[],"product_cat":[80],"product_tag":[],"class_list":{"0":"post-8872","1":"product","2":"type-product","3":"status-publish","4":"has-post-thumbnail","6":"product_cat-decorative-potsampplanters","8":"first","9":"instock","10":"shipping-taxable","11":"product-type-simple"},"yoast_head":"<!-- This site is optimized with the Yoast SEO plugin v26.1.1 - https:\/\/yoast.com\/wordpress\/plugins\/seo\/ -->\n<title>Imitation Stone Plastic Planters - Ronbo Sunrise Pots &amp; Planters<\/title>\n<meta name=\"robots\" content=\"index, follow, max-snippet:-1, max-image-preview:large, max-video-preview:-1\" \/>\n<link rel=\"canonical\" href=\"http:\/\/www.ronboplastic.com\/es\/producto\/jardineras-de-plastico-imitacion-piedra\/\" \/>\n<meta property=\"og:locale\" content=\"es_ES\" \/>\n<meta property=\"og:type\" content=\"article\" \/>\n<meta property=\"og:title\" content=\"Imitation Stone Plastic Planters - Ronbo Sunrise Pots &amp; Planters\" \/>\n<meta property=\"og:description\" content=\"Modern Plant and Tree Flower Pots - Circular Belly shaped Flower Pots is a modern plant and tree flower pot designed with a circular belly shape. This flowerpot is suitable for planting various plants and trees, which can add unique decorative effects to your indoor and outdoor space while also allowing plants to grow healthily.\" \/>\n<meta property=\"og:url\" content=\"http:\/\/www.ronboplastic.com\/es\/producto\/jardineras-de-plastico-imitacion-piedra\/\" \/>\n<meta property=\"og:site_name\" content=\"Ronbo Sunrise Pots &amp; Planters\" \/>\n<meta property=\"article:modified_time\" content=\"2025-09-08T06:16:19+00:00\" \/>\n<meta property=\"og:image\" content=\"https:\/\/www.ronboplastic.com\/wp-content\/uploads\/2025\/09\/1-5.jpg\" \/>\n\t<meta property=\"og:image:width\" content=\"800\" \/>\n\t<meta property=\"og:image:height\" content=\"800\" \/>\n\t<meta property=\"og:image:type\" content=\"image\/jpeg\" \/>\n<meta name=\"twitter:card\" content=\"summary_large_image\" \/>\n<meta name=\"twitter:label1\" content=\"Tiempo de lectura\" \/>\n\t<meta name=\"twitter:data1\" content=\"2 minutos\" \/>\n<script type=\"application\/ld+json\" class=\"yoast-schema-graph\">{\"@context\":\"https:\/\/schema.org\",\"@graph\":[{\"@type\":\"WebPage\",\"@id\":\"http:\/\/www.ronboplastic.com\/pt\/produto\/plantadores-de-plastico-com-imitacao-de-pedra\/\",\"url\":\"http:\/\/www.ronboplastic.com\/pt\/produto\/plantadores-de-plastico-com-imitacao-de-pedra\/\",\"name\":\"Imitation Stone Plastic Planters - Ronbo Sunrise Pots &amp; Planters\",\"isPartOf\":{\"@id\":\"https:\/\/www.ronboplastic.com\/#website\"},\"primaryImageOfPage\":{\"@id\":\"http:\/\/www.ronboplastic.com\/pt\/produto\/plantadores-de-plastico-com-imitacao-de-pedra\/#primaryimage\"},\"image\":{\"@id\":\"http:\/\/www.ronboplastic.com\/pt\/produto\/plantadores-de-plastico-com-imitacao-de-pedra\/#primaryimage\"},\"thumbnailUrl\":\"https:\/\/www.ronboplastic.com\/wp-content\/uploads\/2025\/09\/1-5.jpg\",\"datePublished\":\"2024-09-12T23:55:17+00:00\",\"dateModified\":\"2025-09-08T06:16:19+00:00\",\"breadcrumb\":{\"@id\":\"http:\/\/www.ronboplastic.com\/pt\/produto\/plantadores-de-plastico-com-imitacao-de-pedra\/#breadcrumb\"},\"inLanguage\":\"es\",\"potentialAction\":[{\"@type\":\"ReadAction\",\"target\":[\"http:\/\/www.ronboplastic.com\/pt\/produto\/plantadores-de-plastico-com-imitacao-de-pedra\/\"]}]},{\"@type\":\"ImageObject\",\"inLanguage\":\"es\",\"@id\":\"http:\/\/www.ronboplastic.com\/pt\/produto\/plantadores-de-plastico-com-imitacao-de-pedra\/#primaryimage\",\"url\":\"https:\/\/www.ronboplastic.com\/wp-content\/uploads\/2025\/09\/1-5.jpg\",\"contentUrl\":\"https:\/\/www.ronboplastic.com\/wp-content\/uploads\/2025\/09\/1-5.jpg\",\"width\":800,\"height\":800,\"caption\":\"wholesale price plant pot\"},{\"@type\":\"BreadcrumbList\",\"@id\":\"http:\/\/www.ronboplastic.com\/pt\/produto\/plantadores-de-plastico-com-imitacao-de-pedra\/#breadcrumb\",\"itemListElement\":[{\"@type\":\"ListItem\",\"position\":1,\"name\":\"\u9996\u9875\",\"item\":\"https:\/\/www.ronboplastic.com\/\"},{\"@type\":\"ListItem\",\"position\":2,\"name\":\"Products\",\"item\":\"http:\/\/www.ronboplastic.com\/products\/\"},{\"@type\":\"ListItem\",\"position\":3,\"name\":\"Imitation Stone Plastic Planters\"}]},{\"@type\":\"WebSite\",\"@id\":\"https:\/\/www.ronboplastic.com\/#website\",\"url\":\"https:\/\/www.ronboplastic.com\/\",\"name\":\"Ronbo Sunrise Pots &amp; Planters\",\"description\":\"Flower Pots &amp; Planters\",\"potentialAction\":[{\"@type\":\"SearchAction\",\"target\":{\"@type\":\"EntryPoint\",\"urlTemplate\":\"https:\/\/www.ronboplastic.com\/?s={search_term_string}\"},\"query-input\":{\"@type\":\"PropertyValueSpecification\",\"valueRequired\":true,\"valueName\":\"search_term_string\"}}],\"inLanguage\":\"es\"}]}<\/script>\n<!-- \/ Yoast SEO plugin. -->","yoast_head_json":{"title":"Imitation Stone Plastic Planters - Ronbo Sunrise Pots &amp; Planters","robots":{"index":"index","follow":"follow","max-snippet":"max-snippet:-1","max-image-preview":"max-image-preview:large","max-video-preview":"max-video-preview:-1"},"canonical":"http:\/\/www.ronboplastic.com\/es\/producto\/jardineras-de-plastico-imitacion-piedra\/","og_locale":"es_ES","og_type":"article","og_title":"Imitation Stone Plastic Planters - Ronbo Sunrise Pots &amp; Planters","og_description":"Modern Plant and Tree Flower Pots - Circular Belly shaped Flower Pots is a modern plant and tree flower pot designed with a circular belly shape. This flowerpot is suitable for planting various plants and trees, which can add unique decorative effects to your indoor and outdoor space while also allowing plants to grow healthily.","og_url":"http:\/\/www.ronboplastic.com\/es\/producto\/jardineras-de-plastico-imitacion-piedra\/","og_site_name":"Ronbo Sunrise Pots &amp; Planters","article_modified_time":"2025-09-08T06:16:19+00:00","og_image":[{"width":800,"height":800,"url":"https:\/\/www.ronboplastic.com\/wp-content\/uploads\/2025\/09\/1-5.jpg","type":"image\/jpeg"}],"twitter_card":"summary_large_image","twitter_misc":{"Tiempo de lectura":"2 minutos"},"schema":{"@context":"https:\/\/schema.org","@graph":[{"@type":"WebPage","@id":"http:\/\/www.ronboplastic.com\/pt\/produto\/plantadores-de-plastico-com-imitacao-de-pedra\/","url":"http:\/\/www.ronboplastic.com\/pt\/produto\/plantadores-de-plastico-com-imitacao-de-pedra\/","name":"Imitation Stone Plastic Planters - Ronbo Sunrise Pots &amp; Planters","isPartOf":{"@id":"https:\/\/www.ronboplastic.com\/#website"},"primaryImageOfPage":{"@id":"http:\/\/www.ronboplastic.com\/pt\/produto\/plantadores-de-plastico-com-imitacao-de-pedra\/#primaryimage"},"image":{"@id":"http:\/\/www.ronboplastic.com\/pt\/produto\/plantadores-de-plastico-com-imitacao-de-pedra\/#primaryimage"},"thumbnailUrl":"https:\/\/www.ronboplastic.com\/wp-content\/uploads\/2025\/09\/1-5.jpg","datePublished":"2024-09-12T23:55:17+00:00","dateModified":"2025-09-08T06:16:19+00:00","breadcrumb":{"@id":"http:\/\/www.ronboplastic.com\/pt\/produto\/plantadores-de-plastico-com-imitacao-de-pedra\/#breadcrumb"},"inLanguage":"es","potentialAction":[{"@type":"ReadAction","target":["http:\/\/www.ronboplastic.com\/pt\/produto\/plantadores-de-plastico-com-imitacao-de-pedra\/"]}]},{"@type":"ImageObject","inLanguage":"es","@id":"http:\/\/www.ronboplastic.com\/pt\/produto\/plantadores-de-plastico-com-imitacao-de-pedra\/#primaryimage","url":"https:\/\/www.ronboplastic.com\/wp-content\/uploads\/2025\/09\/1-5.jpg","contentUrl":"https:\/\/www.ronboplastic.com\/wp-content\/uploads\/2025\/09\/1-5.jpg","width":800,"height":800,"caption":"wholesale price plant pot"},{"@type":"BreadcrumbList","@id":"http:\/\/www.ronboplastic.com\/pt\/produto\/plantadores-de-plastico-com-imitacao-de-pedra\/#breadcrumb","itemListElement":[{"@type":"ListItem","position":1,"name":"\u9996\u9875","item":"https:\/\/www.ronboplastic.com\/"},{"@type":"ListItem","position":2,"name":"Products","item":"http:\/\/www.ronboplastic.com\/products\/"},{"@type":"ListItem","position":3,"name":"Imitation Stone Plastic Planters"}]},{"@type":"WebSite","@id":"https:\/\/www.ronboplastic.com\/#website","url":"https:\/\/www.ronboplastic.com\/","name":"Ronbo Sunrise Pots &amp; Planters","description":"Macetas y jardineras","potentialAction":[{"@type":"SearchAction","target":{"@type":"EntryPoint","urlTemplate":"https:\/\/www.ronboplastic.com\/?s={search_term_string}"},"query-input":{"@type":"PropertyValueSpecification","valueRequired":true,"valueName":"search_term_string"}}],"inLanguage":"es"}]}},"_links":{"self":[{"href":"https:\/\/www.ronboplastic.com\/es\/wp-json\/wp\/v2\/product\/8872","targetHints":{"allow":["GET"]}}],"collection":[{"href":"https:\/\/www.ronboplastic.com\/es\/wp-json\/wp\/v2\/product"}],"about":[{"href":"https:\/\/www.ronboplastic.com\/es\/wp-json\/wp\/v2\/types\/product"}],"replies":[{"embeddable":true,"href":"https:\/\/www.ronboplastic.com\/es\/wp-json\/wp\/v2\/comments?post=8872"}],"wp:featuredmedia":[{"embeddable":true,"href":"https:\/\/www.ronboplastic.com\/es\/wp-json\/wp\/v2\/media\/8876"}],"wp:attachment":[{"href":"https:\/\/www.ronboplastic.com\/es\/wp-json\/wp\/v2\/media?parent=8872"}],"wp:term":[{"taxonomy":"product_brand","embeddable":true,"href":"https:\/\/www.ronboplastic.com\/es\/wp-json\/wp\/v2\/product_brand?post=8872"},{"taxonomy":"product_cat","embeddable":true,"href":"https:\/\/www.ronboplastic.com\/es\/wp-json\/wp\/v2\/product_cat?post=8872"},{"taxonomy":"product_tag","embeddable":true,"href":"https:\/\/www.ronboplastic.com\/es\/wp-json\/wp\/v2\/product_tag?post=8872"}],"curies":[{"name":"wp","href":"https:\/\/api.w.org\/{rel}","templated":true}]}}