{"id":8848,"date":"2024-09-12T10:02:21","date_gmt":"2024-09-12T02:02:21","guid":{"rendered":"https:\/\/www.ronboplastic.com\/index.php\/product\/plastic-cement-tree-planter-pots\/"},"modified":"2025-09-08T14:16:08","modified_gmt":"2025-09-08T06:16:08","slug":"macetas-de-cemento-para-arboles","status":"publish","type":"product","link":"https:\/\/www.ronboplastic.com\/es\/producto\/macetas-de-cemento-para-arboles\/","title":{"rendered":"Macetas de cemento para \u00e1rboles"},"content":{"rendered":"<p>Nordic Big Size Hand Brush Cement Floor Tree Planter Pots es una maceta grande de cemento cepillado a mano de estilo n\u00f3rdico utilizada para la decoraci\u00f3n del jard\u00edn de casa. Esta maceta es de tama\u00f1o moderado y puede acomodar \u00e1rboles m\u00e1s grandes, a\u00f1adiendo un toque natural y moderno a su espacio interior y exterior.<\/p>\n<p>Puntos fuertes del producto:<\/p>\n<p>1. Dise\u00f1o de estilo n\u00f3rdico: Esta maceta adopta un dise\u00f1o de estilo n\u00f3rdico, sencillo y moderno. Su suelo de cemento cepillado a mano aporta una textura \u00fanica al dise\u00f1o general, convirti\u00e9ndolo en un elemento destacado de la decoraci\u00f3n de su jard\u00edn.<\/p>\n<p>2. Adecuada para \u00e1rboles grandes: Esta maceta tiene un tama\u00f1o espacioso y puede alojar \u00e1rboles m\u00e1s grandes, creando un paisaje llamativo en jardines o patios. Proporciona espacio suficiente para las ra\u00edces y tiene buenas prestaciones de transpirabilidad y drenaje, lo que ayuda al crecimiento sano de los \u00e1rboles.<\/p>\n<p>3. Materiales de alta calidad: La maceta est\u00e1 hecha de material de cemento de alta calidad, que es resistente y duradero. Puede soportar diversas condiciones clim\u00e1ticas y pruebas de uso diario, lo que garantiza una larga vida \u00fatil.<\/p>\n<p>4. Est\u00e9tica y practicidad: Este macetero tiene tanto est\u00e9tica como practicidad. Su suelo de cemento cepillado a mano no s\u00f3lo se ajusta a los estilos decorativos modernos, sino que tambi\u00e9n combina con diversos ambientes interiores y exteriores. Al mismo tiempo, tambi\u00e9n es muy conveniente para la limpieza y el mantenimiento, s\u00f3lo limpie suavemente con agua y jab\u00f3n.<\/p>\n<p>5. Elecci\u00f3n ideal para la decoraci\u00f3n del jard\u00edn: Ya sea en un jard\u00edn familiar, patio, balc\u00f3n o espacio interior, Nordic Big Size Hand Brush Cement Floor Tree Planter Pots ser\u00e1 la elecci\u00f3n ideal para la decoraci\u00f3n de su jard\u00edn. Su dise\u00f1o de estilo n\u00f3rdico, sus materiales de alta calidad y su tama\u00f1o adecuado para \u00e1rboles grandes le aportar\u00e1n un efecto de decoraci\u00f3n de jard\u00edn \u00fanico y llamativo.<\/p>\n<p>Tanto si desea a\u00f1adir un toque natural y moderno a los espacios interiores como exteriores, las macetas para \u00e1rboles de suelo de cemento con cepillo manual Nordic de gran tama\u00f1o pueden satisfacer sus necesidades. Su dise\u00f1o \u00fanico, adecuado para la capacidad de los \u00e1rboles grandes, y la calidad del material duradero le traer\u00e1 disfrute decoraci\u00f3n del jard\u00edn a largo plazo.<\/p>\n<p><img loading=\"lazy\" decoding=\"async\" title=\"01\" src=\"https:\/\/www.ronboplastic.com\/wp-content\/uploads\/2025\/09\/202308081023140ecda09777af4f229743eb17d035ac4e.jpg\" alt=\"01\" width=\"800\" height=\"4295\" \/><\/p>\n<p><img loading=\"lazy\" decoding=\"async\" title=\"02\" src=\"https:\/\/www.ronboplastic.com\/wp-content\/uploads\/2025\/09\/202308081023140a064788591e45e788f23ec881879275.jpg\" alt=\"02\" width=\"800\" height=\"3946\" \/><\/p>\n<p><img loading=\"lazy\" decoding=\"async\" title=\"producto-800-207\" src=\"https:\/\/www.ronboplastic.com\/wp-content\/uploads\/2025\/09\/202205131612159a16ace32ec04133ae6f48e4dcaa3c85.jpg\" alt=\"Jardinera de barril\" width=\"800\" height=\"207\" \/><\/p>\n<p>Hot Tags: nordic gran tama\u00f1o plantador de \u00e1rboles de cemento, proveedores, fabricantes, f\u00e1brica, venta al por mayor, para la venta<\/p>","protected":false},"excerpt":{"rendered":"<p>Esta maceta es de tama\u00f1o moderado y puede albergar \u00e1rboles m\u00e1s grandes, a\u00f1adiendo un toque natural y moderno a su espacio interior y exterior.<\/p>","protected":false},"featured_media":8852,"comment_status":"open","ping_status":"open","template":"","meta":[],"product_brand":[],"product_cat":[80],"product_tag":[79],"class_list":{"0":"post-8848","1":"product","2":"type-product","3":"status-publish","4":"has-post-thumbnail","6":"product_cat-decorative-potsampplanters","7":"product_tag-decorative-plant-pots","9":"first","10":"instock","11":"shipping-taxable","12":"product-type-simple"},"yoast_head":"<!-- This site is optimized with the Yoast SEO plugin v26.1.1 - https:\/\/yoast.com\/wordpress\/plugins\/seo\/ -->\n<title>Plastic Cement Tree Planter Pots - Ronbo Sunrise Pots &amp; Planters<\/title>\n<meta name=\"robots\" content=\"index, follow, max-snippet:-1, max-image-preview:large, max-video-preview:-1\" \/>\n<link rel=\"canonical\" href=\"http:\/\/www.ronboplastic.com\/es\/producto\/macetas-de-cemento-para-arboles\/\" \/>\n<meta property=\"og:locale\" content=\"es_ES\" \/>\n<meta property=\"og:type\" content=\"article\" \/>\n<meta property=\"og:title\" content=\"Plastic Cement Tree Planter Pots - Ronbo Sunrise Pots &amp; Planters\" \/>\n<meta property=\"og:description\" content=\"This flowerpot is of moderate size and can accommodate larger trees, adding a natural and modern feel to your indoor and outdoor space.\" \/>\n<meta property=\"og:url\" content=\"http:\/\/www.ronboplastic.com\/es\/producto\/macetas-de-cemento-para-arboles\/\" \/>\n<meta property=\"og:site_name\" content=\"Ronbo Sunrise Pots &amp; Planters\" \/>\n<meta property=\"article:modified_time\" content=\"2025-09-08T06:16:08+00:00\" \/>\n<meta property=\"og:image\" content=\"https:\/\/www.ronboplastic.com\/wp-content\/uploads\/2025\/09\/1-3.jpg\" \/>\n\t<meta property=\"og:image:width\" content=\"800\" \/>\n\t<meta property=\"og:image:height\" content=\"800\" \/>\n\t<meta property=\"og:image:type\" content=\"image\/jpeg\" \/>\n<meta name=\"twitter:card\" content=\"summary_large_image\" \/>\n<meta name=\"twitter:label1\" content=\"Tiempo de lectura\" \/>\n\t<meta name=\"twitter:data1\" content=\"2 minutos\" \/>\n<script type=\"application\/ld+json\" class=\"yoast-schema-graph\">{\"@context\":\"https:\/\/schema.org\",\"@graph\":[{\"@type\":\"WebPage\",\"@id\":\"http:\/\/www.ronboplastic.com\/fr\/produit\/pots-de-plantation-darbres-en-ciment-plastique\/\",\"url\":\"http:\/\/www.ronboplastic.com\/fr\/produit\/pots-de-plantation-darbres-en-ciment-plastique\/\",\"name\":\"Plastic Cement Tree Planter Pots - Ronbo Sunrise Pots &amp; Planters\",\"isPartOf\":{\"@id\":\"https:\/\/www.ronboplastic.com\/#website\"},\"primaryImageOfPage\":{\"@id\":\"http:\/\/www.ronboplastic.com\/fr\/produit\/pots-de-plantation-darbres-en-ciment-plastique\/#primaryimage\"},\"image\":{\"@id\":\"http:\/\/www.ronboplastic.com\/fr\/produit\/pots-de-plantation-darbres-en-ciment-plastique\/#primaryimage\"},\"thumbnailUrl\":\"https:\/\/www.ronboplastic.com\/wp-content\/uploads\/2025\/09\/1-3.jpg\",\"datePublished\":\"2024-09-12T02:02:21+00:00\",\"dateModified\":\"2025-09-08T06:16:08+00:00\",\"breadcrumb\":{\"@id\":\"http:\/\/www.ronboplastic.com\/fr\/produit\/pots-de-plantation-darbres-en-ciment-plastique\/#breadcrumb\"},\"inLanguage\":\"es\",\"potentialAction\":[{\"@type\":\"ReadAction\",\"target\":[\"http:\/\/www.ronboplastic.com\/fr\/produit\/pots-de-plantation-darbres-en-ciment-plastique\/\"]}]},{\"@type\":\"ImageObject\",\"inLanguage\":\"es\",\"@id\":\"http:\/\/www.ronboplastic.com\/fr\/produit\/pots-de-plantation-darbres-en-ciment-plastique\/#primaryimage\",\"url\":\"https:\/\/www.ronboplastic.com\/wp-content\/uploads\/2025\/09\/1-3.jpg\",\"contentUrl\":\"https:\/\/www.ronboplastic.com\/wp-content\/uploads\/2025\/09\/1-3.jpg\",\"width\":800,\"height\":800,\"caption\":\"wholesale price plant pots\"},{\"@type\":\"BreadcrumbList\",\"@id\":\"http:\/\/www.ronboplastic.com\/fr\/produit\/pots-de-plantation-darbres-en-ciment-plastique\/#breadcrumb\",\"itemListElement\":[{\"@type\":\"ListItem\",\"position\":1,\"name\":\"\u9996\u9875\",\"item\":\"https:\/\/www.ronboplastic.com\/\"},{\"@type\":\"ListItem\",\"position\":2,\"name\":\"Products\",\"item\":\"http:\/\/www.ronboplastic.com\/products\/\"},{\"@type\":\"ListItem\",\"position\":3,\"name\":\"Plastic Cement Tree Planter Pots\"}]},{\"@type\":\"WebSite\",\"@id\":\"https:\/\/www.ronboplastic.com\/#website\",\"url\":\"https:\/\/www.ronboplastic.com\/\",\"name\":\"Ronbo Sunrise Pots &amp; Planters\",\"description\":\"Flower Pots &amp; Planters\",\"potentialAction\":[{\"@type\":\"SearchAction\",\"target\":{\"@type\":\"EntryPoint\",\"urlTemplate\":\"https:\/\/www.ronboplastic.com\/?s={search_term_string}\"},\"query-input\":{\"@type\":\"PropertyValueSpecification\",\"valueRequired\":true,\"valueName\":\"search_term_string\"}}],\"inLanguage\":\"es\"}]}<\/script>\n<!-- \/ Yoast SEO plugin. -->","yoast_head_json":{"title":"Plastic Cement Tree Planter Pots - Ronbo Sunrise Pots &amp; Planters","robots":{"index":"index","follow":"follow","max-snippet":"max-snippet:-1","max-image-preview":"max-image-preview:large","max-video-preview":"max-video-preview:-1"},"canonical":"http:\/\/www.ronboplastic.com\/es\/producto\/macetas-de-cemento-para-arboles\/","og_locale":"es_ES","og_type":"article","og_title":"Plastic Cement Tree Planter Pots - Ronbo Sunrise Pots &amp; Planters","og_description":"This flowerpot is of moderate size and can accommodate larger trees, adding a natural and modern feel to your indoor and outdoor space.","og_url":"http:\/\/www.ronboplastic.com\/es\/producto\/macetas-de-cemento-para-arboles\/","og_site_name":"Ronbo Sunrise Pots &amp; Planters","article_modified_time":"2025-09-08T06:16:08+00:00","og_image":[{"width":800,"height":800,"url":"https:\/\/www.ronboplastic.com\/wp-content\/uploads\/2025\/09\/1-3.jpg","type":"image\/jpeg"}],"twitter_card":"summary_large_image","twitter_misc":{"Tiempo de lectura":"2 minutos"},"schema":{"@context":"https:\/\/schema.org","@graph":[{"@type":"WebPage","@id":"http:\/\/www.ronboplastic.com\/fr\/produit\/pots-de-plantation-darbres-en-ciment-plastique\/","url":"http:\/\/www.ronboplastic.com\/fr\/produit\/pots-de-plantation-darbres-en-ciment-plastique\/","name":"Plastic Cement Tree Planter Pots - Ronbo Sunrise Pots &amp; Planters","isPartOf":{"@id":"https:\/\/www.ronboplastic.com\/#website"},"primaryImageOfPage":{"@id":"http:\/\/www.ronboplastic.com\/fr\/produit\/pots-de-plantation-darbres-en-ciment-plastique\/#primaryimage"},"image":{"@id":"http:\/\/www.ronboplastic.com\/fr\/produit\/pots-de-plantation-darbres-en-ciment-plastique\/#primaryimage"},"thumbnailUrl":"https:\/\/www.ronboplastic.com\/wp-content\/uploads\/2025\/09\/1-3.jpg","datePublished":"2024-09-12T02:02:21+00:00","dateModified":"2025-09-08T06:16:08+00:00","breadcrumb":{"@id":"http:\/\/www.ronboplastic.com\/fr\/produit\/pots-de-plantation-darbres-en-ciment-plastique\/#breadcrumb"},"inLanguage":"es","potentialAction":[{"@type":"ReadAction","target":["http:\/\/www.ronboplastic.com\/fr\/produit\/pots-de-plantation-darbres-en-ciment-plastique\/"]}]},{"@type":"ImageObject","inLanguage":"es","@id":"http:\/\/www.ronboplastic.com\/fr\/produit\/pots-de-plantation-darbres-en-ciment-plastique\/#primaryimage","url":"https:\/\/www.ronboplastic.com\/wp-content\/uploads\/2025\/09\/1-3.jpg","contentUrl":"https:\/\/www.ronboplastic.com\/wp-content\/uploads\/2025\/09\/1-3.jpg","width":800,"height":800,"caption":"wholesale price plant pots"},{"@type":"BreadcrumbList","@id":"http:\/\/www.ronboplastic.com\/fr\/produit\/pots-de-plantation-darbres-en-ciment-plastique\/#breadcrumb","itemListElement":[{"@type":"ListItem","position":1,"name":"\u9996\u9875","item":"https:\/\/www.ronboplastic.com\/"},{"@type":"ListItem","position":2,"name":"Products","item":"http:\/\/www.ronboplastic.com\/products\/"},{"@type":"ListItem","position":3,"name":"Plastic Cement Tree Planter Pots"}]},{"@type":"WebSite","@id":"https:\/\/www.ronboplastic.com\/#website","url":"https:\/\/www.ronboplastic.com\/","name":"Ronbo Sunrise Pots &amp; Planters","description":"Macetas y jardineras","potentialAction":[{"@type":"SearchAction","target":{"@type":"EntryPoint","urlTemplate":"https:\/\/www.ronboplastic.com\/?s={search_term_string}"},"query-input":{"@type":"PropertyValueSpecification","valueRequired":true,"valueName":"search_term_string"}}],"inLanguage":"es"}]}},"_links":{"self":[{"href":"https:\/\/www.ronboplastic.com\/es\/wp-json\/wp\/v2\/product\/8848","targetHints":{"allow":["GET"]}}],"collection":[{"href":"https:\/\/www.ronboplastic.com\/es\/wp-json\/wp\/v2\/product"}],"about":[{"href":"https:\/\/www.ronboplastic.com\/es\/wp-json\/wp\/v2\/types\/product"}],"replies":[{"embeddable":true,"href":"https:\/\/www.ronboplastic.com\/es\/wp-json\/wp\/v2\/comments?post=8848"}],"wp:featuredmedia":[{"embeddable":true,"href":"https:\/\/www.ronboplastic.com\/es\/wp-json\/wp\/v2\/media\/8852"}],"wp:attachment":[{"href":"https:\/\/www.ronboplastic.com\/es\/wp-json\/wp\/v2\/media?parent=8848"}],"wp:term":[{"taxonomy":"product_brand","embeddable":true,"href":"https:\/\/www.ronboplastic.com\/es\/wp-json\/wp\/v2\/product_brand?post=8848"},{"taxonomy":"product_cat","embeddable":true,"href":"https:\/\/www.ronboplastic.com\/es\/wp-json\/wp\/v2\/product_cat?post=8848"},{"taxonomy":"product_tag","embeddable":true,"href":"https:\/\/www.ronboplastic.com\/es\/wp-json\/wp\/v2\/product_tag?post=8848"}],"curies":[{"name":"wp","href":"https:\/\/api.w.org\/{rel}","templated":true}]}}