{"id":8837,"date":"2024-09-12T09:54:37","date_gmt":"2024-09-12T01:54:37","guid":{"rendered":"https:\/\/www.ronboplastic.com\/index.php\/product\/matte-circular-succulent-planter\/"},"modified":"2025-09-08T14:16:04","modified_gmt":"2025-09-08T06:16:04","slug":"maceta-circular-mate-para-suculentas","status":"publish","type":"product","link":"https:\/\/www.ronboplastic.com\/es\/producto\/maceta-circular-mate-para-suculentas\/","title":{"rendered":"Jardinera circular mate para suculentas"},"content":{"rendered":"<p>Arcilla circular mate Planta suculenta sucesiva Limitaci\u00f3n de la planta de cemento es un tipo de maceta de cemento de imitaci\u00f3n inspirado en el dise\u00f1o de arcilla redonda mate Planta suculenta maceta. Se hace usando t\u00e9cnicas especiales, con una apariencia y textura similar al cemento, que puede presentar perfectamente un estilo natural y primitivo. Esta maceta es muy adecuada para el cultivo de plantas suculentas, y puede a\u00f1adir una decoraci\u00f3n \u00fanica a su espacio interior y exterior.<\/p>\n<p>Puntos fuertes del producto:<\/p>\n<p>1. Dise\u00f1o \u00fanico similar al cemento: Esta maceta presenta un aspecto circular mate similar al cemento, proporcionando una plataforma de exhibici\u00f3n \u00fanica para sus plantas. Su tono lima y su delicada textura le confieren un aspecto natural y primitivo en el conjunto de la decoraci\u00f3n.<\/p>\n<p>2. Aplicable a plantas suculentas: el tama\u00f1o y la capacidad de la maceta son muy adecuados para plantar plantas suculentas, como cactus y musgo suculento. Tiene una profundidad adecuada y orificios de ventilaci\u00f3n, que ayudan a mantener la salud y el crecimiento de las ra\u00edces de las plantas.<\/p>\n<p>3. Materiales de alta calidad: La maceta est\u00e1 hecha de material de arcilla de alta calidad, con una textura resistente y duradera. Puede soportar diversas condiciones clim\u00e1ticas y pruebas de uso diario, lo que garantiza una larga vida \u00fatil.<\/p>\n<p>4. Sencillo y bonito: Este dise\u00f1o de maceta es simple y hermoso, adecuado para combinar con varios estilos de decoraci\u00f3n interior y exterior. Puede a\u00f1adir una belleza natural a su hogar, oficina, jard\u00edn, etc.<\/p>\n<p>5. F\u00e1cil mantenimiento: La superficie mate de la maceta hace que sea muy f\u00e1cil de limpiar y no se adhiere f\u00e1cilmente al polvo. Basta con pasar un pa\u00f1o suave con agua y jab\u00f3n.<\/p>\n<p>Adem\u00e1s, tambi\u00e9n es muy conveniente para llevar y mover. Ya sea en interiores o al aire libre, Matte circular de arcilla planta de \u00e9xito planta de cemento limitaci\u00f3n puede traer un efecto de visualizaci\u00f3n \u00fanica para su planta suculenta. Su dise\u00f1o de imitaci\u00f3n de cemento, sus materiales de alta calidad y sus caracter\u00edsticas de f\u00e1cil mantenimiento a\u00f1adir\u00e1n una est\u00e9tica natural y original a su jard\u00edn, balc\u00f3n o espacio interior.<\/p>\n<p>&nbsp;<\/p>\n<p>&nbsp;<\/p>\n<p><img loading=\"lazy\" decoding=\"async\" title=\"01\" src=\"https:\/\/www.ronboplastic.com\/wp-content\/uploads\/2025\/09\/202308081007512d683bea17fe4f0f9158cf991026ab1f.jpg\" alt=\"01\" width=\"800\" height=\"4295\" \/><\/p>\n<p><img loading=\"lazy\" decoding=\"async\" title=\"02\" src=\"https:\/\/www.ronboplastic.com\/wp-content\/uploads\/2025\/09\/2023080810075092c01c6ed9c84fe7a932e01ec155648e.jpg\" alt=\"02\" width=\"800\" height=\"4397\" \/><\/p>\n<p><img loading=\"lazy\" decoding=\"async\" title=\"producto-800-207\" src=\"https:\/\/www.ronboplastic.com\/wp-content\/uploads\/2025\/09\/202205131612159a16ace32ec04133ae6f48e4dcaa3c85.jpg\" alt=\"Jardinera de barril\" width=\"800\" height=\"207\" \/><\/p>\n<p>&nbsp;<\/p>\n<p>&nbsp;<\/p>\n<p class=\"productsTags\">Hot Tags: maceta suculenta circular mate, proveedores, fabricantes, f\u00e1brica, venta al por mayor, para la venta<\/p>","protected":false},"excerpt":{"rendered":"<p>Mate circular arcilla Suculenta planta sucesiva limitaci\u00f3n planta de cemento es una especie de maceta de cemento de imitaci\u00f3n inspirado en el dise\u00f1o de Matt ronda arcilla Suculenta maceta.<\/p>","protected":false},"featured_media":8842,"comment_status":"open","ping_status":"open","template":"","meta":[],"product_brand":[],"product_cat":[80],"product_tag":[79],"class_list":{"0":"post-8837","1":"product","2":"type-product","3":"status-publish","4":"has-post-thumbnail","6":"product_cat-decorative-potsampplanters","7":"product_tag-decorative-plant-pots","9":"first","10":"instock","11":"shipping-taxable","12":"product-type-simple"},"yoast_head":"<!-- This site is optimized with the Yoast SEO plugin v26.1.1 - https:\/\/yoast.com\/wordpress\/plugins\/seo\/ -->\n<title>Matte Circular Succulent Planter - Ronbo Sunrise Pots &amp; Planters<\/title>\n<meta name=\"robots\" content=\"index, follow, max-snippet:-1, max-image-preview:large, max-video-preview:-1\" \/>\n<link rel=\"canonical\" href=\"https:\/\/www.ronboplastic.com\/es\/producto\/maceta-circular-mate-para-suculentas\/\" \/>\n<meta property=\"og:locale\" content=\"es_ES\" \/>\n<meta property=\"og:type\" content=\"article\" \/>\n<meta property=\"og:title\" content=\"Matte Circular Succulent Planter - Ronbo Sunrise Pots &amp; Planters\" \/>\n<meta property=\"og:description\" content=\"Matte circular clay Succulent plant successive limitation cement plant is a kind of imitation cement flower pot inspired by the design of Matt round clay Succulent plant pot.\" \/>\n<meta property=\"og:url\" content=\"https:\/\/www.ronboplastic.com\/es\/producto\/maceta-circular-mate-para-suculentas\/\" \/>\n<meta property=\"og:site_name\" content=\"Ronbo Sunrise Pots &amp; Planters\" \/>\n<meta property=\"article:modified_time\" content=\"2025-09-08T06:16:04+00:00\" \/>\n<meta property=\"og:image\" content=\"https:\/\/www.ronboplastic.com\/wp-content\/uploads\/2025\/09\/1-2.jpg\" \/>\n\t<meta property=\"og:image:width\" content=\"800\" \/>\n\t<meta property=\"og:image:height\" content=\"800\" \/>\n\t<meta property=\"og:image:type\" content=\"image\/jpeg\" \/>\n<meta name=\"twitter:card\" content=\"summary_large_image\" \/>\n<meta name=\"twitter:label1\" content=\"Tiempo de lectura\" \/>\n\t<meta name=\"twitter:data1\" content=\"2 minutos\" \/>\n<script type=\"application\/ld+json\" class=\"yoast-schema-graph\">{\"@context\":\"https:\/\/schema.org\",\"@graph\":[{\"@type\":\"WebPage\",\"@id\":\"https:\/\/www.ronboplastic.com\/ru\/%d0%bf%d1%80%d0%be%d0%b4%d1%83%d0%ba%d1%82\/matte-circular-succulent-planter\/\",\"url\":\"https:\/\/www.ronboplastic.com\/ru\/%d0%bf%d1%80%d0%be%d0%b4%d1%83%d0%ba%d1%82\/matte-circular-succulent-planter\/\",\"name\":\"Matte Circular Succulent Planter - Ronbo Sunrise Pots &amp; Planters\",\"isPartOf\":{\"@id\":\"https:\/\/www.ronboplastic.com\/#website\"},\"primaryImageOfPage\":{\"@id\":\"https:\/\/www.ronboplastic.com\/ru\/%d0%bf%d1%80%d0%be%d0%b4%d1%83%d0%ba%d1%82\/matte-circular-succulent-planter\/#primaryimage\"},\"image\":{\"@id\":\"https:\/\/www.ronboplastic.com\/ru\/%d0%bf%d1%80%d0%be%d0%b4%d1%83%d0%ba%d1%82\/matte-circular-succulent-planter\/#primaryimage\"},\"thumbnailUrl\":\"https:\/\/www.ronboplastic.com\/wp-content\/uploads\/2025\/09\/1-2.jpg\",\"datePublished\":\"2024-09-12T01:54:37+00:00\",\"dateModified\":\"2025-09-08T06:16:04+00:00\",\"breadcrumb\":{\"@id\":\"https:\/\/www.ronboplastic.com\/ru\/%d0%bf%d1%80%d0%be%d0%b4%d1%83%d0%ba%d1%82\/matte-circular-succulent-planter\/#breadcrumb\"},\"inLanguage\":\"es\",\"potentialAction\":[{\"@type\":\"ReadAction\",\"target\":[\"https:\/\/www.ronboplastic.com\/ru\/%d0%bf%d1%80%d0%be%d0%b4%d1%83%d0%ba%d1%82\/matte-circular-succulent-planter\/\"]}]},{\"@type\":\"ImageObject\",\"inLanguage\":\"es\",\"@id\":\"https:\/\/www.ronboplastic.com\/ru\/%d0%bf%d1%80%d0%be%d0%b4%d1%83%d0%ba%d1%82\/matte-circular-succulent-planter\/#primaryimage\",\"url\":\"https:\/\/www.ronboplastic.com\/wp-content\/uploads\/2025\/09\/1-2.jpg\",\"contentUrl\":\"https:\/\/www.ronboplastic.com\/wp-content\/uploads\/2025\/09\/1-2.jpg\",\"width\":800,\"height\":800,\"caption\":\"wholesale plant pots supplier\"},{\"@type\":\"BreadcrumbList\",\"@id\":\"https:\/\/www.ronboplastic.com\/ru\/%d0%bf%d1%80%d0%be%d0%b4%d1%83%d0%ba%d1%82\/matte-circular-succulent-planter\/#breadcrumb\",\"itemListElement\":[{\"@type\":\"ListItem\",\"position\":1,\"name\":\"\u9996\u9875\",\"item\":\"https:\/\/www.ronboplastic.com\/\"},{\"@type\":\"ListItem\",\"position\":2,\"name\":\"Products\",\"item\":\"http:\/\/www.ronboplastic.com\/products\/\"},{\"@type\":\"ListItem\",\"position\":3,\"name\":\"Matte Circular Succulent Planter\"}]},{\"@type\":\"WebSite\",\"@id\":\"https:\/\/www.ronboplastic.com\/#website\",\"url\":\"https:\/\/www.ronboplastic.com\/\",\"name\":\"Ronbo Sunrise Pots &amp; Planters\",\"description\":\"Flower Pots &amp; Planters\",\"potentialAction\":[{\"@type\":\"SearchAction\",\"target\":{\"@type\":\"EntryPoint\",\"urlTemplate\":\"https:\/\/www.ronboplastic.com\/?s={search_term_string}\"},\"query-input\":{\"@type\":\"PropertyValueSpecification\",\"valueRequired\":true,\"valueName\":\"search_term_string\"}}],\"inLanguage\":\"es\"}]}<\/script>\n<!-- \/ Yoast SEO plugin. -->","yoast_head_json":{"title":"Matte Circular Succulent Planter - Ronbo Sunrise Pots &amp; Planters","robots":{"index":"index","follow":"follow","max-snippet":"max-snippet:-1","max-image-preview":"max-image-preview:large","max-video-preview":"max-video-preview:-1"},"canonical":"https:\/\/www.ronboplastic.com\/es\/producto\/maceta-circular-mate-para-suculentas\/","og_locale":"es_ES","og_type":"article","og_title":"Matte Circular Succulent Planter - Ronbo Sunrise Pots &amp; Planters","og_description":"Matte circular clay Succulent plant successive limitation cement plant is a kind of imitation cement flower pot inspired by the design of Matt round clay Succulent plant pot.","og_url":"https:\/\/www.ronboplastic.com\/es\/producto\/maceta-circular-mate-para-suculentas\/","og_site_name":"Ronbo Sunrise Pots &amp; Planters","article_modified_time":"2025-09-08T06:16:04+00:00","og_image":[{"width":800,"height":800,"url":"https:\/\/www.ronboplastic.com\/wp-content\/uploads\/2025\/09\/1-2.jpg","type":"image\/jpeg"}],"twitter_card":"summary_large_image","twitter_misc":{"Tiempo de lectura":"2 minutos"},"schema":{"@context":"https:\/\/schema.org","@graph":[{"@type":"WebPage","@id":"https:\/\/www.ronboplastic.com\/ru\/%d0%bf%d1%80%d0%be%d0%b4%d1%83%d0%ba%d1%82\/matte-circular-succulent-planter\/","url":"https:\/\/www.ronboplastic.com\/ru\/%d0%bf%d1%80%d0%be%d0%b4%d1%83%d0%ba%d1%82\/matte-circular-succulent-planter\/","name":"Matte Circular Succulent Planter - Ronbo Sunrise Pots &amp; Planters","isPartOf":{"@id":"https:\/\/www.ronboplastic.com\/#website"},"primaryImageOfPage":{"@id":"https:\/\/www.ronboplastic.com\/ru\/%d0%bf%d1%80%d0%be%d0%b4%d1%83%d0%ba%d1%82\/matte-circular-succulent-planter\/#primaryimage"},"image":{"@id":"https:\/\/www.ronboplastic.com\/ru\/%d0%bf%d1%80%d0%be%d0%b4%d1%83%d0%ba%d1%82\/matte-circular-succulent-planter\/#primaryimage"},"thumbnailUrl":"https:\/\/www.ronboplastic.com\/wp-content\/uploads\/2025\/09\/1-2.jpg","datePublished":"2024-09-12T01:54:37+00:00","dateModified":"2025-09-08T06:16:04+00:00","breadcrumb":{"@id":"https:\/\/www.ronboplastic.com\/ru\/%d0%bf%d1%80%d0%be%d0%b4%d1%83%d0%ba%d1%82\/matte-circular-succulent-planter\/#breadcrumb"},"inLanguage":"es","potentialAction":[{"@type":"ReadAction","target":["https:\/\/www.ronboplastic.com\/ru\/%d0%bf%d1%80%d0%be%d0%b4%d1%83%d0%ba%d1%82\/matte-circular-succulent-planter\/"]}]},{"@type":"ImageObject","inLanguage":"es","@id":"https:\/\/www.ronboplastic.com\/ru\/%d0%bf%d1%80%d0%be%d0%b4%d1%83%d0%ba%d1%82\/matte-circular-succulent-planter\/#primaryimage","url":"https:\/\/www.ronboplastic.com\/wp-content\/uploads\/2025\/09\/1-2.jpg","contentUrl":"https:\/\/www.ronboplastic.com\/wp-content\/uploads\/2025\/09\/1-2.jpg","width":800,"height":800,"caption":"wholesale plant pots supplier"},{"@type":"BreadcrumbList","@id":"https:\/\/www.ronboplastic.com\/ru\/%d0%bf%d1%80%d0%be%d0%b4%d1%83%d0%ba%d1%82\/matte-circular-succulent-planter\/#breadcrumb","itemListElement":[{"@type":"ListItem","position":1,"name":"\u9996\u9875","item":"https:\/\/www.ronboplastic.com\/"},{"@type":"ListItem","position":2,"name":"Products","item":"http:\/\/www.ronboplastic.com\/products\/"},{"@type":"ListItem","position":3,"name":"Matte Circular Succulent Planter"}]},{"@type":"WebSite","@id":"https:\/\/www.ronboplastic.com\/#website","url":"https:\/\/www.ronboplastic.com\/","name":"Ronbo Sunrise Pots &amp; Planters","description":"Macetas y jardineras","potentialAction":[{"@type":"SearchAction","target":{"@type":"EntryPoint","urlTemplate":"https:\/\/www.ronboplastic.com\/?s={search_term_string}"},"query-input":{"@type":"PropertyValueSpecification","valueRequired":true,"valueName":"search_term_string"}}],"inLanguage":"es"}]}},"_links":{"self":[{"href":"https:\/\/www.ronboplastic.com\/es\/wp-json\/wp\/v2\/product\/8837","targetHints":{"allow":["GET"]}}],"collection":[{"href":"https:\/\/www.ronboplastic.com\/es\/wp-json\/wp\/v2\/product"}],"about":[{"href":"https:\/\/www.ronboplastic.com\/es\/wp-json\/wp\/v2\/types\/product"}],"replies":[{"embeddable":true,"href":"https:\/\/www.ronboplastic.com\/es\/wp-json\/wp\/v2\/comments?post=8837"}],"wp:featuredmedia":[{"embeddable":true,"href":"https:\/\/www.ronboplastic.com\/es\/wp-json\/wp\/v2\/media\/8842"}],"wp:attachment":[{"href":"https:\/\/www.ronboplastic.com\/es\/wp-json\/wp\/v2\/media?parent=8837"}],"wp:term":[{"taxonomy":"product_brand","embeddable":true,"href":"https:\/\/www.ronboplastic.com\/es\/wp-json\/wp\/v2\/product_brand?post=8837"},{"taxonomy":"product_cat","embeddable":true,"href":"https:\/\/www.ronboplastic.com\/es\/wp-json\/wp\/v2\/product_cat?post=8837"},{"taxonomy":"product_tag","embeddable":true,"href":"https:\/\/www.ronboplastic.com\/es\/wp-json\/wp\/v2\/product_tag?post=8837"}],"curies":[{"name":"wp","href":"https:\/\/api.w.org\/{rel}","templated":true}]}}