{"id":8826,"date":"2024-09-12T08:16:31","date_gmt":"2024-09-12T00:16:31","guid":{"rendered":"https:\/\/www.ronboplastic.com\/index.php\/product\/rotational-moulding-square-garden-pot\/"},"modified":"2025-09-08T14:15:57","modified_gmt":"2025-09-08T06:15:57","slug":"moldeado-rotacional-maceta-cuadrada-de-jardin","status":"publish","type":"product","link":"https:\/\/www.ronboplastic.com\/es\/producto\/moldeado-rotacional-maceta-cuadrada-de-jardin\/","title":{"rendered":"Maceta cuadrada de jard\u00edn de moldeo rotacional"},"content":{"rendered":"<p>Esta maceta de estilo n\u00f3rdico presenta un dise\u00f1o cuadrado de estilo europeo, proporcionando una opci\u00f3n pr\u00e1ctica y a la moda para su jard\u00edn, exterior e interior. Estas macetas est\u00e1n fabricadas con materiales de alta calidad, que son duraderos y pueden soportar diversas condiciones clim\u00e1ticas. El dise\u00f1o de estas macetas es sencillo y moderno, y puede integrarse f\u00e1cilmente en cualquier estilo decorativo de interior o exterior. Su forma cuadrada facilita su colocaci\u00f3n y permite aprovechar al m\u00e1ximo el espacio dentro de un espacio limitado. Tanto si va a plantar flores y plantas en el jard\u00edn, como si va a colocar plantas verdes en el balc\u00f3n o el sal\u00f3n, estas macetas pueden proporcionarle el entorno de plantaci\u00f3n ideal.<\/p>\n<p>Puntos fuertes del producto:<\/p>\n<p>1. Estilo n\u00f3rdico: Esta maceta est\u00e1 inspirada en el estilo n\u00f3rdico, mostrando un dise\u00f1o sencillo y a la moda, haciendo que su jard\u00edn o espacio interior sea m\u00e1s personalizado.<\/p>\n<p>2. Materiales de alta calidad: Utilizamos materiales de alta calidad para fabricar estas macetas, lo que les permite ser utilizadas durante mucho tiempo y soportar diversas condiciones clim\u00e1ticas.<\/p>\n<p>3. Dise\u00f1o cuadrado: La forma cuadrada no s\u00f3lo es est\u00e9ticamente agradable, sino que tambi\u00e9n permite un mejor aprovechamiento del espacio en espacios limitados, proporcion\u00e1ndole m\u00e1s opciones de plantaci\u00f3n.<\/p>\n<p>4. Multifuncionales: Estas macetas son adecuadas para varios lugares, incluyendo jardines, balcones, interiores, etc., y se pueden plantar y colocar seg\u00fan sus necesidades.<\/p>\n<p>5. Mantenimiento sencillo: Estas macetas son f\u00e1ciles de limpiar y mantener, y pueden ayudarle a mantener la limpieza y la est\u00e9tica de su jard\u00edn o espacio interior.<\/p>\n<p>Tanto si es un entusiasta de la jardiner\u00eda al que le encanta plantar en el jard\u00edn como si es un dise\u00f1ador de interiores al que le gusta colocar plantas verdes en casa, esta jardinera de estilo n\u00f3rdico se convertir\u00e1 en su elecci\u00f3n ideal, a\u00f1adiendo belleza y vitalidad a su entorno.<\/p>","protected":false},"excerpt":{"rendered":"<p>Esta maceta de estilo n\u00f3rdico presenta un dise\u00f1o cuadrado de estilo europeo, proporcionando una opci\u00f3n pr\u00e1ctica y a la moda para su jard\u00edn, exterior e interior. Estas macetas est\u00e1n hechas de materiales de alta calidad, que son duraderos y pueden soportar diversas condiciones clim\u00e1ticas.<\/p>","protected":false},"featured_media":8827,"comment_status":"open","ping_status":"open","template":"","meta":[],"product_brand":[],"product_cat":[20],"product_tag":[79],"class_list":{"0":"post-8826","1":"product","2":"type-product","3":"status-publish","4":"has-post-thumbnail","6":"product_cat-uncategorized","7":"product_tag-decorative-plant-pots","9":"first","10":"instock","11":"shipping-taxable","12":"product-type-simple"},"yoast_head":"<!-- This site is optimized with the Yoast SEO plugin v26.1.1 - https:\/\/yoast.com\/wordpress\/plugins\/seo\/ -->\n<title>Rotational Moulding Square Garden Pot - Ronbo Sunrise Pots &amp; Planters<\/title>\n<meta name=\"robots\" content=\"index, follow, max-snippet:-1, max-image-preview:large, max-video-preview:-1\" \/>\n<link rel=\"canonical\" href=\"https:\/\/www.ronboplastic.com\/es\/producto\/moldeado-rotacional-maceta-cuadrada-de-jardin\/\" \/>\n<meta property=\"og:locale\" content=\"es_ES\" \/>\n<meta property=\"og:type\" content=\"article\" \/>\n<meta property=\"og:title\" content=\"Rotational Moulding Square Garden Pot - Ronbo Sunrise Pots &amp; Planters\" \/>\n<meta property=\"og:description\" content=\"This Nordic style planter pot features a European style square design, providing a fashionable and practical choice for your garden, outdoor, and indoor planting. These flower pots are made of high-quality materials, which are durable and can withstand various climatic conditions.\" \/>\n<meta property=\"og:url\" content=\"https:\/\/www.ronboplastic.com\/es\/producto\/moldeado-rotacional-maceta-cuadrada-de-jardin\/\" \/>\n<meta property=\"og:site_name\" content=\"Ronbo Sunrise Pots &amp; Planters\" \/>\n<meta property=\"article:modified_time\" content=\"2025-09-08T06:15:57+00:00\" \/>\n<meta property=\"og:image\" content=\"https:\/\/www.ronboplastic.com\/wp-content\/uploads\/2025\/09\/1-1-1.jpg\" \/>\n\t<meta property=\"og:image:width\" content=\"800\" \/>\n\t<meta property=\"og:image:height\" content=\"800\" \/>\n\t<meta property=\"og:image:type\" content=\"image\/jpeg\" \/>\n<meta name=\"twitter:card\" content=\"summary_large_image\" \/>\n<meta name=\"twitter:label1\" content=\"Tiempo de lectura\" \/>\n\t<meta name=\"twitter:data1\" content=\"1 minuto\" \/>\n<script type=\"application\/ld+json\" class=\"yoast-schema-graph\">{\"@context\":\"https:\/\/schema.org\",\"@graph\":[{\"@type\":\"WebPage\",\"@id\":\"https:\/\/www.ronboplastic.com\/ru\/%d0%bf%d1%80%d0%be%d0%b4%d1%83%d0%ba%d1%82\/rotational-moulding-square-garden-pot\/\",\"url\":\"https:\/\/www.ronboplastic.com\/ru\/%d0%bf%d1%80%d0%be%d0%b4%d1%83%d0%ba%d1%82\/rotational-moulding-square-garden-pot\/\",\"name\":\"Rotational Moulding Square Garden Pot - Ronbo Sunrise Pots &amp; Planters\",\"isPartOf\":{\"@id\":\"https:\/\/www.ronboplastic.com\/#website\"},\"primaryImageOfPage\":{\"@id\":\"https:\/\/www.ronboplastic.com\/ru\/%d0%bf%d1%80%d0%be%d0%b4%d1%83%d0%ba%d1%82\/rotational-moulding-square-garden-pot\/#primaryimage\"},\"image\":{\"@id\":\"https:\/\/www.ronboplastic.com\/ru\/%d0%bf%d1%80%d0%be%d0%b4%d1%83%d0%ba%d1%82\/rotational-moulding-square-garden-pot\/#primaryimage\"},\"thumbnailUrl\":\"https:\/\/www.ronboplastic.com\/wp-content\/uploads\/2025\/09\/1-1-1.jpg\",\"datePublished\":\"2024-09-12T00:16:31+00:00\",\"dateModified\":\"2025-09-08T06:15:57+00:00\",\"breadcrumb\":{\"@id\":\"https:\/\/www.ronboplastic.com\/ru\/%d0%bf%d1%80%d0%be%d0%b4%d1%83%d0%ba%d1%82\/rotational-moulding-square-garden-pot\/#breadcrumb\"},\"inLanguage\":\"es\",\"potentialAction\":[{\"@type\":\"ReadAction\",\"target\":[\"https:\/\/www.ronboplastic.com\/ru\/%d0%bf%d1%80%d0%be%d0%b4%d1%83%d0%ba%d1%82\/rotational-moulding-square-garden-pot\/\"]}]},{\"@type\":\"ImageObject\",\"inLanguage\":\"es\",\"@id\":\"https:\/\/www.ronboplastic.com\/ru\/%d0%bf%d1%80%d0%be%d0%b4%d1%83%d0%ba%d1%82\/rotational-moulding-square-garden-pot\/#primaryimage\",\"url\":\"https:\/\/www.ronboplastic.com\/wp-content\/uploads\/2025\/09\/1-1-1.jpg\",\"contentUrl\":\"https:\/\/www.ronboplastic.com\/wp-content\/uploads\/2025\/09\/1-1-1.jpg\",\"width\":800,\"height\":800,\"caption\":\"pp material plant pots\"},{\"@type\":\"BreadcrumbList\",\"@id\":\"https:\/\/www.ronboplastic.com\/ru\/%d0%bf%d1%80%d0%be%d0%b4%d1%83%d0%ba%d1%82\/rotational-moulding-square-garden-pot\/#breadcrumb\",\"itemListElement\":[{\"@type\":\"ListItem\",\"position\":1,\"name\":\"\u9996\u9875\",\"item\":\"https:\/\/www.ronboplastic.com\/\"},{\"@type\":\"ListItem\",\"position\":2,\"name\":\"Products\",\"item\":\"http:\/\/www.ronboplastic.com\/products\/\"},{\"@type\":\"ListItem\",\"position\":3,\"name\":\"Rotational Moulding Square Garden Pot\"}]},{\"@type\":\"WebSite\",\"@id\":\"https:\/\/www.ronboplastic.com\/#website\",\"url\":\"https:\/\/www.ronboplastic.com\/\",\"name\":\"Ronbo Sunrise Pots &amp; Planters\",\"description\":\"Flower Pots &amp; Planters\",\"potentialAction\":[{\"@type\":\"SearchAction\",\"target\":{\"@type\":\"EntryPoint\",\"urlTemplate\":\"https:\/\/www.ronboplastic.com\/?s={search_term_string}\"},\"query-input\":{\"@type\":\"PropertyValueSpecification\",\"valueRequired\":true,\"valueName\":\"search_term_string\"}}],\"inLanguage\":\"es\"}]}<\/script>\n<!-- \/ Yoast SEO plugin. -->","yoast_head_json":{"title":"Rotational Moulding Square Garden Pot - Ronbo Sunrise Pots &amp; Planters","robots":{"index":"index","follow":"follow","max-snippet":"max-snippet:-1","max-image-preview":"max-image-preview:large","max-video-preview":"max-video-preview:-1"},"canonical":"https:\/\/www.ronboplastic.com\/es\/producto\/moldeado-rotacional-maceta-cuadrada-de-jardin\/","og_locale":"es_ES","og_type":"article","og_title":"Rotational Moulding Square Garden Pot - Ronbo Sunrise Pots &amp; Planters","og_description":"This Nordic style planter pot features a European style square design, providing a fashionable and practical choice for your garden, outdoor, and indoor planting. These flower pots are made of high-quality materials, which are durable and can withstand various climatic conditions.","og_url":"https:\/\/www.ronboplastic.com\/es\/producto\/moldeado-rotacional-maceta-cuadrada-de-jardin\/","og_site_name":"Ronbo Sunrise Pots &amp; Planters","article_modified_time":"2025-09-08T06:15:57+00:00","og_image":[{"width":800,"height":800,"url":"https:\/\/www.ronboplastic.com\/wp-content\/uploads\/2025\/09\/1-1-1.jpg","type":"image\/jpeg"}],"twitter_card":"summary_large_image","twitter_misc":{"Tiempo de lectura":"1 minuto"},"schema":{"@context":"https:\/\/schema.org","@graph":[{"@type":"WebPage","@id":"https:\/\/www.ronboplastic.com\/ru\/%d0%bf%d1%80%d0%be%d0%b4%d1%83%d0%ba%d1%82\/rotational-moulding-square-garden-pot\/","url":"https:\/\/www.ronboplastic.com\/ru\/%d0%bf%d1%80%d0%be%d0%b4%d1%83%d0%ba%d1%82\/rotational-moulding-square-garden-pot\/","name":"Rotational Moulding Square Garden Pot - Ronbo Sunrise Pots &amp; Planters","isPartOf":{"@id":"https:\/\/www.ronboplastic.com\/#website"},"primaryImageOfPage":{"@id":"https:\/\/www.ronboplastic.com\/ru\/%d0%bf%d1%80%d0%be%d0%b4%d1%83%d0%ba%d1%82\/rotational-moulding-square-garden-pot\/#primaryimage"},"image":{"@id":"https:\/\/www.ronboplastic.com\/ru\/%d0%bf%d1%80%d0%be%d0%b4%d1%83%d0%ba%d1%82\/rotational-moulding-square-garden-pot\/#primaryimage"},"thumbnailUrl":"https:\/\/www.ronboplastic.com\/wp-content\/uploads\/2025\/09\/1-1-1.jpg","datePublished":"2024-09-12T00:16:31+00:00","dateModified":"2025-09-08T06:15:57+00:00","breadcrumb":{"@id":"https:\/\/www.ronboplastic.com\/ru\/%d0%bf%d1%80%d0%be%d0%b4%d1%83%d0%ba%d1%82\/rotational-moulding-square-garden-pot\/#breadcrumb"},"inLanguage":"es","potentialAction":[{"@type":"ReadAction","target":["https:\/\/www.ronboplastic.com\/ru\/%d0%bf%d1%80%d0%be%d0%b4%d1%83%d0%ba%d1%82\/rotational-moulding-square-garden-pot\/"]}]},{"@type":"ImageObject","inLanguage":"es","@id":"https:\/\/www.ronboplastic.com\/ru\/%d0%bf%d1%80%d0%be%d0%b4%d1%83%d0%ba%d1%82\/rotational-moulding-square-garden-pot\/#primaryimage","url":"https:\/\/www.ronboplastic.com\/wp-content\/uploads\/2025\/09\/1-1-1.jpg","contentUrl":"https:\/\/www.ronboplastic.com\/wp-content\/uploads\/2025\/09\/1-1-1.jpg","width":800,"height":800,"caption":"pp material plant pots"},{"@type":"BreadcrumbList","@id":"https:\/\/www.ronboplastic.com\/ru\/%d0%bf%d1%80%d0%be%d0%b4%d1%83%d0%ba%d1%82\/rotational-moulding-square-garden-pot\/#breadcrumb","itemListElement":[{"@type":"ListItem","position":1,"name":"\u9996\u9875","item":"https:\/\/www.ronboplastic.com\/"},{"@type":"ListItem","position":2,"name":"Products","item":"http:\/\/www.ronboplastic.com\/products\/"},{"@type":"ListItem","position":3,"name":"Rotational Moulding Square Garden Pot"}]},{"@type":"WebSite","@id":"https:\/\/www.ronboplastic.com\/#website","url":"https:\/\/www.ronboplastic.com\/","name":"Ronbo Sunrise Pots &amp; Planters","description":"Macetas y jardineras","potentialAction":[{"@type":"SearchAction","target":{"@type":"EntryPoint","urlTemplate":"https:\/\/www.ronboplastic.com\/?s={search_term_string}"},"query-input":{"@type":"PropertyValueSpecification","valueRequired":true,"valueName":"search_term_string"}}],"inLanguage":"es"}]}},"_links":{"self":[{"href":"https:\/\/www.ronboplastic.com\/es\/wp-json\/wp\/v2\/product\/8826","targetHints":{"allow":["GET"]}}],"collection":[{"href":"https:\/\/www.ronboplastic.com\/es\/wp-json\/wp\/v2\/product"}],"about":[{"href":"https:\/\/www.ronboplastic.com\/es\/wp-json\/wp\/v2\/types\/product"}],"replies":[{"embeddable":true,"href":"https:\/\/www.ronboplastic.com\/es\/wp-json\/wp\/v2\/comments?post=8826"}],"wp:featuredmedia":[{"embeddable":true,"href":"https:\/\/www.ronboplastic.com\/es\/wp-json\/wp\/v2\/media\/8827"}],"wp:attachment":[{"href":"https:\/\/www.ronboplastic.com\/es\/wp-json\/wp\/v2\/media?parent=8826"}],"wp:term":[{"taxonomy":"product_brand","embeddable":true,"href":"https:\/\/www.ronboplastic.com\/es\/wp-json\/wp\/v2\/product_brand?post=8826"},{"taxonomy":"product_cat","embeddable":true,"href":"https:\/\/www.ronboplastic.com\/es\/wp-json\/wp\/v2\/product_cat?post=8826"},{"taxonomy":"product_tag","embeddable":true,"href":"https:\/\/www.ronboplastic.com\/es\/wp-json\/wp\/v2\/product_tag?post=8826"}],"curies":[{"name":"wp","href":"https:\/\/api.w.org\/{rel}","templated":true}]}}