{"id":8788,"date":"2024-09-11T09:22:29","date_gmt":"2024-09-11T01:22:29","guid":{"rendered":"https:\/\/www.ronboplastic.com\/index.php\/product\/15-gallon-pot\/"},"modified":"2025-09-08T14:15:39","modified_gmt":"2025-09-08T06:15:39","slug":"olla-de-15-galones","status":"publish","type":"product","link":"https:\/\/www.ronboplastic.com\/es\/producto\/olla-de-15-galones\/","title":{"rendered":"Olla de 15 galones"},"content":{"rendered":"<p>Moldeado por inyecci\u00f3n, este 15 Gallon Nursery Pot est\u00e1 hecho de pl\u00e1stico de percusi\u00f3n-amend para et ceteras fuerza y lastingness. M\u00e1s grueso y m\u00e1s estable que la flor tradicional vivero moldeado y otra clyster molded.Thicker y m\u00e1s duradera que la olla tradicional vivero material de soplado.<\/p>\n<p><strong>Especificaciones<\/strong><\/p>\n<section class=\"table-wrap\">\n<table class=\"table\" border=\"1\" width=\"NaN\" cellspacing=\"0\" cellpadding=\"0\">\n<tbody>\n<tr class=\"firstRow\">\n<td width=\"113\">N\u00famero de modelo<\/td>\n<td width=\"113\">RB-G015<\/td>\n<td colspan=\"1\" rowspan=\"1\" valign=\"null\" width=\"113\">RB-G015-2<\/td>\n<td colspan=\"1\" rowspan=\"1\" valign=\"null\" width=\"113\">RB-G015A<\/td>\n<td colspan=\"1\" rowspan=\"1\" valign=\"null\" width=\"113\">RB-G015OL<\/td>\n<\/tr>\n<tr>\n<td width=\"113\">Tipo de pl\u00e1stico<\/td>\n<td width=\"113\">PP<\/td>\n<td colspan=\"1\" rowspan=\"1\" valign=\"null\" width=\"113\">PP<\/td>\n<td colspan=\"1\" rowspan=\"1\" valign=\"null\" width=\"113\">PP<\/td>\n<td colspan=\"1\" rowspan=\"1\" valign=\"null\" width=\"113\">PP<\/td>\n<\/tr>\n<tr>\n<td width=\"113\">Tipo<\/td>\n<td width=\"113\">Propagaci\u00f3n<\/td>\n<td colspan=\"1\" rowspan=\"1\" valign=\"null\" width=\"113\">Propagaci\u00f3n<\/td>\n<td colspan=\"1\" rowspan=\"1\" valign=\"null\" width=\"113\">Propagaci\u00f3n<\/td>\n<td colspan=\"1\" rowspan=\"1\" valign=\"null\" width=\"113\">Propagaci\u00f3n<\/td>\n<\/tr>\n<tr>\n<td width=\"113\">Di\u00e1metro superior<\/td>\n<td width=\"113\">45,7 cm\/17,99 pulgadas<\/td>\n<td colspan=\"1\" rowspan=\"1\" valign=\"null\" width=\"113\">42cm\/16.54inch<\/td>\n<td colspan=\"1\" rowspan=\"1\" valign=\"null\" width=\"113\">40.5cm\/15.94inch<\/td>\n<td colspan=\"1\" rowspan=\"1\" valign=\"null\" width=\"113\">41.5cm\/16.34inch<\/td>\n<\/tr>\n<tr>\n<td width=\"113\">Di\u00e1metro inferior<\/td>\n<td width=\"113\">36cm\/14.17inch<\/td>\n<td colspan=\"1\" rowspan=\"1\" valign=\"null\" width=\"113\">30cm\/11.81inch<\/td>\n<td colspan=\"1\" rowspan=\"1\" valign=\"null\" width=\"113\">31,5 cm\/12,4 pulgadas<\/td>\n<td colspan=\"1\" rowspan=\"1\" valign=\"null\" width=\"113\">30cm\/11.81inch<\/td>\n<\/tr>\n<tr>\n<td width=\"113\">Altura<\/td>\n<td width=\"113\">38cm\/14.96inch<\/td>\n<td colspan=\"1\" rowspan=\"1\" valign=\"null\" width=\"113\">43,5 cm\/17,13 pulgadas<\/td>\n<td colspan=\"1\" rowspan=\"1\" valign=\"null\" width=\"113\">45,3 cm\/17,83 pulgadas<\/td>\n<td colspan=\"1\" rowspan=\"1\" valign=\"null\" width=\"113\">42,5 cm\/16,73 pulgadas<\/td>\n<\/tr>\n<tr>\n<td width=\"113\">Volumen<\/td>\n<td width=\"113\">46,1L\/12,2Gal<\/td>\n<td colspan=\"1\" rowspan=\"1\" valign=\"null\" width=\"113\">45L\/11.9Gal<\/td>\n<td colspan=\"1\" rowspan=\"1\" valign=\"null\" width=\"113\">42,2L\/11,1Gal<\/td>\n<td colspan=\"1\" rowspan=\"1\" valign=\"null\" width=\"113\">35,6L\/9,4Gal<\/td>\n<\/tr>\n<\/tbody>\n<\/table>\n<\/section>\n<p><img loading=\"lazy\" decoding=\"async\" title=\"Olla de 15 galones\" src=\"https:\/\/www.ronboplastic.com\/wp-content\/uploads\/2025\/09\/20220901175022bf210d3ee7be4b76afb6c81c26f0de30.jpg\" alt=\"Olla de 15 galones\" width=\"800\" height=\"1641\" border=\"0\" vspace=\"0\" \/><\/p>\n<p><img loading=\"lazy\" decoding=\"async\" title=\"Olla de 15 galones\" src=\"https:\/\/www.ronboplastic.com\/wp-content\/uploads\/2025\/09\/202209011750256db90e93e47b43e6a47060bc139d1b83.jpg\" alt=\"Olla de 15 galones\" width=\"800\" height=\"2095\" \/><\/p>\n<p class=\"productsTags\">Hot Tags: 15 gallon pot, proveedores, fabricantes, f\u00e1brica, al por mayor, para la venta<\/p>","protected":false},"excerpt":{"rendered":"<p>Moldeado por inyecci\u00f3n, este 15 Gallon Nursery Pot est\u00e1 hecho de pl\u00e1stico de percusi\u00f3n-amend para et ceteras fuerza y lastingness. M\u00e1s grueso y m\u00e1s estable que la flor tradicional vivero moldeado y otra clyster molded.Thicker y m\u00e1s duradera que la olla tradicional vivero material de soplado.<\/p>","protected":false},"featured_media":8792,"comment_status":"open","ping_status":"open","template":"","meta":[],"product_brand":[],"product_cat":[72],"product_tag":[76],"class_list":{"0":"post-8788","1":"product","2":"type-product","3":"status-publish","4":"has-post-thumbnail","6":"product_cat-gallon-pots","7":"product_tag-15-gallon-pots","9":"first","10":"instock","11":"shipping-taxable","12":"product-type-simple"},"yoast_head":"<!-- This site is optimized with the Yoast SEO plugin v26.1.1 - https:\/\/yoast.com\/wordpress\/plugins\/seo\/ -->\n<title>15 Gallon Pot - Ronbo Sunrise Pots &amp; Planters<\/title>\n<meta name=\"robots\" content=\"index, follow, max-snippet:-1, max-image-preview:large, max-video-preview:-1\" \/>\n<link rel=\"canonical\" href=\"https:\/\/www.ronboplastic.com\/es\/producto\/olla-de-15-galones\/\" \/>\n<meta property=\"og:locale\" content=\"es_ES\" \/>\n<meta property=\"og:type\" content=\"article\" \/>\n<meta property=\"og:title\" content=\"15 Gallon Pot - Ronbo Sunrise Pots &amp; Planters\" \/>\n<meta property=\"og:description\" content=\"Injection-molded, this 15 Gallon Nursery Pot is made of percussion-amend plastic for et ceteras strength and lastingness. Thicker and more stable than traditional flower molded nursery and other clyster molded.Thicker and more enduring than traditional blow material nursery pot.\" \/>\n<meta property=\"og:url\" content=\"https:\/\/www.ronboplastic.com\/es\/producto\/olla-de-15-galones\/\" \/>\n<meta property=\"og:site_name\" content=\"Ronbo Sunrise Pots &amp; Planters\" \/>\n<meta property=\"article:modified_time\" content=\"2025-09-08T06:15:39+00:00\" \/>\n<meta property=\"og:image\" content=\"https:\/\/www.ronboplastic.com\/wp-content\/uploads\/2025\/09\/RB-G015.jpg\" \/>\n\t<meta property=\"og:image:width\" content=\"750\" \/>\n\t<meta property=\"og:image:height\" content=\"750\" \/>\n\t<meta property=\"og:image:type\" content=\"image\/jpeg\" \/>\n<meta name=\"twitter:card\" content=\"summary_large_image\" \/>\n<meta name=\"twitter:label1\" content=\"Tiempo de lectura\" \/>\n\t<meta name=\"twitter:data1\" content=\"1 minuto\" \/>\n<script type=\"application\/ld+json\" class=\"yoast-schema-graph\">{\"@context\":\"https:\/\/schema.org\",\"@graph\":[{\"@type\":\"WebPage\",\"@id\":\"https:\/\/www.ronboplastic.com\/ru\/%d0%bf%d1%80%d0%be%d0%b4%d1%83%d0%ba%d1%82\/15\/\",\"url\":\"https:\/\/www.ronboplastic.com\/ru\/%d0%bf%d1%80%d0%be%d0%b4%d1%83%d0%ba%d1%82\/15\/\",\"name\":\"15 Gallon Pot - Ronbo Sunrise Pots &amp; Planters\",\"isPartOf\":{\"@id\":\"https:\/\/www.ronboplastic.com\/#website\"},\"primaryImageOfPage\":{\"@id\":\"https:\/\/www.ronboplastic.com\/ru\/%d0%bf%d1%80%d0%be%d0%b4%d1%83%d0%ba%d1%82\/15\/#primaryimage\"},\"image\":{\"@id\":\"https:\/\/www.ronboplastic.com\/ru\/%d0%bf%d1%80%d0%be%d0%b4%d1%83%d0%ba%d1%82\/15\/#primaryimage\"},\"thumbnailUrl\":\"https:\/\/www.ronboplastic.com\/wp-content\/uploads\/2025\/09\/RB-G015.jpg\",\"datePublished\":\"2024-09-11T01:22:29+00:00\",\"dateModified\":\"2025-09-08T06:15:39+00:00\",\"breadcrumb\":{\"@id\":\"https:\/\/www.ronboplastic.com\/ru\/%d0%bf%d1%80%d0%be%d0%b4%d1%83%d0%ba%d1%82\/15\/#breadcrumb\"},\"inLanguage\":\"es\",\"potentialAction\":[{\"@type\":\"ReadAction\",\"target\":[\"https:\/\/www.ronboplastic.com\/ru\/%d0%bf%d1%80%d0%be%d0%b4%d1%83%d0%ba%d1%82\/15\/\"]}]},{\"@type\":\"ImageObject\",\"inLanguage\":\"es\",\"@id\":\"https:\/\/www.ronboplastic.com\/ru\/%d0%bf%d1%80%d0%be%d0%b4%d1%83%d0%ba%d1%82\/15\/#primaryimage\",\"url\":\"https:\/\/www.ronboplastic.com\/wp-content\/uploads\/2025\/09\/RB-G015.jpg\",\"contentUrl\":\"https:\/\/www.ronboplastic.com\/wp-content\/uploads\/2025\/09\/RB-G015.jpg\",\"width\":750,\"height\":750,\"caption\":\"wholesale price gallon pots\"},{\"@type\":\"BreadcrumbList\",\"@id\":\"https:\/\/www.ronboplastic.com\/ru\/%d0%bf%d1%80%d0%be%d0%b4%d1%83%d0%ba%d1%82\/15\/#breadcrumb\",\"itemListElement\":[{\"@type\":\"ListItem\",\"position\":1,\"name\":\"\u9996\u9875\",\"item\":\"https:\/\/www.ronboplastic.com\/\"},{\"@type\":\"ListItem\",\"position\":2,\"name\":\"Products\",\"item\":\"http:\/\/www.ronboplastic.com\/products\/\"},{\"@type\":\"ListItem\",\"position\":3,\"name\":\"15 Gallon Pot\"}]},{\"@type\":\"WebSite\",\"@id\":\"https:\/\/www.ronboplastic.com\/#website\",\"url\":\"https:\/\/www.ronboplastic.com\/\",\"name\":\"Ronbo Sunrise Pots &amp; Planters\",\"description\":\"Flower Pots &amp; Planters\",\"potentialAction\":[{\"@type\":\"SearchAction\",\"target\":{\"@type\":\"EntryPoint\",\"urlTemplate\":\"https:\/\/www.ronboplastic.com\/?s={search_term_string}\"},\"query-input\":{\"@type\":\"PropertyValueSpecification\",\"valueRequired\":true,\"valueName\":\"search_term_string\"}}],\"inLanguage\":\"es\"}]}<\/script>\n<!-- \/ Yoast SEO plugin. -->","yoast_head_json":{"title":"15 Gallon Pot - Ronbo Sunrise Pots &amp; Planters","robots":{"index":"index","follow":"follow","max-snippet":"max-snippet:-1","max-image-preview":"max-image-preview:large","max-video-preview":"max-video-preview:-1"},"canonical":"https:\/\/www.ronboplastic.com\/es\/producto\/olla-de-15-galones\/","og_locale":"es_ES","og_type":"article","og_title":"15 Gallon Pot - Ronbo Sunrise Pots &amp; Planters","og_description":"Injection-molded, this 15 Gallon Nursery Pot is made of percussion-amend plastic for et ceteras strength and lastingness. Thicker and more stable than traditional flower molded nursery and other clyster molded.Thicker and more enduring than traditional blow material nursery pot.","og_url":"https:\/\/www.ronboplastic.com\/es\/producto\/olla-de-15-galones\/","og_site_name":"Ronbo Sunrise Pots &amp; Planters","article_modified_time":"2025-09-08T06:15:39+00:00","og_image":[{"width":750,"height":750,"url":"https:\/\/www.ronboplastic.com\/wp-content\/uploads\/2025\/09\/RB-G015.jpg","type":"image\/jpeg"}],"twitter_card":"summary_large_image","twitter_misc":{"Tiempo de lectura":"1 minuto"},"schema":{"@context":"https:\/\/schema.org","@graph":[{"@type":"WebPage","@id":"https:\/\/www.ronboplastic.com\/ru\/%d0%bf%d1%80%d0%be%d0%b4%d1%83%d0%ba%d1%82\/15\/","url":"https:\/\/www.ronboplastic.com\/ru\/%d0%bf%d1%80%d0%be%d0%b4%d1%83%d0%ba%d1%82\/15\/","name":"15 Gallon Pot - Ronbo Sunrise Pots &amp; Planters","isPartOf":{"@id":"https:\/\/www.ronboplastic.com\/#website"},"primaryImageOfPage":{"@id":"https:\/\/www.ronboplastic.com\/ru\/%d0%bf%d1%80%d0%be%d0%b4%d1%83%d0%ba%d1%82\/15\/#primaryimage"},"image":{"@id":"https:\/\/www.ronboplastic.com\/ru\/%d0%bf%d1%80%d0%be%d0%b4%d1%83%d0%ba%d1%82\/15\/#primaryimage"},"thumbnailUrl":"https:\/\/www.ronboplastic.com\/wp-content\/uploads\/2025\/09\/RB-G015.jpg","datePublished":"2024-09-11T01:22:29+00:00","dateModified":"2025-09-08T06:15:39+00:00","breadcrumb":{"@id":"https:\/\/www.ronboplastic.com\/ru\/%d0%bf%d1%80%d0%be%d0%b4%d1%83%d0%ba%d1%82\/15\/#breadcrumb"},"inLanguage":"es","potentialAction":[{"@type":"ReadAction","target":["https:\/\/www.ronboplastic.com\/ru\/%d0%bf%d1%80%d0%be%d0%b4%d1%83%d0%ba%d1%82\/15\/"]}]},{"@type":"ImageObject","inLanguage":"es","@id":"https:\/\/www.ronboplastic.com\/ru\/%d0%bf%d1%80%d0%be%d0%b4%d1%83%d0%ba%d1%82\/15\/#primaryimage","url":"https:\/\/www.ronboplastic.com\/wp-content\/uploads\/2025\/09\/RB-G015.jpg","contentUrl":"https:\/\/www.ronboplastic.com\/wp-content\/uploads\/2025\/09\/RB-G015.jpg","width":750,"height":750,"caption":"wholesale price gallon pots"},{"@type":"BreadcrumbList","@id":"https:\/\/www.ronboplastic.com\/ru\/%d0%bf%d1%80%d0%be%d0%b4%d1%83%d0%ba%d1%82\/15\/#breadcrumb","itemListElement":[{"@type":"ListItem","position":1,"name":"\u9996\u9875","item":"https:\/\/www.ronboplastic.com\/"},{"@type":"ListItem","position":2,"name":"Products","item":"http:\/\/www.ronboplastic.com\/products\/"},{"@type":"ListItem","position":3,"name":"15 Gallon Pot"}]},{"@type":"WebSite","@id":"https:\/\/www.ronboplastic.com\/#website","url":"https:\/\/www.ronboplastic.com\/","name":"Ronbo Sunrise Pots &amp; Planters","description":"Macetas y jardineras","potentialAction":[{"@type":"SearchAction","target":{"@type":"EntryPoint","urlTemplate":"https:\/\/www.ronboplastic.com\/?s={search_term_string}"},"query-input":{"@type":"PropertyValueSpecification","valueRequired":true,"valueName":"search_term_string"}}],"inLanguage":"es"}]}},"_links":{"self":[{"href":"https:\/\/www.ronboplastic.com\/es\/wp-json\/wp\/v2\/product\/8788","targetHints":{"allow":["GET"]}}],"collection":[{"href":"https:\/\/www.ronboplastic.com\/es\/wp-json\/wp\/v2\/product"}],"about":[{"href":"https:\/\/www.ronboplastic.com\/es\/wp-json\/wp\/v2\/types\/product"}],"replies":[{"embeddable":true,"href":"https:\/\/www.ronboplastic.com\/es\/wp-json\/wp\/v2\/comments?post=8788"}],"wp:featuredmedia":[{"embeddable":true,"href":"https:\/\/www.ronboplastic.com\/es\/wp-json\/wp\/v2\/media\/8792"}],"wp:attachment":[{"href":"https:\/\/www.ronboplastic.com\/es\/wp-json\/wp\/v2\/media?parent=8788"}],"wp:term":[{"taxonomy":"product_brand","embeddable":true,"href":"https:\/\/www.ronboplastic.com\/es\/wp-json\/wp\/v2\/product_brand?post=8788"},{"taxonomy":"product_cat","embeddable":true,"href":"https:\/\/www.ronboplastic.com\/es\/wp-json\/wp\/v2\/product_cat?post=8788"},{"taxonomy":"product_tag","embeddable":true,"href":"https:\/\/www.ronboplastic.com\/es\/wp-json\/wp\/v2\/product_tag?post=8788"}],"curies":[{"name":"wp","href":"https:\/\/api.w.org\/{rel}","templated":true}]}}