{"id":8762,"date":"2024-09-10T09:45:34","date_gmt":"2024-09-10T01:45:34","guid":{"rendered":"https:\/\/www.ronboplastic.com\/index.php\/product\/7-gallon-pot\/"},"modified":"2026-05-09T01:58:51","modified_gmt":"2026-05-09T08:58:51","slug":"bote-de-7-galones","status":"publish","type":"product","link":"https:\/\/www.ronboplastic.com\/es\/producto\/bote-de-7-galones\/","title":{"rendered":"Bote de 7 galones"},"content":{"rendered":"<p>La maceta de vivero moldeada por soplado de 7 galones est\u00e1 fabricada en resina de polietileno flexible, duradera y sin BPA. Una base ancha ofrece estabilidad cuando crecen plantas altas. El drenaje lateral mejora la aireaci\u00f3n de las ra\u00edces de las plantas para un buen equilibrio de aire y agua. Protegido contra los rayos UV. Drenaje inferior adem\u00e1s de orificios de drenaje laterales Moldeado por soplado como alternativa econ\u00f3mica a los recipientes m\u00e1s pesados moldeados por inyecci\u00f3n Borde resistente y asas para facilitar las maniobras Protegido contra los rayos UV para que no se decolore con el sol.<\/p>\n<p><strong>Especificaciones<\/strong><\/p>\n<section class=\"table-wrap\">\n<table class=\"table\" border=\"1\" width=\"NaN\" cellspacing=\"0\" cellpadding=\"0\">\n<tbody>\n<tr class=\"firstRow\">\n<td width=\"140\">N\u00famero de modelo<\/td>\n<td width=\"140\">RB-G007<\/td>\n<td colspan=\"1\" rowspan=\"1\" valign=\"null\" width=\"140\">RB-G007T<\/td>\n<td colspan=\"1\" rowspan=\"1\" valign=\"null\" width=\"140\">RB-G007M<\/td>\n<\/tr>\n<tr>\n<td width=\"140\">Tipo de pl\u00e1stico<\/td>\n<td width=\"140\">PP<\/td>\n<td colspan=\"1\" rowspan=\"1\" valign=\"null\" width=\"140\">PP<\/td>\n<td colspan=\"1\" rowspan=\"1\" valign=\"null\" width=\"140\">PP<\/td>\n<\/tr>\n<tr>\n<td width=\"140\">Tipo<\/td>\n<td width=\"140\">Propagaci\u00f3n<\/td>\n<td colspan=\"1\" rowspan=\"1\" valign=\"null\" width=\"140\">Propagaci\u00f3n<\/td>\n<td colspan=\"1\" rowspan=\"1\" valign=\"null\" width=\"140\">Propagaci\u00f3n<\/td>\n<\/tr>\n<tr>\n<td width=\"140\">Di\u00e1metro superior<\/td>\n<td width=\"140\">36cm\/14.17inch<\/td>\n<td colspan=\"1\" rowspan=\"1\" valign=\"null\" width=\"140\">32 cm\/12,6 pulgadas<\/td>\n<td colspan=\"1\" rowspan=\"1\" valign=\"null\" width=\"140\">32,5 cm<\/td>\n<\/tr>\n<tr>\n<td width=\"140\">Di\u00e1metro inferior<\/td>\n<td width=\"140\">29 cm\/11,46 pulgadas<\/td>\n<td colspan=\"1\" rowspan=\"1\" valign=\"null\" width=\"140\">26 cm<\/td>\n<td colspan=\"1\" rowspan=\"1\" valign=\"null\" width=\"140\">25 cm\/9,9 pulgadas<\/td>\n<\/tr>\n<tr>\n<td width=\"140\">Altura<\/td>\n<td width=\"140\">28,6 cm<\/td>\n<td colspan=\"1\" rowspan=\"1\" valign=\"null\" width=\"140\">35 cm\/13,78 pulgadas<\/td>\n<td colspan=\"1\" rowspan=\"1\" valign=\"null\" width=\"140\">27 cm<\/td>\n<\/tr>\n<tr>\n<td width=\"140\">Volumen<\/td>\n<td width=\"140\">21,8L\/5,8Gal<\/td>\n<td colspan=\"1\" rowspan=\"1\" valign=\"null\" width=\"140\">21,2L\/5,6Gal<\/td>\n<td colspan=\"1\" rowspan=\"1\" valign=\"null\" width=\"140\">15,5L\/4,1Gal<\/td>\n<\/tr>\n<\/tbody>\n<\/table>\n<\/section>\n<p><img loading=\"lazy\" decoding=\"async\" src=\"https:\/\/www.ronboplastic.com\/wp-content\/uploads\/2025\/09\/20220507094239da5904a90e2844cbb44d0b71f3bb9d49.jpg\" alt=\"Bote de 7 galones\" width=\"750\" height=\"750\" \/><\/p>\n<p><img loading=\"lazy\" decoding=\"async\" src=\"https:\/\/www.ronboplastic.com\/wp-content\/uploads\/2025\/09\/2022050709423913b41842caf64648bdcd7b9c6b8c93b2.jpg\" alt=\"Bote de 7 galones\" width=\"750\" height=\"750\" \/><\/p>\n<p><img loading=\"lazy\" decoding=\"async\" src=\"https:\/\/www.ronboplastic.com\/wp-content\/uploads\/2025\/09\/202205070942390224bc6a5517414d8cf42a785c3b4bbe.jpg\" alt=\"Bote de 7 galones\" width=\"750\" height=\"750\" \/><\/p>\n<p><img loading=\"lazy\" decoding=\"async\" src=\"https:\/\/www.ronboplastic.com\/wp-content\/uploads\/2025\/09\/202205070942407251491c31e04242a4494a6da9d4b379.jpg\" alt=\"Olla de un gal\u00f3n\" width=\"750\" height=\"750\" \/><\/p>\n<p class=\"productsTags\">Hot Tags: 7 gallon pot, proveedores, fabricantes, f\u00e1brica, al por mayor, para la venta<\/p>","protected":false},"excerpt":{"rendered":"<p>La maceta de vivero moldeada por soplado de 7 galones est\u00e1 fabricada en resina de polietileno flexible, duradera y sin BPA. Una base ancha ofrece estabilidad cuando crecen plantas altas. El drenaje lateral mejora la aireaci\u00f3n de las ra\u00edces de las plantas para un buen equilibrio de aire y agua. Protegido contra los rayos UV. Drenaje inferior adem\u00e1s de orificios de drenaje laterales Moldeado por soplado como alternativa econ\u00f3mica a los recipientes m\u00e1s pesados moldeados por inyecci\u00f3n Borde resistente y asas para facilitar las maniobras Protegido contra los rayos UV para que no se decolore con el sol.<\/p>","protected":false},"featured_media":8768,"comment_status":"open","ping_status":"open","template":"","meta":[],"product_brand":[],"product_cat":[143],"product_tag":[],"class_list":{"0":"post-8762","1":"product","2":"type-product","3":"status-publish","4":"has-post-thumbnail","6":"product_cat-gallon-pots-nursery","8":"first","9":"instock","10":"shipping-taxable","11":"product-type-simple"},"yoast_head":"<!-- This site is optimized with the Yoast SEO plugin v26.1.1 - https:\/\/yoast.com\/wordpress\/plugins\/seo\/ -->\n<title>7 Gallon Pot - Ronbo Sunrise Pots &amp; Planters<\/title>\n<meta name=\"robots\" content=\"index, follow, max-snippet:-1, max-image-preview:large, max-video-preview:-1\" \/>\n<link rel=\"canonical\" href=\"https:\/\/www.ronboplastic.com\/es\/producto\/bote-de-7-galones\/\" \/>\n<meta property=\"og:locale\" content=\"es_ES\" \/>\n<meta property=\"og:type\" content=\"article\" \/>\n<meta property=\"og:title\" content=\"7 Gallon Pot - Ronbo Sunrise Pots &amp; Planters\" \/>\n<meta property=\"og:description\" content=\"7 gallons blow-molded nursery pot is manufactured in flexible, durable, BPA free polyethylene resin. A wide base offers stability when tall plants are growing. Side drainage improves plant root aeration for a good balance of air and water. UV-protected. Bottom drainage in addition to side drainage holes Blow-Molded as an economical alternative to heavier injection molded containers Strong rim and handles for easy maneuvering UV-protected so it won&#039;t fade in the sun.\" \/>\n<meta property=\"og:url\" content=\"https:\/\/www.ronboplastic.com\/es\/producto\/bote-de-7-galones\/\" \/>\n<meta property=\"og:site_name\" content=\"Ronbo Sunrise Pots &amp; Planters\" \/>\n<meta property=\"article:modified_time\" content=\"2026-05-09T08:58:51+00:00\" \/>\n<meta property=\"og:image\" content=\"https:\/\/www.ronboplastic.com\/wp-content\/uploads\/2025\/09\/RB-G007front.jpg\" \/>\n\t<meta property=\"og:image:width\" content=\"750\" \/>\n\t<meta property=\"og:image:height\" content=\"750\" \/>\n\t<meta property=\"og:image:type\" content=\"image\/jpeg\" \/>\n<meta name=\"twitter:card\" content=\"summary_large_image\" \/>\n<meta name=\"twitter:label1\" content=\"Tiempo de lectura\" \/>\n\t<meta name=\"twitter:data1\" content=\"1 minuto\" \/>\n<script type=\"application\/ld+json\" class=\"yoast-schema-graph\">{\"@context\":\"https:\/\/schema.org\",\"@graph\":[{\"@type\":\"WebPage\",\"@id\":\"https:\/\/www.ronboplastic.com\/product\/7-gallon-pot\/\",\"url\":\"https:\/\/www.ronboplastic.com\/product\/7-gallon-pot\/\",\"name\":\"7 Gallon Pot - Ronbo Sunrise Pots &amp; Planters\",\"isPartOf\":{\"@id\":\"https:\/\/www.ronboplastic.com\/#website\"},\"primaryImageOfPage\":{\"@id\":\"https:\/\/www.ronboplastic.com\/product\/7-gallon-pot\/#primaryimage\"},\"image\":{\"@id\":\"https:\/\/www.ronboplastic.com\/product\/7-gallon-pot\/#primaryimage\"},\"thumbnailUrl\":\"https:\/\/www.ronboplastic.com\/wp-content\/uploads\/2025\/09\/RB-G007front.jpg\",\"datePublished\":\"2024-09-10T01:45:34+00:00\",\"dateModified\":\"2026-05-09T08:58:51+00:00\",\"breadcrumb\":{\"@id\":\"https:\/\/www.ronboplastic.com\/product\/7-gallon-pot\/#breadcrumb\"},\"inLanguage\":\"es\",\"potentialAction\":[{\"@type\":\"ReadAction\",\"target\":[\"https:\/\/www.ronboplastic.com\/product\/7-gallon-pot\/\"]}]},{\"@type\":\"ImageObject\",\"inLanguage\":\"es\",\"@id\":\"https:\/\/www.ronboplastic.com\/product\/7-gallon-pot\/#primaryimage\",\"url\":\"https:\/\/www.ronboplastic.com\/wp-content\/uploads\/2025\/09\/RB-G007front.jpg\",\"contentUrl\":\"https:\/\/www.ronboplastic.com\/wp-content\/uploads\/2025\/09\/RB-G007front.jpg\",\"width\":750,\"height\":750,\"caption\":\"galon pots wholesale\"},{\"@type\":\"BreadcrumbList\",\"@id\":\"https:\/\/www.ronboplastic.com\/product\/7-gallon-pot\/#breadcrumb\",\"itemListElement\":[{\"@type\":\"ListItem\",\"position\":1,\"name\":\"\u9996\u9875\",\"item\":\"https:\/\/www.ronboplastic.com\/\"},{\"@type\":\"ListItem\",\"position\":2,\"name\":\"Products\",\"item\":\"http:\/\/www.ronboplastic.com\/products\/\"},{\"@type\":\"ListItem\",\"position\":3,\"name\":\"7 Gallon Pot\"}]},{\"@type\":\"WebSite\",\"@id\":\"https:\/\/www.ronboplastic.com\/#website\",\"url\":\"https:\/\/www.ronboplastic.com\/\",\"name\":\"Ronbo Sunrise Pots &amp; Planters\",\"description\":\"Flower Pots &amp; Planters\",\"potentialAction\":[{\"@type\":\"SearchAction\",\"target\":{\"@type\":\"EntryPoint\",\"urlTemplate\":\"https:\/\/www.ronboplastic.com\/?s={search_term_string}\"},\"query-input\":{\"@type\":\"PropertyValueSpecification\",\"valueRequired\":true,\"valueName\":\"search_term_string\"}}],\"inLanguage\":\"es\"}]}<\/script>\n<!-- \/ Yoast SEO plugin. -->","yoast_head_json":{"title":"7 Gallon Pot - Ronbo Sunrise Pots &amp; Planters","robots":{"index":"index","follow":"follow","max-snippet":"max-snippet:-1","max-image-preview":"max-image-preview:large","max-video-preview":"max-video-preview:-1"},"canonical":"https:\/\/www.ronboplastic.com\/es\/producto\/bote-de-7-galones\/","og_locale":"es_ES","og_type":"article","og_title":"7 Gallon Pot - Ronbo Sunrise Pots &amp; Planters","og_description":"7 gallons blow-molded nursery pot is manufactured in flexible, durable, BPA free polyethylene resin. A wide base offers stability when tall plants are growing. Side drainage improves plant root aeration for a good balance of air and water. UV-protected. Bottom drainage in addition to side drainage holes Blow-Molded as an economical alternative to heavier injection molded containers Strong rim and handles for easy maneuvering UV-protected so it won't fade in the sun.","og_url":"https:\/\/www.ronboplastic.com\/es\/producto\/bote-de-7-galones\/","og_site_name":"Ronbo Sunrise Pots &amp; Planters","article_modified_time":"2026-05-09T08:58:51+00:00","og_image":[{"width":750,"height":750,"url":"https:\/\/www.ronboplastic.com\/wp-content\/uploads\/2025\/09\/RB-G007front.jpg","type":"image\/jpeg"}],"twitter_card":"summary_large_image","twitter_misc":{"Tiempo de lectura":"1 minuto"},"schema":{"@context":"https:\/\/schema.org","@graph":[{"@type":"WebPage","@id":"https:\/\/www.ronboplastic.com\/product\/7-gallon-pot\/","url":"https:\/\/www.ronboplastic.com\/product\/7-gallon-pot\/","name":"7 Gallon Pot - Ronbo Sunrise Pots &amp; Planters","isPartOf":{"@id":"https:\/\/www.ronboplastic.com\/#website"},"primaryImageOfPage":{"@id":"https:\/\/www.ronboplastic.com\/product\/7-gallon-pot\/#primaryimage"},"image":{"@id":"https:\/\/www.ronboplastic.com\/product\/7-gallon-pot\/#primaryimage"},"thumbnailUrl":"https:\/\/www.ronboplastic.com\/wp-content\/uploads\/2025\/09\/RB-G007front.jpg","datePublished":"2024-09-10T01:45:34+00:00","dateModified":"2026-05-09T08:58:51+00:00","breadcrumb":{"@id":"https:\/\/www.ronboplastic.com\/product\/7-gallon-pot\/#breadcrumb"},"inLanguage":"es","potentialAction":[{"@type":"ReadAction","target":["https:\/\/www.ronboplastic.com\/product\/7-gallon-pot\/"]}]},{"@type":"ImageObject","inLanguage":"es","@id":"https:\/\/www.ronboplastic.com\/product\/7-gallon-pot\/#primaryimage","url":"https:\/\/www.ronboplastic.com\/wp-content\/uploads\/2025\/09\/RB-G007front.jpg","contentUrl":"https:\/\/www.ronboplastic.com\/wp-content\/uploads\/2025\/09\/RB-G007front.jpg","width":750,"height":750,"caption":"galon pots wholesale"},{"@type":"BreadcrumbList","@id":"https:\/\/www.ronboplastic.com\/product\/7-gallon-pot\/#breadcrumb","itemListElement":[{"@type":"ListItem","position":1,"name":"\u9996\u9875","item":"https:\/\/www.ronboplastic.com\/"},{"@type":"ListItem","position":2,"name":"Products","item":"http:\/\/www.ronboplastic.com\/products\/"},{"@type":"ListItem","position":3,"name":"7 Gallon Pot"}]},{"@type":"WebSite","@id":"https:\/\/www.ronboplastic.com\/#website","url":"https:\/\/www.ronboplastic.com\/","name":"Ronbo Sunrise Pots &amp; Planters","description":"Macetas y jardineras","potentialAction":[{"@type":"SearchAction","target":{"@type":"EntryPoint","urlTemplate":"https:\/\/www.ronboplastic.com\/?s={search_term_string}"},"query-input":{"@type":"PropertyValueSpecification","valueRequired":true,"valueName":"search_term_string"}}],"inLanguage":"es"}]}},"_links":{"self":[{"href":"https:\/\/www.ronboplastic.com\/es\/wp-json\/wp\/v2\/product\/8762","targetHints":{"allow":["GET"]}}],"collection":[{"href":"https:\/\/www.ronboplastic.com\/es\/wp-json\/wp\/v2\/product"}],"about":[{"href":"https:\/\/www.ronboplastic.com\/es\/wp-json\/wp\/v2\/types\/product"}],"replies":[{"embeddable":true,"href":"https:\/\/www.ronboplastic.com\/es\/wp-json\/wp\/v2\/comments?post=8762"}],"wp:featuredmedia":[{"embeddable":true,"href":"https:\/\/www.ronboplastic.com\/es\/wp-json\/wp\/v2\/media\/8768"}],"wp:attachment":[{"href":"https:\/\/www.ronboplastic.com\/es\/wp-json\/wp\/v2\/media?parent=8762"}],"wp:term":[{"taxonomy":"product_brand","embeddable":true,"href":"https:\/\/www.ronboplastic.com\/es\/wp-json\/wp\/v2\/product_brand?post=8762"},{"taxonomy":"product_cat","embeddable":true,"href":"https:\/\/www.ronboplastic.com\/es\/wp-json\/wp\/v2\/product_cat?post=8762"},{"taxonomy":"product_tag","embeddable":true,"href":"https:\/\/www.ronboplastic.com\/es\/wp-json\/wp\/v2\/product_tag?post=8762"}],"curies":[{"name":"wp","href":"https:\/\/api.w.org\/{rel}","templated":true}]}}