{"id":8747,"date":"2024-09-10T09:41:24","date_gmt":"2024-09-10T01:41:24","guid":{"rendered":"https:\/\/www.ronboplastic.com\/index.php\/product\/5-gallon-nursery-pots\/"},"modified":"2025-09-08T14:15:25","modified_gmt":"2025-09-08T06:15:25","slug":"macetas-de-vivero-de-5-galones","status":"publish","type":"product","link":"https:\/\/www.ronboplastic.com\/es\/producto\/macetas-de-vivero-de-5-galones\/","title":{"rendered":"Macetas de vivero de 5 galones"},"content":{"rendered":"<p>Nuestra maceta de 5 galones es la soluci\u00f3n ideal para mayoristas, supermercados, viveros y granjas que quieran ampliar su negocio de jardiner\u00eda. Hecho a mano de alta calidad, material pl\u00e1stico duradero, esta maceta especializada est\u00e1 dise\u00f1ado espec\u00edficamente para el cultivo de una variedad de plantas, incluyendo verduras, hierbas y diferentes cepas de cannabis.<\/p>\n<p>Con una capacidad de hasta cinco galones de tierra o compost, esta maceta ofrece un amplio espacio para el crecimiento de las ra\u00edces y est\u00e1 equipada con un eficaz sistema de drenaje del agua que favorece el crecimiento saludable de las plantas. Nuestra maceta no es una maceta cualquiera, es un contenedor especializado construido para durar y atender las necesidades espec\u00edficas de los jardines de sus clientes.<\/p>\n<p>A un precio asequible, la compra al por mayor ofrece grandes ofertas y garantiza que los jardines de sus clientes prosperen temporada tras temporada. Nuestros fiables productos est\u00e1n dise\u00f1ados para durar, lo que los convierte en una excelente inversi\u00f3n para cualquiera que desee hacer crecer su negocio de jardiner\u00eda.<\/p>\n<p>As\u00ed que no deje que nada se interponga en su camino hacia el \u00e9xito. Invierta hoy mismo en nuestras macetas de 5 galones y vea c\u00f3mo florece su negocio.<\/p>\n<p>Puntos de valor del producto:<br \/>\n<span class=\"nbr\">1.<\/span>\u00a0Fabricaci\u00f3n en pl\u00e1stico de alta calidad - Ligero, f\u00e1cil de mover y colocar.<br \/>\n<span class=\"nbr\">2.<\/span>\u00a0Dise\u00f1o de boca ancha: c\u00f3modo para plantar y gestionar.<br \/>\n<span class=\"nbr\">3.<\/span>\u00a0Buena ventilaci\u00f3n y drenaje - Evita el exceso de riego y la pudrici\u00f3n de las ra\u00edces, garantizando la salud de las plantas.<br \/>\n<span class=\"nbr\">4.<\/span>\u00a0M\u00faltiples colores disponibles - Combina con varios estilos de decoraci\u00f3n de jard\u00edn e interior.<br \/>\n<span class=\"nbr\">5.<\/span>\u00a0Gran durabilidad - Resistente a los rayos UV y al clima, puede utilizarse al aire libre en cualquier estaci\u00f3n.<\/p>\n<p><strong>Especificaciones<\/strong><\/p>\n<section class=\"table-wrap\">\n<table class=\"table\" border=\"1\" width=\"NaN\" cellspacing=\"0\" cellpadding=\"0\">\n<tbody>\n<tr class=\"firstRow\">\n<td width=\"92\">N\u00famero de modelo<\/td>\n<td width=\"92\">RB-G005T<\/td>\n<td colspan=\"1\" rowspan=\"1\" valign=\"null\" width=\"92\">RB-G005A<\/td>\n<td colspan=\"1\" rowspan=\"1\" valign=\"null\" width=\"92\">RB-G005M<\/td>\n<td colspan=\"1\" rowspan=\"1\" valign=\"null\" width=\"92\">RB-G005HI<\/td>\n<td colspan=\"1\" rowspan=\"1\" valign=\"null\" width=\"92\">RB-G006<\/td>\n<\/tr>\n<tr>\n<td width=\"92\">Tipo de pl\u00e1stico<\/td>\n<td width=\"92\">PP<\/td>\n<td colspan=\"1\" rowspan=\"1\" valign=\"null\" width=\"92\">PP<\/td>\n<td colspan=\"1\" rowspan=\"1\" valign=\"null\" width=\"92\">PP<\/td>\n<td colspan=\"1\" rowspan=\"1\" valign=\"null\" width=\"92\">PP<\/td>\n<td colspan=\"1\" rowspan=\"1\" valign=\"null\" width=\"92\">PP<\/td>\n<\/tr>\n<tr>\n<td width=\"92\">Tipo<\/td>\n<td width=\"92\">Propagaci\u00f3n<\/td>\n<td colspan=\"1\" rowspan=\"1\" valign=\"null\" width=\"92\">Propagaci\u00f3n<\/td>\n<td colspan=\"1\" rowspan=\"1\" valign=\"null\" width=\"92\">Propagaci\u00f3n<\/td>\n<td colspan=\"1\" rowspan=\"1\" valign=\"null\" width=\"92\">Propagaci\u00f3n<\/td>\n<td colspan=\"1\" rowspan=\"1\" valign=\"null\" width=\"92\">Propagaci\u00f3n<\/td>\n<\/tr>\n<tr>\n<td width=\"92\">Di\u00e1metro superior<\/td>\n<td width=\"92\">28.1cm\/11.06inch<\/td>\n<td colspan=\"1\" rowspan=\"1\" valign=\"null\" width=\"92\">27 cm<\/td>\n<td colspan=\"1\" rowspan=\"1\" valign=\"null\" width=\"92\">28cm\/11.02inch<\/td>\n<td colspan=\"1\" rowspan=\"1\" valign=\"null\" width=\"92\">29,2 cm\/11,5 pulgadas<\/td>\n<td colspan=\"1\" rowspan=\"1\" valign=\"null\" width=\"92\">32,2 cm\/12,68 pulgadas<\/td>\n<\/tr>\n<tr>\n<td width=\"92\">Di\u00e1metro inferior<\/td>\n<td width=\"92\">20,5 cm<\/td>\n<td colspan=\"1\" rowspan=\"1\" valign=\"null\" width=\"92\">20,3 cm\/7,99 pulgadas<\/td>\n<td colspan=\"1\" rowspan=\"1\" valign=\"null\" width=\"92\">21 cm<\/td>\n<td colspan=\"1\" rowspan=\"1\" valign=\"null\" width=\"92\">23,3 cm\/9,17 pulgadas<\/td>\n<td colspan=\"1\" rowspan=\"1\" valign=\"null\" width=\"92\">26,8 cm\/10,55 pulgadas<\/td>\n<\/tr>\n<tr>\n<td width=\"92\">Altura<\/td>\n<td width=\"92\">29,5 cm\/11,61 pulgadas<\/td>\n<td colspan=\"1\" rowspan=\"1\" valign=\"null\" width=\"92\">29,5 cm\/11,61 pulgadas<\/td>\n<td colspan=\"1\" rowspan=\"1\" valign=\"null\" width=\"92\">29,5 cm\/11,61 pulgadas<\/td>\n<td colspan=\"1\" rowspan=\"1\" valign=\"null\" width=\"92\">27 cm<\/td>\n<td colspan=\"1\" rowspan=\"1\" valign=\"null\" width=\"92\">22 cm<\/td>\n<\/tr>\n<tr>\n<td width=\"92\">Volumen<\/td>\n<td width=\"92\">12,6L\/3,3Gal<\/td>\n<td colspan=\"1\" rowspan=\"1\" valign=\"null\" width=\"92\">11,9L\/3,1Gal<\/td>\n<td colspan=\"1\" rowspan=\"1\" valign=\"null\" width=\"92\">12,6L\/3,3Gal<\/td>\n<td colspan=\"1\" rowspan=\"1\" valign=\"null\" width=\"92\">13,6L\/3,6Gal<\/td>\n<td colspan=\"1\" rowspan=\"1\" valign=\"null\" width=\"92\">13,9L\/3,7Gal<\/td>\n<\/tr>\n<\/tbody>\n<\/table>\n<\/section>\n<p><img loading=\"lazy\" decoding=\"async\" src=\"https:\/\/www.ronboplastic.com\/wp-content\/uploads\/2025\/09\/202205070923257c1107ec546c40199ab56b19b02fbb7b.jpg\" alt=\"Macetas de vivero de 5 galones\" width=\"750\" height=\"750\" \/><\/p>\n<p><img loading=\"lazy\" decoding=\"async\" src=\"https:\/\/www.ronboplastic.com\/wp-content\/uploads\/2025\/09\/202205070923264a61fb92a8d84c47ad0bc66e2c305dc8.jpg\" alt=\"Macetas de vivero de 5 galones\" width=\"800\" height=\"800\" \/><\/p>\n<p><img loading=\"lazy\" decoding=\"async\" src=\"https:\/\/www.ronboplastic.com\/wp-content\/uploads\/2025\/09\/20220507092326c7fdeb2f6e5e47c19296b7be12d3a714.jpg\" alt=\"Macetas de vivero de 5 galones\" width=\"800\" height=\"800\" \/><\/p>\n<p><img loading=\"lazy\" decoding=\"async\" src=\"https:\/\/www.ronboplastic.com\/wp-content\/uploads\/2025\/09\/202205070923268480b2c6a37545839f66cd6fd314641c.jpg\" alt=\"Macetas de vivero de 5 galones\" width=\"800\" height=\"800\" \/><\/p>\n<p><img loading=\"lazy\" decoding=\"async\" src=\"https:\/\/www.ronboplastic.com\/wp-content\/uploads\/2025\/09\/20220507092327e234ff8939a448c498de8954153ccca8.jpg\" alt=\"Macetas de vivero de 5 galones\" width=\"750\" height=\"750\" \/><\/p>\n<p class=\"productsTags\">Hot Tags: Ronbo Sunrise, macetas de pl\u00e1stico de 5 galones, proveedor de macetas de pl\u00e1stico, suministros de jardiner\u00eda, macetas de alta calidad<\/p>","protected":false},"excerpt":{"rendered":"<p>Ronbo Sunrise es un proveedor l\u00edder de macetas de pl\u00e1stico de 5 galones. Nuestros productos est\u00e1n fabricados con pl\u00e1stico de alta calidad, lo que garantiza una excelente durabilidad y atractivo est\u00e9tico para el crecimiento de diversas flores y plantas. Nuestras macetas tienen una gran ventilaci\u00f3n y drenaje que evitan el riego excesivo y la pudrici\u00f3n de las ra\u00edces, garantizando as\u00ed una salud \u00f3ptima de las plantas. Como proveedor de confianza de suministros de jardiner\u00eda, Ronbo Sunrise ofrece una amplia gama de colores de macetas para combinar con cualquier estilo de decoraci\u00f3n.<\/p>","protected":false},"featured_media":8754,"comment_status":"open","ping_status":"open","template":"","meta":[],"product_brand":[],"product_cat":[72],"product_tag":[],"class_list":{"0":"post-8747","1":"product","2":"type-product","3":"status-publish","4":"has-post-thumbnail","6":"product_cat-gallon-pots","8":"first","9":"instock","10":"shipping-taxable","11":"product-type-simple"},"yoast_head":"<!-- This site is optimized with the Yoast SEO plugin v26.1.1 - https:\/\/yoast.com\/wordpress\/plugins\/seo\/ -->\n<title>5 Gallon Nursery Pots - Ronbo Sunrise Pots &amp; Planters<\/title>\n<meta name=\"robots\" content=\"index, follow, max-snippet:-1, max-image-preview:large, max-video-preview:-1\" \/>\n<link rel=\"canonical\" href=\"http:\/\/www.ronboplastic.com\/es\/producto\/macetas-de-vivero-de-5-galones\/\" \/>\n<meta property=\"og:locale\" content=\"es_ES\" \/>\n<meta property=\"og:type\" content=\"article\" \/>\n<meta property=\"og:title\" content=\"5 Gallon Nursery Pots - Ronbo Sunrise Pots &amp; Planters\" \/>\n<meta property=\"og:description\" content=\"Ronbo Sunrise is a leading supplier of 5 gallon plastic flower pots. Our products are made of high-quality plastic, ensuring excellent durability and aesthetic appeal for the growth of various flowers and plants. Our pots have great ventilation and drainage that prevent overwatering and root rot, thus ensuring optimal plant health. As a trusted supplier of gardening supplies, Ronbo Sunrise offers a wide range of pot colors to match any decor style.\" \/>\n<meta property=\"og:url\" content=\"http:\/\/www.ronboplastic.com\/es\/producto\/macetas-de-vivero-de-5-galones\/\" \/>\n<meta property=\"og:site_name\" content=\"Ronbo Sunrise Pots &amp; Planters\" \/>\n<meta property=\"article:modified_time\" content=\"2025-09-08T06:15:25+00:00\" \/>\n<meta property=\"og:image\" content=\"https:\/\/www.ronboplastic.com\/wp-content\/uploads\/2025\/09\/aa.jpg\" \/>\n\t<meta property=\"og:image:width\" content=\"750\" \/>\n\t<meta property=\"og:image:height\" content=\"750\" \/>\n\t<meta property=\"og:image:type\" content=\"image\/jpeg\" \/>\n<meta name=\"twitter:card\" content=\"summary_large_image\" \/>\n<meta name=\"twitter:label1\" content=\"Tiempo de lectura\" \/>\n\t<meta name=\"twitter:data1\" content=\"2 minutos\" \/>\n<script type=\"application\/ld+json\" class=\"yoast-schema-graph\">{\"@context\":\"https:\/\/schema.org\",\"@graph\":[{\"@type\":\"WebPage\",\"@id\":\"http:\/\/www.ronboplastic.com\/ru\/%d0%bf%d1%80%d0%be%d0%b4%d1%83%d0%ba%d1%82\/5\/\",\"url\":\"http:\/\/www.ronboplastic.com\/ru\/%d0%bf%d1%80%d0%be%d0%b4%d1%83%d0%ba%d1%82\/5\/\",\"name\":\"5 Gallon Nursery Pots - Ronbo Sunrise Pots &amp; Planters\",\"isPartOf\":{\"@id\":\"https:\/\/www.ronboplastic.com\/#website\"},\"primaryImageOfPage\":{\"@id\":\"http:\/\/www.ronboplastic.com\/ru\/%d0%bf%d1%80%d0%be%d0%b4%d1%83%d0%ba%d1%82\/5\/#primaryimage\"},\"image\":{\"@id\":\"http:\/\/www.ronboplastic.com\/ru\/%d0%bf%d1%80%d0%be%d0%b4%d1%83%d0%ba%d1%82\/5\/#primaryimage\"},\"thumbnailUrl\":\"https:\/\/www.ronboplastic.com\/wp-content\/uploads\/2025\/09\/aa.jpg\",\"datePublished\":\"2024-09-10T01:41:24+00:00\",\"dateModified\":\"2025-09-08T06:15:25+00:00\",\"breadcrumb\":{\"@id\":\"http:\/\/www.ronboplastic.com\/ru\/%d0%bf%d1%80%d0%be%d0%b4%d1%83%d0%ba%d1%82\/5\/#breadcrumb\"},\"inLanguage\":\"es\",\"potentialAction\":[{\"@type\":\"ReadAction\",\"target\":[\"http:\/\/www.ronboplastic.com\/ru\/%d0%bf%d1%80%d0%be%d0%b4%d1%83%d0%ba%d1%82\/5\/\"]}]},{\"@type\":\"ImageObject\",\"inLanguage\":\"es\",\"@id\":\"http:\/\/www.ronboplastic.com\/ru\/%d0%bf%d1%80%d0%be%d0%b4%d1%83%d0%ba%d1%82\/5\/#primaryimage\",\"url\":\"https:\/\/www.ronboplastic.com\/wp-content\/uploads\/2025\/09\/aa.jpg\",\"contentUrl\":\"https:\/\/www.ronboplastic.com\/wp-content\/uploads\/2025\/09\/aa.jpg\",\"width\":750,\"height\":750,\"caption\":\"galon pots wholesale\"},{\"@type\":\"BreadcrumbList\",\"@id\":\"http:\/\/www.ronboplastic.com\/ru\/%d0%bf%d1%80%d0%be%d0%b4%d1%83%d0%ba%d1%82\/5\/#breadcrumb\",\"itemListElement\":[{\"@type\":\"ListItem\",\"position\":1,\"name\":\"\u9996\u9875\",\"item\":\"https:\/\/www.ronboplastic.com\/\"},{\"@type\":\"ListItem\",\"position\":2,\"name\":\"Products\",\"item\":\"http:\/\/www.ronboplastic.com\/products\/\"},{\"@type\":\"ListItem\",\"position\":3,\"name\":\"5 Gallon Nursery Pots\"}]},{\"@type\":\"WebSite\",\"@id\":\"https:\/\/www.ronboplastic.com\/#website\",\"url\":\"https:\/\/www.ronboplastic.com\/\",\"name\":\"Ronbo Sunrise Pots &amp; Planters\",\"description\":\"Flower Pots &amp; Planters\",\"potentialAction\":[{\"@type\":\"SearchAction\",\"target\":{\"@type\":\"EntryPoint\",\"urlTemplate\":\"https:\/\/www.ronboplastic.com\/?s={search_term_string}\"},\"query-input\":{\"@type\":\"PropertyValueSpecification\",\"valueRequired\":true,\"valueName\":\"search_term_string\"}}],\"inLanguage\":\"es\"}]}<\/script>\n<!-- \/ Yoast SEO plugin. -->","yoast_head_json":{"title":"5 Gallon Nursery Pots - Ronbo Sunrise Pots &amp; Planters","robots":{"index":"index","follow":"follow","max-snippet":"max-snippet:-1","max-image-preview":"max-image-preview:large","max-video-preview":"max-video-preview:-1"},"canonical":"http:\/\/www.ronboplastic.com\/es\/producto\/macetas-de-vivero-de-5-galones\/","og_locale":"es_ES","og_type":"article","og_title":"5 Gallon Nursery Pots - Ronbo Sunrise Pots &amp; Planters","og_description":"Ronbo Sunrise is a leading supplier of 5 gallon plastic flower pots. Our products are made of high-quality plastic, ensuring excellent durability and aesthetic appeal for the growth of various flowers and plants. Our pots have great ventilation and drainage that prevent overwatering and root rot, thus ensuring optimal plant health. As a trusted supplier of gardening supplies, Ronbo Sunrise offers a wide range of pot colors to match any decor style.","og_url":"http:\/\/www.ronboplastic.com\/es\/producto\/macetas-de-vivero-de-5-galones\/","og_site_name":"Ronbo Sunrise Pots &amp; Planters","article_modified_time":"2025-09-08T06:15:25+00:00","og_image":[{"width":750,"height":750,"url":"https:\/\/www.ronboplastic.com\/wp-content\/uploads\/2025\/09\/aa.jpg","type":"image\/jpeg"}],"twitter_card":"summary_large_image","twitter_misc":{"Tiempo de lectura":"2 minutos"},"schema":{"@context":"https:\/\/schema.org","@graph":[{"@type":"WebPage","@id":"http:\/\/www.ronboplastic.com\/ru\/%d0%bf%d1%80%d0%be%d0%b4%d1%83%d0%ba%d1%82\/5\/","url":"http:\/\/www.ronboplastic.com\/ru\/%d0%bf%d1%80%d0%be%d0%b4%d1%83%d0%ba%d1%82\/5\/","name":"5 Gallon Nursery Pots - Ronbo Sunrise Pots &amp; Planters","isPartOf":{"@id":"https:\/\/www.ronboplastic.com\/#website"},"primaryImageOfPage":{"@id":"http:\/\/www.ronboplastic.com\/ru\/%d0%bf%d1%80%d0%be%d0%b4%d1%83%d0%ba%d1%82\/5\/#primaryimage"},"image":{"@id":"http:\/\/www.ronboplastic.com\/ru\/%d0%bf%d1%80%d0%be%d0%b4%d1%83%d0%ba%d1%82\/5\/#primaryimage"},"thumbnailUrl":"https:\/\/www.ronboplastic.com\/wp-content\/uploads\/2025\/09\/aa.jpg","datePublished":"2024-09-10T01:41:24+00:00","dateModified":"2025-09-08T06:15:25+00:00","breadcrumb":{"@id":"http:\/\/www.ronboplastic.com\/ru\/%d0%bf%d1%80%d0%be%d0%b4%d1%83%d0%ba%d1%82\/5\/#breadcrumb"},"inLanguage":"es","potentialAction":[{"@type":"ReadAction","target":["http:\/\/www.ronboplastic.com\/ru\/%d0%bf%d1%80%d0%be%d0%b4%d1%83%d0%ba%d1%82\/5\/"]}]},{"@type":"ImageObject","inLanguage":"es","@id":"http:\/\/www.ronboplastic.com\/ru\/%d0%bf%d1%80%d0%be%d0%b4%d1%83%d0%ba%d1%82\/5\/#primaryimage","url":"https:\/\/www.ronboplastic.com\/wp-content\/uploads\/2025\/09\/aa.jpg","contentUrl":"https:\/\/www.ronboplastic.com\/wp-content\/uploads\/2025\/09\/aa.jpg","width":750,"height":750,"caption":"galon pots wholesale"},{"@type":"BreadcrumbList","@id":"http:\/\/www.ronboplastic.com\/ru\/%d0%bf%d1%80%d0%be%d0%b4%d1%83%d0%ba%d1%82\/5\/#breadcrumb","itemListElement":[{"@type":"ListItem","position":1,"name":"\u9996\u9875","item":"https:\/\/www.ronboplastic.com\/"},{"@type":"ListItem","position":2,"name":"Products","item":"http:\/\/www.ronboplastic.com\/products\/"},{"@type":"ListItem","position":3,"name":"5 Gallon Nursery Pots"}]},{"@type":"WebSite","@id":"https:\/\/www.ronboplastic.com\/#website","url":"https:\/\/www.ronboplastic.com\/","name":"Ronbo Sunrise Pots &amp; Planters","description":"Macetas y jardineras","potentialAction":[{"@type":"SearchAction","target":{"@type":"EntryPoint","urlTemplate":"https:\/\/www.ronboplastic.com\/?s={search_term_string}"},"query-input":{"@type":"PropertyValueSpecification","valueRequired":true,"valueName":"search_term_string"}}],"inLanguage":"es"}]}},"_links":{"self":[{"href":"https:\/\/www.ronboplastic.com\/es\/wp-json\/wp\/v2\/product\/8747","targetHints":{"allow":["GET"]}}],"collection":[{"href":"https:\/\/www.ronboplastic.com\/es\/wp-json\/wp\/v2\/product"}],"about":[{"href":"https:\/\/www.ronboplastic.com\/es\/wp-json\/wp\/v2\/types\/product"}],"replies":[{"embeddable":true,"href":"https:\/\/www.ronboplastic.com\/es\/wp-json\/wp\/v2\/comments?post=8747"}],"wp:featuredmedia":[{"embeddable":true,"href":"https:\/\/www.ronboplastic.com\/es\/wp-json\/wp\/v2\/media\/8754"}],"wp:attachment":[{"href":"https:\/\/www.ronboplastic.com\/es\/wp-json\/wp\/v2\/media?parent=8747"}],"wp:term":[{"taxonomy":"product_brand","embeddable":true,"href":"https:\/\/www.ronboplastic.com\/es\/wp-json\/wp\/v2\/product_brand?post=8747"},{"taxonomy":"product_cat","embeddable":true,"href":"https:\/\/www.ronboplastic.com\/es\/wp-json\/wp\/v2\/product_cat?post=8747"},{"taxonomy":"product_tag","embeddable":true,"href":"https:\/\/www.ronboplastic.com\/es\/wp-json\/wp\/v2\/product_tag?post=8747"}],"curies":[{"name":"wp","href":"https:\/\/api.w.org\/{rel}","templated":true}]}}