{"id":8621,"date":"2025-09-06T10:25:43","date_gmt":"2025-09-06T02:25:43","guid":{"rendered":"http:\/\/13998496.test11.xinyijiapin.com\/?post_type=product&#038;p=8621"},"modified":"2025-09-08T14:39:09","modified_gmt":"2025-09-08T06:39:09","slug":"macetas-cuadradas-de-1-galon-precio-al-por-mayor","status":"publish","type":"product","link":"https:\/\/www.ronboplastic.com\/es\/producto\/macetas-cuadradas-de-1-galon-precio-al-por-mayor\/","title":{"rendered":"Macetas cuadradas de 1 gal\u00f3n Precio al por mayor"},"content":{"rendered":"<p><strong>Descripci\u00f3n:<\/strong><\/p>\n<p>- Ollas de un gal\u00f3n OEM o ODM est\u00e1 disponible. Si la cantidad de la orden es grande, devolveremos el coste del molde.<\/p>\n<p>-\u00a0<strong>Material: Macetas de pl\u00e1stico <\/strong>puede utilizarse en invernaderos, interiores y exteriores.<\/p>\n<p>- Con protecci\u00f3n UV para garantizar una calidad duradera. Puede utilizar macetas de gal\u00f3n premium muchas veces.<\/p>\n<p>- Estos botes negros de pl\u00e1stico de 1 gal\u00f3n son ecol\u00f3gicos. Envases a granel eficientes disponibles para usuarios de gran volumen.<\/p>\n<p>- Bordes de maceta resistentes dise\u00f1ados para facilitar el desanidado de la maceta para su manipulaci\u00f3n en sistemas de enmacetado automatizados y manuales.<\/p>\n<p><strong>-\u00a0<\/strong>Las macetas de un gal\u00f3n contienen agujeros de drenaje en el fondo, lo que permite el drenaje y la aireaci\u00f3n de la tierra.<\/p>\n<p>- ollas gal\u00f3n tama\u00f1o tienen 1,2,3,4,5,6,7,8,10, 15, 20,25 gal .<\/p>\n<p><img loading=\"lazy\" decoding=\"async\" class=\"alignnone size-full wp-image-9516\" src=\"https:\/\/www.ronboplastic.com\/wp-content\/uploads\/2024\/09\/11.webp\" alt=\"\" width=\"390\" height=\"302\" srcset=\"https:\/\/www.ronboplastic.com\/wp-content\/uploads\/2024\/09\/11.webp 390w, https:\/\/www.ronboplastic.com\/wp-content\/uploads\/2024\/09\/11-387x300.webp 387w\" sizes=\"auto, (max-width: 390px) 100vw, 390px\" \/>*Las macetas son adecuadas para todo tipo de suelos y sustratos, como flores, limoneros, etc.<\/p>\n<p><strong>PREGUNTAS FRECUENTES<\/strong><\/p>\n<p>P: \u00bfC\u00f3mo puedo obtener una muestra?<br \/>\nR: Puede obtener muestras comunic\u00e1ndose con nuestras ventas de exportaci\u00f3n.<\/p>\n<p>P:\u00bfCu\u00e1l es el plazo de entrega?<br \/>\nR:El plazo de entrega ser\u00e1 de 7-25 d\u00edas seg\u00fan la cantidad del pedido.<\/p>\n<p>Q:\u00bfCu\u00e1l es el MOQ?<br \/>\nR:Nuestro MOQ es 1*20FT cantidad de contenedor, permite mezclar varios art\u00edculos.<\/p>\n<p>P: \u00bfCu\u00e1les son nuestras condiciones de pago habituales?<br \/>\nA:Nuestras condiciones normales de pago ahora es T\/T, L\/C o Western Union,Papal.<\/p>\n<p>P: \u00bfC\u00f3mo puedo pedir sus productos?<br \/>\nR: Puede consultar en nuestro sitio web los art\u00edculos que le interesen y ponerse en contacto con nuestro departamento de ventas al exterior para realizar el pedido correspondiente.<\/p>\n<p>P: \u00bfQu\u00e9 tipo de material utilizamos en nuestros productos?<br \/>\nR:Nuestras macetas de pl\u00e1stico utilizan materiales como el pol\u00edmero PP o el pol\u00edmero PE.<\/p>\n<p class=\"productsTags\">Hot Tags: maceta cuadrada galon, proveedores, fabricantes, f\u00e1brica, venta al por mayor, para la venta<\/p>","protected":false},"excerpt":{"rendered":"<p>Proveedor de China Jardineras de pl\u00e1stico duradero para venta al por mayor y uso agr\u00edcola (de 1 a 25 galones)\"<\/p>\n<p><img loading=\"lazy\" decoding=\"async\" class=\"alignnone size-full wp-image-9517\" src=\"https:\/\/www.ronboplastic.com\/wp-content\/uploads\/2025\/09\/RB-G001S.webp\" alt=\"\" width=\"300\" height=\"208\" \/><\/p>","protected":false},"featured_media":9515,"comment_status":"open","ping_status":"closed","template":"","meta":[],"product_brand":[],"product_cat":[20],"product_tag":[71],"class_list":{"0":"post-8621","1":"product","2":"type-product","3":"status-publish","4":"has-post-thumbnail","6":"product_cat-uncategorized","7":"product_tag-1-gallon-pots","9":"first","10":"instock","11":"shipping-taxable","12":"product-type-simple"},"yoast_head":"<!-- This site is optimized with the Yoast SEO plugin v26.1.1 - https:\/\/yoast.com\/wordpress\/plugins\/seo\/ -->\n<title>Square 1 Gallon Pots Wholesale Price - Ronbo Sunrise Pots &amp; Planters<\/title>\n<meta name=\"robots\" content=\"index, follow, max-snippet:-1, max-image-preview:large, max-video-preview:-1\" \/>\n<link rel=\"canonical\" href=\"http:\/\/www.ronboplastic.com\/es\/producto\/macetas-cuadradas-de-1-galon-precio-al-por-mayor\/\" \/>\n<meta property=\"og:locale\" content=\"es_ES\" \/>\n<meta property=\"og:type\" content=\"article\" \/>\n<meta property=\"og:title\" content=\"Square 1 Gallon Pots Wholesale Price - Ronbo Sunrise Pots &amp; Planters\" \/>\n<meta property=\"og:description\" content=\"China Supplier Durable Plastic Planters for Wholesale &amp; Farm Use (1 to 25 Gallons)&quot;\" \/>\n<meta property=\"og:url\" content=\"http:\/\/www.ronboplastic.com\/es\/producto\/macetas-cuadradas-de-1-galon-precio-al-por-mayor\/\" \/>\n<meta property=\"og:site_name\" content=\"Ronbo Sunrise Pots &amp; Planters\" \/>\n<meta property=\"article:modified_time\" content=\"2025-09-08T06:39:09+00:00\" \/>\n<meta property=\"og:image\" content=\"https:\/\/www.ronboplastic.com\/wp-content\/uploads\/2024\/09\/RB-G001sCom.webp\" \/>\n\t<meta property=\"og:image:width\" content=\"385\" \/>\n\t<meta property=\"og:image:height\" content=\"385\" \/>\n\t<meta property=\"og:image:type\" content=\"image\/webp\" \/>\n<meta name=\"twitter:card\" content=\"summary_large_image\" \/>\n<meta name=\"twitter:label1\" content=\"Tiempo de lectura\" \/>\n\t<meta name=\"twitter:data1\" content=\"1 minuto\" \/>\n<script type=\"application\/ld+json\" class=\"yoast-schema-graph\">{\"@context\":\"https:\/\/schema.org\",\"@graph\":[{\"@type\":\"WebPage\",\"@id\":\"http:\/\/www.ronboplastic.com\/ru\/%d0%bf%d1%80%d0%be%d0%b4%d1%83%d0%ba%d1%82\/1\/\",\"url\":\"http:\/\/www.ronboplastic.com\/ru\/%d0%bf%d1%80%d0%be%d0%b4%d1%83%d0%ba%d1%82\/1\/\",\"name\":\"Square 1 Gallon Pots Wholesale Price - Ronbo Sunrise Pots &amp; Planters\",\"isPartOf\":{\"@id\":\"https:\/\/www.ronboplastic.com\/#website\"},\"primaryImageOfPage\":{\"@id\":\"http:\/\/www.ronboplastic.com\/ru\/%d0%bf%d1%80%d0%be%d0%b4%d1%83%d0%ba%d1%82\/1\/#primaryimage\"},\"image\":{\"@id\":\"http:\/\/www.ronboplastic.com\/ru\/%d0%bf%d1%80%d0%be%d0%b4%d1%83%d0%ba%d1%82\/1\/#primaryimage\"},\"thumbnailUrl\":\"https:\/\/www.ronboplastic.com\/wp-content\/uploads\/2024\/09\/RB-G001sCom.webp\",\"datePublished\":\"2025-09-06T02:25:43+00:00\",\"dateModified\":\"2025-09-08T06:39:09+00:00\",\"breadcrumb\":{\"@id\":\"http:\/\/www.ronboplastic.com\/ru\/%d0%bf%d1%80%d0%be%d0%b4%d1%83%d0%ba%d1%82\/1\/#breadcrumb\"},\"inLanguage\":\"es\",\"potentialAction\":[{\"@type\":\"ReadAction\",\"target\":[\"http:\/\/www.ronboplastic.com\/ru\/%d0%bf%d1%80%d0%be%d0%b4%d1%83%d0%ba%d1%82\/1\/\"]}]},{\"@type\":\"ImageObject\",\"inLanguage\":\"es\",\"@id\":\"http:\/\/www.ronboplastic.com\/ru\/%d0%bf%d1%80%d0%be%d0%b4%d1%83%d0%ba%d1%82\/1\/#primaryimage\",\"url\":\"https:\/\/www.ronboplastic.com\/wp-content\/uploads\/2024\/09\/RB-G001sCom.webp\",\"contentUrl\":\"https:\/\/www.ronboplastic.com\/wp-content\/uploads\/2024\/09\/RB-G001sCom.webp\",\"width\":385,\"height\":385},{\"@type\":\"BreadcrumbList\",\"@id\":\"http:\/\/www.ronboplastic.com\/ru\/%d0%bf%d1%80%d0%be%d0%b4%d1%83%d0%ba%d1%82\/1\/#breadcrumb\",\"itemListElement\":[{\"@type\":\"ListItem\",\"position\":1,\"name\":\"\u9996\u9875\",\"item\":\"https:\/\/www.ronboplastic.com\/\"},{\"@type\":\"ListItem\",\"position\":2,\"name\":\"Products\",\"item\":\"http:\/\/www.ronboplastic.com\/products\/\"},{\"@type\":\"ListItem\",\"position\":3,\"name\":\"Square 1 Gallon Pots Wholesale Price\"}]},{\"@type\":\"WebSite\",\"@id\":\"https:\/\/www.ronboplastic.com\/#website\",\"url\":\"https:\/\/www.ronboplastic.com\/\",\"name\":\"Ronbo Sunrise Pots &amp; Planters\",\"description\":\"Flower Pots &amp; Planters\",\"potentialAction\":[{\"@type\":\"SearchAction\",\"target\":{\"@type\":\"EntryPoint\",\"urlTemplate\":\"https:\/\/www.ronboplastic.com\/?s={search_term_string}\"},\"query-input\":{\"@type\":\"PropertyValueSpecification\",\"valueRequired\":true,\"valueName\":\"search_term_string\"}}],\"inLanguage\":\"es\"}]}<\/script>\n<!-- \/ Yoast SEO plugin. -->","yoast_head_json":{"title":"Square 1 Gallon Pots Wholesale Price - Ronbo Sunrise Pots &amp; Planters","robots":{"index":"index","follow":"follow","max-snippet":"max-snippet:-1","max-image-preview":"max-image-preview:large","max-video-preview":"max-video-preview:-1"},"canonical":"http:\/\/www.ronboplastic.com\/es\/producto\/macetas-cuadradas-de-1-galon-precio-al-por-mayor\/","og_locale":"es_ES","og_type":"article","og_title":"Square 1 Gallon Pots Wholesale Price - Ronbo Sunrise Pots &amp; Planters","og_description":"China Supplier Durable Plastic Planters for Wholesale &amp; Farm Use (1 to 25 Gallons)\"","og_url":"http:\/\/www.ronboplastic.com\/es\/producto\/macetas-cuadradas-de-1-galon-precio-al-por-mayor\/","og_site_name":"Ronbo Sunrise Pots &amp; Planters","article_modified_time":"2025-09-08T06:39:09+00:00","og_image":[{"width":385,"height":385,"url":"https:\/\/www.ronboplastic.com\/wp-content\/uploads\/2024\/09\/RB-G001sCom.webp","type":"image\/webp"}],"twitter_card":"summary_large_image","twitter_misc":{"Tiempo de lectura":"1 minuto"},"schema":{"@context":"https:\/\/schema.org","@graph":[{"@type":"WebPage","@id":"http:\/\/www.ronboplastic.com\/ru\/%d0%bf%d1%80%d0%be%d0%b4%d1%83%d0%ba%d1%82\/1\/","url":"http:\/\/www.ronboplastic.com\/ru\/%d0%bf%d1%80%d0%be%d0%b4%d1%83%d0%ba%d1%82\/1\/","name":"Square 1 Gallon Pots Wholesale Price - Ronbo Sunrise Pots &amp; Planters","isPartOf":{"@id":"https:\/\/www.ronboplastic.com\/#website"},"primaryImageOfPage":{"@id":"http:\/\/www.ronboplastic.com\/ru\/%d0%bf%d1%80%d0%be%d0%b4%d1%83%d0%ba%d1%82\/1\/#primaryimage"},"image":{"@id":"http:\/\/www.ronboplastic.com\/ru\/%d0%bf%d1%80%d0%be%d0%b4%d1%83%d0%ba%d1%82\/1\/#primaryimage"},"thumbnailUrl":"https:\/\/www.ronboplastic.com\/wp-content\/uploads\/2024\/09\/RB-G001sCom.webp","datePublished":"2025-09-06T02:25:43+00:00","dateModified":"2025-09-08T06:39:09+00:00","breadcrumb":{"@id":"http:\/\/www.ronboplastic.com\/ru\/%d0%bf%d1%80%d0%be%d0%b4%d1%83%d0%ba%d1%82\/1\/#breadcrumb"},"inLanguage":"es","potentialAction":[{"@type":"ReadAction","target":["http:\/\/www.ronboplastic.com\/ru\/%d0%bf%d1%80%d0%be%d0%b4%d1%83%d0%ba%d1%82\/1\/"]}]},{"@type":"ImageObject","inLanguage":"es","@id":"http:\/\/www.ronboplastic.com\/ru\/%d0%bf%d1%80%d0%be%d0%b4%d1%83%d0%ba%d1%82\/1\/#primaryimage","url":"https:\/\/www.ronboplastic.com\/wp-content\/uploads\/2024\/09\/RB-G001sCom.webp","contentUrl":"https:\/\/www.ronboplastic.com\/wp-content\/uploads\/2024\/09\/RB-G001sCom.webp","width":385,"height":385},{"@type":"BreadcrumbList","@id":"http:\/\/www.ronboplastic.com\/ru\/%d0%bf%d1%80%d0%be%d0%b4%d1%83%d0%ba%d1%82\/1\/#breadcrumb","itemListElement":[{"@type":"ListItem","position":1,"name":"\u9996\u9875","item":"https:\/\/www.ronboplastic.com\/"},{"@type":"ListItem","position":2,"name":"Products","item":"http:\/\/www.ronboplastic.com\/products\/"},{"@type":"ListItem","position":3,"name":"Square 1 Gallon Pots Wholesale Price"}]},{"@type":"WebSite","@id":"https:\/\/www.ronboplastic.com\/#website","url":"https:\/\/www.ronboplastic.com\/","name":"Ronbo Sunrise Pots &amp; Planters","description":"Macetas y jardineras","potentialAction":[{"@type":"SearchAction","target":{"@type":"EntryPoint","urlTemplate":"https:\/\/www.ronboplastic.com\/?s={search_term_string}"},"query-input":{"@type":"PropertyValueSpecification","valueRequired":true,"valueName":"search_term_string"}}],"inLanguage":"es"}]}},"_links":{"self":[{"href":"https:\/\/www.ronboplastic.com\/es\/wp-json\/wp\/v2\/product\/8621","targetHints":{"allow":["GET"]}}],"collection":[{"href":"https:\/\/www.ronboplastic.com\/es\/wp-json\/wp\/v2\/product"}],"about":[{"href":"https:\/\/www.ronboplastic.com\/es\/wp-json\/wp\/v2\/types\/product"}],"replies":[{"embeddable":true,"href":"https:\/\/www.ronboplastic.com\/es\/wp-json\/wp\/v2\/comments?post=8621"}],"wp:featuredmedia":[{"embeddable":true,"href":"https:\/\/www.ronboplastic.com\/es\/wp-json\/wp\/v2\/media\/9515"}],"wp:attachment":[{"href":"https:\/\/www.ronboplastic.com\/es\/wp-json\/wp\/v2\/media?parent=8621"}],"wp:term":[{"taxonomy":"product_brand","embeddable":true,"href":"https:\/\/www.ronboplastic.com\/es\/wp-json\/wp\/v2\/product_brand?post=8621"},{"taxonomy":"product_cat","embeddable":true,"href":"https:\/\/www.ronboplastic.com\/es\/wp-json\/wp\/v2\/product_cat?post=8621"},{"taxonomy":"product_tag","embeddable":true,"href":"https:\/\/www.ronboplastic.com\/es\/wp-json\/wp\/v2\/product_tag?post=8621"}],"curies":[{"name":"wp","href":"https:\/\/api.w.org\/{rel}","templated":true}]}}