{"id":8585,"date":"2024-09-06T03:29:58","date_gmt":"2024-09-05T19:29:58","guid":{"rendered":"http:\/\/13998496.test11.xinyijiapin.com\/index.php\/product\/3-gallon-square-pots\/"},"modified":"2026-05-09T02:07:50","modified_gmt":"2026-05-09T09:07:50","slug":"macetas-cuadradas-de-3-galones","status":"publish","type":"product","link":"https:\/\/www.ronboplastic.com\/es\/producto\/macetas-cuadradas-de-3-galones\/","title":{"rendered":"Macetas cuadradas de 3 galones"},"content":{"rendered":"<p>Las macetas cuadradas de 3 galones proporcionan una mayor capacidad para el sistema de cultivo. La maceta hecha de resina de PP reciclado 100% que hacen que los materiales reciclables y reducir la contaminaci\u00f3n ambiental.<\/p>\n<p>El borde es un c\u00f3modo punto de agarre para transportar las macetas a mano o a m\u00e1quina. En la base de la maceta hay muchos orificios de drenaje que ayudan a las ra\u00edces de las plantas a drenar y respirar aire.<\/p>\n<p><strong>Especificaciones<\/strong><\/p>\n<section class=\"table-wrap\">\n<table class=\"table\" border=\"1\" width=\"100%\" cellspacing=\"0\" cellpadding=\"0\">\n<tbody>\n<tr class=\"firstRow\">\n<td>N\u00famero de modelo<\/td>\n<td>RB-G003S<\/td>\n<\/tr>\n<tr>\n<td>Tipo de pl\u00e1stico<\/td>\n<td>PP<\/td>\n<\/tr>\n<tr>\n<td>Tipo<\/td>\n<td>Propagaci\u00f3n<\/td>\n<\/tr>\n<tr>\n<td>Di\u00e1metro superior<\/td>\n<td>25 cm\/9,84 pulgadas<\/td>\n<\/tr>\n<tr>\n<td>Di\u00e1metro inferior<\/td>\n<td>17,8 cm\/7,01 pulgadas<\/td>\n<\/tr>\n<tr>\n<td>Altura<\/td>\n<td>25.5cm\/10.04inch<\/td>\n<\/tr>\n<tr>\n<td>Volumen<\/td>\n<td>11,8L\/3,1Gal<\/td>\n<\/tr>\n<\/tbody>\n<\/table>\n<\/section>\n<p><img loading=\"lazy\" decoding=\"async\" class=\"alignnone size-full wp-image-9506\" src=\"https:\/\/www.ronboplastic.com\/wp-content\/uploads\/2024\/09\/1645605896042-ckt-.webp\" alt=\"\" width=\"600\" height=\"800\" \/> <img loading=\"lazy\" decoding=\"async\" class=\"alignnone size-full wp-image-9507\" src=\"https:\/\/www.ronboplastic.com\/wp-content\/uploads\/2024\/09\/1645605933033-ckt-.webp\" alt=\"\" width=\"600\" height=\"800\" \/> <img loading=\"lazy\" decoding=\"async\" class=\"alignnone size-full wp-image-9508\" src=\"https:\/\/www.ronboplastic.com\/wp-content\/uploads\/2024\/09\/1645605951036-ckt-.webp\" alt=\"\" width=\"600\" height=\"800\" \/> <img loading=\"lazy\" decoding=\"async\" class=\"alignnone size-full wp-image-9509\" src=\"https:\/\/www.ronboplastic.com\/wp-content\/uploads\/2024\/09\/1645605959319-ckt-.webp\" alt=\"\" width=\"600\" height=\"800\" \/><\/p>\n<p class=\"productsTags\">Hot Tags: 3 gallon square pots, proveedores, fabricantes, f\u00e1brica, al por mayor, para la venta<\/p>","protected":false},"excerpt":{"rendered":"<p>Las macetas cuadradas de 3 galones proporcionan una mayor capacidad para el sistema de cultivo. La maceta est\u00e1 hecha de resina PP reciclada 100% que hace que los materiales sean reciclables y reduce la contaminaci\u00f3n ambiental El borde es un punto de agarre conveniente cuando se transportan las macetas con la mano o la m\u00e1quina. En la base de la maceta hay muchos agujeros de drenaje que ayudan a las ra\u00edces de las plantas a drenar y respirar aire.<\/p>","protected":false},"featured_media":9547,"comment_status":"open","ping_status":"closed","template":"","meta":[],"product_brand":[],"product_cat":[143],"product_tag":[],"class_list":{"0":"post-8585","1":"product","2":"type-product","3":"status-publish","4":"has-post-thumbnail","6":"product_cat-gallon-pots-nursery","8":"first","9":"instock","10":"shipping-taxable","11":"product-type-simple"},"yoast_head":"<!-- This site is optimized with the Yoast SEO plugin v26.1.1 - https:\/\/yoast.com\/wordpress\/plugins\/seo\/ -->\n<title>3 Gallon Square Pots - Ronbo Sunrise Pots &amp; Planters<\/title>\n<meta name=\"robots\" content=\"index, follow, max-snippet:-1, max-image-preview:large, max-video-preview:-1\" \/>\n<link rel=\"canonical\" href=\"https:\/\/www.ronboplastic.com\/es\/producto\/macetas-cuadradas-de-3-galones\/\" \/>\n<meta property=\"og:locale\" content=\"es_ES\" \/>\n<meta property=\"og:type\" content=\"article\" \/>\n<meta property=\"og:title\" content=\"3 Gallon Square Pots - Ronbo Sunrise Pots &amp; Planters\" \/>\n<meta property=\"og:description\" content=\"Square 3 gallon plant pots provide more greater capacity for growing system. The plant pot made of 100% recycled PP resin that make materials recyclable and reduce environmental pollution The rim is a convenient grip spot when transporting your plant pots with hand or machine. Many drainage hole is provided for at the base of the pot that help the roots of plants to drain and breathe air.\" \/>\n<meta property=\"og:url\" content=\"https:\/\/www.ronboplastic.com\/es\/producto\/macetas-cuadradas-de-3-galones\/\" \/>\n<meta property=\"og:site_name\" content=\"Ronbo Sunrise Pots &amp; Planters\" \/>\n<meta property=\"article:modified_time\" content=\"2026-05-09T09:07:50+00:00\" \/>\n<meta property=\"og:image\" content=\"https:\/\/www.ronboplastic.com\/wp-content\/uploads\/2024\/09\/1645605889779-ckt-.webp\" \/>\n\t<meta property=\"og:image:width\" content=\"1440\" \/>\n\t<meta property=\"og:image:height\" content=\"1920\" \/>\n\t<meta property=\"og:image:type\" content=\"image\/webp\" \/>\n<meta name=\"twitter:card\" content=\"summary_large_image\" \/>\n<meta name=\"twitter:label1\" content=\"Tiempo de lectura\" \/>\n\t<meta name=\"twitter:data1\" content=\"1 minuto\" \/>\n<script type=\"application\/ld+json\" class=\"yoast-schema-graph\">{\"@context\":\"https:\/\/schema.org\",\"@graph\":[{\"@type\":\"WebPage\",\"@id\":\"https:\/\/www.ronboplastic.com\/product\/3-gallon-square-pots\/\",\"url\":\"https:\/\/www.ronboplastic.com\/product\/3-gallon-square-pots\/\",\"name\":\"3 Gallon Square Pots - Ronbo Sunrise Pots &amp; Planters\",\"isPartOf\":{\"@id\":\"https:\/\/www.ronboplastic.com\/#website\"},\"primaryImageOfPage\":{\"@id\":\"https:\/\/www.ronboplastic.com\/product\/3-gallon-square-pots\/#primaryimage\"},\"image\":{\"@id\":\"https:\/\/www.ronboplastic.com\/product\/3-gallon-square-pots\/#primaryimage\"},\"thumbnailUrl\":\"https:\/\/www.ronboplastic.com\/wp-content\/uploads\/2024\/09\/1645605889779-ckt-.webp\",\"datePublished\":\"2024-09-05T19:29:58+00:00\",\"dateModified\":\"2026-05-09T09:07:50+00:00\",\"breadcrumb\":{\"@id\":\"https:\/\/www.ronboplastic.com\/product\/3-gallon-square-pots\/#breadcrumb\"},\"inLanguage\":\"es\",\"potentialAction\":[{\"@type\":\"ReadAction\",\"target\":[\"https:\/\/www.ronboplastic.com\/product\/3-gallon-square-pots\/\"]}]},{\"@type\":\"ImageObject\",\"inLanguage\":\"es\",\"@id\":\"https:\/\/www.ronboplastic.com\/product\/3-gallon-square-pots\/#primaryimage\",\"url\":\"https:\/\/www.ronboplastic.com\/wp-content\/uploads\/2024\/09\/1645605889779-ckt-.webp\",\"contentUrl\":\"https:\/\/www.ronboplastic.com\/wp-content\/uploads\/2024\/09\/1645605889779-ckt-.webp\",\"width\":1440,\"height\":1920},{\"@type\":\"BreadcrumbList\",\"@id\":\"https:\/\/www.ronboplastic.com\/product\/3-gallon-square-pots\/#breadcrumb\",\"itemListElement\":[{\"@type\":\"ListItem\",\"position\":1,\"name\":\"\u9996\u9875\",\"item\":\"https:\/\/www.ronboplastic.com\/\"},{\"@type\":\"ListItem\",\"position\":2,\"name\":\"Products\",\"item\":\"http:\/\/www.ronboplastic.com\/products\/\"},{\"@type\":\"ListItem\",\"position\":3,\"name\":\"3 Gallon Square Pots\"}]},{\"@type\":\"WebSite\",\"@id\":\"https:\/\/www.ronboplastic.com\/#website\",\"url\":\"https:\/\/www.ronboplastic.com\/\",\"name\":\"Ronbo Sunrise Pots &amp; Planters\",\"description\":\"Flower Pots &amp; Planters\",\"potentialAction\":[{\"@type\":\"SearchAction\",\"target\":{\"@type\":\"EntryPoint\",\"urlTemplate\":\"https:\/\/www.ronboplastic.com\/?s={search_term_string}\"},\"query-input\":{\"@type\":\"PropertyValueSpecification\",\"valueRequired\":true,\"valueName\":\"search_term_string\"}}],\"inLanguage\":\"es\"}]}<\/script>\n<!-- \/ Yoast SEO plugin. -->","yoast_head_json":{"title":"3 Gallon Square Pots - Ronbo Sunrise Pots &amp; Planters","robots":{"index":"index","follow":"follow","max-snippet":"max-snippet:-1","max-image-preview":"max-image-preview:large","max-video-preview":"max-video-preview:-1"},"canonical":"https:\/\/www.ronboplastic.com\/es\/producto\/macetas-cuadradas-de-3-galones\/","og_locale":"es_ES","og_type":"article","og_title":"3 Gallon Square Pots - Ronbo Sunrise Pots &amp; Planters","og_description":"Square 3 gallon plant pots provide more greater capacity for growing system. The plant pot made of 100% recycled PP resin that make materials recyclable and reduce environmental pollution The rim is a convenient grip spot when transporting your plant pots with hand or machine. Many drainage hole is provided for at the base of the pot that help the roots of plants to drain and breathe air.","og_url":"https:\/\/www.ronboplastic.com\/es\/producto\/macetas-cuadradas-de-3-galones\/","og_site_name":"Ronbo Sunrise Pots &amp; Planters","article_modified_time":"2026-05-09T09:07:50+00:00","og_image":[{"width":1440,"height":1920,"url":"https:\/\/www.ronboplastic.com\/wp-content\/uploads\/2024\/09\/1645605889779-ckt-.webp","type":"image\/webp"}],"twitter_card":"summary_large_image","twitter_misc":{"Tiempo de lectura":"1 minuto"},"schema":{"@context":"https:\/\/schema.org","@graph":[{"@type":"WebPage","@id":"https:\/\/www.ronboplastic.com\/product\/3-gallon-square-pots\/","url":"https:\/\/www.ronboplastic.com\/product\/3-gallon-square-pots\/","name":"3 Gallon Square Pots - Ronbo Sunrise Pots &amp; Planters","isPartOf":{"@id":"https:\/\/www.ronboplastic.com\/#website"},"primaryImageOfPage":{"@id":"https:\/\/www.ronboplastic.com\/product\/3-gallon-square-pots\/#primaryimage"},"image":{"@id":"https:\/\/www.ronboplastic.com\/product\/3-gallon-square-pots\/#primaryimage"},"thumbnailUrl":"https:\/\/www.ronboplastic.com\/wp-content\/uploads\/2024\/09\/1645605889779-ckt-.webp","datePublished":"2024-09-05T19:29:58+00:00","dateModified":"2026-05-09T09:07:50+00:00","breadcrumb":{"@id":"https:\/\/www.ronboplastic.com\/product\/3-gallon-square-pots\/#breadcrumb"},"inLanguage":"es","potentialAction":[{"@type":"ReadAction","target":["https:\/\/www.ronboplastic.com\/product\/3-gallon-square-pots\/"]}]},{"@type":"ImageObject","inLanguage":"es","@id":"https:\/\/www.ronboplastic.com\/product\/3-gallon-square-pots\/#primaryimage","url":"https:\/\/www.ronboplastic.com\/wp-content\/uploads\/2024\/09\/1645605889779-ckt-.webp","contentUrl":"https:\/\/www.ronboplastic.com\/wp-content\/uploads\/2024\/09\/1645605889779-ckt-.webp","width":1440,"height":1920},{"@type":"BreadcrumbList","@id":"https:\/\/www.ronboplastic.com\/product\/3-gallon-square-pots\/#breadcrumb","itemListElement":[{"@type":"ListItem","position":1,"name":"\u9996\u9875","item":"https:\/\/www.ronboplastic.com\/"},{"@type":"ListItem","position":2,"name":"Products","item":"http:\/\/www.ronboplastic.com\/products\/"},{"@type":"ListItem","position":3,"name":"3 Gallon Square Pots"}]},{"@type":"WebSite","@id":"https:\/\/www.ronboplastic.com\/#website","url":"https:\/\/www.ronboplastic.com\/","name":"Ronbo Sunrise Pots &amp; Planters","description":"Macetas y jardineras","potentialAction":[{"@type":"SearchAction","target":{"@type":"EntryPoint","urlTemplate":"https:\/\/www.ronboplastic.com\/?s={search_term_string}"},"query-input":{"@type":"PropertyValueSpecification","valueRequired":true,"valueName":"search_term_string"}}],"inLanguage":"es"}]}},"_links":{"self":[{"href":"https:\/\/www.ronboplastic.com\/es\/wp-json\/wp\/v2\/product\/8585","targetHints":{"allow":["GET"]}}],"collection":[{"href":"https:\/\/www.ronboplastic.com\/es\/wp-json\/wp\/v2\/product"}],"about":[{"href":"https:\/\/www.ronboplastic.com\/es\/wp-json\/wp\/v2\/types\/product"}],"replies":[{"embeddable":true,"href":"https:\/\/www.ronboplastic.com\/es\/wp-json\/wp\/v2\/comments?post=8585"}],"wp:featuredmedia":[{"embeddable":true,"href":"https:\/\/www.ronboplastic.com\/es\/wp-json\/wp\/v2\/media\/9547"}],"wp:attachment":[{"href":"https:\/\/www.ronboplastic.com\/es\/wp-json\/wp\/v2\/media?parent=8585"}],"wp:term":[{"taxonomy":"product_brand","embeddable":true,"href":"https:\/\/www.ronboplastic.com\/es\/wp-json\/wp\/v2\/product_brand?post=8585"},{"taxonomy":"product_cat","embeddable":true,"href":"https:\/\/www.ronboplastic.com\/es\/wp-json\/wp\/v2\/product_cat?post=8585"},{"taxonomy":"product_tag","embeddable":true,"href":"https:\/\/www.ronboplastic.com\/es\/wp-json\/wp\/v2\/product_tag?post=8585"}],"curies":[{"name":"wp","href":"https:\/\/api.w.org\/{rel}","templated":true}]}}