{"id":9567,"date":"2025-09-20T16:07:25","date_gmt":"2025-09-20T08:07:25","guid":{"rendered":"https:\/\/www.ronboplastic.com\/?page_id=9567"},"modified":"2025-09-20T16:07:25","modified_gmt":"2025-09-20T08:07:25","slug":"feria-de-canton-2024","status":"publish","type":"page","link":"https:\/\/www.ronboplastic.com\/es\/feria-de-canton-2024\/","title":{"rendered":"2024 Feria de Cant\u00f3n"},"content":{"rendered":"<p><img loading=\"lazy\" decoding=\"async\" class=\"alignnone size-full wp-image-9568\" src=\"https:\/\/www.ronboplastic.com\/wp-content\/uploads\/2025\/09\/111-4.webp\" alt=\"\" width=\"1024\" height=\"768\" srcset=\"https:\/\/www.ronboplastic.com\/wp-content\/uploads\/2025\/09\/111-4.webp 1024w, https:\/\/www.ronboplastic.com\/wp-content\/uploads\/2025\/09\/111-4-400x300.webp 400w\" sizes=\"auto, (max-width: 1024px) 100vw, 1024px\" \/><\/p>\n<p>Somos un fabricante l\u00edder de jardineras de pl\u00e1stico de alta calidad, dise\u00f1adas para satisfacer las necesidades de los mercados mundiales, especialmente en EE.UU. y Europa. Con nuestras propias instalaciones de producci\u00f3n y un equipo de I+D especializado, garantizamos dise\u00f1os innovadores y una calidad de producto excepcional para satisfacer los requisitos exclusivos de nuestros clientes.<\/p>\n<p>Recientemente, tuvimos el honor de participar en la Feria de Cant\u00f3n 2024, donde expusimos nuestros \u00faltimos productos. Nuestro equipo est\u00e1 encantado con la respuesta positiva de los asistentes y encantado de habernos ganado la confianza de muchos clientes nuevos. El \u00e9xito de esta exposici\u00f3n ha reforzado nuestra presencia en el mercado y se ha traducido en numerosos pedidos nuevos, lo que refuerza nuestro compromiso de ofrecer un valor excepcional.<\/p>\n<p>**<\/p>\n<p><img loading=\"lazy\" decoding=\"async\" class=\"alignnone size-full wp-image-9569\" src=\"https:\/\/www.ronboplastic.com\/wp-content\/uploads\/2025\/09\/WechatIMG2661-1.webp\" alt=\"\" width=\"377\" height=\"283\" \/> \u00a0<img loading=\"lazy\" decoding=\"async\" class=\"alignnone size-full wp-image-9570\" src=\"https:\/\/www.ronboplastic.com\/wp-content\/uploads\/2025\/09\/WechatIMG2691.webp\" alt=\"\" width=\"377\" height=\"283\" \/><\/p>\n<figure class=\"wp-block-gallery has-nested-images columns-default is-cropped wp-block-gallery-1 is-layout-flex wp-block-gallery-is-layout-flex\">\n<figure class=\"wp-block-image size-large\"><\/figure>\n<\/figure>\n<p>Tambi\u00e9n tuvimos el placer de capturar momentos memorables con nuestros clientes internacionales a trav\u00e9s de fotos de grupo, que simbolizaban no s\u00f3lo nuestras s\u00f3lidas asociaciones, sino tambi\u00e9n nuestro compromiso compartido con el crecimiento y la innovaci\u00f3n. Estas fotos representan la confianza y la compenetraci\u00f3n que hemos forjado con clientes de diversos mercados, y reflejan la fortaleza de nuestra red mundial. El contacto directo con nuestros clientes nos ha permitido comprender mejor sus preferencias y necesidades espec\u00edficas, lo que ha fomentado una relaci\u00f3n m\u00e1s estrecha y un entusiasmo compartido por nuestros productos. Estas interacciones significativas nos inspiran para mejorar continuamente nuestros dise\u00f1os y desarrollar soluciones que resuenen m\u00e1s all\u00e1 de las fronteras culturales y geogr\u00e1ficas, subrayando nuestra dedicaci\u00f3n a proporcionar productos que realmente satisfagan las necesidades de nuestra audiencia global.<\/p>","protected":false},"excerpt":{"rendered":"<p>Somos un fabricante l\u00edder de jardineras de pl\u00e1stico de alta calidad, dise\u00f1adas para satisfacer las necesidades de los mercados mundiales, especialmente en<\/p>","protected":false},"author":1,"featured_media":0,"parent":0,"menu_order":0,"comment_status":"closed","ping_status":"closed","template":"","meta":{"footnotes":""},"class_list":["post-9567","page","type-page","status-publish","hentry"],"yoast_head":"<!-- This site is optimized with the Yoast SEO plugin v26.1.1 - https:\/\/yoast.com\/wordpress\/plugins\/seo\/ -->\n<title>2024 Canton Fair - Ronbo Sunrise Pots &amp; Planters<\/title>\n<meta name=\"robots\" content=\"index, follow, max-snippet:-1, max-image-preview:large, max-video-preview:-1\" \/>\n<link rel=\"canonical\" href=\"https:\/\/www.ronboplastic.com\/es\/feria-de-canton-2024\/\" \/>\n<meta property=\"og:locale\" content=\"es_ES\" \/>\n<meta property=\"og:type\" content=\"article\" \/>\n<meta property=\"og:title\" content=\"2024 Canton Fair - Ronbo Sunrise Pots &amp; Planters\" \/>\n<meta property=\"og:description\" content=\"We are a leading manufacturer of high-quality plastic planters, designed to cater to the needs of global markets, especially in\" \/>\n<meta property=\"og:url\" content=\"https:\/\/www.ronboplastic.com\/es\/feria-de-canton-2024\/\" \/>\n<meta property=\"og:site_name\" content=\"Ronbo Sunrise Pots &amp; Planters\" \/>\n<meta property=\"og:image\" content=\"https:\/\/www.ronboplastic.com\/wp-content\/uploads\/2025\/09\/111-4.webp\" \/>\n<meta name=\"twitter:card\" content=\"summary_large_image\" \/>\n<meta name=\"twitter:label1\" content=\"Tiempo de lectura\" \/>\n\t<meta name=\"twitter:data1\" content=\"1 minuto\" \/>\n<script type=\"application\/ld+json\" class=\"yoast-schema-graph\">{\"@context\":\"https:\/\/schema.org\",\"@graph\":[{\"@type\":\"WebPage\",\"@id\":\"https:\/\/www.ronboplastic.com\/2024-canton-fair\/\",\"url\":\"https:\/\/www.ronboplastic.com\/2024-canton-fair\/\",\"name\":\"2024 Canton Fair - Ronbo Sunrise Pots &amp; Planters\",\"isPartOf\":{\"@id\":\"https:\/\/www.ronboplastic.com\/#website\"},\"primaryImageOfPage\":{\"@id\":\"https:\/\/www.ronboplastic.com\/2024-canton-fair\/#primaryimage\"},\"image\":{\"@id\":\"https:\/\/www.ronboplastic.com\/2024-canton-fair\/#primaryimage\"},\"thumbnailUrl\":\"https:\/\/www.ronboplastic.com\/wp-content\/uploads\/2025\/09\/111-4.webp\",\"datePublished\":\"2025-09-20T08:07:25+00:00\",\"breadcrumb\":{\"@id\":\"https:\/\/www.ronboplastic.com\/2024-canton-fair\/#breadcrumb\"},\"inLanguage\":\"es\",\"potentialAction\":[{\"@type\":\"ReadAction\",\"target\":[\"https:\/\/www.ronboplastic.com\/2024-canton-fair\/\"]}]},{\"@type\":\"ImageObject\",\"inLanguage\":\"es\",\"@id\":\"https:\/\/www.ronboplastic.com\/2024-canton-fair\/#primaryimage\",\"url\":\"https:\/\/www.ronboplastic.com\/wp-content\/uploads\/2025\/09\/111-4.webp\",\"contentUrl\":\"https:\/\/www.ronboplastic.com\/wp-content\/uploads\/2025\/09\/111-4.webp\"},{\"@type\":\"BreadcrumbList\",\"@id\":\"https:\/\/www.ronboplastic.com\/2024-canton-fair\/#breadcrumb\",\"itemListElement\":[{\"@type\":\"ListItem\",\"position\":1,\"name\":\"\u9996\u9875\",\"item\":\"https:\/\/www.ronboplastic.com\/\"},{\"@type\":\"ListItem\",\"position\":2,\"name\":\"2024 Canton Fair\"}]},{\"@type\":\"WebSite\",\"@id\":\"https:\/\/www.ronboplastic.com\/#website\",\"url\":\"https:\/\/www.ronboplastic.com\/\",\"name\":\"Ronbo Sunrise Pots &amp; Planters\",\"description\":\"Flower Pots &amp; Planters\",\"potentialAction\":[{\"@type\":\"SearchAction\",\"target\":{\"@type\":\"EntryPoint\",\"urlTemplate\":\"https:\/\/www.ronboplastic.com\/?s={search_term_string}\"},\"query-input\":{\"@type\":\"PropertyValueSpecification\",\"valueRequired\":true,\"valueName\":\"search_term_string\"}}],\"inLanguage\":\"es\"}]}<\/script>\n<!-- \/ Yoast SEO plugin. -->","yoast_head_json":{"title":"2024 Canton Fair - Ronbo Sunrise Pots &amp; Planters","robots":{"index":"index","follow":"follow","max-snippet":"max-snippet:-1","max-image-preview":"max-image-preview:large","max-video-preview":"max-video-preview:-1"},"canonical":"https:\/\/www.ronboplastic.com\/es\/feria-de-canton-2024\/","og_locale":"es_ES","og_type":"article","og_title":"2024 Canton Fair - Ronbo Sunrise Pots &amp; Planters","og_description":"We are a leading manufacturer of high-quality plastic planters, designed to cater to the needs of global markets, especially in","og_url":"https:\/\/www.ronboplastic.com\/es\/feria-de-canton-2024\/","og_site_name":"Ronbo Sunrise Pots &amp; Planters","og_image":[{"url":"https:\/\/www.ronboplastic.com\/wp-content\/uploads\/2025\/09\/111-4.webp","type":"","width":"","height":""}],"twitter_card":"summary_large_image","twitter_misc":{"Tiempo de lectura":"1 minuto"},"schema":{"@context":"https:\/\/schema.org","@graph":[{"@type":"WebPage","@id":"https:\/\/www.ronboplastic.com\/2024-canton-fair\/","url":"https:\/\/www.ronboplastic.com\/2024-canton-fair\/","name":"2024 Canton Fair - Ronbo Sunrise Pots &amp; Planters","isPartOf":{"@id":"https:\/\/www.ronboplastic.com\/#website"},"primaryImageOfPage":{"@id":"https:\/\/www.ronboplastic.com\/2024-canton-fair\/#primaryimage"},"image":{"@id":"https:\/\/www.ronboplastic.com\/2024-canton-fair\/#primaryimage"},"thumbnailUrl":"https:\/\/www.ronboplastic.com\/wp-content\/uploads\/2025\/09\/111-4.webp","datePublished":"2025-09-20T08:07:25+00:00","breadcrumb":{"@id":"https:\/\/www.ronboplastic.com\/2024-canton-fair\/#breadcrumb"},"inLanguage":"es","potentialAction":[{"@type":"ReadAction","target":["https:\/\/www.ronboplastic.com\/2024-canton-fair\/"]}]},{"@type":"ImageObject","inLanguage":"es","@id":"https:\/\/www.ronboplastic.com\/2024-canton-fair\/#primaryimage","url":"https:\/\/www.ronboplastic.com\/wp-content\/uploads\/2025\/09\/111-4.webp","contentUrl":"https:\/\/www.ronboplastic.com\/wp-content\/uploads\/2025\/09\/111-4.webp"},{"@type":"BreadcrumbList","@id":"https:\/\/www.ronboplastic.com\/2024-canton-fair\/#breadcrumb","itemListElement":[{"@type":"ListItem","position":1,"name":"\u9996\u9875","item":"https:\/\/www.ronboplastic.com\/"},{"@type":"ListItem","position":2,"name":"2024 Canton Fair"}]},{"@type":"WebSite","@id":"https:\/\/www.ronboplastic.com\/#website","url":"https:\/\/www.ronboplastic.com\/","name":"Ronbo Sunrise Pots &amp; Planters","description":"Macetas y jardineras","potentialAction":[{"@type":"SearchAction","target":{"@type":"EntryPoint","urlTemplate":"https:\/\/www.ronboplastic.com\/?s={search_term_string}"},"query-input":{"@type":"PropertyValueSpecification","valueRequired":true,"valueName":"search_term_string"}}],"inLanguage":"es"}]}},"_links":{"self":[{"href":"https:\/\/www.ronboplastic.com\/es\/wp-json\/wp\/v2\/pages\/9567","targetHints":{"allow":["GET"]}}],"collection":[{"href":"https:\/\/www.ronboplastic.com\/es\/wp-json\/wp\/v2\/pages"}],"about":[{"href":"https:\/\/www.ronboplastic.com\/es\/wp-json\/wp\/v2\/types\/page"}],"author":[{"embeddable":true,"href":"https:\/\/www.ronboplastic.com\/es\/wp-json\/wp\/v2\/users\/1"}],"replies":[{"embeddable":true,"href":"https:\/\/www.ronboplastic.com\/es\/wp-json\/wp\/v2\/comments?post=9567"}],"version-history":[{"count":1,"href":"https:\/\/www.ronboplastic.com\/es\/wp-json\/wp\/v2\/pages\/9567\/revisions"}],"predecessor-version":[{"id":9571,"href":"https:\/\/www.ronboplastic.com\/es\/wp-json\/wp\/v2\/pages\/9567\/revisions\/9571"}],"wp:attachment":[{"href":"https:\/\/www.ronboplastic.com\/es\/wp-json\/wp\/v2\/media?parent=9567"}],"curies":[{"name":"wp","href":"https:\/\/api.w.org\/{rel}","templated":true}]}}