{"id":9400,"date":"2024-10-31T06:19:52","date_gmt":"2024-10-30T22:19:52","guid":{"rendered":"https:\/\/www.ronboplastic.com\/index.php\/product\/plastic-plant-pots-indoor-outdoor-gardening\/"},"modified":"2025-09-08T14:21:01","modified_gmt":"2025-09-08T06:21:01","slug":"vasos-de-plastico-para-plantas-jardinagem-interior-e-exterior","status":"publish","type":"product","link":"http:\/\/www.ronboplastic.com\/pt\/produto\/vasos-de-plastico-para-plantas-jardinagem-interior-e-exterior\/","title":{"rendered":"Vasos de pl\u00e1stico para plantas Jardinagem interior e exterior"},"content":{"rendered":"<p><strong>Meta-descri\u00e7\u00e3o:<\/strong><br \/>\nVasos de pl\u00e1stico para plantas de alta qualidade e duradouros, concebidos para todas as necessidades de jardinagem no interior e no exterior. Leves, elegantes e resistentes \u00e0s intemp\u00e9ries.<\/p>\n<p><strong>Vis\u00e3o geral do produto:<\/strong><br \/>\nOs nossos vasos de pl\u00e1stico para plantas oferecem uma solu\u00e7\u00e3o duradoura e elegante para a jardinagem interior e exterior. Estes vasos s\u00e3o fabricados a partir de materiais resistentes \u00e0s intemp\u00e9ries, assegurando que podem suportar as condi\u00e7\u00f5es exteriores enquanto melhoram a decora\u00e7\u00e3o da sua casa. Perfeitos para os amantes de plantas que pretendem um equil\u00edbrio entre estilo, sustentabilidade e funcionalidade nos seus recipientes de jardim.<\/p>\n<p><strong>Carater\u00edsticas principais:<\/strong><\/p>\n<ul>\n<li><strong>Pl\u00e1stico resistente \u00e0s intemp\u00e9ries<\/strong>: Constru\u00eddo para suportar o sol, a chuva e o frio para uma utiliza\u00e7\u00e3o duradoura.<\/li>\n<li><strong>Design leve<\/strong>: F\u00e1cil de reorganizar, ideal para espa\u00e7os interiores e exteriores.<\/li>\n<li><strong>Elegante e pr\u00e1tico<\/strong>: Completa a decora\u00e7\u00e3o da casa e a est\u00e9tica do jardim.<\/li>\n<li><strong>Dispon\u00edvel em v\u00e1rios tamanhos<\/strong>: Perfeito para plantas pequenas e arbustos maiores.<\/li>\n<\/ul>\n<p><strong>Especifica\u00e7\u00f5es:<\/strong><\/p>\n<ul>\n<li><strong>Material<\/strong>: Pl\u00e1stico dur\u00e1vel adequado para todas as esta\u00e7\u00f5es<\/li>\n<li><strong>Tamanhos<\/strong>: Pequeno, M\u00e9dio, Grande<\/li>\n<li><strong>Cores<\/strong>: Preto, branco, verde e op\u00e7\u00f5es personalizadas<\/li>\n<li><strong>Utiliza\u00e7\u00e3o<\/strong>: Para ambientes interiores e exteriores<\/li>\n<\/ul>\n<p><strong>Palavras-chave SEO:<\/strong><br \/>\nvasos para plantas duradouros, vasos de pl\u00e1stico para jardim, recipientes para jardinagem interior e exterior, vasos para flores resistentes \u00e0s intemp\u00e9ries, recipientes para plantas com estilo<\/p>","protected":false},"excerpt":{"rendered":"<p>Vasos para plantas em pl\u00e1stico dur\u00e1vel para vasos de jardinagem interiores e exteriores com estilo Vasos para plantas Fornecedor grossista<\/p>","protected":false},"featured_media":9401,"comment_status":"open","ping_status":"open","template":"","meta":[],"product_brand":[],"product_cat":[80],"product_tag":[98,99],"class_list":{"0":"post-9400","1":"product","2":"type-product","3":"status-publish","4":"has-post-thumbnail","6":"product_cat-decorative-potsampplanters","7":"product_tag-plastic-flower-pots","8":"product_tag-plant-pots","10":"first","11":"instock","12":"shipping-taxable","13":"product-type-simple"},"yoast_head":"<!-- This site is optimized with the Yoast SEO plugin v26.1.1 - https:\/\/yoast.com\/wordpress\/plugins\/seo\/ -->\n<title>Plastic Plant Pots Indoor Outdoor Gardening - Ronbo Sunrise Pots &amp; Planters<\/title>\n<meta name=\"robots\" content=\"index, follow, max-snippet:-1, max-image-preview:large, max-video-preview:-1\" \/>\n<link rel=\"canonical\" href=\"https:\/\/www.ronboplastic.com\/pt\/produto\/vasos-de-plastico-para-plantas-jardinagem-interior-e-exterior\/\" \/>\n<meta property=\"og:locale\" content=\"pt_PT\" \/>\n<meta property=\"og:type\" content=\"article\" \/>\n<meta property=\"og:title\" content=\"Plastic Plant Pots Indoor Outdoor Gardening - Ronbo Sunrise Pots &amp; Planters\" \/>\n<meta property=\"og:description\" content=\"Durable Plastic Plant Pots for Stylish Indoor and Outdoor Gardening Pots Planters Wholesale Supplier\" \/>\n<meta property=\"og:url\" content=\"https:\/\/www.ronboplastic.com\/pt\/produto\/vasos-de-plastico-para-plantas-jardinagem-interior-e-exterior\/\" \/>\n<meta property=\"og:site_name\" content=\"Ronbo Sunrise Pots &amp; Planters\" \/>\n<meta property=\"article:modified_time\" content=\"2025-09-08T06:21:01+00:00\" \/>\n<meta property=\"og:image\" content=\"https:\/\/www.ronboplastic.com\/wp-content\/uploads\/2025\/09\/1-2-2.jpg\" \/>\n\t<meta property=\"og:image:width\" content=\"800\" \/>\n\t<meta property=\"og:image:height\" content=\"800\" \/>\n\t<meta property=\"og:image:type\" content=\"image\/jpeg\" \/>\n<meta name=\"twitter:card\" content=\"summary_large_image\" \/>\n<meta name=\"twitter:label1\" content=\"Tempo estimado de leitura\" \/>\n\t<meta name=\"twitter:data1\" content=\"1 minuto\" \/>\n<script type=\"application\/ld+json\" class=\"yoast-schema-graph\">{\"@context\":\"https:\/\/schema.org\",\"@graph\":[{\"@type\":\"WebPage\",\"@id\":\"https:\/\/www.ronboplastic.com\/ru\/%d0%bf%d1%80%d0%be%d0%b4%d1%83%d0%ba%d1%82\/plastic-plant-pots-indoor-outdoor-gardening\/\",\"url\":\"https:\/\/www.ronboplastic.com\/ru\/%d0%bf%d1%80%d0%be%d0%b4%d1%83%d0%ba%d1%82\/plastic-plant-pots-indoor-outdoor-gardening\/\",\"name\":\"Plastic Plant Pots Indoor Outdoor Gardening - Ronbo Sunrise Pots &amp; Planters\",\"isPartOf\":{\"@id\":\"https:\/\/www.ronboplastic.com\/#website\"},\"primaryImageOfPage\":{\"@id\":\"https:\/\/www.ronboplastic.com\/ru\/%d0%bf%d1%80%d0%be%d0%b4%d1%83%d0%ba%d1%82\/plastic-plant-pots-indoor-outdoor-gardening\/#primaryimage\"},\"image\":{\"@id\":\"https:\/\/www.ronboplastic.com\/ru\/%d0%bf%d1%80%d0%be%d0%b4%d1%83%d0%ba%d1%82\/plastic-plant-pots-indoor-outdoor-gardening\/#primaryimage\"},\"thumbnailUrl\":\"https:\/\/www.ronboplastic.com\/wp-content\/uploads\/2025\/09\/1-2-2.jpg\",\"datePublished\":\"2024-10-30T22:19:52+00:00\",\"dateModified\":\"2025-09-08T06:21:01+00:00\",\"breadcrumb\":{\"@id\":\"https:\/\/www.ronboplastic.com\/ru\/%d0%bf%d1%80%d0%be%d0%b4%d1%83%d0%ba%d1%82\/plastic-plant-pots-indoor-outdoor-gardening\/#breadcrumb\"},\"inLanguage\":\"pt-PT\",\"potentialAction\":[{\"@type\":\"ReadAction\",\"target\":[\"https:\/\/www.ronboplastic.com\/ru\/%d0%bf%d1%80%d0%be%d0%b4%d1%83%d0%ba%d1%82\/plastic-plant-pots-indoor-outdoor-gardening\/\"]}]},{\"@type\":\"ImageObject\",\"inLanguage\":\"pt-PT\",\"@id\":\"https:\/\/www.ronboplastic.com\/ru\/%d0%bf%d1%80%d0%be%d0%b4%d1%83%d0%ba%d1%82\/plastic-plant-pots-indoor-outdoor-gardening\/#primaryimage\",\"url\":\"https:\/\/www.ronboplastic.com\/wp-content\/uploads\/2025\/09\/1-2-2.jpg\",\"contentUrl\":\"https:\/\/www.ronboplastic.com\/wp-content\/uploads\/2025\/09\/1-2-2.jpg\",\"width\":800,\"height\":800,\"caption\":\"flower pots for garden\"},{\"@type\":\"BreadcrumbList\",\"@id\":\"https:\/\/www.ronboplastic.com\/ru\/%d0%bf%d1%80%d0%be%d0%b4%d1%83%d0%ba%d1%82\/plastic-plant-pots-indoor-outdoor-gardening\/#breadcrumb\",\"itemListElement\":[{\"@type\":\"ListItem\",\"position\":1,\"name\":\"\u9996\u9875\",\"item\":\"https:\/\/www.ronboplastic.com\/\"},{\"@type\":\"ListItem\",\"position\":2,\"name\":\"Products\",\"item\":\"http:\/\/www.ronboplastic.com\/products\/\"},{\"@type\":\"ListItem\",\"position\":3,\"name\":\"Plastic Plant Pots Indoor Outdoor Gardening\"}]},{\"@type\":\"WebSite\",\"@id\":\"https:\/\/www.ronboplastic.com\/#website\",\"url\":\"https:\/\/www.ronboplastic.com\/\",\"name\":\"Ronbo Sunrise Pots &amp; Planters\",\"description\":\"Flower Pots &amp; Planters\",\"potentialAction\":[{\"@type\":\"SearchAction\",\"target\":{\"@type\":\"EntryPoint\",\"urlTemplate\":\"https:\/\/www.ronboplastic.com\/?s={search_term_string}\"},\"query-input\":{\"@type\":\"PropertyValueSpecification\",\"valueRequired\":true,\"valueName\":\"search_term_string\"}}],\"inLanguage\":\"pt-PT\"}]}<\/script>\n<!-- \/ Yoast SEO plugin. -->","yoast_head_json":{"title":"Plastic Plant Pots Indoor Outdoor Gardening - Ronbo Sunrise Pots &amp; Planters","robots":{"index":"index","follow":"follow","max-snippet":"max-snippet:-1","max-image-preview":"max-image-preview:large","max-video-preview":"max-video-preview:-1"},"canonical":"https:\/\/www.ronboplastic.com\/pt\/produto\/vasos-de-plastico-para-plantas-jardinagem-interior-e-exterior\/","og_locale":"pt_PT","og_type":"article","og_title":"Plastic Plant Pots Indoor Outdoor Gardening - Ronbo Sunrise Pots &amp; Planters","og_description":"Durable Plastic Plant Pots for Stylish Indoor and Outdoor Gardening Pots Planters Wholesale Supplier","og_url":"https:\/\/www.ronboplastic.com\/pt\/produto\/vasos-de-plastico-para-plantas-jardinagem-interior-e-exterior\/","og_site_name":"Ronbo Sunrise Pots &amp; Planters","article_modified_time":"2025-09-08T06:21:01+00:00","og_image":[{"width":800,"height":800,"url":"https:\/\/www.ronboplastic.com\/wp-content\/uploads\/2025\/09\/1-2-2.jpg","type":"image\/jpeg"}],"twitter_card":"summary_large_image","twitter_misc":{"Tempo estimado de leitura":"1 minuto"},"schema":{"@context":"https:\/\/schema.org","@graph":[{"@type":"WebPage","@id":"https:\/\/www.ronboplastic.com\/ru\/%d0%bf%d1%80%d0%be%d0%b4%d1%83%d0%ba%d1%82\/plastic-plant-pots-indoor-outdoor-gardening\/","url":"https:\/\/www.ronboplastic.com\/ru\/%d0%bf%d1%80%d0%be%d0%b4%d1%83%d0%ba%d1%82\/plastic-plant-pots-indoor-outdoor-gardening\/","name":"Plastic Plant Pots Indoor Outdoor Gardening - Ronbo Sunrise Pots &amp; Planters","isPartOf":{"@id":"https:\/\/www.ronboplastic.com\/#website"},"primaryImageOfPage":{"@id":"https:\/\/www.ronboplastic.com\/ru\/%d0%bf%d1%80%d0%be%d0%b4%d1%83%d0%ba%d1%82\/plastic-plant-pots-indoor-outdoor-gardening\/#primaryimage"},"image":{"@id":"https:\/\/www.ronboplastic.com\/ru\/%d0%bf%d1%80%d0%be%d0%b4%d1%83%d0%ba%d1%82\/plastic-plant-pots-indoor-outdoor-gardening\/#primaryimage"},"thumbnailUrl":"https:\/\/www.ronboplastic.com\/wp-content\/uploads\/2025\/09\/1-2-2.jpg","datePublished":"2024-10-30T22:19:52+00:00","dateModified":"2025-09-08T06:21:01+00:00","breadcrumb":{"@id":"https:\/\/www.ronboplastic.com\/ru\/%d0%bf%d1%80%d0%be%d0%b4%d1%83%d0%ba%d1%82\/plastic-plant-pots-indoor-outdoor-gardening\/#breadcrumb"},"inLanguage":"pt-PT","potentialAction":[{"@type":"ReadAction","target":["https:\/\/www.ronboplastic.com\/ru\/%d0%bf%d1%80%d0%be%d0%b4%d1%83%d0%ba%d1%82\/plastic-plant-pots-indoor-outdoor-gardening\/"]}]},{"@type":"ImageObject","inLanguage":"pt-PT","@id":"https:\/\/www.ronboplastic.com\/ru\/%d0%bf%d1%80%d0%be%d0%b4%d1%83%d0%ba%d1%82\/plastic-plant-pots-indoor-outdoor-gardening\/#primaryimage","url":"https:\/\/www.ronboplastic.com\/wp-content\/uploads\/2025\/09\/1-2-2.jpg","contentUrl":"https:\/\/www.ronboplastic.com\/wp-content\/uploads\/2025\/09\/1-2-2.jpg","width":800,"height":800,"caption":"flower pots for garden"},{"@type":"BreadcrumbList","@id":"https:\/\/www.ronboplastic.com\/ru\/%d0%bf%d1%80%d0%be%d0%b4%d1%83%d0%ba%d1%82\/plastic-plant-pots-indoor-outdoor-gardening\/#breadcrumb","itemListElement":[{"@type":"ListItem","position":1,"name":"\u9996\u9875","item":"https:\/\/www.ronboplastic.com\/"},{"@type":"ListItem","position":2,"name":"Products","item":"http:\/\/www.ronboplastic.com\/products\/"},{"@type":"ListItem","position":3,"name":"Plastic Plant Pots Indoor Outdoor Gardening"}]},{"@type":"WebSite","@id":"https:\/\/www.ronboplastic.com\/#website","url":"https:\/\/www.ronboplastic.com\/","name":"Ronbo Sunrise Pots &amp; Planters","description":"Vasos de flores e jardineiras","potentialAction":[{"@type":"SearchAction","target":{"@type":"EntryPoint","urlTemplate":"https:\/\/www.ronboplastic.com\/?s={search_term_string}"},"query-input":{"@type":"PropertyValueSpecification","valueRequired":true,"valueName":"search_term_string"}}],"inLanguage":"pt-PT"}]}},"_links":{"self":[{"href":"http:\/\/www.ronboplastic.com\/pt\/wp-json\/wp\/v2\/product\/9400","targetHints":{"allow":["GET"]}}],"collection":[{"href":"http:\/\/www.ronboplastic.com\/pt\/wp-json\/wp\/v2\/product"}],"about":[{"href":"http:\/\/www.ronboplastic.com\/pt\/wp-json\/wp\/v2\/types\/product"}],"replies":[{"embeddable":true,"href":"http:\/\/www.ronboplastic.com\/pt\/wp-json\/wp\/v2\/comments?post=9400"}],"wp:featuredmedia":[{"embeddable":true,"href":"http:\/\/www.ronboplastic.com\/pt\/wp-json\/wp\/v2\/media\/9401"}],"wp:attachment":[{"href":"http:\/\/www.ronboplastic.com\/pt\/wp-json\/wp\/v2\/media?parent=9400"}],"wp:term":[{"taxonomy":"product_brand","embeddable":true,"href":"http:\/\/www.ronboplastic.com\/pt\/wp-json\/wp\/v2\/product_brand?post=9400"},{"taxonomy":"product_cat","embeddable":true,"href":"http:\/\/www.ronboplastic.com\/pt\/wp-json\/wp\/v2\/product_cat?post=9400"},{"taxonomy":"product_tag","embeddable":true,"href":"http:\/\/www.ronboplastic.com\/pt\/wp-json\/wp\/v2\/product_tag?post=9400"}],"curies":[{"name":"wp","href":"https:\/\/api.w.org\/{rel}","templated":true}]}}