{"id":9391,"date":"2024-10-29T07:38:53","date_gmt":"2024-10-28T23:38:53","guid":{"rendered":"https:\/\/www.ronboplastic.com\/index.php\/product\/plastic-flower-pots-for-indoor-outdoor-spaces\/"},"modified":"2025-09-08T14:20:52","modified_gmt":"2025-09-08T06:20:52","slug":"vasos-de-flores-de-plastico-para-espacos-interiores-e-exteriores","status":"publish","type":"product","link":"http:\/\/www.ronboplastic.com\/pt\/produto\/vasos-de-flores-de-plastico-para-espacos-interiores-e-exteriores\/","title":{"rendered":"Vasos de pl\u00e1stico para flores para espa\u00e7os interiores e exteriores"},"content":{"rendered":"<p>Os nossos vasos de pl\u00e1stico para flores combinam durabilidade e estilo para todas as suas necessidades de planta\u00e7\u00e3o. Fabricados com materiais recicl\u00e1veis de alta qualidade, s\u00e3o leves, robustos e resistentes ao desbotamento e \u00e0s fissuras. Dispon\u00edveis em v\u00e1rios tamanhos e designs modernos, estes vasos s\u00e3o perfeitos para dar um toque de verde a casas, escrit\u00f3rios e espa\u00e7os exteriores. Eleve a sua experi\u00eancia de jardinagem com vasos que s\u00e3o f\u00e1ceis de mover, manusear e que complementam qualquer planta de forma bonita. Concebidos para um desempenho duradouro, os nossos vasos de pl\u00e1stico para flores oferecem uma eleg\u00e2ncia pr\u00e1tica para todos os entusiastas do jardim.<\/p>\n<p><strong>Palavras-chave:<\/strong> vasos de pl\u00e1stico ecol\u00f3gicos, vasos de flores para interior, vasos de pl\u00e1stico para exterior, vasos de jardim sustent\u00e1veis, design moderno<\/p>","protected":false},"excerpt":{"rendered":"<p>Os nossos vasos de pl\u00e1stico para flores combinam durabilidade e estilo para todas as suas necessidades de planta\u00e7\u00e3o. Fabricados com materiais recicl\u00e1veis de alta qualidade, s\u00e3o leves,<\/p>","protected":false},"featured_media":9392,"comment_status":"open","ping_status":"open","template":"","meta":[],"product_brand":[],"product_cat":[80],"product_tag":[103,104],"class_list":{"0":"post-9391","1":"product","2":"type-product","3":"status-publish","4":"has-post-thumbnail","6":"product_cat-decorative-potsampplanters","7":"product_tag-decorative-planters","8":"product_tag-e","10":"first","11":"instock","12":"shipping-taxable","13":"product-type-simple"},"yoast_head":"<!-- This site is optimized with the Yoast SEO plugin v26.1.1 - https:\/\/yoast.com\/wordpress\/plugins\/seo\/ -->\n<title>Plastic Flower Pots for Indoor &amp; Outdoor Spaces - Ronbo Sunrise Pots &amp; Planters<\/title>\n<meta name=\"robots\" content=\"index, follow, max-snippet:-1, max-image-preview:large, max-video-preview:-1\" \/>\n<link rel=\"canonical\" href=\"http:\/\/www.ronboplastic.com\/pt\/produto\/vasos-de-flores-de-plastico-para-espacos-interiores-e-exteriores\/\" \/>\n<meta property=\"og:locale\" content=\"pt_PT\" \/>\n<meta property=\"og:type\" content=\"article\" \/>\n<meta property=\"og:title\" content=\"Plastic Flower Pots for Indoor &amp; Outdoor Spaces - Ronbo Sunrise Pots &amp; Planters\" \/>\n<meta property=\"og:description\" content=\"Our plastic flower pots combine durability and style for all your planting needs. Made from high-quality, recyclable materials, they\u2019re lightweight,\" \/>\n<meta property=\"og:url\" content=\"http:\/\/www.ronboplastic.com\/pt\/produto\/vasos-de-flores-de-plastico-para-espacos-interiores-e-exteriores\/\" \/>\n<meta property=\"og:site_name\" content=\"Ronbo Sunrise Pots &amp; Planters\" \/>\n<meta property=\"article:modified_time\" content=\"2025-09-08T06:20:52+00:00\" \/>\n<meta property=\"og:image\" content=\"https:\/\/www.ronboplastic.com\/wp-content\/uploads\/2025\/09\/1-2-2.png\" \/>\n\t<meta property=\"og:image:width\" content=\"421\" \/>\n\t<meta property=\"og:image:height\" content=\"316\" \/>\n\t<meta property=\"og:image:type\" content=\"image\/png\" \/>\n<meta name=\"twitter:card\" content=\"summary_large_image\" \/>\n<script type=\"application\/ld+json\" class=\"yoast-schema-graph\">{\"@context\":\"https:\/\/schema.org\",\"@graph\":[{\"@type\":\"WebPage\",\"@id\":\"http:\/\/www.ronboplastic.com\/ru\/%d0%bf%d1%80%d0%be%d0%b4%d1%83%d0%ba%d1%82\/plastic-flower-pots-for-indoor-outdoor-spaces\/\",\"url\":\"http:\/\/www.ronboplastic.com\/ru\/%d0%bf%d1%80%d0%be%d0%b4%d1%83%d0%ba%d1%82\/plastic-flower-pots-for-indoor-outdoor-spaces\/\",\"name\":\"Plastic Flower Pots for Indoor & Outdoor Spaces - Ronbo Sunrise Pots &amp; Planters\",\"isPartOf\":{\"@id\":\"https:\/\/www.ronboplastic.com\/#website\"},\"primaryImageOfPage\":{\"@id\":\"http:\/\/www.ronboplastic.com\/ru\/%d0%bf%d1%80%d0%be%d0%b4%d1%83%d0%ba%d1%82\/plastic-flower-pots-for-indoor-outdoor-spaces\/#primaryimage\"},\"image\":{\"@id\":\"http:\/\/www.ronboplastic.com\/ru\/%d0%bf%d1%80%d0%be%d0%b4%d1%83%d0%ba%d1%82\/plastic-flower-pots-for-indoor-outdoor-spaces\/#primaryimage\"},\"thumbnailUrl\":\"https:\/\/www.ronboplastic.com\/wp-content\/uploads\/2025\/09\/1-2-2.png\",\"datePublished\":\"2024-10-28T23:38:53+00:00\",\"dateModified\":\"2025-09-08T06:20:52+00:00\",\"breadcrumb\":{\"@id\":\"http:\/\/www.ronboplastic.com\/ru\/%d0%bf%d1%80%d0%be%d0%b4%d1%83%d0%ba%d1%82\/plastic-flower-pots-for-indoor-outdoor-spaces\/#breadcrumb\"},\"inLanguage\":\"pt-PT\",\"potentialAction\":[{\"@type\":\"ReadAction\",\"target\":[\"http:\/\/www.ronboplastic.com\/ru\/%d0%bf%d1%80%d0%be%d0%b4%d1%83%d0%ba%d1%82\/plastic-flower-pots-for-indoor-outdoor-spaces\/\"]}]},{\"@type\":\"ImageObject\",\"inLanguage\":\"pt-PT\",\"@id\":\"http:\/\/www.ronboplastic.com\/ru\/%d0%bf%d1%80%d0%be%d0%b4%d1%83%d0%ba%d1%82\/plastic-flower-pots-for-indoor-outdoor-spaces\/#primaryimage\",\"url\":\"https:\/\/www.ronboplastic.com\/wp-content\/uploads\/2025\/09\/1-2-2.png\",\"contentUrl\":\"https:\/\/www.ronboplastic.com\/wp-content\/uploads\/2025\/09\/1-2-2.png\",\"width\":421,\"height\":316,\"caption\":\"plastic planters\"},{\"@type\":\"BreadcrumbList\",\"@id\":\"http:\/\/www.ronboplastic.com\/ru\/%d0%bf%d1%80%d0%be%d0%b4%d1%83%d0%ba%d1%82\/plastic-flower-pots-for-indoor-outdoor-spaces\/#breadcrumb\",\"itemListElement\":[{\"@type\":\"ListItem\",\"position\":1,\"name\":\"\u9996\u9875\",\"item\":\"https:\/\/www.ronboplastic.com\/\"},{\"@type\":\"ListItem\",\"position\":2,\"name\":\"Products\",\"item\":\"http:\/\/www.ronboplastic.com\/products\/\"},{\"@type\":\"ListItem\",\"position\":3,\"name\":\"Plastic Flower Pots for Indoor &#038; Outdoor Spaces\"}]},{\"@type\":\"WebSite\",\"@id\":\"https:\/\/www.ronboplastic.com\/#website\",\"url\":\"https:\/\/www.ronboplastic.com\/\",\"name\":\"Ronbo Sunrise Pots &amp; Planters\",\"description\":\"Flower Pots &amp; Planters\",\"potentialAction\":[{\"@type\":\"SearchAction\",\"target\":{\"@type\":\"EntryPoint\",\"urlTemplate\":\"https:\/\/www.ronboplastic.com\/?s={search_term_string}\"},\"query-input\":{\"@type\":\"PropertyValueSpecification\",\"valueRequired\":true,\"valueName\":\"search_term_string\"}}],\"inLanguage\":\"pt-PT\"}]}<\/script>\n<!-- \/ Yoast SEO plugin. -->","yoast_head_json":{"title":"Plastic Flower Pots for Indoor & Outdoor Spaces - Ronbo Sunrise Pots &amp; Planters","robots":{"index":"index","follow":"follow","max-snippet":"max-snippet:-1","max-image-preview":"max-image-preview:large","max-video-preview":"max-video-preview:-1"},"canonical":"http:\/\/www.ronboplastic.com\/pt\/produto\/vasos-de-flores-de-plastico-para-espacos-interiores-e-exteriores\/","og_locale":"pt_PT","og_type":"article","og_title":"Plastic Flower Pots for Indoor & Outdoor Spaces - Ronbo Sunrise Pots &amp; Planters","og_description":"Our plastic flower pots combine durability and style for all your planting needs. Made from high-quality, recyclable materials, they\u2019re lightweight,","og_url":"http:\/\/www.ronboplastic.com\/pt\/produto\/vasos-de-flores-de-plastico-para-espacos-interiores-e-exteriores\/","og_site_name":"Ronbo Sunrise Pots &amp; Planters","article_modified_time":"2025-09-08T06:20:52+00:00","og_image":[{"width":421,"height":316,"url":"https:\/\/www.ronboplastic.com\/wp-content\/uploads\/2025\/09\/1-2-2.png","type":"image\/png"}],"twitter_card":"summary_large_image","schema":{"@context":"https:\/\/schema.org","@graph":[{"@type":"WebPage","@id":"http:\/\/www.ronboplastic.com\/ru\/%d0%bf%d1%80%d0%be%d0%b4%d1%83%d0%ba%d1%82\/plastic-flower-pots-for-indoor-outdoor-spaces\/","url":"http:\/\/www.ronboplastic.com\/ru\/%d0%bf%d1%80%d0%be%d0%b4%d1%83%d0%ba%d1%82\/plastic-flower-pots-for-indoor-outdoor-spaces\/","name":"Plastic Flower Pots for Indoor & Outdoor Spaces - Ronbo Sunrise Pots &amp; Planters","isPartOf":{"@id":"https:\/\/www.ronboplastic.com\/#website"},"primaryImageOfPage":{"@id":"http:\/\/www.ronboplastic.com\/ru\/%d0%bf%d1%80%d0%be%d0%b4%d1%83%d0%ba%d1%82\/plastic-flower-pots-for-indoor-outdoor-spaces\/#primaryimage"},"image":{"@id":"http:\/\/www.ronboplastic.com\/ru\/%d0%bf%d1%80%d0%be%d0%b4%d1%83%d0%ba%d1%82\/plastic-flower-pots-for-indoor-outdoor-spaces\/#primaryimage"},"thumbnailUrl":"https:\/\/www.ronboplastic.com\/wp-content\/uploads\/2025\/09\/1-2-2.png","datePublished":"2024-10-28T23:38:53+00:00","dateModified":"2025-09-08T06:20:52+00:00","breadcrumb":{"@id":"http:\/\/www.ronboplastic.com\/ru\/%d0%bf%d1%80%d0%be%d0%b4%d1%83%d0%ba%d1%82\/plastic-flower-pots-for-indoor-outdoor-spaces\/#breadcrumb"},"inLanguage":"pt-PT","potentialAction":[{"@type":"ReadAction","target":["http:\/\/www.ronboplastic.com\/ru\/%d0%bf%d1%80%d0%be%d0%b4%d1%83%d0%ba%d1%82\/plastic-flower-pots-for-indoor-outdoor-spaces\/"]}]},{"@type":"ImageObject","inLanguage":"pt-PT","@id":"http:\/\/www.ronboplastic.com\/ru\/%d0%bf%d1%80%d0%be%d0%b4%d1%83%d0%ba%d1%82\/plastic-flower-pots-for-indoor-outdoor-spaces\/#primaryimage","url":"https:\/\/www.ronboplastic.com\/wp-content\/uploads\/2025\/09\/1-2-2.png","contentUrl":"https:\/\/www.ronboplastic.com\/wp-content\/uploads\/2025\/09\/1-2-2.png","width":421,"height":316,"caption":"plastic planters"},{"@type":"BreadcrumbList","@id":"http:\/\/www.ronboplastic.com\/ru\/%d0%bf%d1%80%d0%be%d0%b4%d1%83%d0%ba%d1%82\/plastic-flower-pots-for-indoor-outdoor-spaces\/#breadcrumb","itemListElement":[{"@type":"ListItem","position":1,"name":"\u9996\u9875","item":"https:\/\/www.ronboplastic.com\/"},{"@type":"ListItem","position":2,"name":"Products","item":"http:\/\/www.ronboplastic.com\/products\/"},{"@type":"ListItem","position":3,"name":"Plastic Flower Pots for Indoor &#038; Outdoor Spaces"}]},{"@type":"WebSite","@id":"https:\/\/www.ronboplastic.com\/#website","url":"https:\/\/www.ronboplastic.com\/","name":"Ronbo Sunrise Pots &amp; Planters","description":"Vasos de flores e jardineiras","potentialAction":[{"@type":"SearchAction","target":{"@type":"EntryPoint","urlTemplate":"https:\/\/www.ronboplastic.com\/?s={search_term_string}"},"query-input":{"@type":"PropertyValueSpecification","valueRequired":true,"valueName":"search_term_string"}}],"inLanguage":"pt-PT"}]}},"_links":{"self":[{"href":"http:\/\/www.ronboplastic.com\/pt\/wp-json\/wp\/v2\/product\/9391","targetHints":{"allow":["GET"]}}],"collection":[{"href":"http:\/\/www.ronboplastic.com\/pt\/wp-json\/wp\/v2\/product"}],"about":[{"href":"http:\/\/www.ronboplastic.com\/pt\/wp-json\/wp\/v2\/types\/product"}],"replies":[{"embeddable":true,"href":"http:\/\/www.ronboplastic.com\/pt\/wp-json\/wp\/v2\/comments?post=9391"}],"wp:featuredmedia":[{"embeddable":true,"href":"http:\/\/www.ronboplastic.com\/pt\/wp-json\/wp\/v2\/media\/9392"}],"wp:attachment":[{"href":"http:\/\/www.ronboplastic.com\/pt\/wp-json\/wp\/v2\/media?parent=9391"}],"wp:term":[{"taxonomy":"product_brand","embeddable":true,"href":"http:\/\/www.ronboplastic.com\/pt\/wp-json\/wp\/v2\/product_brand?post=9391"},{"taxonomy":"product_cat","embeddable":true,"href":"http:\/\/www.ronboplastic.com\/pt\/wp-json\/wp\/v2\/product_cat?post=9391"},{"taxonomy":"product_tag","embeddable":true,"href":"http:\/\/www.ronboplastic.com\/pt\/wp-json\/wp\/v2\/product_tag?post=9391"}],"curies":[{"name":"wp","href":"https:\/\/api.w.org\/{rel}","templated":true}]}}