{"id":8898,"date":"2024-09-14T09:24:03","date_gmt":"2024-09-14T01:24:03","guid":{"rendered":"https:\/\/www.ronboplastic.com\/index.php\/product\/decorative-large-plastic-flower-pot-planter\/"},"modified":"2025-09-08T14:16:31","modified_gmt":"2025-09-08T06:16:31","slug":"vaso-decorativo-de-plastico-grande-para-flores","status":"publish","type":"product","link":"http:\/\/www.ronboplastic.com\/pt\/produto\/vaso-decorativo-de-plastico-grande-para-flores\/","title":{"rendered":"Vaso de flores decorativo em pl\u00e1stico de grandes dimens\u00f5es"},"content":{"rendered":"<p>O vaso de pl\u00e1stico para planta\u00e7\u00e3o de \u00e1rvores grandes e altas \u00e9 um vaso de pl\u00e1stico concebido especificamente para plantar \u00e1rvores grandes e altas no interior e no exterior. \u00c9 feito de material pl\u00e1stico de alta qualidade, resistente e dur\u00e1vel, e pode suportar a influ\u00eancia de v\u00e1rias condi\u00e7\u00f5es climat\u00e9ricas. Este vaso profundo oferece uma capacidade de solo suficiente para proporcionar espa\u00e7o de crescimento suficiente para as ra\u00edzes das \u00e1rvores, o que ajuda a promover o crescimento saud\u00e1vel das plantas.<\/p>\n<p>Pontos de venda do produto:<\/p>\n<p>1. Design de grande capacidade: Em compara\u00e7\u00e3o com os vasos de flores tradicionais, o vaso de pl\u00e1stico para planta\u00e7\u00e3o de \u00e1rvores grandes e altas tem uma capacidade maior. Isto significa que pode fornecer mais solo e nutrientes \u00e0s \u00e1rvores, o que ajuda o crescimento e o desenvolvimento das ra\u00edzes das plantas.<\/p>\n<p>2. Durabilidade: O vaso de flores \u00e9 feito de material pl\u00e1stico de alta qualidade, que tem uma excelente durabilidade e resist\u00eancia \u00e0s intemp\u00e9ries. Pode resistir ao teste da luz solar, chuva e outras condi\u00e7\u00f5es climat\u00e9ricas adversas, mantendo uma boa apar\u00eancia e fun\u00e7\u00e3o durante muito tempo.<\/p>\n<p>3. Aplicabilidade no interior e no exterior: Devido aos seus materiais e design de alta qualidade, este vaso de flores \u00e9 muito adequado para utiliza\u00e7\u00e3o em ambientes interiores e exteriores. Pode ser colocado na sua varanda, jardim, terra\u00e7o ou espa\u00e7o interior, proporcionando um ambiente de crescimento seguro e confort\u00e1vel para as suas plantas.<\/p>\n<p>4. Adequado para \u00e1rvores altas: Devido \u00e0 altura e profundidade do vaso de pl\u00e1stico para planta\u00e7\u00e3o de \u00e1rvores altas, \u00e9 muito adequado para plantar \u00e1rvores altas. Pode acomodar solo e ra\u00edzes suficientes para suportar o crescimento de \u00e1rvores num estado sem restri\u00e7\u00f5es, criando uma paisagem vegetal impressionante.<\/p>\n<p>5. F\u00e1cil de utilizar e limpar: O design deste vaso de flores torna a planta\u00e7\u00e3o, a desloca\u00e7\u00e3o e a limpeza das plantas muito simples. Tem um orif\u00edcio de drenagem conveniente que pode ajudar a controlar a humidade do solo e \u00e9 f\u00e1cil de limpar e manter.<\/p>\n<p>Quer pretenda criar um belo jardim interior ou uma paisagem exterior com \u00e1rvores altas, o vaso de pl\u00e1stico para planta\u00e7\u00e3o de \u00e1rvores grandes e altas \u00e9 a escolha ideal. A sua estabilidade, durabilidade e aplicabilidade fazem dele a solu\u00e7\u00e3o perfeita para plantar \u00e1rvores de grande porte.<\/p>\n<p><img loading=\"lazy\" decoding=\"async\" title=\"01\" src=\"https:\/\/www.ronboplastic.com\/wp-content\/uploads\/2025\/09\/20230808113534da65ea60a994470fa5f5932d0c26485a.jpg\" alt=\"01\" width=\"800\" height=\"4364\" \/><\/p>\n<p><img loading=\"lazy\" decoding=\"async\" title=\"02\" src=\"https:\/\/www.ronboplastic.com\/wp-content\/uploads\/2025\/09\/202308081135344cc99e4d847b4e0dae4b6d399f7ccd8c.jpg\" alt=\"02\" width=\"800\" height=\"3554\" \/><\/p>\n<p>&nbsp;<\/p>\n<p><img loading=\"lazy\" decoding=\"async\" title=\"produto-800-207\" src=\"https:\/\/www.ronboplastic.com\/wp-content\/uploads\/2025\/09\/202205131612159a16ace32ec04133ae6f48e4dcaa3c85.jpg\" alt=\"Plantador de jardim em barril\" width=\"800\" height=\"207\" \/>Hot Tags: vaso de flores de pl\u00e1stico alto grande, fornecedores, fabricantes, f\u00e1brica, atacado, para venda<\/p>","protected":false},"excerpt":{"rendered":"<p>O vaso de pl\u00e1stico para planta\u00e7\u00e3o de \u00e1rvores grandes e altas \u00e9 um vaso de pl\u00e1stico concebido especificamente para plantar \u00e1rvores grandes e altas no interior e no exterior. \u00c9 feito de material pl\u00e1stico de alta qualidade, resistente e dur\u00e1vel, e pode suportar a influ\u00eancia de v\u00e1rias condi\u00e7\u00f5es climat\u00e9ricas.<\/p>","protected":false},"featured_media":8902,"comment_status":"open","ping_status":"open","template":"","meta":[],"product_brand":[],"product_cat":[80],"product_tag":[79],"class_list":{"0":"post-8898","1":"product","2":"type-product","3":"status-publish","4":"has-post-thumbnail","6":"product_cat-decorative-potsampplanters","7":"product_tag-decorative-plant-pots","9":"first","10":"instock","11":"shipping-taxable","12":"product-type-simple"},"yoast_head":"<!-- This site is optimized with the Yoast SEO plugin v26.1.1 - https:\/\/yoast.com\/wordpress\/plugins\/seo\/ -->\n<title>Decorative Large Plastic Flower Pot Planter - Ronbo Sunrise Pots &amp; Planters<\/title>\n<meta name=\"robots\" content=\"index, follow, max-snippet:-1, max-image-preview:large, max-video-preview:-1\" \/>\n<link rel=\"canonical\" href=\"https:\/\/www.ronboplastic.com\/pt\/produto\/vaso-decorativo-de-plastico-grande-para-flores\/\" \/>\n<meta property=\"og:locale\" content=\"pt_PT\" \/>\n<meta property=\"og:type\" content=\"article\" \/>\n<meta property=\"og:title\" content=\"Decorative Large Plastic Flower Pot Planter - Ronbo Sunrise Pots &amp; Planters\" \/>\n<meta property=\"og:description\" content=\"Large Tall Tree Planting Plastic flower pot is a plastic flower pot designed specifically for planting large and tall trees indoors and outdoors. It is made of high-quality plastic material, sturdy and durable, and can withstand the influence of various climatic conditions.\" \/>\n<meta property=\"og:url\" content=\"https:\/\/www.ronboplastic.com\/pt\/produto\/vaso-decorativo-de-plastico-grande-para-flores\/\" \/>\n<meta property=\"og:site_name\" content=\"Ronbo Sunrise Pots &amp; Planters\" \/>\n<meta property=\"article:modified_time\" content=\"2025-09-08T06:16:31+00:00\" \/>\n<meta property=\"og:image\" content=\"https:\/\/www.ronboplastic.com\/wp-content\/uploads\/2025\/09\/1-7.jpg\" \/>\n\t<meta property=\"og:image:width\" content=\"800\" \/>\n\t<meta property=\"og:image:height\" content=\"800\" \/>\n\t<meta property=\"og:image:type\" content=\"image\/jpeg\" \/>\n<meta name=\"twitter:card\" content=\"summary_large_image\" \/>\n<meta name=\"twitter:label1\" content=\"Tempo estimado de leitura\" \/>\n\t<meta name=\"twitter:data1\" content=\"2 minutos\" \/>\n<script type=\"application\/ld+json\" class=\"yoast-schema-graph\">{\"@context\":\"https:\/\/schema.org\",\"@graph\":[{\"@type\":\"WebPage\",\"@id\":\"https:\/\/www.ronboplastic.com\/ru\/%d0%bf%d1%80%d0%be%d0%b4%d1%83%d0%ba%d1%82\/decorative-large-plastic-flower-pot-planter\/\",\"url\":\"https:\/\/www.ronboplastic.com\/ru\/%d0%bf%d1%80%d0%be%d0%b4%d1%83%d0%ba%d1%82\/decorative-large-plastic-flower-pot-planter\/\",\"name\":\"Decorative Large Plastic Flower Pot Planter - Ronbo Sunrise Pots &amp; Planters\",\"isPartOf\":{\"@id\":\"https:\/\/www.ronboplastic.com\/#website\"},\"primaryImageOfPage\":{\"@id\":\"https:\/\/www.ronboplastic.com\/ru\/%d0%bf%d1%80%d0%be%d0%b4%d1%83%d0%ba%d1%82\/decorative-large-plastic-flower-pot-planter\/#primaryimage\"},\"image\":{\"@id\":\"https:\/\/www.ronboplastic.com\/ru\/%d0%bf%d1%80%d0%be%d0%b4%d1%83%d0%ba%d1%82\/decorative-large-plastic-flower-pot-planter\/#primaryimage\"},\"thumbnailUrl\":\"https:\/\/www.ronboplastic.com\/wp-content\/uploads\/2025\/09\/1-7.jpg\",\"datePublished\":\"2024-09-14T01:24:03+00:00\",\"dateModified\":\"2025-09-08T06:16:31+00:00\",\"breadcrumb\":{\"@id\":\"https:\/\/www.ronboplastic.com\/ru\/%d0%bf%d1%80%d0%be%d0%b4%d1%83%d0%ba%d1%82\/decorative-large-plastic-flower-pot-planter\/#breadcrumb\"},\"inLanguage\":\"pt-PT\",\"potentialAction\":[{\"@type\":\"ReadAction\",\"target\":[\"https:\/\/www.ronboplastic.com\/ru\/%d0%bf%d1%80%d0%be%d0%b4%d1%83%d0%ba%d1%82\/decorative-large-plastic-flower-pot-planter\/\"]}]},{\"@type\":\"ImageObject\",\"inLanguage\":\"pt-PT\",\"@id\":\"https:\/\/www.ronboplastic.com\/ru\/%d0%bf%d1%80%d0%be%d0%b4%d1%83%d0%ba%d1%82\/decorative-large-plastic-flower-pot-planter\/#primaryimage\",\"url\":\"https:\/\/www.ronboplastic.com\/wp-content\/uploads\/2025\/09\/1-7.jpg\",\"contentUrl\":\"https:\/\/www.ronboplastic.com\/wp-content\/uploads\/2025\/09\/1-7.jpg\",\"width\":800,\"height\":800,\"caption\":\"plastic material decorative planters\"},{\"@type\":\"BreadcrumbList\",\"@id\":\"https:\/\/www.ronboplastic.com\/ru\/%d0%bf%d1%80%d0%be%d0%b4%d1%83%d0%ba%d1%82\/decorative-large-plastic-flower-pot-planter\/#breadcrumb\",\"itemListElement\":[{\"@type\":\"ListItem\",\"position\":1,\"name\":\"\u9996\u9875\",\"item\":\"https:\/\/www.ronboplastic.com\/\"},{\"@type\":\"ListItem\",\"position\":2,\"name\":\"Products\",\"item\":\"http:\/\/www.ronboplastic.com\/products\/\"},{\"@type\":\"ListItem\",\"position\":3,\"name\":\"Decorative Large Plastic Flower Pot Planter\"}]},{\"@type\":\"WebSite\",\"@id\":\"https:\/\/www.ronboplastic.com\/#website\",\"url\":\"https:\/\/www.ronboplastic.com\/\",\"name\":\"Ronbo Sunrise Pots &amp; Planters\",\"description\":\"Flower Pots &amp; Planters\",\"potentialAction\":[{\"@type\":\"SearchAction\",\"target\":{\"@type\":\"EntryPoint\",\"urlTemplate\":\"https:\/\/www.ronboplastic.com\/?s={search_term_string}\"},\"query-input\":{\"@type\":\"PropertyValueSpecification\",\"valueRequired\":true,\"valueName\":\"search_term_string\"}}],\"inLanguage\":\"pt-PT\"}]}<\/script>\n<!-- \/ Yoast SEO plugin. -->","yoast_head_json":{"title":"Decorative Large Plastic Flower Pot Planter - Ronbo Sunrise Pots &amp; Planters","robots":{"index":"index","follow":"follow","max-snippet":"max-snippet:-1","max-image-preview":"max-image-preview:large","max-video-preview":"max-video-preview:-1"},"canonical":"https:\/\/www.ronboplastic.com\/pt\/produto\/vaso-decorativo-de-plastico-grande-para-flores\/","og_locale":"pt_PT","og_type":"article","og_title":"Decorative Large Plastic Flower Pot Planter - Ronbo Sunrise Pots &amp; Planters","og_description":"Large Tall Tree Planting Plastic flower pot is a plastic flower pot designed specifically for planting large and tall trees indoors and outdoors. It is made of high-quality plastic material, sturdy and durable, and can withstand the influence of various climatic conditions.","og_url":"https:\/\/www.ronboplastic.com\/pt\/produto\/vaso-decorativo-de-plastico-grande-para-flores\/","og_site_name":"Ronbo Sunrise Pots &amp; Planters","article_modified_time":"2025-09-08T06:16:31+00:00","og_image":[{"width":800,"height":800,"url":"https:\/\/www.ronboplastic.com\/wp-content\/uploads\/2025\/09\/1-7.jpg","type":"image\/jpeg"}],"twitter_card":"summary_large_image","twitter_misc":{"Tempo estimado de leitura":"2 minutos"},"schema":{"@context":"https:\/\/schema.org","@graph":[{"@type":"WebPage","@id":"https:\/\/www.ronboplastic.com\/ru\/%d0%bf%d1%80%d0%be%d0%b4%d1%83%d0%ba%d1%82\/decorative-large-plastic-flower-pot-planter\/","url":"https:\/\/www.ronboplastic.com\/ru\/%d0%bf%d1%80%d0%be%d0%b4%d1%83%d0%ba%d1%82\/decorative-large-plastic-flower-pot-planter\/","name":"Decorative Large Plastic Flower Pot Planter - Ronbo Sunrise Pots &amp; Planters","isPartOf":{"@id":"https:\/\/www.ronboplastic.com\/#website"},"primaryImageOfPage":{"@id":"https:\/\/www.ronboplastic.com\/ru\/%d0%bf%d1%80%d0%be%d0%b4%d1%83%d0%ba%d1%82\/decorative-large-plastic-flower-pot-planter\/#primaryimage"},"image":{"@id":"https:\/\/www.ronboplastic.com\/ru\/%d0%bf%d1%80%d0%be%d0%b4%d1%83%d0%ba%d1%82\/decorative-large-plastic-flower-pot-planter\/#primaryimage"},"thumbnailUrl":"https:\/\/www.ronboplastic.com\/wp-content\/uploads\/2025\/09\/1-7.jpg","datePublished":"2024-09-14T01:24:03+00:00","dateModified":"2025-09-08T06:16:31+00:00","breadcrumb":{"@id":"https:\/\/www.ronboplastic.com\/ru\/%d0%bf%d1%80%d0%be%d0%b4%d1%83%d0%ba%d1%82\/decorative-large-plastic-flower-pot-planter\/#breadcrumb"},"inLanguage":"pt-PT","potentialAction":[{"@type":"ReadAction","target":["https:\/\/www.ronboplastic.com\/ru\/%d0%bf%d1%80%d0%be%d0%b4%d1%83%d0%ba%d1%82\/decorative-large-plastic-flower-pot-planter\/"]}]},{"@type":"ImageObject","inLanguage":"pt-PT","@id":"https:\/\/www.ronboplastic.com\/ru\/%d0%bf%d1%80%d0%be%d0%b4%d1%83%d0%ba%d1%82\/decorative-large-plastic-flower-pot-planter\/#primaryimage","url":"https:\/\/www.ronboplastic.com\/wp-content\/uploads\/2025\/09\/1-7.jpg","contentUrl":"https:\/\/www.ronboplastic.com\/wp-content\/uploads\/2025\/09\/1-7.jpg","width":800,"height":800,"caption":"plastic material decorative planters"},{"@type":"BreadcrumbList","@id":"https:\/\/www.ronboplastic.com\/ru\/%d0%bf%d1%80%d0%be%d0%b4%d1%83%d0%ba%d1%82\/decorative-large-plastic-flower-pot-planter\/#breadcrumb","itemListElement":[{"@type":"ListItem","position":1,"name":"\u9996\u9875","item":"https:\/\/www.ronboplastic.com\/"},{"@type":"ListItem","position":2,"name":"Products","item":"http:\/\/www.ronboplastic.com\/products\/"},{"@type":"ListItem","position":3,"name":"Decorative Large Plastic Flower Pot Planter"}]},{"@type":"WebSite","@id":"https:\/\/www.ronboplastic.com\/#website","url":"https:\/\/www.ronboplastic.com\/","name":"Ronbo Sunrise Pots &amp; Planters","description":"Vasos de flores e jardineiras","potentialAction":[{"@type":"SearchAction","target":{"@type":"EntryPoint","urlTemplate":"https:\/\/www.ronboplastic.com\/?s={search_term_string}"},"query-input":{"@type":"PropertyValueSpecification","valueRequired":true,"valueName":"search_term_string"}}],"inLanguage":"pt-PT"}]}},"_links":{"self":[{"href":"http:\/\/www.ronboplastic.com\/pt\/wp-json\/wp\/v2\/product\/8898","targetHints":{"allow":["GET"]}}],"collection":[{"href":"http:\/\/www.ronboplastic.com\/pt\/wp-json\/wp\/v2\/product"}],"about":[{"href":"http:\/\/www.ronboplastic.com\/pt\/wp-json\/wp\/v2\/types\/product"}],"replies":[{"embeddable":true,"href":"http:\/\/www.ronboplastic.com\/pt\/wp-json\/wp\/v2\/comments?post=8898"}],"wp:featuredmedia":[{"embeddable":true,"href":"http:\/\/www.ronboplastic.com\/pt\/wp-json\/wp\/v2\/media\/8902"}],"wp:attachment":[{"href":"http:\/\/www.ronboplastic.com\/pt\/wp-json\/wp\/v2\/media?parent=8898"}],"wp:term":[{"taxonomy":"product_brand","embeddable":true,"href":"http:\/\/www.ronboplastic.com\/pt\/wp-json\/wp\/v2\/product_brand?post=8898"},{"taxonomy":"product_cat","embeddable":true,"href":"http:\/\/www.ronboplastic.com\/pt\/wp-json\/wp\/v2\/product_cat?post=8898"},{"taxonomy":"product_tag","embeddable":true,"href":"http:\/\/www.ronboplastic.com\/pt\/wp-json\/wp\/v2\/product_tag?post=8898"}],"curies":[{"name":"wp","href":"https:\/\/api.w.org\/{rel}","templated":true}]}}