{"id":8886,"date":"2024-09-13T08:44:36","date_gmt":"2024-09-13T00:44:36","guid":{"rendered":"https:\/\/www.ronboplastic.com\/index.php\/product\/plastic-bonsai-round-planter-pot\/"},"modified":"2025-09-08T14:16:25","modified_gmt":"2025-09-08T06:16:25","slug":"vaso-redondo-de-plastico-para-bonsai","status":"publish","type":"product","link":"http:\/\/www.ronboplastic.com\/pt\/produto\/vaso-redondo-de-plastico-para-bonsai\/","title":{"rendered":"Vaso redondo de pl\u00e1stico para bonsai"},"content":{"rendered":"<p>Descri\u00e7\u00e3o do produto:<\/p>\n<p>O vaso Big Bonsai Round Planter \u00e9 um vaso circular com um design bonito. \u00c9 feito de materiais cer\u00e2micos de alta qualidade, apresentando uma textura suave e delicada, ao mesmo tempo que possui as carater\u00edsticas de durabilidade. Este vaso \u00e9 adequado para plantar v\u00e1rias plantas em vaso, como pequenos bonsais, plantas suculentas, flores e plantas. O seu design de grandes dimens\u00f5es proporciona um amplo espa\u00e7o de crescimento, que \u00e9 prop\u00edcio ao crescimento saud\u00e1vel das plantas.<\/p>\n<p>Pontos de venda do produto:<\/p>\n<p>1. Design requintado: O vaso Big Bonsai Round Planter adopta um design circular elegante, conferindo aos espa\u00e7os interiores e exteriores uma est\u00e9tica moderna. N\u00e3o \u00e9 apenas um plantador pr\u00e1tico, mas tamb\u00e9m uma decora\u00e7\u00e3o delicada que pode adicionar uma atmosfera natural e art\u00edstica ao seu ambiente dom\u00e9stico ou de escrit\u00f3rio.<\/p>\n<p>2. Materiais de alta qualidade: O implante \u00e9 feito de materiais cer\u00e2micos de alta qualidade e foi submetido a um processamento requintado para garantir a sua durabilidade e estabilidade. Tem tamb\u00e9m uma fun\u00e7\u00e3o \u00e0 prova de \u00e1gua, que pode efetivamente proteger as ra\u00edzes das plantas e manter um crescimento saud\u00e1vel.<\/p>\n<p>3. Excelente espa\u00e7o: O vaso Big Bonsai Round Planter tem um espa\u00e7o interior espa\u00e7oso, proporcionando espa\u00e7o suficiente para o crescimento das suas plantas em vaso. \u00c9 adequado para plantar v\u00e1rios tipos de plantas e pode acomodar v\u00e1rias esp\u00e9cies de plantas, permitindo-lhe criar combina\u00e7\u00f5es \u00fanicas de plantas.<\/p>\n<p>4. Utiliza\u00e7\u00f5es m\u00faltiplas: Para al\u00e9m de ser utilizado como vaso, o vaso Big Bonsai Round Planter tamb\u00e9m pode ser utilizado como vaso hidrop\u00f3nico ou vaso. Pode coloc\u00e1-lo em qualquer lugar, como a sala de estar, a varanda, o escrit\u00f3rio, etc., de acordo com as suas pr\u00f3prias necessidades e prefer\u00eancias, acrescentando um toque de natureza e vitalidade ao espa\u00e7o.<\/p>\n<p>5. Express\u00e3o emocional: Dar um vaso Big Bonsai Round Planter como prenda a amigos, familiares ou colegas n\u00e3o s\u00f3 lhes transmite amor, como tamb\u00e9m proporciona uma beleza \u00fanica a cada um.<\/p>\n<p>Quer se trate de anivers\u00e1rios, f\u00e9rias ou celebra\u00e7\u00f5es, este vaso pode tornar-se um presente significativo, mostrando a sua sele\u00e7\u00e3o cuidadosa e perspetiva \u00fanica. Em suma, o vaso Big Bonsai Round Planter \u00e9 pr\u00e1tico e esteticamente agrad\u00e1vel, proporcionando-lhe uma experi\u00eancia de planta\u00e7\u00e3o agrad\u00e1vel e um efeito decorativo, quer seja para uso pessoal ou como presente para outros.<\/p>\n<p><img loading=\"lazy\" decoding=\"async\" title=\"01\" src=\"https:\/\/www.ronboplastic.com\/wp-content\/uploads\/2025\/09\/20230808112832d53e37ae22d84c448086ab93b73ad0ab.jpg\" alt=\"01\" width=\"800\" height=\"4874\" \/><\/p>\n<p><img loading=\"lazy\" decoding=\"async\" title=\"02\" src=\"https:\/\/www.ronboplastic.com\/wp-content\/uploads\/2025\/09\/202308081128313a04a2660231476aac138e3e8ab89218.jpg\" alt=\"02\" width=\"800\" height=\"3044\" \/><\/p>\n<p>&nbsp;<\/p>\n<p><img loading=\"lazy\" decoding=\"async\" title=\"produto-800-207\" src=\"https:\/\/www.ronboplastic.com\/wp-content\/uploads\/2025\/09\/202205131612159a16ace32ec04133ae6f48e4dcaa3c85.jpg\" alt=\"Plantador de jardim em barril\" width=\"800\" height=\"207\" \/><\/p>\n<p class=\"productsTags\">Hot Tags: pote de plantador redondo grande bonsai, fornecedores, fabricantes, f\u00e1brica, atacado, para venda<\/p>","protected":false},"excerpt":{"rendered":"<p>Sejamos realistas, quem \u00e9 que quer andar com um pesado vaso de pedra ou de cer\u00e2mica? \u00c9 por isso que temos a maior sele\u00e7\u00e3o de recipientes de pl\u00e1stico para plantas dur\u00e1veis e de alta qualidade, desde grandes vasos de pl\u00e1stico para \u00e1rvores a pequenos vasos de pl\u00e1stico para flores. Estes vasos leves s\u00e3o um sonho tornado realidade para qualquer entusiasta de plantas. Temos at\u00e9 recipientes de pl\u00e1stico com o bonito acabamento em pedra, cimento ou barro que deseja (os seus amigos n\u00e3o v\u00e3o notar a diferen\u00e7a e as suas costas v\u00e3o agradecer-lhe!).<\/p>","protected":false},"featured_media":8890,"comment_status":"open","ping_status":"open","template":"","meta":[],"product_brand":[],"product_cat":[80],"product_tag":[79],"class_list":{"0":"post-8886","1":"product","2":"type-product","3":"status-publish","4":"has-post-thumbnail","6":"product_cat-decorative-potsampplanters","7":"product_tag-decorative-plant-pots","9":"first","10":"instock","11":"shipping-taxable","12":"product-type-simple"},"yoast_head":"<!-- This site is optimized with the Yoast SEO plugin v26.1.1 - https:\/\/yoast.com\/wordpress\/plugins\/seo\/ -->\n<title>Plastic Bonsai Round Planter Pot - Ronbo Sunrise Pots &amp; Planters<\/title>\n<meta name=\"robots\" content=\"index, follow, max-snippet:-1, max-image-preview:large, max-video-preview:-1\" \/>\n<link rel=\"canonical\" href=\"http:\/\/www.ronboplastic.com\/pt\/produto\/vaso-redondo-de-plastico-para-bonsai\/\" \/>\n<meta property=\"og:locale\" content=\"pt_PT\" \/>\n<meta property=\"og:type\" content=\"article\" \/>\n<meta property=\"og:title\" content=\"Plastic Bonsai Round Planter Pot - Ronbo Sunrise Pots &amp; Planters\" \/>\n<meta property=\"og:description\" content=\"Let&#039;s face it, who wants to haul around a heavy stone or ceramic pot? That&#039;s why we have the largest selection of durable, high-quality plastic plant containers around, from large plastic pots fit for trees to small plastic flower pots. These lightweight pots are a dream come true for any plant enthusiast. We even carry plastic containers that have that beautiful stone, cement, or clay-style finish you desire (your friends will never know the difference and your back will thank you!).\" \/>\n<meta property=\"og:url\" content=\"http:\/\/www.ronboplastic.com\/pt\/produto\/vaso-redondo-de-plastico-para-bonsai\/\" \/>\n<meta property=\"og:site_name\" content=\"Ronbo Sunrise Pots &amp; Planters\" \/>\n<meta property=\"article:modified_time\" content=\"2025-09-08T06:16:25+00:00\" \/>\n<meta property=\"og:image\" content=\"https:\/\/www.ronboplastic.com\/wp-content\/uploads\/2025\/09\/1-6.jpg\" \/>\n\t<meta property=\"og:image:width\" content=\"800\" \/>\n\t<meta property=\"og:image:height\" content=\"800\" \/>\n\t<meta property=\"og:image:type\" content=\"image\/jpeg\" \/>\n<meta name=\"twitter:card\" content=\"summary_large_image\" \/>\n<meta name=\"twitter:label1\" content=\"Tempo estimado de leitura\" \/>\n\t<meta name=\"twitter:data1\" content=\"2 minutos\" \/>\n<script type=\"application\/ld+json\" class=\"yoast-schema-graph\">{\"@context\":\"https:\/\/schema.org\",\"@graph\":[{\"@type\":\"WebPage\",\"@id\":\"http:\/\/www.ronboplastic.com\/ru\/%d0%bf%d1%80%d0%be%d0%b4%d1%83%d0%ba%d1%82\/plastic-bonsai-round-planter-pot\/\",\"url\":\"http:\/\/www.ronboplastic.com\/ru\/%d0%bf%d1%80%d0%be%d0%b4%d1%83%d0%ba%d1%82\/plastic-bonsai-round-planter-pot\/\",\"name\":\"Plastic Bonsai Round Planter Pot - Ronbo Sunrise Pots &amp; Planters\",\"isPartOf\":{\"@id\":\"https:\/\/www.ronboplastic.com\/#website\"},\"primaryImageOfPage\":{\"@id\":\"http:\/\/www.ronboplastic.com\/ru\/%d0%bf%d1%80%d0%be%d0%b4%d1%83%d0%ba%d1%82\/plastic-bonsai-round-planter-pot\/#primaryimage\"},\"image\":{\"@id\":\"http:\/\/www.ronboplastic.com\/ru\/%d0%bf%d1%80%d0%be%d0%b4%d1%83%d0%ba%d1%82\/plastic-bonsai-round-planter-pot\/#primaryimage\"},\"thumbnailUrl\":\"https:\/\/www.ronboplastic.com\/wp-content\/uploads\/2025\/09\/1-6.jpg\",\"datePublished\":\"2024-09-13T00:44:36+00:00\",\"dateModified\":\"2025-09-08T06:16:25+00:00\",\"breadcrumb\":{\"@id\":\"http:\/\/www.ronboplastic.com\/ru\/%d0%bf%d1%80%d0%be%d0%b4%d1%83%d0%ba%d1%82\/plastic-bonsai-round-planter-pot\/#breadcrumb\"},\"inLanguage\":\"pt-PT\",\"potentialAction\":[{\"@type\":\"ReadAction\",\"target\":[\"http:\/\/www.ronboplastic.com\/ru\/%d0%bf%d1%80%d0%be%d0%b4%d1%83%d0%ba%d1%82\/plastic-bonsai-round-planter-pot\/\"]}]},{\"@type\":\"ImageObject\",\"inLanguage\":\"pt-PT\",\"@id\":\"http:\/\/www.ronboplastic.com\/ru\/%d0%bf%d1%80%d0%be%d0%b4%d1%83%d0%ba%d1%82\/plastic-bonsai-round-planter-pot\/#primaryimage\",\"url\":\"https:\/\/www.ronboplastic.com\/wp-content\/uploads\/2025\/09\/1-6.jpg\",\"contentUrl\":\"https:\/\/www.ronboplastic.com\/wp-content\/uploads\/2025\/09\/1-6.jpg\",\"width\":800,\"height\":800,\"caption\":\"plastic material decorative planters\"},{\"@type\":\"BreadcrumbList\",\"@id\":\"http:\/\/www.ronboplastic.com\/ru\/%d0%bf%d1%80%d0%be%d0%b4%d1%83%d0%ba%d1%82\/plastic-bonsai-round-planter-pot\/#breadcrumb\",\"itemListElement\":[{\"@type\":\"ListItem\",\"position\":1,\"name\":\"\u9996\u9875\",\"item\":\"https:\/\/www.ronboplastic.com\/\"},{\"@type\":\"ListItem\",\"position\":2,\"name\":\"Products\",\"item\":\"http:\/\/www.ronboplastic.com\/products\/\"},{\"@type\":\"ListItem\",\"position\":3,\"name\":\"Plastic Bonsai Round Planter Pot\"}]},{\"@type\":\"WebSite\",\"@id\":\"https:\/\/www.ronboplastic.com\/#website\",\"url\":\"https:\/\/www.ronboplastic.com\/\",\"name\":\"Ronbo Sunrise Pots &amp; Planters\",\"description\":\"Flower Pots &amp; Planters\",\"potentialAction\":[{\"@type\":\"SearchAction\",\"target\":{\"@type\":\"EntryPoint\",\"urlTemplate\":\"https:\/\/www.ronboplastic.com\/?s={search_term_string}\"},\"query-input\":{\"@type\":\"PropertyValueSpecification\",\"valueRequired\":true,\"valueName\":\"search_term_string\"}}],\"inLanguage\":\"pt-PT\"}]}<\/script>\n<!-- \/ Yoast SEO plugin. -->","yoast_head_json":{"title":"Plastic Bonsai Round Planter Pot - Ronbo Sunrise Pots &amp; Planters","robots":{"index":"index","follow":"follow","max-snippet":"max-snippet:-1","max-image-preview":"max-image-preview:large","max-video-preview":"max-video-preview:-1"},"canonical":"http:\/\/www.ronboplastic.com\/pt\/produto\/vaso-redondo-de-plastico-para-bonsai\/","og_locale":"pt_PT","og_type":"article","og_title":"Plastic Bonsai Round Planter Pot - Ronbo Sunrise Pots &amp; Planters","og_description":"Let's face it, who wants to haul around a heavy stone or ceramic pot? That's why we have the largest selection of durable, high-quality plastic plant containers around, from large plastic pots fit for trees to small plastic flower pots. These lightweight pots are a dream come true for any plant enthusiast. We even carry plastic containers that have that beautiful stone, cement, or clay-style finish you desire (your friends will never know the difference and your back will thank you!).","og_url":"http:\/\/www.ronboplastic.com\/pt\/produto\/vaso-redondo-de-plastico-para-bonsai\/","og_site_name":"Ronbo Sunrise Pots &amp; Planters","article_modified_time":"2025-09-08T06:16:25+00:00","og_image":[{"width":800,"height":800,"url":"https:\/\/www.ronboplastic.com\/wp-content\/uploads\/2025\/09\/1-6.jpg","type":"image\/jpeg"}],"twitter_card":"summary_large_image","twitter_misc":{"Tempo estimado de leitura":"2 minutos"},"schema":{"@context":"https:\/\/schema.org","@graph":[{"@type":"WebPage","@id":"http:\/\/www.ronboplastic.com\/ru\/%d0%bf%d1%80%d0%be%d0%b4%d1%83%d0%ba%d1%82\/plastic-bonsai-round-planter-pot\/","url":"http:\/\/www.ronboplastic.com\/ru\/%d0%bf%d1%80%d0%be%d0%b4%d1%83%d0%ba%d1%82\/plastic-bonsai-round-planter-pot\/","name":"Plastic Bonsai Round Planter Pot - Ronbo Sunrise Pots &amp; Planters","isPartOf":{"@id":"https:\/\/www.ronboplastic.com\/#website"},"primaryImageOfPage":{"@id":"http:\/\/www.ronboplastic.com\/ru\/%d0%bf%d1%80%d0%be%d0%b4%d1%83%d0%ba%d1%82\/plastic-bonsai-round-planter-pot\/#primaryimage"},"image":{"@id":"http:\/\/www.ronboplastic.com\/ru\/%d0%bf%d1%80%d0%be%d0%b4%d1%83%d0%ba%d1%82\/plastic-bonsai-round-planter-pot\/#primaryimage"},"thumbnailUrl":"https:\/\/www.ronboplastic.com\/wp-content\/uploads\/2025\/09\/1-6.jpg","datePublished":"2024-09-13T00:44:36+00:00","dateModified":"2025-09-08T06:16:25+00:00","breadcrumb":{"@id":"http:\/\/www.ronboplastic.com\/ru\/%d0%bf%d1%80%d0%be%d0%b4%d1%83%d0%ba%d1%82\/plastic-bonsai-round-planter-pot\/#breadcrumb"},"inLanguage":"pt-PT","potentialAction":[{"@type":"ReadAction","target":["http:\/\/www.ronboplastic.com\/ru\/%d0%bf%d1%80%d0%be%d0%b4%d1%83%d0%ba%d1%82\/plastic-bonsai-round-planter-pot\/"]}]},{"@type":"ImageObject","inLanguage":"pt-PT","@id":"http:\/\/www.ronboplastic.com\/ru\/%d0%bf%d1%80%d0%be%d0%b4%d1%83%d0%ba%d1%82\/plastic-bonsai-round-planter-pot\/#primaryimage","url":"https:\/\/www.ronboplastic.com\/wp-content\/uploads\/2025\/09\/1-6.jpg","contentUrl":"https:\/\/www.ronboplastic.com\/wp-content\/uploads\/2025\/09\/1-6.jpg","width":800,"height":800,"caption":"plastic material decorative planters"},{"@type":"BreadcrumbList","@id":"http:\/\/www.ronboplastic.com\/ru\/%d0%bf%d1%80%d0%be%d0%b4%d1%83%d0%ba%d1%82\/plastic-bonsai-round-planter-pot\/#breadcrumb","itemListElement":[{"@type":"ListItem","position":1,"name":"\u9996\u9875","item":"https:\/\/www.ronboplastic.com\/"},{"@type":"ListItem","position":2,"name":"Products","item":"http:\/\/www.ronboplastic.com\/products\/"},{"@type":"ListItem","position":3,"name":"Plastic Bonsai Round Planter Pot"}]},{"@type":"WebSite","@id":"https:\/\/www.ronboplastic.com\/#website","url":"https:\/\/www.ronboplastic.com\/","name":"Ronbo Sunrise Pots &amp; Planters","description":"Vasos de flores e jardineiras","potentialAction":[{"@type":"SearchAction","target":{"@type":"EntryPoint","urlTemplate":"https:\/\/www.ronboplastic.com\/?s={search_term_string}"},"query-input":{"@type":"PropertyValueSpecification","valueRequired":true,"valueName":"search_term_string"}}],"inLanguage":"pt-PT"}]}},"_links":{"self":[{"href":"http:\/\/www.ronboplastic.com\/pt\/wp-json\/wp\/v2\/product\/8886","targetHints":{"allow":["GET"]}}],"collection":[{"href":"http:\/\/www.ronboplastic.com\/pt\/wp-json\/wp\/v2\/product"}],"about":[{"href":"http:\/\/www.ronboplastic.com\/pt\/wp-json\/wp\/v2\/types\/product"}],"replies":[{"embeddable":true,"href":"http:\/\/www.ronboplastic.com\/pt\/wp-json\/wp\/v2\/comments?post=8886"}],"wp:featuredmedia":[{"embeddable":true,"href":"http:\/\/www.ronboplastic.com\/pt\/wp-json\/wp\/v2\/media\/8890"}],"wp:attachment":[{"href":"http:\/\/www.ronboplastic.com\/pt\/wp-json\/wp\/v2\/media?parent=8886"}],"wp:term":[{"taxonomy":"product_brand","embeddable":true,"href":"http:\/\/www.ronboplastic.com\/pt\/wp-json\/wp\/v2\/product_brand?post=8886"},{"taxonomy":"product_cat","embeddable":true,"href":"http:\/\/www.ronboplastic.com\/pt\/wp-json\/wp\/v2\/product_cat?post=8886"},{"taxonomy":"product_tag","embeddable":true,"href":"http:\/\/www.ronboplastic.com\/pt\/wp-json\/wp\/v2\/product_tag?post=8886"}],"curies":[{"name":"wp","href":"https:\/\/api.w.org\/{rel}","templated":true}]}}