{"id":8837,"date":"2024-09-12T09:54:37","date_gmt":"2024-09-12T01:54:37","guid":{"rendered":"https:\/\/www.ronboplastic.com\/index.php\/product\/matte-circular-succulent-planter\/"},"modified":"2025-09-08T14:16:04","modified_gmt":"2025-09-08T06:16:04","slug":"plantador-de-suculentas-circular-mate","status":"publish","type":"product","link":"http:\/\/www.ronboplastic.com\/pt\/produto\/plantador-de-suculentas-circular-mate\/","title":{"rendered":"Plantador de suculentas circular mate"},"content":{"rendered":"<p>A planta de cimento de limita\u00e7\u00e3o sucessiva de planta suculenta de argila circular mate \u00e9 um tipo de vaso de flores de imita\u00e7\u00e3o de cimento inspirado no design do vaso de planta suculenta de argila redonda Matt. \u00c9 feito com t\u00e9cnicas especiais, com uma apar\u00eancia e textura semelhantes ao cimento, que pode perfeitamente apresentar um estilo natural e primitivo. Este vaso de flores \u00e9 muito adequado para o cultivo de plantas suculentas e pode acrescentar uma decora\u00e7\u00e3o \u00fanica ao seu espa\u00e7o interior e exterior.<\/p>\n<p>Pontos de venda do produto:<\/p>\n<p>1. Design \u00fanico semelhante ao cimento: Este vaso de flores apresenta um aspeto de cimento circular mate, proporcionando uma plataforma de exposi\u00e7\u00e3o \u00fanica para as suas plantas. O seu tom de cal e a sua textura delicada fazem com que pare\u00e7a natural e primitivo na decora\u00e7\u00e3o geral.<\/p>\n<p>2. Aplic\u00e1vel a plantas suculentas: o tamanho e a capacidade do vaso s\u00e3o muito adequados para plantar plantas suculentas, como cactos e musgos suculentos. Possui profundidade e orif\u00edcios de ventila\u00e7\u00e3o adequados, que ajudam a manter a sa\u00fade e o crescimento das ra\u00edzes das plantas.<\/p>\n<p>3. Materiais de alta qualidade: O vaso de flores \u00e9 feito de material de barro de alta qualidade, com uma textura robusta e duradoura. Pode suportar v\u00e1rias condi\u00e7\u00f5es climat\u00e9ricas e testes de utiliza\u00e7\u00e3o di\u00e1ria, garantindo uma longa vida \u00fatil.<\/p>\n<p>4. Simples e bonito: Este design de vaso de flores \u00e9 simples e bonito, adequado para combinar com v\u00e1rios estilos de decora\u00e7\u00e3o interior e exterior. Pode adicionar uma beleza natural \u00e0 sua casa, escrit\u00f3rio, jardim, etc.<\/p>\n<p>5. Manuten\u00e7\u00e3o f\u00e1cil: A superf\u00edcie mate do vaso de flores torna-o muito f\u00e1cil de limpar e n\u00e3o adere facilmente ao p\u00f3. S\u00f3 precisa de limpar suavemente com \u00e1gua e sab\u00e3o.<\/p>\n<p>Al\u00e9m disso, \u00e9 tamb\u00e9m muito c\u00f3modo de transportar e deslocar. Quer seja no interior ou no exterior, a planta de cimento de limita\u00e7\u00e3o de sucesso da planta de argila circular Matte pode trazer um efeito de exibi\u00e7\u00e3o \u00fanico para a sua planta suculenta. O seu design de imita\u00e7\u00e3o de cimento, materiais de alta qualidade e carater\u00edsticas de f\u00e1cil manuten\u00e7\u00e3o ir\u00e3o adicionar uma est\u00e9tica natural e original ao seu jardim, varanda ou espa\u00e7o interior.<\/p>\n<p>&nbsp;<\/p>\n<p>&nbsp;<\/p>\n<p><img loading=\"lazy\" decoding=\"async\" title=\"01\" src=\"https:\/\/www.ronboplastic.com\/wp-content\/uploads\/2025\/09\/202308081007512d683bea17fe4f0f9158cf991026ab1f.jpg\" alt=\"01\" width=\"800\" height=\"4295\" \/><\/p>\n<p><img loading=\"lazy\" decoding=\"async\" title=\"02\" src=\"https:\/\/www.ronboplastic.com\/wp-content\/uploads\/2025\/09\/2023080810075092c01c6ed9c84fe7a932e01ec155648e.jpg\" alt=\"02\" width=\"800\" height=\"4397\" \/><\/p>\n<p><img loading=\"lazy\" decoding=\"async\" title=\"produto-800-207\" src=\"https:\/\/www.ronboplastic.com\/wp-content\/uploads\/2025\/09\/202205131612159a16ace32ec04133ae6f48e4dcaa3c85.jpg\" alt=\"Plantador de jardim em barril\" width=\"800\" height=\"207\" \/><\/p>\n<p>&nbsp;<\/p>\n<p>&nbsp;<\/p>\n<p class=\"productsTags\">Hot Tags: plantador de suculentas circular fosco, fornecedores, fabricantes, f\u00e1brica, atacado, para venda<\/p>","protected":false},"excerpt":{"rendered":"<p>A planta de cimento de limita\u00e7\u00e3o sucessiva da planta suculenta de argila circular mate \u00e9 um tipo de vaso de flores de imita\u00e7\u00e3o de cimento inspirado no design do vaso de planta suculenta de argila redonda Matt.<\/p>","protected":false},"featured_media":8842,"comment_status":"open","ping_status":"open","template":"","meta":[],"product_brand":[],"product_cat":[80],"product_tag":[79],"class_list":{"0":"post-8837","1":"product","2":"type-product","3":"status-publish","4":"has-post-thumbnail","6":"product_cat-decorative-potsampplanters","7":"product_tag-decorative-plant-pots","9":"first","10":"instock","11":"shipping-taxable","12":"product-type-simple"},"yoast_head":"<!-- This site is optimized with the Yoast SEO plugin v26.1.1 - https:\/\/yoast.com\/wordpress\/plugins\/seo\/ -->\n<title>Matte Circular Succulent Planter - Ronbo Sunrise Pots &amp; Planters<\/title>\n<meta name=\"robots\" content=\"index, follow, max-snippet:-1, max-image-preview:large, max-video-preview:-1\" \/>\n<link rel=\"canonical\" href=\"https:\/\/www.ronboplastic.com\/pt\/produto\/plantador-de-suculentas-circular-mate\/\" \/>\n<meta property=\"og:locale\" content=\"pt_PT\" \/>\n<meta property=\"og:type\" content=\"article\" \/>\n<meta property=\"og:title\" content=\"Matte Circular Succulent Planter - Ronbo Sunrise Pots &amp; Planters\" \/>\n<meta property=\"og:description\" content=\"Matte circular clay Succulent plant successive limitation cement plant is a kind of imitation cement flower pot inspired by the design of Matt round clay Succulent plant pot.\" \/>\n<meta property=\"og:url\" content=\"https:\/\/www.ronboplastic.com\/pt\/produto\/plantador-de-suculentas-circular-mate\/\" \/>\n<meta property=\"og:site_name\" content=\"Ronbo Sunrise Pots &amp; Planters\" \/>\n<meta property=\"article:modified_time\" content=\"2025-09-08T06:16:04+00:00\" \/>\n<meta property=\"og:image\" content=\"https:\/\/www.ronboplastic.com\/wp-content\/uploads\/2025\/09\/1-2.jpg\" \/>\n\t<meta property=\"og:image:width\" content=\"800\" \/>\n\t<meta property=\"og:image:height\" content=\"800\" \/>\n\t<meta property=\"og:image:type\" content=\"image\/jpeg\" \/>\n<meta name=\"twitter:card\" content=\"summary_large_image\" \/>\n<meta name=\"twitter:label1\" content=\"Tempo estimado de leitura\" \/>\n\t<meta name=\"twitter:data1\" content=\"2 minutos\" \/>\n<script type=\"application\/ld+json\" class=\"yoast-schema-graph\">{\"@context\":\"https:\/\/schema.org\",\"@graph\":[{\"@type\":\"WebPage\",\"@id\":\"https:\/\/www.ronboplastic.com\/ru\/%d0%bf%d1%80%d0%be%d0%b4%d1%83%d0%ba%d1%82\/matte-circular-succulent-planter\/\",\"url\":\"https:\/\/www.ronboplastic.com\/ru\/%d0%bf%d1%80%d0%be%d0%b4%d1%83%d0%ba%d1%82\/matte-circular-succulent-planter\/\",\"name\":\"Matte Circular Succulent Planter - Ronbo Sunrise Pots &amp; Planters\",\"isPartOf\":{\"@id\":\"https:\/\/www.ronboplastic.com\/#website\"},\"primaryImageOfPage\":{\"@id\":\"https:\/\/www.ronboplastic.com\/ru\/%d0%bf%d1%80%d0%be%d0%b4%d1%83%d0%ba%d1%82\/matte-circular-succulent-planter\/#primaryimage\"},\"image\":{\"@id\":\"https:\/\/www.ronboplastic.com\/ru\/%d0%bf%d1%80%d0%be%d0%b4%d1%83%d0%ba%d1%82\/matte-circular-succulent-planter\/#primaryimage\"},\"thumbnailUrl\":\"https:\/\/www.ronboplastic.com\/wp-content\/uploads\/2025\/09\/1-2.jpg\",\"datePublished\":\"2024-09-12T01:54:37+00:00\",\"dateModified\":\"2025-09-08T06:16:04+00:00\",\"breadcrumb\":{\"@id\":\"https:\/\/www.ronboplastic.com\/ru\/%d0%bf%d1%80%d0%be%d0%b4%d1%83%d0%ba%d1%82\/matte-circular-succulent-planter\/#breadcrumb\"},\"inLanguage\":\"pt-PT\",\"potentialAction\":[{\"@type\":\"ReadAction\",\"target\":[\"https:\/\/www.ronboplastic.com\/ru\/%d0%bf%d1%80%d0%be%d0%b4%d1%83%d0%ba%d1%82\/matte-circular-succulent-planter\/\"]}]},{\"@type\":\"ImageObject\",\"inLanguage\":\"pt-PT\",\"@id\":\"https:\/\/www.ronboplastic.com\/ru\/%d0%bf%d1%80%d0%be%d0%b4%d1%83%d0%ba%d1%82\/matte-circular-succulent-planter\/#primaryimage\",\"url\":\"https:\/\/www.ronboplastic.com\/wp-content\/uploads\/2025\/09\/1-2.jpg\",\"contentUrl\":\"https:\/\/www.ronboplastic.com\/wp-content\/uploads\/2025\/09\/1-2.jpg\",\"width\":800,\"height\":800,\"caption\":\"wholesale plant pots supplier\"},{\"@type\":\"BreadcrumbList\",\"@id\":\"https:\/\/www.ronboplastic.com\/ru\/%d0%bf%d1%80%d0%be%d0%b4%d1%83%d0%ba%d1%82\/matte-circular-succulent-planter\/#breadcrumb\",\"itemListElement\":[{\"@type\":\"ListItem\",\"position\":1,\"name\":\"\u9996\u9875\",\"item\":\"https:\/\/www.ronboplastic.com\/\"},{\"@type\":\"ListItem\",\"position\":2,\"name\":\"Products\",\"item\":\"http:\/\/www.ronboplastic.com\/products\/\"},{\"@type\":\"ListItem\",\"position\":3,\"name\":\"Matte Circular Succulent Planter\"}]},{\"@type\":\"WebSite\",\"@id\":\"https:\/\/www.ronboplastic.com\/#website\",\"url\":\"https:\/\/www.ronboplastic.com\/\",\"name\":\"Ronbo Sunrise Pots &amp; Planters\",\"description\":\"Flower Pots &amp; Planters\",\"potentialAction\":[{\"@type\":\"SearchAction\",\"target\":{\"@type\":\"EntryPoint\",\"urlTemplate\":\"https:\/\/www.ronboplastic.com\/?s={search_term_string}\"},\"query-input\":{\"@type\":\"PropertyValueSpecification\",\"valueRequired\":true,\"valueName\":\"search_term_string\"}}],\"inLanguage\":\"pt-PT\"}]}<\/script>\n<!-- \/ Yoast SEO plugin. -->","yoast_head_json":{"title":"Matte Circular Succulent Planter - Ronbo Sunrise Pots &amp; Planters","robots":{"index":"index","follow":"follow","max-snippet":"max-snippet:-1","max-image-preview":"max-image-preview:large","max-video-preview":"max-video-preview:-1"},"canonical":"https:\/\/www.ronboplastic.com\/pt\/produto\/plantador-de-suculentas-circular-mate\/","og_locale":"pt_PT","og_type":"article","og_title":"Matte Circular Succulent Planter - Ronbo Sunrise Pots &amp; Planters","og_description":"Matte circular clay Succulent plant successive limitation cement plant is a kind of imitation cement flower pot inspired by the design of Matt round clay Succulent plant pot.","og_url":"https:\/\/www.ronboplastic.com\/pt\/produto\/plantador-de-suculentas-circular-mate\/","og_site_name":"Ronbo Sunrise Pots &amp; Planters","article_modified_time":"2025-09-08T06:16:04+00:00","og_image":[{"width":800,"height":800,"url":"https:\/\/www.ronboplastic.com\/wp-content\/uploads\/2025\/09\/1-2.jpg","type":"image\/jpeg"}],"twitter_card":"summary_large_image","twitter_misc":{"Tempo estimado de leitura":"2 minutos"},"schema":{"@context":"https:\/\/schema.org","@graph":[{"@type":"WebPage","@id":"https:\/\/www.ronboplastic.com\/ru\/%d0%bf%d1%80%d0%be%d0%b4%d1%83%d0%ba%d1%82\/matte-circular-succulent-planter\/","url":"https:\/\/www.ronboplastic.com\/ru\/%d0%bf%d1%80%d0%be%d0%b4%d1%83%d0%ba%d1%82\/matte-circular-succulent-planter\/","name":"Matte Circular Succulent Planter - Ronbo Sunrise Pots &amp; Planters","isPartOf":{"@id":"https:\/\/www.ronboplastic.com\/#website"},"primaryImageOfPage":{"@id":"https:\/\/www.ronboplastic.com\/ru\/%d0%bf%d1%80%d0%be%d0%b4%d1%83%d0%ba%d1%82\/matte-circular-succulent-planter\/#primaryimage"},"image":{"@id":"https:\/\/www.ronboplastic.com\/ru\/%d0%bf%d1%80%d0%be%d0%b4%d1%83%d0%ba%d1%82\/matte-circular-succulent-planter\/#primaryimage"},"thumbnailUrl":"https:\/\/www.ronboplastic.com\/wp-content\/uploads\/2025\/09\/1-2.jpg","datePublished":"2024-09-12T01:54:37+00:00","dateModified":"2025-09-08T06:16:04+00:00","breadcrumb":{"@id":"https:\/\/www.ronboplastic.com\/ru\/%d0%bf%d1%80%d0%be%d0%b4%d1%83%d0%ba%d1%82\/matte-circular-succulent-planter\/#breadcrumb"},"inLanguage":"pt-PT","potentialAction":[{"@type":"ReadAction","target":["https:\/\/www.ronboplastic.com\/ru\/%d0%bf%d1%80%d0%be%d0%b4%d1%83%d0%ba%d1%82\/matte-circular-succulent-planter\/"]}]},{"@type":"ImageObject","inLanguage":"pt-PT","@id":"https:\/\/www.ronboplastic.com\/ru\/%d0%bf%d1%80%d0%be%d0%b4%d1%83%d0%ba%d1%82\/matte-circular-succulent-planter\/#primaryimage","url":"https:\/\/www.ronboplastic.com\/wp-content\/uploads\/2025\/09\/1-2.jpg","contentUrl":"https:\/\/www.ronboplastic.com\/wp-content\/uploads\/2025\/09\/1-2.jpg","width":800,"height":800,"caption":"wholesale plant pots supplier"},{"@type":"BreadcrumbList","@id":"https:\/\/www.ronboplastic.com\/ru\/%d0%bf%d1%80%d0%be%d0%b4%d1%83%d0%ba%d1%82\/matte-circular-succulent-planter\/#breadcrumb","itemListElement":[{"@type":"ListItem","position":1,"name":"\u9996\u9875","item":"https:\/\/www.ronboplastic.com\/"},{"@type":"ListItem","position":2,"name":"Products","item":"http:\/\/www.ronboplastic.com\/products\/"},{"@type":"ListItem","position":3,"name":"Matte Circular Succulent Planter"}]},{"@type":"WebSite","@id":"https:\/\/www.ronboplastic.com\/#website","url":"https:\/\/www.ronboplastic.com\/","name":"Ronbo Sunrise Pots &amp; Planters","description":"Vasos de flores e jardineiras","potentialAction":[{"@type":"SearchAction","target":{"@type":"EntryPoint","urlTemplate":"https:\/\/www.ronboplastic.com\/?s={search_term_string}"},"query-input":{"@type":"PropertyValueSpecification","valueRequired":true,"valueName":"search_term_string"}}],"inLanguage":"pt-PT"}]}},"_links":{"self":[{"href":"http:\/\/www.ronboplastic.com\/pt\/wp-json\/wp\/v2\/product\/8837","targetHints":{"allow":["GET"]}}],"collection":[{"href":"http:\/\/www.ronboplastic.com\/pt\/wp-json\/wp\/v2\/product"}],"about":[{"href":"http:\/\/www.ronboplastic.com\/pt\/wp-json\/wp\/v2\/types\/product"}],"replies":[{"embeddable":true,"href":"http:\/\/www.ronboplastic.com\/pt\/wp-json\/wp\/v2\/comments?post=8837"}],"wp:featuredmedia":[{"embeddable":true,"href":"http:\/\/www.ronboplastic.com\/pt\/wp-json\/wp\/v2\/media\/8842"}],"wp:attachment":[{"href":"http:\/\/www.ronboplastic.com\/pt\/wp-json\/wp\/v2\/media?parent=8837"}],"wp:term":[{"taxonomy":"product_brand","embeddable":true,"href":"http:\/\/www.ronboplastic.com\/pt\/wp-json\/wp\/v2\/product_brand?post=8837"},{"taxonomy":"product_cat","embeddable":true,"href":"http:\/\/www.ronboplastic.com\/pt\/wp-json\/wp\/v2\/product_cat?post=8837"},{"taxonomy":"product_tag","embeddable":true,"href":"http:\/\/www.ronboplastic.com\/pt\/wp-json\/wp\/v2\/product_tag?post=8837"}],"curies":[{"name":"wp","href":"https:\/\/api.w.org\/{rel}","templated":true}]}}