{"id":9426,"date":"2024-11-04T06:41:49","date_gmt":"2024-11-03T22:41:49","guid":{"rendered":"https:\/\/www.ronboplastic.com\/index.php\/product\/classic-plastic-flower-pot\/"},"modified":"2025-09-08T14:21:15","modified_gmt":"2025-09-08T06:21:15","slug":"pot-de-fleurs-classique-en-plastique","status":"publish","type":"product","link":"http:\/\/www.ronboplastic.com\/fr\/produit\/pot-de-fleurs-classique-en-plastique\/","title":{"rendered":"Pot de fleurs classique en plastique"},"content":{"rendered":"<h3>D\u00e9tail du produit 1 : Pot de fleurs classique en plastique<\/h3>\n<p><strong>Titre<\/strong>: Pot de fleurs classique en plastique - Jardini\u00e8res durables et \u00e9l\u00e9gantes pour votre jardin<\/p>\n<p><img loading=\"lazy\" decoding=\"async\" class=\"size-medium wp-image-916\" src=\"https:\/\/www.ronboplastic.com\/wp-content\/uploads\/2025\/09\/RB-NCT08_01-300x300.jpg\" alt=\"ronbo sunrise planters\" width=\"300\" height=\"300\" \/><\/p>\n<div id=\"attachment_917\" style=\"width: 310px\" class=\"wp-caption alignnone\"><img loading=\"lazy\" decoding=\"async\" aria-describedby=\"caption-attachment-917\" class=\"size-medium wp-image-917\" src=\"https:\/\/www.ronboplastic.com\/wp-content\/uploads\/2025\/09\/RB-NCT08_03-300x300.jpg\" alt=\"ronbo sunrise planters\" width=\"300\" height=\"300\" \/><p id=\"caption-attachment-917\" class=\"wp-caption-text\">pots de fleurs<\/p><\/div>\n<p><strong>Description<\/strong>: Am\u00e9liorez votre jeu de jardinage avec nos pots de fleurs classiques en plastique, le m\u00e9lange parfait de durabilit\u00e9 et de style. Fabriqu\u00e9s en plastique de haute qualit\u00e9 r\u00e9sistant aux UV, ces pots sont con\u00e7us pour r\u00e9sister aux \u00e9l\u00e9ments, garantissant que vos plantes prosp\u00e8rent \u00e0 l'int\u00e9rieur comme \u00e0 l'ext\u00e9rieur.<\/p>\n<p><strong>Caract\u00e9ristiques du produit<\/strong>:<\/p>\n<ul>\n<li><strong>Construction durable<\/strong>: Fabriqu\u00e9s pour r\u00e9sister aux craquelures et \u00e0 la d\u00e9coloration, ces pots promettent long\u00e9vit\u00e9 et couleurs \u00e9clatantes pendant des ann\u00e9es.<\/li>\n<li><strong>Conception l\u00e9g\u00e8re<\/strong>: Facile \u00e0 d\u00e9placer et \u00e0 r\u00e9organiser, parfait pour les expositions saisonni\u00e8res ou la d\u00e9coration int\u00e9rieure.<\/li>\n<li><strong>Trous de drainage<\/strong>: Chaque pot est dot\u00e9 de trous de drainage int\u00e9gr\u00e9s pour \u00e9viter l'arrosage excessif et favoriser une croissance saine des racines.<\/li>\n<li><strong>Des tailles polyvalentes<\/strong>: Disponible en plusieurs tailles pour accueillir une large gamme de plantes, des fleurs d\u00e9licates aux herbes et l\u00e9gumes robustes.<\/li>\n<li><strong>Options \u00e9l\u00e9gantes<\/strong>: Choisissez parmi une vari\u00e9t\u00e9 de couleurs pour assortir votre d\u00e9cor \u00e0 la maison ou au jardin, et ajoutez une touche chic \u00e0 n'importe quel d\u00e9cor.<\/li>\n<\/ul>\n<p><strong>Sc\u00e9narios d'utilisation<\/strong>: Que vous souhaitiez planter des fleurs color\u00e9es sur votre terrasse, cr\u00e9er un jardin d'int\u00e9rieur luxuriant ou commencer votre collection d'herbes aromatiques dans la cuisine, nos pots de fleurs classiques en plastique sont le choix id\u00e9al pour tout amateur de plantes.<\/p>\n<p><strong>Mots cl\u00e9s<\/strong>: pot de fleurs en plastique, jardini\u00e8re durable, pots de jardin, jardinage d'int\u00e9rieur, jardini\u00e8res d'ext\u00e9rieur, pots r\u00e9sistants aux UV, jardini\u00e8res \u00e9l\u00e9gantes, pots de fleurs l\u00e9gers<\/p>","protected":false},"excerpt":{"rendered":"<p>Product Detail 1: Classic Plastic Flower Pot Title: Classic Plastic Flower Pot &#8211; Durable &amp; Stylish Planters for Your Garden<\/p>","protected":false},"featured_media":9430,"comment_status":"open","ping_status":"open","template":"","meta":[],"product_brand":[],"product_cat":[80],"product_tag":[99,103,107,110],"class_list":{"0":"post-9426","1":"product","2":"type-product","3":"status-publish","4":"has-post-thumbnail","6":"product_cat-decorative-potsampplanters","7":"product_tag-plant-pots","8":"product_tag-decorative-planters","9":"product_tag-flower-pots","10":"product_tag-garden-supplies","12":"first","13":"instock","14":"shipping-taxable","15":"product-type-simple"},"yoast_head":"<!-- This site is optimized with the Yoast SEO plugin v26.1.1 - https:\/\/yoast.com\/wordpress\/plugins\/seo\/ -->\n<title>Classic Plastic Flower Pot - Ronbo Sunrise Pots &amp; Planters<\/title>\n<meta name=\"robots\" content=\"index, follow, max-snippet:-1, max-image-preview:large, max-video-preview:-1\" \/>\n<link rel=\"canonical\" href=\"https:\/\/www.ronboplastic.com\/fr\/produit\/pot-de-fleurs-classique-en-plastique\/\" \/>\n<meta property=\"og:locale\" content=\"fr_FR\" \/>\n<meta property=\"og:type\" content=\"article\" \/>\n<meta property=\"og:title\" content=\"Classic Plastic Flower Pot - Ronbo Sunrise Pots &amp; Planters\" \/>\n<meta property=\"og:description\" content=\"Product Detail 1: Classic Plastic Flower Pot Title: Classic Plastic Flower Pot &#8211; Durable &amp; Stylish Planters for Your Garden\" \/>\n<meta property=\"og:url\" content=\"https:\/\/www.ronboplastic.com\/fr\/produit\/pot-de-fleurs-classique-en-plastique\/\" \/>\n<meta property=\"og:site_name\" content=\"Ronbo Sunrise Pots &amp; Planters\" \/>\n<meta property=\"article:modified_time\" content=\"2025-09-08T06:21:15+00:00\" \/>\n<meta property=\"og:image\" content=\"https:\/\/www.ronboplastic.com\/wp-content\/uploads\/2025\/09\/2-1-5.jpg\" \/>\n\t<meta property=\"og:image:width\" content=\"800\" \/>\n\t<meta property=\"og:image:height\" content=\"800\" \/>\n\t<meta property=\"og:image:type\" content=\"image\/jpeg\" \/>\n<meta name=\"twitter:card\" content=\"summary_large_image\" \/>\n<meta name=\"twitter:label1\" content=\"Dur\u00e9e de lecture estim\u00e9e\" \/>\n\t<meta name=\"twitter:data1\" content=\"1 minute\" \/>\n<script type=\"application\/ld+json\" class=\"yoast-schema-graph\">{\"@context\":\"https:\/\/schema.org\",\"@graph\":[{\"@type\":\"WebPage\",\"@id\":\"https:\/\/www.ronboplastic.com\/ru\/%d0%bf%d1%80%d0%be%d0%b4%d1%83%d0%ba%d1%82\/classic-plastic-flower-pot\/\",\"url\":\"https:\/\/www.ronboplastic.com\/ru\/%d0%bf%d1%80%d0%be%d0%b4%d1%83%d0%ba%d1%82\/classic-plastic-flower-pot\/\",\"name\":\"Classic Plastic Flower Pot - Ronbo Sunrise Pots &amp; Planters\",\"isPartOf\":{\"@id\":\"https:\/\/www.ronboplastic.com\/#website\"},\"primaryImageOfPage\":{\"@id\":\"https:\/\/www.ronboplastic.com\/ru\/%d0%bf%d1%80%d0%be%d0%b4%d1%83%d0%ba%d1%82\/classic-plastic-flower-pot\/#primaryimage\"},\"image\":{\"@id\":\"https:\/\/www.ronboplastic.com\/ru\/%d0%bf%d1%80%d0%be%d0%b4%d1%83%d0%ba%d1%82\/classic-plastic-flower-pot\/#primaryimage\"},\"thumbnailUrl\":\"https:\/\/www.ronboplastic.com\/wp-content\/uploads\/2025\/09\/2-1-5.jpg\",\"datePublished\":\"2024-11-03T22:41:49+00:00\",\"dateModified\":\"2025-09-08T06:21:15+00:00\",\"breadcrumb\":{\"@id\":\"https:\/\/www.ronboplastic.com\/ru\/%d0%bf%d1%80%d0%be%d0%b4%d1%83%d0%ba%d1%82\/classic-plastic-flower-pot\/#breadcrumb\"},\"inLanguage\":\"fr-FR\",\"potentialAction\":[{\"@type\":\"ReadAction\",\"target\":[\"https:\/\/www.ronboplastic.com\/ru\/%d0%bf%d1%80%d0%be%d0%b4%d1%83%d0%ba%d1%82\/classic-plastic-flower-pot\/\"]}]},{\"@type\":\"ImageObject\",\"inLanguage\":\"fr-FR\",\"@id\":\"https:\/\/www.ronboplastic.com\/ru\/%d0%bf%d1%80%d0%be%d0%b4%d1%83%d0%ba%d1%82\/classic-plastic-flower-pot\/#primaryimage\",\"url\":\"https:\/\/www.ronboplastic.com\/wp-content\/uploads\/2025\/09\/2-1-5.jpg\",\"contentUrl\":\"https:\/\/www.ronboplastic.com\/wp-content\/uploads\/2025\/09\/2-1-5.jpg\",\"width\":800,\"height\":800,\"caption\":\"flower pots\"},{\"@type\":\"BreadcrumbList\",\"@id\":\"https:\/\/www.ronboplastic.com\/ru\/%d0%bf%d1%80%d0%be%d0%b4%d1%83%d0%ba%d1%82\/classic-plastic-flower-pot\/#breadcrumb\",\"itemListElement\":[{\"@type\":\"ListItem\",\"position\":1,\"name\":\"\u9996\u9875\",\"item\":\"https:\/\/www.ronboplastic.com\/\"},{\"@type\":\"ListItem\",\"position\":2,\"name\":\"Products\",\"item\":\"http:\/\/www.ronboplastic.com\/products\/\"},{\"@type\":\"ListItem\",\"position\":3,\"name\":\"Classic Plastic Flower Pot\"}]},{\"@type\":\"WebSite\",\"@id\":\"https:\/\/www.ronboplastic.com\/#website\",\"url\":\"https:\/\/www.ronboplastic.com\/\",\"name\":\"Ronbo Sunrise Pots &amp; Planters\",\"description\":\"Flower Pots &amp; Planters\",\"potentialAction\":[{\"@type\":\"SearchAction\",\"target\":{\"@type\":\"EntryPoint\",\"urlTemplate\":\"https:\/\/www.ronboplastic.com\/?s={search_term_string}\"},\"query-input\":{\"@type\":\"PropertyValueSpecification\",\"valueRequired\":true,\"valueName\":\"search_term_string\"}}],\"inLanguage\":\"fr-FR\"}]}<\/script>\n<!-- \/ Yoast SEO plugin. -->","yoast_head_json":{"title":"Classic Plastic Flower Pot - Ronbo Sunrise Pots &amp; Planters","robots":{"index":"index","follow":"follow","max-snippet":"max-snippet:-1","max-image-preview":"max-image-preview:large","max-video-preview":"max-video-preview:-1"},"canonical":"https:\/\/www.ronboplastic.com\/fr\/produit\/pot-de-fleurs-classique-en-plastique\/","og_locale":"fr_FR","og_type":"article","og_title":"Classic Plastic Flower Pot - Ronbo Sunrise Pots &amp; Planters","og_description":"Product Detail 1: Classic Plastic Flower Pot Title: Classic Plastic Flower Pot &#8211; Durable &amp; Stylish Planters for Your Garden","og_url":"https:\/\/www.ronboplastic.com\/fr\/produit\/pot-de-fleurs-classique-en-plastique\/","og_site_name":"Ronbo Sunrise Pots &amp; Planters","article_modified_time":"2025-09-08T06:21:15+00:00","og_image":[{"width":800,"height":800,"url":"https:\/\/www.ronboplastic.com\/wp-content\/uploads\/2025\/09\/2-1-5.jpg","type":"image\/jpeg"}],"twitter_card":"summary_large_image","twitter_misc":{"Dur\u00e9e de lecture estim\u00e9e":"1 minute"},"schema":{"@context":"https:\/\/schema.org","@graph":[{"@type":"WebPage","@id":"https:\/\/www.ronboplastic.com\/ru\/%d0%bf%d1%80%d0%be%d0%b4%d1%83%d0%ba%d1%82\/classic-plastic-flower-pot\/","url":"https:\/\/www.ronboplastic.com\/ru\/%d0%bf%d1%80%d0%be%d0%b4%d1%83%d0%ba%d1%82\/classic-plastic-flower-pot\/","name":"Classic Plastic Flower Pot - Ronbo Sunrise Pots &amp; Planters","isPartOf":{"@id":"https:\/\/www.ronboplastic.com\/#website"},"primaryImageOfPage":{"@id":"https:\/\/www.ronboplastic.com\/ru\/%d0%bf%d1%80%d0%be%d0%b4%d1%83%d0%ba%d1%82\/classic-plastic-flower-pot\/#primaryimage"},"image":{"@id":"https:\/\/www.ronboplastic.com\/ru\/%d0%bf%d1%80%d0%be%d0%b4%d1%83%d0%ba%d1%82\/classic-plastic-flower-pot\/#primaryimage"},"thumbnailUrl":"https:\/\/www.ronboplastic.com\/wp-content\/uploads\/2025\/09\/2-1-5.jpg","datePublished":"2024-11-03T22:41:49+00:00","dateModified":"2025-09-08T06:21:15+00:00","breadcrumb":{"@id":"https:\/\/www.ronboplastic.com\/ru\/%d0%bf%d1%80%d0%be%d0%b4%d1%83%d0%ba%d1%82\/classic-plastic-flower-pot\/#breadcrumb"},"inLanguage":"fr-FR","potentialAction":[{"@type":"ReadAction","target":["https:\/\/www.ronboplastic.com\/ru\/%d0%bf%d1%80%d0%be%d0%b4%d1%83%d0%ba%d1%82\/classic-plastic-flower-pot\/"]}]},{"@type":"ImageObject","inLanguage":"fr-FR","@id":"https:\/\/www.ronboplastic.com\/ru\/%d0%bf%d1%80%d0%be%d0%b4%d1%83%d0%ba%d1%82\/classic-plastic-flower-pot\/#primaryimage","url":"https:\/\/www.ronboplastic.com\/wp-content\/uploads\/2025\/09\/2-1-5.jpg","contentUrl":"https:\/\/www.ronboplastic.com\/wp-content\/uploads\/2025\/09\/2-1-5.jpg","width":800,"height":800,"caption":"flower pots"},{"@type":"BreadcrumbList","@id":"https:\/\/www.ronboplastic.com\/ru\/%d0%bf%d1%80%d0%be%d0%b4%d1%83%d0%ba%d1%82\/classic-plastic-flower-pot\/#breadcrumb","itemListElement":[{"@type":"ListItem","position":1,"name":"\u9996\u9875","item":"https:\/\/www.ronboplastic.com\/"},{"@type":"ListItem","position":2,"name":"Products","item":"http:\/\/www.ronboplastic.com\/products\/"},{"@type":"ListItem","position":3,"name":"Classic Plastic Flower Pot"}]},{"@type":"WebSite","@id":"https:\/\/www.ronboplastic.com\/#website","url":"https:\/\/www.ronboplastic.com\/","name":"Ronbo Sunrise Pots &amp; Planters","description":"Pots de fleurs et jardini\u00e8res","potentialAction":[{"@type":"SearchAction","target":{"@type":"EntryPoint","urlTemplate":"https:\/\/www.ronboplastic.com\/?s={search_term_string}"},"query-input":{"@type":"PropertyValueSpecification","valueRequired":true,"valueName":"search_term_string"}}],"inLanguage":"fr-FR"}]}},"_links":{"self":[{"href":"http:\/\/www.ronboplastic.com\/fr\/wp-json\/wp\/v2\/product\/9426","targetHints":{"allow":["GET"]}}],"collection":[{"href":"http:\/\/www.ronboplastic.com\/fr\/wp-json\/wp\/v2\/product"}],"about":[{"href":"http:\/\/www.ronboplastic.com\/fr\/wp-json\/wp\/v2\/types\/product"}],"replies":[{"embeddable":true,"href":"http:\/\/www.ronboplastic.com\/fr\/wp-json\/wp\/v2\/comments?post=9426"}],"wp:featuredmedia":[{"embeddable":true,"href":"http:\/\/www.ronboplastic.com\/fr\/wp-json\/wp\/v2\/media\/9430"}],"wp:attachment":[{"href":"http:\/\/www.ronboplastic.com\/fr\/wp-json\/wp\/v2\/media?parent=9426"}],"wp:term":[{"taxonomy":"product_brand","embeddable":true,"href":"http:\/\/www.ronboplastic.com\/fr\/wp-json\/wp\/v2\/product_brand?post=9426"},{"taxonomy":"product_cat","embeddable":true,"href":"http:\/\/www.ronboplastic.com\/fr\/wp-json\/wp\/v2\/product_cat?post=9426"},{"taxonomy":"product_tag","embeddable":true,"href":"http:\/\/www.ronboplastic.com\/fr\/wp-json\/wp\/v2\/product_tag?post=9426"}],"curies":[{"name":"wp","href":"https:\/\/api.w.org\/{rel}","templated":true}]}}