{"id":9400,"date":"2024-10-31T06:19:52","date_gmt":"2024-10-30T22:19:52","guid":{"rendered":"https:\/\/www.ronboplastic.com\/index.php\/product\/plastic-plant-pots-indoor-outdoor-gardening\/"},"modified":"2025-09-08T14:21:01","modified_gmt":"2025-09-08T06:21:01","slug":"pots-en-plastique-pour-plantes-dinterieur-et-dexterieur","status":"publish","type":"product","link":"http:\/\/www.ronboplastic.com\/fr\/produit\/pots-en-plastique-pour-plantes-dinterieur-et-dexterieur\/","title":{"rendered":"Pots en plastique pour plantes d'int\u00e9rieur et d'ext\u00e9rieur"},"content":{"rendered":"<p><strong>Meta Description :<\/strong><br \/>\nPots en plastique de haute qualit\u00e9 et durables, con\u00e7us pour tous les besoins de jardinage \u00e0 l'int\u00e9rieur et \u00e0 l'ext\u00e9rieur. L\u00e9gers, \u00e9l\u00e9gants et r\u00e9sistants aux intemp\u00e9ries.<\/p>\n<p><strong>Aper\u00e7u du produit :<\/strong><br \/>\nNos pots en plastique offrent une solution durable et \u00e9l\u00e9gante pour le jardinage d'int\u00e9rieur et d'ext\u00e9rieur. Ces pots sont fabriqu\u00e9s \u00e0 partir de mat\u00e9riaux r\u00e9sistants aux intemp\u00e9ries, ce qui leur permet de r\u00e9sister aux conditions ext\u00e9rieures tout en rehaussant votre d\u00e9cor. Ils sont parfaits pour les amateurs de plantes qui recherchent un \u00e9quilibre entre le style, la durabilit\u00e9 et la fonctionnalit\u00e9 de leurs contenants de jardin.<\/p>\n<p><strong>Caract\u00e9ristiques principales :<\/strong><\/p>\n<ul>\n<li><strong>Plastique r\u00e9sistant aux intemp\u00e9ries<\/strong>: Con\u00e7u pour r\u00e9sister au soleil, \u00e0 la pluie et au froid pour une utilisation durable.<\/li>\n<li><strong>Conception l\u00e9g\u00e8re<\/strong>: Facile \u00e0 r\u00e9organiser, id\u00e9al pour les espaces int\u00e9rieurs et ext\u00e9rieurs.<\/li>\n<li><strong>\u00c9l\u00e9gant et pratique<\/strong>: Compl\u00e8te la d\u00e9coration de la maison et l'esth\u00e9tique du jardin.<\/li>\n<li><strong>Disponible en diff\u00e9rentes tailles<\/strong>: Parfait pour les petites plantes et les grands arbustes.<\/li>\n<\/ul>\n<p><strong>Sp\u00e9cifications :<\/strong><\/p>\n<ul>\n<li><strong>Mat\u00e9riau<\/strong>: Plastique durable convenant \u00e0 toutes les saisons<\/li>\n<li><strong>Tailles<\/strong>: Petit, Moyen, Grand<\/li>\n<li><strong>Couleurs<\/strong>: Noir, blanc, vert et options personnalis\u00e9es<\/li>\n<li><strong>Utilisation<\/strong>: Pour l'int\u00e9rieur et l'ext\u00e9rieur<\/li>\n<\/ul>\n<p><strong>Mots-cl\u00e9s SEO :<\/strong><br \/>\npots de plantes durables, pots de jardin en plastique, conteneurs de jardinage int\u00e9rieur et ext\u00e9rieur, pots de fleurs r\u00e9sistants aux intemp\u00e9ries, conteneurs de plantes \u00e9l\u00e9gants<\/p>","protected":false},"excerpt":{"rendered":"<p>Pots de plantes en plastique durable pour le jardinage int\u00e9rieur et ext\u00e9rieur Pots de plantes Fournisseur en gros<\/p>","protected":false},"featured_media":9401,"comment_status":"open","ping_status":"open","template":"","meta":[],"product_brand":[],"product_cat":[80],"product_tag":[98,99],"class_list":{"0":"post-9400","1":"product","2":"type-product","3":"status-publish","4":"has-post-thumbnail","6":"product_cat-decorative-potsampplanters","7":"product_tag-plastic-flower-pots","8":"product_tag-plant-pots","10":"first","11":"instock","12":"shipping-taxable","13":"product-type-simple"},"yoast_head":"<!-- This site is optimized with the Yoast SEO plugin v26.1.1 - https:\/\/yoast.com\/wordpress\/plugins\/seo\/ -->\n<title>Plastic Plant Pots Indoor Outdoor Gardening - Ronbo Sunrise Pots &amp; Planters<\/title>\n<meta name=\"robots\" content=\"index, follow, max-snippet:-1, max-image-preview:large, max-video-preview:-1\" \/>\n<link rel=\"canonical\" href=\"https:\/\/www.ronboplastic.com\/fr\/produit\/pots-en-plastique-pour-plantes-dinterieur-et-dexterieur\/\" \/>\n<meta property=\"og:locale\" content=\"fr_FR\" \/>\n<meta property=\"og:type\" content=\"article\" \/>\n<meta property=\"og:title\" content=\"Plastic Plant Pots Indoor Outdoor Gardening - Ronbo Sunrise Pots &amp; Planters\" \/>\n<meta property=\"og:description\" content=\"Durable Plastic Plant Pots for Stylish Indoor and Outdoor Gardening Pots Planters Wholesale Supplier\" \/>\n<meta property=\"og:url\" content=\"https:\/\/www.ronboplastic.com\/fr\/produit\/pots-en-plastique-pour-plantes-dinterieur-et-dexterieur\/\" \/>\n<meta property=\"og:site_name\" content=\"Ronbo Sunrise Pots &amp; Planters\" \/>\n<meta property=\"article:modified_time\" content=\"2025-09-08T06:21:01+00:00\" \/>\n<meta property=\"og:image\" content=\"https:\/\/www.ronboplastic.com\/wp-content\/uploads\/2025\/09\/1-2-2.jpg\" \/>\n\t<meta property=\"og:image:width\" content=\"800\" \/>\n\t<meta property=\"og:image:height\" content=\"800\" \/>\n\t<meta property=\"og:image:type\" content=\"image\/jpeg\" \/>\n<meta name=\"twitter:card\" content=\"summary_large_image\" \/>\n<meta name=\"twitter:label1\" content=\"Dur\u00e9e de lecture estim\u00e9e\" \/>\n\t<meta name=\"twitter:data1\" content=\"1 minute\" \/>\n<script type=\"application\/ld+json\" class=\"yoast-schema-graph\">{\"@context\":\"https:\/\/schema.org\",\"@graph\":[{\"@type\":\"WebPage\",\"@id\":\"https:\/\/www.ronboplastic.com\/ru\/%d0%bf%d1%80%d0%be%d0%b4%d1%83%d0%ba%d1%82\/plastic-plant-pots-indoor-outdoor-gardening\/\",\"url\":\"https:\/\/www.ronboplastic.com\/ru\/%d0%bf%d1%80%d0%be%d0%b4%d1%83%d0%ba%d1%82\/plastic-plant-pots-indoor-outdoor-gardening\/\",\"name\":\"Plastic Plant Pots Indoor Outdoor Gardening - Ronbo Sunrise Pots &amp; Planters\",\"isPartOf\":{\"@id\":\"https:\/\/www.ronboplastic.com\/#website\"},\"primaryImageOfPage\":{\"@id\":\"https:\/\/www.ronboplastic.com\/ru\/%d0%bf%d1%80%d0%be%d0%b4%d1%83%d0%ba%d1%82\/plastic-plant-pots-indoor-outdoor-gardening\/#primaryimage\"},\"image\":{\"@id\":\"https:\/\/www.ronboplastic.com\/ru\/%d0%bf%d1%80%d0%be%d0%b4%d1%83%d0%ba%d1%82\/plastic-plant-pots-indoor-outdoor-gardening\/#primaryimage\"},\"thumbnailUrl\":\"https:\/\/www.ronboplastic.com\/wp-content\/uploads\/2025\/09\/1-2-2.jpg\",\"datePublished\":\"2024-10-30T22:19:52+00:00\",\"dateModified\":\"2025-09-08T06:21:01+00:00\",\"breadcrumb\":{\"@id\":\"https:\/\/www.ronboplastic.com\/ru\/%d0%bf%d1%80%d0%be%d0%b4%d1%83%d0%ba%d1%82\/plastic-plant-pots-indoor-outdoor-gardening\/#breadcrumb\"},\"inLanguage\":\"fr-FR\",\"potentialAction\":[{\"@type\":\"ReadAction\",\"target\":[\"https:\/\/www.ronboplastic.com\/ru\/%d0%bf%d1%80%d0%be%d0%b4%d1%83%d0%ba%d1%82\/plastic-plant-pots-indoor-outdoor-gardening\/\"]}]},{\"@type\":\"ImageObject\",\"inLanguage\":\"fr-FR\",\"@id\":\"https:\/\/www.ronboplastic.com\/ru\/%d0%bf%d1%80%d0%be%d0%b4%d1%83%d0%ba%d1%82\/plastic-plant-pots-indoor-outdoor-gardening\/#primaryimage\",\"url\":\"https:\/\/www.ronboplastic.com\/wp-content\/uploads\/2025\/09\/1-2-2.jpg\",\"contentUrl\":\"https:\/\/www.ronboplastic.com\/wp-content\/uploads\/2025\/09\/1-2-2.jpg\",\"width\":800,\"height\":800,\"caption\":\"flower pots for garden\"},{\"@type\":\"BreadcrumbList\",\"@id\":\"https:\/\/www.ronboplastic.com\/ru\/%d0%bf%d1%80%d0%be%d0%b4%d1%83%d0%ba%d1%82\/plastic-plant-pots-indoor-outdoor-gardening\/#breadcrumb\",\"itemListElement\":[{\"@type\":\"ListItem\",\"position\":1,\"name\":\"\u9996\u9875\",\"item\":\"https:\/\/www.ronboplastic.com\/\"},{\"@type\":\"ListItem\",\"position\":2,\"name\":\"Products\",\"item\":\"http:\/\/www.ronboplastic.com\/products\/\"},{\"@type\":\"ListItem\",\"position\":3,\"name\":\"Plastic Plant Pots Indoor Outdoor Gardening\"}]},{\"@type\":\"WebSite\",\"@id\":\"https:\/\/www.ronboplastic.com\/#website\",\"url\":\"https:\/\/www.ronboplastic.com\/\",\"name\":\"Ronbo Sunrise Pots &amp; Planters\",\"description\":\"Flower Pots &amp; Planters\",\"potentialAction\":[{\"@type\":\"SearchAction\",\"target\":{\"@type\":\"EntryPoint\",\"urlTemplate\":\"https:\/\/www.ronboplastic.com\/?s={search_term_string}\"},\"query-input\":{\"@type\":\"PropertyValueSpecification\",\"valueRequired\":true,\"valueName\":\"search_term_string\"}}],\"inLanguage\":\"fr-FR\"}]}<\/script>\n<!-- \/ Yoast SEO plugin. -->","yoast_head_json":{"title":"Plastic Plant Pots Indoor Outdoor Gardening - Ronbo Sunrise Pots &amp; Planters","robots":{"index":"index","follow":"follow","max-snippet":"max-snippet:-1","max-image-preview":"max-image-preview:large","max-video-preview":"max-video-preview:-1"},"canonical":"https:\/\/www.ronboplastic.com\/fr\/produit\/pots-en-plastique-pour-plantes-dinterieur-et-dexterieur\/","og_locale":"fr_FR","og_type":"article","og_title":"Plastic Plant Pots Indoor Outdoor Gardening - Ronbo Sunrise Pots &amp; Planters","og_description":"Durable Plastic Plant Pots for Stylish Indoor and Outdoor Gardening Pots Planters Wholesale Supplier","og_url":"https:\/\/www.ronboplastic.com\/fr\/produit\/pots-en-plastique-pour-plantes-dinterieur-et-dexterieur\/","og_site_name":"Ronbo Sunrise Pots &amp; Planters","article_modified_time":"2025-09-08T06:21:01+00:00","og_image":[{"width":800,"height":800,"url":"https:\/\/www.ronboplastic.com\/wp-content\/uploads\/2025\/09\/1-2-2.jpg","type":"image\/jpeg"}],"twitter_card":"summary_large_image","twitter_misc":{"Dur\u00e9e de lecture estim\u00e9e":"1 minute"},"schema":{"@context":"https:\/\/schema.org","@graph":[{"@type":"WebPage","@id":"https:\/\/www.ronboplastic.com\/ru\/%d0%bf%d1%80%d0%be%d0%b4%d1%83%d0%ba%d1%82\/plastic-plant-pots-indoor-outdoor-gardening\/","url":"https:\/\/www.ronboplastic.com\/ru\/%d0%bf%d1%80%d0%be%d0%b4%d1%83%d0%ba%d1%82\/plastic-plant-pots-indoor-outdoor-gardening\/","name":"Plastic Plant Pots Indoor Outdoor Gardening - Ronbo Sunrise Pots &amp; Planters","isPartOf":{"@id":"https:\/\/www.ronboplastic.com\/#website"},"primaryImageOfPage":{"@id":"https:\/\/www.ronboplastic.com\/ru\/%d0%bf%d1%80%d0%be%d0%b4%d1%83%d0%ba%d1%82\/plastic-plant-pots-indoor-outdoor-gardening\/#primaryimage"},"image":{"@id":"https:\/\/www.ronboplastic.com\/ru\/%d0%bf%d1%80%d0%be%d0%b4%d1%83%d0%ba%d1%82\/plastic-plant-pots-indoor-outdoor-gardening\/#primaryimage"},"thumbnailUrl":"https:\/\/www.ronboplastic.com\/wp-content\/uploads\/2025\/09\/1-2-2.jpg","datePublished":"2024-10-30T22:19:52+00:00","dateModified":"2025-09-08T06:21:01+00:00","breadcrumb":{"@id":"https:\/\/www.ronboplastic.com\/ru\/%d0%bf%d1%80%d0%be%d0%b4%d1%83%d0%ba%d1%82\/plastic-plant-pots-indoor-outdoor-gardening\/#breadcrumb"},"inLanguage":"fr-FR","potentialAction":[{"@type":"ReadAction","target":["https:\/\/www.ronboplastic.com\/ru\/%d0%bf%d1%80%d0%be%d0%b4%d1%83%d0%ba%d1%82\/plastic-plant-pots-indoor-outdoor-gardening\/"]}]},{"@type":"ImageObject","inLanguage":"fr-FR","@id":"https:\/\/www.ronboplastic.com\/ru\/%d0%bf%d1%80%d0%be%d0%b4%d1%83%d0%ba%d1%82\/plastic-plant-pots-indoor-outdoor-gardening\/#primaryimage","url":"https:\/\/www.ronboplastic.com\/wp-content\/uploads\/2025\/09\/1-2-2.jpg","contentUrl":"https:\/\/www.ronboplastic.com\/wp-content\/uploads\/2025\/09\/1-2-2.jpg","width":800,"height":800,"caption":"flower pots for garden"},{"@type":"BreadcrumbList","@id":"https:\/\/www.ronboplastic.com\/ru\/%d0%bf%d1%80%d0%be%d0%b4%d1%83%d0%ba%d1%82\/plastic-plant-pots-indoor-outdoor-gardening\/#breadcrumb","itemListElement":[{"@type":"ListItem","position":1,"name":"\u9996\u9875","item":"https:\/\/www.ronboplastic.com\/"},{"@type":"ListItem","position":2,"name":"Products","item":"http:\/\/www.ronboplastic.com\/products\/"},{"@type":"ListItem","position":3,"name":"Plastic Plant Pots Indoor Outdoor Gardening"}]},{"@type":"WebSite","@id":"https:\/\/www.ronboplastic.com\/#website","url":"https:\/\/www.ronboplastic.com\/","name":"Ronbo Sunrise Pots &amp; Planters","description":"Pots de fleurs et jardini\u00e8res","potentialAction":[{"@type":"SearchAction","target":{"@type":"EntryPoint","urlTemplate":"https:\/\/www.ronboplastic.com\/?s={search_term_string}"},"query-input":{"@type":"PropertyValueSpecification","valueRequired":true,"valueName":"search_term_string"}}],"inLanguage":"fr-FR"}]}},"_links":{"self":[{"href":"http:\/\/www.ronboplastic.com\/fr\/wp-json\/wp\/v2\/product\/9400","targetHints":{"allow":["GET"]}}],"collection":[{"href":"http:\/\/www.ronboplastic.com\/fr\/wp-json\/wp\/v2\/product"}],"about":[{"href":"http:\/\/www.ronboplastic.com\/fr\/wp-json\/wp\/v2\/types\/product"}],"replies":[{"embeddable":true,"href":"http:\/\/www.ronboplastic.com\/fr\/wp-json\/wp\/v2\/comments?post=9400"}],"wp:featuredmedia":[{"embeddable":true,"href":"http:\/\/www.ronboplastic.com\/fr\/wp-json\/wp\/v2\/media\/9401"}],"wp:attachment":[{"href":"http:\/\/www.ronboplastic.com\/fr\/wp-json\/wp\/v2\/media?parent=9400"}],"wp:term":[{"taxonomy":"product_brand","embeddable":true,"href":"http:\/\/www.ronboplastic.com\/fr\/wp-json\/wp\/v2\/product_brand?post=9400"},{"taxonomy":"product_cat","embeddable":true,"href":"http:\/\/www.ronboplastic.com\/fr\/wp-json\/wp\/v2\/product_cat?post=9400"},{"taxonomy":"product_tag","embeddable":true,"href":"http:\/\/www.ronboplastic.com\/fr\/wp-json\/wp\/v2\/product_tag?post=9400"}],"curies":[{"name":"wp","href":"https:\/\/api.w.org\/{rel}","templated":true}]}}