{"id":9397,"date":"2024-10-30T06:40:20","date_gmt":"2024-10-29T22:40:20","guid":{"rendered":"https:\/\/www.ronboplastic.com\/index.php\/product\/wholesale-plastic-flower-pots\/"},"modified":"2025-09-08T14:20:58","modified_gmt":"2025-09-08T06:20:58","slug":"pots-de-fleurs-en-plastique-en-gros","status":"publish","type":"product","link":"http:\/\/www.ronboplastic.com\/fr\/produit\/pots-de-fleurs-en-plastique-en-gros\/","title":{"rendered":"Vente en gros de pots de fleurs en plastique"},"content":{"rendered":"<p><strong>Pots de fleurs en plastique \u00e9l\u00e9gants et fonctionnels pour tous les espaces<\/strong><\/p>\n<p>Transformez vos espaces de vie avec nos pots de fleurs en plastique de haute qualit\u00e9, con\u00e7us pour l'int\u00e9rieur et l'ext\u00e9rieur. Ces pots polyvalents ne se contentent pas de mettre en valeur la beaut\u00e9 de vos plantes, ils offrent \u00e9galement des avantages pratiques aux amateurs de jardinage.<\/p>\n<h3>Points forts du produit :<\/h3>\n<ul>\n<li><strong>Robuste et r\u00e9sistant aux intemp\u00e9ries<\/strong>: Fabriqu\u00e9s \u00e0 partir de mat\u00e9riaux plastiques de premi\u00e8re qualit\u00e9, nos pots sont con\u00e7us pour r\u00e9sister \u00e0 la d\u00e9coloration, \u00e0 la fissuration et aux dommages caus\u00e9s par les \u00e9l\u00e9ments, garantissant ainsi une performance durable.<\/li>\n<li><strong>Une esth\u00e9tique \u00e9l\u00e9gante<\/strong>: Disponibles dans une vari\u00e9t\u00e9 de couleurs et de designs modernes, ces pots de fleurs constituent un ajout \u00e9l\u00e9gant \u00e0 la d\u00e9coration de la maison, du jardin ou du bureau.<\/li>\n<li><strong>Conception d'un syst\u00e8me de drainage efficace<\/strong>: Chaque pot comporte des trous de drainage strat\u00e9giquement plac\u00e9s, permettant \u00e0 l'eau exc\u00e9dentaire de s'\u00e9chapper et favorisant une croissance saine des racines de vos plantes.<\/li>\n<li><strong>L\u00e9ger et pratique<\/strong>: Gr\u00e2ce \u00e0 la l\u00e9g\u00e8ret\u00e9 de nos pots en plastique, vous pouvez facilement d\u00e9placer et r\u00e9organiser vos plantes.<\/li>\n<li><strong>Options personnalis\u00e9es disponibles<\/strong>: Nous proposons des tailles personnalisables et des options d'achat en gros pour r\u00e9pondre \u00e0 vos besoins sp\u00e9cifiques, qu'il s'agisse de jardinage personnel ou d'utilisation commerciale.<\/li>\n<\/ul>\n<h3>Parfait pour :<\/h3>\n<ul>\n<li><strong>Jardins d'int\u00e9rieur<\/strong>: Am\u00e9liorez l'esth\u00e9tique de votre jardin avec de magnifiques compositions florales.<\/li>\n<li><strong>Espaces commerciaux<\/strong>: Cr\u00e9ez une atmosph\u00e8re accueillante dans les bureaux, les caf\u00e9s et les restaurants.<\/li>\n<li><strong>Les amateurs de plantes d'int\u00e9rieur<\/strong>: Mettez en valeur vos plantes pr\u00e9f\u00e9r\u00e9es avec \u00e9l\u00e9gance et facilit\u00e9.<\/li>\n<\/ul>","protected":false},"excerpt":{"rendered":"<p>Pots de fleurs en plastique \u00e9l\u00e9gants et fonctionnels pour chaque espace Transformez vos espaces de vie avec nos pots de fleurs en plastique de haute qualit\u00e9, con\u00e7us pour \u00eatre utilis\u00e9s dans le cadre d'un projet de d\u00e9veloppement durable.<\/p>","protected":false},"featured_media":9398,"comment_status":"open","ping_status":"open","template":"","meta":[],"product_brand":[],"product_cat":[80],"product_tag":[98,103,106],"class_list":{"0":"post-9397","1":"product","2":"type-product","3":"status-publish","4":"has-post-thumbnail","6":"product_cat-decorative-potsampplanters","7":"product_tag-plastic-flower-pots","8":"product_tag-decorative-planters","9":"product_tag-plant-pots-wholesale","11":"first","12":"instock","13":"shipping-taxable","14":"product-type-simple"},"yoast_head":"<!-- This site is optimized with the Yoast SEO plugin v26.1.1 - https:\/\/yoast.com\/wordpress\/plugins\/seo\/ -->\n<title>Wholesale Plastic Flower Pots - Ronbo Sunrise Pots &amp; Planters<\/title>\n<meta name=\"robots\" content=\"index, follow, max-snippet:-1, max-image-preview:large, max-video-preview:-1\" \/>\n<link rel=\"canonical\" href=\"http:\/\/www.ronboplastic.com\/fr\/produit\/pots-de-fleurs-en-plastique-en-gros\/\" \/>\n<meta property=\"og:locale\" content=\"fr_FR\" \/>\n<meta property=\"og:type\" content=\"article\" \/>\n<meta property=\"og:title\" content=\"Wholesale Plastic Flower Pots - Ronbo Sunrise Pots &amp; Planters\" \/>\n<meta property=\"og:description\" content=\"Stylish and Functional Plastic Flower Pots for Every Space Transform your living areas with our high-quality plastic flower pots, designed\" \/>\n<meta property=\"og:url\" content=\"http:\/\/www.ronboplastic.com\/fr\/produit\/pots-de-fleurs-en-plastique-en-gros\/\" \/>\n<meta property=\"og:site_name\" content=\"Ronbo Sunrise Pots &amp; Planters\" \/>\n<meta property=\"article:modified_time\" content=\"2025-09-08T06:20:58+00:00\" \/>\n<meta property=\"og:image\" content=\"https:\/\/www.ronboplastic.com\/wp-content\/uploads\/2025\/09\/5-1-4.png\" \/>\n\t<meta property=\"og:image:width\" content=\"1600\" \/>\n\t<meta property=\"og:image:height\" content=\"1200\" \/>\n\t<meta property=\"og:image:type\" content=\"image\/png\" \/>\n<meta name=\"twitter:card\" content=\"summary_large_image\" \/>\n<meta name=\"twitter:label1\" content=\"Dur\u00e9e de lecture estim\u00e9e\" \/>\n\t<meta name=\"twitter:data1\" content=\"1 minute\" \/>\n<script type=\"application\/ld+json\" class=\"yoast-schema-graph\">{\"@context\":\"https:\/\/schema.org\",\"@graph\":[{\"@type\":\"WebPage\",\"@id\":\"http:\/\/www.ronboplastic.com\/ru\/%d0%bf%d1%80%d0%be%d0%b4%d1%83%d0%ba%d1%82\/wholesale-plastic-flower-pots\/\",\"url\":\"http:\/\/www.ronboplastic.com\/ru\/%d0%bf%d1%80%d0%be%d0%b4%d1%83%d0%ba%d1%82\/wholesale-plastic-flower-pots\/\",\"name\":\"Wholesale Plastic Flower Pots - Ronbo Sunrise Pots &amp; Planters\",\"isPartOf\":{\"@id\":\"https:\/\/www.ronboplastic.com\/#website\"},\"primaryImageOfPage\":{\"@id\":\"http:\/\/www.ronboplastic.com\/ru\/%d0%bf%d1%80%d0%be%d0%b4%d1%83%d0%ba%d1%82\/wholesale-plastic-flower-pots\/#primaryimage\"},\"image\":{\"@id\":\"http:\/\/www.ronboplastic.com\/ru\/%d0%bf%d1%80%d0%be%d0%b4%d1%83%d0%ba%d1%82\/wholesale-plastic-flower-pots\/#primaryimage\"},\"thumbnailUrl\":\"https:\/\/www.ronboplastic.com\/wp-content\/uploads\/2025\/09\/5-1-4.png\",\"datePublished\":\"2024-10-29T22:40:20+00:00\",\"dateModified\":\"2025-09-08T06:20:58+00:00\",\"breadcrumb\":{\"@id\":\"http:\/\/www.ronboplastic.com\/ru\/%d0%bf%d1%80%d0%be%d0%b4%d1%83%d0%ba%d1%82\/wholesale-plastic-flower-pots\/#breadcrumb\"},\"inLanguage\":\"fr-FR\",\"potentialAction\":[{\"@type\":\"ReadAction\",\"target\":[\"http:\/\/www.ronboplastic.com\/ru\/%d0%bf%d1%80%d0%be%d0%b4%d1%83%d0%ba%d1%82\/wholesale-plastic-flower-pots\/\"]}]},{\"@type\":\"ImageObject\",\"inLanguage\":\"fr-FR\",\"@id\":\"http:\/\/www.ronboplastic.com\/ru\/%d0%bf%d1%80%d0%be%d0%b4%d1%83%d0%ba%d1%82\/wholesale-plastic-flower-pots\/#primaryimage\",\"url\":\"https:\/\/www.ronboplastic.com\/wp-content\/uploads\/2025\/09\/5-1-4.png\",\"contentUrl\":\"https:\/\/www.ronboplastic.com\/wp-content\/uploads\/2025\/09\/5-1-4.png\",\"width\":1600,\"height\":1200,\"caption\":\"flower pots plastic\"},{\"@type\":\"BreadcrumbList\",\"@id\":\"http:\/\/www.ronboplastic.com\/ru\/%d0%bf%d1%80%d0%be%d0%b4%d1%83%d0%ba%d1%82\/wholesale-plastic-flower-pots\/#breadcrumb\",\"itemListElement\":[{\"@type\":\"ListItem\",\"position\":1,\"name\":\"\u9996\u9875\",\"item\":\"https:\/\/www.ronboplastic.com\/\"},{\"@type\":\"ListItem\",\"position\":2,\"name\":\"Products\",\"item\":\"http:\/\/www.ronboplastic.com\/products\/\"},{\"@type\":\"ListItem\",\"position\":3,\"name\":\"Wholesale Plastic Flower Pots\"}]},{\"@type\":\"WebSite\",\"@id\":\"https:\/\/www.ronboplastic.com\/#website\",\"url\":\"https:\/\/www.ronboplastic.com\/\",\"name\":\"Ronbo Sunrise Pots &amp; Planters\",\"description\":\"Flower Pots &amp; Planters\",\"potentialAction\":[{\"@type\":\"SearchAction\",\"target\":{\"@type\":\"EntryPoint\",\"urlTemplate\":\"https:\/\/www.ronboplastic.com\/?s={search_term_string}\"},\"query-input\":{\"@type\":\"PropertyValueSpecification\",\"valueRequired\":true,\"valueName\":\"search_term_string\"}}],\"inLanguage\":\"fr-FR\"}]}<\/script>\n<!-- \/ Yoast SEO plugin. -->","yoast_head_json":{"title":"Wholesale Plastic Flower Pots - Ronbo Sunrise Pots &amp; Planters","robots":{"index":"index","follow":"follow","max-snippet":"max-snippet:-1","max-image-preview":"max-image-preview:large","max-video-preview":"max-video-preview:-1"},"canonical":"http:\/\/www.ronboplastic.com\/fr\/produit\/pots-de-fleurs-en-plastique-en-gros\/","og_locale":"fr_FR","og_type":"article","og_title":"Wholesale Plastic Flower Pots - Ronbo Sunrise Pots &amp; Planters","og_description":"Stylish and Functional Plastic Flower Pots for Every Space Transform your living areas with our high-quality plastic flower pots, designed","og_url":"http:\/\/www.ronboplastic.com\/fr\/produit\/pots-de-fleurs-en-plastique-en-gros\/","og_site_name":"Ronbo Sunrise Pots &amp; Planters","article_modified_time":"2025-09-08T06:20:58+00:00","og_image":[{"width":1600,"height":1200,"url":"https:\/\/www.ronboplastic.com\/wp-content\/uploads\/2025\/09\/5-1-4.png","type":"image\/png"}],"twitter_card":"summary_large_image","twitter_misc":{"Dur\u00e9e de lecture estim\u00e9e":"1 minute"},"schema":{"@context":"https:\/\/schema.org","@graph":[{"@type":"WebPage","@id":"http:\/\/www.ronboplastic.com\/ru\/%d0%bf%d1%80%d0%be%d0%b4%d1%83%d0%ba%d1%82\/wholesale-plastic-flower-pots\/","url":"http:\/\/www.ronboplastic.com\/ru\/%d0%bf%d1%80%d0%be%d0%b4%d1%83%d0%ba%d1%82\/wholesale-plastic-flower-pots\/","name":"Wholesale Plastic Flower Pots - Ronbo Sunrise Pots &amp; Planters","isPartOf":{"@id":"https:\/\/www.ronboplastic.com\/#website"},"primaryImageOfPage":{"@id":"http:\/\/www.ronboplastic.com\/ru\/%d0%bf%d1%80%d0%be%d0%b4%d1%83%d0%ba%d1%82\/wholesale-plastic-flower-pots\/#primaryimage"},"image":{"@id":"http:\/\/www.ronboplastic.com\/ru\/%d0%bf%d1%80%d0%be%d0%b4%d1%83%d0%ba%d1%82\/wholesale-plastic-flower-pots\/#primaryimage"},"thumbnailUrl":"https:\/\/www.ronboplastic.com\/wp-content\/uploads\/2025\/09\/5-1-4.png","datePublished":"2024-10-29T22:40:20+00:00","dateModified":"2025-09-08T06:20:58+00:00","breadcrumb":{"@id":"http:\/\/www.ronboplastic.com\/ru\/%d0%bf%d1%80%d0%be%d0%b4%d1%83%d0%ba%d1%82\/wholesale-plastic-flower-pots\/#breadcrumb"},"inLanguage":"fr-FR","potentialAction":[{"@type":"ReadAction","target":["http:\/\/www.ronboplastic.com\/ru\/%d0%bf%d1%80%d0%be%d0%b4%d1%83%d0%ba%d1%82\/wholesale-plastic-flower-pots\/"]}]},{"@type":"ImageObject","inLanguage":"fr-FR","@id":"http:\/\/www.ronboplastic.com\/ru\/%d0%bf%d1%80%d0%be%d0%b4%d1%83%d0%ba%d1%82\/wholesale-plastic-flower-pots\/#primaryimage","url":"https:\/\/www.ronboplastic.com\/wp-content\/uploads\/2025\/09\/5-1-4.png","contentUrl":"https:\/\/www.ronboplastic.com\/wp-content\/uploads\/2025\/09\/5-1-4.png","width":1600,"height":1200,"caption":"flower pots plastic"},{"@type":"BreadcrumbList","@id":"http:\/\/www.ronboplastic.com\/ru\/%d0%bf%d1%80%d0%be%d0%b4%d1%83%d0%ba%d1%82\/wholesale-plastic-flower-pots\/#breadcrumb","itemListElement":[{"@type":"ListItem","position":1,"name":"\u9996\u9875","item":"https:\/\/www.ronboplastic.com\/"},{"@type":"ListItem","position":2,"name":"Products","item":"http:\/\/www.ronboplastic.com\/products\/"},{"@type":"ListItem","position":3,"name":"Wholesale Plastic Flower Pots"}]},{"@type":"WebSite","@id":"https:\/\/www.ronboplastic.com\/#website","url":"https:\/\/www.ronboplastic.com\/","name":"Ronbo Sunrise Pots &amp; Planters","description":"Pots de fleurs et jardini\u00e8res","potentialAction":[{"@type":"SearchAction","target":{"@type":"EntryPoint","urlTemplate":"https:\/\/www.ronboplastic.com\/?s={search_term_string}"},"query-input":{"@type":"PropertyValueSpecification","valueRequired":true,"valueName":"search_term_string"}}],"inLanguage":"fr-FR"}]}},"_links":{"self":[{"href":"http:\/\/www.ronboplastic.com\/fr\/wp-json\/wp\/v2\/product\/9397","targetHints":{"allow":["GET"]}}],"collection":[{"href":"http:\/\/www.ronboplastic.com\/fr\/wp-json\/wp\/v2\/product"}],"about":[{"href":"http:\/\/www.ronboplastic.com\/fr\/wp-json\/wp\/v2\/types\/product"}],"replies":[{"embeddable":true,"href":"http:\/\/www.ronboplastic.com\/fr\/wp-json\/wp\/v2\/comments?post=9397"}],"wp:featuredmedia":[{"embeddable":true,"href":"http:\/\/www.ronboplastic.com\/fr\/wp-json\/wp\/v2\/media\/9398"}],"wp:attachment":[{"href":"http:\/\/www.ronboplastic.com\/fr\/wp-json\/wp\/v2\/media?parent=9397"}],"wp:term":[{"taxonomy":"product_brand","embeddable":true,"href":"http:\/\/www.ronboplastic.com\/fr\/wp-json\/wp\/v2\/product_brand?post=9397"},{"taxonomy":"product_cat","embeddable":true,"href":"http:\/\/www.ronboplastic.com\/fr\/wp-json\/wp\/v2\/product_cat?post=9397"},{"taxonomy":"product_tag","embeddable":true,"href":"http:\/\/www.ronboplastic.com\/fr\/wp-json\/wp\/v2\/product_tag?post=9397"}],"curies":[{"name":"wp","href":"https:\/\/api.w.org\/{rel}","templated":true}]}}