{"id":9379,"date":"2024-10-25T08:17:46","date_gmt":"2024-10-25T00:17:46","guid":{"rendered":"https:\/\/www.ronboplastic.com\/index.php\/product\/plastic-flower-pot-with-drainage-hole\/"},"modified":"2025-09-08T14:20:43","modified_gmt":"2025-09-08T06:20:43","slug":"pot-de-fleurs-en-plastique-avec-trou-de-drainage","status":"publish","type":"product","link":"http:\/\/www.ronboplastic.com\/fr\/produit\/pot-de-fleurs-en-plastique-avec-trou-de-drainage\/","title":{"rendered":"Pot de fleurs en plastique avec trou de drainage"},"content":{"rendered":"<p><strong>Description du produit :<\/strong><br \/>\nAm\u00e9liorez votre exp\u00e9rience de jardinage avec notre pot de fleurs en plastique de qualit\u00e9 sup\u00e9rieure, con\u00e7u pour rehausser tout espace int\u00e9rieur ou ext\u00e9rieur. Fabriqu\u00e9 en plastique durable et respectueux de l'environnement, ce pot de fleurs est con\u00e7u pour durer quelles que soient les conditions m\u00e9t\u00e9orologiques. Il est id\u00e9al pour les jardins, les patios, les balcons et bien plus encore.<\/p>\n<p><strong>Caract\u00e9ristiques principales :<\/strong><\/p>\n<ul>\n<li><strong>Mat\u00e9riau durable :<\/strong> Fabriqu\u00e9 en plastique de haute qualit\u00e9, il garantit la solidit\u00e9 et la long\u00e9vit\u00e9 des plantes.<\/li>\n<li><strong>Conception l\u00e9g\u00e8re :<\/strong> R\u00e9organisez sans effort les plantes \u00e0 l'int\u00e9rieur ou \u00e0 l'ext\u00e9rieur pour les adapter \u00e0 la saison ou \u00e0 l'humeur du moment.<\/li>\n<li><strong>R\u00e9sistant aux intemp\u00e9ries :<\/strong> Prot\u00e9g\u00e9 contre les UV et r\u00e9sistant au gel, il est con\u00e7u pour une utilisation tout au long de l'ann\u00e9e.<\/li>\n<li><strong>Respectueux de l'environnement :<\/strong> Fabriqu\u00e9 avec des mat\u00e9riaux recyclables 100%, il favorise le jardinage durable.<\/li>\n<li><strong>Look \u00e9l\u00e9gant :<\/strong> Un design moderne et simple qui s'adapte \u00e0 tous les styles de d\u00e9coration et qui met en valeur vos plantes.<\/li>\n<\/ul>\n<p><strong>Id\u00e9al pour :<\/strong><br \/>\nUn pot polyvalent, parfait pour une vari\u00e9t\u00e9 de plantes, y compris les succulentes, les fleurs, les herbes et les petits l\u00e9gumes. Id\u00e9al pour la maison, le bureau, le jardin, la terrasse et le balcon.<\/p>\n<p><strong>Instructions d'entretien :<\/strong><br \/>\nNettoyer avec un chiffon doux et humide si n\u00e9cessaire. \u00c9viter les produits chimiques agressifs pour pr\u00e9server la finition.<\/p>","protected":false},"excerpt":{"rendered":"<p>Notre pot de fleurs en plastique est un choix \u00e9l\u00e9gant et respectueux de l'environnement pour les amoureux des plantes, con\u00e7u pour prosp\u00e9rer \u00e0 l'int\u00e9rieur ou \u00e0 l'ext\u00e9rieur. Fabriqu\u00e9 en plastique durable et respectueux de l'environnement, ce pot s'int\u00e8gre \u00e0 tous les d\u00e9cors et r\u00e9siste \u00e0 toutes les conditions m\u00e9t\u00e9orologiques.<\/p>","protected":false},"featured_media":9380,"comment_status":"open","ping_status":"open","template":"","meta":[],"product_brand":[],"product_cat":[80],"product_tag":[98],"class_list":{"0":"post-9379","1":"product","2":"type-product","3":"status-publish","4":"has-post-thumbnail","6":"product_cat-decorative-potsampplanters","7":"product_tag-plastic-flower-pots","9":"first","10":"instock","11":"shipping-taxable","12":"product-type-simple"},"yoast_head":"<!-- This site is optimized with the Yoast SEO plugin v26.1.1 - https:\/\/yoast.com\/wordpress\/plugins\/seo\/ -->\n<title>Plastic Flower Pot with Drainage Hole - Ronbo Sunrise Pots &amp; Planters<\/title>\n<meta name=\"robots\" content=\"index, follow, max-snippet:-1, max-image-preview:large, max-video-preview:-1\" \/>\n<link rel=\"canonical\" href=\"https:\/\/www.ronboplastic.com\/fr\/produit\/pot-de-fleurs-en-plastique-avec-trou-de-drainage\/\" \/>\n<meta property=\"og:locale\" content=\"fr_FR\" \/>\n<meta property=\"og:type\" content=\"article\" \/>\n<meta property=\"og:title\" content=\"Plastic Flower Pot with Drainage Hole - Ronbo Sunrise Pots &amp; Planters\" \/>\n<meta property=\"og:description\" content=\"Our plastic flower pot is a stylish and eco-conscious choice for plant lovers, crafted to thrive indoors or outdoors. Built with durable, eco-friendly plastic, this pot complements any decor while withstanding all weather conditions.\" \/>\n<meta property=\"og:url\" content=\"https:\/\/www.ronboplastic.com\/fr\/produit\/pot-de-fleurs-en-plastique-avec-trou-de-drainage\/\" \/>\n<meta property=\"og:site_name\" content=\"Ronbo Sunrise Pots &amp; Planters\" \/>\n<meta property=\"article:modified_time\" content=\"2025-09-08T06:20:43+00:00\" \/>\n<meta property=\"og:image\" content=\"https:\/\/www.ronboplastic.com\/wp-content\/uploads\/2025\/09\/1-13.jpg\" \/>\n\t<meta property=\"og:image:width\" content=\"800\" \/>\n\t<meta property=\"og:image:height\" content=\"800\" \/>\n\t<meta property=\"og:image:type\" content=\"image\/jpeg\" \/>\n<meta name=\"twitter:card\" content=\"summary_large_image\" \/>\n<meta name=\"twitter:label1\" content=\"Dur\u00e9e de lecture estim\u00e9e\" \/>\n\t<meta name=\"twitter:data1\" content=\"1 minute\" \/>\n<script type=\"application\/ld+json\" class=\"yoast-schema-graph\">{\"@context\":\"https:\/\/schema.org\",\"@graph\":[{\"@type\":\"WebPage\",\"@id\":\"https:\/\/www.ronboplastic.com\/ru\/%d0%bf%d1%80%d0%be%d0%b4%d1%83%d0%ba%d1%82\/plastic-flower-pot-with-drainage-hole\/\",\"url\":\"https:\/\/www.ronboplastic.com\/ru\/%d0%bf%d1%80%d0%be%d0%b4%d1%83%d0%ba%d1%82\/plastic-flower-pot-with-drainage-hole\/\",\"name\":\"Plastic Flower Pot with Drainage Hole - Ronbo Sunrise Pots &amp; Planters\",\"isPartOf\":{\"@id\":\"https:\/\/www.ronboplastic.com\/#website\"},\"primaryImageOfPage\":{\"@id\":\"https:\/\/www.ronboplastic.com\/ru\/%d0%bf%d1%80%d0%be%d0%b4%d1%83%d0%ba%d1%82\/plastic-flower-pot-with-drainage-hole\/#primaryimage\"},\"image\":{\"@id\":\"https:\/\/www.ronboplastic.com\/ru\/%d0%bf%d1%80%d0%be%d0%b4%d1%83%d0%ba%d1%82\/plastic-flower-pot-with-drainage-hole\/#primaryimage\"},\"thumbnailUrl\":\"https:\/\/www.ronboplastic.com\/wp-content\/uploads\/2025\/09\/1-13.jpg\",\"datePublished\":\"2024-10-25T00:17:46+00:00\",\"dateModified\":\"2025-09-08T06:20:43+00:00\",\"breadcrumb\":{\"@id\":\"https:\/\/www.ronboplastic.com\/ru\/%d0%bf%d1%80%d0%be%d0%b4%d1%83%d0%ba%d1%82\/plastic-flower-pot-with-drainage-hole\/#breadcrumb\"},\"inLanguage\":\"fr-FR\",\"potentialAction\":[{\"@type\":\"ReadAction\",\"target\":[\"https:\/\/www.ronboplastic.com\/ru\/%d0%bf%d1%80%d0%be%d0%b4%d1%83%d0%ba%d1%82\/plastic-flower-pot-with-drainage-hole\/\"]}]},{\"@type\":\"ImageObject\",\"inLanguage\":\"fr-FR\",\"@id\":\"https:\/\/www.ronboplastic.com\/ru\/%d0%bf%d1%80%d0%be%d0%b4%d1%83%d0%ba%d1%82\/plastic-flower-pot-with-drainage-hole\/#primaryimage\",\"url\":\"https:\/\/www.ronboplastic.com\/wp-content\/uploads\/2025\/09\/1-13.jpg\",\"contentUrl\":\"https:\/\/www.ronboplastic.com\/wp-content\/uploads\/2025\/09\/1-13.jpg\",\"width\":800,\"height\":800,\"caption\":\"garden pots for plants\"},{\"@type\":\"BreadcrumbList\",\"@id\":\"https:\/\/www.ronboplastic.com\/ru\/%d0%bf%d1%80%d0%be%d0%b4%d1%83%d0%ba%d1%82\/plastic-flower-pot-with-drainage-hole\/#breadcrumb\",\"itemListElement\":[{\"@type\":\"ListItem\",\"position\":1,\"name\":\"\u9996\u9875\",\"item\":\"https:\/\/www.ronboplastic.com\/\"},{\"@type\":\"ListItem\",\"position\":2,\"name\":\"Products\",\"item\":\"http:\/\/www.ronboplastic.com\/products\/\"},{\"@type\":\"ListItem\",\"position\":3,\"name\":\"Plastic Flower Pot with Drainage Hole\"}]},{\"@type\":\"WebSite\",\"@id\":\"https:\/\/www.ronboplastic.com\/#website\",\"url\":\"https:\/\/www.ronboplastic.com\/\",\"name\":\"Ronbo Sunrise Pots &amp; Planters\",\"description\":\"Flower Pots &amp; Planters\",\"potentialAction\":[{\"@type\":\"SearchAction\",\"target\":{\"@type\":\"EntryPoint\",\"urlTemplate\":\"https:\/\/www.ronboplastic.com\/?s={search_term_string}\"},\"query-input\":{\"@type\":\"PropertyValueSpecification\",\"valueRequired\":true,\"valueName\":\"search_term_string\"}}],\"inLanguage\":\"fr-FR\"}]}<\/script>\n<!-- \/ Yoast SEO plugin. -->","yoast_head_json":{"title":"Plastic Flower Pot with Drainage Hole - Ronbo Sunrise Pots &amp; Planters","robots":{"index":"index","follow":"follow","max-snippet":"max-snippet:-1","max-image-preview":"max-image-preview:large","max-video-preview":"max-video-preview:-1"},"canonical":"https:\/\/www.ronboplastic.com\/fr\/produit\/pot-de-fleurs-en-plastique-avec-trou-de-drainage\/","og_locale":"fr_FR","og_type":"article","og_title":"Plastic Flower Pot with Drainage Hole - Ronbo Sunrise Pots &amp; Planters","og_description":"Our plastic flower pot is a stylish and eco-conscious choice for plant lovers, crafted to thrive indoors or outdoors. Built with durable, eco-friendly plastic, this pot complements any decor while withstanding all weather conditions.","og_url":"https:\/\/www.ronboplastic.com\/fr\/produit\/pot-de-fleurs-en-plastique-avec-trou-de-drainage\/","og_site_name":"Ronbo Sunrise Pots &amp; Planters","article_modified_time":"2025-09-08T06:20:43+00:00","og_image":[{"width":800,"height":800,"url":"https:\/\/www.ronboplastic.com\/wp-content\/uploads\/2025\/09\/1-13.jpg","type":"image\/jpeg"}],"twitter_card":"summary_large_image","twitter_misc":{"Dur\u00e9e de lecture estim\u00e9e":"1 minute"},"schema":{"@context":"https:\/\/schema.org","@graph":[{"@type":"WebPage","@id":"https:\/\/www.ronboplastic.com\/ru\/%d0%bf%d1%80%d0%be%d0%b4%d1%83%d0%ba%d1%82\/plastic-flower-pot-with-drainage-hole\/","url":"https:\/\/www.ronboplastic.com\/ru\/%d0%bf%d1%80%d0%be%d0%b4%d1%83%d0%ba%d1%82\/plastic-flower-pot-with-drainage-hole\/","name":"Plastic Flower Pot with Drainage Hole - Ronbo Sunrise Pots &amp; Planters","isPartOf":{"@id":"https:\/\/www.ronboplastic.com\/#website"},"primaryImageOfPage":{"@id":"https:\/\/www.ronboplastic.com\/ru\/%d0%bf%d1%80%d0%be%d0%b4%d1%83%d0%ba%d1%82\/plastic-flower-pot-with-drainage-hole\/#primaryimage"},"image":{"@id":"https:\/\/www.ronboplastic.com\/ru\/%d0%bf%d1%80%d0%be%d0%b4%d1%83%d0%ba%d1%82\/plastic-flower-pot-with-drainage-hole\/#primaryimage"},"thumbnailUrl":"https:\/\/www.ronboplastic.com\/wp-content\/uploads\/2025\/09\/1-13.jpg","datePublished":"2024-10-25T00:17:46+00:00","dateModified":"2025-09-08T06:20:43+00:00","breadcrumb":{"@id":"https:\/\/www.ronboplastic.com\/ru\/%d0%bf%d1%80%d0%be%d0%b4%d1%83%d0%ba%d1%82\/plastic-flower-pot-with-drainage-hole\/#breadcrumb"},"inLanguage":"fr-FR","potentialAction":[{"@type":"ReadAction","target":["https:\/\/www.ronboplastic.com\/ru\/%d0%bf%d1%80%d0%be%d0%b4%d1%83%d0%ba%d1%82\/plastic-flower-pot-with-drainage-hole\/"]}]},{"@type":"ImageObject","inLanguage":"fr-FR","@id":"https:\/\/www.ronboplastic.com\/ru\/%d0%bf%d1%80%d0%be%d0%b4%d1%83%d0%ba%d1%82\/plastic-flower-pot-with-drainage-hole\/#primaryimage","url":"https:\/\/www.ronboplastic.com\/wp-content\/uploads\/2025\/09\/1-13.jpg","contentUrl":"https:\/\/www.ronboplastic.com\/wp-content\/uploads\/2025\/09\/1-13.jpg","width":800,"height":800,"caption":"garden pots for plants"},{"@type":"BreadcrumbList","@id":"https:\/\/www.ronboplastic.com\/ru\/%d0%bf%d1%80%d0%be%d0%b4%d1%83%d0%ba%d1%82\/plastic-flower-pot-with-drainage-hole\/#breadcrumb","itemListElement":[{"@type":"ListItem","position":1,"name":"\u9996\u9875","item":"https:\/\/www.ronboplastic.com\/"},{"@type":"ListItem","position":2,"name":"Products","item":"http:\/\/www.ronboplastic.com\/products\/"},{"@type":"ListItem","position":3,"name":"Plastic Flower Pot with Drainage Hole"}]},{"@type":"WebSite","@id":"https:\/\/www.ronboplastic.com\/#website","url":"https:\/\/www.ronboplastic.com\/","name":"Ronbo Sunrise Pots &amp; Planters","description":"Pots de fleurs et jardini\u00e8res","potentialAction":[{"@type":"SearchAction","target":{"@type":"EntryPoint","urlTemplate":"https:\/\/www.ronboplastic.com\/?s={search_term_string}"},"query-input":{"@type":"PropertyValueSpecification","valueRequired":true,"valueName":"search_term_string"}}],"inLanguage":"fr-FR"}]}},"_links":{"self":[{"href":"http:\/\/www.ronboplastic.com\/fr\/wp-json\/wp\/v2\/product\/9379","targetHints":{"allow":["GET"]}}],"collection":[{"href":"http:\/\/www.ronboplastic.com\/fr\/wp-json\/wp\/v2\/product"}],"about":[{"href":"http:\/\/www.ronboplastic.com\/fr\/wp-json\/wp\/v2\/types\/product"}],"replies":[{"embeddable":true,"href":"http:\/\/www.ronboplastic.com\/fr\/wp-json\/wp\/v2\/comments?post=9379"}],"wp:featuredmedia":[{"embeddable":true,"href":"http:\/\/www.ronboplastic.com\/fr\/wp-json\/wp\/v2\/media\/9380"}],"wp:attachment":[{"href":"http:\/\/www.ronboplastic.com\/fr\/wp-json\/wp\/v2\/media?parent=9379"}],"wp:term":[{"taxonomy":"product_brand","embeddable":true,"href":"http:\/\/www.ronboplastic.com\/fr\/wp-json\/wp\/v2\/product_brand?post=9379"},{"taxonomy":"product_cat","embeddable":true,"href":"http:\/\/www.ronboplastic.com\/fr\/wp-json\/wp\/v2\/product_cat?post=9379"},{"taxonomy":"product_tag","embeddable":true,"href":"http:\/\/www.ronboplastic.com\/fr\/wp-json\/wp\/v2\/product_tag?post=9379"}],"curies":[{"name":"wp","href":"https:\/\/api.w.org\/{rel}","templated":true}]}}